{"id":851,"date":"2024-02-11T00:13:27","date_gmt":"2024-02-10T22:13:27","guid":{"rendered":"https:\/\/eskadalys.lt\/?post_type=product&#038;p=851"},"modified":"2026-04-22T16:28:01","modified_gmt":"2026-04-22T13:28:01","slug":"oljefilter-cva-3","status":"publish","type":"product","link":"https:\/\/eskadalys.lt\/sv\/product\/tepalo-filtras-cva-3\/","title":{"rendered":"Oljefilter CVA \u2013 7W2326"},"content":{"rendered":"<p><strong>Oljefilter CVA \u2013 7W2326<\/strong><br \/>\nM\u00e5tt:<br \/>\nYtterdiameter: 96, 90 mm,<br \/>\nInnerdiameter: 18,30 mm,<br \/>\nH\u00f6jd 165 mm,<br \/>\n<strong>L\u00e4mplig f\u00f6r:<\/strong> CAT, Gr\u00e4vlastare, 414E, 416B, 416C, 416D, 416E, 416F, 420D, 420E, 420F, 422E, 422F, 424D, 426, 426B, 426C, 428, 428B, 428C, 428D, 428E, 428F, 430D, 430E, 430F, 432D, 432E, 432F, 434E, 436, 436B, 436C, 438, 438B, 438C, 438D, 442D, 442E, 444E, 446, 446B, 446D, 450E, Motor, 3054, 3056, Bandgr\u00e4vmaskin, M312, M313C, M313D, M315D, 312, 312B, 312C, 315, 315B, 317, 317B, Hjullastare, Teleskoplastare, TH62, TH63, TH82, TH83, TH103, TH210, TH215, TH220B, TH330B, TH340B, TH350B, TH355B, TH460B, TH560B, TH580B, Bulldozer, D3K, D3K2, D4K, D4K2, D5K, D5K2, 908, 914G, 914G2, 450F, TH337C, TH407C, TH406C, TH336C, Hjulgr\u00e4vmaskin, 914K, 910K, 444F, 434F, M314F, M315F, M316F, M317F, M323F, M317, 910M, 914M, 918M, 428F2, 444F2, 432F2, M317, 432F2, 430F2<br \/>\n<strong>OE-nummer::<\/strong> 7W2326, P554407, SP4384, BT237, OP574\/1, W 950\/7, 0 451 203 010, OC42, SO242, 51459E, 1700590<br \/>\n7W-2326<\/p>\n<h3>\ud83d\udd0d Letar efter en annan produkt fr\u00e5n kategorin <a href=\"https:\/\/eskadalys.lt\/sv\/produktkategori-sv\/filter-oljor-smorjmedel\/oljefilter\/\">Oljefilter<\/a> ?<\/h3>\n<h3>\ud83d\udee0\ufe0f CAT-delar \u2013 du kan hitta fler av dem <a href=\"https:\/\/eskadalys.lt\/sv\/produktkategori-sv\/filter-oljor-smorjmedel\/%26quot%3b\/\">Filter\/oljor\/sm\u00f6rjmedel<\/a> i kategorin.<\/h3>\n<p>Om du \u00e4r os\u00e4ker p\u00e5 om den h\u00e4r delen passar din maskin, <strong>V\u00e4nligen skicka oss fordonets serienummer (VIN) innan du k\u00f6per.<\/strong>. Vi kommer att kontrollera kompatibiliteten med hj\u00e4lp av katalogerna och <strong>Vi kommer att erbjuda r\u00e4tt del<\/strong>. Om du inte hittar den del du beh\u00f6ver, skriv till oss \u2013 vi hj\u00e4lper dig att hitta den!<\/p>\n<p><strong>\ud83d\udce6 Lager i Litauen<\/strong> \u2013 best\u00e4llningar som g\u00f6rs f\u00f6re kl. 14.00 skickas samma dag.<\/p>\n<p><strong>\ud83d\ude80 Snabb leverans<\/strong> \u2013 best\u00e4llda varor som vi f\u00f6r n\u00e4rvarande inte har i lager levereras inom 3-4 arbetsdagar.<\/p>\n<p><strong>\ud83d\udcc8 Brett utbud<\/strong> \u2013 vi ut\u00f6kar st\u00e4ndigt v\u00e5rt produktsortiment.<\/p>","protected":false},"excerpt":{"rendered":"<p>7W2326 CVA<\/p>","protected":false},"featured_media":93357,"template":"","meta":{"site-sidebar-layout":"default","site-content-layout":"","ast-site-content-layout":"default","site-content-style":"default","site-sidebar-style":"default","ast-global-header-display":"","ast-banner-title-visibility":"","ast-main-header-display":"","ast-hfb-above-header-display":"","ast-hfb-below-header-display":"","ast-hfb-mobile-header-display":"","site-post-title":"","ast-breadcrumbs-content":"","ast-featured-img":"","footer-sml-layout":"","ast-disable-related-posts":"","theme-transparent-header-meta":"default","adv-header-id-meta":"","stick-header-meta":"","header-above-stick-meta":"","header-main-stick-meta":"","header-below-stick-meta":"","astra-migrate-meta-layouts":"set","ast-page-background-enabled":"default","ast-page-background-meta":{"desktop":{"background-color":"","background-image":"","background-repeat":"repeat","background-position":"center center","background-size":"auto","background-attachment":"scroll","background-type":"","background-media":"","overlay-type":"","overlay-color":"","overlay-opacity":"","overlay-gradient":""},"tablet":{"background-color":"","background-image":"","background-repeat":"repeat","background-position":"center center","background-size":"auto","background-attachment":"scroll","background-type":"","background-media":"","overlay-type":"","overlay-color":"","overlay-opacity":"","overlay-gradient":""},"mobile":{"background-color":"","background-image":"","background-repeat":"repeat","background-position":"center center","background-size":"auto","background-attachment":"scroll","background-type":"","background-media":"","overlay-type":"","overlay-color":"","overlay-opacity":"","overlay-gradient":""}},"ast-content-background-meta":{"desktop":{"background-color":"var(--ast-global-color-5)","background-image":"","background-repeat":"repeat","background-position":"center center","background-size":"auto","background-attachment":"scroll","background-type":"","background-media":"","overlay-type":"","overlay-color":"","overlay-opacity":"","overlay-gradient":""},"tablet":{"background-color":"var(--ast-global-color-5)","background-image":"","background-repeat":"repeat","background-position":"center center","background-size":"auto","background-attachment":"scroll","background-type":"","background-media":"","overlay-type":"","overlay-color":"","overlay-opacity":"","overlay-gradient":""},"mobile":{"background-color":"var(--ast-global-color-5)","background-image":"","background-repeat":"repeat","background-position":"center center","background-size":"auto","background-attachment":"scroll","background-type":"","background-media":"","overlay-type":"","overlay-color":"","overlay-opacity":"","overlay-gradient":""}}},"product_brand":[],"product_cat":[797],"product_tag":[],"class_list":{"0":"post-851","1":"product","2":"type-product","3":"status-publish","4":"has-post-thumbnail","6":"product_cat-tepalu-filtrai","7":"desktop-align-left","8":"tablet-align-left","9":"mobile-align-left","11":"first","12":"instock","13":"featured","14":"taxable","15":"shipping-taxable","16":"purchasable","17":"product-type-simple"},"yoast_head":"<!-- This site is optimized with the Yoast SEO plugin v27.5 - https:\/\/yoast.com\/product\/yoast-seo-wordpress\/ -->\n<title>Tepalo filtras CVA - 7W2326 | Gera kaina | Greitas pristatymas | Eska dalys<\/title>\n<meta name=\"description\" content=\"Tepalo filtras - 7W2326 Matmenys: I\u0161orinis skersmuo: 96, 90 mm, Vidinis skersmuo: 18, 30 mm, Auk\u0161tis 165 mm, Tinka: CAT, Ekskavatorius krautuvas, 414E, 416B, 416C, 416D, 416E, 416F, 420D, 420E, 420F, 422E, 422F, 424D, 426, 426B, 426C, 428, 428B, 428C, 428D, 428E, 428F, 430D, 430E, 430F, 432D, 432E, 432F, 434E, 436, 436B, 436C, 438, 438B, 438C, 438D, 442D, 442E, 444E, 446, 446B, 446D, 450E, Variklis, 3054, 3056, Vik\u0161rinis ekskavatorius, M312, M313C, M313D, M315D, 312, 312B, 312C, 315, 315B, 317, 317B, Frontalinis krautuvas, Teleskopiniai krautuvai, TH62, TH63, TH82, TH83, TH103, TH210, TH215, TH220B, TH330B, TH340B, TH350B, TH355B, TH460B, TH560B, TH580B, Buldozeris, D3K, D3K2, D4K, D4K2, D5K, D5K2, 908, 914G, 914G2, 450F, TH337C, TH407C, TH406C, TH336C, Ratinis ekskavatorius, 914K, 910K, 444F, 434F, M314F, M315F, M316F, M317F, M323F, M317, 910M, 914M, 918M, 428F2, 444F2, 432F2, M317, 432F2, 430F2 OE numeriai: 7W2326, P554407, SP4384, BT237, OP574\/1, W 950\/7, 0 451 203 010, OC42, SO242, 51459E, 1700590\" \/>\n<meta name=\"robots\" content=\"index, follow, max-snippet:-1, max-image-preview:large, max-video-preview:-1\" \/>\n<link rel=\"canonical\" href=\"https:\/\/eskadalys.lt\/sv\/produkt-sv\/oljefilter-cva-3\/\" \/>\n<meta property=\"og:locale\" content=\"sv_SE\" \/>\n<meta property=\"og:type\" content=\"article\" \/>\n<meta property=\"og:title\" content=\"Tepalo filtras CVA - 7W2326 | Gera kaina | Greitas pristatymas | Eska dalys\" \/>\n<meta property=\"og:description\" content=\"Tepalo filtras - 7W2326 Matmenys: I\u0161orinis skersmuo: 96, 90 mm, Vidinis skersmuo: 18, 30 mm, Auk\u0161tis 165 mm, Tinka: CAT, Ekskavatorius krautuvas, 414E, 416B, 416C, 416D, 416E, 416F, 420D, 420E, 420F, 422E, 422F, 424D, 426, 426B, 426C, 428, 428B, 428C, 428D, 428E, 428F, 430D, 430E, 430F, 432D, 432E, 432F, 434E, 436, 436B, 436C, 438, 438B, 438C, 438D, 442D, 442E, 444E, 446, 446B, 446D, 450E, Variklis, 3054, 3056, Vik\u0161rinis ekskavatorius, M312, M313C, M313D, M315D, 312, 312B, 312C, 315, 315B, 317, 317B, Frontalinis krautuvas, Teleskopiniai krautuvai, TH62, TH63, TH82, TH83, TH103, TH210, TH215, TH220B, TH330B, TH340B, TH350B, TH355B, TH460B, TH560B, TH580B, Buldozeris, D3K, D3K2, D4K, D4K2, D5K, D5K2, 908, 914G, 914G2, 450F, TH337C, TH407C, TH406C, TH336C, Ratinis ekskavatorius, 914K, 910K, 444F, 434F, M314F, M315F, M316F, M317F, M323F, M317, 910M, 914M, 918M, 428F2, 444F2, 432F2, M317, 432F2, 430F2 OE numeriai: 7W2326, P554407, SP4384, BT237, OP574\/1, W 950\/7, 0 451 203 010, OC42, SO242, 51459E, 1700590\" \/>\n<meta property=\"og:url\" content=\"https:\/\/eskadalys.lt\/sv\/produkt-sv\/oljefilter-cva-3\/\" \/>\n<meta property=\"og:site_name\" content=\"Eska dalys\" \/>\n<meta property=\"article:publisher\" content=\"https:\/\/www.facebook.com\/profile.php?id=61556005720456\" \/>\n<meta property=\"article:modified_time\" content=\"2026-04-22T13:28:01+00:00\" \/>\n<meta property=\"og:image\" content=\"https:\/\/eskadalys.lt\/wp-content\/uploads\/2024\/02\/cat-428-bcde-filtr-oleju-silnika-7w2326-20240121-115029-scaled-1.jpg?v=1714951548\" \/>\n\t<meta property=\"og:image:width\" content=\"1600\" \/>\n\t<meta property=\"og:image:height\" content=\"1414\" \/>\n\t<meta property=\"og:image:type\" content=\"image\/jpeg\" \/>\n<script type=\"application\/ld+json\" class=\"yoast-schema-graph\">{\"@context\":\"https:\\\/\\\/schema.org\",\"@graph\":[{\"@type\":\"WebPage\",\"@id\":\"https:\\\/\\\/eskadalys.lt\\\/product\\\/tepalo-filtras-cva-3\\\/\",\"url\":\"https:\\\/\\\/eskadalys.lt\\\/product\\\/tepalo-filtras-cva-3\\\/\",\"name\":\"Tepalo filtras CVA - 7W2326 | Gera kaina | Greitas pristatymas | Eska dalys\",\"isPartOf\":{\"@id\":\"https:\\\/\\\/eskadalys.lt\\\/#website\"},\"primaryImageOfPage\":{\"@id\":\"https:\\\/\\\/eskadalys.lt\\\/product\\\/tepalo-filtras-cva-3\\\/#primaryimage\"},\"image\":{\"@id\":\"https:\\\/\\\/eskadalys.lt\\\/product\\\/tepalo-filtras-cva-3\\\/#primaryimage\"},\"thumbnailUrl\":\"https:\\\/\\\/eskadalys.lt\\\/wp-content\\\/uploads\\\/2024\\\/02\\\/cat-428-bcde-filtr-oleju-silnika-7w2326-20240121-115029-scaled-1.jpg?v=1714951548\",\"datePublished\":\"2024-02-10T22:13:27+00:00\",\"dateModified\":\"2026-04-22T13:28:01+00:00\",\"description\":\"Tepalo filtras - 7W2326 Matmenys: I\u0161orinis skersmuo: 96, 90 mm, Vidinis skersmuo: 18, 30 mm, Auk\u0161tis 165 mm, Tinka: CAT, Ekskavatorius krautuvas, 414E, 416B, 416C, 416D, 416E, 416F, 420D, 420E, 420F, 422E, 422F, 424D, 426, 426B, 426C, 428, 428B, 428C, 428D, 428E, 428F, 430D, 430E, 430F, 432D, 432E, 432F, 434E, 436, 436B, 436C, 438, 438B, 438C, 438D, 442D, 442E, 444E, 446, 446B, 446D, 450E, Variklis, 3054, 3056, Vik\u0161rinis ekskavatorius, M312, M313C, M313D, M315D, 312, 312B, 312C, 315, 315B, 317, 317B, Frontalinis krautuvas, Teleskopiniai krautuvai, TH62, TH63, TH82, TH83, TH103, TH210, TH215, TH220B, TH330B, TH340B, TH350B, TH355B, TH460B, TH560B, TH580B, Buldozeris, D3K, D3K2, D4K, D4K2, D5K, D5K2, 908, 914G, 914G2, 450F, TH337C, TH407C, TH406C, TH336C, Ratinis ekskavatorius, 914K, 910K, 444F, 434F, M314F, M315F, M316F, M317F, M323F, M317, 910M, 914M, 918M, 428F2, 444F2, 432F2, M317, 432F2, 430F2 OE numeriai: 7W2326, P554407, SP4384, BT237, OP574\\\/1, W 950\\\/7, 0 451 203 010, OC42, SO242, 51459E, 1700590\",\"breadcrumb\":{\"@id\":\"https:\\\/\\\/eskadalys.lt\\\/product\\\/tepalo-filtras-cva-3\\\/#breadcrumb\"},\"inLanguage\":\"sv-SE\",\"potentialAction\":[{\"@type\":\"ReadAction\",\"target\":[\"https:\\\/\\\/eskadalys.lt\\\/product\\\/tepalo-filtras-cva-3\\\/\"]}]},{\"@type\":\"ImageObject\",\"inLanguage\":\"sv-SE\",\"@id\":\"https:\\\/\\\/eskadalys.lt\\\/product\\\/tepalo-filtras-cva-3\\\/#primaryimage\",\"url\":\"https:\\\/\\\/eskadalys.lt\\\/wp-content\\\/uploads\\\/2024\\\/02\\\/cat-428-bcde-filtr-oleju-silnika-7w2326-20240121-115029-scaled-1.jpg?v=1714951548\",\"contentUrl\":\"https:\\\/\\\/eskadalys.lt\\\/wp-content\\\/uploads\\\/2024\\\/02\\\/cat-428-bcde-filtr-oleju-silnika-7w2326-20240121-115029-scaled-1.jpg?v=1714951548\",\"width\":1600,\"height\":1414},{\"@type\":\"BreadcrumbList\",\"@id\":\"https:\\\/\\\/eskadalys.lt\\\/product\\\/tepalo-filtras-cva-3\\\/#breadcrumb\",\"itemListElement\":[{\"@type\":\"ListItem\",\"position\":1,\"name\":\"Strona g\u0142\u00f3wna\",\"item\":\"https:\\\/\\\/eskadalys.lt\\\/\"},{\"@type\":\"ListItem\",\"position\":2,\"name\":\"E-parduotuv\u0117\",\"item\":\"https:\\\/\\\/eskadalys.lt\\\/e-parduotuve\\\/\"},{\"@type\":\"ListItem\",\"position\":3,\"name\":\"Tepalo filtras CVA &#8211; 7W2326\"}]},{\"@type\":\"WebSite\",\"@id\":\"https:\\\/\\\/eskadalys.lt\\\/#website\",\"url\":\"https:\\\/\\\/eskadalys.lt\\\/\",\"name\":\"Eska dalys\",\"description\":\"Ekskavatori\u0173 \\\/ mini ekskavatori\u0173 \\\/ buldozeri\u0173 dalys\",\"publisher\":{\"@id\":\"https:\\\/\\\/eskadalys.lt\\\/#organization\"},\"potentialAction\":[{\"@type\":\"SearchAction\",\"target\":{\"@type\":\"EntryPoint\",\"urlTemplate\":\"https:\\\/\\\/eskadalys.lt\\\/?s={search_term_string}\"},\"query-input\":{\"@type\":\"PropertyValueSpecification\",\"valueRequired\":true,\"valueName\":\"search_term_string\"}}],\"inLanguage\":\"sv-SE\"},{\"@type\":\"Organization\",\"@id\":\"https:\\\/\\\/eskadalys.lt\\\/#organization\",\"name\":\"Eska dalys\",\"url\":\"https:\\\/\\\/eskadalys.lt\\\/\",\"logo\":{\"@type\":\"ImageObject\",\"inLanguage\":\"sv-SE\",\"@id\":\"https:\\\/\\\/eskadalys.lt\\\/#\\\/schema\\\/logo\\\/image\\\/\",\"url\":\"https:\\\/\\\/eskadalys.lt\\\/wp-content\\\/uploads\\\/2024\\\/01\\\/LOGO-ESKA-FINAL.svg\",\"contentUrl\":\"https:\\\/\\\/eskadalys.lt\\\/wp-content\\\/uploads\\\/2024\\\/01\\\/LOGO-ESKA-FINAL.svg\",\"width\":259,\"height\":201,\"caption\":\"Eska dalys\"},\"image\":{\"@id\":\"https:\\\/\\\/eskadalys.lt\\\/#\\\/schema\\\/logo\\\/image\\\/\"},\"sameAs\":[\"https:\\\/\\\/www.facebook.com\\\/profile.php?id=61556005720456\"]}]}<\/script>\n<!-- \/ Yoast SEO plugin. -->","yoast_head_json":{"title":"Tepalo filtras CVA - 7W2326 | Gera kaina | Greitas pristatymas | Eska dalys","description":"Oljefilter - 7W2326 M\u00e5tt: Ytterdiameter: 96, 90 mm, Innerdiameter: 18, 30 mm, H\u00f6jd 165 mm, Passar: CAT, Gr\u00e4vlastare, 414E, 416B, 416C, 416D, 416E, 416F, 420D, 420E, 420F, 422E, 422F, 424D, 426, 426B, 426C, 428, 428B, 428C, 428D, 428E, 428F, 430D, 430E, 430F, 432D, 432E, 432F, 434E, 436, 436B, 436C, 438, 438B, 438C, 438D, 442D, 442E, 444E, 446, 446B, 446D, 450E, Motor, 3054, 3056, Bandgr\u00e4vmaskin, M312, M313C, M313D, M315D, 312, 312B, 312C, 315, 315B, 317, 317B, Hjullastare, Teleskoplastare, TH62, TH63, TH82, TH83, TH103, TH210, TH215, TH220B, TH330B, TH340B, TH350B, TH355B, TH460B, TH560B, TH580B, Bulldozer, D3K, D3K2, D4K, D4K2, D5K, D5K2, 908, 914G, 914G2, 450F, TH337C, TH407C, TH406C, TH336C, Hjulgr\u00e4vmaskin, 914K, 910K, 444F, 434F, M314F, M315F, M316F, M317F, M323F, M317, 910M, 914M, 918M, 428F2, 444F2, 432F2, M317, 432F2, 430F2 OE-nummer: 7W2326, P554407, SP4384, BT237, OP574\/1, W 950\/7, 0 451 203 010, OC42, SO242, 51459E, 1700590","robots":{"index":"index","follow":"follow","max-snippet":"max-snippet:-1","max-image-preview":"max-image-preview:large","max-video-preview":"max-video-preview:-1"},"canonical":"https:\/\/eskadalys.lt\/sv\/produkt-sv\/oljefilter-cva-3\/","og_locale":"sv_SE","og_type":"article","og_title":"Tepalo filtras CVA - 7W2326 | Gera kaina | Greitas pristatymas | Eska dalys","og_description":"Tepalo filtras - 7W2326 Matmenys: I\u0161orinis skersmuo: 96, 90 mm, Vidinis skersmuo: 18, 30 mm, Auk\u0161tis 165 mm, Tinka: CAT, Ekskavatorius krautuvas, 414E, 416B, 416C, 416D, 416E, 416F, 420D, 420E, 420F, 422E, 422F, 424D, 426, 426B, 426C, 428, 428B, 428C, 428D, 428E, 428F, 430D, 430E, 430F, 432D, 432E, 432F, 434E, 436, 436B, 436C, 438, 438B, 438C, 438D, 442D, 442E, 444E, 446, 446B, 446D, 450E, Variklis, 3054, 3056, Vik\u0161rinis ekskavatorius, M312, M313C, M313D, M315D, 312, 312B, 312C, 315, 315B, 317, 317B, Frontalinis krautuvas, Teleskopiniai krautuvai, TH62, TH63, TH82, TH83, TH103, TH210, TH215, TH220B, TH330B, TH340B, TH350B, TH355B, TH460B, TH560B, TH580B, Buldozeris, D3K, D3K2, D4K, D4K2, D5K, D5K2, 908, 914G, 914G2, 450F, TH337C, TH407C, TH406C, TH336C, Ratinis ekskavatorius, 914K, 910K, 444F, 434F, M314F, M315F, M316F, M317F, M323F, M317, 910M, 914M, 918M, 428F2, 444F2, 432F2, M317, 432F2, 430F2 OE numeriai: 7W2326, P554407, SP4384, BT237, OP574\/1, W 950\/7, 0 451 203 010, OC42, SO242, 51459E, 1700590","og_url":"https:\/\/eskadalys.lt\/sv\/produkt-sv\/oljefilter-cva-3\/","og_site_name":"Eska dalys","article_publisher":"https:\/\/www.facebook.com\/profile.php?id=61556005720456","article_modified_time":"2026-04-22T13:28:01+00:00","og_image":[{"width":1600,"height":1414,"url":"https:\/\/eskadalys.lt\/wp-content\/uploads\/2024\/02\/cat-428-bcde-filtr-oleju-silnika-7w2326-20240121-115029-scaled-1.jpg?v=1714951548","type":"image\/jpeg"}],"schema":{"@context":"https:\/\/schema.org","@graph":[{"@type":"WebPage","@id":"https:\/\/eskadalys.lt\/product\/tepalo-filtras-cva-3\/","url":"https:\/\/eskadalys.lt\/product\/tepalo-filtras-cva-3\/","name":"Tepalo filtras CVA - 7W2326 | Gera kaina | Greitas pristatymas | Eska dalys","isPartOf":{"@id":"https:\/\/eskadalys.lt\/#website"},"primaryImageOfPage":{"@id":"https:\/\/eskadalys.lt\/product\/tepalo-filtras-cva-3\/#primaryimage"},"image":{"@id":"https:\/\/eskadalys.lt\/product\/tepalo-filtras-cva-3\/#primaryimage"},"thumbnailUrl":"https:\/\/eskadalys.lt\/wp-content\/uploads\/2024\/02\/cat-428-bcde-filtr-oleju-silnika-7w2326-20240121-115029-scaled-1.jpg?v=1714951548","datePublished":"2024-02-10T22:13:27+00:00","dateModified":"2026-04-22T13:28:01+00:00","description":"Oljefilter - 7W2326 M\u00e5tt: Ytterdiameter: 96, 90 mm, Innerdiameter: 18, 30 mm, H\u00f6jd 165 mm, Passar: CAT, Gr\u00e4vlastare, 414E, 416B, 416C, 416D, 416E, 416F, 420D, 420E, 420F, 422E, 422F, 424D, 426, 426B, 426C, 428, 428B, 428C, 428D, 428E, 428F, 430D, 430E, 430F, 432D, 432E, 432F, 434E, 436, 436B, 436C, 438, 438B, 438C, 438D, 442D, 442E, 444E, 446, 446B, 446D, 450E, Motor, 3054, 3056, Bandgr\u00e4vmaskin, M312, M313C, M313D, M315D, 312, 312B, 312C, 315, 315B, 317, 317B, Hjullastare, Teleskoplastare, TH62, TH63, TH82, TH83, TH103, TH210, TH215, TH220B, TH330B, TH340B, TH350B, TH355B, TH460B, TH560B, TH580B, Bulldozer, D3K, D3K2, D4K, D4K2, D5K, D5K2, 908, 914G, 914G2, 450F, TH337C, TH407C, TH406C, TH336C, Hjulgr\u00e4vmaskin, 914K, 910K, 444F, 434F, M314F, M315F, M316F, M317F, M323F, M317, 910M, 914M, 918M, 428F2, 444F2, 432F2, M317, 432F2, 430F2 OE-nummer: 7W2326, P554407, SP4384, BT237, OP574\/1, W 950\/7, 0 451 203 010, OC42, SO242, 51459E, 1700590","breadcrumb":{"@id":"https:\/\/eskadalys.lt\/product\/tepalo-filtras-cva-3\/#breadcrumb"},"inLanguage":"sv-SE","potentialAction":[{"@type":"ReadAction","target":["https:\/\/eskadalys.lt\/product\/tepalo-filtras-cva-3\/"]}]},{"@type":"ImageObject","inLanguage":"sv-SE","@id":"https:\/\/eskadalys.lt\/product\/tepalo-filtras-cva-3\/#primaryimage","url":"https:\/\/eskadalys.lt\/wp-content\/uploads\/2024\/02\/cat-428-bcde-filtr-oleju-silnika-7w2326-20240121-115029-scaled-1.jpg?v=1714951548","contentUrl":"https:\/\/eskadalys.lt\/wp-content\/uploads\/2024\/02\/cat-428-bcde-filtr-oleju-silnika-7w2326-20240121-115029-scaled-1.jpg?v=1714951548","width":1600,"height":1414},{"@type":"BreadcrumbList","@id":"https:\/\/eskadalys.lt\/product\/tepalo-filtras-cva-3\/#breadcrumb","itemListElement":[{"@type":"ListItem","position":1,"name":"Strona g\u0142\u00f3wna","item":"https:\/\/eskadalys.lt\/"},{"@type":"ListItem","position":2,"name":"E-parduotuv\u0117","item":"https:\/\/eskadalys.lt\/e-parduotuve\/"},{"@type":"ListItem","position":3,"name":"Tepalo filtras CVA &#8211; 7W2326"}]},{"@type":"WebSite","@id":"https:\/\/eskadalys.lt\/#website","url":"https:\/\/eskadalys.lt\/","name":"Eska parts","description":"Reservdelar till gr\u00e4vmaskin\/minigr\u00e4vmaskin\/bulldozer","publisher":{"@id":"https:\/\/eskadalys.lt\/#organization"},"potentialAction":[{"@type":"SearchAction","target":{"@type":"EntryPoint","urlTemplate":"https:\/\/eskadalys.lt\/?s={search_term_string}"},"query-input":{"@type":"PropertyValueSpecification","valueRequired":true,"valueName":"search_term_string"}}],"inLanguage":"sv-SE"},{"@type":"Organization","@id":"https:\/\/eskadalys.lt\/#organization","name":"Eska parts","url":"https:\/\/eskadalys.lt\/","logo":{"@type":"ImageObject","inLanguage":"sv-SE","@id":"https:\/\/eskadalys.lt\/#\/schema\/logo\/image\/","url":"https:\/\/eskadalys.lt\/wp-content\/uploads\/2024\/01\/LOGO-ESKA-FINAL.svg","contentUrl":"https:\/\/eskadalys.lt\/wp-content\/uploads\/2024\/01\/LOGO-ESKA-FINAL.svg","width":259,"height":201,"caption":"Eska dalys"},"image":{"@id":"https:\/\/eskadalys.lt\/#\/schema\/logo\/image\/"},"sameAs":["https:\/\/www.facebook.com\/profile.php?id=61556005720456"]}]}},"_links":{"self":[{"href":"https:\/\/eskadalys.lt\/sv\/wp-json\/wp\/v2\/product\/851","targetHints":{"allow":["GET"]}}],"collection":[{"href":"https:\/\/eskadalys.lt\/sv\/wp-json\/wp\/v2\/product"}],"about":[{"href":"https:\/\/eskadalys.lt\/sv\/wp-json\/wp\/v2\/types\/product"}],"wp:featuredmedia":[{"embeddable":true,"href":"https:\/\/eskadalys.lt\/sv\/wp-json\/wp\/v2\/media\/93357"}],"wp:attachment":[{"href":"https:\/\/eskadalys.lt\/sv\/wp-json\/wp\/v2\/media?parent=851"}],"wp:term":[{"taxonomy":"product_brand","embeddable":true,"href":"https:\/\/eskadalys.lt\/sv\/wp-json\/wp\/v2\/product_brand?post=851"},{"taxonomy":"product_cat","embeddable":true,"href":"https:\/\/eskadalys.lt\/sv\/wp-json\/wp\/v2\/product_cat?post=851"},{"taxonomy":"product_tag","embeddable":true,"href":"https:\/\/eskadalys.lt\/sv\/wp-json\/wp\/v2\/product_tag?post=851"}],"curies":[{"name":"wp","href":"https:\/\/api.w.org\/{rel}","templated":true}]}}