{"id":7835,"date":"2024-02-11T09:37:39","date_gmt":"2024-02-11T07:37:39","guid":{"rendered":"https:\/\/eskadalys.lt\/?post_type=product&#038;p=7835"},"modified":"2026-04-22T16:37:51","modified_gmt":"2026-04-22T13:37:51","slug":"original-kamremspackning","status":"publish","type":"product","link":"https:\/\/eskadalys.lt\/sv\/product\/paskirstymo-tarpiklis-originalas\/","title":{"rendered":"Kamremspackning Original \u2013 2268766"},"content":{"rendered":"<p><strong>Kamremspackning Original \u2013 2268766<\/strong><br \/>\n<strong>L\u00e4mplig f\u00f6r:<\/strong> CAT, Gr\u00e4vlastare, 450E, Bandgr\u00e4vmaskin, M313C, M313D, M315, M315C, M315D, M316D, M318D, M322D, 315C, Hjullastare, Bandlastare, Teleskoplastare, TH210, TH215, TH220B, TH330B, TH340B, TH350B, TH355B, TH460B, TH560B, TH580B, 953D, 963D, Bulldozer, D3K, D4K, D5K, D6K, D6N, 924H, 924HZ, 924K, 928H, 928HZ, 930K, 938K, 950 \/ , TH337C, TH407C, TH406C, TH336C, Hjulgr\u00e4vmaskin, M317, M317<\/p>\n<p>226-8766<\/p>\n<h3>\ud83d\udd0d Letar efter en annan produkt fr\u00e5n kategorin <a href=\"https:\/\/eskadalys.lt\/sv\/produktkategori-sv\/motordelar\/oljetatningar-motor\/\">Oljet\u00e4tningar, packningar, ringar<\/a> ?<\/h3>\n<h3>\ud83d\udee0\ufe0f CAT-delar \u2013 du kan hitta fler av dem <a href=\"https:\/\/eskadalys.lt\/sv\/produktkategori-sv\/motordelar\/\">Motordelar<\/a> i kategorin.<\/h3>\n<p>Om du \u00e4r os\u00e4ker p\u00e5 om den h\u00e4r delen passar din maskin, <strong>V\u00e4nligen skicka oss fordonets serienummer (VIN) innan du k\u00f6per.<\/strong>. Vi kommer att kontrollera kompatibiliteten med hj\u00e4lp av katalogerna och <strong>Vi kommer att erbjuda r\u00e4tt del<\/strong>. Om du inte hittar den del du beh\u00f6ver, skriv till oss \u2013 vi hj\u00e4lper dig att hitta den!<\/p>\n<p><strong>\ud83d\udce6 Lager i Litauen<\/strong> \u2013 best\u00e4llningar som g\u00f6rs f\u00f6re kl. 14.00 skickas samma dag.<\/p>\n<p><strong>\ud83d\ude80 Snabb leverans<\/strong> \u2013 best\u00e4llda varor som vi f\u00f6r n\u00e4rvarande inte har i lager levereras inom 3-4 arbetsdagar.<\/p>\n<p><strong>\ud83d\udcc8 Brett utbud<\/strong> \u2013 vi ut\u00f6kar st\u00e4ndigt v\u00e5rt produktsortiment.<\/p>","protected":false},"excerpt":{"rendered":"<p>2268766 G<\/p>","protected":false},"featured_media":108582,"template":"","meta":{"site-sidebar-layout":"default","site-content-layout":"","ast-site-content-layout":"default","site-content-style":"default","site-sidebar-style":"default","ast-global-header-display":"","ast-banner-title-visibility":"","ast-main-header-display":"","ast-hfb-above-header-display":"","ast-hfb-below-header-display":"","ast-hfb-mobile-header-display":"","site-post-title":"","ast-breadcrumbs-content":"","ast-featured-img":"","footer-sml-layout":"","ast-disable-related-posts":"","theme-transparent-header-meta":"","adv-header-id-meta":"","stick-header-meta":"","header-above-stick-meta":"","header-main-stick-meta":"","header-below-stick-meta":"","astra-migrate-meta-layouts":"default","ast-page-background-enabled":"default","ast-page-background-meta":{"desktop":{"background-color":"","background-image":"","background-repeat":"repeat","background-position":"center center","background-size":"auto","background-attachment":"scroll","background-type":"","background-media":"","overlay-type":"","overlay-color":"","overlay-opacity":"","overlay-gradient":""},"tablet":{"background-color":"","background-image":"","background-repeat":"repeat","background-position":"center center","background-size":"auto","background-attachment":"scroll","background-type":"","background-media":"","overlay-type":"","overlay-color":"","overlay-opacity":"","overlay-gradient":""},"mobile":{"background-color":"","background-image":"","background-repeat":"repeat","background-position":"center center","background-size":"auto","background-attachment":"scroll","background-type":"","background-media":"","overlay-type":"","overlay-color":"","overlay-opacity":"","overlay-gradient":""}},"ast-content-background-meta":{"desktop":{"background-color":"var(--ast-global-color-5)","background-image":"","background-repeat":"repeat","background-position":"center center","background-size":"auto","background-attachment":"scroll","background-type":"","background-media":"","overlay-type":"","overlay-color":"","overlay-opacity":"","overlay-gradient":""},"tablet":{"background-color":"var(--ast-global-color-5)","background-image":"","background-repeat":"repeat","background-position":"center center","background-size":"auto","background-attachment":"scroll","background-type":"","background-media":"","overlay-type":"","overlay-color":"","overlay-opacity":"","overlay-gradient":""},"mobile":{"background-color":"var(--ast-global-color-5)","background-image":"","background-repeat":"repeat","background-position":"center center","background-size":"auto","background-attachment":"scroll","background-type":"","background-media":"","overlay-type":"","overlay-color":"","overlay-opacity":"","overlay-gradient":""}}},"product_brand":[],"product_cat":[782],"product_tag":[],"class_list":{"0":"post-7835","1":"product","2":"type-product","3":"status-publish","4":"has-post-thumbnail","6":"product_cat-rieboksliai-tarpines-ziedai-variklis","7":"desktop-align-left","8":"tablet-align-left","9":"mobile-align-left","11":"first","12":"outofstock","13":"taxable","14":"shipping-taxable","15":"purchasable","16":"product-type-simple"},"yoast_head":"<!-- This site is optimized with the Yoast SEO plugin v27.4 - https:\/\/yoast.com\/product\/yoast-seo-wordpress\/ -->\n<title>Paskirstymo tarpiklis Originalas - 2268766 | Gera kaina | Greitas pristatymas | Eska dalys<\/title>\n<meta name=\"description\" content=\"Paskirstymo tarpiklis Originalas - 2268766 G Tinka: CAT, Ekskavatorius krautuvas, 450E, Vik\u0161rinis ekskavatorius, M313C, M313D, M315, M315C, M315D, M316D, M318D, M322D, 315C, Frontalinis krautuvas, Vik\u0161rinis krautuvas, Teleskopiniai krautuvai, TH210, TH215, TH220B, TH330B, TH340B, TH350B, TH355B, TH460B, TH560B, TH580B, 953D, 963D, Buldozeris, D3K, D4K, D5K, D6K, D6N, 924H, 924HZ, 924K, 928H, 928HZ, 930K, 938K, 950 \/ , TH337C, TH407C, TH406C, TH336C, Ratinis ekskavatorius, M317, M317\" \/>\n<meta name=\"robots\" content=\"index, follow, max-snippet:-1, max-image-preview:large, max-video-preview:-1\" \/>\n<link rel=\"canonical\" href=\"https:\/\/eskadalys.lt\/sv\/produkt-sv\/original-kamremspackning\/\" \/>\n<meta property=\"og:locale\" content=\"sv_SE\" \/>\n<meta property=\"og:type\" content=\"article\" \/>\n<meta property=\"og:title\" content=\"Paskirstymo tarpiklis Originalas - 2268766 | Gera kaina | Greitas pristatymas | Eska dalys\" \/>\n<meta property=\"og:description\" content=\"Paskirstymo tarpiklis Originalas - 2268766 G Tinka: CAT, Ekskavatorius krautuvas, 450E, Vik\u0161rinis ekskavatorius, M313C, M313D, M315, M315C, M315D, M316D, M318D, M322D, 315C, Frontalinis krautuvas, Vik\u0161rinis krautuvas, Teleskopiniai krautuvai, TH210, TH215, TH220B, TH330B, TH340B, TH350B, TH355B, TH460B, TH560B, TH580B, 953D, 963D, Buldozeris, D3K, D4K, D5K, D6K, D6N, 924H, 924HZ, 924K, 928H, 928HZ, 930K, 938K, 950 \/ , TH337C, TH407C, TH406C, TH336C, Ratinis ekskavatorius, M317, M317\" \/>\n<meta property=\"og:url\" content=\"https:\/\/eskadalys.lt\/sv\/produkt-sv\/original-kamremspackning\/\" \/>\n<meta property=\"og:site_name\" content=\"Eska dalys\" \/>\n<meta property=\"article:publisher\" content=\"https:\/\/www.facebook.com\/profile.php?id=61556005720456\" \/>\n<meta property=\"article:modified_time\" content=\"2026-04-22T13:37:51+00:00\" \/>\n<meta property=\"og:image\" content=\"https:\/\/eskadalys.lt\/wp-content\/uploads\/2024\/02\/seal-3-20240121-201555.jpg?v=1714907361\" \/>\n\t<meta property=\"og:image:width\" content=\"1600\" \/>\n\t<meta property=\"og:image:height\" content=\"1370\" \/>\n\t<meta property=\"og:image:type\" content=\"image\/jpeg\" \/>\n<script type=\"application\/ld+json\" class=\"yoast-schema-graph\">{\"@context\":\"https:\\\/\\\/schema.org\",\"@graph\":[{\"@type\":\"WebPage\",\"@id\":\"https:\\\/\\\/eskadalys.lt\\\/product\\\/paskirstymo-tarpiklis-originalas\\\/\",\"url\":\"https:\\\/\\\/eskadalys.lt\\\/product\\\/paskirstymo-tarpiklis-originalas\\\/\",\"name\":\"Paskirstymo tarpiklis Originalas - 2268766 | Gera kaina | Greitas pristatymas | Eska dalys\",\"isPartOf\":{\"@id\":\"https:\\\/\\\/eskadalys.lt\\\/#website\"},\"primaryImageOfPage\":{\"@id\":\"https:\\\/\\\/eskadalys.lt\\\/product\\\/paskirstymo-tarpiklis-originalas\\\/#primaryimage\"},\"image\":{\"@id\":\"https:\\\/\\\/eskadalys.lt\\\/product\\\/paskirstymo-tarpiklis-originalas\\\/#primaryimage\"},\"thumbnailUrl\":\"https:\\\/\\\/eskadalys.lt\\\/wp-content\\\/uploads\\\/2024\\\/02\\\/seal-3-20240121-201555.jpg?v=1714907361\",\"datePublished\":\"2024-02-11T07:37:39+00:00\",\"dateModified\":\"2026-04-22T13:37:51+00:00\",\"description\":\"Paskirstymo tarpiklis Originalas - 2268766 G Tinka: CAT, Ekskavatorius krautuvas, 450E, Vik\u0161rinis ekskavatorius, M313C, M313D, M315, M315C, M315D, M316D, M318D, M322D, 315C, Frontalinis krautuvas, Vik\u0161rinis krautuvas, Teleskopiniai krautuvai, TH210, TH215, TH220B, TH330B, TH340B, TH350B, TH355B, TH460B, TH560B, TH580B, 953D, 963D, Buldozeris, D3K, D4K, D5K, D6K, D6N, 924H, 924HZ, 924K, 928H, 928HZ, 930K, 938K, 950 \\\/ , TH337C, TH407C, TH406C, TH336C, Ratinis ekskavatorius, M317, M317\",\"breadcrumb\":{\"@id\":\"https:\\\/\\\/eskadalys.lt\\\/product\\\/paskirstymo-tarpiklis-originalas\\\/#breadcrumb\"},\"inLanguage\":\"sv-SE\",\"potentialAction\":[{\"@type\":\"ReadAction\",\"target\":[\"https:\\\/\\\/eskadalys.lt\\\/product\\\/paskirstymo-tarpiklis-originalas\\\/\"]}]},{\"@type\":\"ImageObject\",\"inLanguage\":\"sv-SE\",\"@id\":\"https:\\\/\\\/eskadalys.lt\\\/product\\\/paskirstymo-tarpiklis-originalas\\\/#primaryimage\",\"url\":\"https:\\\/\\\/eskadalys.lt\\\/wp-content\\\/uploads\\\/2024\\\/02\\\/seal-3-20240121-201555.jpg?v=1714907361\",\"contentUrl\":\"https:\\\/\\\/eskadalys.lt\\\/wp-content\\\/uploads\\\/2024\\\/02\\\/seal-3-20240121-201555.jpg?v=1714907361\",\"width\":1600,\"height\":1370},{\"@type\":\"BreadcrumbList\",\"@id\":\"https:\\\/\\\/eskadalys.lt\\\/product\\\/paskirstymo-tarpiklis-originalas\\\/#breadcrumb\",\"itemListElement\":[{\"@type\":\"ListItem\",\"position\":1,\"name\":\"Strona g\u0142\u00f3wna\",\"item\":\"https:\\\/\\\/eskadalys.lt\\\/\"},{\"@type\":\"ListItem\",\"position\":2,\"name\":\"E-parduotuv\u0117\",\"item\":\"https:\\\/\\\/eskadalys.lt\\\/e-parduotuve\\\/\"},{\"@type\":\"ListItem\",\"position\":3,\"name\":\"Paskirstymo tarpiklis Originalas &#8211; 2268766\"}]},{\"@type\":\"WebSite\",\"@id\":\"https:\\\/\\\/eskadalys.lt\\\/#website\",\"url\":\"https:\\\/\\\/eskadalys.lt\\\/\",\"name\":\"Eska dalys\",\"description\":\"Ekskavatori\u0173 \\\/ mini ekskavatori\u0173 \\\/ buldozeri\u0173 dalys\",\"publisher\":{\"@id\":\"https:\\\/\\\/eskadalys.lt\\\/#organization\"},\"potentialAction\":[{\"@type\":\"SearchAction\",\"target\":{\"@type\":\"EntryPoint\",\"urlTemplate\":\"https:\\\/\\\/eskadalys.lt\\\/?s={search_term_string}\"},\"query-input\":{\"@type\":\"PropertyValueSpecification\",\"valueRequired\":true,\"valueName\":\"search_term_string\"}}],\"inLanguage\":\"sv-SE\"},{\"@type\":\"Organization\",\"@id\":\"https:\\\/\\\/eskadalys.lt\\\/#organization\",\"name\":\"Eska dalys\",\"url\":\"https:\\\/\\\/eskadalys.lt\\\/\",\"logo\":{\"@type\":\"ImageObject\",\"inLanguage\":\"sv-SE\",\"@id\":\"https:\\\/\\\/eskadalys.lt\\\/#\\\/schema\\\/logo\\\/image\\\/\",\"url\":\"https:\\\/\\\/eskadalys.lt\\\/wp-content\\\/uploads\\\/2024\\\/01\\\/LOGO-ESKA-FINAL.svg\",\"contentUrl\":\"https:\\\/\\\/eskadalys.lt\\\/wp-content\\\/uploads\\\/2024\\\/01\\\/LOGO-ESKA-FINAL.svg\",\"width\":259,\"height\":201,\"caption\":\"Eska dalys\"},\"image\":{\"@id\":\"https:\\\/\\\/eskadalys.lt\\\/#\\\/schema\\\/logo\\\/image\\\/\"},\"sameAs\":[\"https:\\\/\\\/www.facebook.com\\\/profile.php?id=61556005720456\"]}]}<\/script>\n<!-- \/ Yoast SEO plugin. -->","yoast_head_json":{"title":"Kamrem Original - 2268766 | Bra pris | Snabb leverans | Eska delar","description":"Kamrem Original - 2268766 G Passar: CAT, Gr\u00e4vlastare, 450E, Bandgr\u00e4vmaskin, M313C, M313D, M315, M315C, M315D, M316D, M318D, M322D, 315C, Hjullastare, Bandlastare, Teleskoplastare, TH210, TH215, TH220B, TH330B, TH340B, TH350B, TH355B, TH460B, TH560B, TH580B, 953D, 963D, Bulldozer, D3K, D4K, D5K, D6K, D6N, 924H, 924HZ, 924K, 928H, 928HZ, 930K, 938K, 950 \/ , TH337C, TH407C, TH406C, TH336C, Hjulgr\u00e4vmaskin, M317, M317","robots":{"index":"index","follow":"follow","max-snippet":"max-snippet:-1","max-image-preview":"max-image-preview:large","max-video-preview":"max-video-preview:-1"},"canonical":"https:\/\/eskadalys.lt\/sv\/produkt-sv\/original-kamremspackning\/","og_locale":"sv_SE","og_type":"article","og_title":"Paskirstymo tarpiklis Originalas - 2268766 | Gera kaina | Greitas pristatymas | Eska dalys","og_description":"Paskirstymo tarpiklis Originalas - 2268766 G Tinka: CAT, Ekskavatorius krautuvas, 450E, Vik\u0161rinis ekskavatorius, M313C, M313D, M315, M315C, M315D, M316D, M318D, M322D, 315C, Frontalinis krautuvas, Vik\u0161rinis krautuvas, Teleskopiniai krautuvai, TH210, TH215, TH220B, TH330B, TH340B, TH350B, TH355B, TH460B, TH560B, TH580B, 953D, 963D, Buldozeris, D3K, D4K, D5K, D6K, D6N, 924H, 924HZ, 924K, 928H, 928HZ, 930K, 938K, 950 \/ , TH337C, TH407C, TH406C, TH336C, Ratinis ekskavatorius, M317, M317","og_url":"https:\/\/eskadalys.lt\/sv\/produkt-sv\/original-kamremspackning\/","og_site_name":"Eska dalys","article_publisher":"https:\/\/www.facebook.com\/profile.php?id=61556005720456","article_modified_time":"2026-04-22T13:37:51+00:00","og_image":[{"width":1600,"height":1370,"url":"https:\/\/eskadalys.lt\/wp-content\/uploads\/2024\/02\/seal-3-20240121-201555.jpg?v=1714907361","type":"image\/jpeg"}],"schema":{"@context":"https:\/\/schema.org","@graph":[{"@type":"WebPage","@id":"https:\/\/eskadalys.lt\/product\/paskirstymo-tarpiklis-originalas\/","url":"https:\/\/eskadalys.lt\/product\/paskirstymo-tarpiklis-originalas\/","name":"Kamrem Original - 2268766 | Bra pris | Snabb leverans | Eska delar","isPartOf":{"@id":"https:\/\/eskadalys.lt\/#website"},"primaryImageOfPage":{"@id":"https:\/\/eskadalys.lt\/product\/paskirstymo-tarpiklis-originalas\/#primaryimage"},"image":{"@id":"https:\/\/eskadalys.lt\/product\/paskirstymo-tarpiklis-originalas\/#primaryimage"},"thumbnailUrl":"https:\/\/eskadalys.lt\/wp-content\/uploads\/2024\/02\/seal-3-20240121-201555.jpg?v=1714907361","datePublished":"2024-02-11T07:37:39+00:00","dateModified":"2026-04-22T13:37:51+00:00","description":"Kamrem Original - 2268766 G Passar: CAT, Gr\u00e4vlastare, 450E, Bandgr\u00e4vmaskin, M313C, M313D, M315, M315C, M315D, M316D, M318D, M322D, 315C, Hjullastare, Bandlastare, Teleskoplastare, TH210, TH215, TH220B, TH330B, TH340B, TH350B, TH355B, TH460B, TH560B, TH580B, 953D, 963D, Bulldozer, D3K, D4K, D5K, D6K, D6N, 924H, 924HZ, 924K, 928H, 928HZ, 930K, 938K, 950 \/ , TH337C, TH407C, TH406C, TH336C, Hjulgr\u00e4vmaskin, M317, M317","breadcrumb":{"@id":"https:\/\/eskadalys.lt\/product\/paskirstymo-tarpiklis-originalas\/#breadcrumb"},"inLanguage":"sv-SE","potentialAction":[{"@type":"ReadAction","target":["https:\/\/eskadalys.lt\/product\/paskirstymo-tarpiklis-originalas\/"]}]},{"@type":"ImageObject","inLanguage":"sv-SE","@id":"https:\/\/eskadalys.lt\/product\/paskirstymo-tarpiklis-originalas\/#primaryimage","url":"https:\/\/eskadalys.lt\/wp-content\/uploads\/2024\/02\/seal-3-20240121-201555.jpg?v=1714907361","contentUrl":"https:\/\/eskadalys.lt\/wp-content\/uploads\/2024\/02\/seal-3-20240121-201555.jpg?v=1714907361","width":1600,"height":1370},{"@type":"BreadcrumbList","@id":"https:\/\/eskadalys.lt\/product\/paskirstymo-tarpiklis-originalas\/#breadcrumb","itemListElement":[{"@type":"ListItem","position":1,"name":"Strona g\u0142\u00f3wna","item":"https:\/\/eskadalys.lt\/"},{"@type":"ListItem","position":2,"name":"E-parduotuv\u0117","item":"https:\/\/eskadalys.lt\/e-parduotuve\/"},{"@type":"ListItem","position":3,"name":"Paskirstymo tarpiklis Originalas &#8211; 2268766"}]},{"@type":"WebSite","@id":"https:\/\/eskadalys.lt\/#website","url":"https:\/\/eskadalys.lt\/","name":"Eska parts","description":"Reservdelar till gr\u00e4vmaskin\/minigr\u00e4vmaskin\/bulldozer","publisher":{"@id":"https:\/\/eskadalys.lt\/#organization"},"potentialAction":[{"@type":"SearchAction","target":{"@type":"EntryPoint","urlTemplate":"https:\/\/eskadalys.lt\/?s={search_term_string}"},"query-input":{"@type":"PropertyValueSpecification","valueRequired":true,"valueName":"search_term_string"}}],"inLanguage":"sv-SE"},{"@type":"Organization","@id":"https:\/\/eskadalys.lt\/#organization","name":"Eska parts","url":"https:\/\/eskadalys.lt\/","logo":{"@type":"ImageObject","inLanguage":"sv-SE","@id":"https:\/\/eskadalys.lt\/#\/schema\/logo\/image\/","url":"https:\/\/eskadalys.lt\/wp-content\/uploads\/2024\/01\/LOGO-ESKA-FINAL.svg","contentUrl":"https:\/\/eskadalys.lt\/wp-content\/uploads\/2024\/01\/LOGO-ESKA-FINAL.svg","width":259,"height":201,"caption":"Eska dalys"},"image":{"@id":"https:\/\/eskadalys.lt\/#\/schema\/logo\/image\/"},"sameAs":["https:\/\/www.facebook.com\/profile.php?id=61556005720456"]}]}},"_links":{"self":[{"href":"https:\/\/eskadalys.lt\/sv\/wp-json\/wp\/v2\/product\/7835","targetHints":{"allow":["GET"]}}],"collection":[{"href":"https:\/\/eskadalys.lt\/sv\/wp-json\/wp\/v2\/product"}],"about":[{"href":"https:\/\/eskadalys.lt\/sv\/wp-json\/wp\/v2\/types\/product"}],"wp:featuredmedia":[{"embeddable":true,"href":"https:\/\/eskadalys.lt\/sv\/wp-json\/wp\/v2\/media\/108582"}],"wp:attachment":[{"href":"https:\/\/eskadalys.lt\/sv\/wp-json\/wp\/v2\/media?parent=7835"}],"wp:term":[{"taxonomy":"product_brand","embeddable":true,"href":"https:\/\/eskadalys.lt\/sv\/wp-json\/wp\/v2\/product_brand?post=7835"},{"taxonomy":"product_cat","embeddable":true,"href":"https:\/\/eskadalys.lt\/sv\/wp-json\/wp\/v2\/product_cat?post=7835"},{"taxonomy":"product_tag","embeddable":true,"href":"https:\/\/eskadalys.lt\/sv\/wp-json\/wp\/v2\/product_tag?post=7835"}],"curies":[{"name":"wp","href":"https:\/\/api.w.org\/{rel}","templated":true}]}}