{"id":771,"date":"2024-02-11T00:06:40","date_gmt":"2024-02-10T22:06:40","guid":{"rendered":"https:\/\/eskadalys.lt\/?post_type=product&#038;p=771"},"modified":"2026-03-26T09:50:50","modified_gmt":"2026-03-26T07:50:50","slug":"ovanfor-bordet","status":"publish","type":"product","link":"https:\/\/eskadalys.lt\/sv\/product\/poverzle-cva\/","title":{"rendered":"Bricka CVA \u2013 9R1510"},"content":{"rendered":"<p><strong>Bricka CVA \u2013 9R1510<\/strong><\/p>\n<p>M\u00e5tt:<br \/>\nTjocklek: 4 mm,<br \/>\n Innerdiameter: 51 mm,<br \/>\n Ytterdiameter: 82 mm,  <\/p>\n<p><strong>L\u00e4mplig f\u00f6r:<\/strong> CAT, Gr\u00e4vlastare, Bandgr\u00e4vmaskin, Hjulbulldozer, Hjullastare, Hjulg\u00e5ende v\u00e4ghyvel, Bulldozer, Hjulskrapor, Hjulgr\u00e4vmaskin<\/p>\n<p>9R-1510<\/p>\n<h3>\ud83d\udd0d Letar efter en annan produkt fr\u00e5n kategorin <a href=\"https:\/\/eskadalys.lt\/sv\/produktkategori-sv\/stift-elfenbenslager\/undergraver\/\">Brickor<\/a> ?<\/h3>\n<h3>\ud83d\udee0\ufe0f CAT-delar \u2013 du kan hitta fler av dem <a href=\"https:\/\/eskadalys.lt\/sv\/produktkategori-sv\/stift-elfenbenslager\/\">Stift \/ Bussningar \/ Lager<\/a> i kategorin.<\/h3>\n<p>Om du \u00e4r os\u00e4ker p\u00e5 om den h\u00e4r delen passar din maskin, <strong>V\u00e4nligen skicka oss fordonets serienummer (VIN) innan du k\u00f6per.<\/strong>. Vi kommer att kontrollera kompatibiliteten med hj\u00e4lp av katalogerna och <strong>Vi kommer att erbjuda r\u00e4tt del<\/strong>. Om du inte hittar den del du beh\u00f6ver, skriv till oss \u2013 vi hj\u00e4lper dig att hitta den!<\/p>\n<p><strong>\ud83d\udce6 Lager i Litauen<\/strong> \u2013 best\u00e4llningar som g\u00f6rs f\u00f6re kl. 14.00 skickas samma dag.<\/p>\n<p><strong>\ud83d\ude80 Snabb leverans<\/strong> \u2013 best\u00e4llda varor som vi f\u00f6r n\u00e4rvarande inte har i lager levereras inom 3-4 arbetsdagar.<\/p>\n<p><strong>\ud83d\udcc8 Brett utbud<\/strong> \u2013 vi ut\u00f6kar st\u00e4ndigt v\u00e5rt produktsortiment.<\/p>","protected":false},"excerpt":{"rendered":"<p>9R1510 CVA<\/p>","protected":false},"featured_media":93166,"template":"","meta":{"site-sidebar-layout":"default","site-content-layout":"","ast-site-content-layout":"default","site-content-style":"default","site-sidebar-style":"default","ast-global-header-display":"","ast-banner-title-visibility":"","ast-main-header-display":"","ast-hfb-above-header-display":"","ast-hfb-below-header-display":"","ast-hfb-mobile-header-display":"","site-post-title":"","ast-breadcrumbs-content":"","ast-featured-img":"","footer-sml-layout":"","ast-disable-related-posts":"","theme-transparent-header-meta":"","adv-header-id-meta":"","stick-header-meta":"","header-above-stick-meta":"","header-main-stick-meta":"","header-below-stick-meta":"","astra-migrate-meta-layouts":"default","ast-page-background-enabled":"default","ast-page-background-meta":{"desktop":{"background-color":"","background-image":"","background-repeat":"repeat","background-position":"center center","background-size":"auto","background-attachment":"scroll","background-type":"","background-media":"","overlay-type":"","overlay-color":"","overlay-opacity":"","overlay-gradient":""},"tablet":{"background-color":"","background-image":"","background-repeat":"repeat","background-position":"center center","background-size":"auto","background-attachment":"scroll","background-type":"","background-media":"","overlay-type":"","overlay-color":"","overlay-opacity":"","overlay-gradient":""},"mobile":{"background-color":"","background-image":"","background-repeat":"repeat","background-position":"center center","background-size":"auto","background-attachment":"scroll","background-type":"","background-media":"","overlay-type":"","overlay-color":"","overlay-opacity":"","overlay-gradient":""}},"ast-content-background-meta":{"desktop":{"background-color":"var(--ast-global-color-5)","background-image":"","background-repeat":"repeat","background-position":"center center","background-size":"auto","background-attachment":"scroll","background-type":"","background-media":"","overlay-type":"","overlay-color":"","overlay-opacity":"","overlay-gradient":""},"tablet":{"background-color":"var(--ast-global-color-5)","background-image":"","background-repeat":"repeat","background-position":"center center","background-size":"auto","background-attachment":"scroll","background-type":"","background-media":"","overlay-type":"","overlay-color":"","overlay-opacity":"","overlay-gradient":""},"mobile":{"background-color":"var(--ast-global-color-5)","background-image":"","background-repeat":"repeat","background-position":"center center","background-size":"auto","background-attachment":"scroll","background-type":"","background-media":"","overlay-type":"","overlay-color":"","overlay-opacity":"","overlay-gradient":""}}},"product_brand":[],"product_cat":[893],"product_tag":[43373],"class_list":{"0":"post-771","1":"product","2":"type-product","3":"status-publish","4":"has-post-thumbnail","6":"product_cat-poverzles","7":"product_tag-cat-ekskavatorius-krautuvas-viksrinis-ekskavatorius-wheeled-buldozeris-frontalinis-krautuvas-wheeled-motor-grader-buldozeris-ratiniai-skreperiai-ratinis-ekskavatorius","8":"desktop-align-left","9":"tablet-align-left","10":"mobile-align-left","12":"first","13":"onbackorder","14":"taxable","15":"shipping-taxable","16":"purchasable","17":"product-type-simple"},"yoast_head":"<!-- This site is optimized with the Yoast SEO plugin v27.3 - https:\/\/yoast.com\/product\/yoast-seo-wordpress\/ -->\n<title>Pover\u017el\u0117 CVA - 9R1510 | Gera kaina | Greitas pristatymas | Eska dalys<\/title>\n<meta name=\"description\" content=\"Pover\u017el\u0117 - 9R1510 Matmenys: Storis:\u00a0 4 mm, Vidinis skersmuo:\u00a0 51 mm, I\u0161orinis skersmuo:\u00a0 82 mm, Tinka: CAT, Ekskavatorius krautuvas, Vik\u0161rinis ekskavatorius, Wheeled Buldozeris, Frontalinis krautuvas, Wheeled Motor Grader, Buldozeris, Ratiniai skreperiai, Ratinis ekskavatorius\" \/>\n<meta name=\"robots\" content=\"index, follow, max-snippet:-1, max-image-preview:large, max-video-preview:-1\" \/>\n<link rel=\"canonical\" href=\"https:\/\/eskadalys.lt\/sv\/produkt-sv\/ovanfor-bordet\/\" \/>\n<meta property=\"og:locale\" content=\"sv_SE\" \/>\n<meta property=\"og:type\" content=\"article\" \/>\n<meta property=\"og:title\" content=\"Pover\u017el\u0117 CVA - 9R1510 | Gera kaina | Greitas pristatymas | Eska dalys\" \/>\n<meta property=\"og:description\" content=\"Pover\u017el\u0117 - 9R1510 Matmenys: Storis:\u00a0 4 mm, Vidinis skersmuo:\u00a0 51 mm, I\u0161orinis skersmuo:\u00a0 82 mm, Tinka: CAT, Ekskavatorius krautuvas, Vik\u0161rinis ekskavatorius, Wheeled Buldozeris, Frontalinis krautuvas, Wheeled Motor Grader, Buldozeris, Ratiniai skreperiai, Ratinis ekskavatorius\" \/>\n<meta property=\"og:url\" content=\"https:\/\/eskadalys.lt\/sv\/produkt-sv\/ovanfor-bordet\/\" \/>\n<meta property=\"og:site_name\" content=\"Eska dalys\" \/>\n<meta property=\"article:publisher\" content=\"https:\/\/www.facebook.com\/profile.php?id=61556005720456\" \/>\n<meta property=\"article:modified_time\" content=\"2026-03-26T07:50:50+00:00\" \/>\n<meta property=\"og:image\" content=\"https:\/\/eskadalys.lt\/wp-content\/uploads\/2024\/02\/spacer-cva-20240121-114502-scaled-1.jpg?v=1714952024\" \/>\n\t<meta property=\"og:image:width\" content=\"1600\" \/>\n\t<meta property=\"og:image:height\" content=\"1508\" \/>\n\t<meta property=\"og:image:type\" content=\"image\/jpeg\" \/>\n<script type=\"application\/ld+json\" class=\"yoast-schema-graph\">{\"@context\":\"https:\\\/\\\/schema.org\",\"@graph\":[{\"@type\":\"WebPage\",\"@id\":\"https:\\\/\\\/eskadalys.lt\\\/product\\\/poverzle-cva\\\/\",\"url\":\"https:\\\/\\\/eskadalys.lt\\\/product\\\/poverzle-cva\\\/\",\"name\":\"Pover\u017el\u0117 CVA - 9R1510 | Gera kaina | Greitas pristatymas | Eska dalys\",\"isPartOf\":{\"@id\":\"https:\\\/\\\/eskadalys.lt\\\/#website\"},\"primaryImageOfPage\":{\"@id\":\"https:\\\/\\\/eskadalys.lt\\\/product\\\/poverzle-cva\\\/#primaryimage\"},\"image\":{\"@id\":\"https:\\\/\\\/eskadalys.lt\\\/product\\\/poverzle-cva\\\/#primaryimage\"},\"thumbnailUrl\":\"https:\\\/\\\/eskadalys.lt\\\/wp-content\\\/uploads\\\/2024\\\/02\\\/spacer-cva-20240121-114502-scaled-1.jpg?v=1714952024\",\"datePublished\":\"2024-02-10T22:06:40+00:00\",\"dateModified\":\"2026-03-26T07:50:50+00:00\",\"description\":\"Pover\u017el\u0117 - 9R1510 Matmenys: Storis:\u00a0 4 mm, Vidinis skersmuo:\u00a0 51 mm, I\u0161orinis skersmuo:\u00a0 82 mm, Tinka: CAT, Ekskavatorius krautuvas, Vik\u0161rinis ekskavatorius, Wheeled Buldozeris, Frontalinis krautuvas, Wheeled Motor Grader, Buldozeris, Ratiniai skreperiai, Ratinis ekskavatorius\",\"breadcrumb\":{\"@id\":\"https:\\\/\\\/eskadalys.lt\\\/product\\\/poverzle-cva\\\/#breadcrumb\"},\"inLanguage\":\"sv-SE\",\"potentialAction\":[{\"@type\":\"ReadAction\",\"target\":[\"https:\\\/\\\/eskadalys.lt\\\/product\\\/poverzle-cva\\\/\"]}]},{\"@type\":\"ImageObject\",\"inLanguage\":\"sv-SE\",\"@id\":\"https:\\\/\\\/eskadalys.lt\\\/product\\\/poverzle-cva\\\/#primaryimage\",\"url\":\"https:\\\/\\\/eskadalys.lt\\\/wp-content\\\/uploads\\\/2024\\\/02\\\/spacer-cva-20240121-114502-scaled-1.jpg?v=1714952024\",\"contentUrl\":\"https:\\\/\\\/eskadalys.lt\\\/wp-content\\\/uploads\\\/2024\\\/02\\\/spacer-cva-20240121-114502-scaled-1.jpg?v=1714952024\",\"width\":1600,\"height\":1508},{\"@type\":\"BreadcrumbList\",\"@id\":\"https:\\\/\\\/eskadalys.lt\\\/product\\\/poverzle-cva\\\/#breadcrumb\",\"itemListElement\":[{\"@type\":\"ListItem\",\"position\":1,\"name\":\"Strona g\u0142\u00f3wna\",\"item\":\"https:\\\/\\\/eskadalys.lt\\\/\"},{\"@type\":\"ListItem\",\"position\":2,\"name\":\"E-parduotuv\u0117\",\"item\":\"https:\\\/\\\/eskadalys.lt\\\/e-parduotuve\\\/\"},{\"@type\":\"ListItem\",\"position\":3,\"name\":\"Pover\u017el\u0117 CVA &#8211; 9R1510\"}]},{\"@type\":\"WebSite\",\"@id\":\"https:\\\/\\\/eskadalys.lt\\\/#website\",\"url\":\"https:\\\/\\\/eskadalys.lt\\\/\",\"name\":\"Eska dalys\",\"description\":\"Ekskavatori\u0173 \\\/ mini ekskavatori\u0173 \\\/ buldozeri\u0173 dalys\",\"publisher\":{\"@id\":\"https:\\\/\\\/eskadalys.lt\\\/#organization\"},\"potentialAction\":[{\"@type\":\"SearchAction\",\"target\":{\"@type\":\"EntryPoint\",\"urlTemplate\":\"https:\\\/\\\/eskadalys.lt\\\/?s={search_term_string}\"},\"query-input\":{\"@type\":\"PropertyValueSpecification\",\"valueRequired\":true,\"valueName\":\"search_term_string\"}}],\"inLanguage\":\"sv-SE\"},{\"@type\":\"Organization\",\"@id\":\"https:\\\/\\\/eskadalys.lt\\\/#organization\",\"name\":\"Eska dalys\",\"url\":\"https:\\\/\\\/eskadalys.lt\\\/\",\"logo\":{\"@type\":\"ImageObject\",\"inLanguage\":\"sv-SE\",\"@id\":\"https:\\\/\\\/eskadalys.lt\\\/#\\\/schema\\\/logo\\\/image\\\/\",\"url\":\"https:\\\/\\\/eskadalys.lt\\\/wp-content\\\/uploads\\\/2024\\\/01\\\/LOGO-ESKA-FINAL.svg\",\"contentUrl\":\"https:\\\/\\\/eskadalys.lt\\\/wp-content\\\/uploads\\\/2024\\\/01\\\/LOGO-ESKA-FINAL.svg\",\"width\":259,\"height\":201,\"caption\":\"Eska dalys\"},\"image\":{\"@id\":\"https:\\\/\\\/eskadalys.lt\\\/#\\\/schema\\\/logo\\\/image\\\/\"},\"sameAs\":[\"https:\\\/\\\/www.facebook.com\\\/profile.php?id=61556005720456\"]}]}<\/script>\n<!-- \/ Yoast SEO plugin. -->","yoast_head_json":{"title":"Bricka CVA - 9R1510 | Bra pris | Snabb leverans | Eska reservdelar","description":"Bricka - 9R1510 M\u00e5tt: Tjocklek: 4 mm, Innerdiameter: 51 mm, Ytterdiameter: 82 mm, Passar: CAT, Gr\u00e4vlastare, Bandgr\u00e4vmaskin, Hjulbulldozer, Hjullastare, Hjulv\u00e4ghyvel, Bulldozer, Hjulskrapor, Hjulgr\u00e4vmaskin","robots":{"index":"index","follow":"follow","max-snippet":"max-snippet:-1","max-image-preview":"max-image-preview:large","max-video-preview":"max-video-preview:-1"},"canonical":"https:\/\/eskadalys.lt\/sv\/produkt-sv\/ovanfor-bordet\/","og_locale":"sv_SE","og_type":"article","og_title":"Pover\u017el\u0117 CVA - 9R1510 | Gera kaina | Greitas pristatymas | Eska dalys","og_description":"Pover\u017el\u0117 - 9R1510 Matmenys: Storis:\u00a0 4 mm, Vidinis skersmuo:\u00a0 51 mm, I\u0161orinis skersmuo:\u00a0 82 mm, Tinka: CAT, Ekskavatorius krautuvas, Vik\u0161rinis ekskavatorius, Wheeled Buldozeris, Frontalinis krautuvas, Wheeled Motor Grader, Buldozeris, Ratiniai skreperiai, Ratinis ekskavatorius","og_url":"https:\/\/eskadalys.lt\/sv\/produkt-sv\/ovanfor-bordet\/","og_site_name":"Eska dalys","article_publisher":"https:\/\/www.facebook.com\/profile.php?id=61556005720456","article_modified_time":"2026-03-26T07:50:50+00:00","og_image":[{"width":1600,"height":1508,"url":"https:\/\/eskadalys.lt\/wp-content\/uploads\/2024\/02\/spacer-cva-20240121-114502-scaled-1.jpg?v=1714952024","type":"image\/jpeg"}],"schema":{"@context":"https:\/\/schema.org","@graph":[{"@type":"WebPage","@id":"https:\/\/eskadalys.lt\/product\/poverzle-cva\/","url":"https:\/\/eskadalys.lt\/product\/poverzle-cva\/","name":"Bricka CVA - 9R1510 | Bra pris | Snabb leverans | Eska reservdelar","isPartOf":{"@id":"https:\/\/eskadalys.lt\/#website"},"primaryImageOfPage":{"@id":"https:\/\/eskadalys.lt\/product\/poverzle-cva\/#primaryimage"},"image":{"@id":"https:\/\/eskadalys.lt\/product\/poverzle-cva\/#primaryimage"},"thumbnailUrl":"https:\/\/eskadalys.lt\/wp-content\/uploads\/2024\/02\/spacer-cva-20240121-114502-scaled-1.jpg?v=1714952024","datePublished":"2024-02-10T22:06:40+00:00","dateModified":"2026-03-26T07:50:50+00:00","description":"Bricka - 9R1510 M\u00e5tt: Tjocklek: 4 mm, Innerdiameter: 51 mm, Ytterdiameter: 82 mm, Passar: CAT, Gr\u00e4vlastare, Bandgr\u00e4vmaskin, Hjulbulldozer, Hjullastare, Hjulv\u00e4ghyvel, Bulldozer, Hjulskrapor, Hjulgr\u00e4vmaskin","breadcrumb":{"@id":"https:\/\/eskadalys.lt\/product\/poverzle-cva\/#breadcrumb"},"inLanguage":"sv-SE","potentialAction":[{"@type":"ReadAction","target":["https:\/\/eskadalys.lt\/product\/poverzle-cva\/"]}]},{"@type":"ImageObject","inLanguage":"sv-SE","@id":"https:\/\/eskadalys.lt\/product\/poverzle-cva\/#primaryimage","url":"https:\/\/eskadalys.lt\/wp-content\/uploads\/2024\/02\/spacer-cva-20240121-114502-scaled-1.jpg?v=1714952024","contentUrl":"https:\/\/eskadalys.lt\/wp-content\/uploads\/2024\/02\/spacer-cva-20240121-114502-scaled-1.jpg?v=1714952024","width":1600,"height":1508},{"@type":"BreadcrumbList","@id":"https:\/\/eskadalys.lt\/product\/poverzle-cva\/#breadcrumb","itemListElement":[{"@type":"ListItem","position":1,"name":"Strona g\u0142\u00f3wna","item":"https:\/\/eskadalys.lt\/"},{"@type":"ListItem","position":2,"name":"E-parduotuv\u0117","item":"https:\/\/eskadalys.lt\/e-parduotuve\/"},{"@type":"ListItem","position":3,"name":"Pover\u017el\u0117 CVA &#8211; 9R1510"}]},{"@type":"WebSite","@id":"https:\/\/eskadalys.lt\/#website","url":"https:\/\/eskadalys.lt\/","name":"Eska parts","description":"Reservdelar till gr\u00e4vmaskin\/minigr\u00e4vmaskin\/bulldozer","publisher":{"@id":"https:\/\/eskadalys.lt\/#organization"},"potentialAction":[{"@type":"SearchAction","target":{"@type":"EntryPoint","urlTemplate":"https:\/\/eskadalys.lt\/?s={search_term_string}"},"query-input":{"@type":"PropertyValueSpecification","valueRequired":true,"valueName":"search_term_string"}}],"inLanguage":"sv-SE"},{"@type":"Organization","@id":"https:\/\/eskadalys.lt\/#organization","name":"Eska parts","url":"https:\/\/eskadalys.lt\/","logo":{"@type":"ImageObject","inLanguage":"sv-SE","@id":"https:\/\/eskadalys.lt\/#\/schema\/logo\/image\/","url":"https:\/\/eskadalys.lt\/wp-content\/uploads\/2024\/01\/LOGO-ESKA-FINAL.svg","contentUrl":"https:\/\/eskadalys.lt\/wp-content\/uploads\/2024\/01\/LOGO-ESKA-FINAL.svg","width":259,"height":201,"caption":"Eska dalys"},"image":{"@id":"https:\/\/eskadalys.lt\/#\/schema\/logo\/image\/"},"sameAs":["https:\/\/www.facebook.com\/profile.php?id=61556005720456"]}]}},"_links":{"self":[{"href":"https:\/\/eskadalys.lt\/sv\/wp-json\/wp\/v2\/product\/771","targetHints":{"allow":["GET"]}}],"collection":[{"href":"https:\/\/eskadalys.lt\/sv\/wp-json\/wp\/v2\/product"}],"about":[{"href":"https:\/\/eskadalys.lt\/sv\/wp-json\/wp\/v2\/types\/product"}],"wp:featuredmedia":[{"embeddable":true,"href":"https:\/\/eskadalys.lt\/sv\/wp-json\/wp\/v2\/media\/93166"}],"wp:attachment":[{"href":"https:\/\/eskadalys.lt\/sv\/wp-json\/wp\/v2\/media?parent=771"}],"wp:term":[{"taxonomy":"product_brand","embeddable":true,"href":"https:\/\/eskadalys.lt\/sv\/wp-json\/wp\/v2\/product_brand?post=771"},{"taxonomy":"product_cat","embeddable":true,"href":"https:\/\/eskadalys.lt\/sv\/wp-json\/wp\/v2\/product_cat?post=771"},{"taxonomy":"product_tag","embeddable":true,"href":"https:\/\/eskadalys.lt\/sv\/wp-json\/wp\/v2\/product_tag?post=771"}],"curies":[{"name":"wp","href":"https:\/\/api.w.org\/{rel}","templated":true}]}}