{"id":5914,"date":"2024-02-11T06:24:36","date_gmt":"2024-02-11T04:24:36","guid":{"rendered":"https:\/\/eskadalys.lt\/?post_type=product&#038;p=5914"},"modified":"2026-03-26T09:56:50","modified_gmt":"2026-03-26T07:56:50","slug":"glidplatta-med-lang-livslangd-polyamid-13","status":"publish","type":"product","link":"https:\/\/eskadalys.lt\/sv\/product\/slydimo-plokstele-long-life-poliamidas-13\/","title":{"rendered":"Glidplatta L\u00c5NG LIVSL\u00c4NGD Polyamid !!! \u2013 1873827"},"content":{"rendered":"<p><strong>Glidplatta L\u00c5NG LIVSL\u00c4NGD Polyamid !!! \u2013 1873827<\/strong><br \/>\nM\u00e5tt:<br \/>\nH\u00f6jd: 15,2 mm,<br \/>\nL\u00e4ngd: 110 mm,<br \/>\nBredd: 200 mm,<br \/>\nAvst\u00e5nd mellan skruvar 100 mm,<br \/>\nSkruv 1\/2\u2033<br \/>\n<strong>L\u00e4mplig f\u00f6r:<\/strong> CAT, Gr\u00e4vlastare, 416C, 416D, 420D, 424D, 426C, 428C, 428D, 430D, 432D, 436C, 438D, 442D, 446D<br \/>\n<strong>OE-nummer::<\/strong> 1873827, 1720085, 110\u00d7200,5<br \/>\n187-3827<\/p>\n<h3>\ud83d\udd0d Letar efter en annan produkt fr\u00e5n kategorin <a href=\"https:\/\/eskadalys.lt\/sv\/produktkategori-sv\/hasplatar\/bomskyddsplatar\/\">Boomskyddspl\u00e5tar<\/a> ?<\/h3>\n<h3>\ud83d\udee0\ufe0f Reservdelar till byggmaskiner \u2013 du hittar fler av dem <a href=\"https:\/\/eskadalys.lt\/sv\/produktkategori-sv\/hasplatar\/\">Glidplattor<\/a> i kategorin.<\/h3>\n<p>Om du \u00e4r os\u00e4ker p\u00e5 om den h\u00e4r delen passar din maskin, <strong>V\u00e4nligen skicka oss fordonets serienummer (VIN) innan du k\u00f6per.<\/strong>. Vi kommer att kontrollera kompatibiliteten med hj\u00e4lp av katalogerna och <strong>Vi kommer att erbjuda r\u00e4tt del<\/strong>. Om du inte hittar den del du beh\u00f6ver, skriv till oss \u2013 vi hj\u00e4lper dig att hitta den!<\/p>\n<p><strong>\ud83d\udce6 Lager i Litauen<\/strong> \u2013 best\u00e4llningar som g\u00f6rs f\u00f6re kl. 14.00 skickas samma dag.<\/p>\n<p><strong>\ud83d\ude80 Snabb leverans<\/strong> \u2013 best\u00e4llda varor som vi f\u00f6r n\u00e4rvarande inte har i lager levereras inom 3-4 arbetsdagar.<\/p>\n<p><strong>\ud83d\udcc8 Brett utbud<\/strong> \u2013 vi ut\u00f6kar st\u00e4ndigt v\u00e5rt produktsortiment.<\/p>","protected":false},"excerpt":{"rendered":"<p>1873827 CVA<\/p>","protected":false},"featured_media":104268,"template":"","meta":{"site-sidebar-layout":"default","site-content-layout":"","ast-site-content-layout":"default","site-content-style":"default","site-sidebar-style":"default","ast-global-header-display":"","ast-banner-title-visibility":"","ast-main-header-display":"","ast-hfb-above-header-display":"","ast-hfb-below-header-display":"","ast-hfb-mobile-header-display":"","site-post-title":"","ast-breadcrumbs-content":"","ast-featured-img":"","footer-sml-layout":"","ast-disable-related-posts":"","theme-transparent-header-meta":"default","adv-header-id-meta":"","stick-header-meta":"","header-above-stick-meta":"","header-main-stick-meta":"","header-below-stick-meta":"","astra-migrate-meta-layouts":"set","ast-page-background-enabled":"default","ast-page-background-meta":{"desktop":{"background-color":"","background-image":"","background-repeat":"repeat","background-position":"center center","background-size":"auto","background-attachment":"scroll","background-type":"","background-media":"","overlay-type":"","overlay-color":"","overlay-opacity":"","overlay-gradient":""},"tablet":{"background-color":"","background-image":"","background-repeat":"repeat","background-position":"center center","background-size":"auto","background-attachment":"scroll","background-type":"","background-media":"","overlay-type":"","overlay-color":"","overlay-opacity":"","overlay-gradient":""},"mobile":{"background-color":"","background-image":"","background-repeat":"repeat","background-position":"center center","background-size":"auto","background-attachment":"scroll","background-type":"","background-media":"","overlay-type":"","overlay-color":"","overlay-opacity":"","overlay-gradient":""}},"ast-content-background-meta":{"desktop":{"background-color":"var(--ast-global-color-5)","background-image":"","background-repeat":"repeat","background-position":"center center","background-size":"auto","background-attachment":"scroll","background-type":"","background-media":"","overlay-type":"","overlay-color":"","overlay-opacity":"","overlay-gradient":""},"tablet":{"background-color":"var(--ast-global-color-5)","background-image":"","background-repeat":"repeat","background-position":"center center","background-size":"auto","background-attachment":"scroll","background-type":"","background-media":"","overlay-type":"","overlay-color":"","overlay-opacity":"","overlay-gradient":""},"mobile":{"background-color":"var(--ast-global-color-5)","background-image":"","background-repeat":"repeat","background-position":"center center","background-size":"auto","background-attachment":"scroll","background-type":"","background-media":"","overlay-type":"","overlay-color":"","overlay-opacity":"","overlay-gradient":""}}},"product_brand":[],"product_cat":[842],"product_tag":[50429,50428,50427,49560,49561,49563,49528,49530,49470,49461,49532,49463,49534,49537,49538,49543,43030,47753],"class_list":{"0":"post-5914","1":"product","2":"type-product","3":"status-publish","4":"has-post-thumbnail","6":"product_cat-streles-slydimo-ploksteles","7":"product_tag-110x200-5","8":"product_tag-50428","9":"product_tag-50427","10":"product_tag-416c","11":"product_tag-416d","12":"product_tag-420d","13":"product_tag-424d","14":"product_tag-426c","15":"product_tag-428c","16":"product_tag-428d","17":"product_tag-430d","18":"product_tag-432d","19":"product_tag-436c","20":"product_tag-438d","21":"product_tag-442d","22":"product_tag-446d","23":"product_tag-cat","24":"product_tag-ekskavatorius-krautuvas","25":"desktop-align-left","26":"tablet-align-left","27":"mobile-align-left","29":"first","30":"instock","31":"taxable","32":"shipping-taxable","33":"purchasable","34":"product-type-simple"},"yoast_head":"<!-- This site is optimized with the Yoast SEO plugin v27.3 - https:\/\/yoast.com\/product\/yoast-seo-wordpress\/ -->\n<title>Slydimo plok\u0161tel\u0117 LONG LIFE Poliamidas !!! - 1873827 | Gera kaina | Greitas pristatymas | Eska dalys<\/title>\n<meta name=\"description\" content=\"Slydimo plok\u0161tel\u0117 LONG LIFE Poliamidas !!! - 1873827 Matmenys: Auk\u0161tis: 15.2 mm, Ilgis: 110 mm, Plotis: 200 mm, Tarpai tarp var\u017et\u0173 100mm, Var\u017etas 1\/2&quot; Tinka: CAT, Ekskavatorius krautuvas, 416C, 416D, 420D, 424D, 426C, 428C, 428D, 430D, 432D, 436C, 438D, 442D, 446D OE numeriai: 1873827, 1720085, 110x200.5\" \/>\n<meta name=\"robots\" content=\"index, follow, max-snippet:-1, max-image-preview:large, max-video-preview:-1\" \/>\n<link rel=\"canonical\" href=\"https:\/\/eskadalys.lt\/sv\/produkt-sv\/glidplatta-med-lang-livslangd-polyamid-13\/\" \/>\n<meta property=\"og:locale\" content=\"sv_SE\" \/>\n<meta property=\"og:type\" content=\"article\" \/>\n<meta property=\"og:title\" content=\"Slydimo plok\u0161tel\u0117 LONG LIFE Poliamidas !!! - 1873827 | Gera kaina | Greitas pristatymas | Eska dalys\" \/>\n<meta property=\"og:description\" content=\"Slydimo plok\u0161tel\u0117 LONG LIFE Poliamidas !!! - 1873827 Matmenys: Auk\u0161tis: 15.2 mm, Ilgis: 110 mm, Plotis: 200 mm, Tarpai tarp var\u017et\u0173 100mm, Var\u017etas 1\/2&quot; Tinka: CAT, Ekskavatorius krautuvas, 416C, 416D, 420D, 424D, 426C, 428C, 428D, 430D, 432D, 436C, 438D, 442D, 446D OE numeriai: 1873827, 1720085, 110x200.5\" \/>\n<meta property=\"og:url\" content=\"https:\/\/eskadalys.lt\/sv\/produkt-sv\/glidplatta-med-lang-livslangd-polyamid-13\/\" \/>\n<meta property=\"og:site_name\" content=\"Eska dalys\" \/>\n<meta property=\"article:publisher\" content=\"https:\/\/www.facebook.com\/profile.php?id=61556005720456\" \/>\n<meta property=\"article:modified_time\" content=\"2026-03-26T07:56:50+00:00\" \/>\n<meta property=\"og:image\" content=\"https:\/\/eskadalys.lt\/wp-content\/uploads\/2024\/02\/cat-slizg-wysuwu-ramienia-428cd-20240121-174454.jpg?v=1714918595\" \/>\n\t<meta property=\"og:image:width\" content=\"1600\" \/>\n\t<meta property=\"og:image:height\" content=\"851\" \/>\n\t<meta property=\"og:image:type\" content=\"image\/jpeg\" \/>\n<script type=\"application\/ld+json\" class=\"yoast-schema-graph\">{\"@context\":\"https:\\\/\\\/schema.org\",\"@graph\":[{\"@type\":\"WebPage\",\"@id\":\"https:\\\/\\\/eskadalys.lt\\\/product\\\/slydimo-plokstele-long-life-poliamidas-13\\\/\",\"url\":\"https:\\\/\\\/eskadalys.lt\\\/product\\\/slydimo-plokstele-long-life-poliamidas-13\\\/\",\"name\":\"Slydimo plok\u0161tel\u0117 LONG LIFE Poliamidas !!! - 1873827 | Gera kaina | Greitas pristatymas | Eska dalys\",\"isPartOf\":{\"@id\":\"https:\\\/\\\/eskadalys.lt\\\/#website\"},\"primaryImageOfPage\":{\"@id\":\"https:\\\/\\\/eskadalys.lt\\\/product\\\/slydimo-plokstele-long-life-poliamidas-13\\\/#primaryimage\"},\"image\":{\"@id\":\"https:\\\/\\\/eskadalys.lt\\\/product\\\/slydimo-plokstele-long-life-poliamidas-13\\\/#primaryimage\"},\"thumbnailUrl\":\"https:\\\/\\\/eskadalys.lt\\\/wp-content\\\/uploads\\\/2024\\\/02\\\/cat-slizg-wysuwu-ramienia-428cd-20240121-174454.jpg?v=1714918595\",\"datePublished\":\"2024-02-11T04:24:36+00:00\",\"dateModified\":\"2026-03-26T07:56:50+00:00\",\"description\":\"Slydimo plok\u0161tel\u0117 LONG LIFE Poliamidas !!! - 1873827 Matmenys: Auk\u0161tis: 15.2 mm, Ilgis: 110 mm, Plotis: 200 mm, Tarpai tarp var\u017et\u0173 100mm, Var\u017etas 1\\\/2\\\" Tinka: CAT, Ekskavatorius krautuvas, 416C, 416D, 420D, 424D, 426C, 428C, 428D, 430D, 432D, 436C, 438D, 442D, 446D OE numeriai: 1873827, 1720085, 110x200.5\",\"breadcrumb\":{\"@id\":\"https:\\\/\\\/eskadalys.lt\\\/product\\\/slydimo-plokstele-long-life-poliamidas-13\\\/#breadcrumb\"},\"inLanguage\":\"sv-SE\",\"potentialAction\":[{\"@type\":\"ReadAction\",\"target\":[\"https:\\\/\\\/eskadalys.lt\\\/product\\\/slydimo-plokstele-long-life-poliamidas-13\\\/\"]}]},{\"@type\":\"ImageObject\",\"inLanguage\":\"sv-SE\",\"@id\":\"https:\\\/\\\/eskadalys.lt\\\/product\\\/slydimo-plokstele-long-life-poliamidas-13\\\/#primaryimage\",\"url\":\"https:\\\/\\\/eskadalys.lt\\\/wp-content\\\/uploads\\\/2024\\\/02\\\/cat-slizg-wysuwu-ramienia-428cd-20240121-174454.jpg?v=1714918595\",\"contentUrl\":\"https:\\\/\\\/eskadalys.lt\\\/wp-content\\\/uploads\\\/2024\\\/02\\\/cat-slizg-wysuwu-ramienia-428cd-20240121-174454.jpg?v=1714918595\",\"width\":1600,\"height\":851},{\"@type\":\"BreadcrumbList\",\"@id\":\"https:\\\/\\\/eskadalys.lt\\\/product\\\/slydimo-plokstele-long-life-poliamidas-13\\\/#breadcrumb\",\"itemListElement\":[{\"@type\":\"ListItem\",\"position\":1,\"name\":\"Strona g\u0142\u00f3wna\",\"item\":\"https:\\\/\\\/eskadalys.lt\\\/\"},{\"@type\":\"ListItem\",\"position\":2,\"name\":\"E-parduotuv\u0117\",\"item\":\"https:\\\/\\\/eskadalys.lt\\\/e-parduotuve\\\/\"},{\"@type\":\"ListItem\",\"position\":3,\"name\":\"Slydimo plok\u0161tel\u0117 LONG LIFE Poliamidas !!! &#8211; 1873827\"}]},{\"@type\":\"WebSite\",\"@id\":\"https:\\\/\\\/eskadalys.lt\\\/#website\",\"url\":\"https:\\\/\\\/eskadalys.lt\\\/\",\"name\":\"Eska dalys\",\"description\":\"Ekskavatori\u0173 \\\/ mini ekskavatori\u0173 \\\/ buldozeri\u0173 dalys\",\"publisher\":{\"@id\":\"https:\\\/\\\/eskadalys.lt\\\/#organization\"},\"potentialAction\":[{\"@type\":\"SearchAction\",\"target\":{\"@type\":\"EntryPoint\",\"urlTemplate\":\"https:\\\/\\\/eskadalys.lt\\\/?s={search_term_string}\"},\"query-input\":{\"@type\":\"PropertyValueSpecification\",\"valueRequired\":true,\"valueName\":\"search_term_string\"}}],\"inLanguage\":\"sv-SE\"},{\"@type\":\"Organization\",\"@id\":\"https:\\\/\\\/eskadalys.lt\\\/#organization\",\"name\":\"Eska dalys\",\"url\":\"https:\\\/\\\/eskadalys.lt\\\/\",\"logo\":{\"@type\":\"ImageObject\",\"inLanguage\":\"sv-SE\",\"@id\":\"https:\\\/\\\/eskadalys.lt\\\/#\\\/schema\\\/logo\\\/image\\\/\",\"url\":\"https:\\\/\\\/eskadalys.lt\\\/wp-content\\\/uploads\\\/2024\\\/01\\\/LOGO-ESKA-FINAL.svg\",\"contentUrl\":\"https:\\\/\\\/eskadalys.lt\\\/wp-content\\\/uploads\\\/2024\\\/01\\\/LOGO-ESKA-FINAL.svg\",\"width\":259,\"height\":201,\"caption\":\"Eska dalys\"},\"image\":{\"@id\":\"https:\\\/\\\/eskadalys.lt\\\/#\\\/schema\\\/logo\\\/image\\\/\"},\"sameAs\":[\"https:\\\/\\\/www.facebook.com\\\/profile.php?id=61556005720456\"]}]}<\/script>\n<!-- \/ Yoast SEO plugin. -->","yoast_head_json":{"title":"Glidplatta L\u00c5NG LIVSL\u00c4NGD Polyamid !!! - 1873827 | Bra pris | Snabb leverans | Eska delar","description":"Glidplatta LONG LIFE Polyamid !!! - 1873827 M\u00e5tt: H\u00f6jd: 15,2 mm, L\u00e4ngd: 110 mm, Bredd: 200 mm, Bultavst\u00e5nd 100 mm, Bult 1\/2&quot; Passar: CAT, Gr\u00e4vlastare, 416C, 416D, 420D, 424D, 426C, 428C, 428D, 430D, 432D, 436C, 438D, 442D, 446D OE-nummer: 1873827, 1720085, 110x200.5","robots":{"index":"index","follow":"follow","max-snippet":"max-snippet:-1","max-image-preview":"max-image-preview:large","max-video-preview":"max-video-preview:-1"},"canonical":"https:\/\/eskadalys.lt\/sv\/produkt-sv\/glidplatta-med-lang-livslangd-polyamid-13\/","og_locale":"sv_SE","og_type":"article","og_title":"Slydimo plok\u0161tel\u0117 LONG LIFE Poliamidas !!! - 1873827 | Gera kaina | Greitas pristatymas | Eska dalys","og_description":"Slydimo plok\u0161tel\u0117 LONG LIFE Poliamidas !!! - 1873827 Matmenys: Auk\u0161tis: 15.2 mm, Ilgis: 110 mm, Plotis: 200 mm, Tarpai tarp var\u017et\u0173 100mm, Var\u017etas 1\/2\" Tinka: CAT, Ekskavatorius krautuvas, 416C, 416D, 420D, 424D, 426C, 428C, 428D, 430D, 432D, 436C, 438D, 442D, 446D OE numeriai: 1873827, 1720085, 110x200.5","og_url":"https:\/\/eskadalys.lt\/sv\/produkt-sv\/glidplatta-med-lang-livslangd-polyamid-13\/","og_site_name":"Eska dalys","article_publisher":"https:\/\/www.facebook.com\/profile.php?id=61556005720456","article_modified_time":"2026-03-26T07:56:50+00:00","og_image":[{"width":1600,"height":851,"url":"https:\/\/eskadalys.lt\/wp-content\/uploads\/2024\/02\/cat-slizg-wysuwu-ramienia-428cd-20240121-174454.jpg?v=1714918595","type":"image\/jpeg"}],"schema":{"@context":"https:\/\/schema.org","@graph":[{"@type":"WebPage","@id":"https:\/\/eskadalys.lt\/product\/slydimo-plokstele-long-life-poliamidas-13\/","url":"https:\/\/eskadalys.lt\/product\/slydimo-plokstele-long-life-poliamidas-13\/","name":"Glidplatta L\u00c5NG LIVSL\u00c4NGD Polyamid !!! - 1873827 | Bra pris | Snabb leverans | Eska delar","isPartOf":{"@id":"https:\/\/eskadalys.lt\/#website"},"primaryImageOfPage":{"@id":"https:\/\/eskadalys.lt\/product\/slydimo-plokstele-long-life-poliamidas-13\/#primaryimage"},"image":{"@id":"https:\/\/eskadalys.lt\/product\/slydimo-plokstele-long-life-poliamidas-13\/#primaryimage"},"thumbnailUrl":"https:\/\/eskadalys.lt\/wp-content\/uploads\/2024\/02\/cat-slizg-wysuwu-ramienia-428cd-20240121-174454.jpg?v=1714918595","datePublished":"2024-02-11T04:24:36+00:00","dateModified":"2026-03-26T07:56:50+00:00","description":"Glidplatta LONG LIFE Polyamid !!! - 1873827 M\u00e5tt: H\u00f6jd: 15,2 mm, L\u00e4ngd: 110 mm, Bredd: 200 mm, Bultavst\u00e5nd 100 mm, Bult 1\/2&quot; Passar: CAT, Gr\u00e4vlastare, 416C, 416D, 420D, 424D, 426C, 428C, 428D, 430D, 432D, 436C, 438D, 442D, 446D OE-nummer: 1873827, 1720085, 110x200.5","breadcrumb":{"@id":"https:\/\/eskadalys.lt\/product\/slydimo-plokstele-long-life-poliamidas-13\/#breadcrumb"},"inLanguage":"sv-SE","potentialAction":[{"@type":"ReadAction","target":["https:\/\/eskadalys.lt\/product\/slydimo-plokstele-long-life-poliamidas-13\/"]}]},{"@type":"ImageObject","inLanguage":"sv-SE","@id":"https:\/\/eskadalys.lt\/product\/slydimo-plokstele-long-life-poliamidas-13\/#primaryimage","url":"https:\/\/eskadalys.lt\/wp-content\/uploads\/2024\/02\/cat-slizg-wysuwu-ramienia-428cd-20240121-174454.jpg?v=1714918595","contentUrl":"https:\/\/eskadalys.lt\/wp-content\/uploads\/2024\/02\/cat-slizg-wysuwu-ramienia-428cd-20240121-174454.jpg?v=1714918595","width":1600,"height":851},{"@type":"BreadcrumbList","@id":"https:\/\/eskadalys.lt\/product\/slydimo-plokstele-long-life-poliamidas-13\/#breadcrumb","itemListElement":[{"@type":"ListItem","position":1,"name":"Strona g\u0142\u00f3wna","item":"https:\/\/eskadalys.lt\/"},{"@type":"ListItem","position":2,"name":"E-parduotuv\u0117","item":"https:\/\/eskadalys.lt\/e-parduotuve\/"},{"@type":"ListItem","position":3,"name":"Slydimo plok\u0161tel\u0117 LONG LIFE Poliamidas !!! &#8211; 1873827"}]},{"@type":"WebSite","@id":"https:\/\/eskadalys.lt\/#website","url":"https:\/\/eskadalys.lt\/","name":"Eska parts","description":"Reservdelar till gr\u00e4vmaskin\/minigr\u00e4vmaskin\/bulldozer","publisher":{"@id":"https:\/\/eskadalys.lt\/#organization"},"potentialAction":[{"@type":"SearchAction","target":{"@type":"EntryPoint","urlTemplate":"https:\/\/eskadalys.lt\/?s={search_term_string}"},"query-input":{"@type":"PropertyValueSpecification","valueRequired":true,"valueName":"search_term_string"}}],"inLanguage":"sv-SE"},{"@type":"Organization","@id":"https:\/\/eskadalys.lt\/#organization","name":"Eska parts","url":"https:\/\/eskadalys.lt\/","logo":{"@type":"ImageObject","inLanguage":"sv-SE","@id":"https:\/\/eskadalys.lt\/#\/schema\/logo\/image\/","url":"https:\/\/eskadalys.lt\/wp-content\/uploads\/2024\/01\/LOGO-ESKA-FINAL.svg","contentUrl":"https:\/\/eskadalys.lt\/wp-content\/uploads\/2024\/01\/LOGO-ESKA-FINAL.svg","width":259,"height":201,"caption":"Eska dalys"},"image":{"@id":"https:\/\/eskadalys.lt\/#\/schema\/logo\/image\/"},"sameAs":["https:\/\/www.facebook.com\/profile.php?id=61556005720456"]}]}},"_links":{"self":[{"href":"https:\/\/eskadalys.lt\/sv\/wp-json\/wp\/v2\/product\/5914","targetHints":{"allow":["GET"]}}],"collection":[{"href":"https:\/\/eskadalys.lt\/sv\/wp-json\/wp\/v2\/product"}],"about":[{"href":"https:\/\/eskadalys.lt\/sv\/wp-json\/wp\/v2\/types\/product"}],"wp:featuredmedia":[{"embeddable":true,"href":"https:\/\/eskadalys.lt\/sv\/wp-json\/wp\/v2\/media\/104268"}],"wp:attachment":[{"href":"https:\/\/eskadalys.lt\/sv\/wp-json\/wp\/v2\/media?parent=5914"}],"wp:term":[{"taxonomy":"product_brand","embeddable":true,"href":"https:\/\/eskadalys.lt\/sv\/wp-json\/wp\/v2\/product_brand?post=5914"},{"taxonomy":"product_cat","embeddable":true,"href":"https:\/\/eskadalys.lt\/sv\/wp-json\/wp\/v2\/product_cat?post=5914"},{"taxonomy":"product_tag","embeddable":true,"href":"https:\/\/eskadalys.lt\/sv\/wp-json\/wp\/v2\/product_tag?post=5914"}],"curies":[{"name":"wp","href":"https:\/\/api.w.org\/{rel}","templated":true}]}}