{"id":5912,"date":"2024-02-11T06:24:22","date_gmt":"2024-02-11T04:24:22","guid":{"rendered":"https:\/\/eskadalys.lt\/?post_type=product&#038;p=5912"},"modified":"2026-03-26T09:56:50","modified_gmt":"2026-03-26T07:56:50","slug":"glidplatta-med-lang-livslangd-i-polyamid-11","status":"publish","type":"product","link":"https:\/\/eskadalys.lt\/sv\/product\/slydimo-plokstele-long-life-poliamidas-11\/","title":{"rendered":"Glidplatta L\u00c5NG LIVSL\u00c4NGD Polyamid !!! \u2013 8I6294"},"content":{"rendered":"<p><strong>Glidplatta L\u00c5NG LIVSL\u00c4NGD Polyamid !!! \u2013 8I6294<\/strong><br \/>\nM\u00e5tt:<br \/>\nL\u00e4ngd: 200 mm,<br \/>\nBredd: 50,2 mm,<br \/>\nTjocklek: 15,3 mm,<br \/>\nAvst\u00e5nd mellan skruvar 100 mm,<br \/>\n<strong>L\u00e4mplig f\u00f6r:<\/strong> CAT, Teleskoplastare, RT80, RT100, TH62, TH63, TH82, TH83<br \/>\n<strong>OE-nummer::<\/strong> 8I6294, 897310, 985844<br \/>\n8I-6294<\/p>\n<h3>\ud83d\udd0d Letar efter en annan produkt fr\u00e5n kategorin <a href=\"https:\/\/eskadalys.lt\/sv\/produktkategori-sv\/hasplatar\/bomskyddsplatar\/\">Boomskyddspl\u00e5tar<\/a> ?<\/h3>\n<h3>\ud83d\udee0\ufe0f Reservdelar till byggmaskiner \u2013 du hittar fler av dem <a href=\"https:\/\/eskadalys.lt\/sv\/produktkategori-sv\/hasplatar\/\">Glidplattor<\/a> i kategorin.<\/h3>\n<p>Om du \u00e4r os\u00e4ker p\u00e5 om den h\u00e4r delen passar din maskin, <strong>V\u00e4nligen skicka oss fordonets serienummer (VIN) innan du k\u00f6per.<\/strong>. Vi kommer att kontrollera kompatibiliteten med hj\u00e4lp av katalogerna och <strong>Vi kommer att erbjuda r\u00e4tt del<\/strong>. Om du inte hittar den del du beh\u00f6ver, skriv till oss \u2013 vi hj\u00e4lper dig att hitta den!<\/p>\n<p><strong>\ud83d\udce6 Lager i Litauen<\/strong> \u2013 best\u00e4llningar som g\u00f6rs f\u00f6re kl. 14.00 skickas samma dag.<\/p>\n<p><strong>\ud83d\ude80 Snabb leverans<\/strong> \u2013 best\u00e4llda varor som vi f\u00f6r n\u00e4rvarande inte har i lager levereras inom 3-4 arbetsdagar.<\/p>\n<p><strong>\ud83d\udcc8 Brett utbud<\/strong> \u2013 vi ut\u00f6kar st\u00e4ndigt v\u00e5rt produktsortiment.<\/p>","protected":false},"excerpt":{"rendered":"<p>8I6294 CVA<\/p>","protected":false},"featured_media":104260,"template":"","meta":{"site-sidebar-layout":"default","site-content-layout":"","ast-site-content-layout":"default","site-content-style":"default","site-sidebar-style":"default","ast-global-header-display":"","ast-banner-title-visibility":"","ast-main-header-display":"","ast-hfb-above-header-display":"","ast-hfb-below-header-display":"","ast-hfb-mobile-header-display":"","site-post-title":"","ast-breadcrumbs-content":"","ast-featured-img":"","footer-sml-layout":"","ast-disable-related-posts":"","theme-transparent-header-meta":"","adv-header-id-meta":"","stick-header-meta":"","header-above-stick-meta":"","header-main-stick-meta":"","header-below-stick-meta":"","astra-migrate-meta-layouts":"default","ast-page-background-enabled":"default","ast-page-background-meta":{"desktop":{"background-color":"","background-image":"","background-repeat":"repeat","background-position":"center center","background-size":"auto","background-attachment":"scroll","background-type":"","background-media":"","overlay-type":"","overlay-color":"","overlay-opacity":"","overlay-gradient":""},"tablet":{"background-color":"","background-image":"","background-repeat":"repeat","background-position":"center center","background-size":"auto","background-attachment":"scroll","background-type":"","background-media":"","overlay-type":"","overlay-color":"","overlay-opacity":"","overlay-gradient":""},"mobile":{"background-color":"","background-image":"","background-repeat":"repeat","background-position":"center center","background-size":"auto","background-attachment":"scroll","background-type":"","background-media":"","overlay-type":"","overlay-color":"","overlay-opacity":"","overlay-gradient":""}},"ast-content-background-meta":{"desktop":{"background-color":"var(--ast-global-color-5)","background-image":"","background-repeat":"repeat","background-position":"center center","background-size":"auto","background-attachment":"scroll","background-type":"","background-media":"","overlay-type":"","overlay-color":"","overlay-opacity":"","overlay-gradient":""},"tablet":{"background-color":"var(--ast-global-color-5)","background-image":"","background-repeat":"repeat","background-position":"center center","background-size":"auto","background-attachment":"scroll","background-type":"","background-media":"","overlay-type":"","overlay-color":"","overlay-opacity":"","overlay-gradient":""},"mobile":{"background-color":"var(--ast-global-color-5)","background-image":"","background-repeat":"repeat","background-position":"center center","background-size":"auto","background-attachment":"scroll","background-type":"","background-media":"","overlay-type":"","overlay-color":"","overlay-opacity":"","overlay-gradient":""}}},"product_brand":[],"product_cat":[842],"product_tag":[46806],"class_list":{"0":"post-5912","1":"product","2":"type-product","3":"status-publish","4":"has-post-thumbnail","6":"product_cat-streles-slydimo-ploksteles","7":"product_tag-cat-teleskopiniai-krautuvai-rt80-rt100-th62-th63-th82-th83-8i6294-897310-985844","8":"desktop-align-left","9":"tablet-align-left","10":"mobile-align-left","12":"first","13":"onbackorder","14":"taxable","15":"shipping-taxable","16":"purchasable","17":"product-type-simple"},"yoast_head":"<!-- This site is optimized with the Yoast SEO plugin v27.3 - https:\/\/yoast.com\/product\/yoast-seo-wordpress\/ -->\n<title>Slydimo plok\u0161tel\u0117 LONG LIFE Poliamidas !!! - 8I6294 | Gera kaina | Greitas pristatymas | Eska dalys<\/title>\n<meta name=\"description\" content=\"Slydimo plok\u0161tel\u0117 LONG LIFE Poliamidas !!! - 8I6294 Matmenys: Ilgis: 200mm, Plotis: 50, 2mm, Storis: 15, 3 mm, Tarpai tarp var\u017et\u0173 100mm, Tinka: CAT, Teleskopiniai krautuvai, RT80, RT100, TH62, TH63, TH82, TH83 OE numeriai: 8I6294, 897310, 985844\" \/>\n<meta name=\"robots\" content=\"index, follow, max-snippet:-1, max-image-preview:large, max-video-preview:-1\" \/>\n<link rel=\"canonical\" href=\"https:\/\/eskadalys.lt\/sv\/produkt-sv\/glidplatta-med-lang-livslangd-i-polyamid-11\/\" \/>\n<meta property=\"og:locale\" content=\"sv_SE\" \/>\n<meta property=\"og:type\" content=\"article\" \/>\n<meta property=\"og:title\" content=\"Slydimo plok\u0161tel\u0117 LONG LIFE Poliamidas !!! - 8I6294 | Gera kaina | Greitas pristatymas | Eska dalys\" \/>\n<meta property=\"og:description\" content=\"Slydimo plok\u0161tel\u0117 LONG LIFE Poliamidas !!! - 8I6294 Matmenys: Ilgis: 200mm, Plotis: 50, 2mm, Storis: 15, 3 mm, Tarpai tarp var\u017et\u0173 100mm, Tinka: CAT, Teleskopiniai krautuvai, RT80, RT100, TH62, TH63, TH82, TH83 OE numeriai: 8I6294, 897310, 985844\" \/>\n<meta property=\"og:url\" content=\"https:\/\/eskadalys.lt\/sv\/produkt-sv\/glidplatta-med-lang-livslangd-i-polyamid-11\/\" \/>\n<meta property=\"og:site_name\" content=\"Eska dalys\" \/>\n<meta property=\"article:publisher\" content=\"https:\/\/www.facebook.com\/profile.php?id=61556005720456\" \/>\n<meta property=\"article:modified_time\" content=\"2026-03-26T07:56:50+00:00\" \/>\n<meta property=\"og:image\" content=\"https:\/\/eskadalys.lt\/wp-content\/uploads\/2024\/02\/pad-turning-long-life-5-20240121-174439-scaled-1.jpg?v=1714918612\" \/>\n\t<meta property=\"og:image:width\" content=\"1600\" \/>\n\t<meta property=\"og:image:height\" content=\"1988\" \/>\n\t<meta property=\"og:image:type\" content=\"image\/jpeg\" \/>\n<script type=\"application\/ld+json\" class=\"yoast-schema-graph\">{\"@context\":\"https:\\\/\\\/schema.org\",\"@graph\":[{\"@type\":\"WebPage\",\"@id\":\"https:\\\/\\\/eskadalys.lt\\\/product\\\/slydimo-plokstele-long-life-poliamidas-11\\\/\",\"url\":\"https:\\\/\\\/eskadalys.lt\\\/product\\\/slydimo-plokstele-long-life-poliamidas-11\\\/\",\"name\":\"Slydimo plok\u0161tel\u0117 LONG LIFE Poliamidas !!! - 8I6294 | Gera kaina | Greitas pristatymas | Eska dalys\",\"isPartOf\":{\"@id\":\"https:\\\/\\\/eskadalys.lt\\\/#website\"},\"primaryImageOfPage\":{\"@id\":\"https:\\\/\\\/eskadalys.lt\\\/product\\\/slydimo-plokstele-long-life-poliamidas-11\\\/#primaryimage\"},\"image\":{\"@id\":\"https:\\\/\\\/eskadalys.lt\\\/product\\\/slydimo-plokstele-long-life-poliamidas-11\\\/#primaryimage\"},\"thumbnailUrl\":\"https:\\\/\\\/eskadalys.lt\\\/wp-content\\\/uploads\\\/2024\\\/02\\\/pad-turning-long-life-5-20240121-174439-scaled-1.jpg?v=1714918612\",\"datePublished\":\"2024-02-11T04:24:22+00:00\",\"dateModified\":\"2026-03-26T07:56:50+00:00\",\"description\":\"Slydimo plok\u0161tel\u0117 LONG LIFE Poliamidas !!! - 8I6294 Matmenys: Ilgis: 200mm, Plotis: 50, 2mm, Storis: 15, 3 mm, Tarpai tarp var\u017et\u0173 100mm, Tinka: CAT, Teleskopiniai krautuvai, RT80, RT100, TH62, TH63, TH82, TH83 OE numeriai: 8I6294, 897310, 985844\",\"breadcrumb\":{\"@id\":\"https:\\\/\\\/eskadalys.lt\\\/product\\\/slydimo-plokstele-long-life-poliamidas-11\\\/#breadcrumb\"},\"inLanguage\":\"sv-SE\",\"potentialAction\":[{\"@type\":\"ReadAction\",\"target\":[\"https:\\\/\\\/eskadalys.lt\\\/product\\\/slydimo-plokstele-long-life-poliamidas-11\\\/\"]}]},{\"@type\":\"ImageObject\",\"inLanguage\":\"sv-SE\",\"@id\":\"https:\\\/\\\/eskadalys.lt\\\/product\\\/slydimo-plokstele-long-life-poliamidas-11\\\/#primaryimage\",\"url\":\"https:\\\/\\\/eskadalys.lt\\\/wp-content\\\/uploads\\\/2024\\\/02\\\/pad-turning-long-life-5-20240121-174439-scaled-1.jpg?v=1714918612\",\"contentUrl\":\"https:\\\/\\\/eskadalys.lt\\\/wp-content\\\/uploads\\\/2024\\\/02\\\/pad-turning-long-life-5-20240121-174439-scaled-1.jpg?v=1714918612\",\"width\":1600,\"height\":1988},{\"@type\":\"BreadcrumbList\",\"@id\":\"https:\\\/\\\/eskadalys.lt\\\/product\\\/slydimo-plokstele-long-life-poliamidas-11\\\/#breadcrumb\",\"itemListElement\":[{\"@type\":\"ListItem\",\"position\":1,\"name\":\"Strona g\u0142\u00f3wna\",\"item\":\"https:\\\/\\\/eskadalys.lt\\\/\"},{\"@type\":\"ListItem\",\"position\":2,\"name\":\"E-parduotuv\u0117\",\"item\":\"https:\\\/\\\/eskadalys.lt\\\/e-parduotuve\\\/\"},{\"@type\":\"ListItem\",\"position\":3,\"name\":\"Slydimo plok\u0161tel\u0117 LONG LIFE Poliamidas !!! &#8211; 8I6294\"}]},{\"@type\":\"WebSite\",\"@id\":\"https:\\\/\\\/eskadalys.lt\\\/#website\",\"url\":\"https:\\\/\\\/eskadalys.lt\\\/\",\"name\":\"Eska dalys\",\"description\":\"Ekskavatori\u0173 \\\/ mini ekskavatori\u0173 \\\/ buldozeri\u0173 dalys\",\"publisher\":{\"@id\":\"https:\\\/\\\/eskadalys.lt\\\/#organization\"},\"potentialAction\":[{\"@type\":\"SearchAction\",\"target\":{\"@type\":\"EntryPoint\",\"urlTemplate\":\"https:\\\/\\\/eskadalys.lt\\\/?s={search_term_string}\"},\"query-input\":{\"@type\":\"PropertyValueSpecification\",\"valueRequired\":true,\"valueName\":\"search_term_string\"}}],\"inLanguage\":\"sv-SE\"},{\"@type\":\"Organization\",\"@id\":\"https:\\\/\\\/eskadalys.lt\\\/#organization\",\"name\":\"Eska dalys\",\"url\":\"https:\\\/\\\/eskadalys.lt\\\/\",\"logo\":{\"@type\":\"ImageObject\",\"inLanguage\":\"sv-SE\",\"@id\":\"https:\\\/\\\/eskadalys.lt\\\/#\\\/schema\\\/logo\\\/image\\\/\",\"url\":\"https:\\\/\\\/eskadalys.lt\\\/wp-content\\\/uploads\\\/2024\\\/01\\\/LOGO-ESKA-FINAL.svg\",\"contentUrl\":\"https:\\\/\\\/eskadalys.lt\\\/wp-content\\\/uploads\\\/2024\\\/01\\\/LOGO-ESKA-FINAL.svg\",\"width\":259,\"height\":201,\"caption\":\"Eska dalys\"},\"image\":{\"@id\":\"https:\\\/\\\/eskadalys.lt\\\/#\\\/schema\\\/logo\\\/image\\\/\"},\"sameAs\":[\"https:\\\/\\\/www.facebook.com\\\/profile.php?id=61556005720456\"]}]}<\/script>\n<!-- \/ Yoast SEO plugin. -->","yoast_head_json":{"title":"Glidplatta L\u00c5NG LIVSL\u00c4NGD Polyamid !!! - 8I6294 | Bra pris | Snabb leverans | Eska delar","description":"Glidplatta L\u00c5NG LIVSL\u00c4NGD Polyamid !!! - 8I6294 M\u00e5tt: L\u00e4ngd: 200 mm, Bredd: 50,2 mm, Tjocklek: 15,3 mm, Bultavst\u00e5nd 100 mm, Passar: CAT, Teleskoplastare, RT80, RT100, TH62, TH63, TH82, TH83 OE-nummer: 8I6294, 897310, 985844","robots":{"index":"index","follow":"follow","max-snippet":"max-snippet:-1","max-image-preview":"max-image-preview:large","max-video-preview":"max-video-preview:-1"},"canonical":"https:\/\/eskadalys.lt\/sv\/produkt-sv\/glidplatta-med-lang-livslangd-i-polyamid-11\/","og_locale":"sv_SE","og_type":"article","og_title":"Slydimo plok\u0161tel\u0117 LONG LIFE Poliamidas !!! - 8I6294 | Gera kaina | Greitas pristatymas | Eska dalys","og_description":"Slydimo plok\u0161tel\u0117 LONG LIFE Poliamidas !!! - 8I6294 Matmenys: Ilgis: 200mm, Plotis: 50, 2mm, Storis: 15, 3 mm, Tarpai tarp var\u017et\u0173 100mm, Tinka: CAT, Teleskopiniai krautuvai, RT80, RT100, TH62, TH63, TH82, TH83 OE numeriai: 8I6294, 897310, 985844","og_url":"https:\/\/eskadalys.lt\/sv\/produkt-sv\/glidplatta-med-lang-livslangd-i-polyamid-11\/","og_site_name":"Eska dalys","article_publisher":"https:\/\/www.facebook.com\/profile.php?id=61556005720456","article_modified_time":"2026-03-26T07:56:50+00:00","og_image":[{"width":1600,"height":1988,"url":"https:\/\/eskadalys.lt\/wp-content\/uploads\/2024\/02\/pad-turning-long-life-5-20240121-174439-scaled-1.jpg?v=1714918612","type":"image\/jpeg"}],"schema":{"@context":"https:\/\/schema.org","@graph":[{"@type":"WebPage","@id":"https:\/\/eskadalys.lt\/product\/slydimo-plokstele-long-life-poliamidas-11\/","url":"https:\/\/eskadalys.lt\/product\/slydimo-plokstele-long-life-poliamidas-11\/","name":"Glidplatta L\u00c5NG LIVSL\u00c4NGD Polyamid !!! - 8I6294 | Bra pris | Snabb leverans | Eska delar","isPartOf":{"@id":"https:\/\/eskadalys.lt\/#website"},"primaryImageOfPage":{"@id":"https:\/\/eskadalys.lt\/product\/slydimo-plokstele-long-life-poliamidas-11\/#primaryimage"},"image":{"@id":"https:\/\/eskadalys.lt\/product\/slydimo-plokstele-long-life-poliamidas-11\/#primaryimage"},"thumbnailUrl":"https:\/\/eskadalys.lt\/wp-content\/uploads\/2024\/02\/pad-turning-long-life-5-20240121-174439-scaled-1.jpg?v=1714918612","datePublished":"2024-02-11T04:24:22+00:00","dateModified":"2026-03-26T07:56:50+00:00","description":"Glidplatta L\u00c5NG LIVSL\u00c4NGD Polyamid !!! - 8I6294 M\u00e5tt: L\u00e4ngd: 200 mm, Bredd: 50,2 mm, Tjocklek: 15,3 mm, Bultavst\u00e5nd 100 mm, Passar: CAT, Teleskoplastare, RT80, RT100, TH62, TH63, TH82, TH83 OE-nummer: 8I6294, 897310, 985844","breadcrumb":{"@id":"https:\/\/eskadalys.lt\/product\/slydimo-plokstele-long-life-poliamidas-11\/#breadcrumb"},"inLanguage":"sv-SE","potentialAction":[{"@type":"ReadAction","target":["https:\/\/eskadalys.lt\/product\/slydimo-plokstele-long-life-poliamidas-11\/"]}]},{"@type":"ImageObject","inLanguage":"sv-SE","@id":"https:\/\/eskadalys.lt\/product\/slydimo-plokstele-long-life-poliamidas-11\/#primaryimage","url":"https:\/\/eskadalys.lt\/wp-content\/uploads\/2024\/02\/pad-turning-long-life-5-20240121-174439-scaled-1.jpg?v=1714918612","contentUrl":"https:\/\/eskadalys.lt\/wp-content\/uploads\/2024\/02\/pad-turning-long-life-5-20240121-174439-scaled-1.jpg?v=1714918612","width":1600,"height":1988},{"@type":"BreadcrumbList","@id":"https:\/\/eskadalys.lt\/product\/slydimo-plokstele-long-life-poliamidas-11\/#breadcrumb","itemListElement":[{"@type":"ListItem","position":1,"name":"Strona g\u0142\u00f3wna","item":"https:\/\/eskadalys.lt\/"},{"@type":"ListItem","position":2,"name":"E-parduotuv\u0117","item":"https:\/\/eskadalys.lt\/e-parduotuve\/"},{"@type":"ListItem","position":3,"name":"Slydimo plok\u0161tel\u0117 LONG LIFE Poliamidas !!! &#8211; 8I6294"}]},{"@type":"WebSite","@id":"https:\/\/eskadalys.lt\/#website","url":"https:\/\/eskadalys.lt\/","name":"Eska parts","description":"Reservdelar till gr\u00e4vmaskin\/minigr\u00e4vmaskin\/bulldozer","publisher":{"@id":"https:\/\/eskadalys.lt\/#organization"},"potentialAction":[{"@type":"SearchAction","target":{"@type":"EntryPoint","urlTemplate":"https:\/\/eskadalys.lt\/?s={search_term_string}"},"query-input":{"@type":"PropertyValueSpecification","valueRequired":true,"valueName":"search_term_string"}}],"inLanguage":"sv-SE"},{"@type":"Organization","@id":"https:\/\/eskadalys.lt\/#organization","name":"Eska parts","url":"https:\/\/eskadalys.lt\/","logo":{"@type":"ImageObject","inLanguage":"sv-SE","@id":"https:\/\/eskadalys.lt\/#\/schema\/logo\/image\/","url":"https:\/\/eskadalys.lt\/wp-content\/uploads\/2024\/01\/LOGO-ESKA-FINAL.svg","contentUrl":"https:\/\/eskadalys.lt\/wp-content\/uploads\/2024\/01\/LOGO-ESKA-FINAL.svg","width":259,"height":201,"caption":"Eska dalys"},"image":{"@id":"https:\/\/eskadalys.lt\/#\/schema\/logo\/image\/"},"sameAs":["https:\/\/www.facebook.com\/profile.php?id=61556005720456"]}]}},"_links":{"self":[{"href":"https:\/\/eskadalys.lt\/sv\/wp-json\/wp\/v2\/product\/5912","targetHints":{"allow":["GET"]}}],"collection":[{"href":"https:\/\/eskadalys.lt\/sv\/wp-json\/wp\/v2\/product"}],"about":[{"href":"https:\/\/eskadalys.lt\/sv\/wp-json\/wp\/v2\/types\/product"}],"wp:featuredmedia":[{"embeddable":true,"href":"https:\/\/eskadalys.lt\/sv\/wp-json\/wp\/v2\/media\/104260"}],"wp:attachment":[{"href":"https:\/\/eskadalys.lt\/sv\/wp-json\/wp\/v2\/media?parent=5912"}],"wp:term":[{"taxonomy":"product_brand","embeddable":true,"href":"https:\/\/eskadalys.lt\/sv\/wp-json\/wp\/v2\/product_brand?post=5912"},{"taxonomy":"product_cat","embeddable":true,"href":"https:\/\/eskadalys.lt\/sv\/wp-json\/wp\/v2\/product_cat?post=5912"},{"taxonomy":"product_tag","embeddable":true,"href":"https:\/\/eskadalys.lt\/sv\/wp-json\/wp\/v2\/product_tag?post=5912"}],"curies":[{"name":"wp","href":"https:\/\/api.w.org\/{rel}","templated":true}]}}