{"id":4985,"date":"2024-02-11T05:21:23","date_gmt":"2024-02-11T03:21:23","guid":{"rendered":"https:\/\/eskadalys.lt\/?post_type=product&#038;p=4985"},"modified":"2026-03-26T09:55:47","modified_gmt":"2026-03-26T07:55:47","slug":"jcb-gummiskrapa-600-mm-lang-714-40344-for-gravmaskiner-js130-js160-js200","status":"publish","type":"product","link":"https:\/\/eskadalys.lt\/sv\/product\/jcb-valytuvo-kojele-600mm-ilgio-714-40344-ekskavatoriams-js130-js160-js200\/","title":{"rendered":"JCB gummiskrapben 600 mm l\u00e5ngt f\u00f6r gr\u00e4vmaskiner JS130, JS160, JS200 \u2013 714\/40344"},"content":{"rendered":"<p><strong>JCB gummiskrapben 600 mm l\u00e5ngt f\u00f6r gr\u00e4vmaskiner JS130, JS160, JS200 \u2013 714\/40344<\/strong><br \/>\n600 mm,<br \/>\n<strong>L\u00e4mplig f\u00f6r:<\/strong> JCB, JS130, JS160, JS180, JS200, JS240, JS260<br \/>\n<strong>OE-nummer::<\/strong> 714\/40267<\/p>\n<h3>\ud83d\udd0d Letar efter en annan produkt fr\u00e5n kategorin <a href=\"https:\/\/eskadalys.lt\/sv\/produktkategori-sv\/kroppsdelar\/vindrutetorkare\/\">Vindrutetorkare<\/a> ?<\/h3>\n<h3>\ud83d\udee0\ufe0f Reservdelar till byggmaskiner \u2013 du hittar fler av dem <a href=\"https:\/\/eskadalys.lt\/sv\/produktkategori-sv\/kroppsdelar\/\">Kroppsdelar<\/a> i kategorin.<\/h3>\n<p>Om du \u00e4r os\u00e4ker p\u00e5 om den h\u00e4r delen passar din maskin, <strong>V\u00e4nligen skicka oss fordonets serienummer (VIN) innan du k\u00f6per.<\/strong>. Vi kommer att kontrollera kompatibiliteten med hj\u00e4lp av katalogerna och <strong>Vi kommer att erbjuda r\u00e4tt del<\/strong>. Om du inte hittar den del du beh\u00f6ver, skriv till oss \u2013 vi hj\u00e4lper dig att hitta den!<\/p>\n<p><strong>\ud83d\udce6 Lager i Litauen<\/strong> \u2013 best\u00e4llningar som g\u00f6rs f\u00f6re kl. 14.00 skickas samma dag.<\/p>\n<p><strong>\ud83d\ude80 Snabb leverans<\/strong> \u2013 best\u00e4llda varor som vi f\u00f6r n\u00e4rvarande inte har i lager levereras inom 3-4 arbetsdagar.<\/p>\n<p><strong>\ud83d\udcc8 Brett utbud<\/strong> \u2013 vi ut\u00f6kar st\u00e4ndigt v\u00e5rt produktsortiment.<\/p>","protected":false},"excerpt":{"rendered":"<p>714\/40344<\/p>","protected":false},"featured_media":102506,"template":"","meta":{"site-sidebar-layout":"default","site-content-layout":"","ast-site-content-layout":"default","site-content-style":"default","site-sidebar-style":"default","ast-global-header-display":"","ast-banner-title-visibility":"","ast-main-header-display":"","ast-hfb-above-header-display":"","ast-hfb-below-header-display":"","ast-hfb-mobile-header-display":"","site-post-title":"","ast-breadcrumbs-content":"","ast-featured-img":"","footer-sml-layout":"","ast-disable-related-posts":"","theme-transparent-header-meta":"default","adv-header-id-meta":"","stick-header-meta":"","header-above-stick-meta":"","header-main-stick-meta":"","header-below-stick-meta":"","astra-migrate-meta-layouts":"set","ast-page-background-enabled":"default","ast-page-background-meta":{"desktop":{"background-color":"","background-image":"","background-repeat":"repeat","background-position":"center center","background-size":"auto","background-attachment":"scroll","background-type":"","background-media":"","overlay-type":"","overlay-color":"","overlay-opacity":"","overlay-gradient":""},"tablet":{"background-color":"","background-image":"","background-repeat":"repeat","background-position":"center center","background-size":"auto","background-attachment":"scroll","background-type":"","background-media":"","overlay-type":"","overlay-color":"","overlay-opacity":"","overlay-gradient":""},"mobile":{"background-color":"","background-image":"","background-repeat":"repeat","background-position":"center center","background-size":"auto","background-attachment":"scroll","background-type":"","background-media":"","overlay-type":"","overlay-color":"","overlay-opacity":"","overlay-gradient":""}},"ast-content-background-meta":{"desktop":{"background-color":"var(--ast-global-color-5)","background-image":"","background-repeat":"repeat","background-position":"center center","background-size":"auto","background-attachment":"scroll","background-type":"","background-media":"","overlay-type":"","overlay-color":"","overlay-opacity":"","overlay-gradient":""},"tablet":{"background-color":"var(--ast-global-color-5)","background-image":"","background-repeat":"repeat","background-position":"center center","background-size":"auto","background-attachment":"scroll","background-type":"","background-media":"","overlay-type":"","overlay-color":"","overlay-opacity":"","overlay-gradient":""},"mobile":{"background-color":"var(--ast-global-color-5)","background-image":"","background-repeat":"repeat","background-position":"center center","background-size":"auto","background-attachment":"scroll","background-type":"","background-media":"","overlay-type":"","overlay-color":"","overlay-opacity":"","overlay-gradient":""}}},"product_brand":[],"product_cat":[743],"product_tag":[49868,42907,49865,49627,49628,49629,49866,49867],"class_list":{"0":"post-4985","1":"product","2":"type-product","3":"status-publish","4":"has-post-thumbnail","6":"product_cat-valytuvai","7":"product_tag-714-40267","8":"product_tag-jcb","9":"product_tag-js130","10":"product_tag-js160","11":"product_tag-js180","12":"product_tag-js200","13":"product_tag-js240","14":"product_tag-js260","15":"desktop-align-left","16":"tablet-align-left","17":"mobile-align-left","19":"first","20":"onbackorder","21":"taxable","22":"shipping-taxable","23":"purchasable","24":"product-type-simple"},"yoast_head":"<!-- This site is optimized with the Yoast SEO plugin v27.3 - https:\/\/yoast.com\/product\/yoast-seo-wordpress\/ -->\n<title>JCB Valytuvo kojel\u0117 600MM ilgio ekskavatoriams JS130, JS160, JS200 - 714\/40344 | Gera kaina | Greitas pristatymas | Eska dalys<\/title>\n<meta name=\"description\" content=\"JCB Valytuvo kojel\u0117 600MM ilgio (714\/40344) ekskavatoriams JS130, JS160, JS200 - 714\/40344 600mm, Tinka: JCB, JS130, JS160, JS180, JS200, JS240, JS260 OE numeriai: 714\/40267\" \/>\n<meta name=\"robots\" content=\"index, follow, max-snippet:-1, max-image-preview:large, max-video-preview:-1\" \/>\n<link rel=\"canonical\" href=\"https:\/\/eskadalys.lt\/sv\/produkt-sv\/jcb-gummiskrapa-600-mm-lang-714-40344-for-gravmaskiner-js130-js160-js200\/\" \/>\n<meta property=\"og:locale\" content=\"sv_SE\" \/>\n<meta property=\"og:type\" content=\"article\" \/>\n<meta property=\"og:title\" content=\"JCB Valytuvo kojel\u0117 600MM ilgio ekskavatoriams JS130, JS160, JS200 - 714\/40344 | Gera kaina | Greitas pristatymas | Eska dalys\" \/>\n<meta property=\"og:description\" content=\"JCB Valytuvo kojel\u0117 600MM ilgio (714\/40344) ekskavatoriams JS130, JS160, JS200 - 714\/40344 600mm, Tinka: JCB, JS130, JS160, JS180, JS200, JS240, JS260 OE numeriai: 714\/40267\" \/>\n<meta property=\"og:url\" content=\"https:\/\/eskadalys.lt\/sv\/produkt-sv\/jcb-gummiskrapa-600-mm-lang-714-40344-for-gravmaskiner-js130-js160-js200\/\" \/>\n<meta property=\"og:site_name\" content=\"Eska dalys\" \/>\n<meta property=\"article:publisher\" content=\"https:\/\/www.facebook.com\/profile.php?id=61556005720456\" \/>\n<meta property=\"article:modified_time\" content=\"2026-03-26T07:55:47+00:00\" \/>\n<meta property=\"og:image\" content=\"https:\/\/eskadalys.lt\/wp-content\/uploads\/2024\/02\/wiper-blade-20240121-164240-scaled-1.jpg?v=1714924831\" \/>\n\t<meta property=\"og:image:width\" content=\"1600\" \/>\n\t<meta property=\"og:image:height\" content=\"386\" \/>\n\t<meta property=\"og:image:type\" content=\"image\/jpeg\" \/>\n<script type=\"application\/ld+json\" class=\"yoast-schema-graph\">{\"@context\":\"https:\\\/\\\/schema.org\",\"@graph\":[{\"@type\":\"WebPage\",\"@id\":\"https:\\\/\\\/eskadalys.lt\\\/product\\\/jcb-valytuvo-kojele-600mm-ilgio-714-40344-ekskavatoriams-js130-js160-js200\\\/\",\"url\":\"https:\\\/\\\/eskadalys.lt\\\/product\\\/jcb-valytuvo-kojele-600mm-ilgio-714-40344-ekskavatoriams-js130-js160-js200\\\/\",\"name\":\"JCB Valytuvo kojel\u0117 600MM ilgio ekskavatoriams JS130, JS160, JS200 - 714\\\/40344 | Gera kaina | Greitas pristatymas | Eska dalys\",\"isPartOf\":{\"@id\":\"https:\\\/\\\/eskadalys.lt\\\/#website\"},\"primaryImageOfPage\":{\"@id\":\"https:\\\/\\\/eskadalys.lt\\\/product\\\/jcb-valytuvo-kojele-600mm-ilgio-714-40344-ekskavatoriams-js130-js160-js200\\\/#primaryimage\"},\"image\":{\"@id\":\"https:\\\/\\\/eskadalys.lt\\\/product\\\/jcb-valytuvo-kojele-600mm-ilgio-714-40344-ekskavatoriams-js130-js160-js200\\\/#primaryimage\"},\"thumbnailUrl\":\"https:\\\/\\\/eskadalys.lt\\\/wp-content\\\/uploads\\\/2024\\\/02\\\/wiper-blade-20240121-164240-scaled-1.jpg?v=1714924831\",\"datePublished\":\"2024-02-11T03:21:23+00:00\",\"dateModified\":\"2026-03-26T07:55:47+00:00\",\"description\":\"JCB Valytuvo kojel\u0117 600MM ilgio (714\\\/40344) ekskavatoriams JS130, JS160, JS200 - 714\\\/40344 600mm, Tinka: JCB, JS130, JS160, JS180, JS200, JS240, JS260 OE numeriai: 714\\\/40267\",\"breadcrumb\":{\"@id\":\"https:\\\/\\\/eskadalys.lt\\\/product\\\/jcb-valytuvo-kojele-600mm-ilgio-714-40344-ekskavatoriams-js130-js160-js200\\\/#breadcrumb\"},\"inLanguage\":\"sv-SE\",\"potentialAction\":[{\"@type\":\"ReadAction\",\"target\":[\"https:\\\/\\\/eskadalys.lt\\\/product\\\/jcb-valytuvo-kojele-600mm-ilgio-714-40344-ekskavatoriams-js130-js160-js200\\\/\"]}]},{\"@type\":\"ImageObject\",\"inLanguage\":\"sv-SE\",\"@id\":\"https:\\\/\\\/eskadalys.lt\\\/product\\\/jcb-valytuvo-kojele-600mm-ilgio-714-40344-ekskavatoriams-js130-js160-js200\\\/#primaryimage\",\"url\":\"https:\\\/\\\/eskadalys.lt\\\/wp-content\\\/uploads\\\/2024\\\/02\\\/wiper-blade-20240121-164240-scaled-1.jpg?v=1714924831\",\"contentUrl\":\"https:\\\/\\\/eskadalys.lt\\\/wp-content\\\/uploads\\\/2024\\\/02\\\/wiper-blade-20240121-164240-scaled-1.jpg?v=1714924831\",\"width\":1600,\"height\":386},{\"@type\":\"BreadcrumbList\",\"@id\":\"https:\\\/\\\/eskadalys.lt\\\/product\\\/jcb-valytuvo-kojele-600mm-ilgio-714-40344-ekskavatoriams-js130-js160-js200\\\/#breadcrumb\",\"itemListElement\":[{\"@type\":\"ListItem\",\"position\":1,\"name\":\"Strona g\u0142\u00f3wna\",\"item\":\"https:\\\/\\\/eskadalys.lt\\\/\"},{\"@type\":\"ListItem\",\"position\":2,\"name\":\"E-parduotuv\u0117\",\"item\":\"https:\\\/\\\/eskadalys.lt\\\/e-parduotuve\\\/\"},{\"@type\":\"ListItem\",\"position\":3,\"name\":\"JCB Valytuvo kojel\u0117 600MM ilgio ekskavatoriams JS130, JS160, JS200 &#8211; 714\\\/40344\"}]},{\"@type\":\"WebSite\",\"@id\":\"https:\\\/\\\/eskadalys.lt\\\/#website\",\"url\":\"https:\\\/\\\/eskadalys.lt\\\/\",\"name\":\"Eska dalys\",\"description\":\"Ekskavatori\u0173 \\\/ mini ekskavatori\u0173 \\\/ buldozeri\u0173 dalys\",\"publisher\":{\"@id\":\"https:\\\/\\\/eskadalys.lt\\\/#organization\"},\"potentialAction\":[{\"@type\":\"SearchAction\",\"target\":{\"@type\":\"EntryPoint\",\"urlTemplate\":\"https:\\\/\\\/eskadalys.lt\\\/?s={search_term_string}\"},\"query-input\":{\"@type\":\"PropertyValueSpecification\",\"valueRequired\":true,\"valueName\":\"search_term_string\"}}],\"inLanguage\":\"sv-SE\"},{\"@type\":\"Organization\",\"@id\":\"https:\\\/\\\/eskadalys.lt\\\/#organization\",\"name\":\"Eska dalys\",\"url\":\"https:\\\/\\\/eskadalys.lt\\\/\",\"logo\":{\"@type\":\"ImageObject\",\"inLanguage\":\"sv-SE\",\"@id\":\"https:\\\/\\\/eskadalys.lt\\\/#\\\/schema\\\/logo\\\/image\\\/\",\"url\":\"https:\\\/\\\/eskadalys.lt\\\/wp-content\\\/uploads\\\/2024\\\/01\\\/LOGO-ESKA-FINAL.svg\",\"contentUrl\":\"https:\\\/\\\/eskadalys.lt\\\/wp-content\\\/uploads\\\/2024\\\/01\\\/LOGO-ESKA-FINAL.svg\",\"width\":259,\"height\":201,\"caption\":\"Eska dalys\"},\"image\":{\"@id\":\"https:\\\/\\\/eskadalys.lt\\\/#\\\/schema\\\/logo\\\/image\\\/\"},\"sameAs\":[\"https:\\\/\\\/www.facebook.com\\\/profile.php?id=61556005720456\"]}]}<\/script>\n<!-- \/ Yoast SEO plugin. -->","yoast_head_json":{"title":"JCB gummiskrapa 600 mm l\u00e5ng f\u00f6r gr\u00e4vmaskiner JS130, JS160, JS200 - 714\/40344 | Bra pris | Snabb leverans | Eska delar","description":"JCB gummiskrapben 600 mm l\u00e5ngt (714\/40344) f\u00f6r gr\u00e4vmaskiner JS130, JS160, JS200 - 714\/40344 600 mm, Passar: JCB, JS130, JS160, JS180, JS200, JS240, JS260 OE-nummer: 714\/40267","robots":{"index":"index","follow":"follow","max-snippet":"max-snippet:-1","max-image-preview":"max-image-preview:large","max-video-preview":"max-video-preview:-1"},"canonical":"https:\/\/eskadalys.lt\/sv\/produkt-sv\/jcb-gummiskrapa-600-mm-lang-714-40344-for-gravmaskiner-js130-js160-js200\/","og_locale":"sv_SE","og_type":"article","og_title":"JCB Valytuvo kojel\u0117 600MM ilgio ekskavatoriams JS130, JS160, JS200 - 714\/40344 | Gera kaina | Greitas pristatymas | Eska dalys","og_description":"JCB Valytuvo kojel\u0117 600MM ilgio (714\/40344) ekskavatoriams JS130, JS160, JS200 - 714\/40344 600mm, Tinka: JCB, JS130, JS160, JS180, JS200, JS240, JS260 OE numeriai: 714\/40267","og_url":"https:\/\/eskadalys.lt\/sv\/produkt-sv\/jcb-gummiskrapa-600-mm-lang-714-40344-for-gravmaskiner-js130-js160-js200\/","og_site_name":"Eska dalys","article_publisher":"https:\/\/www.facebook.com\/profile.php?id=61556005720456","article_modified_time":"2026-03-26T07:55:47+00:00","og_image":[{"width":1600,"height":386,"url":"https:\/\/eskadalys.lt\/wp-content\/uploads\/2024\/02\/wiper-blade-20240121-164240-scaled-1.jpg?v=1714924831","type":"image\/jpeg"}],"schema":{"@context":"https:\/\/schema.org","@graph":[{"@type":"WebPage","@id":"https:\/\/eskadalys.lt\/product\/jcb-valytuvo-kojele-600mm-ilgio-714-40344-ekskavatoriams-js130-js160-js200\/","url":"https:\/\/eskadalys.lt\/product\/jcb-valytuvo-kojele-600mm-ilgio-714-40344-ekskavatoriams-js130-js160-js200\/","name":"JCB gummiskrapa 600 mm l\u00e5ng f\u00f6r gr\u00e4vmaskiner JS130, JS160, JS200 - 714\/40344 | Bra pris | Snabb leverans | Eska delar","isPartOf":{"@id":"https:\/\/eskadalys.lt\/#website"},"primaryImageOfPage":{"@id":"https:\/\/eskadalys.lt\/product\/jcb-valytuvo-kojele-600mm-ilgio-714-40344-ekskavatoriams-js130-js160-js200\/#primaryimage"},"image":{"@id":"https:\/\/eskadalys.lt\/product\/jcb-valytuvo-kojele-600mm-ilgio-714-40344-ekskavatoriams-js130-js160-js200\/#primaryimage"},"thumbnailUrl":"https:\/\/eskadalys.lt\/wp-content\/uploads\/2024\/02\/wiper-blade-20240121-164240-scaled-1.jpg?v=1714924831","datePublished":"2024-02-11T03:21:23+00:00","dateModified":"2026-03-26T07:55:47+00:00","description":"JCB gummiskrapben 600 mm l\u00e5ngt (714\/40344) f\u00f6r gr\u00e4vmaskiner JS130, JS160, JS200 - 714\/40344 600 mm, Passar: JCB, JS130, JS160, JS180, JS200, JS240, JS260 OE-nummer: 714\/40267","breadcrumb":{"@id":"https:\/\/eskadalys.lt\/product\/jcb-valytuvo-kojele-600mm-ilgio-714-40344-ekskavatoriams-js130-js160-js200\/#breadcrumb"},"inLanguage":"sv-SE","potentialAction":[{"@type":"ReadAction","target":["https:\/\/eskadalys.lt\/product\/jcb-valytuvo-kojele-600mm-ilgio-714-40344-ekskavatoriams-js130-js160-js200\/"]}]},{"@type":"ImageObject","inLanguage":"sv-SE","@id":"https:\/\/eskadalys.lt\/product\/jcb-valytuvo-kojele-600mm-ilgio-714-40344-ekskavatoriams-js130-js160-js200\/#primaryimage","url":"https:\/\/eskadalys.lt\/wp-content\/uploads\/2024\/02\/wiper-blade-20240121-164240-scaled-1.jpg?v=1714924831","contentUrl":"https:\/\/eskadalys.lt\/wp-content\/uploads\/2024\/02\/wiper-blade-20240121-164240-scaled-1.jpg?v=1714924831","width":1600,"height":386},{"@type":"BreadcrumbList","@id":"https:\/\/eskadalys.lt\/product\/jcb-valytuvo-kojele-600mm-ilgio-714-40344-ekskavatoriams-js130-js160-js200\/#breadcrumb","itemListElement":[{"@type":"ListItem","position":1,"name":"Strona g\u0142\u00f3wna","item":"https:\/\/eskadalys.lt\/"},{"@type":"ListItem","position":2,"name":"E-parduotuv\u0117","item":"https:\/\/eskadalys.lt\/e-parduotuve\/"},{"@type":"ListItem","position":3,"name":"JCB Valytuvo kojel\u0117 600MM ilgio ekskavatoriams JS130, JS160, JS200 &#8211; 714\/40344"}]},{"@type":"WebSite","@id":"https:\/\/eskadalys.lt\/#website","url":"https:\/\/eskadalys.lt\/","name":"Eska parts","description":"Reservdelar till gr\u00e4vmaskin\/minigr\u00e4vmaskin\/bulldozer","publisher":{"@id":"https:\/\/eskadalys.lt\/#organization"},"potentialAction":[{"@type":"SearchAction","target":{"@type":"EntryPoint","urlTemplate":"https:\/\/eskadalys.lt\/?s={search_term_string}"},"query-input":{"@type":"PropertyValueSpecification","valueRequired":true,"valueName":"search_term_string"}}],"inLanguage":"sv-SE"},{"@type":"Organization","@id":"https:\/\/eskadalys.lt\/#organization","name":"Eska parts","url":"https:\/\/eskadalys.lt\/","logo":{"@type":"ImageObject","inLanguage":"sv-SE","@id":"https:\/\/eskadalys.lt\/#\/schema\/logo\/image\/","url":"https:\/\/eskadalys.lt\/wp-content\/uploads\/2024\/01\/LOGO-ESKA-FINAL.svg","contentUrl":"https:\/\/eskadalys.lt\/wp-content\/uploads\/2024\/01\/LOGO-ESKA-FINAL.svg","width":259,"height":201,"caption":"Eska dalys"},"image":{"@id":"https:\/\/eskadalys.lt\/#\/schema\/logo\/image\/"},"sameAs":["https:\/\/www.facebook.com\/profile.php?id=61556005720456"]}]}},"_links":{"self":[{"href":"https:\/\/eskadalys.lt\/sv\/wp-json\/wp\/v2\/product\/4985","targetHints":{"allow":["GET"]}}],"collection":[{"href":"https:\/\/eskadalys.lt\/sv\/wp-json\/wp\/v2\/product"}],"about":[{"href":"https:\/\/eskadalys.lt\/sv\/wp-json\/wp\/v2\/types\/product"}],"wp:featuredmedia":[{"embeddable":true,"href":"https:\/\/eskadalys.lt\/sv\/wp-json\/wp\/v2\/media\/102506"}],"wp:attachment":[{"href":"https:\/\/eskadalys.lt\/sv\/wp-json\/wp\/v2\/media?parent=4985"}],"wp:term":[{"taxonomy":"product_brand","embeddable":true,"href":"https:\/\/eskadalys.lt\/sv\/wp-json\/wp\/v2\/product_brand?post=4985"},{"taxonomy":"product_cat","embeddable":true,"href":"https:\/\/eskadalys.lt\/sv\/wp-json\/wp\/v2\/product_cat?post=4985"},{"taxonomy":"product_tag","embeddable":true,"href":"https:\/\/eskadalys.lt\/sv\/wp-json\/wp\/v2\/product_tag?post=4985"}],"curies":[{"name":"wp","href":"https:\/\/api.w.org\/{rel}","templated":true}]}}