{"id":498,"date":"2024-02-10T23:44:33","date_gmt":"2024-02-10T21:44:33","guid":{"rendered":"https:\/\/eskadalys.lt\/?post_type=product&#038;p=498"},"modified":"2026-04-12T08:13:19","modified_gmt":"2026-04-12T05:13:19","slug":"luftfilter-cva-7","status":"publish","type":"product","link":"https:\/\/eskadalys.lt\/sv\/product\/oro-filtras-cva-7\/","title":{"rendered":"Luftfilter CVA \u2013 11883619"},"content":{"rendered":"<p><strong>Luftfilter CVA \u2013 11883619<\/strong><br \/>\n<strong>L\u00e4mplig f\u00f6r:<\/strong> VOLVO, Gr\u00e4vlastare, BL60, BL61, BL61PLUS, BL70, BL71, BL71PLUS<br \/>\n<strong>OE-nummer::<\/strong> 11883619, FILTRON AR 285W, HENGST-FILTER E434LS, HIFI-FILTER SA 16302, KNECHT LXS 256, LUCAS-FILTER LFAF495, MAHLE LXS 256, MANN-FILTER CF 990\/2, MECAFILTER FA3223, MISFAT R438, WILMINK GROUP WG1216984, WIX-FILTER 46569E, CASE IH 1931167, HITACHI 4209588, HITACHI 4247974, HITACHI 4486014, HITACHI 5640058011, HITACHI AT199501, HITACHI L4247974, HITACHI L4486014, HITACHI U2428, JOHN DEERE AT171854, JOHN DEERE AT199501, JOHN DEERE ER263096, JOHN DEERE RT 60 05011112, KUBOTA 55231-26150, KUBOTA 855231-26150, VOLVO 11883619, VOLVO 43904218, VOLVO 43921493, VOLVO 43931955, VOLVO 70918479<br \/>\nVOE11883619<\/p>\n<h3>\ud83d\udd0d Letar efter en annan produkt fr\u00e5n kategorin <a href=\"https:\/\/eskadalys.lt\/sv\/produktkategori-sv\/filter-oljor-smorjmedel\/luftfilter\/\">Luftfilter<\/a> ?<\/h3>\n<h3>\ud83d\udee0\ufe0f VOLVO-delar \u2013 du hittar fler av dem <a href=\"https:\/\/eskadalys.lt\/sv\/produktkategori-sv\/filter-oljor-smorjmedel\/\"\">Filter\/oljor\/sm\u00f6rjmedel<\/a> i kategorin.<\/h3>\n<p>Om du \u00e4r os\u00e4ker p\u00e5 om den h\u00e4r delen passar din maskin, <strong>V\u00e4nligen skicka oss fordonets serienummer (VIN) innan du k\u00f6per.<\/strong>. Vi kommer att kontrollera kompatibiliteten med hj\u00e4lp av katalogerna och <strong>Vi kommer att erbjuda r\u00e4tt del<\/strong>. Om du inte hittar den del du beh\u00f6ver, skriv till oss \u2013 vi hj\u00e4lper dig att hitta den!<\/p>\n<p><strong>\ud83d\udce6 Lager i Litauen<\/strong> \u2013 best\u00e4llningar som g\u00f6rs f\u00f6re kl. 14.00 skickas samma dag.<\/p>\n<p><strong>\ud83d\ude80 Snabb leverans<\/strong> \u2013 best\u00e4llda varor som vi f\u00f6r n\u00e4rvarande inte har i lager levereras inom 3-4 arbetsdagar.<\/p>\n<p><strong>\ud83d\udcc8 Brett utbud<\/strong> \u2013 vi ut\u00f6kar st\u00e4ndigt v\u00e5rt produktsortiment.<\/p>","protected":false},"excerpt":{"rendered":"<p>11883619 CVA-nummer<\/p>","protected":false},"featured_media":92489,"template":"","meta":{"site-sidebar-layout":"default","site-content-layout":"","ast-site-content-layout":"default","site-content-style":"default","site-sidebar-style":"default","ast-global-header-display":"","ast-banner-title-visibility":"","ast-main-header-display":"","ast-hfb-above-header-display":"","ast-hfb-below-header-display":"","ast-hfb-mobile-header-display":"","site-post-title":"","ast-breadcrumbs-content":"","ast-featured-img":"","footer-sml-layout":"","ast-disable-related-posts":"","theme-transparent-header-meta":"","adv-header-id-meta":"","stick-header-meta":"","header-above-stick-meta":"","header-main-stick-meta":"","header-below-stick-meta":"","astra-migrate-meta-layouts":"default","ast-page-background-enabled":"default","ast-page-background-meta":{"desktop":{"background-color":"","background-image":"","background-repeat":"repeat","background-position":"center center","background-size":"auto","background-attachment":"scroll","background-type":"","background-media":"","overlay-type":"","overlay-color":"","overlay-opacity":"","overlay-gradient":""},"tablet":{"background-color":"","background-image":"","background-repeat":"repeat","background-position":"center center","background-size":"auto","background-attachment":"scroll","background-type":"","background-media":"","overlay-type":"","overlay-color":"","overlay-opacity":"","overlay-gradient":""},"mobile":{"background-color":"","background-image":"","background-repeat":"repeat","background-position":"center center","background-size":"auto","background-attachment":"scroll","background-type":"","background-media":"","overlay-type":"","overlay-color":"","overlay-opacity":"","overlay-gradient":""}},"ast-content-background-meta":{"desktop":{"background-color":"var(--ast-global-color-5)","background-image":"","background-repeat":"repeat","background-position":"center center","background-size":"auto","background-attachment":"scroll","background-type":"","background-media":"","overlay-type":"","overlay-color":"","overlay-opacity":"","overlay-gradient":""},"tablet":{"background-color":"var(--ast-global-color-5)","background-image":"","background-repeat":"repeat","background-position":"center center","background-size":"auto","background-attachment":"scroll","background-type":"","background-media":"","overlay-type":"","overlay-color":"","overlay-opacity":"","overlay-gradient":""},"mobile":{"background-color":"var(--ast-global-color-5)","background-image":"","background-repeat":"repeat","background-position":"center center","background-size":"auto","background-attachment":"scroll","background-type":"","background-media":"","overlay-type":"","overlay-color":"","overlay-opacity":"","overlay-gradient":""}}},"product_brand":[],"product_cat":[729],"product_tag":[],"class_list":{"0":"post-498","1":"product","2":"type-product","3":"status-publish","4":"has-post-thumbnail","6":"product_cat-oro-filtrai","7":"desktop-align-left","8":"tablet-align-left","9":"mobile-align-left","11":"first","12":"onbackorder","13":"taxable","14":"shipping-taxable","15":"purchasable","16":"product-type-simple"},"yoast_head":"<!-- This site is optimized with the Yoast SEO plugin v27.3 - https:\/\/yoast.com\/product\/yoast-seo-wordpress\/ -->\n<title>Oro filtras CVA - 11883619 | Gera kaina | Greitas pristatymas | Eska dalys<\/title>\n<meta name=\"description\" content=\"Oro filtras - 11883619 Tinka: VOLVO, Ekskavatorius krautuvas, BL60, BL61, BL61PLUS, BL70, BL71, BL71PLUS OE numeriai: 11883619, FILTRON AR 285W, HENGST FILTER E434LS, HIFI FILTER SA 16302, KNECHT LXS 256, LUCAS FILTERS LFAF495, MAHLE LXS 256, MANN-FILTER CF 990\/2, MECAFILTER FA3223, MISFAT R438, WILMINK GROUP WG1216984, WIX FILTERS 46569E, CASE IH 1931167, HITACHI 4209588, HITACHI 4247974, HITACHI 4486014, HITACHI 5640058011, HITACHI AT199501, HITACHI L4247974, HITACHI L4486014, HITACHI U2428, JOHN DEERE AT171854, JOHN DEERE AT199501, JOHN DEERE ER263096, JOHN DEERE RT 60 05011112, KUBOTA 55231-26150, KUBOTA 855231-26150, VOLVO 11883619, VOLVO 43904218, VOLVO 43921493, VOLVO 43931955, VOLVO 70918479\" \/>\n<meta name=\"robots\" content=\"index, follow, max-snippet:-1, max-image-preview:large, max-video-preview:-1\" \/>\n<link rel=\"canonical\" href=\"https:\/\/eskadalys.lt\/sv\/produkt-sv\/luftfilter-cva-7\/\" \/>\n<meta property=\"og:locale\" content=\"sv_SE\" \/>\n<meta property=\"og:type\" content=\"article\" \/>\n<meta property=\"og:title\" content=\"Oro filtras CVA - 11883619 | Gera kaina | Greitas pristatymas | Eska dalys\" \/>\n<meta property=\"og:description\" content=\"Oro filtras - 11883619 Tinka: VOLVO, Ekskavatorius krautuvas, BL60, BL61, BL61PLUS, BL70, BL71, BL71PLUS OE numeriai: 11883619, FILTRON AR 285W, HENGST FILTER E434LS, HIFI FILTER SA 16302, KNECHT LXS 256, LUCAS FILTERS LFAF495, MAHLE LXS 256, MANN-FILTER CF 990\/2, MECAFILTER FA3223, MISFAT R438, WILMINK GROUP WG1216984, WIX FILTERS 46569E, CASE IH 1931167, HITACHI 4209588, HITACHI 4247974, HITACHI 4486014, HITACHI 5640058011, HITACHI AT199501, HITACHI L4247974, HITACHI L4486014, HITACHI U2428, JOHN DEERE AT171854, JOHN DEERE AT199501, JOHN DEERE ER263096, JOHN DEERE RT 60 05011112, KUBOTA 55231-26150, KUBOTA 855231-26150, VOLVO 11883619, VOLVO 43904218, VOLVO 43921493, VOLVO 43931955, VOLVO 70918479\" \/>\n<meta property=\"og:url\" content=\"https:\/\/eskadalys.lt\/sv\/produkt-sv\/luftfilter-cva-7\/\" \/>\n<meta property=\"og:site_name\" content=\"Eska dalys\" \/>\n<meta property=\"article:publisher\" content=\"https:\/\/www.facebook.com\/profile.php?id=61556005720456\" \/>\n<meta property=\"article:modified_time\" content=\"2026-04-12T05:13:19+00:00\" \/>\n<meta property=\"og:image\" content=\"https:\/\/eskadalys.lt\/wp-content\/uploads\/2024\/02\/filtr-powietrza-cva-20240121-112526.png?v=1714953463\" \/>\n\t<meta property=\"og:image:width\" content=\"1600\" \/>\n\t<meta property=\"og:image:height\" content=\"1005\" \/>\n\t<meta property=\"og:image:type\" content=\"image\/png\" \/>\n<script type=\"application\/ld+json\" class=\"yoast-schema-graph\">{\"@context\":\"https:\\\/\\\/schema.org\",\"@graph\":[{\"@type\":\"WebPage\",\"@id\":\"https:\\\/\\\/eskadalys.lt\\\/product\\\/oro-filtras-cva-7\\\/\",\"url\":\"https:\\\/\\\/eskadalys.lt\\\/product\\\/oro-filtras-cva-7\\\/\",\"name\":\"Oro filtras CVA - 11883619 | Gera kaina | Greitas pristatymas | Eska dalys\",\"isPartOf\":{\"@id\":\"https:\\\/\\\/eskadalys.lt\\\/#website\"},\"primaryImageOfPage\":{\"@id\":\"https:\\\/\\\/eskadalys.lt\\\/product\\\/oro-filtras-cva-7\\\/#primaryimage\"},\"image\":{\"@id\":\"https:\\\/\\\/eskadalys.lt\\\/product\\\/oro-filtras-cva-7\\\/#primaryimage\"},\"thumbnailUrl\":\"https:\\\/\\\/eskadalys.lt\\\/wp-content\\\/uploads\\\/2024\\\/02\\\/filtr-powietrza-cva-20240121-112526.png?v=1714953463\",\"datePublished\":\"2024-02-10T21:44:33+00:00\",\"dateModified\":\"2026-04-12T05:13:19+00:00\",\"description\":\"Oro filtras - 11883619 Tinka: VOLVO, Ekskavatorius krautuvas, BL60, BL61, BL61PLUS, BL70, BL71, BL71PLUS OE numeriai: 11883619, FILTRON AR 285W, HENGST FILTER E434LS, HIFI FILTER SA 16302, KNECHT LXS 256, LUCAS FILTERS LFAF495, MAHLE LXS 256, MANN-FILTER CF 990\\\/2, MECAFILTER FA3223, MISFAT R438, WILMINK GROUP WG1216984, WIX FILTERS 46569E, CASE IH 1931167, HITACHI 4209588, HITACHI 4247974, HITACHI 4486014, HITACHI 5640058011, HITACHI AT199501, HITACHI L4247974, HITACHI L4486014, HITACHI U2428, JOHN DEERE AT171854, JOHN DEERE AT199501, JOHN DEERE ER263096, JOHN DEERE RT 60 05011112, KUBOTA 55231-26150, KUBOTA 855231-26150, VOLVO 11883619, VOLVO 43904218, VOLVO 43921493, VOLVO 43931955, VOLVO 70918479\",\"breadcrumb\":{\"@id\":\"https:\\\/\\\/eskadalys.lt\\\/product\\\/oro-filtras-cva-7\\\/#breadcrumb\"},\"inLanguage\":\"sv-SE\",\"potentialAction\":[{\"@type\":\"ReadAction\",\"target\":[\"https:\\\/\\\/eskadalys.lt\\\/product\\\/oro-filtras-cva-7\\\/\"]}]},{\"@type\":\"ImageObject\",\"inLanguage\":\"sv-SE\",\"@id\":\"https:\\\/\\\/eskadalys.lt\\\/product\\\/oro-filtras-cva-7\\\/#primaryimage\",\"url\":\"https:\\\/\\\/eskadalys.lt\\\/wp-content\\\/uploads\\\/2024\\\/02\\\/filtr-powietrza-cva-20240121-112526.png?v=1714953463\",\"contentUrl\":\"https:\\\/\\\/eskadalys.lt\\\/wp-content\\\/uploads\\\/2024\\\/02\\\/filtr-powietrza-cva-20240121-112526.png?v=1714953463\",\"width\":1600,\"height\":1005},{\"@type\":\"BreadcrumbList\",\"@id\":\"https:\\\/\\\/eskadalys.lt\\\/product\\\/oro-filtras-cva-7\\\/#breadcrumb\",\"itemListElement\":[{\"@type\":\"ListItem\",\"position\":1,\"name\":\"Strona g\u0142\u00f3wna\",\"item\":\"https:\\\/\\\/eskadalys.lt\\\/\"},{\"@type\":\"ListItem\",\"position\":2,\"name\":\"E-parduotuv\u0117\",\"item\":\"https:\\\/\\\/eskadalys.lt\\\/e-parduotuve\\\/\"},{\"@type\":\"ListItem\",\"position\":3,\"name\":\"Oro filtras CVA &#8211; 11883619\"}]},{\"@type\":\"WebSite\",\"@id\":\"https:\\\/\\\/eskadalys.lt\\\/#website\",\"url\":\"https:\\\/\\\/eskadalys.lt\\\/\",\"name\":\"Eska dalys\",\"description\":\"Ekskavatori\u0173 \\\/ mini ekskavatori\u0173 \\\/ buldozeri\u0173 dalys\",\"publisher\":{\"@id\":\"https:\\\/\\\/eskadalys.lt\\\/#organization\"},\"potentialAction\":[{\"@type\":\"SearchAction\",\"target\":{\"@type\":\"EntryPoint\",\"urlTemplate\":\"https:\\\/\\\/eskadalys.lt\\\/?s={search_term_string}\"},\"query-input\":{\"@type\":\"PropertyValueSpecification\",\"valueRequired\":true,\"valueName\":\"search_term_string\"}}],\"inLanguage\":\"sv-SE\"},{\"@type\":\"Organization\",\"@id\":\"https:\\\/\\\/eskadalys.lt\\\/#organization\",\"name\":\"Eska dalys\",\"url\":\"https:\\\/\\\/eskadalys.lt\\\/\",\"logo\":{\"@type\":\"ImageObject\",\"inLanguage\":\"sv-SE\",\"@id\":\"https:\\\/\\\/eskadalys.lt\\\/#\\\/schema\\\/logo\\\/image\\\/\",\"url\":\"https:\\\/\\\/eskadalys.lt\\\/wp-content\\\/uploads\\\/2024\\\/01\\\/LOGO-ESKA-FINAL.svg\",\"contentUrl\":\"https:\\\/\\\/eskadalys.lt\\\/wp-content\\\/uploads\\\/2024\\\/01\\\/LOGO-ESKA-FINAL.svg\",\"width\":259,\"height\":201,\"caption\":\"Eska dalys\"},\"image\":{\"@id\":\"https:\\\/\\\/eskadalys.lt\\\/#\\\/schema\\\/logo\\\/image\\\/\"},\"sameAs\":[\"https:\\\/\\\/www.facebook.com\\\/profile.php?id=61556005720456\"]}]}<\/script>\n<!-- \/ Yoast SEO plugin. -->","yoast_head_json":{"title":"Luftfilter CVA - 11883619 | Bra pris | Snabb leverans | Eska delar","description":"Luftfilter - 11883619 Passar: VOLVO, Gr\u00e4vlastare, BL60, BL61, BL61PLUS, BL70, BL71, BL71PLUS OE-nummer: 11883619, FILTRON AR 285W, HENGST FILTER E434LS, HIFI FILTER SA 16302, KNECHT LXS 256, LUCAS FILTERS LFAF495, MAHLE LXS 256, MANN-FILTER CF 990\/2, MECAFILTER FA3223, MISFAT R438, WILMINK GROUP WG1216984, WIX FILTERS 46569E, CASE IH 1931167, HITACHI 4209588, HITACHI 4247974, HITACHI 4486014, HITACHI 5640058011, HITACHI AT199501, HITACHI L4247974, HITACHI L4486014, HITACHI U2428, JOHN DEERE AT171854, JOHN DEERE AT199501, JOHN DEERE ER263096, JOHN DEERE RT 60 05011112, KUBOTA 55231-26150, KUBOTA 855231-26150, VOLVO 11883619, VOLVO 43904218, VOLVO 43921493, VOLVO 43931955, VOLVO 70918479","robots":{"index":"index","follow":"follow","max-snippet":"max-snippet:-1","max-image-preview":"max-image-preview:large","max-video-preview":"max-video-preview:-1"},"canonical":"https:\/\/eskadalys.lt\/sv\/produkt-sv\/luftfilter-cva-7\/","og_locale":"sv_SE","og_type":"article","og_title":"Oro filtras CVA - 11883619 | Gera kaina | Greitas pristatymas | Eska dalys","og_description":"Oro filtras - 11883619 Tinka: VOLVO, Ekskavatorius krautuvas, BL60, BL61, BL61PLUS, BL70, BL71, BL71PLUS OE numeriai: 11883619, FILTRON AR 285W, HENGST FILTER E434LS, HIFI FILTER SA 16302, KNECHT LXS 256, LUCAS FILTERS LFAF495, MAHLE LXS 256, MANN-FILTER CF 990\/2, MECAFILTER FA3223, MISFAT R438, WILMINK GROUP WG1216984, WIX FILTERS 46569E, CASE IH 1931167, HITACHI 4209588, HITACHI 4247974, HITACHI 4486014, HITACHI 5640058011, HITACHI AT199501, HITACHI L4247974, HITACHI L4486014, HITACHI U2428, JOHN DEERE AT171854, JOHN DEERE AT199501, JOHN DEERE ER263096, JOHN DEERE RT 60 05011112, KUBOTA 55231-26150, KUBOTA 855231-26150, VOLVO 11883619, VOLVO 43904218, VOLVO 43921493, VOLVO 43931955, VOLVO 70918479","og_url":"https:\/\/eskadalys.lt\/sv\/produkt-sv\/luftfilter-cva-7\/","og_site_name":"Eska dalys","article_publisher":"https:\/\/www.facebook.com\/profile.php?id=61556005720456","article_modified_time":"2026-04-12T05:13:19+00:00","og_image":[{"width":1600,"height":1005,"url":"https:\/\/eskadalys.lt\/wp-content\/uploads\/2024\/02\/filtr-powietrza-cva-20240121-112526.png?v=1714953463","type":"image\/png"}],"schema":{"@context":"https:\/\/schema.org","@graph":[{"@type":"WebPage","@id":"https:\/\/eskadalys.lt\/product\/oro-filtras-cva-7\/","url":"https:\/\/eskadalys.lt\/product\/oro-filtras-cva-7\/","name":"Luftfilter CVA - 11883619 | Bra pris | Snabb leverans | Eska delar","isPartOf":{"@id":"https:\/\/eskadalys.lt\/#website"},"primaryImageOfPage":{"@id":"https:\/\/eskadalys.lt\/product\/oro-filtras-cva-7\/#primaryimage"},"image":{"@id":"https:\/\/eskadalys.lt\/product\/oro-filtras-cva-7\/#primaryimage"},"thumbnailUrl":"https:\/\/eskadalys.lt\/wp-content\/uploads\/2024\/02\/filtr-powietrza-cva-20240121-112526.png?v=1714953463","datePublished":"2024-02-10T21:44:33+00:00","dateModified":"2026-04-12T05:13:19+00:00","description":"Luftfilter - 11883619 Passar: VOLVO, Gr\u00e4vlastare, BL60, BL61, BL61PLUS, BL70, BL71, BL71PLUS OE-nummer: 11883619, FILTRON AR 285W, HENGST FILTER E434LS, HIFI FILTER SA 16302, KNECHT LXS 256, LUCAS FILTERS LFAF495, MAHLE LXS 256, MANN-FILTER CF 990\/2, MECAFILTER FA3223, MISFAT R438, WILMINK GROUP WG1216984, WIX FILTERS 46569E, CASE IH 1931167, HITACHI 4209588, HITACHI 4247974, HITACHI 4486014, HITACHI 5640058011, HITACHI AT199501, HITACHI L4247974, HITACHI L4486014, HITACHI U2428, JOHN DEERE AT171854, JOHN DEERE AT199501, JOHN DEERE ER263096, JOHN DEERE RT 60 05011112, KUBOTA 55231-26150, KUBOTA 855231-26150, VOLVO 11883619, VOLVO 43904218, VOLVO 43921493, VOLVO 43931955, VOLVO 70918479","breadcrumb":{"@id":"https:\/\/eskadalys.lt\/product\/oro-filtras-cva-7\/#breadcrumb"},"inLanguage":"sv-SE","potentialAction":[{"@type":"ReadAction","target":["https:\/\/eskadalys.lt\/product\/oro-filtras-cva-7\/"]}]},{"@type":"ImageObject","inLanguage":"sv-SE","@id":"https:\/\/eskadalys.lt\/product\/oro-filtras-cva-7\/#primaryimage","url":"https:\/\/eskadalys.lt\/wp-content\/uploads\/2024\/02\/filtr-powietrza-cva-20240121-112526.png?v=1714953463","contentUrl":"https:\/\/eskadalys.lt\/wp-content\/uploads\/2024\/02\/filtr-powietrza-cva-20240121-112526.png?v=1714953463","width":1600,"height":1005},{"@type":"BreadcrumbList","@id":"https:\/\/eskadalys.lt\/product\/oro-filtras-cva-7\/#breadcrumb","itemListElement":[{"@type":"ListItem","position":1,"name":"Strona g\u0142\u00f3wna","item":"https:\/\/eskadalys.lt\/"},{"@type":"ListItem","position":2,"name":"E-parduotuv\u0117","item":"https:\/\/eskadalys.lt\/e-parduotuve\/"},{"@type":"ListItem","position":3,"name":"Oro filtras CVA &#8211; 11883619"}]},{"@type":"WebSite","@id":"https:\/\/eskadalys.lt\/#website","url":"https:\/\/eskadalys.lt\/","name":"Eska parts","description":"Reservdelar till gr\u00e4vmaskin\/minigr\u00e4vmaskin\/bulldozer","publisher":{"@id":"https:\/\/eskadalys.lt\/#organization"},"potentialAction":[{"@type":"SearchAction","target":{"@type":"EntryPoint","urlTemplate":"https:\/\/eskadalys.lt\/?s={search_term_string}"},"query-input":{"@type":"PropertyValueSpecification","valueRequired":true,"valueName":"search_term_string"}}],"inLanguage":"sv-SE"},{"@type":"Organization","@id":"https:\/\/eskadalys.lt\/#organization","name":"Eska parts","url":"https:\/\/eskadalys.lt\/","logo":{"@type":"ImageObject","inLanguage":"sv-SE","@id":"https:\/\/eskadalys.lt\/#\/schema\/logo\/image\/","url":"https:\/\/eskadalys.lt\/wp-content\/uploads\/2024\/01\/LOGO-ESKA-FINAL.svg","contentUrl":"https:\/\/eskadalys.lt\/wp-content\/uploads\/2024\/01\/LOGO-ESKA-FINAL.svg","width":259,"height":201,"caption":"Eska dalys"},"image":{"@id":"https:\/\/eskadalys.lt\/#\/schema\/logo\/image\/"},"sameAs":["https:\/\/www.facebook.com\/profile.php?id=61556005720456"]}]}},"_links":{"self":[{"href":"https:\/\/eskadalys.lt\/sv\/wp-json\/wp\/v2\/product\/498","targetHints":{"allow":["GET"]}}],"collection":[{"href":"https:\/\/eskadalys.lt\/sv\/wp-json\/wp\/v2\/product"}],"about":[{"href":"https:\/\/eskadalys.lt\/sv\/wp-json\/wp\/v2\/types\/product"}],"wp:featuredmedia":[{"embeddable":true,"href":"https:\/\/eskadalys.lt\/sv\/wp-json\/wp\/v2\/media\/92489"}],"wp:attachment":[{"href":"https:\/\/eskadalys.lt\/sv\/wp-json\/wp\/v2\/media?parent=498"}],"wp:term":[{"taxonomy":"product_brand","embeddable":true,"href":"https:\/\/eskadalys.lt\/sv\/wp-json\/wp\/v2\/product_brand?post=498"},{"taxonomy":"product_cat","embeddable":true,"href":"https:\/\/eskadalys.lt\/sv\/wp-json\/wp\/v2\/product_cat?post=498"},{"taxonomy":"product_tag","embeddable":true,"href":"https:\/\/eskadalys.lt\/sv\/wp-json\/wp\/v2\/product_tag?post=498"}],"curies":[{"name":"wp","href":"https:\/\/api.w.org\/{rel}","templated":true}]}}