{"id":4743,"date":"2024-02-11T05:02:04","date_gmt":"2024-02-11T03:02:04","guid":{"rendered":"https:\/\/eskadalys.lt\/?post_type=product&#038;p=4743"},"modified":"2026-04-22T16:33:47","modified_gmt":"2026-04-22T13:33:47","slug":"hydraulolja-original-20l","status":"publish","type":"product","link":"https:\/\/eskadalys.lt\/sv\/product\/hidrauline-alyva-originalas-20l\/","title":{"rendered":"Hydraulolja Original 20L \u2013 3096942"},"content":{"rendered":"<p><strong>Hydraulolja Original 20L \u2013 3096942<\/strong><br \/>\n<strong>L\u00e4mplig f\u00f6r:<\/strong> CAT, Dumper, Asfaltl\u00e4ggare, Gr\u00e4vlastare, 428, 428B, 428C, 428D, 428E, 428F, 432D, 432E, 432F, 442D, 442E, 444E, 446, Traktor, Asfaltshyvel, Vibrator, Motor, Bandgr\u00e4vare, Hjulbulldozer, Dalblad, Generator, Hjullastare, Minigr\u00e4vare, Hjulhyvel, Jordv\u00e4lt\/V\u00e4xelkomprimatorer, R\u00f6rl\u00e4ggare, Bandlastare, Minibandlastare, Teleskoplastare, Bulldozer, Ramstyrd truck, Lunnare, Hammare, Hjulskrapor, Hjulgr\u00e4vare<br \/>\n<strong>OE-nummer::<\/strong> OLEJ, 3096942, hydraulolja<br \/>\n309-6942<\/p>\n<h3>\ud83d\udd0d Letar efter en annan produkt fr\u00e5n kategorin <a href=\"https:\/\/eskadalys.lt\/sv\/produktkategori-sv\/filter-oljor-smorjmedel\/olja\/\">Oliv<\/a> ?<\/h3>\n<h3>\ud83d\udee0\ufe0f Gr\u00e4vmaskinsdelar \u2013 du hittar fler av dem <a href=\"https:\/\/eskadalys.lt\/sv\/produktkategori-sv\/filter-oljor-smorjmedel\/\"\">Filter\/oljor\/sm\u00f6rjmedel<\/a> i kategorin.<\/h3>\n<p>Om du \u00e4r os\u00e4ker p\u00e5 om den h\u00e4r delen passar din maskin, <strong>V\u00e4nligen skicka oss fordonets serienummer (VIN) innan du k\u00f6per.<\/strong>. Vi kommer att kontrollera kompatibiliteten med hj\u00e4lp av katalogerna och <strong>Vi kommer att erbjuda r\u00e4tt del<\/strong>. Om du inte hittar den del du beh\u00f6ver, skriv till oss \u2013 vi hj\u00e4lper dig att hitta den!<\/p>\n<p><strong>\ud83d\udce6 Lager i Litauen<\/strong> \u2013 best\u00e4llningar som g\u00f6rs f\u00f6re kl. 14.00 skickas samma dag.<\/p>\n<p><strong>\ud83d\ude80 Snabb leverans<\/strong> \u2013 best\u00e4llda varor som vi f\u00f6r n\u00e4rvarande inte har i lager levereras inom 3-4 arbetsdagar.<\/p>\n<p><strong>\ud83d\udcc8 Brett utbud<\/strong> \u2013 vi ut\u00f6kar st\u00e4ndigt v\u00e5rt produktsortiment.<\/p>","protected":false},"excerpt":{"rendered":"<p>3096942 G<\/p>","protected":false},"featured_media":101925,"template":"","meta":{"site-sidebar-layout":"default","site-content-layout":"","ast-site-content-layout":"default","site-content-style":"default","site-sidebar-style":"default","ast-global-header-display":"","ast-banner-title-visibility":"","ast-main-header-display":"","ast-hfb-above-header-display":"","ast-hfb-below-header-display":"","ast-hfb-mobile-header-display":"","site-post-title":"","ast-breadcrumbs-content":"","ast-featured-img":"","footer-sml-layout":"","ast-disable-related-posts":"","theme-transparent-header-meta":"","adv-header-id-meta":"","stick-header-meta":"","header-above-stick-meta":"","header-main-stick-meta":"","header-below-stick-meta":"","astra-migrate-meta-layouts":"default","ast-page-background-enabled":"default","ast-page-background-meta":{"desktop":{"background-color":"","background-image":"","background-repeat":"repeat","background-position":"center center","background-size":"auto","background-attachment":"scroll","background-type":"","background-media":"","overlay-type":"","overlay-color":"","overlay-opacity":"","overlay-gradient":""},"tablet":{"background-color":"","background-image":"","background-repeat":"repeat","background-position":"center center","background-size":"auto","background-attachment":"scroll","background-type":"","background-media":"","overlay-type":"","overlay-color":"","overlay-opacity":"","overlay-gradient":""},"mobile":{"background-color":"","background-image":"","background-repeat":"repeat","background-position":"center center","background-size":"auto","background-attachment":"scroll","background-type":"","background-media":"","overlay-type":"","overlay-color":"","overlay-opacity":"","overlay-gradient":""}},"ast-content-background-meta":{"desktop":{"background-color":"var(--ast-global-color-5)","background-image":"","background-repeat":"repeat","background-position":"center center","background-size":"auto","background-attachment":"scroll","background-type":"","background-media":"","overlay-type":"","overlay-color":"","overlay-opacity":"","overlay-gradient":""},"tablet":{"background-color":"var(--ast-global-color-5)","background-image":"","background-repeat":"repeat","background-position":"center center","background-size":"auto","background-attachment":"scroll","background-type":"","background-media":"","overlay-type":"","overlay-color":"","overlay-opacity":"","overlay-gradient":""},"mobile":{"background-color":"var(--ast-global-color-5)","background-image":"","background-repeat":"repeat","background-position":"center center","background-size":"auto","background-attachment":"scroll","background-type":"","background-media":"","overlay-type":"","overlay-color":"","overlay-opacity":"","overlay-gradient":""}}},"product_brand":[],"product_cat":[959],"product_tag":[],"class_list":{"0":"post-4743","1":"product","2":"type-product","3":"status-publish","4":"has-post-thumbnail","6":"product_cat-alyva","7":"desktop-align-left","8":"tablet-align-left","9":"mobile-align-left","11":"first","12":"outofstock","13":"taxable","14":"shipping-taxable","15":"purchasable","16":"product-type-simple"},"yoast_head":"<!-- This site is optimized with the Yoast SEO plugin v27.4 - https:\/\/yoast.com\/product\/yoast-seo-wordpress\/ -->\n<title>Hidraulin\u0117 alyva Originalas 20L - 3096942 | Gera kaina | Greitas pristatymas | Eska dalys<\/title>\n<meta name=\"description\" content=\"Hidraulin\u0117 alyva Originalas 20L - 3096942 G Tinka: CAT, Savivartis, Asphalt Paver, Ekskavatorius krautuvas, 428, 428B, 428C, 428D, 428E, 428F, 432D, 432E, 432F, 442D, 442E, 444E, 446, Tractor, Cold Planer, Compactor, Variklis, Vik\u0161rinis ekskavatorius, Wheeled Buldozeris, Valley Blades, Generator, Frontalinis krautuvas, Mini ekskavatorius, Wheeled Motor Grader, Grunto volas\/tankintuvai , Pipelayer, Vik\u0161rinis krautuvas, Mini Vik\u0161rinis krautuvas, Teleskopiniai krautuvai, Buldozeris, Underground Articulated Truck, Skidder, Hammer, Ratiniai skreperiai, Ratinis ekskavatorius OE numeriai: OLEJ, 3096942, olej hydrauliczny\" \/>\n<meta name=\"robots\" content=\"index, follow, max-snippet:-1, max-image-preview:large, max-video-preview:-1\" \/>\n<link rel=\"canonical\" href=\"https:\/\/eskadalys.lt\/sv\/produkt-sv\/hydraulolja-original-20l\/\" \/>\n<meta property=\"og:locale\" content=\"sv_SE\" \/>\n<meta property=\"og:type\" content=\"article\" \/>\n<meta property=\"og:title\" content=\"Hidraulin\u0117 alyva Originalas 20L - 3096942 | Gera kaina | Greitas pristatymas | Eska dalys\" \/>\n<meta property=\"og:description\" content=\"Hidraulin\u0117 alyva Originalas 20L - 3096942 G Tinka: CAT, Savivartis, Asphalt Paver, Ekskavatorius krautuvas, 428, 428B, 428C, 428D, 428E, 428F, 432D, 432E, 432F, 442D, 442E, 444E, 446, Tractor, Cold Planer, Compactor, Variklis, Vik\u0161rinis ekskavatorius, Wheeled Buldozeris, Valley Blades, Generator, Frontalinis krautuvas, Mini ekskavatorius, Wheeled Motor Grader, Grunto volas\/tankintuvai , Pipelayer, Vik\u0161rinis krautuvas, Mini Vik\u0161rinis krautuvas, Teleskopiniai krautuvai, Buldozeris, Underground Articulated Truck, Skidder, Hammer, Ratiniai skreperiai, Ratinis ekskavatorius OE numeriai: OLEJ, 3096942, olej hydrauliczny\" \/>\n<meta property=\"og:url\" content=\"https:\/\/eskadalys.lt\/sv\/produkt-sv\/hydraulolja-original-20l\/\" \/>\n<meta property=\"og:site_name\" content=\"Eska dalys\" \/>\n<meta property=\"article:publisher\" content=\"https:\/\/www.facebook.com\/profile.php?id=61556005720456\" \/>\n<meta property=\"article:modified_time\" content=\"2026-04-22T13:33:47+00:00\" \/>\n<meta property=\"og:image\" content=\"https:\/\/eskadalys.lt\/wp-content\/uploads\/2024\/02\/olej-silnikowy-1-20240121-162313-scaled-1.jpg?v=1714926804\" \/>\n\t<meta property=\"og:image:width\" content=\"1600\" \/>\n\t<meta property=\"og:image:height\" content=\"2011\" \/>\n\t<meta property=\"og:image:type\" content=\"image\/jpeg\" \/>\n<script type=\"application\/ld+json\" class=\"yoast-schema-graph\">{\"@context\":\"https:\\\/\\\/schema.org\",\"@graph\":[{\"@type\":\"WebPage\",\"@id\":\"https:\\\/\\\/eskadalys.lt\\\/product\\\/hidrauline-alyva-originalas-20l\\\/\",\"url\":\"https:\\\/\\\/eskadalys.lt\\\/product\\\/hidrauline-alyva-originalas-20l\\\/\",\"name\":\"Hidraulin\u0117 alyva Originalas 20L - 3096942 | Gera kaina | Greitas pristatymas | Eska dalys\",\"isPartOf\":{\"@id\":\"https:\\\/\\\/eskadalys.lt\\\/#website\"},\"primaryImageOfPage\":{\"@id\":\"https:\\\/\\\/eskadalys.lt\\\/product\\\/hidrauline-alyva-originalas-20l\\\/#primaryimage\"},\"image\":{\"@id\":\"https:\\\/\\\/eskadalys.lt\\\/product\\\/hidrauline-alyva-originalas-20l\\\/#primaryimage\"},\"thumbnailUrl\":\"https:\\\/\\\/eskadalys.lt\\\/wp-content\\\/uploads\\\/2024\\\/02\\\/olej-silnikowy-1-20240121-162313-scaled-1.jpg?v=1714926804\",\"datePublished\":\"2024-02-11T03:02:04+00:00\",\"dateModified\":\"2026-04-22T13:33:47+00:00\",\"description\":\"Hidraulin\u0117 alyva Originalas 20L - 3096942 G Tinka: CAT, Savivartis, Asphalt Paver, Ekskavatorius krautuvas, 428, 428B, 428C, 428D, 428E, 428F, 432D, 432E, 432F, 442D, 442E, 444E, 446, Tractor, Cold Planer, Compactor, Variklis, Vik\u0161rinis ekskavatorius, Wheeled Buldozeris, Valley Blades, Generator, Frontalinis krautuvas, Mini ekskavatorius, Wheeled Motor Grader, Grunto volas\\\/tankintuvai , Pipelayer, Vik\u0161rinis krautuvas, Mini Vik\u0161rinis krautuvas, Teleskopiniai krautuvai, Buldozeris, Underground Articulated Truck, Skidder, Hammer, Ratiniai skreperiai, Ratinis ekskavatorius OE numeriai: OLEJ, 3096942, olej hydrauliczny\",\"breadcrumb\":{\"@id\":\"https:\\\/\\\/eskadalys.lt\\\/product\\\/hidrauline-alyva-originalas-20l\\\/#breadcrumb\"},\"inLanguage\":\"sv-SE\",\"potentialAction\":[{\"@type\":\"ReadAction\",\"target\":[\"https:\\\/\\\/eskadalys.lt\\\/product\\\/hidrauline-alyva-originalas-20l\\\/\"]}]},{\"@type\":\"ImageObject\",\"inLanguage\":\"sv-SE\",\"@id\":\"https:\\\/\\\/eskadalys.lt\\\/product\\\/hidrauline-alyva-originalas-20l\\\/#primaryimage\",\"url\":\"https:\\\/\\\/eskadalys.lt\\\/wp-content\\\/uploads\\\/2024\\\/02\\\/olej-silnikowy-1-20240121-162313-scaled-1.jpg?v=1714926804\",\"contentUrl\":\"https:\\\/\\\/eskadalys.lt\\\/wp-content\\\/uploads\\\/2024\\\/02\\\/olej-silnikowy-1-20240121-162313-scaled-1.jpg?v=1714926804\",\"width\":1600,\"height\":2011},{\"@type\":\"BreadcrumbList\",\"@id\":\"https:\\\/\\\/eskadalys.lt\\\/product\\\/hidrauline-alyva-originalas-20l\\\/#breadcrumb\",\"itemListElement\":[{\"@type\":\"ListItem\",\"position\":1,\"name\":\"Strona g\u0142\u00f3wna\",\"item\":\"https:\\\/\\\/eskadalys.lt\\\/\"},{\"@type\":\"ListItem\",\"position\":2,\"name\":\"E-parduotuv\u0117\",\"item\":\"https:\\\/\\\/eskadalys.lt\\\/e-parduotuve\\\/\"},{\"@type\":\"ListItem\",\"position\":3,\"name\":\"Hidraulin\u0117 alyva Originalas 20L &#8211; 3096942\"}]},{\"@type\":\"WebSite\",\"@id\":\"https:\\\/\\\/eskadalys.lt\\\/#website\",\"url\":\"https:\\\/\\\/eskadalys.lt\\\/\",\"name\":\"Eska dalys\",\"description\":\"Ekskavatori\u0173 \\\/ mini ekskavatori\u0173 \\\/ buldozeri\u0173 dalys\",\"publisher\":{\"@id\":\"https:\\\/\\\/eskadalys.lt\\\/#organization\"},\"potentialAction\":[{\"@type\":\"SearchAction\",\"target\":{\"@type\":\"EntryPoint\",\"urlTemplate\":\"https:\\\/\\\/eskadalys.lt\\\/?s={search_term_string}\"},\"query-input\":{\"@type\":\"PropertyValueSpecification\",\"valueRequired\":true,\"valueName\":\"search_term_string\"}}],\"inLanguage\":\"sv-SE\"},{\"@type\":\"Organization\",\"@id\":\"https:\\\/\\\/eskadalys.lt\\\/#organization\",\"name\":\"Eska dalys\",\"url\":\"https:\\\/\\\/eskadalys.lt\\\/\",\"logo\":{\"@type\":\"ImageObject\",\"inLanguage\":\"sv-SE\",\"@id\":\"https:\\\/\\\/eskadalys.lt\\\/#\\\/schema\\\/logo\\\/image\\\/\",\"url\":\"https:\\\/\\\/eskadalys.lt\\\/wp-content\\\/uploads\\\/2024\\\/01\\\/LOGO-ESKA-FINAL.svg\",\"contentUrl\":\"https:\\\/\\\/eskadalys.lt\\\/wp-content\\\/uploads\\\/2024\\\/01\\\/LOGO-ESKA-FINAL.svg\",\"width\":259,\"height\":201,\"caption\":\"Eska dalys\"},\"image\":{\"@id\":\"https:\\\/\\\/eskadalys.lt\\\/#\\\/schema\\\/logo\\\/image\\\/\"},\"sameAs\":[\"https:\\\/\\\/www.facebook.com\\\/profile.php?id=61556005720456\"]}]}<\/script>\n<!-- \/ Yoast SEO plugin. -->","yoast_head_json":{"title":"Hydraulolja Original 20L - 3096942 | Bra pris | Snabb leverans | Eska delar","description":"Hydraulolja Original 20L - 3096942 G L\u00e4mplig f\u00f6r: CAT, Dumper, Asfaltl\u00e4ggare, Gr\u00e4vlastare, 428, 428B, 428C, 428D, 428E, 428F, 432D, 432E, 432F, 442D, 442E, 444E, 446, Traktor, Asfaltshyvel, Vibrator, Motor, Bandgr\u00e4vare, Hjulbulldozer, Dalblad, Generator, Frontlastare, Minigr\u00e4vare, Hjulv\u00e4ghyvel, Jordvibrator\/v\u00e4lt, R\u00f6rl\u00e4ggare, Bandlastare, Minibandlastare, Teleskoplastare, Bulldozer, Ramstyrd lastbil, Lunnare, Hammare, Hjulskrapor, Hjulgr\u00e4vmaskin OE-nummer: OLEJ, 3096942, olej hydrauliczny","robots":{"index":"index","follow":"follow","max-snippet":"max-snippet:-1","max-image-preview":"max-image-preview:large","max-video-preview":"max-video-preview:-1"},"canonical":"https:\/\/eskadalys.lt\/sv\/produkt-sv\/hydraulolja-original-20l\/","og_locale":"sv_SE","og_type":"article","og_title":"Hidraulin\u0117 alyva Originalas 20L - 3096942 | Gera kaina | Greitas pristatymas | Eska dalys","og_description":"Hidraulin\u0117 alyva Originalas 20L - 3096942 G Tinka: CAT, Savivartis, Asphalt Paver, Ekskavatorius krautuvas, 428, 428B, 428C, 428D, 428E, 428F, 432D, 432E, 432F, 442D, 442E, 444E, 446, Tractor, Cold Planer, Compactor, Variklis, Vik\u0161rinis ekskavatorius, Wheeled Buldozeris, Valley Blades, Generator, Frontalinis krautuvas, Mini ekskavatorius, Wheeled Motor Grader, Grunto volas\/tankintuvai , Pipelayer, Vik\u0161rinis krautuvas, Mini Vik\u0161rinis krautuvas, Teleskopiniai krautuvai, Buldozeris, Underground Articulated Truck, Skidder, Hammer, Ratiniai skreperiai, Ratinis ekskavatorius OE numeriai: OLEJ, 3096942, olej hydrauliczny","og_url":"https:\/\/eskadalys.lt\/sv\/produkt-sv\/hydraulolja-original-20l\/","og_site_name":"Eska dalys","article_publisher":"https:\/\/www.facebook.com\/profile.php?id=61556005720456","article_modified_time":"2026-04-22T13:33:47+00:00","og_image":[{"width":1600,"height":2011,"url":"https:\/\/eskadalys.lt\/wp-content\/uploads\/2024\/02\/olej-silnikowy-1-20240121-162313-scaled-1.jpg?v=1714926804","type":"image\/jpeg"}],"schema":{"@context":"https:\/\/schema.org","@graph":[{"@type":"WebPage","@id":"https:\/\/eskadalys.lt\/product\/hidrauline-alyva-originalas-20l\/","url":"https:\/\/eskadalys.lt\/product\/hidrauline-alyva-originalas-20l\/","name":"Hydraulolja Original 20L - 3096942 | Bra pris | Snabb leverans | Eska delar","isPartOf":{"@id":"https:\/\/eskadalys.lt\/#website"},"primaryImageOfPage":{"@id":"https:\/\/eskadalys.lt\/product\/hidrauline-alyva-originalas-20l\/#primaryimage"},"image":{"@id":"https:\/\/eskadalys.lt\/product\/hidrauline-alyva-originalas-20l\/#primaryimage"},"thumbnailUrl":"https:\/\/eskadalys.lt\/wp-content\/uploads\/2024\/02\/olej-silnikowy-1-20240121-162313-scaled-1.jpg?v=1714926804","datePublished":"2024-02-11T03:02:04+00:00","dateModified":"2026-04-22T13:33:47+00:00","description":"Hydraulolja Original 20L - 3096942 G L\u00e4mplig f\u00f6r: CAT, Dumper, Asfaltl\u00e4ggare, Gr\u00e4vlastare, 428, 428B, 428C, 428D, 428E, 428F, 432D, 432E, 432F, 442D, 442E, 444E, 446, Traktor, Asfaltshyvel, Vibrator, Motor, Bandgr\u00e4vare, Hjulbulldozer, Dalblad, Generator, Frontlastare, Minigr\u00e4vare, Hjulv\u00e4ghyvel, Jordvibrator\/v\u00e4lt, R\u00f6rl\u00e4ggare, Bandlastare, Minibandlastare, Teleskoplastare, Bulldozer, Ramstyrd lastbil, Lunnare, Hammare, Hjulskrapor, Hjulgr\u00e4vmaskin OE-nummer: OLEJ, 3096942, olej hydrauliczny","breadcrumb":{"@id":"https:\/\/eskadalys.lt\/product\/hidrauline-alyva-originalas-20l\/#breadcrumb"},"inLanguage":"sv-SE","potentialAction":[{"@type":"ReadAction","target":["https:\/\/eskadalys.lt\/product\/hidrauline-alyva-originalas-20l\/"]}]},{"@type":"ImageObject","inLanguage":"sv-SE","@id":"https:\/\/eskadalys.lt\/product\/hidrauline-alyva-originalas-20l\/#primaryimage","url":"https:\/\/eskadalys.lt\/wp-content\/uploads\/2024\/02\/olej-silnikowy-1-20240121-162313-scaled-1.jpg?v=1714926804","contentUrl":"https:\/\/eskadalys.lt\/wp-content\/uploads\/2024\/02\/olej-silnikowy-1-20240121-162313-scaled-1.jpg?v=1714926804","width":1600,"height":2011},{"@type":"BreadcrumbList","@id":"https:\/\/eskadalys.lt\/product\/hidrauline-alyva-originalas-20l\/#breadcrumb","itemListElement":[{"@type":"ListItem","position":1,"name":"Strona g\u0142\u00f3wna","item":"https:\/\/eskadalys.lt\/"},{"@type":"ListItem","position":2,"name":"E-parduotuv\u0117","item":"https:\/\/eskadalys.lt\/e-parduotuve\/"},{"@type":"ListItem","position":3,"name":"Hidraulin\u0117 alyva Originalas 20L &#8211; 3096942"}]},{"@type":"WebSite","@id":"https:\/\/eskadalys.lt\/#website","url":"https:\/\/eskadalys.lt\/","name":"Eska parts","description":"Reservdelar till gr\u00e4vmaskin\/minigr\u00e4vmaskin\/bulldozer","publisher":{"@id":"https:\/\/eskadalys.lt\/#organization"},"potentialAction":[{"@type":"SearchAction","target":{"@type":"EntryPoint","urlTemplate":"https:\/\/eskadalys.lt\/?s={search_term_string}"},"query-input":{"@type":"PropertyValueSpecification","valueRequired":true,"valueName":"search_term_string"}}],"inLanguage":"sv-SE"},{"@type":"Organization","@id":"https:\/\/eskadalys.lt\/#organization","name":"Eska parts","url":"https:\/\/eskadalys.lt\/","logo":{"@type":"ImageObject","inLanguage":"sv-SE","@id":"https:\/\/eskadalys.lt\/#\/schema\/logo\/image\/","url":"https:\/\/eskadalys.lt\/wp-content\/uploads\/2024\/01\/LOGO-ESKA-FINAL.svg","contentUrl":"https:\/\/eskadalys.lt\/wp-content\/uploads\/2024\/01\/LOGO-ESKA-FINAL.svg","width":259,"height":201,"caption":"Eska dalys"},"image":{"@id":"https:\/\/eskadalys.lt\/#\/schema\/logo\/image\/"},"sameAs":["https:\/\/www.facebook.com\/profile.php?id=61556005720456"]}]}},"_links":{"self":[{"href":"https:\/\/eskadalys.lt\/sv\/wp-json\/wp\/v2\/product\/4743","targetHints":{"allow":["GET"]}}],"collection":[{"href":"https:\/\/eskadalys.lt\/sv\/wp-json\/wp\/v2\/product"}],"about":[{"href":"https:\/\/eskadalys.lt\/sv\/wp-json\/wp\/v2\/types\/product"}],"wp:featuredmedia":[{"embeddable":true,"href":"https:\/\/eskadalys.lt\/sv\/wp-json\/wp\/v2\/media\/101925"}],"wp:attachment":[{"href":"https:\/\/eskadalys.lt\/sv\/wp-json\/wp\/v2\/media?parent=4743"}],"wp:term":[{"taxonomy":"product_brand","embeddable":true,"href":"https:\/\/eskadalys.lt\/sv\/wp-json\/wp\/v2\/product_brand?post=4743"},{"taxonomy":"product_cat","embeddable":true,"href":"https:\/\/eskadalys.lt\/sv\/wp-json\/wp\/v2\/product_cat?post=4743"},{"taxonomy":"product_tag","embeddable":true,"href":"https:\/\/eskadalys.lt\/sv\/wp-json\/wp\/v2\/product_tag?post=4743"}],"curies":[{"name":"wp","href":"https:\/\/api.w.org\/{rel}","templated":true}]}}