{"id":251,"date":"2024-02-10T23:25:26","date_gmt":"2024-02-10T21:25:26","guid":{"rendered":"https:\/\/eskadalys.lt\/?post_type=product&#038;p=251"},"modified":"2026-04-12T08:13:05","modified_gmt":"2026-04-12T05:13:05","slug":"kaistis-jungties-kasimo-kausui-2","status":"publish","type":"product","link":"https:\/\/eskadalys.lt\/sv\/product\/kaistis-jungties-kasimo-kausui-2\/","title":{"rendered":"Stift f\u00f6r anslutning av gr\u00e4vskopa \u2013 11027076"},"content":{"rendered":"<p><strong>Stift f\u00f6r anslutning av gr\u00e4vskopa \u2013 11027076<\/strong><br \/>\nM\u00e5tt:<br \/>\nIlgis:\u00a0550 mm,<br \/>\nI\u0161orinis skersmuo:\u00a0130 mm,<\/p>\n<p><strong>L\u00e4mplig f\u00f6r:<\/strong> VOLVO, Hjullastare, L150, L150C, L150D, L180, L180C, L180D, L180E, L150E<br \/>\n<strong>OE-nummer::<\/strong> 11093610, 11026709, 11432004, 550&#215;130, 11027076<br \/>\nVOE11027076<\/p>\n<h3>\ud83d\udd0d Letar efter en annan produkt fr\u00e5n kategorin <a href=\"https:\/\/eskadalys.lt\/sv\/produktkategori-sv\/stift-elfenbenslager\/nalar\/\">N\u00e5lar<\/a> ?<\/h3>\n<h3>\ud83d\udee0\ufe0f VOLVO-delar \u2013 du hittar fler av dem <a href=\"https:\/\/eskadalys.lt\/sv\/produktkategori-sv\/stift-elfenbenslager\/\">Stift \/ Bussningar \/ Lager<\/a> i kategorin.<\/h3>\n<p>Om du \u00e4r os\u00e4ker p\u00e5 om den h\u00e4r delen passar din maskin, <strong>V\u00e4nligen skicka oss fordonets serienummer (VIN) innan du k\u00f6per.<\/strong>. Vi kommer att kontrollera kompatibiliteten med hj\u00e4lp av katalogerna och <strong>Vi kommer att erbjuda r\u00e4tt del<\/strong>. Om du inte hittar den del du beh\u00f6ver, skriv till oss \u2013 vi hj\u00e4lper dig att hitta den!<\/p>\n<p><strong>\ud83d\udce6 Lager i Litauen<\/strong> \u2013 best\u00e4llningar som g\u00f6rs f\u00f6re kl. 14.00 skickas samma dag.<\/p>\n<p><strong>\ud83d\ude80 Snabb leverans<\/strong> \u2013 best\u00e4llda varor som vi f\u00f6r n\u00e4rvarande inte har i lager levereras inom 3-4 arbetsdagar.<\/p>\n<p><strong>\ud83d\udcc8 Brett utbud<\/strong> \u2013 vi ut\u00f6kar st\u00e4ndigt v\u00e5rt produktsortiment.<\/p>","protected":false},"excerpt":{"rendered":"<p>11027076<\/p>","protected":false},"featured_media":113543,"template":"","meta":{"site-sidebar-layout":"default","site-content-layout":"","ast-site-content-layout":"default","site-content-style":"default","site-sidebar-style":"default","ast-global-header-display":"","ast-banner-title-visibility":"","ast-main-header-display":"","ast-hfb-above-header-display":"","ast-hfb-below-header-display":"","ast-hfb-mobile-header-display":"","site-post-title":"","ast-breadcrumbs-content":"","ast-featured-img":"","footer-sml-layout":"","ast-disable-related-posts":"","theme-transparent-header-meta":"default","adv-header-id-meta":"","stick-header-meta":"","header-above-stick-meta":"","header-main-stick-meta":"","header-below-stick-meta":"","astra-migrate-meta-layouts":"set","ast-page-background-enabled":"default","ast-page-background-meta":{"desktop":{"background-color":"","background-image":"","background-repeat":"repeat","background-position":"center center","background-size":"auto","background-attachment":"scroll","background-type":"","background-media":"","overlay-type":"","overlay-color":"","overlay-opacity":"","overlay-gradient":""},"tablet":{"background-color":"","background-image":"","background-repeat":"repeat","background-position":"center center","background-size":"auto","background-attachment":"scroll","background-type":"","background-media":"","overlay-type":"","overlay-color":"","overlay-opacity":"","overlay-gradient":""},"mobile":{"background-color":"","background-image":"","background-repeat":"repeat","background-position":"center center","background-size":"auto","background-attachment":"scroll","background-type":"","background-media":"","overlay-type":"","overlay-color":"","overlay-opacity":"","overlay-gradient":""}},"ast-content-background-meta":{"desktop":{"background-color":"var(--ast-global-color-5)","background-image":"","background-repeat":"repeat","background-position":"center center","background-size":"auto","background-attachment":"scroll","background-type":"","background-media":"","overlay-type":"","overlay-color":"","overlay-opacity":"","overlay-gradient":""},"tablet":{"background-color":"var(--ast-global-color-5)","background-image":"","background-repeat":"repeat","background-position":"center center","background-size":"auto","background-attachment":"scroll","background-type":"","background-media":"","overlay-type":"","overlay-color":"","overlay-opacity":"","overlay-gradient":""},"mobile":{"background-color":"var(--ast-global-color-5)","background-image":"","background-repeat":"repeat","background-position":"center center","background-size":"auto","background-attachment":"scroll","background-type":"","background-media":"","overlay-type":"","overlay-color":"","overlay-opacity":"","overlay-gradient":""}}},"product_brand":[],"product_cat":[844],"product_tag":[49646,49649,49645,49647,49648,48776,49639,49640,49641,48785,49642,49643,49644,48783,43253],"class_list":{"0":"post-251","1":"product","2":"type-product","3":"status-publish","4":"has-post-thumbnail","6":"product_cat-kaisciai","7":"product_tag-49646","8":"product_tag-49649","9":"product_tag-49645","10":"product_tag-49647","11":"product_tag-550x130","12":"product_tag-frontalinis-krautuvas","13":"product_tag-l150","14":"product_tag-l150c","15":"product_tag-l150d","16":"product_tag-l150e","17":"product_tag-l180","18":"product_tag-l180c","19":"product_tag-l180d","20":"product_tag-l180e","21":"product_tag-volvo","22":"desktop-align-left","23":"tablet-align-left","24":"mobile-align-left","26":"first","27":"outofstock","28":"taxable","29":"shipping-taxable","30":"purchasable","31":"product-type-simple"},"yoast_head":"<!-- This site is optimized with the Yoast SEO plugin v27.4 - https:\/\/yoast.com\/product\/yoast-seo-wordpress\/ -->\n<title>Kai\u0161tis jungties kasimo kau\u0161ui - 11027076 | Gera kaina | Greitas pristatymas | Eska dalys<\/title>\n<meta name=\"description\" content=\"Kai\u0161tis jungties kasimo kau\u0161ui - 11027076 Matmenys: Ilgis:\u00a0550 mm, I\u0161orinis skersmuo:\u00a0130 mm, Tinka: VOLVO, Frontalinis krautuvas, L150, L150C, L150D, L180, L180C, L180D, L180E, L150E OE numeriai: 11093610, 11026709, 11432004, 550x130, 11027076\" \/>\n<meta name=\"robots\" content=\"index, follow, max-snippet:-1, max-image-preview:large, max-video-preview:-1\" \/>\n<link rel=\"canonical\" href=\"https:\/\/eskadalys.lt\/sv\/produkt-sv\/kaistis-jungties-kasimo-kausui-2\/\" \/>\n<meta property=\"og:locale\" content=\"sv_SE\" \/>\n<meta property=\"og:type\" content=\"article\" \/>\n<meta property=\"og:title\" content=\"Kai\u0161tis jungties kasimo kau\u0161ui - 11027076 | Gera kaina | Greitas pristatymas | Eska dalys\" \/>\n<meta property=\"og:description\" content=\"Kai\u0161tis jungties kasimo kau\u0161ui - 11027076 Matmenys: Ilgis:\u00a0550 mm, I\u0161orinis skersmuo:\u00a0130 mm, Tinka: VOLVO, Frontalinis krautuvas, L150, L150C, L150D, L180, L180C, L180D, L180E, L150E OE numeriai: 11093610, 11026709, 11432004, 550x130, 11027076\" \/>\n<meta property=\"og:url\" content=\"https:\/\/eskadalys.lt\/sv\/produkt-sv\/kaistis-jungties-kasimo-kausui-2\/\" \/>\n<meta property=\"og:site_name\" content=\"Eska dalys\" \/>\n<meta property=\"article:publisher\" content=\"https:\/\/www.facebook.com\/profile.php?id=61556005720456\" \/>\n<meta property=\"article:modified_time\" content=\"2026-04-12T05:13:05+00:00\" \/>\n<meta property=\"og:image\" content=\"https:\/\/eskadalys.lt\/wp-content\/uploads\/2024\/02\/Volvo-pin.jpg?v=1714892364\" \/>\n\t<meta property=\"og:image:width\" content=\"458\" \/>\n\t<meta property=\"og:image:height\" content=\"458\" \/>\n\t<meta property=\"og:image:type\" content=\"image\/jpeg\" \/>\n<script type=\"application\/ld+json\" class=\"yoast-schema-graph\">{\"@context\":\"https:\\\/\\\/schema.org\",\"@graph\":[{\"@type\":\"WebPage\",\"@id\":\"https:\\\/\\\/eskadalys.lt\\\/product\\\/kaistis-jungties-kasimo-kausui-2\\\/\",\"url\":\"https:\\\/\\\/eskadalys.lt\\\/product\\\/kaistis-jungties-kasimo-kausui-2\\\/\",\"name\":\"Kai\u0161tis jungties kasimo kau\u0161ui - 11027076 | Gera kaina | Greitas pristatymas | Eska dalys\",\"isPartOf\":{\"@id\":\"https:\\\/\\\/eskadalys.lt\\\/#website\"},\"primaryImageOfPage\":{\"@id\":\"https:\\\/\\\/eskadalys.lt\\\/product\\\/kaistis-jungties-kasimo-kausui-2\\\/#primaryimage\"},\"image\":{\"@id\":\"https:\\\/\\\/eskadalys.lt\\\/product\\\/kaistis-jungties-kasimo-kausui-2\\\/#primaryimage\"},\"thumbnailUrl\":\"https:\\\/\\\/eskadalys.lt\\\/wp-content\\\/uploads\\\/2024\\\/02\\\/Volvo-pin.jpg?v=1714892364\",\"datePublished\":\"2024-02-10T21:25:26+00:00\",\"dateModified\":\"2026-04-12T05:13:05+00:00\",\"description\":\"Kai\u0161tis jungties kasimo kau\u0161ui - 11027076 Matmenys: Ilgis:\u00a0550 mm, I\u0161orinis skersmuo:\u00a0130 mm, Tinka: VOLVO, Frontalinis krautuvas, L150, L150C, L150D, L180, L180C, L180D, L180E, L150E OE numeriai: 11093610, 11026709, 11432004, 550x130, 11027076\",\"breadcrumb\":{\"@id\":\"https:\\\/\\\/eskadalys.lt\\\/product\\\/kaistis-jungties-kasimo-kausui-2\\\/#breadcrumb\"},\"inLanguage\":\"sv-SE\",\"potentialAction\":[{\"@type\":\"ReadAction\",\"target\":[\"https:\\\/\\\/eskadalys.lt\\\/product\\\/kaistis-jungties-kasimo-kausui-2\\\/\"]}]},{\"@type\":\"ImageObject\",\"inLanguage\":\"sv-SE\",\"@id\":\"https:\\\/\\\/eskadalys.lt\\\/product\\\/kaistis-jungties-kasimo-kausui-2\\\/#primaryimage\",\"url\":\"https:\\\/\\\/eskadalys.lt\\\/wp-content\\\/uploads\\\/2024\\\/02\\\/Volvo-pin.jpg?v=1714892364\",\"contentUrl\":\"https:\\\/\\\/eskadalys.lt\\\/wp-content\\\/uploads\\\/2024\\\/02\\\/Volvo-pin.jpg?v=1714892364\",\"width\":458,\"height\":458},{\"@type\":\"BreadcrumbList\",\"@id\":\"https:\\\/\\\/eskadalys.lt\\\/product\\\/kaistis-jungties-kasimo-kausui-2\\\/#breadcrumb\",\"itemListElement\":[{\"@type\":\"ListItem\",\"position\":1,\"name\":\"Strona g\u0142\u00f3wna\",\"item\":\"https:\\\/\\\/eskadalys.lt\\\/\"},{\"@type\":\"ListItem\",\"position\":2,\"name\":\"E-parduotuv\u0117\",\"item\":\"https:\\\/\\\/eskadalys.lt\\\/e-parduotuve\\\/\"},{\"@type\":\"ListItem\",\"position\":3,\"name\":\"Kai\u0161tis jungties kasimo kau\u0161ui &#8211; 11027076\"}]},{\"@type\":\"WebSite\",\"@id\":\"https:\\\/\\\/eskadalys.lt\\\/#website\",\"url\":\"https:\\\/\\\/eskadalys.lt\\\/\",\"name\":\"Eska dalys\",\"description\":\"Ekskavatori\u0173 \\\/ mini ekskavatori\u0173 \\\/ buldozeri\u0173 dalys\",\"publisher\":{\"@id\":\"https:\\\/\\\/eskadalys.lt\\\/#organization\"},\"potentialAction\":[{\"@type\":\"SearchAction\",\"target\":{\"@type\":\"EntryPoint\",\"urlTemplate\":\"https:\\\/\\\/eskadalys.lt\\\/?s={search_term_string}\"},\"query-input\":{\"@type\":\"PropertyValueSpecification\",\"valueRequired\":true,\"valueName\":\"search_term_string\"}}],\"inLanguage\":\"sv-SE\"},{\"@type\":\"Organization\",\"@id\":\"https:\\\/\\\/eskadalys.lt\\\/#organization\",\"name\":\"Eska dalys\",\"url\":\"https:\\\/\\\/eskadalys.lt\\\/\",\"logo\":{\"@type\":\"ImageObject\",\"inLanguage\":\"sv-SE\",\"@id\":\"https:\\\/\\\/eskadalys.lt\\\/#\\\/schema\\\/logo\\\/image\\\/\",\"url\":\"https:\\\/\\\/eskadalys.lt\\\/wp-content\\\/uploads\\\/2024\\\/01\\\/LOGO-ESKA-FINAL.svg\",\"contentUrl\":\"https:\\\/\\\/eskadalys.lt\\\/wp-content\\\/uploads\\\/2024\\\/01\\\/LOGO-ESKA-FINAL.svg\",\"width\":259,\"height\":201,\"caption\":\"Eska dalys\"},\"image\":{\"@id\":\"https:\\\/\\\/eskadalys.lt\\\/#\\\/schema\\\/logo\\\/image\\\/\"},\"sameAs\":[\"https:\\\/\\\/www.facebook.com\\\/profile.php?id=61556005720456\"]}]}<\/script>\n<!-- \/ Yoast SEO plugin. -->","yoast_head_json":{"title":"Kai\u0161tis jungties kasimo kau\u0161ui - 11027076 | Gera kaina | Greitas pristatymas | Eska dalys","description":"Kai\u0161tis jungties kasimo kau\u0161ui - 11027076 Matmenys: Ilgis:\u00a0550 mm, I\u0161orinis skersmuo:\u00a0130 mm, Tinka: VOLVO, Frontalinis krautuvas, L150, L150C, L150D, L180, L180C, L180D, L180E, L150E OE numeriai: 11093610, 11026709, 11432004, 550x130, 11027076","robots":{"index":"index","follow":"follow","max-snippet":"max-snippet:-1","max-image-preview":"max-image-preview:large","max-video-preview":"max-video-preview:-1"},"canonical":"https:\/\/eskadalys.lt\/sv\/produkt-sv\/kaistis-jungties-kasimo-kausui-2\/","og_locale":"sv_SE","og_type":"article","og_title":"Kai\u0161tis jungties kasimo kau\u0161ui - 11027076 | Gera kaina | Greitas pristatymas | Eska dalys","og_description":"Kai\u0161tis jungties kasimo kau\u0161ui - 11027076 Matmenys: Ilgis:\u00a0550 mm, I\u0161orinis skersmuo:\u00a0130 mm, Tinka: VOLVO, Frontalinis krautuvas, L150, L150C, L150D, L180, L180C, L180D, L180E, L150E OE numeriai: 11093610, 11026709, 11432004, 550x130, 11027076","og_url":"https:\/\/eskadalys.lt\/sv\/produkt-sv\/kaistis-jungties-kasimo-kausui-2\/","og_site_name":"Eska dalys","article_publisher":"https:\/\/www.facebook.com\/profile.php?id=61556005720456","article_modified_time":"2026-04-12T05:13:05+00:00","og_image":[{"width":458,"height":458,"url":"https:\/\/eskadalys.lt\/wp-content\/uploads\/2024\/02\/Volvo-pin.jpg?v=1714892364","type":"image\/jpeg"}],"schema":{"@context":"https:\/\/schema.org","@graph":[{"@type":"WebPage","@id":"https:\/\/eskadalys.lt\/product\/kaistis-jungties-kasimo-kausui-2\/","url":"https:\/\/eskadalys.lt\/product\/kaistis-jungties-kasimo-kausui-2\/","name":"Kai\u0161tis jungties kasimo kau\u0161ui - 11027076 | Gera kaina | Greitas pristatymas | Eska dalys","isPartOf":{"@id":"https:\/\/eskadalys.lt\/#website"},"primaryImageOfPage":{"@id":"https:\/\/eskadalys.lt\/product\/kaistis-jungties-kasimo-kausui-2\/#primaryimage"},"image":{"@id":"https:\/\/eskadalys.lt\/product\/kaistis-jungties-kasimo-kausui-2\/#primaryimage"},"thumbnailUrl":"https:\/\/eskadalys.lt\/wp-content\/uploads\/2024\/02\/Volvo-pin.jpg?v=1714892364","datePublished":"2024-02-10T21:25:26+00:00","dateModified":"2026-04-12T05:13:05+00:00","description":"Kai\u0161tis jungties kasimo kau\u0161ui - 11027076 Matmenys: Ilgis:\u00a0550 mm, I\u0161orinis skersmuo:\u00a0130 mm, Tinka: VOLVO, Frontalinis krautuvas, L150, L150C, L150D, L180, L180C, L180D, L180E, L150E OE numeriai: 11093610, 11026709, 11432004, 550x130, 11027076","breadcrumb":{"@id":"https:\/\/eskadalys.lt\/product\/kaistis-jungties-kasimo-kausui-2\/#breadcrumb"},"inLanguage":"sv-SE","potentialAction":[{"@type":"ReadAction","target":["https:\/\/eskadalys.lt\/product\/kaistis-jungties-kasimo-kausui-2\/"]}]},{"@type":"ImageObject","inLanguage":"sv-SE","@id":"https:\/\/eskadalys.lt\/product\/kaistis-jungties-kasimo-kausui-2\/#primaryimage","url":"https:\/\/eskadalys.lt\/wp-content\/uploads\/2024\/02\/Volvo-pin.jpg?v=1714892364","contentUrl":"https:\/\/eskadalys.lt\/wp-content\/uploads\/2024\/02\/Volvo-pin.jpg?v=1714892364","width":458,"height":458},{"@type":"BreadcrumbList","@id":"https:\/\/eskadalys.lt\/product\/kaistis-jungties-kasimo-kausui-2\/#breadcrumb","itemListElement":[{"@type":"ListItem","position":1,"name":"Strona g\u0142\u00f3wna","item":"https:\/\/eskadalys.lt\/"},{"@type":"ListItem","position":2,"name":"E-parduotuv\u0117","item":"https:\/\/eskadalys.lt\/e-parduotuve\/"},{"@type":"ListItem","position":3,"name":"Kai\u0161tis jungties kasimo kau\u0161ui &#8211; 11027076"}]},{"@type":"WebSite","@id":"https:\/\/eskadalys.lt\/#website","url":"https:\/\/eskadalys.lt\/","name":"Eska parts","description":"Reservdelar till gr\u00e4vmaskin\/minigr\u00e4vmaskin\/bulldozer","publisher":{"@id":"https:\/\/eskadalys.lt\/#organization"},"potentialAction":[{"@type":"SearchAction","target":{"@type":"EntryPoint","urlTemplate":"https:\/\/eskadalys.lt\/?s={search_term_string}"},"query-input":{"@type":"PropertyValueSpecification","valueRequired":true,"valueName":"search_term_string"}}],"inLanguage":"sv-SE"},{"@type":"Organization","@id":"https:\/\/eskadalys.lt\/#organization","name":"Eska parts","url":"https:\/\/eskadalys.lt\/","logo":{"@type":"ImageObject","inLanguage":"sv-SE","@id":"https:\/\/eskadalys.lt\/#\/schema\/logo\/image\/","url":"https:\/\/eskadalys.lt\/wp-content\/uploads\/2024\/01\/LOGO-ESKA-FINAL.svg","contentUrl":"https:\/\/eskadalys.lt\/wp-content\/uploads\/2024\/01\/LOGO-ESKA-FINAL.svg","width":259,"height":201,"caption":"Eska dalys"},"image":{"@id":"https:\/\/eskadalys.lt\/#\/schema\/logo\/image\/"},"sameAs":["https:\/\/www.facebook.com\/profile.php?id=61556005720456"]}]}},"_links":{"self":[{"href":"https:\/\/eskadalys.lt\/sv\/wp-json\/wp\/v2\/product\/251","targetHints":{"allow":["GET"]}}],"collection":[{"href":"https:\/\/eskadalys.lt\/sv\/wp-json\/wp\/v2\/product"}],"about":[{"href":"https:\/\/eskadalys.lt\/sv\/wp-json\/wp\/v2\/types\/product"}],"wp:featuredmedia":[{"embeddable":true,"href":"https:\/\/eskadalys.lt\/sv\/wp-json\/wp\/v2\/media\/113543"}],"wp:attachment":[{"href":"https:\/\/eskadalys.lt\/sv\/wp-json\/wp\/v2\/media?parent=251"}],"wp:term":[{"taxonomy":"product_brand","embeddable":true,"href":"https:\/\/eskadalys.lt\/sv\/wp-json\/wp\/v2\/product_brand?post=251"},{"taxonomy":"product_cat","embeddable":true,"href":"https:\/\/eskadalys.lt\/sv\/wp-json\/wp\/v2\/product_cat?post=251"},{"taxonomy":"product_tag","embeddable":true,"href":"https:\/\/eskadalys.lt\/sv\/wp-json\/wp\/v2\/product_tag?post=251"}],"curies":[{"name":"wp","href":"https:\/\/api.w.org\/{rel}","templated":true}]}}