{"id":2123,"date":"2024-02-11T01:46:55","date_gmt":"2024-02-10T23:46:55","guid":{"rendered":"https:\/\/eskadalys.lt\/?post_type=product&#038;p=2123"},"modified":"2026-03-26T09:52:19","modified_gmt":"2026-03-26T07:52:19","slug":"skruvmutter-tand-4k0367-cva","status":"publish","type":"product","link":"https:\/\/eskadalys.lt\/sv\/product\/varztas-verzle-danties-4k0367-cva\/","title":{"rendered":"Bult + mutter tand 4K0367 CVA \u2013 4F3657"},"content":{"rendered":"<p><strong>Bult + mutter tand 4K0367 CVA \u2013 4F3657<\/strong><br \/>\nM\u00e5tt:<br \/>\nDiameter 5\/8\u201d 16 mm, L\u00e4ngd: 72 mm,<\/p>\n<p><strong>L\u00e4mplig f\u00f6r:<\/strong> CAT, Gr\u00e4vlastare, 414E, 416B, 416C, 416D, 416E, 416F, 420D, 420E, 420F, 422E, 422F, 424D, 426, 426B, 426C, 428, 428B, 428C, 428D, 428E, 428F, 430D, 430E, 430F, 432D, 432E, 432F, 434E, 436, 436B, 436C, 438, 438B, 438C, 438D, 442D, 442E, 444E, 446, 446B, 446D, 450E, Minigr\u00e4vare, 304, 304.5, 304C, 305, 305.5, 305.5D, 305.5E, 305C, 305D, 305E, 450F, 424B, 416, 424E, 444F, 434F, 415F, 415F2, 427F2, 413, 417, 428F2, 427F2, 444F2, 432F2, 432F2, 422F2, 428D1, 420F2, 430F2, 420F2IT, , 420F2ST, 440, 430F2ST, 416FST, 420FST, 420FIT, 430FST, 430FIT, 416EST, 420EST, 420 EIT, 430EST, 430EIT, 432B, 432C<br \/>\n<strong>OE-nummer::<\/strong> 4K0367<br \/>\n4F-3657<\/p>\n<h3>\ud83d\udd0d Letar efter en annan produkt fr\u00e5n kategorin <a href=\"https:\/\/eskadalys.lt\/sv\/produktkategori-sv\/skoptander\/tandhallare\/\">Tandh\u00e5llare<\/a> ?<\/h3>\n<h3>\ud83d\udee0\ufe0f Reservdelar till byggmaskiner \u2013 du hittar fler av dem <a href=\"https:\/\/eskadalys.lt\/sv\/produktkategori-sv\/skoptander\/\">Skopt\u00e4nder<\/a> i kategorin.<\/h3>\n<p>Om du \u00e4r os\u00e4ker p\u00e5 om den h\u00e4r delen passar din maskin, <strong>V\u00e4nligen skicka oss fordonets serienummer (VIN) innan du k\u00f6per.<\/strong>. Vi kommer att kontrollera kompatibiliteten med hj\u00e4lp av katalogerna och <strong>Vi kommer att erbjuda r\u00e4tt del<\/strong>. Om du inte hittar den del du beh\u00f6ver, skriv till oss \u2013 vi hj\u00e4lper dig att hitta den!<\/p>\n<p><strong>\ud83d\udce6 Lager i Litauen<\/strong> \u2013 best\u00e4llningar som g\u00f6rs f\u00f6re kl. 14.00 skickas samma dag.<\/p>\n<p><strong>\ud83d\ude80 Snabb leverans<\/strong> \u2013 best\u00e4llda varor som vi f\u00f6r n\u00e4rvarande inte har i lager levereras inom 3-4 arbetsdagar.<\/p>\n<p><strong>\ud83d\udcc8 Brett utbud<\/strong> \u2013 vi ut\u00f6kar st\u00e4ndigt v\u00e5rt produktsortiment.<\/p>","protected":false},"excerpt":{"rendered":"<p>4F3657 CVA<\/p>","protected":false},"featured_media":96266,"template":"","meta":{"site-sidebar-layout":"default","site-content-layout":"","ast-site-content-layout":"default","site-content-style":"default","site-sidebar-style":"default","ast-global-header-display":"","ast-banner-title-visibility":"","ast-main-header-display":"","ast-hfb-above-header-display":"","ast-hfb-below-header-display":"","ast-hfb-mobile-header-display":"","site-post-title":"","ast-breadcrumbs-content":"","ast-featured-img":"","footer-sml-layout":"","ast-disable-related-posts":"","theme-transparent-header-meta":"default","adv-header-id-meta":"","stick-header-meta":"","header-above-stick-meta":"","header-main-stick-meta":"","header-below-stick-meta":"","astra-migrate-meta-layouts":"set","ast-page-background-enabled":"default","ast-page-background-meta":{"desktop":{"background-color":"","background-image":"","background-repeat":"repeat","background-position":"center center","background-size":"auto","background-attachment":"scroll","background-type":"","background-media":"","overlay-type":"","overlay-color":"","overlay-opacity":"","overlay-gradient":""},"tablet":{"background-color":"","background-image":"","background-repeat":"repeat","background-position":"center center","background-size":"auto","background-attachment":"scroll","background-type":"","background-media":"","overlay-type":"","overlay-color":"","overlay-opacity":"","overlay-gradient":""},"mobile":{"background-color":"","background-image":"","background-repeat":"repeat","background-position":"center center","background-size":"auto","background-attachment":"scroll","background-type":"","background-media":"","overlay-type":"","overlay-color":"","overlay-opacity":"","overlay-gradient":""}},"ast-content-background-meta":{"desktop":{"background-color":"var(--ast-global-color-5)","background-image":"","background-repeat":"repeat","background-position":"center center","background-size":"auto","background-attachment":"scroll","background-type":"","background-media":"","overlay-type":"","overlay-color":"","overlay-opacity":"","overlay-gradient":""},"tablet":{"background-color":"var(--ast-global-color-5)","background-image":"","background-repeat":"repeat","background-position":"center center","background-size":"auto","background-attachment":"scroll","background-type":"","background-media":"","overlay-type":"","overlay-color":"","overlay-opacity":"","overlay-gradient":""},"mobile":{"background-color":"var(--ast-global-color-5)","background-image":"","background-repeat":"repeat","background-position":"center center","background-size":"auto","background-attachment":"scroll","background-type":"","background-media":"","overlay-type":"","overlay-color":"","overlay-opacity":"","overlay-gradient":""}}},"product_brand":[],"product_cat":[916],"product_tag":[],"class_list":{"0":"post-2123","1":"product","2":"type-product","3":"status-publish","4":"has-post-thumbnail","6":"product_cat-dantu-fiksatoriai","7":"desktop-align-left","8":"tablet-align-left","9":"mobile-align-left","11":"first","12":"onbackorder","13":"taxable","14":"shipping-taxable","15":"purchasable","16":"product-type-simple"},"yoast_head":"<!-- This site is optimized with the Yoast SEO plugin v27.3 - https:\/\/yoast.com\/product\/yoast-seo-wordpress\/ -->\n<title>Var\u017etas + ver\u017el\u0117 danties 4K0367 CVA - 4F3657 | Gera kaina | Greitas pristatymas | Eska dalys<\/title>\n<meta name=\"description\" content=\"Var\u017etas + ver\u017el\u0117 danties 4K0367 - 4F3657 Matmenys: Skersmuo 5\/8&#039;&#039; 16mm, Ilgis: 72 mm, Tinka: CAT, Ekskavatorius krautuvas, 414E, 416B, 416C, 416D, 416E, 416F, 420D, 420E, 420F, 422E, 422F, 424D, 426, 426B, 426C, 428, 428B, 428C, 428D, 428E, 428F, 430D, 430E, 430F, 432D, 432E, 432F, 434E, 436, 436B, 436C, 438, 438B, 438C, 438D, 442D, 442E, 444E, 446, 446B, 446D, 450E, Mini ekskavatorius, 304, 304.5, 304C, 305, 305.5, 305.5D, 305.5E, 305C, 305D, 305E, 450F, 424B, 416, 424E, 444F, 434F, 415F, 415F2, 427F2, 413, 417, 428F2, 427F2, 444F2, 432F2, 432F2, 422F2, 428D1, 420F2, 430F2, 420F2IT, , 420F2ST, 440, 430F2ST, 416FST, 420FST, 420FIT, 430FST, 430FIT, 416EST, 420EST, 420 EIT, 430EST, 430EIT, 432B, 432C OE numeriai: 4K0367\" \/>\n<meta name=\"robots\" content=\"index, follow, max-snippet:-1, max-image-preview:large, max-video-preview:-1\" \/>\n<link rel=\"canonical\" href=\"https:\/\/eskadalys.lt\/sv\/produkt-sv\/skruvmutter-tand-4k0367-cva\/\" \/>\n<meta property=\"og:locale\" content=\"sv_SE\" \/>\n<meta property=\"og:type\" content=\"article\" \/>\n<meta property=\"og:title\" content=\"Var\u017etas + ver\u017el\u0117 danties 4K0367 CVA - 4F3657 | Gera kaina | Greitas pristatymas | Eska dalys\" \/>\n<meta property=\"og:description\" content=\"Var\u017etas + ver\u017el\u0117 danties 4K0367 - 4F3657 Matmenys: Skersmuo 5\/8&#039;&#039; 16mm, Ilgis: 72 mm, Tinka: CAT, Ekskavatorius krautuvas, 414E, 416B, 416C, 416D, 416E, 416F, 420D, 420E, 420F, 422E, 422F, 424D, 426, 426B, 426C, 428, 428B, 428C, 428D, 428E, 428F, 430D, 430E, 430F, 432D, 432E, 432F, 434E, 436, 436B, 436C, 438, 438B, 438C, 438D, 442D, 442E, 444E, 446, 446B, 446D, 450E, Mini ekskavatorius, 304, 304.5, 304C, 305, 305.5, 305.5D, 305.5E, 305C, 305D, 305E, 450F, 424B, 416, 424E, 444F, 434F, 415F, 415F2, 427F2, 413, 417, 428F2, 427F2, 444F2, 432F2, 432F2, 422F2, 428D1, 420F2, 430F2, 420F2IT, , 420F2ST, 440, 430F2ST, 416FST, 420FST, 420FIT, 430FST, 430FIT, 416EST, 420EST, 420 EIT, 430EST, 430EIT, 432B, 432C OE numeriai: 4K0367\" \/>\n<meta property=\"og:url\" content=\"https:\/\/eskadalys.lt\/sv\/produkt-sv\/skruvmutter-tand-4k0367-cva\/\" \/>\n<meta property=\"og:site_name\" content=\"Eska dalys\" \/>\n<meta property=\"article:publisher\" content=\"https:\/\/www.facebook.com\/profile.php?id=61556005720456\" \/>\n<meta property=\"article:modified_time\" content=\"2026-03-26T07:52:19+00:00\" \/>\n<meta property=\"og:image\" content=\"https:\/\/eskadalys.lt\/wp-content\/uploads\/2024\/02\/bolt-cva-20240121-131628-scaled-1.jpg?v=1714942835\" \/>\n\t<meta property=\"og:image:width\" content=\"1600\" \/>\n\t<meta property=\"og:image:height\" content=\"1714\" \/>\n\t<meta property=\"og:image:type\" content=\"image\/jpeg\" \/>\n<script type=\"application\/ld+json\" class=\"yoast-schema-graph\">{\"@context\":\"https:\\\/\\\/schema.org\",\"@graph\":[{\"@type\":\"WebPage\",\"@id\":\"https:\\\/\\\/eskadalys.lt\\\/product\\\/varztas-verzle-danties-4k0367-cva\\\/\",\"url\":\"https:\\\/\\\/eskadalys.lt\\\/product\\\/varztas-verzle-danties-4k0367-cva\\\/\",\"name\":\"Var\u017etas + ver\u017el\u0117 danties 4K0367 CVA - 4F3657 | Gera kaina | Greitas pristatymas | Eska dalys\",\"isPartOf\":{\"@id\":\"https:\\\/\\\/eskadalys.lt\\\/#website\"},\"primaryImageOfPage\":{\"@id\":\"https:\\\/\\\/eskadalys.lt\\\/product\\\/varztas-verzle-danties-4k0367-cva\\\/#primaryimage\"},\"image\":{\"@id\":\"https:\\\/\\\/eskadalys.lt\\\/product\\\/varztas-verzle-danties-4k0367-cva\\\/#primaryimage\"},\"thumbnailUrl\":\"https:\\\/\\\/eskadalys.lt\\\/wp-content\\\/uploads\\\/2024\\\/02\\\/bolt-cva-20240121-131628-scaled-1.jpg?v=1714942835\",\"datePublished\":\"2024-02-10T23:46:55+00:00\",\"dateModified\":\"2026-03-26T07:52:19+00:00\",\"description\":\"Var\u017etas + ver\u017el\u0117 danties 4K0367 - 4F3657 Matmenys: Skersmuo 5\\\/8'' 16mm, Ilgis: 72 mm, Tinka: CAT, Ekskavatorius krautuvas, 414E, 416B, 416C, 416D, 416E, 416F, 420D, 420E, 420F, 422E, 422F, 424D, 426, 426B, 426C, 428, 428B, 428C, 428D, 428E, 428F, 430D, 430E, 430F, 432D, 432E, 432F, 434E, 436, 436B, 436C, 438, 438B, 438C, 438D, 442D, 442E, 444E, 446, 446B, 446D, 450E, Mini ekskavatorius, 304, 304.5, 304C, 305, 305.5, 305.5D, 305.5E, 305C, 305D, 305E, 450F, 424B, 416, 424E, 444F, 434F, 415F, 415F2, 427F2, 413, 417, 428F2, 427F2, 444F2, 432F2, 432F2, 422F2, 428D1, 420F2, 430F2, 420F2IT, , 420F2ST, 440, 430F2ST, 416FST, 420FST, 420FIT, 430FST, 430FIT, 416EST, 420EST, 420 EIT, 430EST, 430EIT, 432B, 432C OE numeriai: 4K0367\",\"breadcrumb\":{\"@id\":\"https:\\\/\\\/eskadalys.lt\\\/product\\\/varztas-verzle-danties-4k0367-cva\\\/#breadcrumb\"},\"inLanguage\":\"sv-SE\",\"potentialAction\":[{\"@type\":\"ReadAction\",\"target\":[\"https:\\\/\\\/eskadalys.lt\\\/product\\\/varztas-verzle-danties-4k0367-cva\\\/\"]}]},{\"@type\":\"ImageObject\",\"inLanguage\":\"sv-SE\",\"@id\":\"https:\\\/\\\/eskadalys.lt\\\/product\\\/varztas-verzle-danties-4k0367-cva\\\/#primaryimage\",\"url\":\"https:\\\/\\\/eskadalys.lt\\\/wp-content\\\/uploads\\\/2024\\\/02\\\/bolt-cva-20240121-131628-scaled-1.jpg?v=1714942835\",\"contentUrl\":\"https:\\\/\\\/eskadalys.lt\\\/wp-content\\\/uploads\\\/2024\\\/02\\\/bolt-cva-20240121-131628-scaled-1.jpg?v=1714942835\",\"width\":1600,\"height\":1714},{\"@type\":\"BreadcrumbList\",\"@id\":\"https:\\\/\\\/eskadalys.lt\\\/product\\\/varztas-verzle-danties-4k0367-cva\\\/#breadcrumb\",\"itemListElement\":[{\"@type\":\"ListItem\",\"position\":1,\"name\":\"Strona g\u0142\u00f3wna\",\"item\":\"https:\\\/\\\/eskadalys.lt\\\/\"},{\"@type\":\"ListItem\",\"position\":2,\"name\":\"E-parduotuv\u0117\",\"item\":\"https:\\\/\\\/eskadalys.lt\\\/e-parduotuve\\\/\"},{\"@type\":\"ListItem\",\"position\":3,\"name\":\"Var\u017etas + ver\u017el\u0117 danties 4K0367 CVA &#8211; 4F3657\"}]},{\"@type\":\"WebSite\",\"@id\":\"https:\\\/\\\/eskadalys.lt\\\/#website\",\"url\":\"https:\\\/\\\/eskadalys.lt\\\/\",\"name\":\"Eska dalys\",\"description\":\"Ekskavatori\u0173 \\\/ mini ekskavatori\u0173 \\\/ buldozeri\u0173 dalys\",\"publisher\":{\"@id\":\"https:\\\/\\\/eskadalys.lt\\\/#organization\"},\"potentialAction\":[{\"@type\":\"SearchAction\",\"target\":{\"@type\":\"EntryPoint\",\"urlTemplate\":\"https:\\\/\\\/eskadalys.lt\\\/?s={search_term_string}\"},\"query-input\":{\"@type\":\"PropertyValueSpecification\",\"valueRequired\":true,\"valueName\":\"search_term_string\"}}],\"inLanguage\":\"sv-SE\"},{\"@type\":\"Organization\",\"@id\":\"https:\\\/\\\/eskadalys.lt\\\/#organization\",\"name\":\"Eska dalys\",\"url\":\"https:\\\/\\\/eskadalys.lt\\\/\",\"logo\":{\"@type\":\"ImageObject\",\"inLanguage\":\"sv-SE\",\"@id\":\"https:\\\/\\\/eskadalys.lt\\\/#\\\/schema\\\/logo\\\/image\\\/\",\"url\":\"https:\\\/\\\/eskadalys.lt\\\/wp-content\\\/uploads\\\/2024\\\/01\\\/LOGO-ESKA-FINAL.svg\",\"contentUrl\":\"https:\\\/\\\/eskadalys.lt\\\/wp-content\\\/uploads\\\/2024\\\/01\\\/LOGO-ESKA-FINAL.svg\",\"width\":259,\"height\":201,\"caption\":\"Eska dalys\"},\"image\":{\"@id\":\"https:\\\/\\\/eskadalys.lt\\\/#\\\/schema\\\/logo\\\/image\\\/\"},\"sameAs\":[\"https:\\\/\\\/www.facebook.com\\\/profile.php?id=61556005720456\"]}]}<\/script>\n<!-- \/ Yoast SEO plugin. -->","yoast_head_json":{"title":"Bult + mutterkugg 4K0367 CVA - 4F3657 | Bra pris | Snabb leverans | Eska-delar","description":"Bult + mutter f\u00f6r tand 4K0367 - 4F3657 M\u00e5tt: Diameter 5\/8&#039;&#039; 16mm, L\u00e4ngd: 72 mm, Passar: CAT, Gr\u00e4vlastare, 414E, 416B, 416C, 416D, 416E, 416F, 420D, 420E, 420F, 422E, 422F, 424D, 426, 426B, 426C, 428, 428B, 428C, 428D, 428E, 428F, 430D, 430E, 430F, 432D, 432E, 432F, 434E, 436, 436B, 436C, 438, 438B, 438C, 438D, 442D, 442E, 444E, 446, 446B, 446D, 450E, Minigr\u00e4vmaskin, 304, 304.5, 304C, 305, 305.5, 305.5D, 305.5E, 305C, 305D, 305E, 450F, 424B, 416, 424E, 444F, 434F, 415F, 415F2, 427F2, 413, 417, 428F2, 427F2, 444F2, 432F2, 432F2, 422F2, 428D1, 420F2, 430F2, 420F2IT, , 420F2ST, 440, 430F2ST, 416FST, 420FST, 420FIT, 430FST, 430FIT, 416EST, 420EST, 420 EIT, 430EST, 430EIT, 432B, 432C OE-nummer: 4K0367","robots":{"index":"index","follow":"follow","max-snippet":"max-snippet:-1","max-image-preview":"max-image-preview:large","max-video-preview":"max-video-preview:-1"},"canonical":"https:\/\/eskadalys.lt\/sv\/produkt-sv\/skruvmutter-tand-4k0367-cva\/","og_locale":"sv_SE","og_type":"article","og_title":"Var\u017etas + ver\u017el\u0117 danties 4K0367 CVA - 4F3657 | Gera kaina | Greitas pristatymas | Eska dalys","og_description":"Var\u017etas + ver\u017el\u0117 danties 4K0367 - 4F3657 Matmenys: Skersmuo 5\/8'' 16mm, Ilgis: 72 mm, Tinka: CAT, Ekskavatorius krautuvas, 414E, 416B, 416C, 416D, 416E, 416F, 420D, 420E, 420F, 422E, 422F, 424D, 426, 426B, 426C, 428, 428B, 428C, 428D, 428E, 428F, 430D, 430E, 430F, 432D, 432E, 432F, 434E, 436, 436B, 436C, 438, 438B, 438C, 438D, 442D, 442E, 444E, 446, 446B, 446D, 450E, Mini ekskavatorius, 304, 304.5, 304C, 305, 305.5, 305.5D, 305.5E, 305C, 305D, 305E, 450F, 424B, 416, 424E, 444F, 434F, 415F, 415F2, 427F2, 413, 417, 428F2, 427F2, 444F2, 432F2, 432F2, 422F2, 428D1, 420F2, 430F2, 420F2IT, , 420F2ST, 440, 430F2ST, 416FST, 420FST, 420FIT, 430FST, 430FIT, 416EST, 420EST, 420 EIT, 430EST, 430EIT, 432B, 432C OE numeriai: 4K0367","og_url":"https:\/\/eskadalys.lt\/sv\/produkt-sv\/skruvmutter-tand-4k0367-cva\/","og_site_name":"Eska dalys","article_publisher":"https:\/\/www.facebook.com\/profile.php?id=61556005720456","article_modified_time":"2026-03-26T07:52:19+00:00","og_image":[{"width":1600,"height":1714,"url":"https:\/\/eskadalys.lt\/wp-content\/uploads\/2024\/02\/bolt-cva-20240121-131628-scaled-1.jpg?v=1714942835","type":"image\/jpeg"}],"schema":{"@context":"https:\/\/schema.org","@graph":[{"@type":"WebPage","@id":"https:\/\/eskadalys.lt\/product\/varztas-verzle-danties-4k0367-cva\/","url":"https:\/\/eskadalys.lt\/product\/varztas-verzle-danties-4k0367-cva\/","name":"Bult + mutterkugg 4K0367 CVA - 4F3657 | Bra pris | Snabb leverans | Eska-delar","isPartOf":{"@id":"https:\/\/eskadalys.lt\/#website"},"primaryImageOfPage":{"@id":"https:\/\/eskadalys.lt\/product\/varztas-verzle-danties-4k0367-cva\/#primaryimage"},"image":{"@id":"https:\/\/eskadalys.lt\/product\/varztas-verzle-danties-4k0367-cva\/#primaryimage"},"thumbnailUrl":"https:\/\/eskadalys.lt\/wp-content\/uploads\/2024\/02\/bolt-cva-20240121-131628-scaled-1.jpg?v=1714942835","datePublished":"2024-02-10T23:46:55+00:00","dateModified":"2026-03-26T07:52:19+00:00","description":"Bult + mutter f\u00f6r tand 4K0367 - 4F3657 M\u00e5tt: Diameter 5\/8&#039;&#039; 16mm, L\u00e4ngd: 72 mm, Passar: CAT, Gr\u00e4vlastare, 414E, 416B, 416C, 416D, 416E, 416F, 420D, 420E, 420F, 422E, 422F, 424D, 426, 426B, 426C, 428, 428B, 428C, 428D, 428E, 428F, 430D, 430E, 430F, 432D, 432E, 432F, 434E, 436, 436B, 436C, 438, 438B, 438C, 438D, 442D, 442E, 444E, 446, 446B, 446D, 450E, Minigr\u00e4vmaskin, 304, 304.5, 304C, 305, 305.5, 305.5D, 305.5E, 305C, 305D, 305E, 450F, 424B, 416, 424E, 444F, 434F, 415F, 415F2, 427F2, 413, 417, 428F2, 427F2, 444F2, 432F2, 432F2, 422F2, 428D1, 420F2, 430F2, 420F2IT, , 420F2ST, 440, 430F2ST, 416FST, 420FST, 420FIT, 430FST, 430FIT, 416EST, 420EST, 420 EIT, 430EST, 430EIT, 432B, 432C OE-nummer: 4K0367","breadcrumb":{"@id":"https:\/\/eskadalys.lt\/product\/varztas-verzle-danties-4k0367-cva\/#breadcrumb"},"inLanguage":"sv-SE","potentialAction":[{"@type":"ReadAction","target":["https:\/\/eskadalys.lt\/product\/varztas-verzle-danties-4k0367-cva\/"]}]},{"@type":"ImageObject","inLanguage":"sv-SE","@id":"https:\/\/eskadalys.lt\/product\/varztas-verzle-danties-4k0367-cva\/#primaryimage","url":"https:\/\/eskadalys.lt\/wp-content\/uploads\/2024\/02\/bolt-cva-20240121-131628-scaled-1.jpg?v=1714942835","contentUrl":"https:\/\/eskadalys.lt\/wp-content\/uploads\/2024\/02\/bolt-cva-20240121-131628-scaled-1.jpg?v=1714942835","width":1600,"height":1714},{"@type":"BreadcrumbList","@id":"https:\/\/eskadalys.lt\/product\/varztas-verzle-danties-4k0367-cva\/#breadcrumb","itemListElement":[{"@type":"ListItem","position":1,"name":"Strona g\u0142\u00f3wna","item":"https:\/\/eskadalys.lt\/"},{"@type":"ListItem","position":2,"name":"E-parduotuv\u0117","item":"https:\/\/eskadalys.lt\/e-parduotuve\/"},{"@type":"ListItem","position":3,"name":"Var\u017etas + ver\u017el\u0117 danties 4K0367 CVA &#8211; 4F3657"}]},{"@type":"WebSite","@id":"https:\/\/eskadalys.lt\/#website","url":"https:\/\/eskadalys.lt\/","name":"Eska parts","description":"Reservdelar till gr\u00e4vmaskin\/minigr\u00e4vmaskin\/bulldozer","publisher":{"@id":"https:\/\/eskadalys.lt\/#organization"},"potentialAction":[{"@type":"SearchAction","target":{"@type":"EntryPoint","urlTemplate":"https:\/\/eskadalys.lt\/?s={search_term_string}"},"query-input":{"@type":"PropertyValueSpecification","valueRequired":true,"valueName":"search_term_string"}}],"inLanguage":"sv-SE"},{"@type":"Organization","@id":"https:\/\/eskadalys.lt\/#organization","name":"Eska parts","url":"https:\/\/eskadalys.lt\/","logo":{"@type":"ImageObject","inLanguage":"sv-SE","@id":"https:\/\/eskadalys.lt\/#\/schema\/logo\/image\/","url":"https:\/\/eskadalys.lt\/wp-content\/uploads\/2024\/01\/LOGO-ESKA-FINAL.svg","contentUrl":"https:\/\/eskadalys.lt\/wp-content\/uploads\/2024\/01\/LOGO-ESKA-FINAL.svg","width":259,"height":201,"caption":"Eska dalys"},"image":{"@id":"https:\/\/eskadalys.lt\/#\/schema\/logo\/image\/"},"sameAs":["https:\/\/www.facebook.com\/profile.php?id=61556005720456"]}]}},"_links":{"self":[{"href":"https:\/\/eskadalys.lt\/sv\/wp-json\/wp\/v2\/product\/2123","targetHints":{"allow":["GET"]}}],"collection":[{"href":"https:\/\/eskadalys.lt\/sv\/wp-json\/wp\/v2\/product"}],"about":[{"href":"https:\/\/eskadalys.lt\/sv\/wp-json\/wp\/v2\/types\/product"}],"wp:featuredmedia":[{"embeddable":true,"href":"https:\/\/eskadalys.lt\/sv\/wp-json\/wp\/v2\/media\/96266"}],"wp:attachment":[{"href":"https:\/\/eskadalys.lt\/sv\/wp-json\/wp\/v2\/media?parent=2123"}],"wp:term":[{"taxonomy":"product_brand","embeddable":true,"href":"https:\/\/eskadalys.lt\/sv\/wp-json\/wp\/v2\/product_brand?post=2123"},{"taxonomy":"product_cat","embeddable":true,"href":"https:\/\/eskadalys.lt\/sv\/wp-json\/wp\/v2\/product_cat?post=2123"},{"taxonomy":"product_tag","embeddable":true,"href":"https:\/\/eskadalys.lt\/sv\/wp-json\/wp\/v2\/product_tag?post=2123"}],"curies":[{"name":"wp","href":"https:\/\/api.w.org\/{rel}","templated":true}]}}