{"id":1216,"date":"2024-02-11T00:41:54","date_gmt":"2024-02-10T22:41:54","guid":{"rendered":"https:\/\/eskadalys.lt\/?post_type=product&#038;p=1216"},"modified":"2026-04-12T08:14:11","modified_gmt":"2026-04-12T05:14:11","slug":"att-varma-cva-129","status":"publish","type":"product","link":"https:\/\/eskadalys.lt\/sv\/product\/kaistis-cva-129\/","title":{"rendered":"PIN-kod f\u00f6r CVA \u2013 1305451"},"content":{"rendered":"<p><strong>PIN-kod f\u00f6r CVA \u2013 1305451<\/strong><br \/>\nM\u00e5tt:<br \/>\nL\u00e4ngd: 240 Ytterdiameter: 45 mm, 45\u00d7240<\/p>\n<p><strong>L\u00e4mplig f\u00f6r:<\/strong> CAT, Gr\u00e4vlastare, 414E, 416C, 416D, 416E, 420D, 420E, 422E, 424D, 426C, 428C, 428D, 428E, 430D, 430E, 432D, 432E, 436C, 438B, 438C, 438D, 442D, 442E, 424B<br \/>\n<strong>OE-nummer::<\/strong> 9R0097., 45\u00d7240<br \/>\n130-5451<\/p>\n<h3>\ud83d\udd0d Letar efter en annan produkt fr\u00e5n kategorin <a href=\"https:\/\/eskadalys.lt\/sv\/produktkategori-sv\/stift-elfenbenslager\/nalar\/\">N\u00e5lar<\/a> ?<\/h3>\n<h3>\ud83d\udee0\ufe0f CAT-delar \u2013 du kan hitta fler av dem <a href=\"https:\/\/eskadalys.lt\/sv\/produktkategori-sv\/stift-elfenbenslager\/\">Stift \/ Bussningar \/ Lager<\/a> i kategorin.<\/h3>\n<p>Om du \u00e4r os\u00e4ker p\u00e5 om den h\u00e4r delen passar din maskin, <strong>V\u00e4nligen skicka oss fordonets serienummer (VIN) innan du k\u00f6per.<\/strong>. Vi kommer att kontrollera kompatibiliteten med hj\u00e4lp av katalogerna och <strong>Vi kommer att erbjuda r\u00e4tt del<\/strong>. Om du inte hittar den del du beh\u00f6ver, skriv till oss \u2013 vi hj\u00e4lper dig att hitta den!<\/p>\n<p><strong>\ud83d\udce6 Lager i Litauen<\/strong> \u2013 best\u00e4llningar som g\u00f6rs f\u00f6re kl. 14.00 skickas samma dag.<\/p>\n<p><strong>\ud83d\ude80 Snabb leverans<\/strong> \u2013 best\u00e4llda varor som vi f\u00f6r n\u00e4rvarande inte har i lager levereras inom 3-4 arbetsdagar.<\/p>\n<p><strong>\ud83d\udcc8 Brett utbud<\/strong> \u2013 vi ut\u00f6kar st\u00e4ndigt v\u00e5rt produktsortiment.<\/p>","protected":false},"excerpt":{"rendered":"<p>1305451 CVA-nummer<\/p>","protected":false},"featured_media":113507,"template":"","meta":{"site-sidebar-layout":"default","site-content-layout":"","ast-site-content-layout":"default","site-content-style":"default","site-sidebar-style":"default","ast-global-header-display":"","ast-banner-title-visibility":"","ast-main-header-display":"","ast-hfb-above-header-display":"","ast-hfb-below-header-display":"","ast-hfb-mobile-header-display":"","site-post-title":"","ast-breadcrumbs-content":"","ast-featured-img":"","footer-sml-layout":"","ast-disable-related-posts":"","theme-transparent-header-meta":"default","adv-header-id-meta":"","stick-header-meta":"","header-above-stick-meta":"","header-main-stick-meta":"","header-below-stick-meta":"","astra-migrate-meta-layouts":"set","ast-page-background-enabled":"default","ast-page-background-meta":{"desktop":{"background-color":"","background-image":"","background-repeat":"repeat","background-position":"center center","background-size":"auto","background-attachment":"scroll","background-type":"","background-media":"","overlay-type":"","overlay-color":"","overlay-opacity":"","overlay-gradient":""},"tablet":{"background-color":"","background-image":"","background-repeat":"repeat","background-position":"center center","background-size":"auto","background-attachment":"scroll","background-type":"","background-media":"","overlay-type":"","overlay-color":"","overlay-opacity":"","overlay-gradient":""},"mobile":{"background-color":"","background-image":"","background-repeat":"repeat","background-position":"center center","background-size":"auto","background-attachment":"scroll","background-type":"","background-media":"","overlay-type":"","overlay-color":"","overlay-opacity":"","overlay-gradient":""}},"ast-content-background-meta":{"desktop":{"background-color":"var(--ast-global-color-5)","background-image":"","background-repeat":"repeat","background-position":"center center","background-size":"auto","background-attachment":"scroll","background-type":"","background-media":"","overlay-type":"","overlay-color":"","overlay-opacity":"","overlay-gradient":""},"tablet":{"background-color":"var(--ast-global-color-5)","background-image":"","background-repeat":"repeat","background-position":"center center","background-size":"auto","background-attachment":"scroll","background-type":"","background-media":"","overlay-type":"","overlay-color":"","overlay-opacity":"","overlay-gradient":""},"mobile":{"background-color":"var(--ast-global-color-5)","background-image":"","background-repeat":"repeat","background-position":"center center","background-size":"auto","background-attachment":"scroll","background-type":"","background-media":"","overlay-type":"","overlay-color":"","overlay-opacity":"","overlay-gradient":""}}},"product_brand":[],"product_cat":[844],"product_tag":[49559,49560,49561,49562,49563,49526,49527,49564,49528,49530,49470,49461,49462,49532,49533,49463,49464,49534,49535,49536,49537,49538,49539,49566,49565,43030,47753],"class_list":{"0":"post-1216","1":"product","2":"type-product","3":"status-publish","4":"has-post-thumbnail","6":"product_cat-kaisciai","7":"product_tag-414e","8":"product_tag-416c","9":"product_tag-416d","10":"product_tag-416e","11":"product_tag-420d","12":"product_tag-420e","13":"product_tag-422e","14":"product_tag-424b","15":"product_tag-424d","16":"product_tag-426c","17":"product_tag-428c","18":"product_tag-428d","19":"product_tag-428e","20":"product_tag-430d","21":"product_tag-430e","22":"product_tag-432d","23":"product_tag-432e","24":"product_tag-436c","25":"product_tag-438b","26":"product_tag-438c","27":"product_tag-438d","28":"product_tag-442d","29":"product_tag-442e","30":"product_tag-45x240","31":"product_tag-9r0097","32":"product_tag-cat","33":"product_tag-ekskavatorius-krautuvas","34":"desktop-align-left","35":"tablet-align-left","36":"mobile-align-left","38":"first","39":"instock","40":"taxable","41":"shipping-taxable","42":"purchasable","43":"product-type-simple"},"yoast_head":"<!-- This site is optimized with the Yoast SEO plugin v27.4 - https:\/\/yoast.com\/product\/yoast-seo-wordpress\/ -->\n<title>Kai\u0161tis CVA - 1305451 | Gera kaina | Greitas pristatymas | Eska dalys<\/title>\n<meta name=\"description\" content=\"Kai\u0161tis - 1305451 Matmenys: Ilgis: 240 I\u0161orinis skersmuo: 45 mm, 45x240 Tinka: CAT, Ekskavatorius krautuvas, 414E, 416C, 416D, 416E, 420D, 420E, 422E, 424D, 426C, 428C, 428D, 428E, 430D, 430E, 432D, 432E, 436C, 438B, 438C, 438D, 442D, 442E, 424B OE numeriai: 9R0097., 45x240\" \/>\n<meta name=\"robots\" content=\"index, follow, max-snippet:-1, max-image-preview:large, max-video-preview:-1\" \/>\n<link rel=\"canonical\" href=\"https:\/\/eskadalys.lt\/sv\/produkt-sv\/att-varma-cva-129\/\" \/>\n<meta property=\"og:locale\" content=\"sv_SE\" \/>\n<meta property=\"og:type\" content=\"article\" \/>\n<meta property=\"og:title\" content=\"Kai\u0161tis CVA - 1305451 | Gera kaina | Greitas pristatymas | Eska dalys\" \/>\n<meta property=\"og:description\" content=\"Kai\u0161tis - 1305451 Matmenys: Ilgis: 240 I\u0161orinis skersmuo: 45 mm, 45x240 Tinka: CAT, Ekskavatorius krautuvas, 414E, 416C, 416D, 416E, 420D, 420E, 422E, 424D, 426C, 428C, 428D, 428E, 430D, 430E, 432D, 432E, 436C, 438B, 438C, 438D, 442D, 442E, 424B OE numeriai: 9R0097., 45x240\" \/>\n<meta property=\"og:url\" content=\"https:\/\/eskadalys.lt\/sv\/produkt-sv\/att-varma-cva-129\/\" \/>\n<meta property=\"og:site_name\" content=\"Eska dalys\" \/>\n<meta property=\"article:publisher\" content=\"https:\/\/www.facebook.com\/profile.php?id=61556005720456\" \/>\n<meta property=\"article:modified_time\" content=\"2026-04-12T05:14:11+00:00\" \/>\n<meta property=\"og:image\" content=\"https:\/\/eskadalys.lt\/wp-content\/uploads\/2024\/02\/sworzen-przedniego-ramienia-koparko-ladowark-cva-1305451.jpg?v=1714892379\" \/>\n\t<meta property=\"og:image:width\" content=\"458\" \/>\n\t<meta property=\"og:image:height\" content=\"458\" \/>\n\t<meta property=\"og:image:type\" content=\"image\/jpeg\" \/>\n<script type=\"application\/ld+json\" class=\"yoast-schema-graph\">{\"@context\":\"https:\\\/\\\/schema.org\",\"@graph\":[{\"@type\":\"WebPage\",\"@id\":\"https:\\\/\\\/eskadalys.lt\\\/product\\\/kaistis-cva-129\\\/\",\"url\":\"https:\\\/\\\/eskadalys.lt\\\/product\\\/kaistis-cva-129\\\/\",\"name\":\"Kai\u0161tis CVA - 1305451 | Gera kaina | Greitas pristatymas | Eska dalys\",\"isPartOf\":{\"@id\":\"https:\\\/\\\/eskadalys.lt\\\/#website\"},\"primaryImageOfPage\":{\"@id\":\"https:\\\/\\\/eskadalys.lt\\\/product\\\/kaistis-cva-129\\\/#primaryimage\"},\"image\":{\"@id\":\"https:\\\/\\\/eskadalys.lt\\\/product\\\/kaistis-cva-129\\\/#primaryimage\"},\"thumbnailUrl\":\"https:\\\/\\\/eskadalys.lt\\\/wp-content\\\/uploads\\\/2024\\\/02\\\/sworzen-przedniego-ramienia-koparko-ladowark-cva-1305451.jpg?v=1714892379\",\"datePublished\":\"2024-02-10T22:41:54+00:00\",\"dateModified\":\"2026-04-12T05:14:11+00:00\",\"description\":\"Kai\u0161tis - 1305451 Matmenys: Ilgis: 240 I\u0161orinis skersmuo: 45 mm, 45x240 Tinka: CAT, Ekskavatorius krautuvas, 414E, 416C, 416D, 416E, 420D, 420E, 422E, 424D, 426C, 428C, 428D, 428E, 430D, 430E, 432D, 432E, 436C, 438B, 438C, 438D, 442D, 442E, 424B OE numeriai: 9R0097., 45x240\",\"breadcrumb\":{\"@id\":\"https:\\\/\\\/eskadalys.lt\\\/product\\\/kaistis-cva-129\\\/#breadcrumb\"},\"inLanguage\":\"sv-SE\",\"potentialAction\":[{\"@type\":\"ReadAction\",\"target\":[\"https:\\\/\\\/eskadalys.lt\\\/product\\\/kaistis-cva-129\\\/\"]}]},{\"@type\":\"ImageObject\",\"inLanguage\":\"sv-SE\",\"@id\":\"https:\\\/\\\/eskadalys.lt\\\/product\\\/kaistis-cva-129\\\/#primaryimage\",\"url\":\"https:\\\/\\\/eskadalys.lt\\\/wp-content\\\/uploads\\\/2024\\\/02\\\/sworzen-przedniego-ramienia-koparko-ladowark-cva-1305451.jpg?v=1714892379\",\"contentUrl\":\"https:\\\/\\\/eskadalys.lt\\\/wp-content\\\/uploads\\\/2024\\\/02\\\/sworzen-przedniego-ramienia-koparko-ladowark-cva-1305451.jpg?v=1714892379\",\"width\":458,\"height\":458},{\"@type\":\"BreadcrumbList\",\"@id\":\"https:\\\/\\\/eskadalys.lt\\\/product\\\/kaistis-cva-129\\\/#breadcrumb\",\"itemListElement\":[{\"@type\":\"ListItem\",\"position\":1,\"name\":\"Strona g\u0142\u00f3wna\",\"item\":\"https:\\\/\\\/eskadalys.lt\\\/\"},{\"@type\":\"ListItem\",\"position\":2,\"name\":\"E-parduotuv\u0117\",\"item\":\"https:\\\/\\\/eskadalys.lt\\\/e-parduotuve\\\/\"},{\"@type\":\"ListItem\",\"position\":3,\"name\":\"Kai\u0161tis CVA &#8211; 1305451\"}]},{\"@type\":\"WebSite\",\"@id\":\"https:\\\/\\\/eskadalys.lt\\\/#website\",\"url\":\"https:\\\/\\\/eskadalys.lt\\\/\",\"name\":\"Eska dalys\",\"description\":\"Ekskavatori\u0173 \\\/ mini ekskavatori\u0173 \\\/ buldozeri\u0173 dalys\",\"publisher\":{\"@id\":\"https:\\\/\\\/eskadalys.lt\\\/#organization\"},\"potentialAction\":[{\"@type\":\"SearchAction\",\"target\":{\"@type\":\"EntryPoint\",\"urlTemplate\":\"https:\\\/\\\/eskadalys.lt\\\/?s={search_term_string}\"},\"query-input\":{\"@type\":\"PropertyValueSpecification\",\"valueRequired\":true,\"valueName\":\"search_term_string\"}}],\"inLanguage\":\"sv-SE\"},{\"@type\":\"Organization\",\"@id\":\"https:\\\/\\\/eskadalys.lt\\\/#organization\",\"name\":\"Eska dalys\",\"url\":\"https:\\\/\\\/eskadalys.lt\\\/\",\"logo\":{\"@type\":\"ImageObject\",\"inLanguage\":\"sv-SE\",\"@id\":\"https:\\\/\\\/eskadalys.lt\\\/#\\\/schema\\\/logo\\\/image\\\/\",\"url\":\"https:\\\/\\\/eskadalys.lt\\\/wp-content\\\/uploads\\\/2024\\\/01\\\/LOGO-ESKA-FINAL.svg\",\"contentUrl\":\"https:\\\/\\\/eskadalys.lt\\\/wp-content\\\/uploads\\\/2024\\\/01\\\/LOGO-ESKA-FINAL.svg\",\"width\":259,\"height\":201,\"caption\":\"Eska dalys\"},\"image\":{\"@id\":\"https:\\\/\\\/eskadalys.lt\\\/#\\\/schema\\\/logo\\\/image\\\/\"},\"sameAs\":[\"https:\\\/\\\/www.facebook.com\\\/profile.php?id=61556005720456\"]}]}<\/script>\n<!-- \/ Yoast SEO plugin. -->","yoast_head_json":{"title":"Stift CVA - 1305451 | Bra pris | Snabb leverans | Eska-delar","description":"Stift - 1305451 M\u00e5tt: L\u00e4ngd: 240 Ytterdiameter: 45 mm, 45x240 Passar: CAT, Gr\u00e4vlastare, 414E, 416C, 416D, 416E, 420D, 420E, 422E, 424D, 426C, 428C, 428D, 428E, 430D, 430E, 432D, 432E, 436C, 438B, 438C, 438D, 442D, 442E, 424B OE-nummer: 9R0097., 45x240","robots":{"index":"index","follow":"follow","max-snippet":"max-snippet:-1","max-image-preview":"max-image-preview:large","max-video-preview":"max-video-preview:-1"},"canonical":"https:\/\/eskadalys.lt\/sv\/produkt-sv\/att-varma-cva-129\/","og_locale":"sv_SE","og_type":"article","og_title":"Kai\u0161tis CVA - 1305451 | Gera kaina | Greitas pristatymas | Eska dalys","og_description":"Kai\u0161tis - 1305451 Matmenys: Ilgis: 240 I\u0161orinis skersmuo: 45 mm, 45x240 Tinka: CAT, Ekskavatorius krautuvas, 414E, 416C, 416D, 416E, 420D, 420E, 422E, 424D, 426C, 428C, 428D, 428E, 430D, 430E, 432D, 432E, 436C, 438B, 438C, 438D, 442D, 442E, 424B OE numeriai: 9R0097., 45x240","og_url":"https:\/\/eskadalys.lt\/sv\/produkt-sv\/att-varma-cva-129\/","og_site_name":"Eska dalys","article_publisher":"https:\/\/www.facebook.com\/profile.php?id=61556005720456","article_modified_time":"2026-04-12T05:14:11+00:00","og_image":[{"width":458,"height":458,"url":"https:\/\/eskadalys.lt\/wp-content\/uploads\/2024\/02\/sworzen-przedniego-ramienia-koparko-ladowark-cva-1305451.jpg?v=1714892379","type":"image\/jpeg"}],"schema":{"@context":"https:\/\/schema.org","@graph":[{"@type":"WebPage","@id":"https:\/\/eskadalys.lt\/product\/kaistis-cva-129\/","url":"https:\/\/eskadalys.lt\/product\/kaistis-cva-129\/","name":"Stift CVA - 1305451 | Bra pris | Snabb leverans | Eska-delar","isPartOf":{"@id":"https:\/\/eskadalys.lt\/#website"},"primaryImageOfPage":{"@id":"https:\/\/eskadalys.lt\/product\/kaistis-cva-129\/#primaryimage"},"image":{"@id":"https:\/\/eskadalys.lt\/product\/kaistis-cva-129\/#primaryimage"},"thumbnailUrl":"https:\/\/eskadalys.lt\/wp-content\/uploads\/2024\/02\/sworzen-przedniego-ramienia-koparko-ladowark-cva-1305451.jpg?v=1714892379","datePublished":"2024-02-10T22:41:54+00:00","dateModified":"2026-04-12T05:14:11+00:00","description":"Stift - 1305451 M\u00e5tt: L\u00e4ngd: 240 Ytterdiameter: 45 mm, 45x240 Passar: CAT, Gr\u00e4vlastare, 414E, 416C, 416D, 416E, 420D, 420E, 422E, 424D, 426C, 428C, 428D, 428E, 430D, 430E, 432D, 432E, 436C, 438B, 438C, 438D, 442D, 442E, 424B OE-nummer: 9R0097., 45x240","breadcrumb":{"@id":"https:\/\/eskadalys.lt\/product\/kaistis-cva-129\/#breadcrumb"},"inLanguage":"sv-SE","potentialAction":[{"@type":"ReadAction","target":["https:\/\/eskadalys.lt\/product\/kaistis-cva-129\/"]}]},{"@type":"ImageObject","inLanguage":"sv-SE","@id":"https:\/\/eskadalys.lt\/product\/kaistis-cva-129\/#primaryimage","url":"https:\/\/eskadalys.lt\/wp-content\/uploads\/2024\/02\/sworzen-przedniego-ramienia-koparko-ladowark-cva-1305451.jpg?v=1714892379","contentUrl":"https:\/\/eskadalys.lt\/wp-content\/uploads\/2024\/02\/sworzen-przedniego-ramienia-koparko-ladowark-cva-1305451.jpg?v=1714892379","width":458,"height":458},{"@type":"BreadcrumbList","@id":"https:\/\/eskadalys.lt\/product\/kaistis-cva-129\/#breadcrumb","itemListElement":[{"@type":"ListItem","position":1,"name":"Strona g\u0142\u00f3wna","item":"https:\/\/eskadalys.lt\/"},{"@type":"ListItem","position":2,"name":"E-parduotuv\u0117","item":"https:\/\/eskadalys.lt\/e-parduotuve\/"},{"@type":"ListItem","position":3,"name":"Kai\u0161tis CVA &#8211; 1305451"}]},{"@type":"WebSite","@id":"https:\/\/eskadalys.lt\/#website","url":"https:\/\/eskadalys.lt\/","name":"Eska parts","description":"Reservdelar till gr\u00e4vmaskin\/minigr\u00e4vmaskin\/bulldozer","publisher":{"@id":"https:\/\/eskadalys.lt\/#organization"},"potentialAction":[{"@type":"SearchAction","target":{"@type":"EntryPoint","urlTemplate":"https:\/\/eskadalys.lt\/?s={search_term_string}"},"query-input":{"@type":"PropertyValueSpecification","valueRequired":true,"valueName":"search_term_string"}}],"inLanguage":"sv-SE"},{"@type":"Organization","@id":"https:\/\/eskadalys.lt\/#organization","name":"Eska parts","url":"https:\/\/eskadalys.lt\/","logo":{"@type":"ImageObject","inLanguage":"sv-SE","@id":"https:\/\/eskadalys.lt\/#\/schema\/logo\/image\/","url":"https:\/\/eskadalys.lt\/wp-content\/uploads\/2024\/01\/LOGO-ESKA-FINAL.svg","contentUrl":"https:\/\/eskadalys.lt\/wp-content\/uploads\/2024\/01\/LOGO-ESKA-FINAL.svg","width":259,"height":201,"caption":"Eska dalys"},"image":{"@id":"https:\/\/eskadalys.lt\/#\/schema\/logo\/image\/"},"sameAs":["https:\/\/www.facebook.com\/profile.php?id=61556005720456"]}]}},"_links":{"self":[{"href":"https:\/\/eskadalys.lt\/sv\/wp-json\/wp\/v2\/product\/1216","targetHints":{"allow":["GET"]}}],"collection":[{"href":"https:\/\/eskadalys.lt\/sv\/wp-json\/wp\/v2\/product"}],"about":[{"href":"https:\/\/eskadalys.lt\/sv\/wp-json\/wp\/v2\/types\/product"}],"wp:featuredmedia":[{"embeddable":true,"href":"https:\/\/eskadalys.lt\/sv\/wp-json\/wp\/v2\/media\/113507"}],"wp:attachment":[{"href":"https:\/\/eskadalys.lt\/sv\/wp-json\/wp\/v2\/media?parent=1216"}],"wp:term":[{"taxonomy":"product_brand","embeddable":true,"href":"https:\/\/eskadalys.lt\/sv\/wp-json\/wp\/v2\/product_brand?post=1216"},{"taxonomy":"product_cat","embeddable":true,"href":"https:\/\/eskadalys.lt\/sv\/wp-json\/wp\/v2\/product_cat?post=1216"},{"taxonomy":"product_tag","embeddable":true,"href":"https:\/\/eskadalys.lt\/sv\/wp-json\/wp\/v2\/product_tag?post=1216"}],"curies":[{"name":"wp","href":"https:\/\/api.w.org\/{rel}","templated":true}]}}