{"id":1210,"date":"2024-02-11T00:41:21","date_gmt":"2024-02-10T22:41:21","guid":{"rendered":"https:\/\/eskadalys.lt\/?post_type=product&#038;p=1210"},"modified":"2026-04-12T08:14:11","modified_gmt":"2026-04-12T05:14:11","slug":"slider-5-2mm-polyamid-med-lang-livslangd","status":"publish","type":"product","link":"https:\/\/eskadalys.lt\/sv\/product\/sliauziklis-5-2mm-long-life-poliamidas\/","title":{"rendered":"Glidreglage 5,2 MM L\u00c5NG LIVSL\u00c4NGD Polyamid !!! \u2013 1931681"},"content":{"rendered":"<p><strong>Glidreglage 5,2 MM L\u00c5NG LIVSL\u00c4NGD Polyamid !!! \u2013 1931681<\/strong><br \/>\nM\u00e5tt:<br \/>\nDiameter: 101 mm, \/40,2 mm,<br \/>\nTjocklek: 5,3 mm, \/12,8 mm,<\/p>\n<p><strong>L\u00e4mplig f\u00f6r:<\/strong> CAT, Gr\u00e4vlastare, 422E, 422F, 424D, 426C, 428C, 428D, 432D, 432E, 432F, 434E, 442D, 442E, 444E<br \/>\n<strong>OE-nummer::<\/strong> 8Y8082, 5.2<br \/>\n193-1681<\/p>\n<h3>\ud83d\udd0d Letar efter en annan produkt fr\u00e5n kategorin <a href=\"https:\/\/eskadalys.lt\/sv\/produktkategori-sv\/hasplatar\/stabiliseringsglidor\/\">Stabiliserande medar<\/a> ?<\/h3>\n<h3>\ud83d\udee0\ufe0f Reservdelar till byggmaskiner \u2013 du hittar fler av dem <a href=\"https:\/\/eskadalys.lt\/sv\/produktkategori-sv\/hasplatar\/\">Glidplattor<\/a> i kategorin.<\/h3>\n<p>Om du \u00e4r os\u00e4ker p\u00e5 om den h\u00e4r delen passar din maskin, <strong>V\u00e4nligen skicka oss fordonets serienummer (VIN) innan du k\u00f6per.<\/strong>. Vi kommer att kontrollera kompatibiliteten med hj\u00e4lp av katalogerna och <strong>Vi kommer att erbjuda r\u00e4tt del<\/strong>. Om du inte hittar den del du beh\u00f6ver, skriv till oss \u2013 vi hj\u00e4lper dig att hitta den!<\/p>\n<p><strong>\ud83d\udce6 Lager i Litauen<\/strong> \u2013 best\u00e4llningar som g\u00f6rs f\u00f6re kl. 14.00 skickas samma dag.<\/p>\n<p><strong>\ud83d\ude80 Snabb leverans<\/strong> \u2013 best\u00e4llda varor som vi f\u00f6r n\u00e4rvarande inte har i lager levereras inom 3-4 arbetsdagar.<\/p>\n<p><strong>\ud83d\udcc8 Brett utbud<\/strong> \u2013 vi ut\u00f6kar st\u00e4ndigt v\u00e5rt produktsortiment.<\/p>","protected":false},"excerpt":{"rendered":"<p>1931681 CVA<\/p>","protected":false},"featured_media":94240,"template":"","meta":{"site-sidebar-layout":"default","site-content-layout":"","ast-site-content-layout":"default","site-content-style":"default","site-sidebar-style":"default","ast-global-header-display":"","ast-banner-title-visibility":"","ast-main-header-display":"","ast-hfb-above-header-display":"","ast-hfb-below-header-display":"","ast-hfb-mobile-header-display":"","site-post-title":"","ast-breadcrumbs-content":"","ast-featured-img":"","footer-sml-layout":"","ast-disable-related-posts":"","theme-transparent-header-meta":"default","adv-header-id-meta":"","stick-header-meta":"","header-above-stick-meta":"","header-main-stick-meta":"","header-below-stick-meta":"","astra-migrate-meta-layouts":"set","ast-page-background-enabled":"default","ast-page-background-meta":{"desktop":{"background-color":"","background-image":"","background-repeat":"repeat","background-position":"center center","background-size":"auto","background-attachment":"scroll","background-type":"","background-media":"","overlay-type":"","overlay-color":"","overlay-opacity":"","overlay-gradient":""},"tablet":{"background-color":"","background-image":"","background-repeat":"repeat","background-position":"center center","background-size":"auto","background-attachment":"scroll","background-type":"","background-media":"","overlay-type":"","overlay-color":"","overlay-opacity":"","overlay-gradient":""},"mobile":{"background-color":"","background-image":"","background-repeat":"repeat","background-position":"center center","background-size":"auto","background-attachment":"scroll","background-type":"","background-media":"","overlay-type":"","overlay-color":"","overlay-opacity":"","overlay-gradient":""}},"ast-content-background-meta":{"desktop":{"background-color":"var(--ast-global-color-5)","background-image":"","background-repeat":"repeat","background-position":"center center","background-size":"auto","background-attachment":"scroll","background-type":"","background-media":"","overlay-type":"","overlay-color":"","overlay-opacity":"","overlay-gradient":""},"tablet":{"background-color":"var(--ast-global-color-5)","background-image":"","background-repeat":"repeat","background-position":"center center","background-size":"auto","background-attachment":"scroll","background-type":"","background-media":"","overlay-type":"","overlay-color":"","overlay-opacity":"","overlay-gradient":""},"mobile":{"background-color":"var(--ast-global-color-5)","background-image":"","background-repeat":"repeat","background-position":"center center","background-size":"auto","background-attachment":"scroll","background-type":"","background-media":"","overlay-type":"","overlay-color":"","overlay-opacity":"","overlay-gradient":""}}},"product_brand":[],"product_cat":[840],"product_tag":[49527,49572,49528,49530,49470,49461,49463,49464,49636,49471,49538,49539,49540,50346,49710,43030,47753],"class_list":{"0":"post-1210","1":"product","2":"type-product","3":"status-publish","4":"has-post-thumbnail","6":"product_cat-stabilizavimo-sliauzikliai","7":"product_tag-422e","8":"product_tag-422f","9":"product_tag-424d","10":"product_tag-426c","11":"product_tag-428c","12":"product_tag-428d","13":"product_tag-432d","14":"product_tag-432e","15":"product_tag-432f","16":"product_tag-434e","17":"product_tag-442d","18":"product_tag-442e","19":"product_tag-444e","20":"product_tag-5-2","21":"product_tag-8y8082","22":"product_tag-cat","23":"product_tag-ekskavatorius-krautuvas","24":"desktop-align-left","25":"tablet-align-left","26":"mobile-align-left","28":"first","29":"instock","30":"taxable","31":"shipping-taxable","32":"purchasable","33":"product-type-simple"},"yoast_head":"<!-- This site is optimized with the Yoast SEO plugin v27.3 - https:\/\/yoast.com\/product\/yoast-seo-wordpress\/ -->\n<title>\u0160liau\u017eiklis 5.2MM LONG LIFE Poliamidas !!! - 1931681 | Gera kaina | Greitas pristatymas | Eska dalys<\/title>\n<meta name=\"description\" content=\"\u0160liau\u017eiklis 5.2MM LONG LIFE Poliamidas !!! - 1931681 Matmenys: Skersmuo: 101mm, \/40.2mm, Storis: 5.3mm, \/12.8mm, Tinka: CAT, Ekskavatorius krautuvas, 422E, 422F, 424D, 426C, 428C, 428D, 432D, 432E, 432F, 434E, 442D, 442E, 444E OE numeriai: 8Y8082, 5.2\" \/>\n<meta name=\"robots\" content=\"index, follow, max-snippet:-1, max-image-preview:large, max-video-preview:-1\" \/>\n<link rel=\"canonical\" href=\"https:\/\/eskadalys.lt\/sv\/produkt-sv\/slider-5-2mm-polyamid-med-lang-livslangd\/\" \/>\n<meta property=\"og:locale\" content=\"sv_SE\" \/>\n<meta property=\"og:type\" content=\"article\" \/>\n<meta property=\"og:title\" content=\"\u0160liau\u017eiklis 5.2MM LONG LIFE Poliamidas !!! - 1931681 | Gera kaina | Greitas pristatymas | Eska dalys\" \/>\n<meta property=\"og:description\" content=\"\u0160liau\u017eiklis 5.2MM LONG LIFE Poliamidas !!! - 1931681 Matmenys: Skersmuo: 101mm, \/40.2mm, Storis: 5.3mm, \/12.8mm, Tinka: CAT, Ekskavatorius krautuvas, 422E, 422F, 424D, 426C, 428C, 428D, 432D, 432E, 432F, 434E, 442D, 442E, 444E OE numeriai: 8Y8082, 5.2\" \/>\n<meta property=\"og:url\" content=\"https:\/\/eskadalys.lt\/sv\/produkt-sv\/slider-5-2mm-polyamid-med-lang-livslangd\/\" \/>\n<meta property=\"og:site_name\" content=\"Eska dalys\" \/>\n<meta property=\"article:publisher\" content=\"https:\/\/www.facebook.com\/profile.php?id=61556005720456\" \/>\n<meta property=\"article:modified_time\" content=\"2026-04-12T05:14:11+00:00\" \/>\n<meta property=\"og:image\" content=\"https:\/\/eskadalys.lt\/wp-content\/uploads\/2024\/02\/pad-9-20240121-121436-scaled-1.jpg?v=1714949657\" \/>\n\t<meta property=\"og:image:width\" content=\"1600\" \/>\n\t<meta property=\"og:image:height\" content=\"1543\" \/>\n\t<meta property=\"og:image:type\" content=\"image\/jpeg\" \/>\n<script type=\"application\/ld+json\" class=\"yoast-schema-graph\">{\"@context\":\"https:\\\/\\\/schema.org\",\"@graph\":[{\"@type\":\"WebPage\",\"@id\":\"https:\\\/\\\/eskadalys.lt\\\/product\\\/sliauziklis-5-2mm-long-life-poliamidas\\\/\",\"url\":\"https:\\\/\\\/eskadalys.lt\\\/product\\\/sliauziklis-5-2mm-long-life-poliamidas\\\/\",\"name\":\"\u0160liau\u017eiklis 5.2MM LONG LIFE Poliamidas !!! - 1931681 | Gera kaina | Greitas pristatymas | Eska dalys\",\"isPartOf\":{\"@id\":\"https:\\\/\\\/eskadalys.lt\\\/#website\"},\"primaryImageOfPage\":{\"@id\":\"https:\\\/\\\/eskadalys.lt\\\/product\\\/sliauziklis-5-2mm-long-life-poliamidas\\\/#primaryimage\"},\"image\":{\"@id\":\"https:\\\/\\\/eskadalys.lt\\\/product\\\/sliauziklis-5-2mm-long-life-poliamidas\\\/#primaryimage\"},\"thumbnailUrl\":\"https:\\\/\\\/eskadalys.lt\\\/wp-content\\\/uploads\\\/2024\\\/02\\\/pad-9-20240121-121436-scaled-1.jpg?v=1714949657\",\"datePublished\":\"2024-02-10T22:41:21+00:00\",\"dateModified\":\"2026-04-12T05:14:11+00:00\",\"description\":\"\u0160liau\u017eiklis 5.2MM LONG LIFE Poliamidas !!! - 1931681 Matmenys: Skersmuo: 101mm, \\\/40.2mm, Storis: 5.3mm, \\\/12.8mm, Tinka: CAT, Ekskavatorius krautuvas, 422E, 422F, 424D, 426C, 428C, 428D, 432D, 432E, 432F, 434E, 442D, 442E, 444E OE numeriai: 8Y8082, 5.2\",\"breadcrumb\":{\"@id\":\"https:\\\/\\\/eskadalys.lt\\\/product\\\/sliauziklis-5-2mm-long-life-poliamidas\\\/#breadcrumb\"},\"inLanguage\":\"sv-SE\",\"potentialAction\":[{\"@type\":\"ReadAction\",\"target\":[\"https:\\\/\\\/eskadalys.lt\\\/product\\\/sliauziklis-5-2mm-long-life-poliamidas\\\/\"]}]},{\"@type\":\"ImageObject\",\"inLanguage\":\"sv-SE\",\"@id\":\"https:\\\/\\\/eskadalys.lt\\\/product\\\/sliauziklis-5-2mm-long-life-poliamidas\\\/#primaryimage\",\"url\":\"https:\\\/\\\/eskadalys.lt\\\/wp-content\\\/uploads\\\/2024\\\/02\\\/pad-9-20240121-121436-scaled-1.jpg?v=1714949657\",\"contentUrl\":\"https:\\\/\\\/eskadalys.lt\\\/wp-content\\\/uploads\\\/2024\\\/02\\\/pad-9-20240121-121436-scaled-1.jpg?v=1714949657\",\"width\":1600,\"height\":1543},{\"@type\":\"BreadcrumbList\",\"@id\":\"https:\\\/\\\/eskadalys.lt\\\/product\\\/sliauziklis-5-2mm-long-life-poliamidas\\\/#breadcrumb\",\"itemListElement\":[{\"@type\":\"ListItem\",\"position\":1,\"name\":\"Strona g\u0142\u00f3wna\",\"item\":\"https:\\\/\\\/eskadalys.lt\\\/\"},{\"@type\":\"ListItem\",\"position\":2,\"name\":\"E-parduotuv\u0117\",\"item\":\"https:\\\/\\\/eskadalys.lt\\\/e-parduotuve\\\/\"},{\"@type\":\"ListItem\",\"position\":3,\"name\":\"\u0160liau\u017eiklis 5.2MM LONG LIFE Poliamidas !!! &#8211; 1931681\"}]},{\"@type\":\"WebSite\",\"@id\":\"https:\\\/\\\/eskadalys.lt\\\/#website\",\"url\":\"https:\\\/\\\/eskadalys.lt\\\/\",\"name\":\"Eska dalys\",\"description\":\"Ekskavatori\u0173 \\\/ mini ekskavatori\u0173 \\\/ buldozeri\u0173 dalys\",\"publisher\":{\"@id\":\"https:\\\/\\\/eskadalys.lt\\\/#organization\"},\"potentialAction\":[{\"@type\":\"SearchAction\",\"target\":{\"@type\":\"EntryPoint\",\"urlTemplate\":\"https:\\\/\\\/eskadalys.lt\\\/?s={search_term_string}\"},\"query-input\":{\"@type\":\"PropertyValueSpecification\",\"valueRequired\":true,\"valueName\":\"search_term_string\"}}],\"inLanguage\":\"sv-SE\"},{\"@type\":\"Organization\",\"@id\":\"https:\\\/\\\/eskadalys.lt\\\/#organization\",\"name\":\"Eska dalys\",\"url\":\"https:\\\/\\\/eskadalys.lt\\\/\",\"logo\":{\"@type\":\"ImageObject\",\"inLanguage\":\"sv-SE\",\"@id\":\"https:\\\/\\\/eskadalys.lt\\\/#\\\/schema\\\/logo\\\/image\\\/\",\"url\":\"https:\\\/\\\/eskadalys.lt\\\/wp-content\\\/uploads\\\/2024\\\/01\\\/LOGO-ESKA-FINAL.svg\",\"contentUrl\":\"https:\\\/\\\/eskadalys.lt\\\/wp-content\\\/uploads\\\/2024\\\/01\\\/LOGO-ESKA-FINAL.svg\",\"width\":259,\"height\":201,\"caption\":\"Eska dalys\"},\"image\":{\"@id\":\"https:\\\/\\\/eskadalys.lt\\\/#\\\/schema\\\/logo\\\/image\\\/\"},\"sameAs\":[\"https:\\\/\\\/www.facebook.com\\\/profile.php?id=61556005720456\"]}]}<\/script>\n<!-- \/ Yoast SEO plugin. -->","yoast_head_json":{"title":"Glidreglage 5,2 mm polyamid med l\u00e5ng livsl\u00e4ngd!!! - 1931681 | Bra pris | Snabb leverans | Eska-delar","description":"Skjutreglage 5,2 mm L\u00e5nglivsl\u00e4ngd Polyamid !!! - 1931681 M\u00e5tt: Diameter: 101 mm, \/40,2 mm, Tjocklek: 5,3 mm, \/12,8 mm, Passar: CAT, Gr\u00e4vlastare, 422E, 422F, 424D, 426C, 428C, 428D, 432D, 432E, 432F, 434E, 442D, 442E, 444E OE-nummer: 8Y8082, 5.2","robots":{"index":"index","follow":"follow","max-snippet":"max-snippet:-1","max-image-preview":"max-image-preview:large","max-video-preview":"max-video-preview:-1"},"canonical":"https:\/\/eskadalys.lt\/sv\/produkt-sv\/slider-5-2mm-polyamid-med-lang-livslangd\/","og_locale":"sv_SE","og_type":"article","og_title":"\u0160liau\u017eiklis 5.2MM LONG LIFE Poliamidas !!! - 1931681 | Gera kaina | Greitas pristatymas | Eska dalys","og_description":"\u0160liau\u017eiklis 5.2MM LONG LIFE Poliamidas !!! - 1931681 Matmenys: Skersmuo: 101mm, \/40.2mm, Storis: 5.3mm, \/12.8mm, Tinka: CAT, Ekskavatorius krautuvas, 422E, 422F, 424D, 426C, 428C, 428D, 432D, 432E, 432F, 434E, 442D, 442E, 444E OE numeriai: 8Y8082, 5.2","og_url":"https:\/\/eskadalys.lt\/sv\/produkt-sv\/slider-5-2mm-polyamid-med-lang-livslangd\/","og_site_name":"Eska dalys","article_publisher":"https:\/\/www.facebook.com\/profile.php?id=61556005720456","article_modified_time":"2026-04-12T05:14:11+00:00","og_image":[{"width":1600,"height":1543,"url":"https:\/\/eskadalys.lt\/wp-content\/uploads\/2024\/02\/pad-9-20240121-121436-scaled-1.jpg?v=1714949657","type":"image\/jpeg"}],"schema":{"@context":"https:\/\/schema.org","@graph":[{"@type":"WebPage","@id":"https:\/\/eskadalys.lt\/product\/sliauziklis-5-2mm-long-life-poliamidas\/","url":"https:\/\/eskadalys.lt\/product\/sliauziklis-5-2mm-long-life-poliamidas\/","name":"Glidreglage 5,2 mm polyamid med l\u00e5ng livsl\u00e4ngd!!! - 1931681 | Bra pris | Snabb leverans | Eska-delar","isPartOf":{"@id":"https:\/\/eskadalys.lt\/#website"},"primaryImageOfPage":{"@id":"https:\/\/eskadalys.lt\/product\/sliauziklis-5-2mm-long-life-poliamidas\/#primaryimage"},"image":{"@id":"https:\/\/eskadalys.lt\/product\/sliauziklis-5-2mm-long-life-poliamidas\/#primaryimage"},"thumbnailUrl":"https:\/\/eskadalys.lt\/wp-content\/uploads\/2024\/02\/pad-9-20240121-121436-scaled-1.jpg?v=1714949657","datePublished":"2024-02-10T22:41:21+00:00","dateModified":"2026-04-12T05:14:11+00:00","description":"Skjutreglage 5,2 mm L\u00e5nglivsl\u00e4ngd Polyamid !!! - 1931681 M\u00e5tt: Diameter: 101 mm, \/40,2 mm, Tjocklek: 5,3 mm, \/12,8 mm, Passar: CAT, Gr\u00e4vlastare, 422E, 422F, 424D, 426C, 428C, 428D, 432D, 432E, 432F, 434E, 442D, 442E, 444E OE-nummer: 8Y8082, 5.2","breadcrumb":{"@id":"https:\/\/eskadalys.lt\/product\/sliauziklis-5-2mm-long-life-poliamidas\/#breadcrumb"},"inLanguage":"sv-SE","potentialAction":[{"@type":"ReadAction","target":["https:\/\/eskadalys.lt\/product\/sliauziklis-5-2mm-long-life-poliamidas\/"]}]},{"@type":"ImageObject","inLanguage":"sv-SE","@id":"https:\/\/eskadalys.lt\/product\/sliauziklis-5-2mm-long-life-poliamidas\/#primaryimage","url":"https:\/\/eskadalys.lt\/wp-content\/uploads\/2024\/02\/pad-9-20240121-121436-scaled-1.jpg?v=1714949657","contentUrl":"https:\/\/eskadalys.lt\/wp-content\/uploads\/2024\/02\/pad-9-20240121-121436-scaled-1.jpg?v=1714949657","width":1600,"height":1543},{"@type":"BreadcrumbList","@id":"https:\/\/eskadalys.lt\/product\/sliauziklis-5-2mm-long-life-poliamidas\/#breadcrumb","itemListElement":[{"@type":"ListItem","position":1,"name":"Strona g\u0142\u00f3wna","item":"https:\/\/eskadalys.lt\/"},{"@type":"ListItem","position":2,"name":"E-parduotuv\u0117","item":"https:\/\/eskadalys.lt\/e-parduotuve\/"},{"@type":"ListItem","position":3,"name":"\u0160liau\u017eiklis 5.2MM LONG LIFE Poliamidas !!! &#8211; 1931681"}]},{"@type":"WebSite","@id":"https:\/\/eskadalys.lt\/#website","url":"https:\/\/eskadalys.lt\/","name":"Eska parts","description":"Reservdelar till gr\u00e4vmaskin\/minigr\u00e4vmaskin\/bulldozer","publisher":{"@id":"https:\/\/eskadalys.lt\/#organization"},"potentialAction":[{"@type":"SearchAction","target":{"@type":"EntryPoint","urlTemplate":"https:\/\/eskadalys.lt\/?s={search_term_string}"},"query-input":{"@type":"PropertyValueSpecification","valueRequired":true,"valueName":"search_term_string"}}],"inLanguage":"sv-SE"},{"@type":"Organization","@id":"https:\/\/eskadalys.lt\/#organization","name":"Eska parts","url":"https:\/\/eskadalys.lt\/","logo":{"@type":"ImageObject","inLanguage":"sv-SE","@id":"https:\/\/eskadalys.lt\/#\/schema\/logo\/image\/","url":"https:\/\/eskadalys.lt\/wp-content\/uploads\/2024\/01\/LOGO-ESKA-FINAL.svg","contentUrl":"https:\/\/eskadalys.lt\/wp-content\/uploads\/2024\/01\/LOGO-ESKA-FINAL.svg","width":259,"height":201,"caption":"Eska dalys"},"image":{"@id":"https:\/\/eskadalys.lt\/#\/schema\/logo\/image\/"},"sameAs":["https:\/\/www.facebook.com\/profile.php?id=61556005720456"]}]}},"_links":{"self":[{"href":"https:\/\/eskadalys.lt\/sv\/wp-json\/wp\/v2\/product\/1210","targetHints":{"allow":["GET"]}}],"collection":[{"href":"https:\/\/eskadalys.lt\/sv\/wp-json\/wp\/v2\/product"}],"about":[{"href":"https:\/\/eskadalys.lt\/sv\/wp-json\/wp\/v2\/types\/product"}],"wp:featuredmedia":[{"embeddable":true,"href":"https:\/\/eskadalys.lt\/sv\/wp-json\/wp\/v2\/media\/94240"}],"wp:attachment":[{"href":"https:\/\/eskadalys.lt\/sv\/wp-json\/wp\/v2\/media?parent=1210"}],"wp:term":[{"taxonomy":"product_brand","embeddable":true,"href":"https:\/\/eskadalys.lt\/sv\/wp-json\/wp\/v2\/product_brand?post=1210"},{"taxonomy":"product_cat","embeddable":true,"href":"https:\/\/eskadalys.lt\/sv\/wp-json\/wp\/v2\/product_cat?post=1210"},{"taxonomy":"product_tag","embeddable":true,"href":"https:\/\/eskadalys.lt\/sv\/wp-json\/wp\/v2\/product_tag?post=1210"}],"curies":[{"name":"wp","href":"https:\/\/api.w.org\/{rel}","templated":true}]}}