{"id":118459,"date":"2025-09-02T18:55:49","date_gmt":"2025-09-02T15:55:49","guid":{"rendered":"https:\/\/eskadalys.lt\/?post_type=product&#038;p=118459"},"modified":"2026-03-30T11:26:31","modified_gmt":"2026-03-30T08:26:31","slug":"stabilisatorglidare-comp-jcb-3cx-4cx","status":"publish","type":"product","link":"https:\/\/eskadalys.lt\/sv\/product\/stabilizatoriu-sliauzikliu-komp-jcb-3cx-4cx\/","title":{"rendered":"Stabilisatorstagssats f\u00f6r JCB-modellerna 3CX, 4CX \u2013 L\u00c5NG LIVSL\u00c4NGD"},"content":{"rendered":"<p>Stabilisatorstagssats f\u00f6r JCB-modellerna 3CX, 4CX \u2013 L\u00c5NG LIVSL\u00c4NGD<\/p>\n<p>Kitinneh\u00e5ll:<br \/>\n128\/10850 x4<br \/>\n123\/06014 x4<br \/>\n331\/20552 x8<\/p>\n<p>H\u00f6gkvalitativa reservdelar till byggmaskiner.<\/p>\n<p>M\u00e5tt:<\/p>\n<p>128\/10850<br \/>\nDiameter: 73 mm,<br \/>\nH\u00f6jd: 27,60 mm,<\/p>\n<p>123\/06014:<br \/>\nDiameter: 106,6 mm<br \/>\nTjocklek: 6,4 mm\/15,1 mm<\/p>\n<p>331\/20552:<br \/>\nYtterdiameter: 104,1 mm<br \/>\nTjocklek: 6,4 mm\/23,4 mm<br \/>\nModeller:<\/p>\n<p>3CX, 4CX<\/p>\n<p>Drag:<\/p>\n<p>\u2013 n\u00f6tningsbest\u00e4ndig<\/p>\n<p>\u2013 l\u00e5g friktionskoefficient<\/p>\n<p>\u2013 goda glidegenskaper<\/p>\n<p>\u2013 dimensionsstabilitet vid stora temperaturf\u00f6r\u00e4ndringar<\/p>\n<p>\u2013 vibrationsd\u00e4mpning<\/p>\n<p>\u2013 mycket h\u00f6g slagt\u00e5lighet \u00e4ven vid l\u00e5ga temperaturer<\/p>\n<p>\u2013 god best\u00e4ndighet mot kemikalier, t.ex. oljor, fetter, bensin etc.<\/p>\n<p><strong>L\u00e4mplig f\u00f6r:<\/strong> JCB, Gr\u00e4vlastare, 3CX, 4CX<br \/>\n<strong>OE-nummer::<\/strong> 331\/20552, 123\/06016, 123\/07296, 123\/06014, 331\/27223<\/p>\n<h3>\ud83d\udd0d Letar efter en annan produkt fr\u00e5n kategorin <a href=\"https:\/\/eskadalys.lt\/sv\/produktkategori-sv\/hasplatar\/stabiliseringsglidor\/\">Stabiliserande medar<\/a> ?<\/h3>\n<h3>\ud83d\udee0\ufe0f Reservdelar till byggmaskiner \u2013 du hittar fler av dem <a href=\"https:\/\/eskadalys.lt\/sv\/produktkategori-sv\/hasplatar\/\">Glidplattor<\/a> i kategorin.<\/h3>\n<p>Om du \u00e4r os\u00e4ker p\u00e5 om den h\u00e4r delen passar din maskin, <strong>V\u00e4nligen skicka oss fordonets serienummer (VIN) innan du k\u00f6per.<\/strong>. Vi kommer att kontrollera kompatibiliteten med hj\u00e4lp av katalogerna och <strong>Vi kommer att erbjuda r\u00e4tt del<\/strong>. Om du inte hittar den del du beh\u00f6ver, skriv till oss \u2013 vi hj\u00e4lper dig att hitta den!<\/p>\n<p><strong>\ud83d\udce6 Lager i Litauen<\/strong> \u2013 best\u00e4llningar som g\u00f6rs f\u00f6re kl. 14.00 skickas samma dag.<\/p>\n<p><strong>\ud83d\ude80 Snabb leverans<\/strong> \u2013 best\u00e4llda varor som vi f\u00f6r n\u00e4rvarande inte har i lager levereras inom 3-4 arbetsdagar.<\/p>\n<p><strong>\ud83d\udcc8 Brett utbud<\/strong> \u2013 vi ut\u00f6kar st\u00e4ndigt v\u00e5rt produktsortiment.<\/p>","protected":false},"excerpt":{"rendered":"<p>123\/06014, 331\/20552<\/p>","protected":false},"featured_media":118816,"template":"","meta":{"site-sidebar-layout":"default","site-content-layout":"","ast-site-content-layout":"default","site-content-style":"default","site-sidebar-style":"default","ast-global-header-display":"","ast-banner-title-visibility":"","ast-main-header-display":"","ast-hfb-above-header-display":"","ast-hfb-below-header-display":"","ast-hfb-mobile-header-display":"","site-post-title":"","ast-breadcrumbs-content":"","ast-featured-img":"","footer-sml-layout":"","ast-disable-related-posts":"","theme-transparent-header-meta":"default","adv-header-id-meta":"","stick-header-meta":"","header-above-stick-meta":"","header-main-stick-meta":"","header-below-stick-meta":"","astra-migrate-meta-layouts":"set","ast-page-background-enabled":"default","ast-page-background-meta":{"desktop":{"background-color":"","background-image":"","background-repeat":"repeat","background-position":"center center","background-size":"auto","background-attachment":"scroll","background-type":"","background-media":"","overlay-type":"","overlay-color":"","overlay-opacity":"","overlay-gradient":""},"tablet":{"background-color":"","background-image":"","background-repeat":"repeat","background-position":"center center","background-size":"auto","background-attachment":"scroll","background-type":"","background-media":"","overlay-type":"","overlay-color":"","overlay-opacity":"","overlay-gradient":""},"mobile":{"background-color":"","background-image":"","background-repeat":"repeat","background-position":"center center","background-size":"auto","background-attachment":"scroll","background-type":"","background-media":"","overlay-type":"","overlay-color":"","overlay-opacity":"","overlay-gradient":""}},"ast-content-background-meta":{"desktop":{"background-color":"var(--ast-global-color-5)","background-image":"","background-repeat":"repeat","background-position":"center center","background-size":"auto","background-attachment":"scroll","background-type":"","background-media":"","overlay-type":"","overlay-color":"","overlay-opacity":"","overlay-gradient":""},"tablet":{"background-color":"var(--ast-global-color-5)","background-image":"","background-repeat":"repeat","background-position":"center center","background-size":"auto","background-attachment":"scroll","background-type":"","background-media":"","overlay-type":"","overlay-color":"","overlay-opacity":"","overlay-gradient":""},"mobile":{"background-color":"var(--ast-global-color-5)","background-image":"","background-repeat":"repeat","background-position":"center center","background-size":"auto","background-attachment":"scroll","background-type":"","background-media":"","overlay-type":"","overlay-color":"","overlay-opacity":"","overlay-gradient":""}}},"product_brand":[],"product_cat":[840],"product_tag":[49782,49783,49781,47754,47755,47753,42907],"class_list":{"0":"post-118459","1":"product","2":"type-product","3":"status-publish","4":"has-post-thumbnail","6":"product_cat-stabilizavimo-sliauzikliai","7":"product_tag-123-06016","8":"product_tag-123-07296","9":"product_tag-331-20552","10":"product_tag-3cx","11":"product_tag-4cx","12":"product_tag-ekskavatorius-krautuvas","13":"product_tag-jcb","14":"desktop-align-left","15":"tablet-align-left","16":"mobile-align-left","18":"first","19":"onbackorder","20":"sale","21":"taxable","22":"shipping-taxable","23":"purchasable","24":"product-type-woosb"},"yoast_head":"<!-- This site is optimized with the Yoast SEO plugin v27.4 - https:\/\/yoast.com\/product\/yoast-seo-wordpress\/ -->\n<title>Stabilizatori\u0173 \u0161liau\u017eikli\u0173 komp. skirtas JCB modeliams 3CX, 4CX - LONG LIFE | Gera kaina | Greitas pristatymas | Eska dalys<\/title>\n<meta name=\"description\" content=\"Stabilizatori\u0173 \u0161liau\u017eikli\u0173 komp. skirtas JCB modeliams 3CX, 4CX - LONG LIFE Tinka: JCB, Ekskavatorius krautuvas, 3CX, 4CX OE numeriai: 331\/20552, 123\/06016, 123\/07296, 123\/06014, 331\/27223\" \/>\n<meta name=\"robots\" content=\"index, follow, max-snippet:-1, max-image-preview:large, max-video-preview:-1\" \/>\n<link rel=\"canonical\" href=\"https:\/\/eskadalys.lt\/sv\/produkt-sv\/stabilizatoriu-sliauzikliu-komp-jcb-3cx-4cx\/\" \/>\n<meta property=\"og:locale\" content=\"sv_SE\" \/>\n<meta property=\"og:type\" content=\"article\" \/>\n<meta property=\"og:title\" content=\"Stabilizatori\u0173 \u0161liau\u017eikli\u0173 komp. skirtas JCB modeliams 3CX, 4CX - LONG LIFE | Gera kaina | Greitas pristatymas | Eska dalys\" \/>\n<meta property=\"og:description\" content=\"Stabilizatori\u0173 \u0161liau\u017eikli\u0173 komp. skirtas JCB modeliams 3CX, 4CX - LONG LIFE Tinka: JCB, Ekskavatorius krautuvas, 3CX, 4CX OE numeriai: 331\/20552, 123\/06016, 123\/07296, 123\/06014, 331\/27223\" \/>\n<meta property=\"og:url\" content=\"https:\/\/eskadalys.lt\/sv\/produkt-sv\/stabilizatoriu-sliauzikliu-komp-jcb-3cx-4cx\/\" \/>\n<meta property=\"og:site_name\" content=\"Eska dalys\" \/>\n<meta property=\"article:publisher\" content=\"https:\/\/www.facebook.com\/profile.php?id=61556005720456\" \/>\n<meta property=\"article:modified_time\" content=\"2026-03-30T08:26:31+00:00\" \/>\n<meta property=\"og:image\" content=\"https:\/\/eskadalys.lt\/wp-content\/uploads\/2025\/09\/komplet-slizgow-podpory-jcb-koparko-ladowarka-1.png?v=1760542833\" \/>\n\t<meta property=\"og:image:width\" content=\"800\" \/>\n\t<meta property=\"og:image:height\" content=\"800\" \/>\n\t<meta property=\"og:image:type\" content=\"image\/png\" \/>\n<script type=\"application\/ld+json\" class=\"yoast-schema-graph\">{\"@context\":\"https:\\\/\\\/schema.org\",\"@graph\":[{\"@type\":\"WebPage\",\"@id\":\"https:\\\/\\\/eskadalys.lt\\\/product\\\/stabilizatoriu-sliauzikliu-komp-jcb-3cx-4cx\\\/\",\"url\":\"https:\\\/\\\/eskadalys.lt\\\/product\\\/stabilizatoriu-sliauzikliu-komp-jcb-3cx-4cx\\\/\",\"name\":\"Stabilizatori\u0173 \u0161liau\u017eikli\u0173 komp. skirtas JCB modeliams 3CX, 4CX - LONG LIFE | Gera kaina | Greitas pristatymas | Eska dalys\",\"isPartOf\":{\"@id\":\"https:\\\/\\\/eskadalys.lt\\\/#website\"},\"primaryImageOfPage\":{\"@id\":\"https:\\\/\\\/eskadalys.lt\\\/product\\\/stabilizatoriu-sliauzikliu-komp-jcb-3cx-4cx\\\/#primaryimage\"},\"image\":{\"@id\":\"https:\\\/\\\/eskadalys.lt\\\/product\\\/stabilizatoriu-sliauzikliu-komp-jcb-3cx-4cx\\\/#primaryimage\"},\"thumbnailUrl\":\"https:\\\/\\\/eskadalys.lt\\\/wp-content\\\/uploads\\\/2025\\\/09\\\/komplet-slizgow-podpory-jcb-koparko-ladowarka-1.png?v=1760542833\",\"datePublished\":\"2025-09-02T15:55:49+00:00\",\"dateModified\":\"2026-03-30T08:26:31+00:00\",\"description\":\"Stabilizatori\u0173 \u0161liau\u017eikli\u0173 komp. skirtas JCB modeliams 3CX, 4CX - LONG LIFE Tinka: JCB, Ekskavatorius krautuvas, 3CX, 4CX OE numeriai: 331\\\/20552, 123\\\/06016, 123\\\/07296, 123\\\/06014, 331\\\/27223\",\"breadcrumb\":{\"@id\":\"https:\\\/\\\/eskadalys.lt\\\/product\\\/stabilizatoriu-sliauzikliu-komp-jcb-3cx-4cx\\\/#breadcrumb\"},\"inLanguage\":\"sv-SE\",\"potentialAction\":[{\"@type\":\"ReadAction\",\"target\":[\"https:\\\/\\\/eskadalys.lt\\\/product\\\/stabilizatoriu-sliauzikliu-komp-jcb-3cx-4cx\\\/\"]}]},{\"@type\":\"ImageObject\",\"inLanguage\":\"sv-SE\",\"@id\":\"https:\\\/\\\/eskadalys.lt\\\/product\\\/stabilizatoriu-sliauzikliu-komp-jcb-3cx-4cx\\\/#primaryimage\",\"url\":\"https:\\\/\\\/eskadalys.lt\\\/wp-content\\\/uploads\\\/2025\\\/09\\\/komplet-slizgow-podpory-jcb-koparko-ladowarka-1.png?v=1760542833\",\"contentUrl\":\"https:\\\/\\\/eskadalys.lt\\\/wp-content\\\/uploads\\\/2025\\\/09\\\/komplet-slizgow-podpory-jcb-koparko-ladowarka-1.png?v=1760542833\",\"width\":800,\"height\":800},{\"@type\":\"BreadcrumbList\",\"@id\":\"https:\\\/\\\/eskadalys.lt\\\/product\\\/stabilizatoriu-sliauzikliu-komp-jcb-3cx-4cx\\\/#breadcrumb\",\"itemListElement\":[{\"@type\":\"ListItem\",\"position\":1,\"name\":\"Strona g\u0142\u00f3wna\",\"item\":\"https:\\\/\\\/eskadalys.lt\\\/\"},{\"@type\":\"ListItem\",\"position\":2,\"name\":\"E-parduotuv\u0117\",\"item\":\"https:\\\/\\\/eskadalys.lt\\\/e-parduotuve\\\/\"},{\"@type\":\"ListItem\",\"position\":3,\"name\":\"Stabilizatori\u0173 \u0161liau\u017eikli\u0173 komp. skirtas JCB modeliams 3CX, 4CX &#8211; LONG LIFE\"}]},{\"@type\":\"WebSite\",\"@id\":\"https:\\\/\\\/eskadalys.lt\\\/#website\",\"url\":\"https:\\\/\\\/eskadalys.lt\\\/\",\"name\":\"Eska dalys\",\"description\":\"Ekskavatori\u0173 \\\/ mini ekskavatori\u0173 \\\/ buldozeri\u0173 dalys\",\"publisher\":{\"@id\":\"https:\\\/\\\/eskadalys.lt\\\/#organization\"},\"potentialAction\":[{\"@type\":\"SearchAction\",\"target\":{\"@type\":\"EntryPoint\",\"urlTemplate\":\"https:\\\/\\\/eskadalys.lt\\\/?s={search_term_string}\"},\"query-input\":{\"@type\":\"PropertyValueSpecification\",\"valueRequired\":true,\"valueName\":\"search_term_string\"}}],\"inLanguage\":\"sv-SE\"},{\"@type\":\"Organization\",\"@id\":\"https:\\\/\\\/eskadalys.lt\\\/#organization\",\"name\":\"Eska dalys\",\"url\":\"https:\\\/\\\/eskadalys.lt\\\/\",\"logo\":{\"@type\":\"ImageObject\",\"inLanguage\":\"sv-SE\",\"@id\":\"https:\\\/\\\/eskadalys.lt\\\/#\\\/schema\\\/logo\\\/image\\\/\",\"url\":\"https:\\\/\\\/eskadalys.lt\\\/wp-content\\\/uploads\\\/2024\\\/01\\\/LOGO-ESKA-FINAL.svg\",\"contentUrl\":\"https:\\\/\\\/eskadalys.lt\\\/wp-content\\\/uploads\\\/2024\\\/01\\\/LOGO-ESKA-FINAL.svg\",\"width\":259,\"height\":201,\"caption\":\"Eska dalys\"},\"image\":{\"@id\":\"https:\\\/\\\/eskadalys.lt\\\/#\\\/schema\\\/logo\\\/image\\\/\"},\"sameAs\":[\"https:\\\/\\\/www.facebook.com\\\/profile.php?id=61556005720456\"]}]}<\/script>\n<!-- \/ Yoast SEO plugin. -->","yoast_head_json":{"title":"Stabilisatorstagssats f\u00f6r JCB-modellerna 3CX, 4CX - L\u00c5NG LIVSL\u00c4NGD | Bra pris | Snabb leverans | Eska-delar","description":"Stabilisatorstagssats f\u00f6r JCB-modellerna 3CX, 4CX - LONG LIFE Passar: JCB, Gr\u00e4vlastare, 3CX, 4CX OE-nummer: 331\/20552, 123\/06016, 123\/07296, 123\/06014, 331\/27223","robots":{"index":"index","follow":"follow","max-snippet":"max-snippet:-1","max-image-preview":"max-image-preview:large","max-video-preview":"max-video-preview:-1"},"canonical":"https:\/\/eskadalys.lt\/sv\/produkt-sv\/stabilizatoriu-sliauzikliu-komp-jcb-3cx-4cx\/","og_locale":"sv_SE","og_type":"article","og_title":"Stabilizatori\u0173 \u0161liau\u017eikli\u0173 komp. skirtas JCB modeliams 3CX, 4CX - LONG LIFE | Gera kaina | Greitas pristatymas | Eska dalys","og_description":"Stabilizatori\u0173 \u0161liau\u017eikli\u0173 komp. skirtas JCB modeliams 3CX, 4CX - LONG LIFE Tinka: JCB, Ekskavatorius krautuvas, 3CX, 4CX OE numeriai: 331\/20552, 123\/06016, 123\/07296, 123\/06014, 331\/27223","og_url":"https:\/\/eskadalys.lt\/sv\/produkt-sv\/stabilizatoriu-sliauzikliu-komp-jcb-3cx-4cx\/","og_site_name":"Eska dalys","article_publisher":"https:\/\/www.facebook.com\/profile.php?id=61556005720456","article_modified_time":"2026-03-30T08:26:31+00:00","og_image":[{"width":800,"height":800,"url":"https:\/\/eskadalys.lt\/wp-content\/uploads\/2025\/09\/komplet-slizgow-podpory-jcb-koparko-ladowarka-1.png?v=1760542833","type":"image\/png"}],"schema":{"@context":"https:\/\/schema.org","@graph":[{"@type":"WebPage","@id":"https:\/\/eskadalys.lt\/product\/stabilizatoriu-sliauzikliu-komp-jcb-3cx-4cx\/","url":"https:\/\/eskadalys.lt\/product\/stabilizatoriu-sliauzikliu-komp-jcb-3cx-4cx\/","name":"Stabilisatorstagssats f\u00f6r JCB-modellerna 3CX, 4CX - L\u00c5NG LIVSL\u00c4NGD | Bra pris | Snabb leverans | Eska-delar","isPartOf":{"@id":"https:\/\/eskadalys.lt\/#website"},"primaryImageOfPage":{"@id":"https:\/\/eskadalys.lt\/product\/stabilizatoriu-sliauzikliu-komp-jcb-3cx-4cx\/#primaryimage"},"image":{"@id":"https:\/\/eskadalys.lt\/product\/stabilizatoriu-sliauzikliu-komp-jcb-3cx-4cx\/#primaryimage"},"thumbnailUrl":"https:\/\/eskadalys.lt\/wp-content\/uploads\/2025\/09\/komplet-slizgow-podpory-jcb-koparko-ladowarka-1.png?v=1760542833","datePublished":"2025-09-02T15:55:49+00:00","dateModified":"2026-03-30T08:26:31+00:00","description":"Stabilisatorstagssats f\u00f6r JCB-modellerna 3CX, 4CX - LONG LIFE Passar: JCB, Gr\u00e4vlastare, 3CX, 4CX OE-nummer: 331\/20552, 123\/06016, 123\/07296, 123\/06014, 331\/27223","breadcrumb":{"@id":"https:\/\/eskadalys.lt\/product\/stabilizatoriu-sliauzikliu-komp-jcb-3cx-4cx\/#breadcrumb"},"inLanguage":"sv-SE","potentialAction":[{"@type":"ReadAction","target":["https:\/\/eskadalys.lt\/product\/stabilizatoriu-sliauzikliu-komp-jcb-3cx-4cx\/"]}]},{"@type":"ImageObject","inLanguage":"sv-SE","@id":"https:\/\/eskadalys.lt\/product\/stabilizatoriu-sliauzikliu-komp-jcb-3cx-4cx\/#primaryimage","url":"https:\/\/eskadalys.lt\/wp-content\/uploads\/2025\/09\/komplet-slizgow-podpory-jcb-koparko-ladowarka-1.png?v=1760542833","contentUrl":"https:\/\/eskadalys.lt\/wp-content\/uploads\/2025\/09\/komplet-slizgow-podpory-jcb-koparko-ladowarka-1.png?v=1760542833","width":800,"height":800},{"@type":"BreadcrumbList","@id":"https:\/\/eskadalys.lt\/product\/stabilizatoriu-sliauzikliu-komp-jcb-3cx-4cx\/#breadcrumb","itemListElement":[{"@type":"ListItem","position":1,"name":"Strona g\u0142\u00f3wna","item":"https:\/\/eskadalys.lt\/"},{"@type":"ListItem","position":2,"name":"E-parduotuv\u0117","item":"https:\/\/eskadalys.lt\/e-parduotuve\/"},{"@type":"ListItem","position":3,"name":"Stabilizatori\u0173 \u0161liau\u017eikli\u0173 komp. skirtas JCB modeliams 3CX, 4CX &#8211; LONG LIFE"}]},{"@type":"WebSite","@id":"https:\/\/eskadalys.lt\/#website","url":"https:\/\/eskadalys.lt\/","name":"Eska parts","description":"Reservdelar till gr\u00e4vmaskin\/minigr\u00e4vmaskin\/bulldozer","publisher":{"@id":"https:\/\/eskadalys.lt\/#organization"},"potentialAction":[{"@type":"SearchAction","target":{"@type":"EntryPoint","urlTemplate":"https:\/\/eskadalys.lt\/?s={search_term_string}"},"query-input":{"@type":"PropertyValueSpecification","valueRequired":true,"valueName":"search_term_string"}}],"inLanguage":"sv-SE"},{"@type":"Organization","@id":"https:\/\/eskadalys.lt\/#organization","name":"Eska parts","url":"https:\/\/eskadalys.lt\/","logo":{"@type":"ImageObject","inLanguage":"sv-SE","@id":"https:\/\/eskadalys.lt\/#\/schema\/logo\/image\/","url":"https:\/\/eskadalys.lt\/wp-content\/uploads\/2024\/01\/LOGO-ESKA-FINAL.svg","contentUrl":"https:\/\/eskadalys.lt\/wp-content\/uploads\/2024\/01\/LOGO-ESKA-FINAL.svg","width":259,"height":201,"caption":"Eska dalys"},"image":{"@id":"https:\/\/eskadalys.lt\/#\/schema\/logo\/image\/"},"sameAs":["https:\/\/www.facebook.com\/profile.php?id=61556005720456"]}]}},"_links":{"self":[{"href":"https:\/\/eskadalys.lt\/sv\/wp-json\/wp\/v2\/product\/118459","targetHints":{"allow":["GET"]}}],"collection":[{"href":"https:\/\/eskadalys.lt\/sv\/wp-json\/wp\/v2\/product"}],"about":[{"href":"https:\/\/eskadalys.lt\/sv\/wp-json\/wp\/v2\/types\/product"}],"wp:featuredmedia":[{"embeddable":true,"href":"https:\/\/eskadalys.lt\/sv\/wp-json\/wp\/v2\/media\/118816"}],"wp:attachment":[{"href":"https:\/\/eskadalys.lt\/sv\/wp-json\/wp\/v2\/media?parent=118459"}],"wp:term":[{"taxonomy":"product_brand","embeddable":true,"href":"https:\/\/eskadalys.lt\/sv\/wp-json\/wp\/v2\/product_brand?post=118459"},{"taxonomy":"product_cat","embeddable":true,"href":"https:\/\/eskadalys.lt\/sv\/wp-json\/wp\/v2\/product_cat?post=118459"},{"taxonomy":"product_tag","embeddable":true,"href":"https:\/\/eskadalys.lt\/sv\/wp-json\/wp\/v2\/product_tag?post=118459"}],"curies":[{"name":"wp","href":"https:\/\/api.w.org\/{rel}","templated":true}]}}