{"id":397,"date":"2021-07-26T07:42:41","date_gmt":"2021-07-26T07:42:41","guid":{"rendered":"https:\/\/eskadalys.lt\/?page_id=397"},"modified":"2025-04-13T19:59:04","modified_gmt":"2025-04-13T16:59:04","slug":"om-oss","status":"publish","type":"page","link":"https:\/\/eskadalys.lt\/sv\/apie-mus\/","title":{"rendered":"Om oss"},"content":{"rendered":"<div data-elementor-type=\"wp-page\" data-elementor-id=\"397\" class=\"elementor elementor-397\">\n\t\t\t\t<div class=\"elementor-element elementor-element-d697563 e-flex e-con-boxed e-con e-parent\" data-id=\"d697563\" data-element_type=\"container\" data-e-type=\"container\">\n\t\t\t\t\t<div class=\"e-con-inner\">\n\t\t<div class=\"elementor-element elementor-element-b367f8e e-con-full e-flex e-con e-child\" data-id=\"b367f8e\" data-element_type=\"container\" data-e-type=\"container\">\n\t\t\t\t<div class=\"elementor-element elementor-element-49f6ea5 elementor-widget elementor-widget-heading\" data-id=\"49f6ea5\" data-element_type=\"widget\" data-e-type=\"widget\" data-widget_type=\"heading.default\">\n\t\t\t\t<div class=\"elementor-widget-container\">\n\t\t\t\t\t<h2 class=\"elementor-heading-title elementor-size-default\">Om oss<\/h2>\t\t\t\t<\/div>\n\t\t\t\t<\/div>\n\t\t<div class=\"elementor-element elementor-element-fb359c0 e-con-full e-flex e-con e-child\" data-id=\"fb359c0\" data-element_type=\"container\" data-e-type=\"container\">\n\t\t<div class=\"elementor-element elementor-element-ad93983 e-con-full e-flex e-con e-child\" data-id=\"ad93983\" data-element_type=\"container\" data-e-type=\"container\" data-settings=\"{&quot;background_background&quot;:&quot;classic&quot;}\">\n\t\t\t\t<\/div>\n\t\t<div class=\"elementor-element elementor-element-5fd5bb7 e-con-full e-flex e-con e-child\" data-id=\"5fd5bb7\" data-element_type=\"container\" data-e-type=\"container\">\n\t\t\t\t<div class=\"elementor-element elementor-element-c10225a elementor-widget elementor-widget-heading\" data-id=\"c10225a\" data-element_type=\"widget\" data-e-type=\"widget\" data-widget_type=\"heading.default\">\n\t\t\t\t<div class=\"elementor-widget-container\">\n\t\t\t\t\t<div class=\"elementor-heading-title elementor-size-default\">V\u00e5r webbutik specialiserar sig p\u00e5 att erbjuda h\u00f6gkvalitativa delar till byggmaskiner. H\u00e4r hittar du ett brett sortiment! Vi lagerf\u00f6r v\u00e5ra produkter i Litauen, vilket g\u00f6r att vi kan skicka alla best\u00e4llningar s\u00e5 snabbt som m\u00f6jligt och leverera dem till kunden inom 24 timmar.<\/div>\t\t\t\t<\/div>\n\t\t\t\t<\/div>\n\t\t\t\t<div class=\"elementor-element elementor-element-d9fa888 elementor-widget elementor-widget-text-editor\" data-id=\"d9fa888\" data-element_type=\"widget\" data-e-type=\"widget\" data-widget_type=\"text-editor.default\">\n\t\t\t\t<div class=\"elementor-widget-container\">\n\t\t\t\t\t\t\t\t\t<p><br \/>V\u00e5r framtidsvision \u00e4r att ut\u00f6ka lagret och \u00f6ppna en fysisk butik. P\u00e5 s\u00e5 s\u00e4tt skulle vi kunna \u00f6ka<br \/>produktsortiment i lager och s\u00e4kerst\u00e4lla snabb leverans av ett brett utbud av varor till kunder, snabbt och<br \/>omedelbart.<br \/>Vi \u00e4r stolta \u00f6ver transparensen i v\u00e5r verksamhet. Alla priser i v\u00e5r webbutik \u00e4r<br \/>V\u00e5rt huvudm\u00e5l \u00e4r inte bara att f\u00f6rse kunderna med h\u00f6gkvalitativa delar, utan ocks\u00e5 att tillhandah\u00e5lla<br \/>Snabb och professionell hj\u00e4lp. Om du inte hittar den produkt du vill ha i butiken, kontakta oss s\u00e5 hj\u00e4lper vi dig.<br \/>Vi hj\u00e4lper dig. Endast i detta fall kan leveranstiden f\u00f6r varorna variera fr\u00e5n 3 till 4 dagar.<\/p>\t\t\t\t\t\t\t\t<\/div>\n\t\t\t\t<\/div>\n\t\t\t\t<div class=\"elementor-element elementor-element-9c837b0 elementor-widget-divider--view-line elementor-widget elementor-widget-divider\" data-id=\"9c837b0\" data-element_type=\"widget\" data-e-type=\"widget\" data-widget_type=\"divider.default\">\n\t\t\t\t<div class=\"elementor-widget-container\">\n\t\t\t\t\t\t\t<div class=\"elementor-divider\">\n\t\t\t<span class=\"elementor-divider-separator\">\n\t\t\t\t\t\t<\/span>\n\t\t<\/div>\n\t\t\t\t\t\t<\/div>\n\t\t\t\t<\/div>\n\t\t<div class=\"elementor-element elementor-element-5b7e561 e-con-full e-flex e-con e-child\" data-id=\"5b7e561\" data-element_type=\"container\" data-e-type=\"container\">\n\t\t\t\t<div class=\"elementor-element elementor-element-65de3a4 elementor-widget__width-auto elementor-view-default elementor-widget elementor-widget-icon\" data-id=\"65de3a4\" data-element_type=\"widget\" data-e-type=\"widget\" data-widget_type=\"icon.default\">\n\t\t\t\t<div class=\"elementor-widget-container\">\n\t\t\t\t\t\t\t<div class=\"elementor-icon-wrapper\">\n\t\t\t<div class=\"elementor-icon\">\n\t\t\t<svg aria-hidden=\"true\" class=\"e-font-icon-svg e-fas-quote-left\" viewbox=\"0 0 512 512\" xmlns=\"http:\/\/www.w3.org\/2000\/svg\"><path d=\"M464 256h-80v-64c0-35.3 28.7-64 64-64h8c13.3 0 24-10.7 24-24V56c0-13.3-10.7-24-24-24h-8c-88.4 0-160 71.6-160 160v240c0 26.5 21.5 48 48 48h128c26.5 0 48-21.5 48-48V304c0-26.5-21.5-48-48-48zm-288 0H96v-64c0-35.3 28.7-64 64-64h8c13.3 0 24-10.7 24-24V56c0-13.3-10.7-24-24-24h-8C71.6 32 0 103.6 0 192v240c0 26.5 21.5 48 48 48h128c26.5 0 48-21.5 48-48V304c0-26.5-21.5-48-48-48z\"><\/path><\/svg>\t\t\t<\/div>\n\t\t<\/div>\n\t\t\t\t\t\t<\/div>\n\t\t\t\t<\/div>\n\t\t\t\t<div class=\"elementor-element elementor-element-567cef8 elementor-widget elementor-widget-heading\" data-id=\"567cef8\" data-element_type=\"widget\" data-e-type=\"widget\" data-widget_type=\"heading.default\">\n\t\t\t\t<div class=\"elementor-widget-container\">\n\t\t\t\t\t<div class=\"elementor-heading-title elementor-size-default\">Hemligheten bakom varje framg\u00e5ngsrikt f\u00f6retag \u00e4r transparens och \u00f6ppenhet. Vi anser att varje kund har r\u00e4tt att f\u00e5 veta priserna p\u00e5 alla produkter s\u00e5 snart de bes\u00f6ker v\u00e5r webbplats, utan ytterligare fr\u00e5gor eller v\u00e4ntan. D\u00e4rf\u00f6r hittar du korrekt information om priser och leveranstider hos oss.<\/div>\t\t\t\t<\/div>\n\t\t\t\t<\/div>\n\t\t\t\t<\/div>\n\t\t\t\t<\/div>\n\t\t\t\t<\/div>\n\t\t\t\t<\/div>\n\t\t\t\t\t<\/div>\n\t\t\t\t<\/div>\n\t\t\t\t<\/div>","protected":false},"excerpt":{"rendered":"<p>Apie mus M\u016bs\u0173 internetin\u0117 parduotuv\u0117 specializuojasi si\u016blydama auk\u0161tos kokyb\u0117s detales statybos technikai. B\u016btent \u010dia rasite plat\u0173 asortiment\u0105! Prekes sand\u0117liuojame Lietuvoje, ir tai mums leid\u017eia visus u\u017esakymus i\u0161si\u0173sti kuo grei\u010diau ir pristatyti klientui per 24 valandas. M\u016bs\u0173 ateities vizija \u2013 pl\u0117sti sand\u0117l\u012f ir atidaryti fizin\u0119 parduotuv\u0119. Tokiu b\u016bdu gal\u0117tume padidintiprodukt\u0173 asortiment\u0105 sand\u0117lyje ir u\u017etikrinti \u012fvairiausi\u0173 preki\u0173 [&hellip;]<\/p>\n","protected":false},"author":1,"featured_media":0,"parent":0,"menu_order":0,"comment_status":"closed","ping_status":"closed","template":"","meta":{"site-sidebar-layout":"no-sidebar","site-content-layout":"page-builder","ast-site-content-layout":"default","site-content-style":"default","site-sidebar-style":"default","ast-global-header-display":"","ast-banner-title-visibility":"","ast-main-header-display":"","ast-hfb-above-header-display":"","ast-hfb-below-header-display":"","ast-hfb-mobile-header-display":"","site-post-title":"disabled","ast-breadcrumbs-content":"disabled","ast-featured-img":"disabled","footer-sml-layout":"","ast-disable-related-posts":"","theme-transparent-header-meta":"default","adv-header-id-meta":"","stick-header-meta":"","header-above-stick-meta":"","header-main-stick-meta":"","header-below-stick-meta":"","astra-migrate-meta-layouts":"default","ast-page-background-enabled":"default","ast-page-background-meta":{"desktop":{"background-color":"","background-image":"","background-repeat":"repeat","background-position":"center center","background-size":"auto","background-attachment":"scroll","background-type":"","background-media":"","overlay-type":"","overlay-color":"","overlay-opacity":"","overlay-gradient":""},"tablet":{"background-color":"","background-image":"","background-repeat":"repeat","background-position":"center center","background-size":"auto","background-attachment":"scroll","background-type":"","background-media":"","overlay-type":"","overlay-color":"","overlay-opacity":"","overlay-gradient":""},"mobile":{"background-color":"","background-image":"","background-repeat":"repeat","background-position":"center center","background-size":"auto","background-attachment":"scroll","background-type":"","background-media":"","overlay-type":"","overlay-color":"","overlay-opacity":"","overlay-gradient":""}},"ast-content-background-meta":{"desktop":{"background-color":"var(--ast-global-color-5)","background-image":"","background-repeat":"repeat","background-position":"center center","background-size":"auto","background-attachment":"scroll","background-type":"","background-media":"","overlay-type":"","overlay-color":"","overlay-opacity":"","overlay-gradient":""},"tablet":{"background-color":"var(--ast-global-color-5)","background-image":"","background-repeat":"repeat","background-position":"center center","background-size":"auto","background-attachment":"scroll","background-type":"","background-media":"","overlay-type":"","overlay-color":"","overlay-opacity":"","overlay-gradient":""},"mobile":{"background-color":"var(--ast-global-color-5)","background-image":"","background-repeat":"repeat","background-position":"center center","background-size":"auto","background-attachment":"scroll","background-type":"","background-media":"","overlay-type":"","overlay-color":"","overlay-opacity":"","overlay-gradient":""}},"footnotes":""},"class_list":["post-397","page","type-page","status-publish","hentry"],"yoast_head":"<!-- This site is optimized with the Yoast SEO plugin v27.6 - https:\/\/yoast.com\/product\/yoast-seo-wordpress\/ -->\n<title>Apie mus - Eska dalys<\/title>\n<meta name=\"description\" content=\"JCB \/ VOLVO \/ CAT - Ekskavatori\u0173 dalys \/ mini ekskavatori\u0173 dalys \/ buldozeri\u0173 dalys - Greitas pristatymas - Eska dalys\" \/>\n<meta name=\"robots\" content=\"index, follow, max-snippet:-1, max-image-preview:large, max-video-preview:-1\" \/>\n<link rel=\"canonical\" href=\"https:\/\/eskadalys.lt\/sv\/om-oss\/\" \/>\n<meta property=\"og:locale\" content=\"sv_SE\" \/>\n<meta property=\"og:type\" content=\"article\" \/>\n<meta property=\"og:title\" content=\"Apie mus - Eska dalys\" \/>\n<meta property=\"og:description\" content=\"JCB \/ VOLVO \/ CAT - Ekskavatori\u0173 dalys \/ mini ekskavatori\u0173 dalys \/ buldozeri\u0173 dalys - Greitas pristatymas - Eska dalys\" \/>\n<meta property=\"og:url\" content=\"https:\/\/eskadalys.lt\/sv\/om-oss\/\" \/>\n<meta property=\"og:site_name\" content=\"Eska dalys\" \/>\n<meta property=\"article:publisher\" content=\"https:\/\/www.facebook.com\/profile.php?id=61556005720456\" \/>\n<meta property=\"article:modified_time\" content=\"2025-04-13T16:59:04+00:00\" \/>\n<meta property=\"og:image\" content=\"https:\/\/eskadalys.lt\/wp-content\/uploads\/2024\/10\/Landing-Page-1.png\" \/>\n\t<meta property=\"og:image:width\" content=\"1280\" \/>\n\t<meta property=\"og:image:height\" content=\"720\" \/>\n\t<meta property=\"og:image:type\" content=\"image\/png\" \/>\n<script type=\"application\/ld+json\" class=\"yoast-schema-graph\">{\"@context\":\"https:\\\/\\\/schema.org\",\"@graph\":[{\"@type\":\"WebPage\",\"@id\":\"https:\\\/\\\/eskadalys.lt\\\/apie-mus\\\/\",\"url\":\"https:\\\/\\\/eskadalys.lt\\\/apie-mus\\\/\",\"name\":\"Apie mus - Eska dalys\",\"isPartOf\":{\"@id\":\"https:\\\/\\\/eskadalys.lt\\\/#website\"},\"datePublished\":\"2021-07-26T07:42:41+00:00\",\"dateModified\":\"2025-04-13T16:59:04+00:00\",\"description\":\"JCB \\\/ VOLVO \\\/ CAT - Ekskavatori\u0173 dalys \\\/ mini ekskavatori\u0173 dalys \\\/ buldozeri\u0173 dalys - Greitas pristatymas - Eska dalys\",\"breadcrumb\":{\"@id\":\"https:\\\/\\\/eskadalys.lt\\\/apie-mus\\\/#breadcrumb\"},\"inLanguage\":\"sv-SE\",\"potentialAction\":[{\"@type\":\"ReadAction\",\"target\":[\"https:\\\/\\\/eskadalys.lt\\\/apie-mus\\\/\"]}]},{\"@type\":\"BreadcrumbList\",\"@id\":\"https:\\\/\\\/eskadalys.lt\\\/apie-mus\\\/#breadcrumb\",\"itemListElement\":[{\"@type\":\"ListItem\",\"position\":1,\"name\":\"Strona g\u0142\u00f3wna\",\"item\":\"https:\\\/\\\/eskadalys.lt\\\/\"},{\"@type\":\"ListItem\",\"position\":2,\"name\":\"Apie mus\"}]},{\"@type\":\"WebSite\",\"@id\":\"https:\\\/\\\/eskadalys.lt\\\/#website\",\"url\":\"https:\\\/\\\/eskadalys.lt\\\/\",\"name\":\"Eska dalys\",\"description\":\"Ekskavatori\u0173 \\\/ mini ekskavatori\u0173 \\\/ buldozeri\u0173 dalys\",\"publisher\":{\"@id\":\"https:\\\/\\\/eskadalys.lt\\\/#organization\"},\"potentialAction\":[{\"@type\":\"SearchAction\",\"target\":{\"@type\":\"EntryPoint\",\"urlTemplate\":\"https:\\\/\\\/eskadalys.lt\\\/?s={search_term_string}\"},\"query-input\":{\"@type\":\"PropertyValueSpecification\",\"valueRequired\":true,\"valueName\":\"search_term_string\"}}],\"inLanguage\":\"sv-SE\"},{\"@type\":\"Organization\",\"@id\":\"https:\\\/\\\/eskadalys.lt\\\/#organization\",\"name\":\"Eska dalys\",\"url\":\"https:\\\/\\\/eskadalys.lt\\\/\",\"logo\":{\"@type\":\"ImageObject\",\"inLanguage\":\"sv-SE\",\"@id\":\"https:\\\/\\\/eskadalys.lt\\\/#\\\/schema\\\/logo\\\/image\\\/\",\"url\":\"https:\\\/\\\/eskadalys.lt\\\/wp-content\\\/uploads\\\/2024\\\/01\\\/LOGO-ESKA-FINAL.svg\",\"contentUrl\":\"https:\\\/\\\/eskadalys.lt\\\/wp-content\\\/uploads\\\/2024\\\/01\\\/LOGO-ESKA-FINAL.svg\",\"width\":259,\"height\":201,\"caption\":\"Eska dalys\"},\"image\":{\"@id\":\"https:\\\/\\\/eskadalys.lt\\\/#\\\/schema\\\/logo\\\/image\\\/\"},\"sameAs\":[\"https:\\\/\\\/www.facebook.com\\\/profile.php?id=61556005720456\"]}]}<\/script>\n<!-- \/ Yoast SEO plugin. -->","yoast_head_json":{"title":"Om oss - Eska reservdelar","description":"JCB \/ VOLVO \/ CAT - Gr\u00e4vmaskinsdelar \/ minigr\u00e4vmaskinsdelar \/ bulldozerdelar - Snabb leverans - Eska delar","robots":{"index":"index","follow":"follow","max-snippet":"max-snippet:-1","max-image-preview":"max-image-preview:large","max-video-preview":"max-video-preview:-1"},"canonical":"https:\/\/eskadalys.lt\/sv\/om-oss\/","og_locale":"sv_SE","og_type":"article","og_title":"Apie mus - Eska dalys","og_description":"JCB \/ VOLVO \/ CAT - Ekskavatori\u0173 dalys \/ mini ekskavatori\u0173 dalys \/ buldozeri\u0173 dalys - Greitas pristatymas - Eska dalys","og_url":"https:\/\/eskadalys.lt\/sv\/om-oss\/","og_site_name":"Eska dalys","article_publisher":"https:\/\/www.facebook.com\/profile.php?id=61556005720456","article_modified_time":"2025-04-13T16:59:04+00:00","og_image":[{"width":1280,"height":720,"url":"https:\/\/eskadalys.lt\/wp-content\/uploads\/2024\/10\/Landing-Page-1.png","type":"image\/png"}],"schema":{"@context":"https:\/\/schema.org","@graph":[{"@type":"WebPage","@id":"https:\/\/eskadalys.lt\/apie-mus\/","url":"https:\/\/eskadalys.lt\/apie-mus\/","name":"Om oss - Eska reservdelar","isPartOf":{"@id":"https:\/\/eskadalys.lt\/#website"},"datePublished":"2021-07-26T07:42:41+00:00","dateModified":"2025-04-13T16:59:04+00:00","description":"JCB \/ VOLVO \/ CAT - Gr\u00e4vmaskinsdelar \/ minigr\u00e4vmaskinsdelar \/ bulldozerdelar - Snabb leverans - Eska delar","breadcrumb":{"@id":"https:\/\/eskadalys.lt\/apie-mus\/#breadcrumb"},"inLanguage":"sv-SE","potentialAction":[{"@type":"ReadAction","target":["https:\/\/eskadalys.lt\/apie-mus\/"]}]},{"@type":"BreadcrumbList","@id":"https:\/\/eskadalys.lt\/apie-mus\/#breadcrumb","itemListElement":[{"@type":"ListItem","position":1,"name":"Strona g\u0142\u00f3wna","item":"https:\/\/eskadalys.lt\/"},{"@type":"ListItem","position":2,"name":"Apie mus"}]},{"@type":"WebSite","@id":"https:\/\/eskadalys.lt\/#website","url":"https:\/\/eskadalys.lt\/","name":"Eska parts","description":"Reservdelar till gr\u00e4vmaskin\/minigr\u00e4vmaskin\/bulldozer","publisher":{"@id":"https:\/\/eskadalys.lt\/#organization"},"potentialAction":[{"@type":"SearchAction","target":{"@type":"EntryPoint","urlTemplate":"https:\/\/eskadalys.lt\/?s={search_term_string}"},"query-input":{"@type":"PropertyValueSpecification","valueRequired":true,"valueName":"search_term_string"}}],"inLanguage":"sv-SE"},{"@type":"Organization","@id":"https:\/\/eskadalys.lt\/#organization","name":"Eska parts","url":"https:\/\/eskadalys.lt\/","logo":{"@type":"ImageObject","inLanguage":"sv-SE","@id":"https:\/\/eskadalys.lt\/#\/schema\/logo\/image\/","url":"https:\/\/eskadalys.lt\/wp-content\/uploads\/2024\/01\/LOGO-ESKA-FINAL.svg","contentUrl":"https:\/\/eskadalys.lt\/wp-content\/uploads\/2024\/01\/LOGO-ESKA-FINAL.svg","width":259,"height":201,"caption":"Eska dalys"},"image":{"@id":"https:\/\/eskadalys.lt\/#\/schema\/logo\/image\/"},"sameAs":["https:\/\/www.facebook.com\/profile.php?id=61556005720456"]}]}},"_links":{"self":[{"href":"https:\/\/eskadalys.lt\/sv\/wp-json\/wp\/v2\/pages\/397","targetHints":{"allow":["GET"]}}],"collection":[{"href":"https:\/\/eskadalys.lt\/sv\/wp-json\/wp\/v2\/pages"}],"about":[{"href":"https:\/\/eskadalys.lt\/sv\/wp-json\/wp\/v2\/types\/page"}],"author":[{"embeddable":true,"href":"https:\/\/eskadalys.lt\/sv\/wp-json\/wp\/v2\/users\/1"}],"replies":[{"embeddable":true,"href":"https:\/\/eskadalys.lt\/sv\/wp-json\/wp\/v2\/comments?post=397"}],"version-history":[{"count":0,"href":"https:\/\/eskadalys.lt\/sv\/wp-json\/wp\/v2\/pages\/397\/revisions"}],"wp:attachment":[{"href":"https:\/\/eskadalys.lt\/sv\/wp-json\/wp\/v2\/media?parent=397"}],"curies":[{"name":"wp","href":"https:\/\/api.w.org\/{rel}","templated":true}]}}