{"id":9025,"date":"2024-02-11T10:54:16","date_gmt":"2024-02-11T08:54:16","guid":{"rendered":"https:\/\/eskadalys.lt\/?post_type=product&#038;p=9025"},"modified":"2026-04-22T16:39:53","modified_gmt":"2026-04-22T13:39:53","slug":"contactslot-met-2-sleutels-cva","status":"publish","type":"product","link":"https:\/\/eskadalys.lt\/nl\/product\/uzvedimo-spynele-su-2-rakteliais-cva\/","title":{"rendered":"Contactslot met 2 sleutels CVA \u2013 1107887"},"content":{"rendered":"<p><strong>Contactslot met 2 sleutels CVA \u2013 1107887<\/strong><br \/>\n<strong>Geschikt voor:<\/strong> CAT, Graafmachine met laadbak, 420D, 420E, 420F, 422E, 422F, 428D, 428E, 428F, 430E, 430F, 432D, 432E, 432F, 434E, 442D, 442E, M313C, M313D, M315C, M315D, M316C, M316D, M318C, M318D, M322C, M322D, M325D, Wiellader, IT14G, IT14G2, IT28G, IT38G, IT38H, IT62G, IT62H, 953C, 953D, 963C, 973C, 973D, Bulldozer, D3G, D3K, D3K2, 906H, 906H2, 907H, 907H2, 908H, 908H2, 910G, 914G, 914G2, 924G, 924GZ, 924H, 924HZ, 928G, 928H, 928HZ, 930G, 938G, 938H, 950, 950B, 950E, 950F, 950G, 950H, 950K, 962H, 972H, 980G, 980H, 988G, Wielgraafmachine, 914K, 910K, M325D, 962G, 966G, 972G, 434F<br \/>\nOE-nummers: 1107887, 4678535<br \/>\n110-7887<\/p>\n<h3>\ud83d\udd0d Op zoek naar een ander product uit de categorie <a href=\"https:\/\/eskadalys.lt\/nl\/productcategorie-nl\/elektrische-componenten\/contactsloten\/\">Contactschakelaars<\/a> ?<\/h3>\n<h3>\ud83d\udee0\ufe0f Caterpillar-onderdelen - je kunt er meer van vinden <a href=\"https:\/\/eskadalys.lt\/nl\/productcategorie-nl\/elektrische-componenten\/\">Elektrische componenten<\/a> in de categorie.<\/h3>\n<p>Als u niet zeker weet of dit onderdeel geschikt is voor uw machine, <strong>Stuur ons het serienummer van uw voertuig (VIN) voordat u tot aankoop overgaat.<\/strong>. We zullen de compatibiliteit controleren met behulp van de catalogi en <strong>wij bieden het juiste onderdeel aan<\/strong>. Kunt u het onderdeel dat u nodig hebt niet vinden? Schrijf ons dan. Wij helpen u het te vinden!<\/p>\n<p><strong>\ud83d\udce6 Magazijn in Litouwen<\/strong> \u2013 Bestellingen geplaatst v\u00f3\u00f3r 14:00 uur worden dezelfde dag verzonden.<\/p>\n<p><strong>\ud83d\ude80 Snelle levering<\/strong> \u2013 Bestelde goederen die wij op dat moment niet op voorraad hebben, worden binnen 3-4 werkdagen geleverd.<\/p>\n<p><strong>\ud83d\udcc8 Breed assortiment<\/strong> \u2013 Wij breiden ons productaanbod voortdurend uit.<\/p>","protected":false},"excerpt":{"rendered":"<p>1107887 CVA<\/p>","protected":false},"featured_media":111154,"template":"","meta":{"site-sidebar-layout":"default","site-content-layout":"","ast-site-content-layout":"default","site-content-style":"default","site-sidebar-style":"default","ast-global-header-display":"","ast-banner-title-visibility":"","ast-main-header-display":"","ast-hfb-above-header-display":"","ast-hfb-below-header-display":"","ast-hfb-mobile-header-display":"","site-post-title":"","ast-breadcrumbs-content":"","ast-featured-img":"","footer-sml-layout":"","ast-disable-related-posts":"","theme-transparent-header-meta":"","adv-header-id-meta":"","stick-header-meta":"","header-above-stick-meta":"","header-main-stick-meta":"","header-below-stick-meta":"","astra-migrate-meta-layouts":"default","ast-page-background-enabled":"default","ast-page-background-meta":{"desktop":{"background-color":"","background-image":"","background-repeat":"repeat","background-position":"center center","background-size":"auto","background-attachment":"scroll","background-type":"","background-media":"","overlay-type":"","overlay-color":"","overlay-opacity":"","overlay-gradient":""},"tablet":{"background-color":"","background-image":"","background-repeat":"repeat","background-position":"center center","background-size":"auto","background-attachment":"scroll","background-type":"","background-media":"","overlay-type":"","overlay-color":"","overlay-opacity":"","overlay-gradient":""},"mobile":{"background-color":"","background-image":"","background-repeat":"repeat","background-position":"center center","background-size":"auto","background-attachment":"scroll","background-type":"","background-media":"","overlay-type":"","overlay-color":"","overlay-opacity":"","overlay-gradient":""}},"ast-content-background-meta":{"desktop":{"background-color":"var(--ast-global-color-5)","background-image":"","background-repeat":"repeat","background-position":"center center","background-size":"auto","background-attachment":"scroll","background-type":"","background-media":"","overlay-type":"","overlay-color":"","overlay-opacity":"","overlay-gradient":""},"tablet":{"background-color":"var(--ast-global-color-5)","background-image":"","background-repeat":"repeat","background-position":"center center","background-size":"auto","background-attachment":"scroll","background-type":"","background-media":"","overlay-type":"","overlay-color":"","overlay-opacity":"","overlay-gradient":""},"mobile":{"background-color":"var(--ast-global-color-5)","background-image":"","background-repeat":"repeat","background-position":"center center","background-size":"auto","background-attachment":"scroll","background-type":"","background-media":"","overlay-type":"","overlay-color":"","overlay-opacity":"","overlay-gradient":""}}},"product_brand":[],"product_cat":[871],"product_tag":[],"class_list":{"0":"post-9025","1":"product","2":"type-product","3":"status-publish","4":"has-post-thumbnail","6":"product_cat-uzvedimo-spyneles","7":"desktop-align-left","8":"tablet-align-left","9":"mobile-align-left","11":"first","12":"onbackorder","13":"taxable","14":"shipping-taxable","15":"purchasable","16":"product-type-simple"},"yoast_head":"<!-- This site is optimized with the Yoast SEO plugin v27.4 - https:\/\/yoast.com\/product\/yoast-seo-wordpress\/ -->\n<title>U\u017evedimo spynel\u0117 su 2 rakteliais CVA - 1107887 | Gera kaina | Greitas pristatymas | Eska dalys<\/title>\n<meta name=\"description\" content=\"U\u017evedimo spynel\u0117 su 2 rakteliais - 1107887 Tinka: CAT, Ekskavatorius krautuvas, 420D, 420E, 420F, 422E, 422F, 428D, 428E, 428F, 430E, 430F, 432D, 432E, 432F, 434E, 442D, 442E, M313C, M313D, M315C, M315D, M316C, M316D, M318C, M318D, M322C, M322D, M325D, Frontalinis krautuvas, IT14G, IT14G2, IT28G, IT38G, IT38H, IT62G, IT62H, 953C, 953D, 963C, 973C, 973D, Buldozeris, D3G, D3K, D3K2, 906H, 906H2, 907H, 907H2, 908H, 908H2, 910G, 914G, 914G2, 924G, 924GZ, 924H, 924HZ, 928G, 928H, 928HZ, 930G, 938G, 938H, 950, 950B, 950E, 950F, 950G, 950H, 950K, 962H, 972H, 980G, 980H, 988G, Ratinis ekskavatorius, 914K, 910K, M325D, 962G, 966G, 972G, 434F OE numeriai: 1107887, 4678535\" \/>\n<meta name=\"robots\" content=\"index, follow, max-snippet:-1, max-image-preview:large, max-video-preview:-1\" \/>\n<link rel=\"canonical\" href=\"https:\/\/eskadalys.lt\/nl\/product-nl\/contactslot-met-2-sleutels-cva\/\" \/>\n<meta property=\"og:locale\" content=\"nl_NL\" \/>\n<meta property=\"og:type\" content=\"article\" \/>\n<meta property=\"og:title\" content=\"U\u017evedimo spynel\u0117 su 2 rakteliais CVA - 1107887 | Gera kaina | Greitas pristatymas | Eska dalys\" \/>\n<meta property=\"og:description\" content=\"U\u017evedimo spynel\u0117 su 2 rakteliais - 1107887 Tinka: CAT, Ekskavatorius krautuvas, 420D, 420E, 420F, 422E, 422F, 428D, 428E, 428F, 430E, 430F, 432D, 432E, 432F, 434E, 442D, 442E, M313C, M313D, M315C, M315D, M316C, M316D, M318C, M318D, M322C, M322D, M325D, Frontalinis krautuvas, IT14G, IT14G2, IT28G, IT38G, IT38H, IT62G, IT62H, 953C, 953D, 963C, 973C, 973D, Buldozeris, D3G, D3K, D3K2, 906H, 906H2, 907H, 907H2, 908H, 908H2, 910G, 914G, 914G2, 924G, 924GZ, 924H, 924HZ, 928G, 928H, 928HZ, 930G, 938G, 938H, 950, 950B, 950E, 950F, 950G, 950H, 950K, 962H, 972H, 980G, 980H, 988G, Ratinis ekskavatorius, 914K, 910K, M325D, 962G, 966G, 972G, 434F OE numeriai: 1107887, 4678535\" \/>\n<meta property=\"og:url\" content=\"https:\/\/eskadalys.lt\/nl\/product-nl\/contactslot-met-2-sleutels-cva\/\" \/>\n<meta property=\"og:site_name\" content=\"Eska dalys\" \/>\n<meta property=\"article:publisher\" content=\"https:\/\/www.facebook.com\/profile.php?id=61556005720456\" \/>\n<meta property=\"article:modified_time\" content=\"2026-04-22T13:39:53+00:00\" \/>\n<meta property=\"og:image\" content=\"https:\/\/eskadalys.lt\/wp-content\/uploads\/2024\/02\/switch-5-20240121-215214.jpg?v=1714900161\" \/>\n\t<meta property=\"og:image:width\" content=\"1600\" \/>\n\t<meta property=\"og:image:height\" content=\"1663\" \/>\n\t<meta property=\"og:image:type\" content=\"image\/jpeg\" \/>\n<script type=\"application\/ld+json\" class=\"yoast-schema-graph\">{\"@context\":\"https:\\\/\\\/schema.org\",\"@graph\":[{\"@type\":\"WebPage\",\"@id\":\"https:\\\/\\\/eskadalys.lt\\\/product\\\/uzvedimo-spynele-su-2-rakteliais-cva\\\/\",\"url\":\"https:\\\/\\\/eskadalys.lt\\\/product\\\/uzvedimo-spynele-su-2-rakteliais-cva\\\/\",\"name\":\"U\u017evedimo spynel\u0117 su 2 rakteliais CVA - 1107887 | Gera kaina | Greitas pristatymas | Eska dalys\",\"isPartOf\":{\"@id\":\"https:\\\/\\\/eskadalys.lt\\\/#website\"},\"primaryImageOfPage\":{\"@id\":\"https:\\\/\\\/eskadalys.lt\\\/product\\\/uzvedimo-spynele-su-2-rakteliais-cva\\\/#primaryimage\"},\"image\":{\"@id\":\"https:\\\/\\\/eskadalys.lt\\\/product\\\/uzvedimo-spynele-su-2-rakteliais-cva\\\/#primaryimage\"},\"thumbnailUrl\":\"https:\\\/\\\/eskadalys.lt\\\/wp-content\\\/uploads\\\/2024\\\/02\\\/switch-5-20240121-215214.jpg?v=1714900161\",\"datePublished\":\"2024-02-11T08:54:16+00:00\",\"dateModified\":\"2026-04-22T13:39:53+00:00\",\"description\":\"U\u017evedimo spynel\u0117 su 2 rakteliais - 1107887 Tinka: CAT, Ekskavatorius krautuvas, 420D, 420E, 420F, 422E, 422F, 428D, 428E, 428F, 430E, 430F, 432D, 432E, 432F, 434E, 442D, 442E, M313C, M313D, M315C, M315D, M316C, M316D, M318C, M318D, M322C, M322D, M325D, Frontalinis krautuvas, IT14G, IT14G2, IT28G, IT38G, IT38H, IT62G, IT62H, 953C, 953D, 963C, 973C, 973D, Buldozeris, D3G, D3K, D3K2, 906H, 906H2, 907H, 907H2, 908H, 908H2, 910G, 914G, 914G2, 924G, 924GZ, 924H, 924HZ, 928G, 928H, 928HZ, 930G, 938G, 938H, 950, 950B, 950E, 950F, 950G, 950H, 950K, 962H, 972H, 980G, 980H, 988G, Ratinis ekskavatorius, 914K, 910K, M325D, 962G, 966G, 972G, 434F OE numeriai: 1107887, 4678535\",\"breadcrumb\":{\"@id\":\"https:\\\/\\\/eskadalys.lt\\\/product\\\/uzvedimo-spynele-su-2-rakteliais-cva\\\/#breadcrumb\"},\"inLanguage\":\"nl-NL\",\"potentialAction\":[{\"@type\":\"ReadAction\",\"target\":[\"https:\\\/\\\/eskadalys.lt\\\/product\\\/uzvedimo-spynele-su-2-rakteliais-cva\\\/\"]}]},{\"@type\":\"ImageObject\",\"inLanguage\":\"nl-NL\",\"@id\":\"https:\\\/\\\/eskadalys.lt\\\/product\\\/uzvedimo-spynele-su-2-rakteliais-cva\\\/#primaryimage\",\"url\":\"https:\\\/\\\/eskadalys.lt\\\/wp-content\\\/uploads\\\/2024\\\/02\\\/switch-5-20240121-215214.jpg?v=1714900161\",\"contentUrl\":\"https:\\\/\\\/eskadalys.lt\\\/wp-content\\\/uploads\\\/2024\\\/02\\\/switch-5-20240121-215214.jpg?v=1714900161\",\"width\":1600,\"height\":1663},{\"@type\":\"BreadcrumbList\",\"@id\":\"https:\\\/\\\/eskadalys.lt\\\/product\\\/uzvedimo-spynele-su-2-rakteliais-cva\\\/#breadcrumb\",\"itemListElement\":[{\"@type\":\"ListItem\",\"position\":1,\"name\":\"Strona g\u0142\u00f3wna\",\"item\":\"https:\\\/\\\/eskadalys.lt\\\/\"},{\"@type\":\"ListItem\",\"position\":2,\"name\":\"E-parduotuv\u0117\",\"item\":\"https:\\\/\\\/eskadalys.lt\\\/e-parduotuve\\\/\"},{\"@type\":\"ListItem\",\"position\":3,\"name\":\"U\u017evedimo spynel\u0117 su 2 rakteliais CVA &#8211; 1107887\"}]},{\"@type\":\"WebSite\",\"@id\":\"https:\\\/\\\/eskadalys.lt\\\/#website\",\"url\":\"https:\\\/\\\/eskadalys.lt\\\/\",\"name\":\"Eska dalys\",\"description\":\"Ekskavatori\u0173 \\\/ mini ekskavatori\u0173 \\\/ buldozeri\u0173 dalys\",\"publisher\":{\"@id\":\"https:\\\/\\\/eskadalys.lt\\\/#organization\"},\"potentialAction\":[{\"@type\":\"SearchAction\",\"target\":{\"@type\":\"EntryPoint\",\"urlTemplate\":\"https:\\\/\\\/eskadalys.lt\\\/?s={search_term_string}\"},\"query-input\":{\"@type\":\"PropertyValueSpecification\",\"valueRequired\":true,\"valueName\":\"search_term_string\"}}],\"inLanguage\":\"nl-NL\"},{\"@type\":\"Organization\",\"@id\":\"https:\\\/\\\/eskadalys.lt\\\/#organization\",\"name\":\"Eska dalys\",\"url\":\"https:\\\/\\\/eskadalys.lt\\\/\",\"logo\":{\"@type\":\"ImageObject\",\"inLanguage\":\"nl-NL\",\"@id\":\"https:\\\/\\\/eskadalys.lt\\\/#\\\/schema\\\/logo\\\/image\\\/\",\"url\":\"https:\\\/\\\/eskadalys.lt\\\/wp-content\\\/uploads\\\/2024\\\/01\\\/LOGO-ESKA-FINAL.svg\",\"contentUrl\":\"https:\\\/\\\/eskadalys.lt\\\/wp-content\\\/uploads\\\/2024\\\/01\\\/LOGO-ESKA-FINAL.svg\",\"width\":259,\"height\":201,\"caption\":\"Eska dalys\"},\"image\":{\"@id\":\"https:\\\/\\\/eskadalys.lt\\\/#\\\/schema\\\/logo\\\/image\\\/\"},\"sameAs\":[\"https:\\\/\\\/www.facebook.com\\\/profile.php?id=61556005720456\"]}]}<\/script>\n<!-- \/ Yoast SEO plugin. -->","yoast_head_json":{"title":"Contactslot met 2 sleutels CVA - 1107887 | Goede prijs | Snelle levering | Eska onderdelen","description":"Contactschakelaar met 2 sleutels - 1107887 Geschikt voor: CAT, Graafmachine, 420D, 420E, 420F, 422E, 422F, 428D, 428E, 428F, 430E, 430F, 432D, 432E, 432F, 434E, 442D, 442E, M313C, M313D, M315C, M315D, M316C, M316D, M318C, M318D, M322C, M322D, M325D, Wiellader, IT14G, IT14G2, IT28G, IT38G, IT38H, IT62G, IT62H, 953C, 953D, 963C, 973C, 973D, Bulldozer, D3G, D3K, D3K2, 906H, 906H2, 907H, 907H2, 908H, 908H2, 910G, 914G, 914G2, 924G, 924GZ, 924H, 924HZ, 928G, 928H, 928HZ, 930G, 938G, 938H, 950, 950B, 950E, 950F, 950G, 950H, 950K, 962H, 972H, 980G, 980H, 988G, Wielgraafmachine, 914K, 910K, M325D, 962G, 966G, 972G, 434F OE-nummers: 1107887, 4678535","robots":{"index":"index","follow":"follow","max-snippet":"max-snippet:-1","max-image-preview":"max-image-preview:large","max-video-preview":"max-video-preview:-1"},"canonical":"https:\/\/eskadalys.lt\/nl\/product-nl\/contactslot-met-2-sleutels-cva\/","og_locale":"nl_NL","og_type":"article","og_title":"U\u017evedimo spynel\u0117 su 2 rakteliais CVA - 1107887 | Gera kaina | Greitas pristatymas | Eska dalys","og_description":"U\u017evedimo spynel\u0117 su 2 rakteliais - 1107887 Tinka: CAT, Ekskavatorius krautuvas, 420D, 420E, 420F, 422E, 422F, 428D, 428E, 428F, 430E, 430F, 432D, 432E, 432F, 434E, 442D, 442E, M313C, M313D, M315C, M315D, M316C, M316D, M318C, M318D, M322C, M322D, M325D, Frontalinis krautuvas, IT14G, IT14G2, IT28G, IT38G, IT38H, IT62G, IT62H, 953C, 953D, 963C, 973C, 973D, Buldozeris, D3G, D3K, D3K2, 906H, 906H2, 907H, 907H2, 908H, 908H2, 910G, 914G, 914G2, 924G, 924GZ, 924H, 924HZ, 928G, 928H, 928HZ, 930G, 938G, 938H, 950, 950B, 950E, 950F, 950G, 950H, 950K, 962H, 972H, 980G, 980H, 988G, Ratinis ekskavatorius, 914K, 910K, M325D, 962G, 966G, 972G, 434F OE numeriai: 1107887, 4678535","og_url":"https:\/\/eskadalys.lt\/nl\/product-nl\/contactslot-met-2-sleutels-cva\/","og_site_name":"Eska dalys","article_publisher":"https:\/\/www.facebook.com\/profile.php?id=61556005720456","article_modified_time":"2026-04-22T13:39:53+00:00","og_image":[{"width":1600,"height":1663,"url":"https:\/\/eskadalys.lt\/wp-content\/uploads\/2024\/02\/switch-5-20240121-215214.jpg?v=1714900161","type":"image\/jpeg"}],"schema":{"@context":"https:\/\/schema.org","@graph":[{"@type":"WebPage","@id":"https:\/\/eskadalys.lt\/product\/uzvedimo-spynele-su-2-rakteliais-cva\/","url":"https:\/\/eskadalys.lt\/product\/uzvedimo-spynele-su-2-rakteliais-cva\/","name":"Contactslot met 2 sleutels CVA - 1107887 | Goede prijs | Snelle levering | Eska onderdelen","isPartOf":{"@id":"https:\/\/eskadalys.lt\/#website"},"primaryImageOfPage":{"@id":"https:\/\/eskadalys.lt\/product\/uzvedimo-spynele-su-2-rakteliais-cva\/#primaryimage"},"image":{"@id":"https:\/\/eskadalys.lt\/product\/uzvedimo-spynele-su-2-rakteliais-cva\/#primaryimage"},"thumbnailUrl":"https:\/\/eskadalys.lt\/wp-content\/uploads\/2024\/02\/switch-5-20240121-215214.jpg?v=1714900161","datePublished":"2024-02-11T08:54:16+00:00","dateModified":"2026-04-22T13:39:53+00:00","description":"Contactschakelaar met 2 sleutels - 1107887 Geschikt voor: CAT, Graafmachine, 420D, 420E, 420F, 422E, 422F, 428D, 428E, 428F, 430E, 430F, 432D, 432E, 432F, 434E, 442D, 442E, M313C, M313D, M315C, M315D, M316C, M316D, M318C, M318D, M322C, M322D, M325D, Wiellader, IT14G, IT14G2, IT28G, IT38G, IT38H, IT62G, IT62H, 953C, 953D, 963C, 973C, 973D, Bulldozer, D3G, D3K, D3K2, 906H, 906H2, 907H, 907H2, 908H, 908H2, 910G, 914G, 914G2, 924G, 924GZ, 924H, 924HZ, 928G, 928H, 928HZ, 930G, 938G, 938H, 950, 950B, 950E, 950F, 950G, 950H, 950K, 962H, 972H, 980G, 980H, 988G, Wielgraafmachine, 914K, 910K, M325D, 962G, 966G, 972G, 434F OE-nummers: 1107887, 4678535","breadcrumb":{"@id":"https:\/\/eskadalys.lt\/product\/uzvedimo-spynele-su-2-rakteliais-cva\/#breadcrumb"},"inLanguage":"nl-NL","potentialAction":[{"@type":"ReadAction","target":["https:\/\/eskadalys.lt\/product\/uzvedimo-spynele-su-2-rakteliais-cva\/"]}]},{"@type":"ImageObject","inLanguage":"nl-NL","@id":"https:\/\/eskadalys.lt\/product\/uzvedimo-spynele-su-2-rakteliais-cva\/#primaryimage","url":"https:\/\/eskadalys.lt\/wp-content\/uploads\/2024\/02\/switch-5-20240121-215214.jpg?v=1714900161","contentUrl":"https:\/\/eskadalys.lt\/wp-content\/uploads\/2024\/02\/switch-5-20240121-215214.jpg?v=1714900161","width":1600,"height":1663},{"@type":"BreadcrumbList","@id":"https:\/\/eskadalys.lt\/product\/uzvedimo-spynele-su-2-rakteliais-cva\/#breadcrumb","itemListElement":[{"@type":"ListItem","position":1,"name":"Strona g\u0142\u00f3wna","item":"https:\/\/eskadalys.lt\/"},{"@type":"ListItem","position":2,"name":"E-parduotuv\u0117","item":"https:\/\/eskadalys.lt\/e-parduotuve\/"},{"@type":"ListItem","position":3,"name":"U\u017evedimo spynel\u0117 su 2 rakteliais CVA &#8211; 1107887"}]},{"@type":"WebSite","@id":"https:\/\/eskadalys.lt\/#website","url":"https:\/\/eskadalys.lt\/","name":"Eska parts","description":"Onderdelen voor graafmachines\/minigraafmachines\/bulldozers","publisher":{"@id":"https:\/\/eskadalys.lt\/#organization"},"potentialAction":[{"@type":"SearchAction","target":{"@type":"EntryPoint","urlTemplate":"https:\/\/eskadalys.lt\/?s={search_term_string}"},"query-input":{"@type":"PropertyValueSpecification","valueRequired":true,"valueName":"search_term_string"}}],"inLanguage":"nl-NL"},{"@type":"Organization","@id":"https:\/\/eskadalys.lt\/#organization","name":"Eska parts","url":"https:\/\/eskadalys.lt\/","logo":{"@type":"ImageObject","inLanguage":"nl-NL","@id":"https:\/\/eskadalys.lt\/#\/schema\/logo\/image\/","url":"https:\/\/eskadalys.lt\/wp-content\/uploads\/2024\/01\/LOGO-ESKA-FINAL.svg","contentUrl":"https:\/\/eskadalys.lt\/wp-content\/uploads\/2024\/01\/LOGO-ESKA-FINAL.svg","width":259,"height":201,"caption":"Eska dalys"},"image":{"@id":"https:\/\/eskadalys.lt\/#\/schema\/logo\/image\/"},"sameAs":["https:\/\/www.facebook.com\/profile.php?id=61556005720456"]}]}},"_links":{"self":[{"href":"https:\/\/eskadalys.lt\/nl\/wp-json\/wp\/v2\/product\/9025","targetHints":{"allow":["GET"]}}],"collection":[{"href":"https:\/\/eskadalys.lt\/nl\/wp-json\/wp\/v2\/product"}],"about":[{"href":"https:\/\/eskadalys.lt\/nl\/wp-json\/wp\/v2\/types\/product"}],"wp:featuredmedia":[{"embeddable":true,"href":"https:\/\/eskadalys.lt\/nl\/wp-json\/wp\/v2\/media\/111154"}],"wp:attachment":[{"href":"https:\/\/eskadalys.lt\/nl\/wp-json\/wp\/v2\/media?parent=9025"}],"wp:term":[{"taxonomy":"product_brand","embeddable":true,"href":"https:\/\/eskadalys.lt\/nl\/wp-json\/wp\/v2\/product_brand?post=9025"},{"taxonomy":"product_cat","embeddable":true,"href":"https:\/\/eskadalys.lt\/nl\/wp-json\/wp\/v2\/product_cat?post=9025"},{"taxonomy":"product_tag","embeddable":true,"href":"https:\/\/eskadalys.lt\/nl\/wp-json\/wp\/v2\/product_tag?post=9025"}],"curies":[{"name":"wp","href":"https:\/\/api.w.org\/{rel}","templated":true}]}}