{"id":8835,"date":"2024-02-11T10:40:01","date_gmt":"2024-02-11T08:40:01","guid":{"rendered":"https:\/\/eskadalys.lt\/?post_type=product&#038;p=8835"},"modified":"2026-03-26T10:00:39","modified_gmt":"2026-03-26T08:00:39","slug":"zonneschacht-2","status":"publish","type":"product","link":"https:\/\/eskadalys.lt\/nl\/product\/saules-velenas-2\/","title":{"rendered":"Zonneschacht \u2013 1292712"},"content":{"rendered":"<p><strong>Zonneschacht \u2013 1292712<\/strong><br \/>\nAfmetingen:<br \/>\n Aantal tanden: 14 stuks.<br \/>\nHoogte: 91 mm,<br \/>\n Buitendiameter: 34, 90\/44,20 mm,<br \/>\n<strong>Geschikt voor:<\/strong> CAT, M312, M313C, M315, M315C, M316C, M318<\/p>\n<p>129-2712<\/p>\n<h3>\ud83d\udd0d Op zoek naar een ander product uit de categorie <a href=\"https:\/\/eskadalys.lt\/nl\/productcategorie-nl\/ophangingsonderdelen\/aandrijfassen\/\">Aandrijfassen<\/a> ?<\/h3>\n<h3>\ud83d\udee0\ufe0f Onderdelen voor bouwmachines - je vindt er nog meer <a href=\"https:\/\/eskadalys.lt\/nl\/productcategorie-nl\/ophangingsonderdelen\/\">Ophangingsonderdelen<\/a> in de categorie.<\/h3>\n<p>Als u niet zeker weet of dit onderdeel geschikt is voor uw machine, <strong>Stuur ons het serienummer van uw voertuig (VIN) voordat u tot aankoop overgaat.<\/strong>. We zullen de compatibiliteit controleren met behulp van de catalogi en <strong>wij bieden het juiste onderdeel aan<\/strong>. Kunt u het onderdeel dat u nodig hebt niet vinden? Schrijf ons dan. Wij helpen u het te vinden!<\/p>\n<p><strong>\ud83d\udce6 Magazijn in Litouwen<\/strong> \u2013 Bestellingen geplaatst v\u00f3\u00f3r 14:00 uur worden dezelfde dag verzonden.<\/p>\n<p><strong>\ud83d\ude80 Snelle levering<\/strong> \u2013 Bestelde goederen die wij op dat moment niet op voorraad hebben, worden binnen 3-4 werkdagen geleverd.<\/p>\n<p><strong>\ud83d\udcc8 Breed assortiment<\/strong> \u2013 Wij breiden ons productaanbod voortdurend uit.<\/p>","protected":false},"excerpt":{"rendered":"<p>1292712<\/p>","protected":false},"featured_media":110661,"template":"","meta":{"site-sidebar-layout":"default","site-content-layout":"","ast-site-content-layout":"default","site-content-style":"default","site-sidebar-style":"default","ast-global-header-display":"","ast-banner-title-visibility":"","ast-main-header-display":"","ast-hfb-above-header-display":"","ast-hfb-below-header-display":"","ast-hfb-mobile-header-display":"","site-post-title":"","ast-breadcrumbs-content":"","ast-featured-img":"","footer-sml-layout":"","ast-disable-related-posts":"","theme-transparent-header-meta":"","adv-header-id-meta":"","stick-header-meta":"","header-above-stick-meta":"","header-main-stick-meta":"","header-below-stick-meta":"","astra-migrate-meta-layouts":"default","ast-page-background-enabled":"default","ast-page-background-meta":{"desktop":{"background-color":"","background-image":"","background-repeat":"repeat","background-position":"center center","background-size":"auto","background-attachment":"scroll","background-type":"","background-media":"","overlay-type":"","overlay-color":"","overlay-opacity":"","overlay-gradient":""},"tablet":{"background-color":"","background-image":"","background-repeat":"repeat","background-position":"center center","background-size":"auto","background-attachment":"scroll","background-type":"","background-media":"","overlay-type":"","overlay-color":"","overlay-opacity":"","overlay-gradient":""},"mobile":{"background-color":"","background-image":"","background-repeat":"repeat","background-position":"center center","background-size":"auto","background-attachment":"scroll","background-type":"","background-media":"","overlay-type":"","overlay-color":"","overlay-opacity":"","overlay-gradient":""}},"ast-content-background-meta":{"desktop":{"background-color":"var(--ast-global-color-5)","background-image":"","background-repeat":"repeat","background-position":"center center","background-size":"auto","background-attachment":"scroll","background-type":"","background-media":"","overlay-type":"","overlay-color":"","overlay-opacity":"","overlay-gradient":""},"tablet":{"background-color":"var(--ast-global-color-5)","background-image":"","background-repeat":"repeat","background-position":"center center","background-size":"auto","background-attachment":"scroll","background-type":"","background-media":"","overlay-type":"","overlay-color":"","overlay-opacity":"","overlay-gradient":""},"mobile":{"background-color":"var(--ast-global-color-5)","background-image":"","background-repeat":"repeat","background-position":"center center","background-size":"auto","background-attachment":"scroll","background-type":"","background-media":"","overlay-type":"","overlay-color":"","overlay-opacity":"","overlay-gradient":""}}},"product_brand":[],"product_cat":[865],"product_tag":[48707],"class_list":{"0":"post-8835","1":"product","2":"type-product","3":"status-publish","4":"has-post-thumbnail","6":"product_cat-varantieji-pusasiai","7":"product_tag-cat-m312-m313c-m315-m315c-m316c-m318","8":"desktop-align-left","9":"tablet-align-left","10":"mobile-align-left","12":"first","13":"onbackorder","14":"taxable","15":"shipping-taxable","16":"purchasable","17":"product-type-simple"},"yoast_head":"<!-- This site is optimized with the Yoast SEO plugin v27.3 - https:\/\/yoast.com\/product\/yoast-seo-wordpress\/ -->\n<title>Saul\u0117s velenas - 1292712 | Gera kaina | Greitas pristatymas | Eska dalys<\/title>\n<meta name=\"description\" content=\"Saul\u0117s velenas - 1292712 Matmenys: Dant\u0173 skai\u010dius:\u00a014 vnt. Auk\u0161tis:\u00a091 mm, I\u0161orinis skersmuo:\u00a034, 90\/44.20 mm, Tinka: CAT, M312, M313C, M315, M315C, M316C, M318\" \/>\n<meta name=\"robots\" content=\"index, follow, max-snippet:-1, max-image-preview:large, max-video-preview:-1\" \/>\n<link rel=\"canonical\" href=\"https:\/\/eskadalys.lt\/nl\/product-nl\/zonneschacht-2\/\" \/>\n<meta property=\"og:locale\" content=\"nl_NL\" \/>\n<meta property=\"og:type\" content=\"article\" \/>\n<meta property=\"og:title\" content=\"Saul\u0117s velenas - 1292712 | Gera kaina | Greitas pristatymas | Eska dalys\" \/>\n<meta property=\"og:description\" content=\"Saul\u0117s velenas - 1292712 Matmenys: Dant\u0173 skai\u010dius:\u00a014 vnt. Auk\u0161tis:\u00a091 mm, I\u0161orinis skersmuo:\u00a034, 90\/44.20 mm, Tinka: CAT, M312, M313C, M315, M315C, M316C, M318\" \/>\n<meta property=\"og:url\" content=\"https:\/\/eskadalys.lt\/nl\/product-nl\/zonneschacht-2\/\" \/>\n<meta property=\"og:site_name\" content=\"Eska dalys\" \/>\n<meta property=\"article:publisher\" content=\"https:\/\/www.facebook.com\/profile.php?id=61556005720456\" \/>\n<meta property=\"article:modified_time\" content=\"2026-03-26T08:00:39+00:00\" \/>\n<meta property=\"og:image\" content=\"https:\/\/eskadalys.lt\/wp-content\/uploads\/2024\/02\/gear-ring-20240121-213438.jpg?v=1714901293\" \/>\n\t<meta property=\"og:image:width\" content=\"1600\" \/>\n\t<meta property=\"og:image:height\" content=\"1280\" \/>\n\t<meta property=\"og:image:type\" content=\"image\/jpeg\" \/>\n<script type=\"application\/ld+json\" class=\"yoast-schema-graph\">{\"@context\":\"https:\\\/\\\/schema.org\",\"@graph\":[{\"@type\":\"WebPage\",\"@id\":\"https:\\\/\\\/eskadalys.lt\\\/product\\\/saules-velenas-2\\\/\",\"url\":\"https:\\\/\\\/eskadalys.lt\\\/product\\\/saules-velenas-2\\\/\",\"name\":\"Saul\u0117s velenas - 1292712 | Gera kaina | Greitas pristatymas | Eska dalys\",\"isPartOf\":{\"@id\":\"https:\\\/\\\/eskadalys.lt\\\/#website\"},\"primaryImageOfPage\":{\"@id\":\"https:\\\/\\\/eskadalys.lt\\\/product\\\/saules-velenas-2\\\/#primaryimage\"},\"image\":{\"@id\":\"https:\\\/\\\/eskadalys.lt\\\/product\\\/saules-velenas-2\\\/#primaryimage\"},\"thumbnailUrl\":\"https:\\\/\\\/eskadalys.lt\\\/wp-content\\\/uploads\\\/2024\\\/02\\\/gear-ring-20240121-213438.jpg?v=1714901293\",\"datePublished\":\"2024-02-11T08:40:01+00:00\",\"dateModified\":\"2026-03-26T08:00:39+00:00\",\"description\":\"Saul\u0117s velenas - 1292712 Matmenys: Dant\u0173 skai\u010dius:\u00a014 vnt. Auk\u0161tis:\u00a091 mm, I\u0161orinis skersmuo:\u00a034, 90\\\/44.20 mm, Tinka: CAT, M312, M313C, M315, M315C, M316C, M318\",\"breadcrumb\":{\"@id\":\"https:\\\/\\\/eskadalys.lt\\\/product\\\/saules-velenas-2\\\/#breadcrumb\"},\"inLanguage\":\"nl-NL\",\"potentialAction\":[{\"@type\":\"ReadAction\",\"target\":[\"https:\\\/\\\/eskadalys.lt\\\/product\\\/saules-velenas-2\\\/\"]}]},{\"@type\":\"ImageObject\",\"inLanguage\":\"nl-NL\",\"@id\":\"https:\\\/\\\/eskadalys.lt\\\/product\\\/saules-velenas-2\\\/#primaryimage\",\"url\":\"https:\\\/\\\/eskadalys.lt\\\/wp-content\\\/uploads\\\/2024\\\/02\\\/gear-ring-20240121-213438.jpg?v=1714901293\",\"contentUrl\":\"https:\\\/\\\/eskadalys.lt\\\/wp-content\\\/uploads\\\/2024\\\/02\\\/gear-ring-20240121-213438.jpg?v=1714901293\",\"width\":1600,\"height\":1280},{\"@type\":\"BreadcrumbList\",\"@id\":\"https:\\\/\\\/eskadalys.lt\\\/product\\\/saules-velenas-2\\\/#breadcrumb\",\"itemListElement\":[{\"@type\":\"ListItem\",\"position\":1,\"name\":\"Strona g\u0142\u00f3wna\",\"item\":\"https:\\\/\\\/eskadalys.lt\\\/\"},{\"@type\":\"ListItem\",\"position\":2,\"name\":\"E-parduotuv\u0117\",\"item\":\"https:\\\/\\\/eskadalys.lt\\\/e-parduotuve\\\/\"},{\"@type\":\"ListItem\",\"position\":3,\"name\":\"Saul\u0117s velenas &#8211; 1292712\"}]},{\"@type\":\"WebSite\",\"@id\":\"https:\\\/\\\/eskadalys.lt\\\/#website\",\"url\":\"https:\\\/\\\/eskadalys.lt\\\/\",\"name\":\"Eska dalys\",\"description\":\"Ekskavatori\u0173 \\\/ mini ekskavatori\u0173 \\\/ buldozeri\u0173 dalys\",\"publisher\":{\"@id\":\"https:\\\/\\\/eskadalys.lt\\\/#organization\"},\"potentialAction\":[{\"@type\":\"SearchAction\",\"target\":{\"@type\":\"EntryPoint\",\"urlTemplate\":\"https:\\\/\\\/eskadalys.lt\\\/?s={search_term_string}\"},\"query-input\":{\"@type\":\"PropertyValueSpecification\",\"valueRequired\":true,\"valueName\":\"search_term_string\"}}],\"inLanguage\":\"nl-NL\"},{\"@type\":\"Organization\",\"@id\":\"https:\\\/\\\/eskadalys.lt\\\/#organization\",\"name\":\"Eska dalys\",\"url\":\"https:\\\/\\\/eskadalys.lt\\\/\",\"logo\":{\"@type\":\"ImageObject\",\"inLanguage\":\"nl-NL\",\"@id\":\"https:\\\/\\\/eskadalys.lt\\\/#\\\/schema\\\/logo\\\/image\\\/\",\"url\":\"https:\\\/\\\/eskadalys.lt\\\/wp-content\\\/uploads\\\/2024\\\/01\\\/LOGO-ESKA-FINAL.svg\",\"contentUrl\":\"https:\\\/\\\/eskadalys.lt\\\/wp-content\\\/uploads\\\/2024\\\/01\\\/LOGO-ESKA-FINAL.svg\",\"width\":259,\"height\":201,\"caption\":\"Eska dalys\"},\"image\":{\"@id\":\"https:\\\/\\\/eskadalys.lt\\\/#\\\/schema\\\/logo\\\/image\\\/\"},\"sameAs\":[\"https:\\\/\\\/www.facebook.com\\\/profile.php?id=61556005720456\"]}]}<\/script>\n<!-- \/ Yoast SEO plugin. -->","yoast_head_json":{"title":"Zonneas - 1292712 | Goede prijs | Snelle levering | Eska onderdelen","description":"Zonneas - 1292712 Afmetingen: Aantal tanden: 14 stuks. Hoogte: 91 mm, Buitendiameter: 34,90\/44,20 mm, Geschikt voor: CAT, M312, M313C, M315, M315C, M316C, M318","robots":{"index":"index","follow":"follow","max-snippet":"max-snippet:-1","max-image-preview":"max-image-preview:large","max-video-preview":"max-video-preview:-1"},"canonical":"https:\/\/eskadalys.lt\/nl\/product-nl\/zonneschacht-2\/","og_locale":"nl_NL","og_type":"article","og_title":"Saul\u0117s velenas - 1292712 | Gera kaina | Greitas pristatymas | Eska dalys","og_description":"Saul\u0117s velenas - 1292712 Matmenys: Dant\u0173 skai\u010dius:\u00a014 vnt. Auk\u0161tis:\u00a091 mm, I\u0161orinis skersmuo:\u00a034, 90\/44.20 mm, Tinka: CAT, M312, M313C, M315, M315C, M316C, M318","og_url":"https:\/\/eskadalys.lt\/nl\/product-nl\/zonneschacht-2\/","og_site_name":"Eska dalys","article_publisher":"https:\/\/www.facebook.com\/profile.php?id=61556005720456","article_modified_time":"2026-03-26T08:00:39+00:00","og_image":[{"width":1600,"height":1280,"url":"https:\/\/eskadalys.lt\/wp-content\/uploads\/2024\/02\/gear-ring-20240121-213438.jpg?v=1714901293","type":"image\/jpeg"}],"schema":{"@context":"https:\/\/schema.org","@graph":[{"@type":"WebPage","@id":"https:\/\/eskadalys.lt\/product\/saules-velenas-2\/","url":"https:\/\/eskadalys.lt\/product\/saules-velenas-2\/","name":"Zonneas - 1292712 | Goede prijs | Snelle levering | Eska onderdelen","isPartOf":{"@id":"https:\/\/eskadalys.lt\/#website"},"primaryImageOfPage":{"@id":"https:\/\/eskadalys.lt\/product\/saules-velenas-2\/#primaryimage"},"image":{"@id":"https:\/\/eskadalys.lt\/product\/saules-velenas-2\/#primaryimage"},"thumbnailUrl":"https:\/\/eskadalys.lt\/wp-content\/uploads\/2024\/02\/gear-ring-20240121-213438.jpg?v=1714901293","datePublished":"2024-02-11T08:40:01+00:00","dateModified":"2026-03-26T08:00:39+00:00","description":"Zonneas - 1292712 Afmetingen: Aantal tanden: 14 stuks. Hoogte: 91 mm, Buitendiameter: 34,90\/44,20 mm, Geschikt voor: CAT, M312, M313C, M315, M315C, M316C, M318","breadcrumb":{"@id":"https:\/\/eskadalys.lt\/product\/saules-velenas-2\/#breadcrumb"},"inLanguage":"nl-NL","potentialAction":[{"@type":"ReadAction","target":["https:\/\/eskadalys.lt\/product\/saules-velenas-2\/"]}]},{"@type":"ImageObject","inLanguage":"nl-NL","@id":"https:\/\/eskadalys.lt\/product\/saules-velenas-2\/#primaryimage","url":"https:\/\/eskadalys.lt\/wp-content\/uploads\/2024\/02\/gear-ring-20240121-213438.jpg?v=1714901293","contentUrl":"https:\/\/eskadalys.lt\/wp-content\/uploads\/2024\/02\/gear-ring-20240121-213438.jpg?v=1714901293","width":1600,"height":1280},{"@type":"BreadcrumbList","@id":"https:\/\/eskadalys.lt\/product\/saules-velenas-2\/#breadcrumb","itemListElement":[{"@type":"ListItem","position":1,"name":"Strona g\u0142\u00f3wna","item":"https:\/\/eskadalys.lt\/"},{"@type":"ListItem","position":2,"name":"E-parduotuv\u0117","item":"https:\/\/eskadalys.lt\/e-parduotuve\/"},{"@type":"ListItem","position":3,"name":"Saul\u0117s velenas &#8211; 1292712"}]},{"@type":"WebSite","@id":"https:\/\/eskadalys.lt\/#website","url":"https:\/\/eskadalys.lt\/","name":"Eska parts","description":"Onderdelen voor graafmachines\/minigraafmachines\/bulldozers","publisher":{"@id":"https:\/\/eskadalys.lt\/#organization"},"potentialAction":[{"@type":"SearchAction","target":{"@type":"EntryPoint","urlTemplate":"https:\/\/eskadalys.lt\/?s={search_term_string}"},"query-input":{"@type":"PropertyValueSpecification","valueRequired":true,"valueName":"search_term_string"}}],"inLanguage":"nl-NL"},{"@type":"Organization","@id":"https:\/\/eskadalys.lt\/#organization","name":"Eska parts","url":"https:\/\/eskadalys.lt\/","logo":{"@type":"ImageObject","inLanguage":"nl-NL","@id":"https:\/\/eskadalys.lt\/#\/schema\/logo\/image\/","url":"https:\/\/eskadalys.lt\/wp-content\/uploads\/2024\/01\/LOGO-ESKA-FINAL.svg","contentUrl":"https:\/\/eskadalys.lt\/wp-content\/uploads\/2024\/01\/LOGO-ESKA-FINAL.svg","width":259,"height":201,"caption":"Eska dalys"},"image":{"@id":"https:\/\/eskadalys.lt\/#\/schema\/logo\/image\/"},"sameAs":["https:\/\/www.facebook.com\/profile.php?id=61556005720456"]}]}},"_links":{"self":[{"href":"https:\/\/eskadalys.lt\/nl\/wp-json\/wp\/v2\/product\/8835","targetHints":{"allow":["GET"]}}],"collection":[{"href":"https:\/\/eskadalys.lt\/nl\/wp-json\/wp\/v2\/product"}],"about":[{"href":"https:\/\/eskadalys.lt\/nl\/wp-json\/wp\/v2\/types\/product"}],"wp:featuredmedia":[{"embeddable":true,"href":"https:\/\/eskadalys.lt\/nl\/wp-json\/wp\/v2\/media\/110661"}],"wp:attachment":[{"href":"https:\/\/eskadalys.lt\/nl\/wp-json\/wp\/v2\/media?parent=8835"}],"wp:term":[{"taxonomy":"product_brand","embeddable":true,"href":"https:\/\/eskadalys.lt\/nl\/wp-json\/wp\/v2\/product_brand?post=8835"},{"taxonomy":"product_cat","embeddable":true,"href":"https:\/\/eskadalys.lt\/nl\/wp-json\/wp\/v2\/product_cat?post=8835"},{"taxonomy":"product_tag","embeddable":true,"href":"https:\/\/eskadalys.lt\/nl\/wp-json\/wp\/v2\/product_tag?post=8835"}],"curies":[{"name":"wp","href":"https:\/\/api.w.org\/{rel}","templated":true}]}}