{"id":8121,"date":"2024-02-11T09:54:19","date_gmt":"2024-02-11T07:54:19","guid":{"rendered":"https:\/\/eskadalys.lt\/?post_type=product&#038;p=8121"},"modified":"2026-04-12T08:22:16","modified_gmt":"2026-04-12T05:22:16","slug":"pakking-tussenbak-3","status":"publish","type":"product","link":"https:\/\/eskadalys.lt\/nl\/product\/paskirstymo-dezes-tarpiklis-3\/","title":{"rendered":"Pakking voor verdeelkast \u2013 2258287"},"content":{"rendered":"<p><strong>Pakking voor verdeelkast \u2013 2258287<\/strong><br \/>\nGeschikt voor: CAT, graafmachine, 414E, 416D, 416E, 416F, 420D, 420E, 420F, 422E, 422F, 424D, 428, 428B, 428D, 428E, 428F, 430D, 430E, 430F, 432D, 432E, 432F, 442D, 442E, 444E, motor, 3054, verreikers, TH220B, TH330B, TH340B, TH350B, TH355B \/ , TL943, TL1055, TL1255C<\/p>\n<p>Als u niet zeker weet of een onderdeel geschikt is voor uw voertuig, neem dan contact met ons op voordat u tot aankoop overgaat. <strong>Stuur ons het voertuigserienummer (VIN)<\/strong> en wij controleren aan de hand van de catalogi of het door u gekozen onderdeel geschikt is voor uw voertuig\/<strong>wij bieden het juiste onderdeel aan<\/strong>. Als u het onderdeel dat u zoekt niet kunt vinden, neem dan contact met ons op. Wij sturen u dan het onderdeel dat u nodig hebt.<\/p>\n<p><strong>Magazijn in Litouwen<\/strong> \u2013 Alle artikelen die op voorraad zijn en v\u00f3\u00f3r 14.00 uur worden besteld, worden dezelfde dag nog verzonden.<br \/>\n<strong>Snelle levering<\/strong>\u2013 Pre-order artikelen die we momenteel niet op voorraad hebben, worden binnen 3-4 werkdagen geleverd.<br \/>\n<strong>Breed scala<\/strong>\u2013 Wij breiden het productassortiment in ons magazijn voortdurend uit.<\/p>","protected":false},"excerpt":{"rendered":"<p>2258287<\/p>","protected":false},"featured_media":109149,"template":"","meta":{"site-sidebar-layout":"default","site-content-layout":"","ast-site-content-layout":"default","site-content-style":"default","site-sidebar-style":"default","ast-global-header-display":"","ast-banner-title-visibility":"","ast-main-header-display":"","ast-hfb-above-header-display":"","ast-hfb-below-header-display":"","ast-hfb-mobile-header-display":"","site-post-title":"","ast-breadcrumbs-content":"","ast-featured-img":"","footer-sml-layout":"","ast-disable-related-posts":"","theme-transparent-header-meta":"","adv-header-id-meta":"","stick-header-meta":"","header-above-stick-meta":"","header-main-stick-meta":"","header-below-stick-meta":"","astra-migrate-meta-layouts":"default","ast-page-background-enabled":"default","ast-page-background-meta":{"desktop":{"background-color":"","background-image":"","background-repeat":"repeat","background-position":"center center","background-size":"auto","background-attachment":"scroll","background-type":"","background-media":"","overlay-type":"","overlay-color":"","overlay-opacity":"","overlay-gradient":""},"tablet":{"background-color":"","background-image":"","background-repeat":"repeat","background-position":"center center","background-size":"auto","background-attachment":"scroll","background-type":"","background-media":"","overlay-type":"","overlay-color":"","overlay-opacity":"","overlay-gradient":""},"mobile":{"background-color":"","background-image":"","background-repeat":"repeat","background-position":"center center","background-size":"auto","background-attachment":"scroll","background-type":"","background-media":"","overlay-type":"","overlay-color":"","overlay-opacity":"","overlay-gradient":""}},"ast-content-background-meta":{"desktop":{"background-color":"var(--ast-global-color-5)","background-image":"","background-repeat":"repeat","background-position":"center center","background-size":"auto","background-attachment":"scroll","background-type":"","background-media":"","overlay-type":"","overlay-color":"","overlay-opacity":"","overlay-gradient":""},"tablet":{"background-color":"var(--ast-global-color-5)","background-image":"","background-repeat":"repeat","background-position":"center center","background-size":"auto","background-attachment":"scroll","background-type":"","background-media":"","overlay-type":"","overlay-color":"","overlay-opacity":"","overlay-gradient":""},"mobile":{"background-color":"var(--ast-global-color-5)","background-image":"","background-repeat":"repeat","background-position":"center center","background-size":"auto","background-attachment":"scroll","background-type":"","background-media":"","overlay-type":"","overlay-color":"","overlay-opacity":"","overlay-gradient":""}}},"product_brand":[],"product_cat":[782],"product_tag":[],"class_list":{"0":"post-8121","1":"product","2":"type-product","3":"status-publish","4":"has-post-thumbnail","6":"product_cat-rieboksliai-tarpines-ziedai-variklis","7":"desktop-align-left","8":"tablet-align-left","9":"mobile-align-left","11":"first","12":"outofstock","13":"taxable","14":"shipping-taxable","15":"purchasable","16":"product-type-simple"},"yoast_head":"<!-- This site is optimized with the Yoast SEO plugin v27.4 - https:\/\/yoast.com\/product\/yoast-seo-wordpress\/ -->\n<title>Paskirstymo d\u0117\u017e\u0117s tarpiklis - 2258287 | Gera kaina | Greitas pristatymas | Eska dalys<\/title>\n<meta name=\"description\" content=\"Paskirstymo d\u0117\u017e\u0117s tarpiklis - 2258287 Tinka: CAT, Ekskavatorius krautuvas, 414E, 416D, 416E, 416F, 420D, 420E, 420F, 422E, 422F, 424D, 428, 428B, 428D, 428E, 428F, 430D, 430E, 430F, 432D, 432E, 432F, 442D, 442E, 444E, Variklis, 3054, Teleskopiniai krautuvai, TH220B, TH330B, TH340B, TH350B, TH355B \/ , TL943, TL1055, TL1255C\" \/>\n<meta name=\"robots\" content=\"index, follow, max-snippet:-1, max-image-preview:large, max-video-preview:-1\" \/>\n<link rel=\"canonical\" href=\"https:\/\/eskadalys.lt\/nl\/product-nl\/pakking-tussenbak-3\/\" \/>\n<meta property=\"og:locale\" content=\"nl_NL\" \/>\n<meta property=\"og:type\" content=\"article\" \/>\n<meta property=\"og:title\" content=\"Paskirstymo d\u0117\u017e\u0117s tarpiklis - 2258287 | Gera kaina | Greitas pristatymas | Eska dalys\" \/>\n<meta property=\"og:description\" content=\"Paskirstymo d\u0117\u017e\u0117s tarpiklis - 2258287 Tinka: CAT, Ekskavatorius krautuvas, 414E, 416D, 416E, 416F, 420D, 420E, 420F, 422E, 422F, 424D, 428, 428B, 428D, 428E, 428F, 430D, 430E, 430F, 432D, 432E, 432F, 442D, 442E, 444E, Variklis, 3054, Teleskopiniai krautuvai, TH220B, TH330B, TH340B, TH350B, TH355B \/ , TL943, TL1055, TL1255C\" \/>\n<meta property=\"og:url\" content=\"https:\/\/eskadalys.lt\/nl\/product-nl\/pakking-tussenbak-3\/\" \/>\n<meta property=\"og:site_name\" content=\"Eska dalys\" \/>\n<meta property=\"article:publisher\" content=\"https:\/\/www.facebook.com\/profile.php?id=61556005720456\" \/>\n<meta property=\"article:modified_time\" content=\"2026-04-12T05:22:16+00:00\" \/>\n<meta property=\"og:image\" content=\"https:\/\/eskadalys.lt\/wp-content\/uploads\/2024\/02\/seal-3-20240121-203758-scaled-1.jpg?v=1714906268\" \/>\n\t<meta property=\"og:image:width\" content=\"1600\" \/>\n\t<meta property=\"og:image:height\" content=\"1512\" \/>\n\t<meta property=\"og:image:type\" content=\"image\/jpeg\" \/>\n<script type=\"application\/ld+json\" class=\"yoast-schema-graph\">{\"@context\":\"https:\\\/\\\/schema.org\",\"@graph\":[{\"@type\":\"WebPage\",\"@id\":\"https:\\\/\\\/eskadalys.lt\\\/product\\\/paskirstymo-dezes-tarpiklis-3\\\/\",\"url\":\"https:\\\/\\\/eskadalys.lt\\\/product\\\/paskirstymo-dezes-tarpiklis-3\\\/\",\"name\":\"Paskirstymo d\u0117\u017e\u0117s tarpiklis - 2258287 | Gera kaina | Greitas pristatymas | Eska dalys\",\"isPartOf\":{\"@id\":\"https:\\\/\\\/eskadalys.lt\\\/#website\"},\"primaryImageOfPage\":{\"@id\":\"https:\\\/\\\/eskadalys.lt\\\/product\\\/paskirstymo-dezes-tarpiklis-3\\\/#primaryimage\"},\"image\":{\"@id\":\"https:\\\/\\\/eskadalys.lt\\\/product\\\/paskirstymo-dezes-tarpiklis-3\\\/#primaryimage\"},\"thumbnailUrl\":\"https:\\\/\\\/eskadalys.lt\\\/wp-content\\\/uploads\\\/2024\\\/02\\\/seal-3-20240121-203758-scaled-1.jpg?v=1714906268\",\"datePublished\":\"2024-02-11T07:54:19+00:00\",\"dateModified\":\"2026-04-12T05:22:16+00:00\",\"description\":\"Paskirstymo d\u0117\u017e\u0117s tarpiklis - 2258287 Tinka: CAT, Ekskavatorius krautuvas, 414E, 416D, 416E, 416F, 420D, 420E, 420F, 422E, 422F, 424D, 428, 428B, 428D, 428E, 428F, 430D, 430E, 430F, 432D, 432E, 432F, 442D, 442E, 444E, Variklis, 3054, Teleskopiniai krautuvai, TH220B, TH330B, TH340B, TH350B, TH355B \\\/ , TL943, TL1055, TL1255C\",\"breadcrumb\":{\"@id\":\"https:\\\/\\\/eskadalys.lt\\\/product\\\/paskirstymo-dezes-tarpiklis-3\\\/#breadcrumb\"},\"inLanguage\":\"nl-NL\",\"potentialAction\":[{\"@type\":\"ReadAction\",\"target\":[\"https:\\\/\\\/eskadalys.lt\\\/product\\\/paskirstymo-dezes-tarpiklis-3\\\/\"]}]},{\"@type\":\"ImageObject\",\"inLanguage\":\"nl-NL\",\"@id\":\"https:\\\/\\\/eskadalys.lt\\\/product\\\/paskirstymo-dezes-tarpiklis-3\\\/#primaryimage\",\"url\":\"https:\\\/\\\/eskadalys.lt\\\/wp-content\\\/uploads\\\/2024\\\/02\\\/seal-3-20240121-203758-scaled-1.jpg?v=1714906268\",\"contentUrl\":\"https:\\\/\\\/eskadalys.lt\\\/wp-content\\\/uploads\\\/2024\\\/02\\\/seal-3-20240121-203758-scaled-1.jpg?v=1714906268\",\"width\":1600,\"height\":1512},{\"@type\":\"BreadcrumbList\",\"@id\":\"https:\\\/\\\/eskadalys.lt\\\/product\\\/paskirstymo-dezes-tarpiklis-3\\\/#breadcrumb\",\"itemListElement\":[{\"@type\":\"ListItem\",\"position\":1,\"name\":\"Strona g\u0142\u00f3wna\",\"item\":\"https:\\\/\\\/eskadalys.lt\\\/\"},{\"@type\":\"ListItem\",\"position\":2,\"name\":\"E-parduotuv\u0117\",\"item\":\"https:\\\/\\\/eskadalys.lt\\\/e-parduotuve\\\/\"},{\"@type\":\"ListItem\",\"position\":3,\"name\":\"Paskirstymo d\u0117\u017e\u0117s tarpiklis &#8211; 2258287\"}]},{\"@type\":\"WebSite\",\"@id\":\"https:\\\/\\\/eskadalys.lt\\\/#website\",\"url\":\"https:\\\/\\\/eskadalys.lt\\\/\",\"name\":\"Eska dalys\",\"description\":\"Ekskavatori\u0173 \\\/ mini ekskavatori\u0173 \\\/ buldozeri\u0173 dalys\",\"publisher\":{\"@id\":\"https:\\\/\\\/eskadalys.lt\\\/#organization\"},\"potentialAction\":[{\"@type\":\"SearchAction\",\"target\":{\"@type\":\"EntryPoint\",\"urlTemplate\":\"https:\\\/\\\/eskadalys.lt\\\/?s={search_term_string}\"},\"query-input\":{\"@type\":\"PropertyValueSpecification\",\"valueRequired\":true,\"valueName\":\"search_term_string\"}}],\"inLanguage\":\"nl-NL\"},{\"@type\":\"Organization\",\"@id\":\"https:\\\/\\\/eskadalys.lt\\\/#organization\",\"name\":\"Eska dalys\",\"url\":\"https:\\\/\\\/eskadalys.lt\\\/\",\"logo\":{\"@type\":\"ImageObject\",\"inLanguage\":\"nl-NL\",\"@id\":\"https:\\\/\\\/eskadalys.lt\\\/#\\\/schema\\\/logo\\\/image\\\/\",\"url\":\"https:\\\/\\\/eskadalys.lt\\\/wp-content\\\/uploads\\\/2024\\\/01\\\/LOGO-ESKA-FINAL.svg\",\"contentUrl\":\"https:\\\/\\\/eskadalys.lt\\\/wp-content\\\/uploads\\\/2024\\\/01\\\/LOGO-ESKA-FINAL.svg\",\"width\":259,\"height\":201,\"caption\":\"Eska dalys\"},\"image\":{\"@id\":\"https:\\\/\\\/eskadalys.lt\\\/#\\\/schema\\\/logo\\\/image\\\/\"},\"sameAs\":[\"https:\\\/\\\/www.facebook.com\\\/profile.php?id=61556005720456\"]}]}<\/script>\n<!-- \/ Yoast SEO plugin. -->","yoast_head_json":{"title":"Pakking tussenbak - 2258287 | Goede prijs | Snelle levering | Eska onderdelen","description":"Pakking tussenbak - 2258287 Geschikt voor: CAT, graafmachine, 414E, 416D, 416E, 416F, 420D, 420E, 420F, 422E, 422F, 424D, 428, 428B, 428D, 428E, 428F, 430D, 430E, 430F, 432D, 432E, 432F, 442D, 442E, 444E, motor, 3054, verreikers, TH220B, TH330B, TH340B, TH350B, TH355B \/ , TL943, TL1055, TL1255C","robots":{"index":"index","follow":"follow","max-snippet":"max-snippet:-1","max-image-preview":"max-image-preview:large","max-video-preview":"max-video-preview:-1"},"canonical":"https:\/\/eskadalys.lt\/nl\/product-nl\/pakking-tussenbak-3\/","og_locale":"nl_NL","og_type":"article","og_title":"Paskirstymo d\u0117\u017e\u0117s tarpiklis - 2258287 | Gera kaina | Greitas pristatymas | Eska dalys","og_description":"Paskirstymo d\u0117\u017e\u0117s tarpiklis - 2258287 Tinka: CAT, Ekskavatorius krautuvas, 414E, 416D, 416E, 416F, 420D, 420E, 420F, 422E, 422F, 424D, 428, 428B, 428D, 428E, 428F, 430D, 430E, 430F, 432D, 432E, 432F, 442D, 442E, 444E, Variklis, 3054, Teleskopiniai krautuvai, TH220B, TH330B, TH340B, TH350B, TH355B \/ , TL943, TL1055, TL1255C","og_url":"https:\/\/eskadalys.lt\/nl\/product-nl\/pakking-tussenbak-3\/","og_site_name":"Eska dalys","article_publisher":"https:\/\/www.facebook.com\/profile.php?id=61556005720456","article_modified_time":"2026-04-12T05:22:16+00:00","og_image":[{"width":1600,"height":1512,"url":"https:\/\/eskadalys.lt\/wp-content\/uploads\/2024\/02\/seal-3-20240121-203758-scaled-1.jpg?v=1714906268","type":"image\/jpeg"}],"schema":{"@context":"https:\/\/schema.org","@graph":[{"@type":"WebPage","@id":"https:\/\/eskadalys.lt\/product\/paskirstymo-dezes-tarpiklis-3\/","url":"https:\/\/eskadalys.lt\/product\/paskirstymo-dezes-tarpiklis-3\/","name":"Pakking tussenbak - 2258287 | Goede prijs | Snelle levering | Eska onderdelen","isPartOf":{"@id":"https:\/\/eskadalys.lt\/#website"},"primaryImageOfPage":{"@id":"https:\/\/eskadalys.lt\/product\/paskirstymo-dezes-tarpiklis-3\/#primaryimage"},"image":{"@id":"https:\/\/eskadalys.lt\/product\/paskirstymo-dezes-tarpiklis-3\/#primaryimage"},"thumbnailUrl":"https:\/\/eskadalys.lt\/wp-content\/uploads\/2024\/02\/seal-3-20240121-203758-scaled-1.jpg?v=1714906268","datePublished":"2024-02-11T07:54:19+00:00","dateModified":"2026-04-12T05:22:16+00:00","description":"Pakking tussenbak - 2258287 Geschikt voor: CAT, graafmachine, 414E, 416D, 416E, 416F, 420D, 420E, 420F, 422E, 422F, 424D, 428, 428B, 428D, 428E, 428F, 430D, 430E, 430F, 432D, 432E, 432F, 442D, 442E, 444E, motor, 3054, verreikers, TH220B, TH330B, TH340B, TH350B, TH355B \/ , TL943, TL1055, TL1255C","breadcrumb":{"@id":"https:\/\/eskadalys.lt\/product\/paskirstymo-dezes-tarpiklis-3\/#breadcrumb"},"inLanguage":"nl-NL","potentialAction":[{"@type":"ReadAction","target":["https:\/\/eskadalys.lt\/product\/paskirstymo-dezes-tarpiklis-3\/"]}]},{"@type":"ImageObject","inLanguage":"nl-NL","@id":"https:\/\/eskadalys.lt\/product\/paskirstymo-dezes-tarpiklis-3\/#primaryimage","url":"https:\/\/eskadalys.lt\/wp-content\/uploads\/2024\/02\/seal-3-20240121-203758-scaled-1.jpg?v=1714906268","contentUrl":"https:\/\/eskadalys.lt\/wp-content\/uploads\/2024\/02\/seal-3-20240121-203758-scaled-1.jpg?v=1714906268","width":1600,"height":1512},{"@type":"BreadcrumbList","@id":"https:\/\/eskadalys.lt\/product\/paskirstymo-dezes-tarpiklis-3\/#breadcrumb","itemListElement":[{"@type":"ListItem","position":1,"name":"Strona g\u0142\u00f3wna","item":"https:\/\/eskadalys.lt\/"},{"@type":"ListItem","position":2,"name":"E-parduotuv\u0117","item":"https:\/\/eskadalys.lt\/e-parduotuve\/"},{"@type":"ListItem","position":3,"name":"Paskirstymo d\u0117\u017e\u0117s tarpiklis &#8211; 2258287"}]},{"@type":"WebSite","@id":"https:\/\/eskadalys.lt\/#website","url":"https:\/\/eskadalys.lt\/","name":"Eska parts","description":"Onderdelen voor graafmachines\/minigraafmachines\/bulldozers","publisher":{"@id":"https:\/\/eskadalys.lt\/#organization"},"potentialAction":[{"@type":"SearchAction","target":{"@type":"EntryPoint","urlTemplate":"https:\/\/eskadalys.lt\/?s={search_term_string}"},"query-input":{"@type":"PropertyValueSpecification","valueRequired":true,"valueName":"search_term_string"}}],"inLanguage":"nl-NL"},{"@type":"Organization","@id":"https:\/\/eskadalys.lt\/#organization","name":"Eska parts","url":"https:\/\/eskadalys.lt\/","logo":{"@type":"ImageObject","inLanguage":"nl-NL","@id":"https:\/\/eskadalys.lt\/#\/schema\/logo\/image\/","url":"https:\/\/eskadalys.lt\/wp-content\/uploads\/2024\/01\/LOGO-ESKA-FINAL.svg","contentUrl":"https:\/\/eskadalys.lt\/wp-content\/uploads\/2024\/01\/LOGO-ESKA-FINAL.svg","width":259,"height":201,"caption":"Eska dalys"},"image":{"@id":"https:\/\/eskadalys.lt\/#\/schema\/logo\/image\/"},"sameAs":["https:\/\/www.facebook.com\/profile.php?id=61556005720456"]}]}},"_links":{"self":[{"href":"https:\/\/eskadalys.lt\/nl\/wp-json\/wp\/v2\/product\/8121","targetHints":{"allow":["GET"]}}],"collection":[{"href":"https:\/\/eskadalys.lt\/nl\/wp-json\/wp\/v2\/product"}],"about":[{"href":"https:\/\/eskadalys.lt\/nl\/wp-json\/wp\/v2\/types\/product"}],"wp:featuredmedia":[{"embeddable":true,"href":"https:\/\/eskadalys.lt\/nl\/wp-json\/wp\/v2\/media\/109149"}],"wp:attachment":[{"href":"https:\/\/eskadalys.lt\/nl\/wp-json\/wp\/v2\/media?parent=8121"}],"wp:term":[{"taxonomy":"product_brand","embeddable":true,"href":"https:\/\/eskadalys.lt\/nl\/wp-json\/wp\/v2\/product_brand?post=8121"},{"taxonomy":"product_cat","embeddable":true,"href":"https:\/\/eskadalys.lt\/nl\/wp-json\/wp\/v2\/product_cat?post=8121"},{"taxonomy":"product_tag","embeddable":true,"href":"https:\/\/eskadalys.lt\/nl\/wp-json\/wp\/v2\/product_tag?post=8121"}],"curies":[{"name":"wp","href":"https:\/\/api.w.org\/{rel}","templated":true}]}}