{"id":6978,"date":"2024-02-11T07:56:50","date_gmt":"2024-02-11T05:56:50","guid":{"rendered":"https:\/\/eskadalys.lt\/?post_type=product&#038;p=6978"},"modified":"2026-04-12T08:21:01","modified_gmt":"2026-04-12T05:21:01","slug":"tussenremschijf-cva-17","status":"publish","type":"product","link":"https:\/\/eskadalys.lt\/nl\/product\/tarpinis-stabdziu-diskas-cva-17\/","title":{"rendered":"Remschijf CVA \u2013 1337234"},"content":{"rendered":"<p><strong>Remschijf CVA \u2013 1337234<\/strong><br \/>\nAfmetingen:<br \/>\nBuitendiameter: 203 mm, Binnendiameter: 60 mm,<br \/>\n<strong>Geschikt voor:<\/strong> CAT, Graafmachine met laadbak, 416B, 416C, 416D, 420D, 424D, 426C, 428B, 428C, 428D, 430D, 432D, 436C, 438C, 438D, 442D<br \/>\n<strong>OE-nummers::<\/strong> 1337234, 2399956, 47123297, 87305713, 2304017<br \/>\n133-7234<\/p>\n<h3>\ud83d\udd0d Op zoek naar een ander product uit de categorie <a href=\"https:\/\/eskadalys.lt\/nl\/productcategorie-nl\/remsystemen\/remschijven-tussenremschijven\/\">Remschijven \/ Tussenremschijven<\/a> ?<\/h3>\n<h3>\ud83d\udee0\ufe0f CAT-onderdelen \u2013 je kunt er meer van vinden <a href=\"https:\/\/eskadalys.lt\/nl\/productcategorie-nl\/remsystemen\/\">Remsystemen<\/a> in de categorie.<\/h3>\n<p>Als u niet zeker weet of dit onderdeel geschikt is voor uw machine, <strong>Stuur ons het serienummer van uw voertuig (VIN) voordat u tot aankoop overgaat.<\/strong>. We zullen de compatibiliteit controleren met behulp van de catalogi en <strong>wij bieden het juiste onderdeel aan<\/strong>. Kunt u het onderdeel dat u nodig hebt niet vinden? Schrijf ons dan. Wij helpen u het te vinden!<\/p>\n<p><strong>\ud83d\udce6 Magazijn in Litouwen<\/strong> \u2013 Bestellingen geplaatst v\u00f3\u00f3r 14:00 uur worden dezelfde dag verzonden.<\/p>\n<p><strong>\ud83d\ude80 Snelle levering<\/strong> \u2013 Bestelde goederen die wij op dat moment niet op voorraad hebben, worden binnen 3-4 werkdagen geleverd.<\/p>\n<p><strong>\ud83d\udcc8 Breed assortiment<\/strong> \u2013 Wij breiden ons productaanbod voortdurend uit.<\/p>","protected":false},"excerpt":{"rendered":"<p>1337234 CVA<\/p>","protected":false},"featured_media":106851,"template":"","meta":{"site-sidebar-layout":"default","site-content-layout":"","ast-site-content-layout":"default","site-content-style":"default","site-sidebar-style":"default","ast-global-header-display":"","ast-banner-title-visibility":"","ast-main-header-display":"","ast-hfb-above-header-display":"","ast-hfb-below-header-display":"","ast-hfb-mobile-header-display":"","site-post-title":"","ast-breadcrumbs-content":"","ast-featured-img":"","footer-sml-layout":"","ast-disable-related-posts":"","theme-transparent-header-meta":"default","adv-header-id-meta":"","stick-header-meta":"","header-above-stick-meta":"","header-main-stick-meta":"","header-below-stick-meta":"","astra-migrate-meta-layouts":"set","ast-page-background-enabled":"default","ast-page-background-meta":{"desktop":{"background-color":"","background-image":"","background-repeat":"repeat","background-position":"center center","background-size":"auto","background-attachment":"scroll","background-type":"","background-media":"","overlay-type":"","overlay-color":"","overlay-opacity":"","overlay-gradient":""},"tablet":{"background-color":"","background-image":"","background-repeat":"repeat","background-position":"center center","background-size":"auto","background-attachment":"scroll","background-type":"","background-media":"","overlay-type":"","overlay-color":"","overlay-opacity":"","overlay-gradient":""},"mobile":{"background-color":"","background-image":"","background-repeat":"repeat","background-position":"center center","background-size":"auto","background-attachment":"scroll","background-type":"","background-media":"","overlay-type":"","overlay-color":"","overlay-opacity":"","overlay-gradient":""}},"ast-content-background-meta":{"desktop":{"background-color":"var(--ast-global-color-5)","background-image":"","background-repeat":"repeat","background-position":"center center","background-size":"auto","background-attachment":"scroll","background-type":"","background-media":"","overlay-type":"","overlay-color":"","overlay-opacity":"","overlay-gradient":""},"tablet":{"background-color":"var(--ast-global-color-5)","background-image":"","background-repeat":"repeat","background-position":"center center","background-size":"auto","background-attachment":"scroll","background-type":"","background-media":"","overlay-type":"","overlay-color":"","overlay-opacity":"","overlay-gradient":""},"mobile":{"background-color":"var(--ast-global-color-5)","background-image":"","background-repeat":"repeat","background-position":"center center","background-size":"auto","background-attachment":"scroll","background-type":"","background-media":"","overlay-type":"","overlay-color":"","overlay-opacity":"","overlay-gradient":""}}},"product_brand":[],"product_cat":[822],"product_tag":[49815,49819,49816,49772,49560,49561,49563,49528,49530,49531,49470,49461,49532,49463,49534,49536,49537,49538,49817,49818,43030,47753],"class_list":{"0":"post-6978","1":"product","2":"type-product","3":"status-publish","4":"has-post-thumbnail","6":"product_cat-stabdziu-diskai-tarpiniai-stabdziu-diskai","7":"product_tag-49815","8":"product_tag-49819","9":"product_tag-49816","10":"product_tag-416b","11":"product_tag-416c","12":"product_tag-416d","13":"product_tag-420d","14":"product_tag-424d","15":"product_tag-426c","16":"product_tag-428b","17":"product_tag-428c","18":"product_tag-428d","19":"product_tag-430d","20":"product_tag-432d","21":"product_tag-436c","22":"product_tag-438c","23":"product_tag-438d","24":"product_tag-442d","25":"product_tag-49817","26":"product_tag-49818","27":"product_tag-cat","28":"product_tag-ekskavatorius-krautuvas","29":"desktop-align-left","30":"tablet-align-left","31":"mobile-align-left","33":"first","34":"onbackorder","35":"taxable","36":"shipping-taxable","37":"purchasable","38":"product-type-simple"},"yoast_head":"<!-- This site is optimized with the Yoast SEO plugin v27.3 - https:\/\/yoast.com\/product\/yoast-seo-wordpress\/ -->\n<title>Stabd\u017ei\u0173 diskas CVA - 1337234 | Gera kaina | Greitas pristatymas | Eska dalys<\/title>\n<meta name=\"description\" content=\"Stabd\u017ei\u0173 diskas - 1337234 Matmenys : I\u0161orinis skersmuo: 203 mm, Vidinis skersmuo: 60 mm, Tinka: CAT, Ekskavatorius krautuvas, 416B, 416C, 416D, 420D, 424D, 426C, 428B, 428C, 428D, 430D, 432D, 436C, 438C, 438D, 442D OE numeriai: 1337234, 2399956, 47123297, 87305713, 2304017\" \/>\n<meta name=\"robots\" content=\"index, follow, max-snippet:-1, max-image-preview:large, max-video-preview:-1\" \/>\n<link rel=\"canonical\" href=\"https:\/\/eskadalys.lt\/nl\/product-nl\/tussenremschijf-cva-17\/\" \/>\n<meta property=\"og:locale\" content=\"nl_NL\" \/>\n<meta property=\"og:type\" content=\"article\" \/>\n<meta property=\"og:title\" content=\"Stabd\u017ei\u0173 diskas CVA - 1337234 | Gera kaina | Greitas pristatymas | Eska dalys\" \/>\n<meta property=\"og:description\" content=\"Stabd\u017ei\u0173 diskas - 1337234 Matmenys : I\u0161orinis skersmuo: 203 mm, Vidinis skersmuo: 60 mm, Tinka: CAT, Ekskavatorius krautuvas, 416B, 416C, 416D, 420D, 424D, 426C, 428B, 428C, 428D, 430D, 432D, 436C, 438C, 438D, 442D OE numeriai: 1337234, 2399956, 47123297, 87305713, 2304017\" \/>\n<meta property=\"og:url\" content=\"https:\/\/eskadalys.lt\/nl\/product-nl\/tussenremschijf-cva-17\/\" \/>\n<meta property=\"og:site_name\" content=\"Eska dalys\" \/>\n<meta property=\"article:publisher\" content=\"https:\/\/www.facebook.com\/profile.php?id=61556005720456\" \/>\n<meta property=\"article:modified_time\" content=\"2026-04-12T05:21:01+00:00\" \/>\n<meta property=\"og:image\" content=\"https:\/\/eskadalys.lt\/wp-content\/uploads\/2024\/02\/plate-20240121-191253-scaled-1.jpg?v=1714911769\" \/>\n\t<meta property=\"og:image:width\" content=\"1600\" \/>\n\t<meta property=\"og:image:height\" content=\"1155\" \/>\n\t<meta property=\"og:image:type\" content=\"image\/jpeg\" \/>\n<script type=\"application\/ld+json\" class=\"yoast-schema-graph\">{\"@context\":\"https:\\\/\\\/schema.org\",\"@graph\":[{\"@type\":\"WebPage\",\"@id\":\"https:\\\/\\\/eskadalys.lt\\\/product\\\/tarpinis-stabdziu-diskas-cva-17\\\/\",\"url\":\"https:\\\/\\\/eskadalys.lt\\\/product\\\/tarpinis-stabdziu-diskas-cva-17\\\/\",\"name\":\"Stabd\u017ei\u0173 diskas CVA - 1337234 | Gera kaina | Greitas pristatymas | Eska dalys\",\"isPartOf\":{\"@id\":\"https:\\\/\\\/eskadalys.lt\\\/#website\"},\"primaryImageOfPage\":{\"@id\":\"https:\\\/\\\/eskadalys.lt\\\/product\\\/tarpinis-stabdziu-diskas-cva-17\\\/#primaryimage\"},\"image\":{\"@id\":\"https:\\\/\\\/eskadalys.lt\\\/product\\\/tarpinis-stabdziu-diskas-cva-17\\\/#primaryimage\"},\"thumbnailUrl\":\"https:\\\/\\\/eskadalys.lt\\\/wp-content\\\/uploads\\\/2024\\\/02\\\/plate-20240121-191253-scaled-1.jpg?v=1714911769\",\"datePublished\":\"2024-02-11T05:56:50+00:00\",\"dateModified\":\"2026-04-12T05:21:01+00:00\",\"description\":\"Stabd\u017ei\u0173 diskas - 1337234 Matmenys : I\u0161orinis skersmuo: 203 mm, Vidinis skersmuo: 60 mm, Tinka: CAT, Ekskavatorius krautuvas, 416B, 416C, 416D, 420D, 424D, 426C, 428B, 428C, 428D, 430D, 432D, 436C, 438C, 438D, 442D OE numeriai: 1337234, 2399956, 47123297, 87305713, 2304017\",\"breadcrumb\":{\"@id\":\"https:\\\/\\\/eskadalys.lt\\\/product\\\/tarpinis-stabdziu-diskas-cva-17\\\/#breadcrumb\"},\"inLanguage\":\"nl-NL\",\"potentialAction\":[{\"@type\":\"ReadAction\",\"target\":[\"https:\\\/\\\/eskadalys.lt\\\/product\\\/tarpinis-stabdziu-diskas-cva-17\\\/\"]}]},{\"@type\":\"ImageObject\",\"inLanguage\":\"nl-NL\",\"@id\":\"https:\\\/\\\/eskadalys.lt\\\/product\\\/tarpinis-stabdziu-diskas-cva-17\\\/#primaryimage\",\"url\":\"https:\\\/\\\/eskadalys.lt\\\/wp-content\\\/uploads\\\/2024\\\/02\\\/plate-20240121-191253-scaled-1.jpg?v=1714911769\",\"contentUrl\":\"https:\\\/\\\/eskadalys.lt\\\/wp-content\\\/uploads\\\/2024\\\/02\\\/plate-20240121-191253-scaled-1.jpg?v=1714911769\",\"width\":1600,\"height\":1155},{\"@type\":\"BreadcrumbList\",\"@id\":\"https:\\\/\\\/eskadalys.lt\\\/product\\\/tarpinis-stabdziu-diskas-cva-17\\\/#breadcrumb\",\"itemListElement\":[{\"@type\":\"ListItem\",\"position\":1,\"name\":\"Strona g\u0142\u00f3wna\",\"item\":\"https:\\\/\\\/eskadalys.lt\\\/\"},{\"@type\":\"ListItem\",\"position\":2,\"name\":\"E-parduotuv\u0117\",\"item\":\"https:\\\/\\\/eskadalys.lt\\\/e-parduotuve\\\/\"},{\"@type\":\"ListItem\",\"position\":3,\"name\":\"Stabd\u017ei\u0173 diskas CVA &#8211; 1337234\"}]},{\"@type\":\"WebSite\",\"@id\":\"https:\\\/\\\/eskadalys.lt\\\/#website\",\"url\":\"https:\\\/\\\/eskadalys.lt\\\/\",\"name\":\"Eska dalys\",\"description\":\"Ekskavatori\u0173 \\\/ mini ekskavatori\u0173 \\\/ buldozeri\u0173 dalys\",\"publisher\":{\"@id\":\"https:\\\/\\\/eskadalys.lt\\\/#organization\"},\"potentialAction\":[{\"@type\":\"SearchAction\",\"target\":{\"@type\":\"EntryPoint\",\"urlTemplate\":\"https:\\\/\\\/eskadalys.lt\\\/?s={search_term_string}\"},\"query-input\":{\"@type\":\"PropertyValueSpecification\",\"valueRequired\":true,\"valueName\":\"search_term_string\"}}],\"inLanguage\":\"nl-NL\"},{\"@type\":\"Organization\",\"@id\":\"https:\\\/\\\/eskadalys.lt\\\/#organization\",\"name\":\"Eska dalys\",\"url\":\"https:\\\/\\\/eskadalys.lt\\\/\",\"logo\":{\"@type\":\"ImageObject\",\"inLanguage\":\"nl-NL\",\"@id\":\"https:\\\/\\\/eskadalys.lt\\\/#\\\/schema\\\/logo\\\/image\\\/\",\"url\":\"https:\\\/\\\/eskadalys.lt\\\/wp-content\\\/uploads\\\/2024\\\/01\\\/LOGO-ESKA-FINAL.svg\",\"contentUrl\":\"https:\\\/\\\/eskadalys.lt\\\/wp-content\\\/uploads\\\/2024\\\/01\\\/LOGO-ESKA-FINAL.svg\",\"width\":259,\"height\":201,\"caption\":\"Eska dalys\"},\"image\":{\"@id\":\"https:\\\/\\\/eskadalys.lt\\\/#\\\/schema\\\/logo\\\/image\\\/\"},\"sameAs\":[\"https:\\\/\\\/www.facebook.com\\\/profile.php?id=61556005720456\"]}]}<\/script>\n<!-- \/ Yoast SEO plugin. -->","yoast_head_json":{"title":"Remschijf CVA - 1337234 | Goede prijs | Snelle levering | Eska onderdelen","description":"Remschijf - 1337234 Afmetingen: Buitendiameter: 203 mm, Binnendiameter: 60 mm, Geschikt voor: CAT, Graafmachine, 416B, 416C, 416D, 420D, 424D, 426C, 428B, 428C, 428D, 430D, 432D, 436C, 438C, 438D, 442D OE-nummers: 1337234, 2399956, 47123297, 87305713, 2304017","robots":{"index":"index","follow":"follow","max-snippet":"max-snippet:-1","max-image-preview":"max-image-preview:large","max-video-preview":"max-video-preview:-1"},"canonical":"https:\/\/eskadalys.lt\/nl\/product-nl\/tussenremschijf-cva-17\/","og_locale":"nl_NL","og_type":"article","og_title":"Stabd\u017ei\u0173 diskas CVA - 1337234 | Gera kaina | Greitas pristatymas | Eska dalys","og_description":"Stabd\u017ei\u0173 diskas - 1337234 Matmenys : I\u0161orinis skersmuo: 203 mm, Vidinis skersmuo: 60 mm, Tinka: CAT, Ekskavatorius krautuvas, 416B, 416C, 416D, 420D, 424D, 426C, 428B, 428C, 428D, 430D, 432D, 436C, 438C, 438D, 442D OE numeriai: 1337234, 2399956, 47123297, 87305713, 2304017","og_url":"https:\/\/eskadalys.lt\/nl\/product-nl\/tussenremschijf-cva-17\/","og_site_name":"Eska dalys","article_publisher":"https:\/\/www.facebook.com\/profile.php?id=61556005720456","article_modified_time":"2026-04-12T05:21:01+00:00","og_image":[{"width":1600,"height":1155,"url":"https:\/\/eskadalys.lt\/wp-content\/uploads\/2024\/02\/plate-20240121-191253-scaled-1.jpg?v=1714911769","type":"image\/jpeg"}],"schema":{"@context":"https:\/\/schema.org","@graph":[{"@type":"WebPage","@id":"https:\/\/eskadalys.lt\/product\/tarpinis-stabdziu-diskas-cva-17\/","url":"https:\/\/eskadalys.lt\/product\/tarpinis-stabdziu-diskas-cva-17\/","name":"Remschijf CVA - 1337234 | Goede prijs | Snelle levering | Eska onderdelen","isPartOf":{"@id":"https:\/\/eskadalys.lt\/#website"},"primaryImageOfPage":{"@id":"https:\/\/eskadalys.lt\/product\/tarpinis-stabdziu-diskas-cva-17\/#primaryimage"},"image":{"@id":"https:\/\/eskadalys.lt\/product\/tarpinis-stabdziu-diskas-cva-17\/#primaryimage"},"thumbnailUrl":"https:\/\/eskadalys.lt\/wp-content\/uploads\/2024\/02\/plate-20240121-191253-scaled-1.jpg?v=1714911769","datePublished":"2024-02-11T05:56:50+00:00","dateModified":"2026-04-12T05:21:01+00:00","description":"Remschijf - 1337234 Afmetingen: Buitendiameter: 203 mm, Binnendiameter: 60 mm, Geschikt voor: CAT, Graafmachine, 416B, 416C, 416D, 420D, 424D, 426C, 428B, 428C, 428D, 430D, 432D, 436C, 438C, 438D, 442D OE-nummers: 1337234, 2399956, 47123297, 87305713, 2304017","breadcrumb":{"@id":"https:\/\/eskadalys.lt\/product\/tarpinis-stabdziu-diskas-cva-17\/#breadcrumb"},"inLanguage":"nl-NL","potentialAction":[{"@type":"ReadAction","target":["https:\/\/eskadalys.lt\/product\/tarpinis-stabdziu-diskas-cva-17\/"]}]},{"@type":"ImageObject","inLanguage":"nl-NL","@id":"https:\/\/eskadalys.lt\/product\/tarpinis-stabdziu-diskas-cva-17\/#primaryimage","url":"https:\/\/eskadalys.lt\/wp-content\/uploads\/2024\/02\/plate-20240121-191253-scaled-1.jpg?v=1714911769","contentUrl":"https:\/\/eskadalys.lt\/wp-content\/uploads\/2024\/02\/plate-20240121-191253-scaled-1.jpg?v=1714911769","width":1600,"height":1155},{"@type":"BreadcrumbList","@id":"https:\/\/eskadalys.lt\/product\/tarpinis-stabdziu-diskas-cva-17\/#breadcrumb","itemListElement":[{"@type":"ListItem","position":1,"name":"Strona g\u0142\u00f3wna","item":"https:\/\/eskadalys.lt\/"},{"@type":"ListItem","position":2,"name":"E-parduotuv\u0117","item":"https:\/\/eskadalys.lt\/e-parduotuve\/"},{"@type":"ListItem","position":3,"name":"Stabd\u017ei\u0173 diskas CVA &#8211; 1337234"}]},{"@type":"WebSite","@id":"https:\/\/eskadalys.lt\/#website","url":"https:\/\/eskadalys.lt\/","name":"Eska parts","description":"Onderdelen voor graafmachines\/minigraafmachines\/bulldozers","publisher":{"@id":"https:\/\/eskadalys.lt\/#organization"},"potentialAction":[{"@type":"SearchAction","target":{"@type":"EntryPoint","urlTemplate":"https:\/\/eskadalys.lt\/?s={search_term_string}"},"query-input":{"@type":"PropertyValueSpecification","valueRequired":true,"valueName":"search_term_string"}}],"inLanguage":"nl-NL"},{"@type":"Organization","@id":"https:\/\/eskadalys.lt\/#organization","name":"Eska parts","url":"https:\/\/eskadalys.lt\/","logo":{"@type":"ImageObject","inLanguage":"nl-NL","@id":"https:\/\/eskadalys.lt\/#\/schema\/logo\/image\/","url":"https:\/\/eskadalys.lt\/wp-content\/uploads\/2024\/01\/LOGO-ESKA-FINAL.svg","contentUrl":"https:\/\/eskadalys.lt\/wp-content\/uploads\/2024\/01\/LOGO-ESKA-FINAL.svg","width":259,"height":201,"caption":"Eska dalys"},"image":{"@id":"https:\/\/eskadalys.lt\/#\/schema\/logo\/image\/"},"sameAs":["https:\/\/www.facebook.com\/profile.php?id=61556005720456"]}]}},"_links":{"self":[{"href":"https:\/\/eskadalys.lt\/nl\/wp-json\/wp\/v2\/product\/6978","targetHints":{"allow":["GET"]}}],"collection":[{"href":"https:\/\/eskadalys.lt\/nl\/wp-json\/wp\/v2\/product"}],"about":[{"href":"https:\/\/eskadalys.lt\/nl\/wp-json\/wp\/v2\/types\/product"}],"wp:featuredmedia":[{"embeddable":true,"href":"https:\/\/eskadalys.lt\/nl\/wp-json\/wp\/v2\/media\/106851"}],"wp:attachment":[{"href":"https:\/\/eskadalys.lt\/nl\/wp-json\/wp\/v2\/media?parent=6978"}],"wp:term":[{"taxonomy":"product_brand","embeddable":true,"href":"https:\/\/eskadalys.lt\/nl\/wp-json\/wp\/v2\/product_brand?post=6978"},{"taxonomy":"product_cat","embeddable":true,"href":"https:\/\/eskadalys.lt\/nl\/wp-json\/wp\/v2\/product_cat?post=6978"},{"taxonomy":"product_tag","embeddable":true,"href":"https:\/\/eskadalys.lt\/nl\/wp-json\/wp\/v2\/product_tag?post=6978"}],"curies":[{"name":"wp","href":"https:\/\/api.w.org\/{rel}","templated":true}]}}