{"id":4247,"date":"2024-02-11T04:26:07","date_gmt":"2024-02-11T02:26:07","guid":{"rendered":"https:\/\/eskadalys.lt\/?post_type=product&#038;p=4247"},"modified":"2026-03-26T09:54:45","modified_gmt":"2026-03-26T07:54:45","slug":"intermediaire-cva-12","status":"publish","type":"product","link":"https:\/\/eskadalys.lt\/nl\/product\/tarpine-cva-12\/","title":{"rendered":"Pakking CVA \u2013 3007933"},"content":{"rendered":"<p><strong>Pakking CVA \u2013 3007933<\/strong><br \/>\n<strong>Geschikt voor:<\/strong> CAT, Graafmachine met laadbak, Motor, 3116, 3126B, C7, Rupsgraafmachine, 320C, 320D, 325C, 325D, 329D, Bulldozer, D5M, D5N, D6M, D6N \/ , 444F, 434F<\/p>\n<p>300-7933<\/p>\n<h3>\ud83d\udd0d Op zoek naar een ander product uit de categorie <a href=\"https:\/\/eskadalys.lt\/nl\/productcategorie-nl\/motoronderdelen\/oliekeerringen-motor\/\">Oliekeerringen, pakkingen, ringen<\/a> ?<\/h3>\n<h3>\ud83d\udee0\ufe0f CAT-onderdelen \u2013 je kunt er meer van vinden <a href=\"https:\/\/eskadalys.lt\/nl\/productcategorie-nl\/motoronderdelen\/\">Motoronderdelen<\/a> in de categorie.<\/h3>\n<p>Als u niet zeker weet of dit onderdeel geschikt is voor uw machine, <strong>Stuur ons het serienummer van uw voertuig (VIN) voordat u tot aankoop overgaat.<\/strong>. We zullen de compatibiliteit controleren met behulp van de catalogi en <strong>wij bieden het juiste onderdeel aan<\/strong>. Kunt u het onderdeel dat u nodig hebt niet vinden? Schrijf ons dan. Wij helpen u het te vinden!<\/p>\n<p><strong>\ud83d\udce6 Magazijn in Litouwen<\/strong> \u2013 Bestellingen geplaatst v\u00f3\u00f3r 14:00 uur worden dezelfde dag verzonden.<\/p>\n<p><strong>\ud83d\ude80 Snelle levering<\/strong> \u2013 Bestelde goederen die wij op dat moment niet op voorraad hebben, worden binnen 3-4 werkdagen geleverd.<\/p>\n<p><strong>\ud83d\udcc8 Breed assortiment<\/strong> \u2013 Wij breiden ons productaanbod voortdurend uit.<\/p>","protected":false},"excerpt":{"rendered":"<p>3007933 CVA<\/p>","protected":false},"featured_media":100902,"template":"","meta":{"site-sidebar-layout":"default","site-content-layout":"","ast-site-content-layout":"default","site-content-style":"default","site-sidebar-style":"default","ast-global-header-display":"","ast-banner-title-visibility":"","ast-main-header-display":"","ast-hfb-above-header-display":"","ast-hfb-below-header-display":"","ast-hfb-mobile-header-display":"","site-post-title":"","ast-breadcrumbs-content":"","ast-featured-img":"","footer-sml-layout":"","ast-disable-related-posts":"","theme-transparent-header-meta":"","adv-header-id-meta":"","stick-header-meta":"","header-above-stick-meta":"","header-main-stick-meta":"","header-below-stick-meta":"","astra-migrate-meta-layouts":"default","ast-page-background-enabled":"default","ast-page-background-meta":{"desktop":{"background-color":"","background-image":"","background-repeat":"repeat","background-position":"center center","background-size":"auto","background-attachment":"scroll","background-type":"","background-media":"","overlay-type":"","overlay-color":"","overlay-opacity":"","overlay-gradient":""},"tablet":{"background-color":"","background-image":"","background-repeat":"repeat","background-position":"center center","background-size":"auto","background-attachment":"scroll","background-type":"","background-media":"","overlay-type":"","overlay-color":"","overlay-opacity":"","overlay-gradient":""},"mobile":{"background-color":"","background-image":"","background-repeat":"repeat","background-position":"center center","background-size":"auto","background-attachment":"scroll","background-type":"","background-media":"","overlay-type":"","overlay-color":"","overlay-opacity":"","overlay-gradient":""}},"ast-content-background-meta":{"desktop":{"background-color":"var(--ast-global-color-5)","background-image":"","background-repeat":"repeat","background-position":"center center","background-size":"auto","background-attachment":"scroll","background-type":"","background-media":"","overlay-type":"","overlay-color":"","overlay-opacity":"","overlay-gradient":""},"tablet":{"background-color":"var(--ast-global-color-5)","background-image":"","background-repeat":"repeat","background-position":"center center","background-size":"auto","background-attachment":"scroll","background-type":"","background-media":"","overlay-type":"","overlay-color":"","overlay-opacity":"","overlay-gradient":""},"mobile":{"background-color":"var(--ast-global-color-5)","background-image":"","background-repeat":"repeat","background-position":"center center","background-size":"auto","background-attachment":"scroll","background-type":"","background-media":"","overlay-type":"","overlay-color":"","overlay-opacity":"","overlay-gradient":""}}},"product_brand":[],"product_cat":[782],"product_tag":[45824],"class_list":{"0":"post-4247","1":"product","2":"type-product","3":"status-publish","4":"has-post-thumbnail","6":"product_cat-rieboksliai-tarpines-ziedai-variklis","7":"product_tag-cat-ekskavatorius-krautuvas-variklis-3116-3126b-c7-viksrinis-ekskavatorius-320c-320d-325c-325d-329d-buldozeris-d5m-d5n-d6m-d6n-444f-434f","8":"desktop-align-left","9":"tablet-align-left","10":"mobile-align-left","12":"first","13":"onbackorder","14":"taxable","15":"shipping-taxable","16":"purchasable","17":"product-type-simple"},"yoast_head":"<!-- This site is optimized with the Yoast SEO plugin v27.3 - https:\/\/yoast.com\/product\/yoast-seo-wordpress\/ -->\n<title>Tarpin\u0117 CVA - 3007933 | Gera kaina | Greitas pristatymas | Eska dalys<\/title>\n<meta name=\"description\" content=\"Tarpin\u0117 - 3007933 Tinka: CAT, Ekskavatorius krautuvas, Variklis, 3116, 3126B, C7, Vik\u0161rinis ekskavatorius, 320C, 320D, 325C, 325D, 329D, Buldozeris, D5M, D5N, D6M, D6N \/ , 444F, 434F\" \/>\n<meta name=\"robots\" content=\"index, follow, max-snippet:-1, max-image-preview:large, max-video-preview:-1\" \/>\n<link rel=\"canonical\" href=\"https:\/\/eskadalys.lt\/nl\/product-nl\/intermediaire-cva-12\/\" \/>\n<meta property=\"og:locale\" content=\"nl_NL\" \/>\n<meta property=\"og:type\" content=\"article\" \/>\n<meta property=\"og:title\" content=\"Tarpin\u0117 CVA - 3007933 | Gera kaina | Greitas pristatymas | Eska dalys\" \/>\n<meta property=\"og:description\" content=\"Tarpin\u0117 - 3007933 Tinka: CAT, Ekskavatorius krautuvas, Variklis, 3116, 3126B, C7, Vik\u0161rinis ekskavatorius, 320C, 320D, 325C, 325D, 329D, Buldozeris, D5M, D5N, D6M, D6N \/ , 444F, 434F\" \/>\n<meta property=\"og:url\" content=\"https:\/\/eskadalys.lt\/nl\/product-nl\/intermediaire-cva-12\/\" \/>\n<meta property=\"og:site_name\" content=\"Eska dalys\" \/>\n<meta property=\"article:publisher\" content=\"https:\/\/www.facebook.com\/profile.php?id=61556005720456\" \/>\n<meta property=\"article:modified_time\" content=\"2026-03-26T07:54:45+00:00\" \/>\n<meta property=\"og:image\" content=\"https:\/\/eskadalys.lt\/wp-content\/uploads\/2024\/02\/gasket-cva-2-20240121-154810-scaled-1.jpg?v=1714930205\" \/>\n\t<meta property=\"og:image:width\" content=\"1600\" \/>\n\t<meta property=\"og:image:height\" content=\"1040\" \/>\n\t<meta property=\"og:image:type\" content=\"image\/jpeg\" \/>\n<script type=\"application\/ld+json\" class=\"yoast-schema-graph\">{\"@context\":\"https:\\\/\\\/schema.org\",\"@graph\":[{\"@type\":\"WebPage\",\"@id\":\"https:\\\/\\\/eskadalys.lt\\\/product\\\/tarpine-cva-12\\\/\",\"url\":\"https:\\\/\\\/eskadalys.lt\\\/product\\\/tarpine-cva-12\\\/\",\"name\":\"Tarpin\u0117 CVA - 3007933 | Gera kaina | Greitas pristatymas | Eska dalys\",\"isPartOf\":{\"@id\":\"https:\\\/\\\/eskadalys.lt\\\/#website\"},\"primaryImageOfPage\":{\"@id\":\"https:\\\/\\\/eskadalys.lt\\\/product\\\/tarpine-cva-12\\\/#primaryimage\"},\"image\":{\"@id\":\"https:\\\/\\\/eskadalys.lt\\\/product\\\/tarpine-cva-12\\\/#primaryimage\"},\"thumbnailUrl\":\"https:\\\/\\\/eskadalys.lt\\\/wp-content\\\/uploads\\\/2024\\\/02\\\/gasket-cva-2-20240121-154810-scaled-1.jpg?v=1714930205\",\"datePublished\":\"2024-02-11T02:26:07+00:00\",\"dateModified\":\"2026-03-26T07:54:45+00:00\",\"description\":\"Tarpin\u0117 - 3007933 Tinka: CAT, Ekskavatorius krautuvas, Variklis, 3116, 3126B, C7, Vik\u0161rinis ekskavatorius, 320C, 320D, 325C, 325D, 329D, Buldozeris, D5M, D5N, D6M, D6N \\\/ , 444F, 434F\",\"breadcrumb\":{\"@id\":\"https:\\\/\\\/eskadalys.lt\\\/product\\\/tarpine-cva-12\\\/#breadcrumb\"},\"inLanguage\":\"nl-NL\",\"potentialAction\":[{\"@type\":\"ReadAction\",\"target\":[\"https:\\\/\\\/eskadalys.lt\\\/product\\\/tarpine-cva-12\\\/\"]}]},{\"@type\":\"ImageObject\",\"inLanguage\":\"nl-NL\",\"@id\":\"https:\\\/\\\/eskadalys.lt\\\/product\\\/tarpine-cva-12\\\/#primaryimage\",\"url\":\"https:\\\/\\\/eskadalys.lt\\\/wp-content\\\/uploads\\\/2024\\\/02\\\/gasket-cva-2-20240121-154810-scaled-1.jpg?v=1714930205\",\"contentUrl\":\"https:\\\/\\\/eskadalys.lt\\\/wp-content\\\/uploads\\\/2024\\\/02\\\/gasket-cva-2-20240121-154810-scaled-1.jpg?v=1714930205\",\"width\":1600,\"height\":1040},{\"@type\":\"BreadcrumbList\",\"@id\":\"https:\\\/\\\/eskadalys.lt\\\/product\\\/tarpine-cva-12\\\/#breadcrumb\",\"itemListElement\":[{\"@type\":\"ListItem\",\"position\":1,\"name\":\"Strona g\u0142\u00f3wna\",\"item\":\"https:\\\/\\\/eskadalys.lt\\\/\"},{\"@type\":\"ListItem\",\"position\":2,\"name\":\"E-parduotuv\u0117\",\"item\":\"https:\\\/\\\/eskadalys.lt\\\/e-parduotuve\\\/\"},{\"@type\":\"ListItem\",\"position\":3,\"name\":\"Tarpin\u0117 CVA &#8211; 3007933\"}]},{\"@type\":\"WebSite\",\"@id\":\"https:\\\/\\\/eskadalys.lt\\\/#website\",\"url\":\"https:\\\/\\\/eskadalys.lt\\\/\",\"name\":\"Eska dalys\",\"description\":\"Ekskavatori\u0173 \\\/ mini ekskavatori\u0173 \\\/ buldozeri\u0173 dalys\",\"publisher\":{\"@id\":\"https:\\\/\\\/eskadalys.lt\\\/#organization\"},\"potentialAction\":[{\"@type\":\"SearchAction\",\"target\":{\"@type\":\"EntryPoint\",\"urlTemplate\":\"https:\\\/\\\/eskadalys.lt\\\/?s={search_term_string}\"},\"query-input\":{\"@type\":\"PropertyValueSpecification\",\"valueRequired\":true,\"valueName\":\"search_term_string\"}}],\"inLanguage\":\"nl-NL\"},{\"@type\":\"Organization\",\"@id\":\"https:\\\/\\\/eskadalys.lt\\\/#organization\",\"name\":\"Eska dalys\",\"url\":\"https:\\\/\\\/eskadalys.lt\\\/\",\"logo\":{\"@type\":\"ImageObject\",\"inLanguage\":\"nl-NL\",\"@id\":\"https:\\\/\\\/eskadalys.lt\\\/#\\\/schema\\\/logo\\\/image\\\/\",\"url\":\"https:\\\/\\\/eskadalys.lt\\\/wp-content\\\/uploads\\\/2024\\\/01\\\/LOGO-ESKA-FINAL.svg\",\"contentUrl\":\"https:\\\/\\\/eskadalys.lt\\\/wp-content\\\/uploads\\\/2024\\\/01\\\/LOGO-ESKA-FINAL.svg\",\"width\":259,\"height\":201,\"caption\":\"Eska dalys\"},\"image\":{\"@id\":\"https:\\\/\\\/eskadalys.lt\\\/#\\\/schema\\\/logo\\\/image\\\/\"},\"sameAs\":[\"https:\\\/\\\/www.facebook.com\\\/profile.php?id=61556005720456\"]}]}<\/script>\n<!-- \/ Yoast SEO plugin. -->","yoast_head_json":{"title":"Pakking CVA - 3007933 | Goede prijs | Snelle levering | Eska onderdelen","description":"Pakking - 3007933 Geschikt voor: CAT, Graafmachine, Motor, 3116, 3126B, C7, Rupsgraafmachine, 320C, 320D, 325C, 325D, 329D, Bulldozer, D5M, D5N, D6M, D6N \/ , 444F, 434F","robots":{"index":"index","follow":"follow","max-snippet":"max-snippet:-1","max-image-preview":"max-image-preview:large","max-video-preview":"max-video-preview:-1"},"canonical":"https:\/\/eskadalys.lt\/nl\/product-nl\/intermediaire-cva-12\/","og_locale":"nl_NL","og_type":"article","og_title":"Tarpin\u0117 CVA - 3007933 | Gera kaina | Greitas pristatymas | Eska dalys","og_description":"Tarpin\u0117 - 3007933 Tinka: CAT, Ekskavatorius krautuvas, Variklis, 3116, 3126B, C7, Vik\u0161rinis ekskavatorius, 320C, 320D, 325C, 325D, 329D, Buldozeris, D5M, D5N, D6M, D6N \/ , 444F, 434F","og_url":"https:\/\/eskadalys.lt\/nl\/product-nl\/intermediaire-cva-12\/","og_site_name":"Eska dalys","article_publisher":"https:\/\/www.facebook.com\/profile.php?id=61556005720456","article_modified_time":"2026-03-26T07:54:45+00:00","og_image":[{"width":1600,"height":1040,"url":"https:\/\/eskadalys.lt\/wp-content\/uploads\/2024\/02\/gasket-cva-2-20240121-154810-scaled-1.jpg?v=1714930205","type":"image\/jpeg"}],"schema":{"@context":"https:\/\/schema.org","@graph":[{"@type":"WebPage","@id":"https:\/\/eskadalys.lt\/product\/tarpine-cva-12\/","url":"https:\/\/eskadalys.lt\/product\/tarpine-cva-12\/","name":"Pakking CVA - 3007933 | Goede prijs | Snelle levering | Eska onderdelen","isPartOf":{"@id":"https:\/\/eskadalys.lt\/#website"},"primaryImageOfPage":{"@id":"https:\/\/eskadalys.lt\/product\/tarpine-cva-12\/#primaryimage"},"image":{"@id":"https:\/\/eskadalys.lt\/product\/tarpine-cva-12\/#primaryimage"},"thumbnailUrl":"https:\/\/eskadalys.lt\/wp-content\/uploads\/2024\/02\/gasket-cva-2-20240121-154810-scaled-1.jpg?v=1714930205","datePublished":"2024-02-11T02:26:07+00:00","dateModified":"2026-03-26T07:54:45+00:00","description":"Pakking - 3007933 Geschikt voor: CAT, Graafmachine, Motor, 3116, 3126B, C7, Rupsgraafmachine, 320C, 320D, 325C, 325D, 329D, Bulldozer, D5M, D5N, D6M, D6N \/ , 444F, 434F","breadcrumb":{"@id":"https:\/\/eskadalys.lt\/product\/tarpine-cva-12\/#breadcrumb"},"inLanguage":"nl-NL","potentialAction":[{"@type":"ReadAction","target":["https:\/\/eskadalys.lt\/product\/tarpine-cva-12\/"]}]},{"@type":"ImageObject","inLanguage":"nl-NL","@id":"https:\/\/eskadalys.lt\/product\/tarpine-cva-12\/#primaryimage","url":"https:\/\/eskadalys.lt\/wp-content\/uploads\/2024\/02\/gasket-cva-2-20240121-154810-scaled-1.jpg?v=1714930205","contentUrl":"https:\/\/eskadalys.lt\/wp-content\/uploads\/2024\/02\/gasket-cva-2-20240121-154810-scaled-1.jpg?v=1714930205","width":1600,"height":1040},{"@type":"BreadcrumbList","@id":"https:\/\/eskadalys.lt\/product\/tarpine-cva-12\/#breadcrumb","itemListElement":[{"@type":"ListItem","position":1,"name":"Strona g\u0142\u00f3wna","item":"https:\/\/eskadalys.lt\/"},{"@type":"ListItem","position":2,"name":"E-parduotuv\u0117","item":"https:\/\/eskadalys.lt\/e-parduotuve\/"},{"@type":"ListItem","position":3,"name":"Tarpin\u0117 CVA &#8211; 3007933"}]},{"@type":"WebSite","@id":"https:\/\/eskadalys.lt\/#website","url":"https:\/\/eskadalys.lt\/","name":"Eska parts","description":"Onderdelen voor graafmachines\/minigraafmachines\/bulldozers","publisher":{"@id":"https:\/\/eskadalys.lt\/#organization"},"potentialAction":[{"@type":"SearchAction","target":{"@type":"EntryPoint","urlTemplate":"https:\/\/eskadalys.lt\/?s={search_term_string}"},"query-input":{"@type":"PropertyValueSpecification","valueRequired":true,"valueName":"search_term_string"}}],"inLanguage":"nl-NL"},{"@type":"Organization","@id":"https:\/\/eskadalys.lt\/#organization","name":"Eska parts","url":"https:\/\/eskadalys.lt\/","logo":{"@type":"ImageObject","inLanguage":"nl-NL","@id":"https:\/\/eskadalys.lt\/#\/schema\/logo\/image\/","url":"https:\/\/eskadalys.lt\/wp-content\/uploads\/2024\/01\/LOGO-ESKA-FINAL.svg","contentUrl":"https:\/\/eskadalys.lt\/wp-content\/uploads\/2024\/01\/LOGO-ESKA-FINAL.svg","width":259,"height":201,"caption":"Eska dalys"},"image":{"@id":"https:\/\/eskadalys.lt\/#\/schema\/logo\/image\/"},"sameAs":["https:\/\/www.facebook.com\/profile.php?id=61556005720456"]}]}},"_links":{"self":[{"href":"https:\/\/eskadalys.lt\/nl\/wp-json\/wp\/v2\/product\/4247","targetHints":{"allow":["GET"]}}],"collection":[{"href":"https:\/\/eskadalys.lt\/nl\/wp-json\/wp\/v2\/product"}],"about":[{"href":"https:\/\/eskadalys.lt\/nl\/wp-json\/wp\/v2\/types\/product"}],"wp:featuredmedia":[{"embeddable":true,"href":"https:\/\/eskadalys.lt\/nl\/wp-json\/wp\/v2\/media\/100902"}],"wp:attachment":[{"href":"https:\/\/eskadalys.lt\/nl\/wp-json\/wp\/v2\/media?parent=4247"}],"wp:term":[{"taxonomy":"product_brand","embeddable":true,"href":"https:\/\/eskadalys.lt\/nl\/wp-json\/wp\/v2\/product_brand?post=4247"},{"taxonomy":"product_cat","embeddable":true,"href":"https:\/\/eskadalys.lt\/nl\/wp-json\/wp\/v2\/product_cat?post=4247"},{"taxonomy":"product_tag","embeddable":true,"href":"https:\/\/eskadalys.lt\/nl\/wp-json\/wp\/v2\/product_tag?post=4247"}],"curies":[{"name":"wp","href":"https:\/\/api.w.org\/{rel}","templated":true}]}}