{"id":9025,"date":"2024-02-11T10:54:16","date_gmt":"2024-02-11T08:54:16","guid":{"rendered":"https:\/\/eskadalys.lt\/?post_type=product&#038;p=9025"},"modified":"2026-04-12T08:23:14","modified_gmt":"2026-04-12T05:23:14","slug":"verrouillage-de-contact-avec-2-cles-cva","status":"publish","type":"product","link":"https:\/\/eskadalys.lt\/fr\/product\/uzvedimo-spynele-su-2-rakteliais-cva\/","title":{"rendered":"Antivol de contact avec 2 cl\u00e9s CVA \u2013 1107887"},"content":{"rendered":"<p><strong>Antivol de contact avec 2 cl\u00e9s CVA \u2013 1107887<\/strong><br \/>\n<strong>Convient pour :<\/strong> CAT, Chargeuse-pelleteuse, 420D, 420E, 420F, 422E, 422F, 428D, 428E, 428F, 430E, 430F, 432D, 432E, 432F, 434E, 442D, 442E, M313C, M313D, M315C, M315D, M316C, M316D, M318C, M318D, M322C, M322D, M325D, Chargeuse sur pneus, IT14G, IT14G2, IT28G, IT38G, IT38H, IT62G, IT62H, 953C, 953D, 963C, 973C, 973D, Bulldozer, D3G, D3K, D3K2, 906H, 906H2, 907H, 907H2, 908H, 908H2, 910G, 914G, 914G2, 924G, 924GZ, 924H, 924HZ, 928G, 928H, 928HZ, 930G, 938G, 938H, 950, 950B, 950E, 950F, 950G, 950H, 950K, 962H, 972H, 980G, 980H, 988G, Pelle sur pneus, 914K, 910K, M325D, 962G, 966G, 972G, 434F<br \/>\nNum\u00e9ros OE\u00a0: 1107887, 4678535<br \/>\n110-7887<\/p>\n<h3>\ud83d\udd0d Vous cherchez un autre produit de cette cat\u00e9gorie ? <a href=\"https:\/\/eskadalys.lt\/fr\/categorie-de-produits-fr\/composants-electriques\/verrous-dallumage\/\">Interrupteurs d&#039;allumage<\/a> ?<\/h3>\n<h3>\ud83d\udee0\ufe0f Pi\u00e8ces d\u00e9tach\u00e9es Caterpillar - vous pouvez en trouver davantage <a href=\"https:\/\/eskadalys.lt\/fr\/categorie-de-produits-fr\/composants-electriques\/\">composants \u00e9lectriques<\/a> dans cette cat\u00e9gorie.<\/h3>\n<p>Si vous n&#039;\u00eates pas s\u00fbr que cette pi\u00e8ce soit compatible avec votre machine, <strong>Veuillez nous communiquer le num\u00e9ro de s\u00e9rie du v\u00e9hicule (VIN) avant l&#039;achat.<\/strong>. Nous v\u00e9rifierons la compatibilit\u00e9 \u00e0 l&#039;aide des catalogues et <strong>nous vous proposerons la pi\u00e8ce ad\u00e9quate<\/strong>. Si vous ne trouvez pas la pi\u00e8ce dont vous avez besoin, \u00e9crivez-nous \u2013 nous vous aiderons \u00e0 la trouver !<\/p>\n<p><strong>\ud83d\udce6 Entrep\u00f4t en Lituanie<\/strong> \u2013 Les commandes pass\u00e9es avant 14h00 sont exp\u00e9di\u00e9es le jour m\u00eame.<\/p>\n<p><strong>\ud83d\ude80 Livraison rapide<\/strong> \u2013 Les articles command\u00e9s que nous n&#039;avons actuellement pas en stock seront livr\u00e9s sous 3 \u00e0 4 jours ouvrables.<\/p>\n<p><strong>\ud83d\udcc8 Large gamme<\/strong> \u2013 Nous \u00e9largissons constamment notre gamme de produits.<\/p>","protected":false},"excerpt":{"rendered":"<p>1107887 CVA<\/p>","protected":false},"featured_media":111154,"template":"","meta":{"site-sidebar-layout":"default","site-content-layout":"","ast-site-content-layout":"default","site-content-style":"default","site-sidebar-style":"default","ast-global-header-display":"","ast-banner-title-visibility":"","ast-main-header-display":"","ast-hfb-above-header-display":"","ast-hfb-below-header-display":"","ast-hfb-mobile-header-display":"","site-post-title":"","ast-breadcrumbs-content":"","ast-featured-img":"","footer-sml-layout":"","ast-disable-related-posts":"","theme-transparent-header-meta":"","adv-header-id-meta":"","stick-header-meta":"","header-above-stick-meta":"","header-main-stick-meta":"","header-below-stick-meta":"","astra-migrate-meta-layouts":"default","ast-page-background-enabled":"default","ast-page-background-meta":{"desktop":{"background-color":"","background-image":"","background-repeat":"repeat","background-position":"center center","background-size":"auto","background-attachment":"scroll","background-type":"","background-media":"","overlay-type":"","overlay-color":"","overlay-opacity":"","overlay-gradient":""},"tablet":{"background-color":"","background-image":"","background-repeat":"repeat","background-position":"center center","background-size":"auto","background-attachment":"scroll","background-type":"","background-media":"","overlay-type":"","overlay-color":"","overlay-opacity":"","overlay-gradient":""},"mobile":{"background-color":"","background-image":"","background-repeat":"repeat","background-position":"center center","background-size":"auto","background-attachment":"scroll","background-type":"","background-media":"","overlay-type":"","overlay-color":"","overlay-opacity":"","overlay-gradient":""}},"ast-content-background-meta":{"desktop":{"background-color":"var(--ast-global-color-5)","background-image":"","background-repeat":"repeat","background-position":"center center","background-size":"auto","background-attachment":"scroll","background-type":"","background-media":"","overlay-type":"","overlay-color":"","overlay-opacity":"","overlay-gradient":""},"tablet":{"background-color":"var(--ast-global-color-5)","background-image":"","background-repeat":"repeat","background-position":"center center","background-size":"auto","background-attachment":"scroll","background-type":"","background-media":"","overlay-type":"","overlay-color":"","overlay-opacity":"","overlay-gradient":""},"mobile":{"background-color":"var(--ast-global-color-5)","background-image":"","background-repeat":"repeat","background-position":"center center","background-size":"auto","background-attachment":"scroll","background-type":"","background-media":"","overlay-type":"","overlay-color":"","overlay-opacity":"","overlay-gradient":""}}},"product_brand":[],"product_cat":[871],"product_tag":[],"class_list":{"0":"post-9025","1":"product","2":"type-product","3":"status-publish","4":"has-post-thumbnail","6":"product_cat-uzvedimo-spyneles","7":"desktop-align-left","8":"tablet-align-left","9":"mobile-align-left","11":"first","12":"onbackorder","13":"taxable","14":"shipping-taxable","15":"purchasable","16":"product-type-simple"},"yoast_head":"<!-- This site is optimized with the Yoast SEO plugin v27.4 - https:\/\/yoast.com\/product\/yoast-seo-wordpress\/ -->\n<title>U\u017evedimo spynel\u0117 su 2 rakteliais CVA - 1107887 | Gera kaina | Greitas pristatymas | Eska dalys<\/title>\n<meta name=\"description\" content=\"U\u017evedimo spynel\u0117 su 2 rakteliais - 1107887 Tinka: CAT, Ekskavatorius krautuvas, 420D, 420E, 420F, 422E, 422F, 428D, 428E, 428F, 430E, 430F, 432D, 432E, 432F, 434E, 442D, 442E, M313C, M313D, M315C, M315D, M316C, M316D, M318C, M318D, M322C, M322D, M325D, Frontalinis krautuvas, IT14G, IT14G2, IT28G, IT38G, IT38H, IT62G, IT62H, 953C, 953D, 963C, 973C, 973D, Buldozeris, D3G, D3K, D3K2, 906H, 906H2, 907H, 907H2, 908H, 908H2, 910G, 914G, 914G2, 924G, 924GZ, 924H, 924HZ, 928G, 928H, 928HZ, 930G, 938G, 938H, 950, 950B, 950E, 950F, 950G, 950H, 950K, 962H, 972H, 980G, 980H, 988G, Ratinis ekskavatorius, 914K, 910K, M325D, 962G, 966G, 972G, 434F OE numeriai: 1107887, 4678535\" \/>\n<meta name=\"robots\" content=\"index, follow, max-snippet:-1, max-image-preview:large, max-video-preview:-1\" \/>\n<link rel=\"canonical\" href=\"https:\/\/eskadalys.lt\/fr\/produit-fr\/verrouillage-de-contact-avec-2-cles-cva\/\" \/>\n<meta property=\"og:locale\" content=\"fr_FR\" \/>\n<meta property=\"og:type\" content=\"article\" \/>\n<meta property=\"og:title\" content=\"U\u017evedimo spynel\u0117 su 2 rakteliais CVA - 1107887 | Gera kaina | Greitas pristatymas | Eska dalys\" \/>\n<meta property=\"og:description\" content=\"U\u017evedimo spynel\u0117 su 2 rakteliais - 1107887 Tinka: CAT, Ekskavatorius krautuvas, 420D, 420E, 420F, 422E, 422F, 428D, 428E, 428F, 430E, 430F, 432D, 432E, 432F, 434E, 442D, 442E, M313C, M313D, M315C, M315D, M316C, M316D, M318C, M318D, M322C, M322D, M325D, Frontalinis krautuvas, IT14G, IT14G2, IT28G, IT38G, IT38H, IT62G, IT62H, 953C, 953D, 963C, 973C, 973D, Buldozeris, D3G, D3K, D3K2, 906H, 906H2, 907H, 907H2, 908H, 908H2, 910G, 914G, 914G2, 924G, 924GZ, 924H, 924HZ, 928G, 928H, 928HZ, 930G, 938G, 938H, 950, 950B, 950E, 950F, 950G, 950H, 950K, 962H, 972H, 980G, 980H, 988G, Ratinis ekskavatorius, 914K, 910K, M325D, 962G, 966G, 972G, 434F OE numeriai: 1107887, 4678535\" \/>\n<meta property=\"og:url\" content=\"https:\/\/eskadalys.lt\/fr\/produit-fr\/verrouillage-de-contact-avec-2-cles-cva\/\" \/>\n<meta property=\"og:site_name\" content=\"Eska dalys\" \/>\n<meta property=\"article:publisher\" content=\"https:\/\/www.facebook.com\/profile.php?id=61556005720456\" \/>\n<meta property=\"article:modified_time\" content=\"2026-04-12T05:23:14+00:00\" \/>\n<meta property=\"og:image\" content=\"https:\/\/eskadalys.lt\/wp-content\/uploads\/2024\/02\/switch-5-20240121-215214.jpg?v=1714900161\" \/>\n\t<meta property=\"og:image:width\" content=\"1600\" \/>\n\t<meta property=\"og:image:height\" content=\"1663\" \/>\n\t<meta property=\"og:image:type\" content=\"image\/jpeg\" \/>\n<script type=\"application\/ld+json\" class=\"yoast-schema-graph\">{\"@context\":\"https:\\\/\\\/schema.org\",\"@graph\":[{\"@type\":\"WebPage\",\"@id\":\"https:\\\/\\\/eskadalys.lt\\\/product\\\/uzvedimo-spynele-su-2-rakteliais-cva\\\/\",\"url\":\"https:\\\/\\\/eskadalys.lt\\\/product\\\/uzvedimo-spynele-su-2-rakteliais-cva\\\/\",\"name\":\"U\u017evedimo spynel\u0117 su 2 rakteliais CVA - 1107887 | Gera kaina | Greitas pristatymas | Eska dalys\",\"isPartOf\":{\"@id\":\"https:\\\/\\\/eskadalys.lt\\\/#website\"},\"primaryImageOfPage\":{\"@id\":\"https:\\\/\\\/eskadalys.lt\\\/product\\\/uzvedimo-spynele-su-2-rakteliais-cva\\\/#primaryimage\"},\"image\":{\"@id\":\"https:\\\/\\\/eskadalys.lt\\\/product\\\/uzvedimo-spynele-su-2-rakteliais-cva\\\/#primaryimage\"},\"thumbnailUrl\":\"https:\\\/\\\/eskadalys.lt\\\/wp-content\\\/uploads\\\/2024\\\/02\\\/switch-5-20240121-215214.jpg?v=1714900161\",\"datePublished\":\"2024-02-11T08:54:16+00:00\",\"dateModified\":\"2026-04-12T05:23:14+00:00\",\"description\":\"U\u017evedimo spynel\u0117 su 2 rakteliais - 1107887 Tinka: CAT, Ekskavatorius krautuvas, 420D, 420E, 420F, 422E, 422F, 428D, 428E, 428F, 430E, 430F, 432D, 432E, 432F, 434E, 442D, 442E, M313C, M313D, M315C, M315D, M316C, M316D, M318C, M318D, M322C, M322D, M325D, Frontalinis krautuvas, IT14G, IT14G2, IT28G, IT38G, IT38H, IT62G, IT62H, 953C, 953D, 963C, 973C, 973D, Buldozeris, D3G, D3K, D3K2, 906H, 906H2, 907H, 907H2, 908H, 908H2, 910G, 914G, 914G2, 924G, 924GZ, 924H, 924HZ, 928G, 928H, 928HZ, 930G, 938G, 938H, 950, 950B, 950E, 950F, 950G, 950H, 950K, 962H, 972H, 980G, 980H, 988G, Ratinis ekskavatorius, 914K, 910K, M325D, 962G, 966G, 972G, 434F OE numeriai: 1107887, 4678535\",\"breadcrumb\":{\"@id\":\"https:\\\/\\\/eskadalys.lt\\\/product\\\/uzvedimo-spynele-su-2-rakteliais-cva\\\/#breadcrumb\"},\"inLanguage\":\"fr-FR\",\"potentialAction\":[{\"@type\":\"ReadAction\",\"target\":[\"https:\\\/\\\/eskadalys.lt\\\/product\\\/uzvedimo-spynele-su-2-rakteliais-cva\\\/\"]}]},{\"@type\":\"ImageObject\",\"inLanguage\":\"fr-FR\",\"@id\":\"https:\\\/\\\/eskadalys.lt\\\/product\\\/uzvedimo-spynele-su-2-rakteliais-cva\\\/#primaryimage\",\"url\":\"https:\\\/\\\/eskadalys.lt\\\/wp-content\\\/uploads\\\/2024\\\/02\\\/switch-5-20240121-215214.jpg?v=1714900161\",\"contentUrl\":\"https:\\\/\\\/eskadalys.lt\\\/wp-content\\\/uploads\\\/2024\\\/02\\\/switch-5-20240121-215214.jpg?v=1714900161\",\"width\":1600,\"height\":1663},{\"@type\":\"BreadcrumbList\",\"@id\":\"https:\\\/\\\/eskadalys.lt\\\/product\\\/uzvedimo-spynele-su-2-rakteliais-cva\\\/#breadcrumb\",\"itemListElement\":[{\"@type\":\"ListItem\",\"position\":1,\"name\":\"Strona g\u0142\u00f3wna\",\"item\":\"https:\\\/\\\/eskadalys.lt\\\/\"},{\"@type\":\"ListItem\",\"position\":2,\"name\":\"E-parduotuv\u0117\",\"item\":\"https:\\\/\\\/eskadalys.lt\\\/e-parduotuve\\\/\"},{\"@type\":\"ListItem\",\"position\":3,\"name\":\"U\u017evedimo spynel\u0117 su 2 rakteliais CVA &#8211; 1107887\"}]},{\"@type\":\"WebSite\",\"@id\":\"https:\\\/\\\/eskadalys.lt\\\/#website\",\"url\":\"https:\\\/\\\/eskadalys.lt\\\/\",\"name\":\"Eska dalys\",\"description\":\"Ekskavatori\u0173 \\\/ mini ekskavatori\u0173 \\\/ buldozeri\u0173 dalys\",\"publisher\":{\"@id\":\"https:\\\/\\\/eskadalys.lt\\\/#organization\"},\"potentialAction\":[{\"@type\":\"SearchAction\",\"target\":{\"@type\":\"EntryPoint\",\"urlTemplate\":\"https:\\\/\\\/eskadalys.lt\\\/?s={search_term_string}\"},\"query-input\":{\"@type\":\"PropertyValueSpecification\",\"valueRequired\":true,\"valueName\":\"search_term_string\"}}],\"inLanguage\":\"fr-FR\"},{\"@type\":\"Organization\",\"@id\":\"https:\\\/\\\/eskadalys.lt\\\/#organization\",\"name\":\"Eska dalys\",\"url\":\"https:\\\/\\\/eskadalys.lt\\\/\",\"logo\":{\"@type\":\"ImageObject\",\"inLanguage\":\"fr-FR\",\"@id\":\"https:\\\/\\\/eskadalys.lt\\\/#\\\/schema\\\/logo\\\/image\\\/\",\"url\":\"https:\\\/\\\/eskadalys.lt\\\/wp-content\\\/uploads\\\/2024\\\/01\\\/LOGO-ESKA-FINAL.svg\",\"contentUrl\":\"https:\\\/\\\/eskadalys.lt\\\/wp-content\\\/uploads\\\/2024\\\/01\\\/LOGO-ESKA-FINAL.svg\",\"width\":259,\"height\":201,\"caption\":\"Eska dalys\"},\"image\":{\"@id\":\"https:\\\/\\\/eskadalys.lt\\\/#\\\/schema\\\/logo\\\/image\\\/\"},\"sameAs\":[\"https:\\\/\\\/www.facebook.com\\\/profile.php?id=61556005720456\"]}]}<\/script>\n<!-- \/ Yoast SEO plugin. -->","yoast_head_json":{"title":"Antivol de contact avec 2 cl\u00e9s CVA - 1107887 | Bon prix | Livraison rapide | Pi\u00e8ces Eska","description":"Contacteur d&#039;allumage avec 2 cl\u00e9s - 1107887 Compatible avec\u00a0: CAT, chargeuse-pelleteuse, 420D, 420E, 420F, 422E, 422F, 428D, 428E, 428F, 430E, 430F, 432D, 432E, 432F, 434E, 442D, 442E, M313C, M313D, M315C, M315D, M316C, M316D, M318C, M318D, M322C, M322D, M325D, chargeuse sur pneus, IT14G, IT14G2, IT28G, IT38G, IT38H, IT62G, IT62H, 953C, 953D 963C, 973C, 973D, Bulldozer, D3G, D3K, D3K2, 906H, 906H2, 907H, 907H2, 908H, 908H2, 910G, 914G, 914G2, 924G, 924GZ, 924H, 924HZ, 928G, 928H, 928HZ, 930G, 938G, 938H, 950, 950B, 950E, 950F, 950G, 950H, 950K, 962H, 972H, 980G, 980H, 988G, Pelle sur pneus, 914K, 910K, Num\u00e9ros OE\u00a0: 1107887, 4678535 pour les mod\u00e8les M325D, 962G, 966G, 972G et 434F","robots":{"index":"index","follow":"follow","max-snippet":"max-snippet:-1","max-image-preview":"max-image-preview:large","max-video-preview":"max-video-preview:-1"},"canonical":"https:\/\/eskadalys.lt\/fr\/produit-fr\/verrouillage-de-contact-avec-2-cles-cva\/","og_locale":"fr_FR","og_type":"article","og_title":"U\u017evedimo spynel\u0117 su 2 rakteliais CVA - 1107887 | Gera kaina | Greitas pristatymas | Eska dalys","og_description":"U\u017evedimo spynel\u0117 su 2 rakteliais - 1107887 Tinka: CAT, Ekskavatorius krautuvas, 420D, 420E, 420F, 422E, 422F, 428D, 428E, 428F, 430E, 430F, 432D, 432E, 432F, 434E, 442D, 442E, M313C, M313D, M315C, M315D, M316C, M316D, M318C, M318D, M322C, M322D, M325D, Frontalinis krautuvas, IT14G, IT14G2, IT28G, IT38G, IT38H, IT62G, IT62H, 953C, 953D, 963C, 973C, 973D, Buldozeris, D3G, D3K, D3K2, 906H, 906H2, 907H, 907H2, 908H, 908H2, 910G, 914G, 914G2, 924G, 924GZ, 924H, 924HZ, 928G, 928H, 928HZ, 930G, 938G, 938H, 950, 950B, 950E, 950F, 950G, 950H, 950K, 962H, 972H, 980G, 980H, 988G, Ratinis ekskavatorius, 914K, 910K, M325D, 962G, 966G, 972G, 434F OE numeriai: 1107887, 4678535","og_url":"https:\/\/eskadalys.lt\/fr\/produit-fr\/verrouillage-de-contact-avec-2-cles-cva\/","og_site_name":"Eska dalys","article_publisher":"https:\/\/www.facebook.com\/profile.php?id=61556005720456","article_modified_time":"2026-04-12T05:23:14+00:00","og_image":[{"width":1600,"height":1663,"url":"https:\/\/eskadalys.lt\/wp-content\/uploads\/2024\/02\/switch-5-20240121-215214.jpg?v=1714900161","type":"image\/jpeg"}],"schema":{"@context":"https:\/\/schema.org","@graph":[{"@type":"WebPage","@id":"https:\/\/eskadalys.lt\/product\/uzvedimo-spynele-su-2-rakteliais-cva\/","url":"https:\/\/eskadalys.lt\/product\/uzvedimo-spynele-su-2-rakteliais-cva\/","name":"Antivol de contact avec 2 cl\u00e9s CVA - 1107887 | Bon prix | Livraison rapide | Pi\u00e8ces Eska","isPartOf":{"@id":"https:\/\/eskadalys.lt\/#website"},"primaryImageOfPage":{"@id":"https:\/\/eskadalys.lt\/product\/uzvedimo-spynele-su-2-rakteliais-cva\/#primaryimage"},"image":{"@id":"https:\/\/eskadalys.lt\/product\/uzvedimo-spynele-su-2-rakteliais-cva\/#primaryimage"},"thumbnailUrl":"https:\/\/eskadalys.lt\/wp-content\/uploads\/2024\/02\/switch-5-20240121-215214.jpg?v=1714900161","datePublished":"2024-02-11T08:54:16+00:00","dateModified":"2026-04-12T05:23:14+00:00","description":"Contacteur d&#039;allumage avec 2 cl\u00e9s - 1107887 Compatible avec\u00a0: CAT, chargeuse-pelleteuse, 420D, 420E, 420F, 422E, 422F, 428D, 428E, 428F, 430E, 430F, 432D, 432E, 432F, 434E, 442D, 442E, M313C, M313D, M315C, M315D, M316C, M316D, M318C, M318D, M322C, M322D, M325D, chargeuse sur pneus, IT14G, IT14G2, IT28G, IT38G, IT38H, IT62G, IT62H, 953C, 953D 963C, 973C, 973D, Bulldozer, D3G, D3K, D3K2, 906H, 906H2, 907H, 907H2, 908H, 908H2, 910G, 914G, 914G2, 924G, 924GZ, 924H, 924HZ, 928G, 928H, 928HZ, 930G, 938G, 938H, 950, 950B, 950E, 950F, 950G, 950H, 950K, 962H, 972H, 980G, 980H, 988G, Pelle sur pneus, 914K, 910K, Num\u00e9ros OE\u00a0: 1107887, 4678535 pour les mod\u00e8les M325D, 962G, 966G, 972G et 434F","breadcrumb":{"@id":"https:\/\/eskadalys.lt\/product\/uzvedimo-spynele-su-2-rakteliais-cva\/#breadcrumb"},"inLanguage":"fr-FR","potentialAction":[{"@type":"ReadAction","target":["https:\/\/eskadalys.lt\/product\/uzvedimo-spynele-su-2-rakteliais-cva\/"]}]},{"@type":"ImageObject","inLanguage":"fr-FR","@id":"https:\/\/eskadalys.lt\/product\/uzvedimo-spynele-su-2-rakteliais-cva\/#primaryimage","url":"https:\/\/eskadalys.lt\/wp-content\/uploads\/2024\/02\/switch-5-20240121-215214.jpg?v=1714900161","contentUrl":"https:\/\/eskadalys.lt\/wp-content\/uploads\/2024\/02\/switch-5-20240121-215214.jpg?v=1714900161","width":1600,"height":1663},{"@type":"BreadcrumbList","@id":"https:\/\/eskadalys.lt\/product\/uzvedimo-spynele-su-2-rakteliais-cva\/#breadcrumb","itemListElement":[{"@type":"ListItem","position":1,"name":"Strona g\u0142\u00f3wna","item":"https:\/\/eskadalys.lt\/"},{"@type":"ListItem","position":2,"name":"E-parduotuv\u0117","item":"https:\/\/eskadalys.lt\/e-parduotuve\/"},{"@type":"ListItem","position":3,"name":"U\u017evedimo spynel\u0117 su 2 rakteliais CVA &#8211; 1107887"}]},{"@type":"WebSite","@id":"https:\/\/eskadalys.lt\/#website","url":"https:\/\/eskadalys.lt\/","name":"Eska parts","description":"Pi\u00e8ces d\u00e9tach\u00e9es pour excavatrices\/mini-excavatrices\/bulldozers","publisher":{"@id":"https:\/\/eskadalys.lt\/#organization"},"potentialAction":[{"@type":"SearchAction","target":{"@type":"EntryPoint","urlTemplate":"https:\/\/eskadalys.lt\/?s={search_term_string}"},"query-input":{"@type":"PropertyValueSpecification","valueRequired":true,"valueName":"search_term_string"}}],"inLanguage":"fr-FR"},{"@type":"Organization","@id":"https:\/\/eskadalys.lt\/#organization","name":"Eska parts","url":"https:\/\/eskadalys.lt\/","logo":{"@type":"ImageObject","inLanguage":"fr-FR","@id":"https:\/\/eskadalys.lt\/#\/schema\/logo\/image\/","url":"https:\/\/eskadalys.lt\/wp-content\/uploads\/2024\/01\/LOGO-ESKA-FINAL.svg","contentUrl":"https:\/\/eskadalys.lt\/wp-content\/uploads\/2024\/01\/LOGO-ESKA-FINAL.svg","width":259,"height":201,"caption":"Eska dalys"},"image":{"@id":"https:\/\/eskadalys.lt\/#\/schema\/logo\/image\/"},"sameAs":["https:\/\/www.facebook.com\/profile.php?id=61556005720456"]}]}},"_links":{"self":[{"href":"https:\/\/eskadalys.lt\/fr\/wp-json\/wp\/v2\/product\/9025","targetHints":{"allow":["GET"]}}],"collection":[{"href":"https:\/\/eskadalys.lt\/fr\/wp-json\/wp\/v2\/product"}],"about":[{"href":"https:\/\/eskadalys.lt\/fr\/wp-json\/wp\/v2\/types\/product"}],"wp:featuredmedia":[{"embeddable":true,"href":"https:\/\/eskadalys.lt\/fr\/wp-json\/wp\/v2\/media\/111154"}],"wp:attachment":[{"href":"https:\/\/eskadalys.lt\/fr\/wp-json\/wp\/v2\/media?parent=9025"}],"wp:term":[{"taxonomy":"product_brand","embeddable":true,"href":"https:\/\/eskadalys.lt\/fr\/wp-json\/wp\/v2\/product_brand?post=9025"},{"taxonomy":"product_cat","embeddable":true,"href":"https:\/\/eskadalys.lt\/fr\/wp-json\/wp\/v2\/product_cat?post=9025"},{"taxonomy":"product_tag","embeddable":true,"href":"https:\/\/eskadalys.lt\/fr\/wp-json\/wp\/v2\/product_tag?post=9025"}],"curies":[{"name":"wp","href":"https:\/\/api.w.org\/{rel}","templated":true}]}}