{"id":855,"date":"2024-02-11T00:13:47","date_gmt":"2024-02-10T22:13:47","guid":{"rendered":"https:\/\/eskadalys.lt\/?post_type=product&#038;p=855"},"modified":"2026-04-12T08:13:46","modified_gmt":"2026-04-12T05:13:46","slug":"pompe-a-carburant-cva-4","status":"publish","type":"product","link":"https:\/\/eskadalys.lt\/fr\/product\/kuro-pompa-cva-4\/","title":{"rendered":"Pompe \u00e0 carburant CVA \u2013 20524154"},"content":{"rendered":"<p><strong>Pompe \u00e0 carburant CVA \u2013 20524154<\/strong><br \/>\n<strong>Convient pour :<\/strong> VOLVO, Chargeuse-pelleteuse, BL60, BL60B, BL61, BL61PLUS, BL61B, BL70, BL70B, BL71, BL71PLUS, BL71B, Pelle hydraulique, EC140, EC140B, EC140C, EC140D, EC150, EC150C, EC160, EC160B, EC160C, EC200, EC200B, EW140, EW140B, EW140C, EW140D, EW145B, EW150, EW150C, EW160, EW160B, EW160C, EW160D, EW170, EW180, EW180B, EW180C, EW180D, EW200, EW200B<br \/>\n<strong>Num\u00e9ros OE :<\/strong> 20459247, 21511352, 20917999, 20518337<br \/>\nVOE20524154<\/p>\n<h3>\ud83d\udd0d Vous cherchez un autre produit de cette cat\u00e9gorie ? <a href=\"https:\/\/eskadalys.lt\/fr\/categorie-de-produits-fr\/systeme-dalimentation\/separateurs-deau-de-pompe-a-carburant\/\">Pompes \u00e0 carburant, s\u00e9parateurs d&#039;eau<\/a> ?<\/h3>\n<h3>\ud83d\udee0\ufe0f Pi\u00e8ces d\u00e9tach\u00e9es VOLVO - vous pouvez en trouver davantage <a href=\"https:\/\/eskadalys.lt\/fr\/categorie-de-produits-fr\/systeme-dalimentation\/\">Syst\u00e8me d&#039;alimentation en carburant<\/a> dans cette cat\u00e9gorie.<\/h3>\n<p>Si vous n&#039;\u00eates pas s\u00fbr que cette pi\u00e8ce soit compatible avec votre machine, <strong>Veuillez nous communiquer le num\u00e9ro de s\u00e9rie du v\u00e9hicule (VIN) avant l&#039;achat.<\/strong>. Nous v\u00e9rifierons la compatibilit\u00e9 \u00e0 l&#039;aide des catalogues et <strong>nous vous proposerons la pi\u00e8ce ad\u00e9quate<\/strong>. Si vous ne trouvez pas la pi\u00e8ce dont vous avez besoin, \u00e9crivez-nous \u2013 nous vous aiderons \u00e0 la trouver !<\/p>\n<p><strong>\ud83d\udce6 Entrep\u00f4t en Lituanie<\/strong> \u2013 Les commandes pass\u00e9es avant 14h00 sont exp\u00e9di\u00e9es le jour m\u00eame.<\/p>\n<p><strong>\ud83d\ude80 Livraison rapide<\/strong> \u2013 Les articles command\u00e9s que nous n&#039;avons actuellement pas en stock seront livr\u00e9s sous 3 \u00e0 4 jours ouvrables.<\/p>\n<p><strong>\ud83d\udcc8 Large gamme<\/strong> \u2013 Nous \u00e9largissons constamment notre gamme de produits.<\/p>","protected":false},"excerpt":{"rendered":"<p>20524154 CVA<\/p>","protected":false},"featured_media":93370,"template":"","meta":{"site-sidebar-layout":"default","site-content-layout":"","ast-site-content-layout":"default","site-content-style":"default","site-sidebar-style":"default","ast-global-header-display":"","ast-banner-title-visibility":"","ast-main-header-display":"","ast-hfb-above-header-display":"","ast-hfb-below-header-display":"","ast-hfb-mobile-header-display":"","site-post-title":"","ast-breadcrumbs-content":"","ast-featured-img":"","footer-sml-layout":"","ast-disable-related-posts":"","theme-transparent-header-meta":"","adv-header-id-meta":"","stick-header-meta":"","header-above-stick-meta":"","header-main-stick-meta":"","header-below-stick-meta":"","astra-migrate-meta-layouts":"default","ast-page-background-enabled":"default","ast-page-background-meta":{"desktop":{"background-color":"","background-image":"","background-repeat":"repeat","background-position":"center center","background-size":"auto","background-attachment":"scroll","background-type":"","background-media":"","overlay-type":"","overlay-color":"","overlay-opacity":"","overlay-gradient":""},"tablet":{"background-color":"","background-image":"","background-repeat":"repeat","background-position":"center center","background-size":"auto","background-attachment":"scroll","background-type":"","background-media":"","overlay-type":"","overlay-color":"","overlay-opacity":"","overlay-gradient":""},"mobile":{"background-color":"","background-image":"","background-repeat":"repeat","background-position":"center center","background-size":"auto","background-attachment":"scroll","background-type":"","background-media":"","overlay-type":"","overlay-color":"","overlay-opacity":"","overlay-gradient":""}},"ast-content-background-meta":{"desktop":{"background-color":"var(--ast-global-color-5)","background-image":"","background-repeat":"repeat","background-position":"center center","background-size":"auto","background-attachment":"scroll","background-type":"","background-media":"","overlay-type":"","overlay-color":"","overlay-opacity":"","overlay-gradient":""},"tablet":{"background-color":"var(--ast-global-color-5)","background-image":"","background-repeat":"repeat","background-position":"center center","background-size":"auto","background-attachment":"scroll","background-type":"","background-media":"","overlay-type":"","overlay-color":"","overlay-opacity":"","overlay-gradient":""},"mobile":{"background-color":"var(--ast-global-color-5)","background-image":"","background-repeat":"repeat","background-position":"center center","background-size":"auto","background-attachment":"scroll","background-type":"","background-media":"","overlay-type":"","overlay-color":"","overlay-opacity":"","overlay-gradient":""}}},"product_brand":[],"product_cat":[802],"product_tag":[],"class_list":{"0":"post-855","1":"product","2":"type-product","3":"status-publish","4":"has-post-thumbnail","6":"product_cat-kuro-pompos-vandens-separatoriai","7":"desktop-align-left","8":"tablet-align-left","9":"mobile-align-left","11":"first","12":"onbackorder","13":"taxable","14":"shipping-taxable","15":"purchasable","16":"product-type-simple"},"yoast_head":"<!-- This site is optimized with the Yoast SEO plugin v27.4 - https:\/\/yoast.com\/product\/yoast-seo-wordpress\/ -->\n<title>Kuro pompa CVA - 20524154 | Gera kaina | Greitas pristatymas | Eska dalys<\/title>\n<meta name=\"description\" content=\"Kuro pompa - 20524154 Tinka: VOLVO, Ekskavatorius krautuvas, BL60, BL60B, BL61, BL61PLUS, BL61B, BL70, BL70B, BL71, BL71PLUS, BL71B, Ekskavatorius, EC140, EC140B, EC140C, EC140D, EC150, EC150C, EC160, EC160B, EC160C, EC200, EC200B, EW140, EW140B, EW140C, EW140D, EW145B, EW150, EW150C, EW160, EW160B, EW160C, EW160D, EW170, EW180, EW180B, EW180C, EW180D, EW200, EW200B OE numeriai: 20459247, 21511352, 20917999, 20518337\" \/>\n<meta name=\"robots\" content=\"index, follow, max-snippet:-1, max-image-preview:large, max-video-preview:-1\" \/>\n<link rel=\"canonical\" href=\"https:\/\/eskadalys.lt\/fr\/produit-fr\/pompe-a-carburant-cva-4\/\" \/>\n<meta property=\"og:locale\" content=\"fr_FR\" \/>\n<meta property=\"og:type\" content=\"article\" \/>\n<meta property=\"og:title\" content=\"Kuro pompa CVA - 20524154 | Gera kaina | Greitas pristatymas | Eska dalys\" \/>\n<meta property=\"og:description\" content=\"Kuro pompa - 20524154 Tinka: VOLVO, Ekskavatorius krautuvas, BL60, BL60B, BL61, BL61PLUS, BL61B, BL70, BL70B, BL71, BL71PLUS, BL71B, Ekskavatorius, EC140, EC140B, EC140C, EC140D, EC150, EC150C, EC160, EC160B, EC160C, EC200, EC200B, EW140, EW140B, EW140C, EW140D, EW145B, EW150, EW150C, EW160, EW160B, EW160C, EW160D, EW170, EW180, EW180B, EW180C, EW180D, EW200, EW200B OE numeriai: 20459247, 21511352, 20917999, 20518337\" \/>\n<meta property=\"og:url\" content=\"https:\/\/eskadalys.lt\/fr\/produit-fr\/pompe-a-carburant-cva-4\/\" \/>\n<meta property=\"og:site_name\" content=\"Eska dalys\" \/>\n<meta property=\"article:publisher\" content=\"https:\/\/www.facebook.com\/profile.php?id=61556005720456\" \/>\n<meta property=\"article:modified_time\" content=\"2026-04-12T05:13:46+00:00\" \/>\n<meta property=\"og:image\" content=\"https:\/\/eskadalys.lt\/wp-content\/uploads\/2024\/02\/pump-6-20240121-115050-scaled-1.jpg?v=1714951525\" \/>\n\t<meta property=\"og:image:width\" content=\"1600\" \/>\n\t<meta property=\"og:image:height\" content=\"923\" \/>\n\t<meta property=\"og:image:type\" content=\"image\/jpeg\" \/>\n<script type=\"application\/ld+json\" class=\"yoast-schema-graph\">{\"@context\":\"https:\\\/\\\/schema.org\",\"@graph\":[{\"@type\":\"WebPage\",\"@id\":\"https:\\\/\\\/eskadalys.lt\\\/product\\\/kuro-pompa-cva-4\\\/\",\"url\":\"https:\\\/\\\/eskadalys.lt\\\/product\\\/kuro-pompa-cva-4\\\/\",\"name\":\"Kuro pompa CVA - 20524154 | Gera kaina | Greitas pristatymas | Eska dalys\",\"isPartOf\":{\"@id\":\"https:\\\/\\\/eskadalys.lt\\\/#website\"},\"primaryImageOfPage\":{\"@id\":\"https:\\\/\\\/eskadalys.lt\\\/product\\\/kuro-pompa-cva-4\\\/#primaryimage\"},\"image\":{\"@id\":\"https:\\\/\\\/eskadalys.lt\\\/product\\\/kuro-pompa-cva-4\\\/#primaryimage\"},\"thumbnailUrl\":\"https:\\\/\\\/eskadalys.lt\\\/wp-content\\\/uploads\\\/2024\\\/02\\\/pump-6-20240121-115050-scaled-1.jpg?v=1714951525\",\"datePublished\":\"2024-02-10T22:13:47+00:00\",\"dateModified\":\"2026-04-12T05:13:46+00:00\",\"description\":\"Kuro pompa - 20524154 Tinka: VOLVO, Ekskavatorius krautuvas, BL60, BL60B, BL61, BL61PLUS, BL61B, BL70, BL70B, BL71, BL71PLUS, BL71B, Ekskavatorius, EC140, EC140B, EC140C, EC140D, EC150, EC150C, EC160, EC160B, EC160C, EC200, EC200B, EW140, EW140B, EW140C, EW140D, EW145B, EW150, EW150C, EW160, EW160B, EW160C, EW160D, EW170, EW180, EW180B, EW180C, EW180D, EW200, EW200B OE numeriai: 20459247, 21511352, 20917999, 20518337\",\"breadcrumb\":{\"@id\":\"https:\\\/\\\/eskadalys.lt\\\/product\\\/kuro-pompa-cva-4\\\/#breadcrumb\"},\"inLanguage\":\"fr-FR\",\"potentialAction\":[{\"@type\":\"ReadAction\",\"target\":[\"https:\\\/\\\/eskadalys.lt\\\/product\\\/kuro-pompa-cva-4\\\/\"]}]},{\"@type\":\"ImageObject\",\"inLanguage\":\"fr-FR\",\"@id\":\"https:\\\/\\\/eskadalys.lt\\\/product\\\/kuro-pompa-cva-4\\\/#primaryimage\",\"url\":\"https:\\\/\\\/eskadalys.lt\\\/wp-content\\\/uploads\\\/2024\\\/02\\\/pump-6-20240121-115050-scaled-1.jpg?v=1714951525\",\"contentUrl\":\"https:\\\/\\\/eskadalys.lt\\\/wp-content\\\/uploads\\\/2024\\\/02\\\/pump-6-20240121-115050-scaled-1.jpg?v=1714951525\",\"width\":1600,\"height\":923},{\"@type\":\"BreadcrumbList\",\"@id\":\"https:\\\/\\\/eskadalys.lt\\\/product\\\/kuro-pompa-cva-4\\\/#breadcrumb\",\"itemListElement\":[{\"@type\":\"ListItem\",\"position\":1,\"name\":\"Strona g\u0142\u00f3wna\",\"item\":\"https:\\\/\\\/eskadalys.lt\\\/\"},{\"@type\":\"ListItem\",\"position\":2,\"name\":\"E-parduotuv\u0117\",\"item\":\"https:\\\/\\\/eskadalys.lt\\\/e-parduotuve\\\/\"},{\"@type\":\"ListItem\",\"position\":3,\"name\":\"Kuro pompa CVA &#8211; 20524154\"}]},{\"@type\":\"WebSite\",\"@id\":\"https:\\\/\\\/eskadalys.lt\\\/#website\",\"url\":\"https:\\\/\\\/eskadalys.lt\\\/\",\"name\":\"Eska dalys\",\"description\":\"Ekskavatori\u0173 \\\/ mini ekskavatori\u0173 \\\/ buldozeri\u0173 dalys\",\"publisher\":{\"@id\":\"https:\\\/\\\/eskadalys.lt\\\/#organization\"},\"potentialAction\":[{\"@type\":\"SearchAction\",\"target\":{\"@type\":\"EntryPoint\",\"urlTemplate\":\"https:\\\/\\\/eskadalys.lt\\\/?s={search_term_string}\"},\"query-input\":{\"@type\":\"PropertyValueSpecification\",\"valueRequired\":true,\"valueName\":\"search_term_string\"}}],\"inLanguage\":\"fr-FR\"},{\"@type\":\"Organization\",\"@id\":\"https:\\\/\\\/eskadalys.lt\\\/#organization\",\"name\":\"Eska dalys\",\"url\":\"https:\\\/\\\/eskadalys.lt\\\/\",\"logo\":{\"@type\":\"ImageObject\",\"inLanguage\":\"fr-FR\",\"@id\":\"https:\\\/\\\/eskadalys.lt\\\/#\\\/schema\\\/logo\\\/image\\\/\",\"url\":\"https:\\\/\\\/eskadalys.lt\\\/wp-content\\\/uploads\\\/2024\\\/01\\\/LOGO-ESKA-FINAL.svg\",\"contentUrl\":\"https:\\\/\\\/eskadalys.lt\\\/wp-content\\\/uploads\\\/2024\\\/01\\\/LOGO-ESKA-FINAL.svg\",\"width\":259,\"height\":201,\"caption\":\"Eska dalys\"},\"image\":{\"@id\":\"https:\\\/\\\/eskadalys.lt\\\/#\\\/schema\\\/logo\\\/image\\\/\"},\"sameAs\":[\"https:\\\/\\\/www.facebook.com\\\/profile.php?id=61556005720456\"]}]}<\/script>\n<!-- \/ Yoast SEO plugin. -->","yoast_head_json":{"title":"Pompe \u00e0 carburant CVA - 20524154 | Bon prix | Livraison rapide | Pi\u00e8ces Eska","description":"Pompe \u00e0 carburant - 20524154 Compatible avec\u00a0: VOLVO, chargeuse-pelleteuse, BL60, BL60B, BL61, BL61PLUS, BL61B, BL70, BL70B, BL71, BL71PLUS, BL71B, pelle hydraulique, EC140, EC140B, EC140C, EC140D, EC150, EC150C, EC160, EC160B, EC160C, EC200, EC200B, EW140, EW140B, EW140C, EW140D, EW145B, EW150, EW150C, EW160, EW160B, EW160C, EW160D, EW170, EW180, EW180B, EW180C, EW180D Num\u00e9ros OE EW200, EW200B\u00a0: 20459247, 21511352, 20917999, 20518337","robots":{"index":"index","follow":"follow","max-snippet":"max-snippet:-1","max-image-preview":"max-image-preview:large","max-video-preview":"max-video-preview:-1"},"canonical":"https:\/\/eskadalys.lt\/fr\/produit-fr\/pompe-a-carburant-cva-4\/","og_locale":"fr_FR","og_type":"article","og_title":"Kuro pompa CVA - 20524154 | Gera kaina | Greitas pristatymas | Eska dalys","og_description":"Kuro pompa - 20524154 Tinka: VOLVO, Ekskavatorius krautuvas, BL60, BL60B, BL61, BL61PLUS, BL61B, BL70, BL70B, BL71, BL71PLUS, BL71B, Ekskavatorius, EC140, EC140B, EC140C, EC140D, EC150, EC150C, EC160, EC160B, EC160C, EC200, EC200B, EW140, EW140B, EW140C, EW140D, EW145B, EW150, EW150C, EW160, EW160B, EW160C, EW160D, EW170, EW180, EW180B, EW180C, EW180D, EW200, EW200B OE numeriai: 20459247, 21511352, 20917999, 20518337","og_url":"https:\/\/eskadalys.lt\/fr\/produit-fr\/pompe-a-carburant-cva-4\/","og_site_name":"Eska dalys","article_publisher":"https:\/\/www.facebook.com\/profile.php?id=61556005720456","article_modified_time":"2026-04-12T05:13:46+00:00","og_image":[{"width":1600,"height":923,"url":"https:\/\/eskadalys.lt\/wp-content\/uploads\/2024\/02\/pump-6-20240121-115050-scaled-1.jpg?v=1714951525","type":"image\/jpeg"}],"schema":{"@context":"https:\/\/schema.org","@graph":[{"@type":"WebPage","@id":"https:\/\/eskadalys.lt\/product\/kuro-pompa-cva-4\/","url":"https:\/\/eskadalys.lt\/product\/kuro-pompa-cva-4\/","name":"Pompe \u00e0 carburant CVA - 20524154 | Bon prix | Livraison rapide | Pi\u00e8ces Eska","isPartOf":{"@id":"https:\/\/eskadalys.lt\/#website"},"primaryImageOfPage":{"@id":"https:\/\/eskadalys.lt\/product\/kuro-pompa-cva-4\/#primaryimage"},"image":{"@id":"https:\/\/eskadalys.lt\/product\/kuro-pompa-cva-4\/#primaryimage"},"thumbnailUrl":"https:\/\/eskadalys.lt\/wp-content\/uploads\/2024\/02\/pump-6-20240121-115050-scaled-1.jpg?v=1714951525","datePublished":"2024-02-10T22:13:47+00:00","dateModified":"2026-04-12T05:13:46+00:00","description":"Pompe \u00e0 carburant - 20524154 Compatible avec\u00a0: VOLVO, chargeuse-pelleteuse, BL60, BL60B, BL61, BL61PLUS, BL61B, BL70, BL70B, BL71, BL71PLUS, BL71B, pelle hydraulique, EC140, EC140B, EC140C, EC140D, EC150, EC150C, EC160, EC160B, EC160C, EC200, EC200B, EW140, EW140B, EW140C, EW140D, EW145B, EW150, EW150C, EW160, EW160B, EW160C, EW160D, EW170, EW180, EW180B, EW180C, EW180D Num\u00e9ros OE EW200, EW200B\u00a0: 20459247, 21511352, 20917999, 20518337","breadcrumb":{"@id":"https:\/\/eskadalys.lt\/product\/kuro-pompa-cva-4\/#breadcrumb"},"inLanguage":"fr-FR","potentialAction":[{"@type":"ReadAction","target":["https:\/\/eskadalys.lt\/product\/kuro-pompa-cva-4\/"]}]},{"@type":"ImageObject","inLanguage":"fr-FR","@id":"https:\/\/eskadalys.lt\/product\/kuro-pompa-cva-4\/#primaryimage","url":"https:\/\/eskadalys.lt\/wp-content\/uploads\/2024\/02\/pump-6-20240121-115050-scaled-1.jpg?v=1714951525","contentUrl":"https:\/\/eskadalys.lt\/wp-content\/uploads\/2024\/02\/pump-6-20240121-115050-scaled-1.jpg?v=1714951525","width":1600,"height":923},{"@type":"BreadcrumbList","@id":"https:\/\/eskadalys.lt\/product\/kuro-pompa-cva-4\/#breadcrumb","itemListElement":[{"@type":"ListItem","position":1,"name":"Strona g\u0142\u00f3wna","item":"https:\/\/eskadalys.lt\/"},{"@type":"ListItem","position":2,"name":"E-parduotuv\u0117","item":"https:\/\/eskadalys.lt\/e-parduotuve\/"},{"@type":"ListItem","position":3,"name":"Kuro pompa CVA &#8211; 20524154"}]},{"@type":"WebSite","@id":"https:\/\/eskadalys.lt\/#website","url":"https:\/\/eskadalys.lt\/","name":"Eska parts","description":"Pi\u00e8ces d\u00e9tach\u00e9es pour excavatrices\/mini-excavatrices\/bulldozers","publisher":{"@id":"https:\/\/eskadalys.lt\/#organization"},"potentialAction":[{"@type":"SearchAction","target":{"@type":"EntryPoint","urlTemplate":"https:\/\/eskadalys.lt\/?s={search_term_string}"},"query-input":{"@type":"PropertyValueSpecification","valueRequired":true,"valueName":"search_term_string"}}],"inLanguage":"fr-FR"},{"@type":"Organization","@id":"https:\/\/eskadalys.lt\/#organization","name":"Eska parts","url":"https:\/\/eskadalys.lt\/","logo":{"@type":"ImageObject","inLanguage":"fr-FR","@id":"https:\/\/eskadalys.lt\/#\/schema\/logo\/image\/","url":"https:\/\/eskadalys.lt\/wp-content\/uploads\/2024\/01\/LOGO-ESKA-FINAL.svg","contentUrl":"https:\/\/eskadalys.lt\/wp-content\/uploads\/2024\/01\/LOGO-ESKA-FINAL.svg","width":259,"height":201,"caption":"Eska dalys"},"image":{"@id":"https:\/\/eskadalys.lt\/#\/schema\/logo\/image\/"},"sameAs":["https:\/\/www.facebook.com\/profile.php?id=61556005720456"]}]}},"_links":{"self":[{"href":"https:\/\/eskadalys.lt\/fr\/wp-json\/wp\/v2\/product\/855","targetHints":{"allow":["GET"]}}],"collection":[{"href":"https:\/\/eskadalys.lt\/fr\/wp-json\/wp\/v2\/product"}],"about":[{"href":"https:\/\/eskadalys.lt\/fr\/wp-json\/wp\/v2\/types\/product"}],"wp:featuredmedia":[{"embeddable":true,"href":"https:\/\/eskadalys.lt\/fr\/wp-json\/wp\/v2\/media\/93370"}],"wp:attachment":[{"href":"https:\/\/eskadalys.lt\/fr\/wp-json\/wp\/v2\/media?parent=855"}],"wp:term":[{"taxonomy":"product_brand","embeddable":true,"href":"https:\/\/eskadalys.lt\/fr\/wp-json\/wp\/v2\/product_brand?post=855"},{"taxonomy":"product_cat","embeddable":true,"href":"https:\/\/eskadalys.lt\/fr\/wp-json\/wp\/v2\/product_cat?post=855"},{"taxonomy":"product_tag","embeddable":true,"href":"https:\/\/eskadalys.lt\/fr\/wp-json\/wp\/v2\/product_tag?post=855"}],"curies":[{"name":"wp","href":"https:\/\/api.w.org\/{rel}","templated":true}]}}