{"id":8321,"date":"2024-02-11T10:06:12","date_gmt":"2024-02-11T08:06:12","guid":{"rendered":"https:\/\/eskadalys.lt\/?post_type=product&#038;p=8321"},"modified":"2026-03-26T09:59:40","modified_gmt":"2026-03-26T07:59:40","slug":"capteur-34","status":"publish","type":"product","link":"https:\/\/eskadalys.lt\/fr\/product\/daviklis-34\/","title":{"rendered":"Capteur \u2013 20820494"},"content":{"rendered":"<p><strong>Capteur \u2013 20820494<\/strong><br \/>\n<strong>Convient pour :<\/strong> VOLVO, Pelle hydraulique, EC140C, EC140D, EC160C, EC210C, EC220D, EC240B, EC240C, EC300, EC300D, EW140C, EW140D, EW145B, EW160C, EW160D, EW180C, EW180D, Chargeuse sur pneus, L60E, L60F, L60G, L70E, L70F, L90F, L105, L110E, L110F, L120E, L120F, L45G, L50G, EC160D, EC180D <\/p>\n<p>VOE20820494<\/p>\n<h3>\ud83d\udd0d Vous cherchez un autre produit de cette cat\u00e9gorie ? <a href=\"https:\/\/eskadalys.lt\/fr\/categorie-de-produits-fr\/composants-electriques\/artumo-davikliai\/\">Capteurs de proximit\u00e9<\/a> ?<\/h3>\n<h3>\ud83d\udee0\ufe0f Pi\u00e8ces VOLVO \u2013 vous pouvez en trouver davantage <a href=\"https:\/\/eskadalys.lt\/fr\/categorie-de-produits-fr\/composants-electriques\/\">composants \u00e9lectriques<\/a> dans cette cat\u00e9gorie.<\/h3>\n<p>Si vous n&#039;\u00eates pas s\u00fbr que cette pi\u00e8ce soit compatible avec votre machine, <strong>Veuillez nous communiquer le num\u00e9ro de s\u00e9rie du v\u00e9hicule (VIN) avant l&#039;achat.<\/strong>. Nous v\u00e9rifierons la compatibilit\u00e9 \u00e0 l&#039;aide des catalogues et <strong>nous vous proposerons la pi\u00e8ce ad\u00e9quate<\/strong>. Si vous ne trouvez pas la pi\u00e8ce dont vous avez besoin, \u00e9crivez-nous \u2013 nous vous aiderons \u00e0 la trouver !<\/p>\n<p><strong>\ud83d\udce6 Entrep\u00f4t en Lituanie<\/strong> \u2013 Les commandes pass\u00e9es avant 14h00 sont exp\u00e9di\u00e9es le jour m\u00eame.<\/p>\n<p><strong>\ud83d\ude80 Livraison rapide<\/strong> \u2013 Les articles command\u00e9s que nous n&#039;avons actuellement pas en stock seront livr\u00e9s sous 3 \u00e0 4 jours ouvrables.<\/p>\n<p><strong>\ud83d\udcc8 Large gamme<\/strong> \u2013 Nous \u00e9largissons constamment notre gamme de produits.<\/p>","protected":false},"excerpt":{"rendered":"<p>20820494<\/p>","protected":false},"featured_media":109525,"template":"","meta":{"site-sidebar-layout":"default","site-content-layout":"","ast-site-content-layout":"default","site-content-style":"default","site-sidebar-style":"default","ast-global-header-display":"","ast-banner-title-visibility":"","ast-main-header-display":"","ast-hfb-above-header-display":"","ast-hfb-below-header-display":"","ast-hfb-mobile-header-display":"","site-post-title":"","ast-breadcrumbs-content":"","ast-featured-img":"","footer-sml-layout":"","ast-disable-related-posts":"","theme-transparent-header-meta":"","adv-header-id-meta":"","stick-header-meta":"","header-above-stick-meta":"","header-main-stick-meta":"","header-below-stick-meta":"","astra-migrate-meta-layouts":"default","ast-page-background-enabled":"default","ast-page-background-meta":{"desktop":{"background-color":"","background-image":"","background-repeat":"repeat","background-position":"center center","background-size":"auto","background-attachment":"scroll","background-type":"","background-media":"","overlay-type":"","overlay-color":"","overlay-opacity":"","overlay-gradient":""},"tablet":{"background-color":"","background-image":"","background-repeat":"repeat","background-position":"center center","background-size":"auto","background-attachment":"scroll","background-type":"","background-media":"","overlay-type":"","overlay-color":"","overlay-opacity":"","overlay-gradient":""},"mobile":{"background-color":"","background-image":"","background-repeat":"repeat","background-position":"center center","background-size":"auto","background-attachment":"scroll","background-type":"","background-media":"","overlay-type":"","overlay-color":"","overlay-opacity":"","overlay-gradient":""}},"ast-content-background-meta":{"desktop":{"background-color":"var(--ast-global-color-5)","background-image":"","background-repeat":"repeat","background-position":"center center","background-size":"auto","background-attachment":"scroll","background-type":"","background-media":"","overlay-type":"","overlay-color":"","overlay-opacity":"","overlay-gradient":""},"tablet":{"background-color":"var(--ast-global-color-5)","background-image":"","background-repeat":"repeat","background-position":"center center","background-size":"auto","background-attachment":"scroll","background-type":"","background-media":"","overlay-type":"","overlay-color":"","overlay-opacity":"","overlay-gradient":""},"mobile":{"background-color":"var(--ast-global-color-5)","background-image":"","background-repeat":"repeat","background-position":"center center","background-size":"auto","background-attachment":"scroll","background-type":"","background-media":"","overlay-type":"","overlay-color":"","overlay-opacity":"","overlay-gradient":""}}},"product_brand":[],"product_cat":[824],"product_tag":[],"class_list":{"0":"post-8321","1":"product","2":"type-product","3":"status-publish","4":"has-post-thumbnail","6":"product_cat-artumo-davikliai","7":"desktop-align-left","8":"tablet-align-left","9":"mobile-align-left","11":"first","12":"outofstock","13":"taxable","14":"shipping-taxable","15":"purchasable","16":"product-type-simple"},"yoast_head":"<!-- This site is optimized with the Yoast SEO plugin v27.3 - https:\/\/yoast.com\/product\/yoast-seo-wordpress\/ -->\n<title>Daviklis - 20820494 | Gera kaina | Greitas pristatymas | Eska dalys<\/title>\n<meta name=\"description\" content=\"Daviklis - 20820494 Tinka: VOLVO, Ekskavatorius, EC140C, EC140D, EC160C, EC210C, EC220D, EC240B, EC240C, EC300, EC300D, EW140C, EW140D, EW145B, EW160C, EW160D, EW180C, EW180D, Frontalinis krautuvas, L60E, L60F, L60G, L70E, L70F, L90F, L105, L110E, L110F, L120E, L120F, L45G, L50G, EC160D, EC180D\" \/>\n<meta name=\"robots\" content=\"index, follow, max-snippet:-1, max-image-preview:large, max-video-preview:-1\" \/>\n<link rel=\"canonical\" href=\"https:\/\/eskadalys.lt\/fr\/produit-fr\/capteur-34\/\" \/>\n<meta property=\"og:locale\" content=\"fr_FR\" \/>\n<meta property=\"og:type\" content=\"article\" \/>\n<meta property=\"og:title\" content=\"Daviklis - 20820494 | Gera kaina | Greitas pristatymas | Eska dalys\" \/>\n<meta property=\"og:description\" content=\"Daviklis - 20820494 Tinka: VOLVO, Ekskavatorius, EC140C, EC140D, EC160C, EC210C, EC220D, EC240B, EC240C, EC300, EC300D, EW140C, EW140D, EW145B, EW160C, EW160D, EW180C, EW180D, Frontalinis krautuvas, L60E, L60F, L60G, L70E, L70F, L90F, L105, L110E, L110F, L120E, L120F, L45G, L50G, EC160D, EC180D\" \/>\n<meta property=\"og:url\" content=\"https:\/\/eskadalys.lt\/fr\/produit-fr\/capteur-34\/\" \/>\n<meta property=\"og:site_name\" content=\"Eska dalys\" \/>\n<meta property=\"article:publisher\" content=\"https:\/\/www.facebook.com\/profile.php?id=61556005720456\" \/>\n<meta property=\"article:modified_time\" content=\"2026-03-26T07:59:40+00:00\" \/>\n<meta property=\"og:image\" content=\"https:\/\/eskadalys.lt\/wp-content\/uploads\/2024\/02\/sensor-4-20240121-205245-scaled-1.jpg?v=1714904545\" \/>\n\t<meta property=\"og:image:width\" content=\"1600\" \/>\n\t<meta property=\"og:image:height\" content=\"1481\" \/>\n\t<meta property=\"og:image:type\" content=\"image\/jpeg\" \/>\n<script type=\"application\/ld+json\" class=\"yoast-schema-graph\">{\"@context\":\"https:\\\/\\\/schema.org\",\"@graph\":[{\"@type\":\"WebPage\",\"@id\":\"https:\\\/\\\/eskadalys.lt\\\/product\\\/daviklis-34\\\/\",\"url\":\"https:\\\/\\\/eskadalys.lt\\\/product\\\/daviklis-34\\\/\",\"name\":\"Daviklis - 20820494 | Gera kaina | Greitas pristatymas | Eska dalys\",\"isPartOf\":{\"@id\":\"https:\\\/\\\/eskadalys.lt\\\/#website\"},\"primaryImageOfPage\":{\"@id\":\"https:\\\/\\\/eskadalys.lt\\\/product\\\/daviklis-34\\\/#primaryimage\"},\"image\":{\"@id\":\"https:\\\/\\\/eskadalys.lt\\\/product\\\/daviklis-34\\\/#primaryimage\"},\"thumbnailUrl\":\"https:\\\/\\\/eskadalys.lt\\\/wp-content\\\/uploads\\\/2024\\\/02\\\/sensor-4-20240121-205245-scaled-1.jpg?v=1714904545\",\"datePublished\":\"2024-02-11T08:06:12+00:00\",\"dateModified\":\"2026-03-26T07:59:40+00:00\",\"description\":\"Daviklis - 20820494 Tinka: VOLVO, Ekskavatorius, EC140C, EC140D, EC160C, EC210C, EC220D, EC240B, EC240C, EC300, EC300D, EW140C, EW140D, EW145B, EW160C, EW160D, EW180C, EW180D, Frontalinis krautuvas, L60E, L60F, L60G, L70E, L70F, L90F, L105, L110E, L110F, L120E, L120F, L45G, L50G, EC160D, EC180D\",\"breadcrumb\":{\"@id\":\"https:\\\/\\\/eskadalys.lt\\\/product\\\/daviklis-34\\\/#breadcrumb\"},\"inLanguage\":\"fr-FR\",\"potentialAction\":[{\"@type\":\"ReadAction\",\"target\":[\"https:\\\/\\\/eskadalys.lt\\\/product\\\/daviklis-34\\\/\"]}]},{\"@type\":\"ImageObject\",\"inLanguage\":\"fr-FR\",\"@id\":\"https:\\\/\\\/eskadalys.lt\\\/product\\\/daviklis-34\\\/#primaryimage\",\"url\":\"https:\\\/\\\/eskadalys.lt\\\/wp-content\\\/uploads\\\/2024\\\/02\\\/sensor-4-20240121-205245-scaled-1.jpg?v=1714904545\",\"contentUrl\":\"https:\\\/\\\/eskadalys.lt\\\/wp-content\\\/uploads\\\/2024\\\/02\\\/sensor-4-20240121-205245-scaled-1.jpg?v=1714904545\",\"width\":1600,\"height\":1481},{\"@type\":\"BreadcrumbList\",\"@id\":\"https:\\\/\\\/eskadalys.lt\\\/product\\\/daviklis-34\\\/#breadcrumb\",\"itemListElement\":[{\"@type\":\"ListItem\",\"position\":1,\"name\":\"Strona g\u0142\u00f3wna\",\"item\":\"https:\\\/\\\/eskadalys.lt\\\/\"},{\"@type\":\"ListItem\",\"position\":2,\"name\":\"E-parduotuv\u0117\",\"item\":\"https:\\\/\\\/eskadalys.lt\\\/e-parduotuve\\\/\"},{\"@type\":\"ListItem\",\"position\":3,\"name\":\"Daviklis &#8211; 20820494\"}]},{\"@type\":\"WebSite\",\"@id\":\"https:\\\/\\\/eskadalys.lt\\\/#website\",\"url\":\"https:\\\/\\\/eskadalys.lt\\\/\",\"name\":\"Eska dalys\",\"description\":\"Ekskavatori\u0173 \\\/ mini ekskavatori\u0173 \\\/ buldozeri\u0173 dalys\",\"publisher\":{\"@id\":\"https:\\\/\\\/eskadalys.lt\\\/#organization\"},\"potentialAction\":[{\"@type\":\"SearchAction\",\"target\":{\"@type\":\"EntryPoint\",\"urlTemplate\":\"https:\\\/\\\/eskadalys.lt\\\/?s={search_term_string}\"},\"query-input\":{\"@type\":\"PropertyValueSpecification\",\"valueRequired\":true,\"valueName\":\"search_term_string\"}}],\"inLanguage\":\"fr-FR\"},{\"@type\":\"Organization\",\"@id\":\"https:\\\/\\\/eskadalys.lt\\\/#organization\",\"name\":\"Eska dalys\",\"url\":\"https:\\\/\\\/eskadalys.lt\\\/\",\"logo\":{\"@type\":\"ImageObject\",\"inLanguage\":\"fr-FR\",\"@id\":\"https:\\\/\\\/eskadalys.lt\\\/#\\\/schema\\\/logo\\\/image\\\/\",\"url\":\"https:\\\/\\\/eskadalys.lt\\\/wp-content\\\/uploads\\\/2024\\\/01\\\/LOGO-ESKA-FINAL.svg\",\"contentUrl\":\"https:\\\/\\\/eskadalys.lt\\\/wp-content\\\/uploads\\\/2024\\\/01\\\/LOGO-ESKA-FINAL.svg\",\"width\":259,\"height\":201,\"caption\":\"Eska dalys\"},\"image\":{\"@id\":\"https:\\\/\\\/eskadalys.lt\\\/#\\\/schema\\\/logo\\\/image\\\/\"},\"sameAs\":[\"https:\\\/\\\/www.facebook.com\\\/profile.php?id=61556005720456\"]}]}<\/script>\n<!-- \/ Yoast SEO plugin. -->","yoast_head_json":{"title":"Capteur - 20820494 | Bon prix | Livraison rapide | Pi\u00e8ces Eska","description":"Capteur - 20820494 Compatible avec : VOLVO, Pelle hydraulique, EC140C, EC140D, EC160C, EC210C, EC220D, EC240B, EC240C, EC300, EC300D, EW140C, EW140D, EW145B, EW160C, EW160D, EW180C, EW180D, Chargeuse sur pneus, L60E, L60F, L60G, L70E, L70F, L90F, L105, L110E, L110F, L120E, L120F, L45G, L50G, EC160D, EC180D","robots":{"index":"index","follow":"follow","max-snippet":"max-snippet:-1","max-image-preview":"max-image-preview:large","max-video-preview":"max-video-preview:-1"},"canonical":"https:\/\/eskadalys.lt\/fr\/produit-fr\/capteur-34\/","og_locale":"fr_FR","og_type":"article","og_title":"Daviklis - 20820494 | Gera kaina | Greitas pristatymas | Eska dalys","og_description":"Daviklis - 20820494 Tinka: VOLVO, Ekskavatorius, EC140C, EC140D, EC160C, EC210C, EC220D, EC240B, EC240C, EC300, EC300D, EW140C, EW140D, EW145B, EW160C, EW160D, EW180C, EW180D, Frontalinis krautuvas, L60E, L60F, L60G, L70E, L70F, L90F, L105, L110E, L110F, L120E, L120F, L45G, L50G, EC160D, EC180D","og_url":"https:\/\/eskadalys.lt\/fr\/produit-fr\/capteur-34\/","og_site_name":"Eska dalys","article_publisher":"https:\/\/www.facebook.com\/profile.php?id=61556005720456","article_modified_time":"2026-03-26T07:59:40+00:00","og_image":[{"width":1600,"height":1481,"url":"https:\/\/eskadalys.lt\/wp-content\/uploads\/2024\/02\/sensor-4-20240121-205245-scaled-1.jpg?v=1714904545","type":"image\/jpeg"}],"schema":{"@context":"https:\/\/schema.org","@graph":[{"@type":"WebPage","@id":"https:\/\/eskadalys.lt\/product\/daviklis-34\/","url":"https:\/\/eskadalys.lt\/product\/daviklis-34\/","name":"Capteur - 20820494 | Bon prix | Livraison rapide | Pi\u00e8ces Eska","isPartOf":{"@id":"https:\/\/eskadalys.lt\/#website"},"primaryImageOfPage":{"@id":"https:\/\/eskadalys.lt\/product\/daviklis-34\/#primaryimage"},"image":{"@id":"https:\/\/eskadalys.lt\/product\/daviklis-34\/#primaryimage"},"thumbnailUrl":"https:\/\/eskadalys.lt\/wp-content\/uploads\/2024\/02\/sensor-4-20240121-205245-scaled-1.jpg?v=1714904545","datePublished":"2024-02-11T08:06:12+00:00","dateModified":"2026-03-26T07:59:40+00:00","description":"Capteur - 20820494 Compatible avec : VOLVO, Pelle hydraulique, EC140C, EC140D, EC160C, EC210C, EC220D, EC240B, EC240C, EC300, EC300D, EW140C, EW140D, EW145B, EW160C, EW160D, EW180C, EW180D, Chargeuse sur pneus, L60E, L60F, L60G, L70E, L70F, L90F, L105, L110E, L110F, L120E, L120F, L45G, L50G, EC160D, EC180D","breadcrumb":{"@id":"https:\/\/eskadalys.lt\/product\/daviklis-34\/#breadcrumb"},"inLanguage":"fr-FR","potentialAction":[{"@type":"ReadAction","target":["https:\/\/eskadalys.lt\/product\/daviklis-34\/"]}]},{"@type":"ImageObject","inLanguage":"fr-FR","@id":"https:\/\/eskadalys.lt\/product\/daviklis-34\/#primaryimage","url":"https:\/\/eskadalys.lt\/wp-content\/uploads\/2024\/02\/sensor-4-20240121-205245-scaled-1.jpg?v=1714904545","contentUrl":"https:\/\/eskadalys.lt\/wp-content\/uploads\/2024\/02\/sensor-4-20240121-205245-scaled-1.jpg?v=1714904545","width":1600,"height":1481},{"@type":"BreadcrumbList","@id":"https:\/\/eskadalys.lt\/product\/daviklis-34\/#breadcrumb","itemListElement":[{"@type":"ListItem","position":1,"name":"Strona g\u0142\u00f3wna","item":"https:\/\/eskadalys.lt\/"},{"@type":"ListItem","position":2,"name":"E-parduotuv\u0117","item":"https:\/\/eskadalys.lt\/e-parduotuve\/"},{"@type":"ListItem","position":3,"name":"Daviklis &#8211; 20820494"}]},{"@type":"WebSite","@id":"https:\/\/eskadalys.lt\/#website","url":"https:\/\/eskadalys.lt\/","name":"Eska parts","description":"Pi\u00e8ces d\u00e9tach\u00e9es pour excavatrices\/mini-excavatrices\/bulldozers","publisher":{"@id":"https:\/\/eskadalys.lt\/#organization"},"potentialAction":[{"@type":"SearchAction","target":{"@type":"EntryPoint","urlTemplate":"https:\/\/eskadalys.lt\/?s={search_term_string}"},"query-input":{"@type":"PropertyValueSpecification","valueRequired":true,"valueName":"search_term_string"}}],"inLanguage":"fr-FR"},{"@type":"Organization","@id":"https:\/\/eskadalys.lt\/#organization","name":"Eska parts","url":"https:\/\/eskadalys.lt\/","logo":{"@type":"ImageObject","inLanguage":"fr-FR","@id":"https:\/\/eskadalys.lt\/#\/schema\/logo\/image\/","url":"https:\/\/eskadalys.lt\/wp-content\/uploads\/2024\/01\/LOGO-ESKA-FINAL.svg","contentUrl":"https:\/\/eskadalys.lt\/wp-content\/uploads\/2024\/01\/LOGO-ESKA-FINAL.svg","width":259,"height":201,"caption":"Eska dalys"},"image":{"@id":"https:\/\/eskadalys.lt\/#\/schema\/logo\/image\/"},"sameAs":["https:\/\/www.facebook.com\/profile.php?id=61556005720456"]}]}},"_links":{"self":[{"href":"https:\/\/eskadalys.lt\/fr\/wp-json\/wp\/v2\/product\/8321","targetHints":{"allow":["GET"]}}],"collection":[{"href":"https:\/\/eskadalys.lt\/fr\/wp-json\/wp\/v2\/product"}],"about":[{"href":"https:\/\/eskadalys.lt\/fr\/wp-json\/wp\/v2\/types\/product"}],"wp:featuredmedia":[{"embeddable":true,"href":"https:\/\/eskadalys.lt\/fr\/wp-json\/wp\/v2\/media\/109525"}],"wp:attachment":[{"href":"https:\/\/eskadalys.lt\/fr\/wp-json\/wp\/v2\/media?parent=8321"}],"wp:term":[{"taxonomy":"product_brand","embeddable":true,"href":"https:\/\/eskadalys.lt\/fr\/wp-json\/wp\/v2\/product_brand?post=8321"},{"taxonomy":"product_cat","embeddable":true,"href":"https:\/\/eskadalys.lt\/fr\/wp-json\/wp\/v2\/product_cat?post=8321"},{"taxonomy":"product_tag","embeddable":true,"href":"https:\/\/eskadalys.lt\/fr\/wp-json\/wp\/v2\/product_tag?post=8321"}],"curies":[{"name":"wp","href":"https:\/\/api.w.org\/{rel}","templated":true}]}}