{"id":757,"date":"2024-02-11T00:05:40","date_gmt":"2024-02-10T22:05:40","guid":{"rendered":"https:\/\/eskadalys.lt\/?post_type=product&#038;p=757"},"modified":"2026-03-26T09:50:49","modified_gmt":"2026-03-26T07:50:49","slug":"kit-de-joints-oem-3","status":"publish","type":"product","link":"https:\/\/eskadalys.lt\/fr\/product\/sandarikliu-komplektas-oem-3\/","title":{"rendered":"Kit de joints d&#039;origine \u2013 11716861"},"content":{"rendered":"<p><strong>Kit de joints d&#039;origine \u2013 11716861<\/strong><br \/>\nCompatible avec : VOLVO, chargeuse sur pneus, L50E, L110E, L120E, L180, L220E, L180H<br \/>\nNum\u00e9ros OE\u00a0: 11716861, 11708800<br \/>\nVOE11716861<\/p>\n<p>Si vous avez des doutes ou si vous n&#039;\u00eates pas en mesure de v\u00e9rifier si une pi\u00e8ce convient \u00e0 votre v\u00e9hicule, veuillez nous contacter avant de l&#039;acheter. <strong>Veuillez nous envoyer le num\u00e9ro de s\u00e9rie du v\u00e9hicule (VIN).<\/strong> et nous utiliserons les catalogues pour v\u00e9rifier si la pi\u00e8ce que vous avez choisie convient \u00e0 votre v\u00e9hicule.<strong>nous vous proposerons la pi\u00e8ce ad\u00e9quate<\/strong>. Si vous ne trouvez pas la pi\u00e8ce que vous recherchez, \u00e9crivez-nous et nous vous proposerons la pi\u00e8ce dont vous avez besoin.<\/p>\n<p><strong>Entrep\u00f4t en Lituanie<\/strong> \u2013 Toutes les commandes d&#039;articles en stock pass\u00e9es avant 14h seront exp\u00e9di\u00e9es le jour m\u00eame.<br \/>\n<strong>Livraison rapide<\/strong>\u2013 Les articles en pr\u00e9commande que nous n&#039;avons pas actuellement en stock seront livr\u00e9s sous 3 \u00e0 4 jours ouvrables.<br \/>\n<strong>Large gamme<\/strong>\u2013 Nous \u00e9largissons constamment notre gamme de produits en entrep\u00f4t.<\/p>","protected":false},"excerpt":{"rendered":"<p>11716861 OEM<\/p>","protected":false},"featured_media":117266,"template":"","meta":{"site-sidebar-layout":"default","site-content-layout":"","ast-site-content-layout":"default","site-content-style":"default","site-sidebar-style":"default","ast-global-header-display":"","ast-banner-title-visibility":"","ast-main-header-display":"","ast-hfb-above-header-display":"","ast-hfb-below-header-display":"","ast-hfb-mobile-header-display":"","site-post-title":"","ast-breadcrumbs-content":"","ast-featured-img":"","footer-sml-layout":"","ast-disable-related-posts":"","theme-transparent-header-meta":"default","adv-header-id-meta":"","stick-header-meta":"","header-above-stick-meta":"","header-main-stick-meta":"","header-below-stick-meta":"","astra-migrate-meta-layouts":"set","ast-page-background-enabled":"default","ast-page-background-meta":{"desktop":{"background-color":"","background-image":"","background-repeat":"repeat","background-position":"center center","background-size":"auto","background-attachment":"scroll","background-type":"","background-media":"","overlay-type":"","overlay-color":"","overlay-opacity":"","overlay-gradient":""},"tablet":{"background-color":"","background-image":"","background-repeat":"repeat","background-position":"center center","background-size":"auto","background-attachment":"scroll","background-type":"","background-media":"","overlay-type":"","overlay-color":"","overlay-opacity":"","overlay-gradient":""},"mobile":{"background-color":"","background-image":"","background-repeat":"repeat","background-position":"center center","background-size":"auto","background-attachment":"scroll","background-type":"","background-media":"","overlay-type":"","overlay-color":"","overlay-opacity":"","overlay-gradient":""}},"ast-content-background-meta":{"desktop":{"background-color":"var(--ast-global-color-5)","background-image":"","background-repeat":"repeat","background-position":"center center","background-size":"auto","background-attachment":"scroll","background-type":"","background-media":"","overlay-type":"","overlay-color":"","overlay-opacity":"","overlay-gradient":""},"tablet":{"background-color":"var(--ast-global-color-5)","background-image":"","background-repeat":"repeat","background-position":"center center","background-size":"auto","background-attachment":"scroll","background-type":"","background-media":"","overlay-type":"","overlay-color":"","overlay-opacity":"","overlay-gradient":""},"mobile":{"background-color":"var(--ast-global-color-5)","background-image":"","background-repeat":"repeat","background-position":"center center","background-size":"auto","background-attachment":"scroll","background-type":"","background-media":"","overlay-type":"","overlay-color":"","overlay-opacity":"","overlay-gradient":""}}},"product_brand":[],"product_cat":[735],"product_tag":[50474,50473,48776,49682,49684,49642,48787,48784,50395,43253],"class_list":{"0":"post-757","1":"product","2":"type-product","3":"status-publish","4":"has-post-thumbnail","6":"product_cat-hidroakumuliatoriai","7":"product_tag-50474","8":"product_tag-50473","9":"product_tag-frontalinis-krautuvas","10":"product_tag-l110e","11":"product_tag-l120e","12":"product_tag-l180","13":"product_tag-l180h","14":"product_tag-l220e","15":"product_tag-l50e","16":"product_tag-volvo","17":"desktop-align-left","18":"tablet-align-left","19":"mobile-align-left","21":"first","22":"onbackorder","23":"taxable","24":"shipping-taxable","25":"purchasable","26":"product-type-simple"},"yoast_head":"<!-- This site is optimized with the Yoast SEO plugin v27.3 - https:\/\/yoast.com\/product\/yoast-seo-wordpress\/ -->\n<title>Sandarikli\u0173 komplektas OEM - 11716861 | Gera kaina | Greitas pristatymas | Eska dalys<\/title>\n<meta name=\"description\" content=\"Sandarikli\u0173 komplektas OEM - 11716861 Tinka: VOLVO, Frontalinis krautuvas, L50E, L110E, L120E, L180, L220E, L180H OE numeriai: 11716861, 11708800\" \/>\n<meta name=\"robots\" content=\"index, follow, max-snippet:-1, max-image-preview:large, max-video-preview:-1\" \/>\n<link rel=\"canonical\" href=\"https:\/\/eskadalys.lt\/fr\/produit-fr\/kit-de-joints-oem-3\/\" \/>\n<meta property=\"og:locale\" content=\"fr_FR\" \/>\n<meta property=\"og:type\" content=\"article\" \/>\n<meta property=\"og:title\" content=\"Sandarikli\u0173 komplektas OEM - 11716861 | Gera kaina | Greitas pristatymas | Eska dalys\" \/>\n<meta property=\"og:description\" content=\"Sandarikli\u0173 komplektas OEM - 11716861 Tinka: VOLVO, Frontalinis krautuvas, L50E, L110E, L120E, L180, L220E, L180H OE numeriai: 11716861, 11708800\" \/>\n<meta property=\"og:url\" content=\"https:\/\/eskadalys.lt\/fr\/produit-fr\/kit-de-joints-oem-3\/\" \/>\n<meta property=\"og:site_name\" content=\"Eska dalys\" \/>\n<meta property=\"article:publisher\" content=\"https:\/\/www.facebook.com\/profile.php?id=61556005720456\" \/>\n<meta property=\"article:modified_time\" content=\"2026-03-26T07:50:49+00:00\" \/>\n<meta property=\"og:image\" content=\"https:\/\/eskadalys.lt\/wp-content\/uploads\/2024\/02\/komplet-uszczelnien-akumulatora-ladowarka-volvo-11716861.jpg?v=1743923660\" \/>\n\t<meta property=\"og:image:width\" content=\"458\" \/>\n\t<meta property=\"og:image:height\" content=\"458\" \/>\n\t<meta property=\"og:image:type\" content=\"image\/jpeg\" \/>\n<script type=\"application\/ld+json\" class=\"yoast-schema-graph\">{\"@context\":\"https:\\\/\\\/schema.org\",\"@graph\":[{\"@type\":\"WebPage\",\"@id\":\"https:\\\/\\\/eskadalys.lt\\\/product\\\/sandarikliu-komplektas-oem-3\\\/\",\"url\":\"https:\\\/\\\/eskadalys.lt\\\/product\\\/sandarikliu-komplektas-oem-3\\\/\",\"name\":\"Sandarikli\u0173 komplektas OEM - 11716861 | Gera kaina | Greitas pristatymas | Eska dalys\",\"isPartOf\":{\"@id\":\"https:\\\/\\\/eskadalys.lt\\\/#website\"},\"primaryImageOfPage\":{\"@id\":\"https:\\\/\\\/eskadalys.lt\\\/product\\\/sandarikliu-komplektas-oem-3\\\/#primaryimage\"},\"image\":{\"@id\":\"https:\\\/\\\/eskadalys.lt\\\/product\\\/sandarikliu-komplektas-oem-3\\\/#primaryimage\"},\"thumbnailUrl\":\"https:\\\/\\\/eskadalys.lt\\\/wp-content\\\/uploads\\\/2024\\\/02\\\/komplet-uszczelnien-akumulatora-ladowarka-volvo-11716861.jpg?v=1743923660\",\"datePublished\":\"2024-02-10T22:05:40+00:00\",\"dateModified\":\"2026-03-26T07:50:49+00:00\",\"description\":\"Sandarikli\u0173 komplektas OEM - 11716861 Tinka: VOLVO, Frontalinis krautuvas, L50E, L110E, L120E, L180, L220E, L180H OE numeriai: 11716861, 11708800\",\"breadcrumb\":{\"@id\":\"https:\\\/\\\/eskadalys.lt\\\/product\\\/sandarikliu-komplektas-oem-3\\\/#breadcrumb\"},\"inLanguage\":\"fr-FR\",\"potentialAction\":[{\"@type\":\"ReadAction\",\"target\":[\"https:\\\/\\\/eskadalys.lt\\\/product\\\/sandarikliu-komplektas-oem-3\\\/\"]}]},{\"@type\":\"ImageObject\",\"inLanguage\":\"fr-FR\",\"@id\":\"https:\\\/\\\/eskadalys.lt\\\/product\\\/sandarikliu-komplektas-oem-3\\\/#primaryimage\",\"url\":\"https:\\\/\\\/eskadalys.lt\\\/wp-content\\\/uploads\\\/2024\\\/02\\\/komplet-uszczelnien-akumulatora-ladowarka-volvo-11716861.jpg?v=1743923660\",\"contentUrl\":\"https:\\\/\\\/eskadalys.lt\\\/wp-content\\\/uploads\\\/2024\\\/02\\\/komplet-uszczelnien-akumulatora-ladowarka-volvo-11716861.jpg?v=1743923660\",\"width\":458,\"height\":458},{\"@type\":\"BreadcrumbList\",\"@id\":\"https:\\\/\\\/eskadalys.lt\\\/product\\\/sandarikliu-komplektas-oem-3\\\/#breadcrumb\",\"itemListElement\":[{\"@type\":\"ListItem\",\"position\":1,\"name\":\"Strona g\u0142\u00f3wna\",\"item\":\"https:\\\/\\\/eskadalys.lt\\\/\"},{\"@type\":\"ListItem\",\"position\":2,\"name\":\"E-parduotuv\u0117\",\"item\":\"https:\\\/\\\/eskadalys.lt\\\/e-parduotuve\\\/\"},{\"@type\":\"ListItem\",\"position\":3,\"name\":\"Sandarikli\u0173 komplektas OEM &#8211; 11716861\"}]},{\"@type\":\"WebSite\",\"@id\":\"https:\\\/\\\/eskadalys.lt\\\/#website\",\"url\":\"https:\\\/\\\/eskadalys.lt\\\/\",\"name\":\"Eska dalys\",\"description\":\"Ekskavatori\u0173 \\\/ mini ekskavatori\u0173 \\\/ buldozeri\u0173 dalys\",\"publisher\":{\"@id\":\"https:\\\/\\\/eskadalys.lt\\\/#organization\"},\"potentialAction\":[{\"@type\":\"SearchAction\",\"target\":{\"@type\":\"EntryPoint\",\"urlTemplate\":\"https:\\\/\\\/eskadalys.lt\\\/?s={search_term_string}\"},\"query-input\":{\"@type\":\"PropertyValueSpecification\",\"valueRequired\":true,\"valueName\":\"search_term_string\"}}],\"inLanguage\":\"fr-FR\"},{\"@type\":\"Organization\",\"@id\":\"https:\\\/\\\/eskadalys.lt\\\/#organization\",\"name\":\"Eska dalys\",\"url\":\"https:\\\/\\\/eskadalys.lt\\\/\",\"logo\":{\"@type\":\"ImageObject\",\"inLanguage\":\"fr-FR\",\"@id\":\"https:\\\/\\\/eskadalys.lt\\\/#\\\/schema\\\/logo\\\/image\\\/\",\"url\":\"https:\\\/\\\/eskadalys.lt\\\/wp-content\\\/uploads\\\/2024\\\/01\\\/LOGO-ESKA-FINAL.svg\",\"contentUrl\":\"https:\\\/\\\/eskadalys.lt\\\/wp-content\\\/uploads\\\/2024\\\/01\\\/LOGO-ESKA-FINAL.svg\",\"width\":259,\"height\":201,\"caption\":\"Eska dalys\"},\"image\":{\"@id\":\"https:\\\/\\\/eskadalys.lt\\\/#\\\/schema\\\/logo\\\/image\\\/\"},\"sameAs\":[\"https:\\\/\\\/www.facebook.com\\\/profile.php?id=61556005720456\"]}]}<\/script>\n<!-- \/ Yoast SEO plugin. -->","yoast_head_json":{"title":"Kit de joints d&#039;origine - 11716861 | Bon prix | Livraison rapide | Pi\u00e8ces Eska","description":"Kit de joints d&#039;origine (OEM) - 11716861 Compatible avec\u00a0: VOLVO, chargeuse sur pneus, L50E, L110E, L120E, L180, L220E, L180H R\u00e9f\u00e9rences d&#039;origine\u00a0: 11716861, 11708800","robots":{"index":"index","follow":"follow","max-snippet":"max-snippet:-1","max-image-preview":"max-image-preview:large","max-video-preview":"max-video-preview:-1"},"canonical":"https:\/\/eskadalys.lt\/fr\/produit-fr\/kit-de-joints-oem-3\/","og_locale":"fr_FR","og_type":"article","og_title":"Sandarikli\u0173 komplektas OEM - 11716861 | Gera kaina | Greitas pristatymas | Eska dalys","og_description":"Sandarikli\u0173 komplektas OEM - 11716861 Tinka: VOLVO, Frontalinis krautuvas, L50E, L110E, L120E, L180, L220E, L180H OE numeriai: 11716861, 11708800","og_url":"https:\/\/eskadalys.lt\/fr\/produit-fr\/kit-de-joints-oem-3\/","og_site_name":"Eska dalys","article_publisher":"https:\/\/www.facebook.com\/profile.php?id=61556005720456","article_modified_time":"2026-03-26T07:50:49+00:00","og_image":[{"width":458,"height":458,"url":"https:\/\/eskadalys.lt\/wp-content\/uploads\/2024\/02\/komplet-uszczelnien-akumulatora-ladowarka-volvo-11716861.jpg?v=1743923660","type":"image\/jpeg"}],"schema":{"@context":"https:\/\/schema.org","@graph":[{"@type":"WebPage","@id":"https:\/\/eskadalys.lt\/product\/sandarikliu-komplektas-oem-3\/","url":"https:\/\/eskadalys.lt\/product\/sandarikliu-komplektas-oem-3\/","name":"Kit de joints d&#039;origine - 11716861 | Bon prix | Livraison rapide | Pi\u00e8ces Eska","isPartOf":{"@id":"https:\/\/eskadalys.lt\/#website"},"primaryImageOfPage":{"@id":"https:\/\/eskadalys.lt\/product\/sandarikliu-komplektas-oem-3\/#primaryimage"},"image":{"@id":"https:\/\/eskadalys.lt\/product\/sandarikliu-komplektas-oem-3\/#primaryimage"},"thumbnailUrl":"https:\/\/eskadalys.lt\/wp-content\/uploads\/2024\/02\/komplet-uszczelnien-akumulatora-ladowarka-volvo-11716861.jpg?v=1743923660","datePublished":"2024-02-10T22:05:40+00:00","dateModified":"2026-03-26T07:50:49+00:00","description":"Kit de joints d&#039;origine (OEM) - 11716861 Compatible avec\u00a0: VOLVO, chargeuse sur pneus, L50E, L110E, L120E, L180, L220E, L180H R\u00e9f\u00e9rences d&#039;origine\u00a0: 11716861, 11708800","breadcrumb":{"@id":"https:\/\/eskadalys.lt\/product\/sandarikliu-komplektas-oem-3\/#breadcrumb"},"inLanguage":"fr-FR","potentialAction":[{"@type":"ReadAction","target":["https:\/\/eskadalys.lt\/product\/sandarikliu-komplektas-oem-3\/"]}]},{"@type":"ImageObject","inLanguage":"fr-FR","@id":"https:\/\/eskadalys.lt\/product\/sandarikliu-komplektas-oem-3\/#primaryimage","url":"https:\/\/eskadalys.lt\/wp-content\/uploads\/2024\/02\/komplet-uszczelnien-akumulatora-ladowarka-volvo-11716861.jpg?v=1743923660","contentUrl":"https:\/\/eskadalys.lt\/wp-content\/uploads\/2024\/02\/komplet-uszczelnien-akumulatora-ladowarka-volvo-11716861.jpg?v=1743923660","width":458,"height":458},{"@type":"BreadcrumbList","@id":"https:\/\/eskadalys.lt\/product\/sandarikliu-komplektas-oem-3\/#breadcrumb","itemListElement":[{"@type":"ListItem","position":1,"name":"Strona g\u0142\u00f3wna","item":"https:\/\/eskadalys.lt\/"},{"@type":"ListItem","position":2,"name":"E-parduotuv\u0117","item":"https:\/\/eskadalys.lt\/e-parduotuve\/"},{"@type":"ListItem","position":3,"name":"Sandarikli\u0173 komplektas OEM &#8211; 11716861"}]},{"@type":"WebSite","@id":"https:\/\/eskadalys.lt\/#website","url":"https:\/\/eskadalys.lt\/","name":"Eska parts","description":"Pi\u00e8ces d\u00e9tach\u00e9es pour excavatrices\/mini-excavatrices\/bulldozers","publisher":{"@id":"https:\/\/eskadalys.lt\/#organization"},"potentialAction":[{"@type":"SearchAction","target":{"@type":"EntryPoint","urlTemplate":"https:\/\/eskadalys.lt\/?s={search_term_string}"},"query-input":{"@type":"PropertyValueSpecification","valueRequired":true,"valueName":"search_term_string"}}],"inLanguage":"fr-FR"},{"@type":"Organization","@id":"https:\/\/eskadalys.lt\/#organization","name":"Eska parts","url":"https:\/\/eskadalys.lt\/","logo":{"@type":"ImageObject","inLanguage":"fr-FR","@id":"https:\/\/eskadalys.lt\/#\/schema\/logo\/image\/","url":"https:\/\/eskadalys.lt\/wp-content\/uploads\/2024\/01\/LOGO-ESKA-FINAL.svg","contentUrl":"https:\/\/eskadalys.lt\/wp-content\/uploads\/2024\/01\/LOGO-ESKA-FINAL.svg","width":259,"height":201,"caption":"Eska dalys"},"image":{"@id":"https:\/\/eskadalys.lt\/#\/schema\/logo\/image\/"},"sameAs":["https:\/\/www.facebook.com\/profile.php?id=61556005720456"]}]}},"_links":{"self":[{"href":"https:\/\/eskadalys.lt\/fr\/wp-json\/wp\/v2\/product\/757","targetHints":{"allow":["GET"]}}],"collection":[{"href":"https:\/\/eskadalys.lt\/fr\/wp-json\/wp\/v2\/product"}],"about":[{"href":"https:\/\/eskadalys.lt\/fr\/wp-json\/wp\/v2\/types\/product"}],"wp:featuredmedia":[{"embeddable":true,"href":"https:\/\/eskadalys.lt\/fr\/wp-json\/wp\/v2\/media\/117266"}],"wp:attachment":[{"href":"https:\/\/eskadalys.lt\/fr\/wp-json\/wp\/v2\/media?parent=757"}],"wp:term":[{"taxonomy":"product_brand","embeddable":true,"href":"https:\/\/eskadalys.lt\/fr\/wp-json\/wp\/v2\/product_brand?post=757"},{"taxonomy":"product_cat","embeddable":true,"href":"https:\/\/eskadalys.lt\/fr\/wp-json\/wp\/v2\/product_cat?post=757"},{"taxonomy":"product_tag","embeddable":true,"href":"https:\/\/eskadalys.lt\/fr\/wp-json\/wp\/v2\/product_tag?post=757"}],"curies":[{"name":"wp","href":"https:\/\/api.w.org\/{rel}","templated":true}]}}