{"id":1953,"date":"2024-02-11T01:37:28","date_gmt":"2024-02-10T23:37:28","guid":{"rendered":"https:\/\/eskadalys.lt\/?post_type=product&#038;p=1953"},"modified":"2026-03-26T09:52:07","modified_gmt":"2026-03-26T07:52:07","slug":"essuie-glace-700-mm-dorigine","status":"publish","type":"product","link":"https:\/\/eskadalys.lt\/fr\/product\/valytuvas-700mm-oem\/","title":{"rendered":"Essuie-glace 700 mm d&#039;origine \u2013 6V7419"},"content":{"rendered":"<p><strong>Essuie-glace 700 mm d&#039;origine \u2013 6V7419<\/strong><\/p>\n<p><strong>Num\u00e9ros OE :<\/strong> 5W2700, 1146387, 1953549, 2953465, 3622746<br \/>\n6V-7419 OEM<\/p>\n<h3>\ud83d\udd0d Vous cherchez un autre produit de cette cat\u00e9gorie ? <a href=\"https:\/\/eskadalys.lt\/fr\/categorie-de-produits-fr\/parties-du-corps\/essuie-glaces\/\">Essuie-glaces<\/a> ?<\/h3>\n<h3>\ud83d\udee0\ufe0f Pi\u00e8ces d\u00e9tach\u00e9es pour engins de chantier - vous pouvez en trouver davantage <a href=\"https:\/\/eskadalys.lt\/fr\/categorie-de-produits-fr\/parties-du-corps\/\">Parties du corps<\/a> dans cette cat\u00e9gorie.<\/h3>\n<p>Si vous n&#039;\u00eates pas s\u00fbr que cette pi\u00e8ce soit compatible avec votre machine, <strong>Veuillez nous communiquer le num\u00e9ro de s\u00e9rie du v\u00e9hicule (VIN) avant l&#039;achat.<\/strong>. Nous v\u00e9rifierons la compatibilit\u00e9 \u00e0 l&#039;aide des catalogues et <strong>nous vous proposerons la pi\u00e8ce ad\u00e9quate<\/strong>. Si vous ne trouvez pas la pi\u00e8ce dont vous avez besoin, \u00e9crivez-nous \u2013 nous vous aiderons \u00e0 la trouver !<\/p>\n<p><strong>\ud83d\udce6 Entrep\u00f4t en Lituanie<\/strong> \u2013 Les commandes pass\u00e9es avant 14h00 sont exp\u00e9di\u00e9es le jour m\u00eame.<\/p>\n<p><strong>\ud83d\ude80 Livraison rapide<\/strong> \u2013 Les articles command\u00e9s que nous n&#039;avons actuellement pas en stock seront livr\u00e9s sous 3 \u00e0 4 jours ouvrables.<\/p>\n<p><strong>\ud83d\udcc8 Large gamme<\/strong> \u2013 Nous \u00e9largissons constamment notre gamme de produits.<\/p>","protected":false},"excerpt":{"rendered":"<p>6V7419 OEM<\/p>","protected":false},"featured_media":96030,"template":"","meta":{"site-sidebar-layout":"default","site-content-layout":"","ast-site-content-layout":"default","site-content-style":"default","site-sidebar-style":"default","ast-global-header-display":"","ast-banner-title-visibility":"","ast-main-header-display":"","ast-hfb-above-header-display":"","ast-hfb-below-header-display":"","ast-hfb-mobile-header-display":"","site-post-title":"","ast-breadcrumbs-content":"","ast-featured-img":"","footer-sml-layout":"","ast-disable-related-posts":"","theme-transparent-header-meta":"","adv-header-id-meta":"","stick-header-meta":"","header-above-stick-meta":"","header-main-stick-meta":"","header-below-stick-meta":"","astra-migrate-meta-layouts":"default","ast-page-background-enabled":"default","ast-page-background-meta":{"desktop":{"background-color":"","background-image":"","background-repeat":"repeat","background-position":"center center","background-size":"auto","background-attachment":"scroll","background-type":"","background-media":"","overlay-type":"","overlay-color":"","overlay-opacity":"","overlay-gradient":""},"tablet":{"background-color":"","background-image":"","background-repeat":"repeat","background-position":"center center","background-size":"auto","background-attachment":"scroll","background-type":"","background-media":"","overlay-type":"","overlay-color":"","overlay-opacity":"","overlay-gradient":""},"mobile":{"background-color":"","background-image":"","background-repeat":"repeat","background-position":"center center","background-size":"auto","background-attachment":"scroll","background-type":"","background-media":"","overlay-type":"","overlay-color":"","overlay-opacity":"","overlay-gradient":""}},"ast-content-background-meta":{"desktop":{"background-color":"var(--ast-global-color-5)","background-image":"","background-repeat":"repeat","background-position":"center center","background-size":"auto","background-attachment":"scroll","background-type":"","background-media":"","overlay-type":"","overlay-color":"","overlay-opacity":"","overlay-gradient":""},"tablet":{"background-color":"var(--ast-global-color-5)","background-image":"","background-repeat":"repeat","background-position":"center center","background-size":"auto","background-attachment":"scroll","background-type":"","background-media":"","overlay-type":"","overlay-color":"","overlay-opacity":"","overlay-gradient":""},"mobile":{"background-color":"var(--ast-global-color-5)","background-image":"","background-repeat":"repeat","background-position":"center center","background-size":"auto","background-attachment":"scroll","background-type":"","background-media":"","overlay-type":"","overlay-color":"","overlay-opacity":"","overlay-gradient":""}}},"product_brand":[],"product_cat":[743],"product_tag":[44246],"class_list":{"0":"post-1953","1":"product","2":"type-product","3":"status-publish","4":"has-post-thumbnail","6":"product_cat-valytuvai","7":"product_tag-5w2700-1146387-1953549-2953465-3622746","8":"desktop-align-left","9":"tablet-align-left","10":"mobile-align-left","12":"first","13":"onbackorder","14":"taxable","15":"shipping-taxable","16":"purchasable","17":"product-type-simple"},"yoast_head":"<!-- This site is optimized with the Yoast SEO plugin v27.3 - https:\/\/yoast.com\/product\/yoast-seo-wordpress\/ -->\n<title>Valytuvas 700MM OEM - 6V7419 | Gera kaina | Greitas pristatymas | Eska dalys<\/title>\n<meta name=\"description\" content=\"Valytuvas 700MM OEM - 6V7419 OE numeriai: 5W2700, 1146387, 1953549, 2953465, 3622746\" \/>\n<meta name=\"robots\" content=\"index, follow, max-snippet:-1, max-image-preview:large, max-video-preview:-1\" \/>\n<link rel=\"canonical\" href=\"https:\/\/eskadalys.lt\/fr\/produit-fr\/essuie-glace-700-mm-dorigine\/\" \/>\n<meta property=\"og:locale\" content=\"fr_FR\" \/>\n<meta property=\"og:type\" content=\"article\" \/>\n<meta property=\"og:title\" content=\"Valytuvas 700MM OEM - 6V7419 | Gera kaina | Greitas pristatymas | Eska dalys\" \/>\n<meta property=\"og:description\" content=\"Valytuvas 700MM OEM - 6V7419 OE numeriai: 5W2700, 1146387, 1953549, 2953465, 3622746\" \/>\n<meta property=\"og:url\" content=\"https:\/\/eskadalys.lt\/fr\/produit-fr\/essuie-glace-700-mm-dorigine\/\" \/>\n<meta property=\"og:site_name\" content=\"Eska dalys\" \/>\n<meta property=\"article:publisher\" content=\"https:\/\/www.facebook.com\/profile.php?id=61556005720456\" \/>\n<meta property=\"article:modified_time\" content=\"2026-03-26T07:52:07+00:00\" \/>\n<meta property=\"og:image\" content=\"https:\/\/eskadalys.lt\/wp-content\/uploads\/2024\/02\/blade-as-wiper-20240121-130843-scaled-1.jpg?v=1714943538\" \/>\n\t<meta property=\"og:image:width\" content=\"1521\" \/>\n\t<meta property=\"og:image:height\" content=\"2560\" \/>\n\t<meta property=\"og:image:type\" content=\"image\/jpeg\" \/>\n<script type=\"application\/ld+json\" class=\"yoast-schema-graph\">{\"@context\":\"https:\\\/\\\/schema.org\",\"@graph\":[{\"@type\":\"WebPage\",\"@id\":\"https:\\\/\\\/eskadalys.lt\\\/product\\\/valytuvas-700mm-oem\\\/\",\"url\":\"https:\\\/\\\/eskadalys.lt\\\/product\\\/valytuvas-700mm-oem\\\/\",\"name\":\"Valytuvas 700MM OEM - 6V7419 | Gera kaina | Greitas pristatymas | Eska dalys\",\"isPartOf\":{\"@id\":\"https:\\\/\\\/eskadalys.lt\\\/#website\"},\"primaryImageOfPage\":{\"@id\":\"https:\\\/\\\/eskadalys.lt\\\/product\\\/valytuvas-700mm-oem\\\/#primaryimage\"},\"image\":{\"@id\":\"https:\\\/\\\/eskadalys.lt\\\/product\\\/valytuvas-700mm-oem\\\/#primaryimage\"},\"thumbnailUrl\":\"https:\\\/\\\/eskadalys.lt\\\/wp-content\\\/uploads\\\/2024\\\/02\\\/blade-as-wiper-20240121-130843-scaled-1.jpg?v=1714943538\",\"datePublished\":\"2024-02-10T23:37:28+00:00\",\"dateModified\":\"2026-03-26T07:52:07+00:00\",\"description\":\"Valytuvas 700MM OEM - 6V7419 OE numeriai: 5W2700, 1146387, 1953549, 2953465, 3622746\",\"breadcrumb\":{\"@id\":\"https:\\\/\\\/eskadalys.lt\\\/product\\\/valytuvas-700mm-oem\\\/#breadcrumb\"},\"inLanguage\":\"fr-FR\",\"potentialAction\":[{\"@type\":\"ReadAction\",\"target\":[\"https:\\\/\\\/eskadalys.lt\\\/product\\\/valytuvas-700mm-oem\\\/\"]}]},{\"@type\":\"ImageObject\",\"inLanguage\":\"fr-FR\",\"@id\":\"https:\\\/\\\/eskadalys.lt\\\/product\\\/valytuvas-700mm-oem\\\/#primaryimage\",\"url\":\"https:\\\/\\\/eskadalys.lt\\\/wp-content\\\/uploads\\\/2024\\\/02\\\/blade-as-wiper-20240121-130843-scaled-1.jpg?v=1714943538\",\"contentUrl\":\"https:\\\/\\\/eskadalys.lt\\\/wp-content\\\/uploads\\\/2024\\\/02\\\/blade-as-wiper-20240121-130843-scaled-1.jpg?v=1714943538\",\"width\":1521,\"height\":2560},{\"@type\":\"BreadcrumbList\",\"@id\":\"https:\\\/\\\/eskadalys.lt\\\/product\\\/valytuvas-700mm-oem\\\/#breadcrumb\",\"itemListElement\":[{\"@type\":\"ListItem\",\"position\":1,\"name\":\"Strona g\u0142\u00f3wna\",\"item\":\"https:\\\/\\\/eskadalys.lt\\\/\"},{\"@type\":\"ListItem\",\"position\":2,\"name\":\"E-parduotuv\u0117\",\"item\":\"https:\\\/\\\/eskadalys.lt\\\/e-parduotuve\\\/\"},{\"@type\":\"ListItem\",\"position\":3,\"name\":\"Valytuvas 700MM OEM &#8211; 6V7419\"}]},{\"@type\":\"WebSite\",\"@id\":\"https:\\\/\\\/eskadalys.lt\\\/#website\",\"url\":\"https:\\\/\\\/eskadalys.lt\\\/\",\"name\":\"Eska dalys\",\"description\":\"Ekskavatori\u0173 \\\/ mini ekskavatori\u0173 \\\/ buldozeri\u0173 dalys\",\"publisher\":{\"@id\":\"https:\\\/\\\/eskadalys.lt\\\/#organization\"},\"potentialAction\":[{\"@type\":\"SearchAction\",\"target\":{\"@type\":\"EntryPoint\",\"urlTemplate\":\"https:\\\/\\\/eskadalys.lt\\\/?s={search_term_string}\"},\"query-input\":{\"@type\":\"PropertyValueSpecification\",\"valueRequired\":true,\"valueName\":\"search_term_string\"}}],\"inLanguage\":\"fr-FR\"},{\"@type\":\"Organization\",\"@id\":\"https:\\\/\\\/eskadalys.lt\\\/#organization\",\"name\":\"Eska dalys\",\"url\":\"https:\\\/\\\/eskadalys.lt\\\/\",\"logo\":{\"@type\":\"ImageObject\",\"inLanguage\":\"fr-FR\",\"@id\":\"https:\\\/\\\/eskadalys.lt\\\/#\\\/schema\\\/logo\\\/image\\\/\",\"url\":\"https:\\\/\\\/eskadalys.lt\\\/wp-content\\\/uploads\\\/2024\\\/01\\\/LOGO-ESKA-FINAL.svg\",\"contentUrl\":\"https:\\\/\\\/eskadalys.lt\\\/wp-content\\\/uploads\\\/2024\\\/01\\\/LOGO-ESKA-FINAL.svg\",\"width\":259,\"height\":201,\"caption\":\"Eska dalys\"},\"image\":{\"@id\":\"https:\\\/\\\/eskadalys.lt\\\/#\\\/schema\\\/logo\\\/image\\\/\"},\"sameAs\":[\"https:\\\/\\\/www.facebook.com\\\/profile.php?id=61556005720456\"]}]}<\/script>\n<!-- \/ Yoast SEO plugin. -->","yoast_head_json":{"title":"Essuie-glace 700 mm d&#039;origine - 6V7419 | Bon prix | Livraison rapide | Pi\u00e8ces Eska","description":"Essuie-glace 700 mm d&#039;origine - 6V7419 R\u00e9f\u00e9rences d&#039;origine\u00a0: 5W2700, 1146387, 1953549, 2953465, 3622746","robots":{"index":"index","follow":"follow","max-snippet":"max-snippet:-1","max-image-preview":"max-image-preview:large","max-video-preview":"max-video-preview:-1"},"canonical":"https:\/\/eskadalys.lt\/fr\/produit-fr\/essuie-glace-700-mm-dorigine\/","og_locale":"fr_FR","og_type":"article","og_title":"Valytuvas 700MM OEM - 6V7419 | Gera kaina | Greitas pristatymas | Eska dalys","og_description":"Valytuvas 700MM OEM - 6V7419 OE numeriai: 5W2700, 1146387, 1953549, 2953465, 3622746","og_url":"https:\/\/eskadalys.lt\/fr\/produit-fr\/essuie-glace-700-mm-dorigine\/","og_site_name":"Eska dalys","article_publisher":"https:\/\/www.facebook.com\/profile.php?id=61556005720456","article_modified_time":"2026-03-26T07:52:07+00:00","og_image":[{"width":1521,"height":2560,"url":"https:\/\/eskadalys.lt\/wp-content\/uploads\/2024\/02\/blade-as-wiper-20240121-130843-scaled-1.jpg?v=1714943538","type":"image\/jpeg"}],"schema":{"@context":"https:\/\/schema.org","@graph":[{"@type":"WebPage","@id":"https:\/\/eskadalys.lt\/product\/valytuvas-700mm-oem\/","url":"https:\/\/eskadalys.lt\/product\/valytuvas-700mm-oem\/","name":"Essuie-glace 700 mm d&#039;origine - 6V7419 | Bon prix | Livraison rapide | Pi\u00e8ces Eska","isPartOf":{"@id":"https:\/\/eskadalys.lt\/#website"},"primaryImageOfPage":{"@id":"https:\/\/eskadalys.lt\/product\/valytuvas-700mm-oem\/#primaryimage"},"image":{"@id":"https:\/\/eskadalys.lt\/product\/valytuvas-700mm-oem\/#primaryimage"},"thumbnailUrl":"https:\/\/eskadalys.lt\/wp-content\/uploads\/2024\/02\/blade-as-wiper-20240121-130843-scaled-1.jpg?v=1714943538","datePublished":"2024-02-10T23:37:28+00:00","dateModified":"2026-03-26T07:52:07+00:00","description":"Essuie-glace 700 mm d&#039;origine - 6V7419 R\u00e9f\u00e9rences d&#039;origine\u00a0: 5W2700, 1146387, 1953549, 2953465, 3622746","breadcrumb":{"@id":"https:\/\/eskadalys.lt\/product\/valytuvas-700mm-oem\/#breadcrumb"},"inLanguage":"fr-FR","potentialAction":[{"@type":"ReadAction","target":["https:\/\/eskadalys.lt\/product\/valytuvas-700mm-oem\/"]}]},{"@type":"ImageObject","inLanguage":"fr-FR","@id":"https:\/\/eskadalys.lt\/product\/valytuvas-700mm-oem\/#primaryimage","url":"https:\/\/eskadalys.lt\/wp-content\/uploads\/2024\/02\/blade-as-wiper-20240121-130843-scaled-1.jpg?v=1714943538","contentUrl":"https:\/\/eskadalys.lt\/wp-content\/uploads\/2024\/02\/blade-as-wiper-20240121-130843-scaled-1.jpg?v=1714943538","width":1521,"height":2560},{"@type":"BreadcrumbList","@id":"https:\/\/eskadalys.lt\/product\/valytuvas-700mm-oem\/#breadcrumb","itemListElement":[{"@type":"ListItem","position":1,"name":"Strona g\u0142\u00f3wna","item":"https:\/\/eskadalys.lt\/"},{"@type":"ListItem","position":2,"name":"E-parduotuv\u0117","item":"https:\/\/eskadalys.lt\/e-parduotuve\/"},{"@type":"ListItem","position":3,"name":"Valytuvas 700MM OEM &#8211; 6V7419"}]},{"@type":"WebSite","@id":"https:\/\/eskadalys.lt\/#website","url":"https:\/\/eskadalys.lt\/","name":"Eska parts","description":"Pi\u00e8ces d\u00e9tach\u00e9es pour excavatrices\/mini-excavatrices\/bulldozers","publisher":{"@id":"https:\/\/eskadalys.lt\/#organization"},"potentialAction":[{"@type":"SearchAction","target":{"@type":"EntryPoint","urlTemplate":"https:\/\/eskadalys.lt\/?s={search_term_string}"},"query-input":{"@type":"PropertyValueSpecification","valueRequired":true,"valueName":"search_term_string"}}],"inLanguage":"fr-FR"},{"@type":"Organization","@id":"https:\/\/eskadalys.lt\/#organization","name":"Eska parts","url":"https:\/\/eskadalys.lt\/","logo":{"@type":"ImageObject","inLanguage":"fr-FR","@id":"https:\/\/eskadalys.lt\/#\/schema\/logo\/image\/","url":"https:\/\/eskadalys.lt\/wp-content\/uploads\/2024\/01\/LOGO-ESKA-FINAL.svg","contentUrl":"https:\/\/eskadalys.lt\/wp-content\/uploads\/2024\/01\/LOGO-ESKA-FINAL.svg","width":259,"height":201,"caption":"Eska dalys"},"image":{"@id":"https:\/\/eskadalys.lt\/#\/schema\/logo\/image\/"},"sameAs":["https:\/\/www.facebook.com\/profile.php?id=61556005720456"]}]}},"_links":{"self":[{"href":"https:\/\/eskadalys.lt\/fr\/wp-json\/wp\/v2\/product\/1953","targetHints":{"allow":["GET"]}}],"collection":[{"href":"https:\/\/eskadalys.lt\/fr\/wp-json\/wp\/v2\/product"}],"about":[{"href":"https:\/\/eskadalys.lt\/fr\/wp-json\/wp\/v2\/types\/product"}],"wp:featuredmedia":[{"embeddable":true,"href":"https:\/\/eskadalys.lt\/fr\/wp-json\/wp\/v2\/media\/96030"}],"wp:attachment":[{"href":"https:\/\/eskadalys.lt\/fr\/wp-json\/wp\/v2\/media?parent=1953"}],"wp:term":[{"taxonomy":"product_brand","embeddable":true,"href":"https:\/\/eskadalys.lt\/fr\/wp-json\/wp\/v2\/product_brand?post=1953"},{"taxonomy":"product_cat","embeddable":true,"href":"https:\/\/eskadalys.lt\/fr\/wp-json\/wp\/v2\/product_cat?post=1953"},{"taxonomy":"product_tag","embeddable":true,"href":"https:\/\/eskadalys.lt\/fr\/wp-json\/wp\/v2\/product_tag?post=1953"}],"curies":[{"name":"wp","href":"https:\/\/api.w.org\/{rel}","templated":true}]}}