{"id":1456,"date":"2024-02-11T01:01:53","date_gmt":"2024-02-10T23:01:53","guid":{"rendered":"https:\/\/eskadalys.lt\/?post_type=product&#038;p=1456"},"modified":"2026-04-22T16:28:46","modified_gmt":"2026-04-22T13:28:46","slug":"hidroakumuliatorius-oem-parker-40-120c-2-bar-2","status":"publish","type":"product","link":"https:\/\/eskadalys.lt\/fr\/product\/hidroakumuliatorius-oem-parker-40-120c-2-bar-2\/","title":{"rendered":"Accumulateur hydraulique OEM PARKER\u00a0!! -40 \/ 120\u2033C, 2 BAR \u2013 1997447"},"content":{"rendered":"<p><strong>Accumulateur hydraulique OEM PARKER\u00a0!! -40 \/ 120\u2033C, 2 BAR \u2013 1997447<\/strong><br \/>\n<strong>Convient pour :<\/strong> CAT, Vik\u0161rinis ekskavatorius, 307, 312, 312B, 312C, 312D, 315, 315B, 315D, 317, 317B, 319D, 320B, 320C, 320D, 321B, 322B, 322C, 323D, 325D, 330B, 330D, 345B, 345C, Mini ekskavatorius, 303, 303.5, 304, 304.5, 305.5, 305.5E, 306, 307B, 308E<br \/>\n<strong>Num\u00e9ros OE :<\/strong> 1490686, 2278807.<br \/>\n199-7447<\/p>\n<h3>\ud83d\udd0d Vous cherchez un autre produit de cette cat\u00e9gorie ? <a href=\"https:\/\/eskadalys.lt\/fr\/categorie-de-produits-fr\/pieces-du-systeme-hydraulique\/accumulateurs-hydrauliques\/\">Hydroaccumulateurs<\/a> ?<\/h3>\n<h3>\ud83d\udee0\ufe0f Pi\u00e8ces d\u00e9tach\u00e9es pour engins de chantier - vous pouvez en trouver davantage <a href=\"https:\/\/eskadalys.lt\/fr\/categorie-de-produits-fr\/pieces-du-systeme-hydraulique\/\">pi\u00e8ces du syst\u00e8me hydraulique<\/a> dans cette cat\u00e9gorie.<\/h3>\n<p>Si vous n&#039;\u00eates pas s\u00fbr que cette pi\u00e8ce soit compatible avec votre machine, <strong>Veuillez nous communiquer le num\u00e9ro de s\u00e9rie du v\u00e9hicule (VIN) avant l&#039;achat.<\/strong>. Nous v\u00e9rifierons la compatibilit\u00e9 \u00e0 l&#039;aide des catalogues et <strong>nous vous proposerons la pi\u00e8ce ad\u00e9quate<\/strong>. Si vous ne trouvez pas la pi\u00e8ce dont vous avez besoin, \u00e9crivez-nous \u2013 nous vous aiderons \u00e0 la trouver !<\/p>\n<p><strong>\ud83d\udce6 Entrep\u00f4t en Lituanie<\/strong> \u2013 Les commandes pass\u00e9es avant 14h00 sont exp\u00e9di\u00e9es le jour m\u00eame.<\/p>\n<p><strong>\ud83d\ude80 Livraison rapide<\/strong> \u2013 Les articles command\u00e9s que nous n&#039;avons actuellement pas en stock seront livr\u00e9s sous 3 \u00e0 4 jours ouvrables.<\/p>\n<p><strong>\ud83d\udcc8 Large gamme<\/strong> \u2013 Nous \u00e9largissons constamment notre gamme de produits.<\/p>","protected":false},"excerpt":{"rendered":"<p>1997447 OEM<\/p>","protected":false},"featured_media":94864,"template":"","meta":{"site-sidebar-layout":"default","site-content-layout":"","ast-site-content-layout":"default","site-content-style":"default","site-sidebar-style":"default","ast-global-header-display":"","ast-banner-title-visibility":"","ast-main-header-display":"","ast-hfb-above-header-display":"","ast-hfb-below-header-display":"","ast-hfb-mobile-header-display":"","site-post-title":"","ast-breadcrumbs-content":"","ast-featured-img":"","footer-sml-layout":"","ast-disable-related-posts":"","theme-transparent-header-meta":"","adv-header-id-meta":"","stick-header-meta":"","header-above-stick-meta":"","header-main-stick-meta":"","header-below-stick-meta":"","astra-migrate-meta-layouts":"default","ast-page-background-enabled":"default","ast-page-background-meta":{"desktop":{"background-color":"","background-image":"","background-repeat":"repeat","background-position":"center center","background-size":"auto","background-attachment":"scroll","background-type":"","background-media":"","overlay-type":"","overlay-color":"","overlay-opacity":"","overlay-gradient":""},"tablet":{"background-color":"","background-image":"","background-repeat":"repeat","background-position":"center center","background-size":"auto","background-attachment":"scroll","background-type":"","background-media":"","overlay-type":"","overlay-color":"","overlay-opacity":"","overlay-gradient":""},"mobile":{"background-color":"","background-image":"","background-repeat":"repeat","background-position":"center center","background-size":"auto","background-attachment":"scroll","background-type":"","background-media":"","overlay-type":"","overlay-color":"","overlay-opacity":"","overlay-gradient":""}},"ast-content-background-meta":{"desktop":{"background-color":"var(--ast-global-color-5)","background-image":"","background-repeat":"repeat","background-position":"center center","background-size":"auto","background-attachment":"scroll","background-type":"","background-media":"","overlay-type":"","overlay-color":"","overlay-opacity":"","overlay-gradient":""},"tablet":{"background-color":"var(--ast-global-color-5)","background-image":"","background-repeat":"repeat","background-position":"center center","background-size":"auto","background-attachment":"scroll","background-type":"","background-media":"","overlay-type":"","overlay-color":"","overlay-opacity":"","overlay-gradient":""},"mobile":{"background-color":"var(--ast-global-color-5)","background-image":"","background-repeat":"repeat","background-position":"center center","background-size":"auto","background-attachment":"scroll","background-type":"","background-media":"","overlay-type":"","overlay-color":"","overlay-opacity":"","overlay-gradient":""}}},"product_brand":[],"product_cat":[735],"product_tag":[],"class_list":{"0":"post-1456","1":"product","2":"type-product","3":"status-publish","4":"has-post-thumbnail","6":"product_cat-hidroakumuliatoriai","7":"desktop-align-left","8":"tablet-align-left","9":"mobile-align-left","11":"first","12":"outofstock","13":"taxable","14":"shipping-taxable","15":"purchasable","16":"product-type-simple"},"yoast_head":"<!-- This site is optimized with the Yoast SEO plugin v27.5 - https:\/\/yoast.com\/product\/yoast-seo-wordpress\/ -->\n<title>Hidroakumuliatorius OEM PARKER!! -40 \/ 120&quot;C , 2 BAR - 1997447 | Gera kaina | Greitas pristatymas | Eska dalys<\/title>\n<meta name=\"description\" content=\"Hidroakumuliatorius OEM PARKER!! -40 \/ 120&quot;C , 2 BAR - 1997447 Tinka: CAT, Vik\u0161rinis ekskavatorius, 307, 312, 312B, 312C, 312D, 315, 315B, 315D, 317, 317B, 319D, 320B, 320C, 320D, 321B, 322B, 322C, 323D, 325D, 330B, 330D, 345B, 345C, Mini ekskavatorius, 303, 303.5, 304, 304.5, 305.5, 305.5E, 306, 307B, 308E OE numeriai: 1490686, 2278807.\" \/>\n<meta name=\"robots\" content=\"index, follow, max-snippet:-1, max-image-preview:large, max-video-preview:-1\" \/>\n<link rel=\"canonical\" href=\"https:\/\/eskadalys.lt\/fr\/produit-fr\/hidroakumuliatorius-oem-parker-40-120c-2-bar-2\/\" \/>\n<meta property=\"og:locale\" content=\"fr_FR\" \/>\n<meta property=\"og:type\" content=\"article\" \/>\n<meta property=\"og:title\" content=\"Hidroakumuliatorius OEM PARKER!! -40 \/ 120&quot;C , 2 BAR - 1997447 | Gera kaina | Greitas pristatymas | Eska dalys\" \/>\n<meta property=\"og:description\" content=\"Hidroakumuliatorius OEM PARKER!! -40 \/ 120&quot;C , 2 BAR - 1997447 Tinka: CAT, Vik\u0161rinis ekskavatorius, 307, 312, 312B, 312C, 312D, 315, 315B, 315D, 317, 317B, 319D, 320B, 320C, 320D, 321B, 322B, 322C, 323D, 325D, 330B, 330D, 345B, 345C, Mini ekskavatorius, 303, 303.5, 304, 304.5, 305.5, 305.5E, 306, 307B, 308E OE numeriai: 1490686, 2278807.\" \/>\n<meta property=\"og:url\" content=\"https:\/\/eskadalys.lt\/fr\/produit-fr\/hidroakumuliatorius-oem-parker-40-120c-2-bar-2\/\" \/>\n<meta property=\"og:site_name\" content=\"Eska dalys\" \/>\n<meta property=\"article:publisher\" content=\"https:\/\/www.facebook.com\/profile.php?id=61556005720456\" \/>\n<meta property=\"article:modified_time\" content=\"2026-04-22T13:28:46+00:00\" \/>\n<meta property=\"og:image\" content=\"https:\/\/eskadalys.lt\/wp-content\/uploads\/2024\/02\/accumulator-oem-parker-20240121-123151-scaled-1.jpg?v=1714948163\" \/>\n\t<meta property=\"og:image:width\" content=\"1600\" \/>\n\t<meta property=\"og:image:height\" content=\"1661\" \/>\n\t<meta property=\"og:image:type\" content=\"image\/jpeg\" \/>\n<script type=\"application\/ld+json\" class=\"yoast-schema-graph\">{\"@context\":\"https:\\\/\\\/schema.org\",\"@graph\":[{\"@type\":\"WebPage\",\"@id\":\"https:\\\/\\\/eskadalys.lt\\\/product\\\/hidroakumuliatorius-oem-parker-40-120c-2-bar-2\\\/\",\"url\":\"https:\\\/\\\/eskadalys.lt\\\/product\\\/hidroakumuliatorius-oem-parker-40-120c-2-bar-2\\\/\",\"name\":\"Hidroakumuliatorius OEM PARKER!! -40 \\\/ 120\\\"C , 2 BAR - 1997447 | Gera kaina | Greitas pristatymas | Eska dalys\",\"isPartOf\":{\"@id\":\"https:\\\/\\\/eskadalys.lt\\\/#website\"},\"primaryImageOfPage\":{\"@id\":\"https:\\\/\\\/eskadalys.lt\\\/product\\\/hidroakumuliatorius-oem-parker-40-120c-2-bar-2\\\/#primaryimage\"},\"image\":{\"@id\":\"https:\\\/\\\/eskadalys.lt\\\/product\\\/hidroakumuliatorius-oem-parker-40-120c-2-bar-2\\\/#primaryimage\"},\"thumbnailUrl\":\"https:\\\/\\\/eskadalys.lt\\\/wp-content\\\/uploads\\\/2024\\\/02\\\/accumulator-oem-parker-20240121-123151-scaled-1.jpg?v=1714948163\",\"datePublished\":\"2024-02-10T23:01:53+00:00\",\"dateModified\":\"2026-04-22T13:28:46+00:00\",\"description\":\"Hidroakumuliatorius OEM PARKER!! -40 \\\/ 120\\\"C , 2 BAR - 1997447 Tinka: CAT, Vik\u0161rinis ekskavatorius, 307, 312, 312B, 312C, 312D, 315, 315B, 315D, 317, 317B, 319D, 320B, 320C, 320D, 321B, 322B, 322C, 323D, 325D, 330B, 330D, 345B, 345C, Mini ekskavatorius, 303, 303.5, 304, 304.5, 305.5, 305.5E, 306, 307B, 308E OE numeriai: 1490686, 2278807.\",\"breadcrumb\":{\"@id\":\"https:\\\/\\\/eskadalys.lt\\\/product\\\/hidroakumuliatorius-oem-parker-40-120c-2-bar-2\\\/#breadcrumb\"},\"inLanguage\":\"fr-FR\",\"potentialAction\":[{\"@type\":\"ReadAction\",\"target\":[\"https:\\\/\\\/eskadalys.lt\\\/product\\\/hidroakumuliatorius-oem-parker-40-120c-2-bar-2\\\/\"]}]},{\"@type\":\"ImageObject\",\"inLanguage\":\"fr-FR\",\"@id\":\"https:\\\/\\\/eskadalys.lt\\\/product\\\/hidroakumuliatorius-oem-parker-40-120c-2-bar-2\\\/#primaryimage\",\"url\":\"https:\\\/\\\/eskadalys.lt\\\/wp-content\\\/uploads\\\/2024\\\/02\\\/accumulator-oem-parker-20240121-123151-scaled-1.jpg?v=1714948163\",\"contentUrl\":\"https:\\\/\\\/eskadalys.lt\\\/wp-content\\\/uploads\\\/2024\\\/02\\\/accumulator-oem-parker-20240121-123151-scaled-1.jpg?v=1714948163\",\"width\":1600,\"height\":1661},{\"@type\":\"BreadcrumbList\",\"@id\":\"https:\\\/\\\/eskadalys.lt\\\/product\\\/hidroakumuliatorius-oem-parker-40-120c-2-bar-2\\\/#breadcrumb\",\"itemListElement\":[{\"@type\":\"ListItem\",\"position\":1,\"name\":\"Strona g\u0142\u00f3wna\",\"item\":\"https:\\\/\\\/eskadalys.lt\\\/\"},{\"@type\":\"ListItem\",\"position\":2,\"name\":\"E-parduotuv\u0117\",\"item\":\"https:\\\/\\\/eskadalys.lt\\\/e-parduotuve\\\/\"},{\"@type\":\"ListItem\",\"position\":3,\"name\":\"Hidroakumuliatorius OEM PARKER!! -40 \\\/ 120&#8243;C , 2 BAR &#8211; 1997447\"}]},{\"@type\":\"WebSite\",\"@id\":\"https:\\\/\\\/eskadalys.lt\\\/#website\",\"url\":\"https:\\\/\\\/eskadalys.lt\\\/\",\"name\":\"Eska dalys\",\"description\":\"Ekskavatori\u0173 \\\/ mini ekskavatori\u0173 \\\/ buldozeri\u0173 dalys\",\"publisher\":{\"@id\":\"https:\\\/\\\/eskadalys.lt\\\/#organization\"},\"potentialAction\":[{\"@type\":\"SearchAction\",\"target\":{\"@type\":\"EntryPoint\",\"urlTemplate\":\"https:\\\/\\\/eskadalys.lt\\\/?s={search_term_string}\"},\"query-input\":{\"@type\":\"PropertyValueSpecification\",\"valueRequired\":true,\"valueName\":\"search_term_string\"}}],\"inLanguage\":\"fr-FR\"},{\"@type\":\"Organization\",\"@id\":\"https:\\\/\\\/eskadalys.lt\\\/#organization\",\"name\":\"Eska dalys\",\"url\":\"https:\\\/\\\/eskadalys.lt\\\/\",\"logo\":{\"@type\":\"ImageObject\",\"inLanguage\":\"fr-FR\",\"@id\":\"https:\\\/\\\/eskadalys.lt\\\/#\\\/schema\\\/logo\\\/image\\\/\",\"url\":\"https:\\\/\\\/eskadalys.lt\\\/wp-content\\\/uploads\\\/2024\\\/01\\\/LOGO-ESKA-FINAL.svg\",\"contentUrl\":\"https:\\\/\\\/eskadalys.lt\\\/wp-content\\\/uploads\\\/2024\\\/01\\\/LOGO-ESKA-FINAL.svg\",\"width\":259,\"height\":201,\"caption\":\"Eska dalys\"},\"image\":{\"@id\":\"https:\\\/\\\/eskadalys.lt\\\/#\\\/schema\\\/logo\\\/image\\\/\"},\"sameAs\":[\"https:\\\/\\\/www.facebook.com\\\/profile.php?id=61556005720456\"]}]}<\/script>\n<!-- \/ Yoast SEO plugin. -->","yoast_head_json":{"title":"Hidroakumuliatorius OEM PARKER!! -40 \/ 120\"C , 2 BAR - 1997447 | Gera kaina | Greitas pristatymas | Eska dalys","description":"Hidroakumuliatorius OEM PARKER!! -40 \/ 120\"C , 2 BAR - 1997447 Tinka: CAT, Vik\u0161rinis ekskavatorius, 307, 312, 312B, 312C, 312D, 315, 315B, 315D, 317, 317B, 319D, 320B, 320C, 320D, 321B, 322B, 322C, 323D, 325D, 330B, 330D, 345B, 345C, Mini ekskavatorius, 303, 303.5, 304, 304.5, 305.5, 305.5E, 306, 307B, 308E OE numeriai: 1490686, 2278807.","robots":{"index":"index","follow":"follow","max-snippet":"max-snippet:-1","max-image-preview":"max-image-preview:large","max-video-preview":"max-video-preview:-1"},"canonical":"https:\/\/eskadalys.lt\/fr\/produit-fr\/hidroakumuliatorius-oem-parker-40-120c-2-bar-2\/","og_locale":"fr_FR","og_type":"article","og_title":"Hidroakumuliatorius OEM PARKER!! -40 \/ 120\"C , 2 BAR - 1997447 | Gera kaina | Greitas pristatymas | Eska dalys","og_description":"Hidroakumuliatorius OEM PARKER!! -40 \/ 120\"C , 2 BAR - 1997447 Tinka: CAT, Vik\u0161rinis ekskavatorius, 307, 312, 312B, 312C, 312D, 315, 315B, 315D, 317, 317B, 319D, 320B, 320C, 320D, 321B, 322B, 322C, 323D, 325D, 330B, 330D, 345B, 345C, Mini ekskavatorius, 303, 303.5, 304, 304.5, 305.5, 305.5E, 306, 307B, 308E OE numeriai: 1490686, 2278807.","og_url":"https:\/\/eskadalys.lt\/fr\/produit-fr\/hidroakumuliatorius-oem-parker-40-120c-2-bar-2\/","og_site_name":"Eska dalys","article_publisher":"https:\/\/www.facebook.com\/profile.php?id=61556005720456","article_modified_time":"2026-04-22T13:28:46+00:00","og_image":[{"width":1600,"height":1661,"url":"https:\/\/eskadalys.lt\/wp-content\/uploads\/2024\/02\/accumulator-oem-parker-20240121-123151-scaled-1.jpg?v=1714948163","type":"image\/jpeg"}],"schema":{"@context":"https:\/\/schema.org","@graph":[{"@type":"WebPage","@id":"https:\/\/eskadalys.lt\/product\/hidroakumuliatorius-oem-parker-40-120c-2-bar-2\/","url":"https:\/\/eskadalys.lt\/product\/hidroakumuliatorius-oem-parker-40-120c-2-bar-2\/","name":"Hidroakumuliatorius OEM PARKER!! -40 \/ 120\"C , 2 BAR - 1997447 | Gera kaina | Greitas pristatymas | Eska dalys","isPartOf":{"@id":"https:\/\/eskadalys.lt\/#website"},"primaryImageOfPage":{"@id":"https:\/\/eskadalys.lt\/product\/hidroakumuliatorius-oem-parker-40-120c-2-bar-2\/#primaryimage"},"image":{"@id":"https:\/\/eskadalys.lt\/product\/hidroakumuliatorius-oem-parker-40-120c-2-bar-2\/#primaryimage"},"thumbnailUrl":"https:\/\/eskadalys.lt\/wp-content\/uploads\/2024\/02\/accumulator-oem-parker-20240121-123151-scaled-1.jpg?v=1714948163","datePublished":"2024-02-10T23:01:53+00:00","dateModified":"2026-04-22T13:28:46+00:00","description":"Hidroakumuliatorius OEM PARKER!! -40 \/ 120\"C , 2 BAR - 1997447 Tinka: CAT, Vik\u0161rinis ekskavatorius, 307, 312, 312B, 312C, 312D, 315, 315B, 315D, 317, 317B, 319D, 320B, 320C, 320D, 321B, 322B, 322C, 323D, 325D, 330B, 330D, 345B, 345C, Mini ekskavatorius, 303, 303.5, 304, 304.5, 305.5, 305.5E, 306, 307B, 308E OE numeriai: 1490686, 2278807.","breadcrumb":{"@id":"https:\/\/eskadalys.lt\/product\/hidroakumuliatorius-oem-parker-40-120c-2-bar-2\/#breadcrumb"},"inLanguage":"fr-FR","potentialAction":[{"@type":"ReadAction","target":["https:\/\/eskadalys.lt\/product\/hidroakumuliatorius-oem-parker-40-120c-2-bar-2\/"]}]},{"@type":"ImageObject","inLanguage":"fr-FR","@id":"https:\/\/eskadalys.lt\/product\/hidroakumuliatorius-oem-parker-40-120c-2-bar-2\/#primaryimage","url":"https:\/\/eskadalys.lt\/wp-content\/uploads\/2024\/02\/accumulator-oem-parker-20240121-123151-scaled-1.jpg?v=1714948163","contentUrl":"https:\/\/eskadalys.lt\/wp-content\/uploads\/2024\/02\/accumulator-oem-parker-20240121-123151-scaled-1.jpg?v=1714948163","width":1600,"height":1661},{"@type":"BreadcrumbList","@id":"https:\/\/eskadalys.lt\/product\/hidroakumuliatorius-oem-parker-40-120c-2-bar-2\/#breadcrumb","itemListElement":[{"@type":"ListItem","position":1,"name":"Strona g\u0142\u00f3wna","item":"https:\/\/eskadalys.lt\/"},{"@type":"ListItem","position":2,"name":"E-parduotuv\u0117","item":"https:\/\/eskadalys.lt\/e-parduotuve\/"},{"@type":"ListItem","position":3,"name":"Hidroakumuliatorius OEM PARKER!! -40 \/ 120&#8243;C , 2 BAR &#8211; 1997447"}]},{"@type":"WebSite","@id":"https:\/\/eskadalys.lt\/#website","url":"https:\/\/eskadalys.lt\/","name":"Eska parts","description":"Pi\u00e8ces d\u00e9tach\u00e9es pour excavatrices\/mini-excavatrices\/bulldozers","publisher":{"@id":"https:\/\/eskadalys.lt\/#organization"},"potentialAction":[{"@type":"SearchAction","target":{"@type":"EntryPoint","urlTemplate":"https:\/\/eskadalys.lt\/?s={search_term_string}"},"query-input":{"@type":"PropertyValueSpecification","valueRequired":true,"valueName":"search_term_string"}}],"inLanguage":"fr-FR"},{"@type":"Organization","@id":"https:\/\/eskadalys.lt\/#organization","name":"Eska parts","url":"https:\/\/eskadalys.lt\/","logo":{"@type":"ImageObject","inLanguage":"fr-FR","@id":"https:\/\/eskadalys.lt\/#\/schema\/logo\/image\/","url":"https:\/\/eskadalys.lt\/wp-content\/uploads\/2024\/01\/LOGO-ESKA-FINAL.svg","contentUrl":"https:\/\/eskadalys.lt\/wp-content\/uploads\/2024\/01\/LOGO-ESKA-FINAL.svg","width":259,"height":201,"caption":"Eska dalys"},"image":{"@id":"https:\/\/eskadalys.lt\/#\/schema\/logo\/image\/"},"sameAs":["https:\/\/www.facebook.com\/profile.php?id=61556005720456"]}]}},"_links":{"self":[{"href":"https:\/\/eskadalys.lt\/fr\/wp-json\/wp\/v2\/product\/1456","targetHints":{"allow":["GET"]}}],"collection":[{"href":"https:\/\/eskadalys.lt\/fr\/wp-json\/wp\/v2\/product"}],"about":[{"href":"https:\/\/eskadalys.lt\/fr\/wp-json\/wp\/v2\/types\/product"}],"wp:featuredmedia":[{"embeddable":true,"href":"https:\/\/eskadalys.lt\/fr\/wp-json\/wp\/v2\/media\/94864"}],"wp:attachment":[{"href":"https:\/\/eskadalys.lt\/fr\/wp-json\/wp\/v2\/media?parent=1456"}],"wp:term":[{"taxonomy":"product_brand","embeddable":true,"href":"https:\/\/eskadalys.lt\/fr\/wp-json\/wp\/v2\/product_brand?post=1456"},{"taxonomy":"product_cat","embeddable":true,"href":"https:\/\/eskadalys.lt\/fr\/wp-json\/wp\/v2\/product_cat?post=1456"},{"taxonomy":"product_tag","embeddable":true,"href":"https:\/\/eskadalys.lt\/fr\/wp-json\/wp\/v2\/product_tag?post=1456"}],"curies":[{"name":"wp","href":"https:\/\/api.w.org\/{rel}","templated":true}]}}