{"id":1397,"date":"2024-02-11T00:57:41","date_gmt":"2024-02-10T22:57:41","guid":{"rendered":"https:\/\/eskadalys.lt\/?post_type=product&#038;p=1397"},"modified":"2026-05-10T06:44:35","modified_gmt":"2026-05-10T03:44:35","slug":"ivoire-cva-66","status":"publish","type":"product","link":"https:\/\/eskadalys.lt\/fr\/product\/ivore-cva-66\/","title":{"rendered":"Bague CVA \u2013 9R0411"},"content":{"rendered":"<p><strong>Bague CVA \u2013 9R0411<\/strong><\/p>\n<p>Dimensions :<br \/>\n \u2013 Diam\u00e8tre int\u00e9rieur : 45 mm,<br \/>\n \u2013 Diam\u00e8tre ext\u00e9rieur : 58 mm,<br \/>\n -Hauteur : 34 mm,  <\/p>\n<p><strong>Convient pour :<\/strong> CAT, chargeuse-pelleteuse, 416B, 416C, 416D, 416E, 416F, 420D, 420E, 420F, 422E, 422F, 426, 426B, 426C, 428, 428B, 428C, 428D, 428E, 428F, 430D, 430E, 432D, 432E, 432F, 434E, 436, 436B, 436C, 438, 438B, 438C, 438D, 442D, 442E, 444E, 446, 446B, 446D, 424B, 416, 415F2, 428F2, 427F2, 422F2, 430F2, 432C<br \/>\n<strong>Num\u00e9ros OE :<\/strong> 9R0411, 45x58x34<br \/>\n9R-0411 45x58x34<\/p>\n<h3>\ud83d\udd0d Vous cherchez un autre produit de cette cat\u00e9gorie ? <a href=\"https:\/\/eskadalys.lt\/fr\/categorie-de-produits-fr\/axes-paliers-en-ivoire\/ivoire\/\">bagues<\/a> ?<\/h3>\n<h3>\ud83d\udee0\ufe0f Pi\u00e8ces d\u00e9tach\u00e9es pour chats \u2013 vous pouvez en trouver davantage. <a href=\"https:\/\/eskadalys.lt\/fr\/categorie-de-produits-fr\/axes-paliers-en-ivoire\/\">Axes \/ Douilles \/ Roulements<\/a> dans cette cat\u00e9gorie.<\/h3>\n<p>Si vous n&#039;\u00eates pas s\u00fbr que cette pi\u00e8ce soit compatible avec votre machine, <strong>Veuillez nous communiquer le num\u00e9ro de s\u00e9rie du v\u00e9hicule (VIN) avant l&#039;achat.<\/strong>. Nous v\u00e9rifierons la compatibilit\u00e9 \u00e0 l&#039;aide des catalogues et <strong>nous vous proposerons la pi\u00e8ce ad\u00e9quate<\/strong>. Si vous ne trouvez pas la pi\u00e8ce dont vous avez besoin, \u00e9crivez-nous \u2013 nous vous aiderons \u00e0 la trouver !<\/p>\n<p><strong>\ud83d\udce6 Entrep\u00f4t en Lituanie<\/strong> \u2013 Les commandes pass\u00e9es avant 14h00 sont exp\u00e9di\u00e9es le jour m\u00eame.<\/p>\n<p><strong>\ud83d\ude80 Livraison rapide<\/strong> \u2013 Les articles command\u00e9s que nous n&#039;avons actuellement pas en stock seront livr\u00e9s sous 3 \u00e0 4 jours ouvrables.<\/p>\n<p><strong>\ud83d\udcc8 Large gamme<\/strong> \u2013 Nous \u00e9largissons constamment notre gamme de produits.<\/p>","protected":false},"excerpt":{"rendered":"<p>9R0411 CVA<\/p>","protected":false},"featured_media":94733,"template":"","meta":{"site-sidebar-layout":"default","site-content-layout":"","ast-site-content-layout":"default","site-content-style":"default","site-sidebar-style":"default","ast-global-header-display":"","ast-banner-title-visibility":"","ast-main-header-display":"","ast-hfb-above-header-display":"","ast-hfb-below-header-display":"","ast-hfb-mobile-header-display":"","site-post-title":"","ast-breadcrumbs-content":"","ast-featured-img":"","footer-sml-layout":"","ast-disable-related-posts":"","theme-transparent-header-meta":"","adv-header-id-meta":"","stick-header-meta":"","header-above-stick-meta":"","header-main-stick-meta":"","header-below-stick-meta":"","astra-migrate-meta-layouts":"default","ast-page-background-enabled":"default","ast-page-background-meta":{"desktop":{"background-color":"","background-image":"","background-repeat":"repeat","background-position":"center center","background-size":"auto","background-attachment":"scroll","background-type":"","background-media":"","overlay-type":"","overlay-color":"","overlay-opacity":"","overlay-gradient":""},"tablet":{"background-color":"","background-image":"","background-repeat":"repeat","background-position":"center center","background-size":"auto","background-attachment":"scroll","background-type":"","background-media":"","overlay-type":"","overlay-color":"","overlay-opacity":"","overlay-gradient":""},"mobile":{"background-color":"","background-image":"","background-repeat":"repeat","background-position":"center center","background-size":"auto","background-attachment":"scroll","background-type":"","background-media":"","overlay-type":"","overlay-color":"","overlay-opacity":"","overlay-gradient":""}},"ast-content-background-meta":{"desktop":{"background-color":"var(--ast-global-color-5)","background-image":"","background-repeat":"repeat","background-position":"center center","background-size":"auto","background-attachment":"scroll","background-type":"","background-media":"","overlay-type":"","overlay-color":"","overlay-opacity":"","overlay-gradient":""},"tablet":{"background-color":"var(--ast-global-color-5)","background-image":"","background-repeat":"repeat","background-position":"center center","background-size":"auto","background-attachment":"scroll","background-type":"","background-media":"","overlay-type":"","overlay-color":"","overlay-opacity":"","overlay-gradient":""},"mobile":{"background-color":"var(--ast-global-color-5)","background-image":"","background-repeat":"repeat","background-position":"center center","background-size":"auto","background-attachment":"scroll","background-type":"","background-media":"","overlay-type":"","overlay-color":"","overlay-opacity":"","overlay-gradient":""}}},"product_brand":[],"product_cat":[768,50684],"product_tag":[],"class_list":{"0":"post-1397","1":"product","2":"type-product","3":"status-publish","4":"has-post-thumbnail","6":"product_cat-ivores","7":"product_cat-ivores-pagal-ismatavimus","8":"desktop-align-left","9":"tablet-align-left","10":"mobile-align-left","12":"first","13":"instock","14":"taxable","15":"shipping-taxable","16":"purchasable","17":"product-type-simple"},"yoast_head":"<!-- This site is optimized with the Yoast SEO plugin v27.6 - https:\/\/yoast.com\/product\/yoast-seo-wordpress\/ -->\n<title>\u012evor\u0117 CVA - 9R0411 | Gera kaina | Greitas pristatymas | Eska dalys<\/title>\n<meta name=\"description\" content=\"\u012evor\u0117 - 9R0411 Matmenys: : - Vidinis skersmuo: 45 mm, - I\u0161orinis skersmuo: 58 mm, -Auk\u0161tis: 34 mm, Tinka: CAT, Ekskavatorius krautuvas, 416B, 416C, 416D, 416E, 416F, 420D, 420E, 420F, 422E, 422F, 426, 426B, 426C, 428, 428B, 428C, 428D, 428E, 428F, 430D, 430E, 432D, 432E, 432F, 434E, 436, 436B, 436C, 438, 438B, 438C, 438D, 442D, 442E, 444E, 446, 446B, 446D, 424B, 416, 415F2, 428F2, 427F2, 422F2, 430F2, 432C OE numeriai: 9R0411, 45x58x34\" \/>\n<meta name=\"robots\" content=\"index, follow, max-snippet:-1, max-image-preview:large, max-video-preview:-1\" \/>\n<link rel=\"canonical\" href=\"https:\/\/eskadalys.lt\/fr\/produit-fr\/ivoire-cva-66\/\" \/>\n<meta property=\"og:locale\" content=\"fr_FR\" \/>\n<meta property=\"og:type\" content=\"article\" \/>\n<meta property=\"og:title\" content=\"\u012evor\u0117 CVA - 9R0411 | Gera kaina | Greitas pristatymas | Eska dalys\" \/>\n<meta property=\"og:description\" content=\"\u012evor\u0117 - 9R0411 Matmenys: : - Vidinis skersmuo: 45 mm, - I\u0161orinis skersmuo: 58 mm, -Auk\u0161tis: 34 mm, Tinka: CAT, Ekskavatorius krautuvas, 416B, 416C, 416D, 416E, 416F, 420D, 420E, 420F, 422E, 422F, 426, 426B, 426C, 428, 428B, 428C, 428D, 428E, 428F, 430D, 430E, 432D, 432E, 432F, 434E, 436, 436B, 436C, 438, 438B, 438C, 438D, 442D, 442E, 444E, 446, 446B, 446D, 424B, 416, 415F2, 428F2, 427F2, 422F2, 430F2, 432C OE numeriai: 9R0411, 45x58x34\" \/>\n<meta property=\"og:url\" content=\"https:\/\/eskadalys.lt\/fr\/produit-fr\/ivoire-cva-66\/\" \/>\n<meta property=\"og:site_name\" content=\"Eska dalys\" \/>\n<meta property=\"article:publisher\" content=\"https:\/\/www.facebook.com\/profile.php?id=61556005720456\" \/>\n<meta property=\"article:modified_time\" content=\"2026-05-10T03:44:35+00:00\" \/>\n<meta property=\"og:image\" content=\"https:\/\/eskadalys.lt\/wp-content\/uploads\/2024\/02\/cat-tuleja-45x58x34-9r0411-20240121-122738.jpg?v=1714948425\" \/>\n\t<meta property=\"og:image:width\" content=\"1600\" \/>\n\t<meta property=\"og:image:height\" content=\"1280\" \/>\n\t<meta property=\"og:image:type\" content=\"image\/jpeg\" \/>\n<script type=\"application\/ld+json\" class=\"yoast-schema-graph\">{\"@context\":\"https:\\\/\\\/schema.org\",\"@graph\":[{\"@type\":\"WebPage\",\"@id\":\"https:\\\/\\\/eskadalys.lt\\\/product\\\/ivore-cva-66\\\/\",\"url\":\"https:\\\/\\\/eskadalys.lt\\\/product\\\/ivore-cva-66\\\/\",\"name\":\"\u012evor\u0117 CVA - 9R0411 | Gera kaina | Greitas pristatymas | Eska dalys\",\"isPartOf\":{\"@id\":\"https:\\\/\\\/eskadalys.lt\\\/#website\"},\"primaryImageOfPage\":{\"@id\":\"https:\\\/\\\/eskadalys.lt\\\/product\\\/ivore-cva-66\\\/#primaryimage\"},\"image\":{\"@id\":\"https:\\\/\\\/eskadalys.lt\\\/product\\\/ivore-cva-66\\\/#primaryimage\"},\"thumbnailUrl\":\"https:\\\/\\\/eskadalys.lt\\\/wp-content\\\/uploads\\\/2024\\\/02\\\/cat-tuleja-45x58x34-9r0411-20240121-122738.jpg?v=1714948425\",\"datePublished\":\"2024-02-10T22:57:41+00:00\",\"dateModified\":\"2026-05-10T03:44:35+00:00\",\"description\":\"\u012evor\u0117 - 9R0411 Matmenys: : - Vidinis skersmuo: 45 mm, - I\u0161orinis skersmuo: 58 mm, -Auk\u0161tis: 34 mm, Tinka: CAT, Ekskavatorius krautuvas, 416B, 416C, 416D, 416E, 416F, 420D, 420E, 420F, 422E, 422F, 426, 426B, 426C, 428, 428B, 428C, 428D, 428E, 428F, 430D, 430E, 432D, 432E, 432F, 434E, 436, 436B, 436C, 438, 438B, 438C, 438D, 442D, 442E, 444E, 446, 446B, 446D, 424B, 416, 415F2, 428F2, 427F2, 422F2, 430F2, 432C OE numeriai: 9R0411, 45x58x34\",\"breadcrumb\":{\"@id\":\"https:\\\/\\\/eskadalys.lt\\\/product\\\/ivore-cva-66\\\/#breadcrumb\"},\"inLanguage\":\"fr-FR\",\"potentialAction\":[{\"@type\":\"ReadAction\",\"target\":[\"https:\\\/\\\/eskadalys.lt\\\/product\\\/ivore-cva-66\\\/\"]}]},{\"@type\":\"ImageObject\",\"inLanguage\":\"fr-FR\",\"@id\":\"https:\\\/\\\/eskadalys.lt\\\/product\\\/ivore-cva-66\\\/#primaryimage\",\"url\":\"https:\\\/\\\/eskadalys.lt\\\/wp-content\\\/uploads\\\/2024\\\/02\\\/cat-tuleja-45x58x34-9r0411-20240121-122738.jpg?v=1714948425\",\"contentUrl\":\"https:\\\/\\\/eskadalys.lt\\\/wp-content\\\/uploads\\\/2024\\\/02\\\/cat-tuleja-45x58x34-9r0411-20240121-122738.jpg?v=1714948425\",\"width\":1600,\"height\":1280},{\"@type\":\"BreadcrumbList\",\"@id\":\"https:\\\/\\\/eskadalys.lt\\\/product\\\/ivore-cva-66\\\/#breadcrumb\",\"itemListElement\":[{\"@type\":\"ListItem\",\"position\":1,\"name\":\"Strona g\u0142\u00f3wna\",\"item\":\"https:\\\/\\\/eskadalys.lt\\\/\"},{\"@type\":\"ListItem\",\"position\":2,\"name\":\"E-parduotuv\u0117\",\"item\":\"https:\\\/\\\/eskadalys.lt\\\/e-parduotuve\\\/\"},{\"@type\":\"ListItem\",\"position\":3,\"name\":\"\u012evor\u0117 CVA &#8211; 9R0411\"}]},{\"@type\":\"WebSite\",\"@id\":\"https:\\\/\\\/eskadalys.lt\\\/#website\",\"url\":\"https:\\\/\\\/eskadalys.lt\\\/\",\"name\":\"Eska dalys\",\"description\":\"Ekskavatori\u0173 \\\/ mini ekskavatori\u0173 \\\/ buldozeri\u0173 dalys\",\"publisher\":{\"@id\":\"https:\\\/\\\/eskadalys.lt\\\/#organization\"},\"potentialAction\":[{\"@type\":\"SearchAction\",\"target\":{\"@type\":\"EntryPoint\",\"urlTemplate\":\"https:\\\/\\\/eskadalys.lt\\\/?s={search_term_string}\"},\"query-input\":{\"@type\":\"PropertyValueSpecification\",\"valueRequired\":true,\"valueName\":\"search_term_string\"}}],\"inLanguage\":\"fr-FR\"},{\"@type\":\"Organization\",\"@id\":\"https:\\\/\\\/eskadalys.lt\\\/#organization\",\"name\":\"Eska dalys\",\"url\":\"https:\\\/\\\/eskadalys.lt\\\/\",\"logo\":{\"@type\":\"ImageObject\",\"inLanguage\":\"fr-FR\",\"@id\":\"https:\\\/\\\/eskadalys.lt\\\/#\\\/schema\\\/logo\\\/image\\\/\",\"url\":\"https:\\\/\\\/eskadalys.lt\\\/wp-content\\\/uploads\\\/2024\\\/01\\\/LOGO-ESKA-FINAL.svg\",\"contentUrl\":\"https:\\\/\\\/eskadalys.lt\\\/wp-content\\\/uploads\\\/2024\\\/01\\\/LOGO-ESKA-FINAL.svg\",\"width\":259,\"height\":201,\"caption\":\"Eska dalys\"},\"image\":{\"@id\":\"https:\\\/\\\/eskadalys.lt\\\/#\\\/schema\\\/logo\\\/image\\\/\"},\"sameAs\":[\"https:\\\/\\\/www.facebook.com\\\/profile.php?id=61556005720456\"]}]}<\/script>\n<!-- \/ Yoast SEO plugin. -->","yoast_head_json":{"title":"Bague CVA - 9R0411 | Bon prix | Livraison rapide | Pi\u00e8ces Eska","description":"Bague - 9R0411 Dimensions\u00a0: - Diam\u00e8tre int\u00e9rieur\u00a0: 45\u00a0mm, - Diam\u00e8tre ext\u00e9rieur\u00a0: 58\u00a0mm, - Hauteur\u00a0: 34\u00a0mm, Compatible avec\u00a0: CAT, chargeuse-pelleteuse, 416B, 416C, 416D, 416E, 416F, 420D, 420E, 420F, 422E, 422F, 426, 426B, 426C, 428, 428B, 428C, 428D, 428E, 428F, 430D, 430E, 432D, 432E, 432F, 434E, 436, 436B, 436C, 438, 438B, 438C, 438D, 442D 442E, 444E, 446, 446B, 446D, 424B, 416, 415F2, 428F2, 427F2, 422F2, 430F2, 432C Num\u00e9ros OE\u00a0: 9R0411, 45x58x34","robots":{"index":"index","follow":"follow","max-snippet":"max-snippet:-1","max-image-preview":"max-image-preview:large","max-video-preview":"max-video-preview:-1"},"canonical":"https:\/\/eskadalys.lt\/fr\/produit-fr\/ivoire-cva-66\/","og_locale":"fr_FR","og_type":"article","og_title":"\u012evor\u0117 CVA - 9R0411 | Gera kaina | Greitas pristatymas | Eska dalys","og_description":"\u012evor\u0117 - 9R0411 Matmenys: : - Vidinis skersmuo: 45 mm, - I\u0161orinis skersmuo: 58 mm, -Auk\u0161tis: 34 mm, Tinka: CAT, Ekskavatorius krautuvas, 416B, 416C, 416D, 416E, 416F, 420D, 420E, 420F, 422E, 422F, 426, 426B, 426C, 428, 428B, 428C, 428D, 428E, 428F, 430D, 430E, 432D, 432E, 432F, 434E, 436, 436B, 436C, 438, 438B, 438C, 438D, 442D, 442E, 444E, 446, 446B, 446D, 424B, 416, 415F2, 428F2, 427F2, 422F2, 430F2, 432C OE numeriai: 9R0411, 45x58x34","og_url":"https:\/\/eskadalys.lt\/fr\/produit-fr\/ivoire-cva-66\/","og_site_name":"Eska dalys","article_publisher":"https:\/\/www.facebook.com\/profile.php?id=61556005720456","article_modified_time":"2026-05-10T03:44:35+00:00","og_image":[{"width":1600,"height":1280,"url":"https:\/\/eskadalys.lt\/wp-content\/uploads\/2024\/02\/cat-tuleja-45x58x34-9r0411-20240121-122738.jpg?v=1714948425","type":"image\/jpeg"}],"schema":{"@context":"https:\/\/schema.org","@graph":[{"@type":"WebPage","@id":"https:\/\/eskadalys.lt\/product\/ivore-cva-66\/","url":"https:\/\/eskadalys.lt\/product\/ivore-cva-66\/","name":"Bague CVA - 9R0411 | Bon prix | Livraison rapide | Pi\u00e8ces Eska","isPartOf":{"@id":"https:\/\/eskadalys.lt\/#website"},"primaryImageOfPage":{"@id":"https:\/\/eskadalys.lt\/product\/ivore-cva-66\/#primaryimage"},"image":{"@id":"https:\/\/eskadalys.lt\/product\/ivore-cva-66\/#primaryimage"},"thumbnailUrl":"https:\/\/eskadalys.lt\/wp-content\/uploads\/2024\/02\/cat-tuleja-45x58x34-9r0411-20240121-122738.jpg?v=1714948425","datePublished":"2024-02-10T22:57:41+00:00","dateModified":"2026-05-10T03:44:35+00:00","description":"Bague - 9R0411 Dimensions\u00a0: - Diam\u00e8tre int\u00e9rieur\u00a0: 45\u00a0mm, - Diam\u00e8tre ext\u00e9rieur\u00a0: 58\u00a0mm, - Hauteur\u00a0: 34\u00a0mm, Compatible avec\u00a0: CAT, chargeuse-pelleteuse, 416B, 416C, 416D, 416E, 416F, 420D, 420E, 420F, 422E, 422F, 426, 426B, 426C, 428, 428B, 428C, 428D, 428E, 428F, 430D, 430E, 432D, 432E, 432F, 434E, 436, 436B, 436C, 438, 438B, 438C, 438D, 442D 442E, 444E, 446, 446B, 446D, 424B, 416, 415F2, 428F2, 427F2, 422F2, 430F2, 432C Num\u00e9ros OE\u00a0: 9R0411, 45x58x34","breadcrumb":{"@id":"https:\/\/eskadalys.lt\/product\/ivore-cva-66\/#breadcrumb"},"inLanguage":"fr-FR","potentialAction":[{"@type":"ReadAction","target":["https:\/\/eskadalys.lt\/product\/ivore-cva-66\/"]}]},{"@type":"ImageObject","inLanguage":"fr-FR","@id":"https:\/\/eskadalys.lt\/product\/ivore-cva-66\/#primaryimage","url":"https:\/\/eskadalys.lt\/wp-content\/uploads\/2024\/02\/cat-tuleja-45x58x34-9r0411-20240121-122738.jpg?v=1714948425","contentUrl":"https:\/\/eskadalys.lt\/wp-content\/uploads\/2024\/02\/cat-tuleja-45x58x34-9r0411-20240121-122738.jpg?v=1714948425","width":1600,"height":1280},{"@type":"BreadcrumbList","@id":"https:\/\/eskadalys.lt\/product\/ivore-cva-66\/#breadcrumb","itemListElement":[{"@type":"ListItem","position":1,"name":"Strona g\u0142\u00f3wna","item":"https:\/\/eskadalys.lt\/"},{"@type":"ListItem","position":2,"name":"E-parduotuv\u0117","item":"https:\/\/eskadalys.lt\/e-parduotuve\/"},{"@type":"ListItem","position":3,"name":"\u012evor\u0117 CVA &#8211; 9R0411"}]},{"@type":"WebSite","@id":"https:\/\/eskadalys.lt\/#website","url":"https:\/\/eskadalys.lt\/","name":"Eska parts","description":"Pi\u00e8ces d\u00e9tach\u00e9es pour excavatrices\/mini-excavatrices\/bulldozers","publisher":{"@id":"https:\/\/eskadalys.lt\/#organization"},"potentialAction":[{"@type":"SearchAction","target":{"@type":"EntryPoint","urlTemplate":"https:\/\/eskadalys.lt\/?s={search_term_string}"},"query-input":{"@type":"PropertyValueSpecification","valueRequired":true,"valueName":"search_term_string"}}],"inLanguage":"fr-FR"},{"@type":"Organization","@id":"https:\/\/eskadalys.lt\/#organization","name":"Eska parts","url":"https:\/\/eskadalys.lt\/","logo":{"@type":"ImageObject","inLanguage":"fr-FR","@id":"https:\/\/eskadalys.lt\/#\/schema\/logo\/image\/","url":"https:\/\/eskadalys.lt\/wp-content\/uploads\/2024\/01\/LOGO-ESKA-FINAL.svg","contentUrl":"https:\/\/eskadalys.lt\/wp-content\/uploads\/2024\/01\/LOGO-ESKA-FINAL.svg","width":259,"height":201,"caption":"Eska dalys"},"image":{"@id":"https:\/\/eskadalys.lt\/#\/schema\/logo\/image\/"},"sameAs":["https:\/\/www.facebook.com\/profile.php?id=61556005720456"]}]}},"_links":{"self":[{"href":"https:\/\/eskadalys.lt\/fr\/wp-json\/wp\/v2\/product\/1397","targetHints":{"allow":["GET"]}}],"collection":[{"href":"https:\/\/eskadalys.lt\/fr\/wp-json\/wp\/v2\/product"}],"about":[{"href":"https:\/\/eskadalys.lt\/fr\/wp-json\/wp\/v2\/types\/product"}],"wp:featuredmedia":[{"embeddable":true,"href":"https:\/\/eskadalys.lt\/fr\/wp-json\/wp\/v2\/media\/94733"}],"wp:attachment":[{"href":"https:\/\/eskadalys.lt\/fr\/wp-json\/wp\/v2\/media?parent=1397"}],"wp:term":[{"taxonomy":"product_brand","embeddable":true,"href":"https:\/\/eskadalys.lt\/fr\/wp-json\/wp\/v2\/product_brand?post=1397"},{"taxonomy":"product_cat","embeddable":true,"href":"https:\/\/eskadalys.lt\/fr\/wp-json\/wp\/v2\/product_cat?post=1397"},{"taxonomy":"product_tag","embeddable":true,"href":"https:\/\/eskadalys.lt\/fr\/wp-json\/wp\/v2\/product_tag?post=1397"}],"curies":[{"name":"wp","href":"https:\/\/api.w.org\/{rel}","templated":true}]}}