{"id":9336,"date":"2024-02-11T11:17:49","date_gmt":"2024-02-11T09:17:49","guid":{"rendered":"https:\/\/eskadalys.lt\/?post_type=product&#038;p=9336"},"modified":"2026-04-22T16:40:23","modified_gmt":"2026-04-22T13:40:23","slug":"kauhan-hammas-j250-kivitaltta-cva-3-1-kg","status":"publish","type":"product","link":"https:\/\/eskadalys.lt\/fi\/product\/kauso-dantis-j250-rock-chisel-cva-3-1-kg\/","title":{"rendered":"Kauhan hammas J250 KIVITALTTTA CVA (3,1 KG !!!) \u2013 1U3252RC"},"content":{"rendered":"<p><strong>Kauhan hammas J250 KIVITALTTTA CVA (3,1 KG !!!) \u2013 1U3252RC<\/strong><br \/>\n<strong>Sopii:<\/strong> CAT, E240C, EL240B, M312, M313D, M315, 205B, 206, 206B, 311B, 311C, 311D, 312B, 312C, 312D, 312E, 313B, 313D, 314C, 314D, 314E, 316E, 320, 320B, 320C, 320D, 320E, 320N, 322, 322B, 324D, 324E, 325, 325B, 325C, 329E, 330B, 330C, 330D, IT12, IT12B, IT14B, IT14G, IT14G2, IT18, IT24F, IT28F, IT38F, IT38G, 914G, 914G2, G916, G936, 916, 918F, 924F, 924G, 924GZ, 924H, 924GZ, 924H, 924HZ, 924HZ, 96 928G, 928HZ, 930G, 930H, 930K, 936, 936E, 936F, 938F, 938G, 938H, 938K, 930, 930M, M314F, M317L, 325F<br \/>\n<strong>OE-numerot::<\/strong> 1U3252<br \/>\n1U-3252<\/p>\n<h3>\ud83d\udd0d Etsitk\u00f6 toista tuotetta samasta kategoriasta? <a href=\"https:\/\/eskadalys.lt\/fi\/tuotekategoria-fi\/kauhan-hampaat\/kauhan-hampaat2\/\">Kauhan hampaat<\/a> ?<\/h3>\n<h3>\ud83d\udee0\ufe0f Rakennuskoneiden osat - l\u00f6yd\u00e4t niit\u00e4 lis\u00e4\u00e4 <a href=\"https:\/\/eskadalys.lt\/fi\/tuotekategoria-fi\/kauhan-hampaat\/\">Kauhan hampaat, adapterit<\/a> kategoriassa.<\/h3>\n<p>Jos et ole varma, sopiiko t\u00e4m\u00e4 osa koneeseesi, <strong>L\u00e4het\u00e4 meille ajoneuvon sarjanumero (VIN) ennen ostamista.<\/strong>. Tarkistamme yhteensopivuuden luetteloiden avulla ja <strong>tarjoamme oikean osan<\/strong>. Jos et l\u00f6yd\u00e4 tarvitsemaasi osaa, kirjoita meille \u2013 autamme sinua l\u00f6yt\u00e4m\u00e4\u00e4n sen!<\/p>\n<p><strong>\ud83d\udce6 Varasto Liettuassa<\/strong> \u2013 Ennen klo 14.00 tehdyt tilaukset l\u00e4hetet\u00e4\u00e4n samana p\u00e4iv\u00e4n\u00e4.<\/p>\n<p><strong>\ud83d\ude80 Nopea toimitus<\/strong> \u2013 Tilatut tuotteet, joita meill\u00e4 ei t\u00e4ll\u00e4 hetkell\u00e4 ole varastossa, toimitetaan 3\u20134 arkip\u00e4iv\u00e4n kuluessa.<\/p>\n<p><strong>\ud83d\udcc8 Laaja valikoima<\/strong> \u2013 laajennamme tuotevalikoimaamme jatkuvasti.<\/p>","protected":false},"excerpt":{"rendered":"<p>1U3252RC CVA<\/p>","protected":false},"featured_media":111969,"template":"","meta":{"site-sidebar-layout":"default","site-content-layout":"","ast-site-content-layout":"default","site-content-style":"default","site-sidebar-style":"default","ast-global-header-display":"","ast-banner-title-visibility":"","ast-main-header-display":"","ast-hfb-above-header-display":"","ast-hfb-below-header-display":"","ast-hfb-mobile-header-display":"","site-post-title":"","ast-breadcrumbs-content":"","ast-featured-img":"","footer-sml-layout":"","ast-disable-related-posts":"","theme-transparent-header-meta":"","adv-header-id-meta":"","stick-header-meta":"","header-above-stick-meta":"","header-main-stick-meta":"","header-below-stick-meta":"","astra-migrate-meta-layouts":"default","ast-page-background-enabled":"default","ast-page-background-meta":{"desktop":{"background-color":"","background-image":"","background-repeat":"repeat","background-position":"center center","background-size":"auto","background-attachment":"scroll","background-type":"","background-media":"","overlay-type":"","overlay-color":"","overlay-opacity":"","overlay-gradient":""},"tablet":{"background-color":"","background-image":"","background-repeat":"repeat","background-position":"center center","background-size":"auto","background-attachment":"scroll","background-type":"","background-media":"","overlay-type":"","overlay-color":"","overlay-opacity":"","overlay-gradient":""},"mobile":{"background-color":"","background-image":"","background-repeat":"repeat","background-position":"center center","background-size":"auto","background-attachment":"scroll","background-type":"","background-media":"","overlay-type":"","overlay-color":"","overlay-opacity":"","overlay-gradient":""}},"ast-content-background-meta":{"desktop":{"background-color":"var(--ast-global-color-5)","background-image":"","background-repeat":"repeat","background-position":"center center","background-size":"auto","background-attachment":"scroll","background-type":"","background-media":"","overlay-type":"","overlay-color":"","overlay-opacity":"","overlay-gradient":""},"tablet":{"background-color":"var(--ast-global-color-5)","background-image":"","background-repeat":"repeat","background-position":"center center","background-size":"auto","background-attachment":"scroll","background-type":"","background-media":"","overlay-type":"","overlay-color":"","overlay-opacity":"","overlay-gradient":""},"mobile":{"background-color":"var(--ast-global-color-5)","background-image":"","background-repeat":"repeat","background-position":"center center","background-size":"auto","background-attachment":"scroll","background-type":"","background-media":"","overlay-type":"","overlay-color":"","overlay-opacity":"","overlay-gradient":""}}},"product_brand":[],"product_cat":[917],"product_tag":[],"class_list":{"0":"post-9336","1":"product","2":"type-product","3":"status-publish","4":"has-post-thumbnail","6":"product_cat-kauso-dantys2","7":"desktop-align-left","8":"tablet-align-left","9":"mobile-align-left","11":"first","12":"onbackorder","13":"taxable","14":"shipping-taxable","15":"purchasable","16":"product-type-simple"},"yoast_head":"<!-- This site is optimized with the Yoast SEO plugin v27.4 - https:\/\/yoast.com\/product\/yoast-seo-wordpress\/ -->\n<title>Kau\u0161o dantis J250 ROCK CHISEL CVA (3.1 KG !!!) - 1U3252RC | Gera kaina | Greitas pristatymas | Eska dalys<\/title>\n<meta name=\"description\" content=\"Kau\u0161o dantis J250 ROCK CHISEL (3.1 KG !!!) - 1U3252RC Tinka: CAT, E240C, EL240B, M312, M313D, M315, 205B, 206, 206B, 311B, 311C, 311D, 312B, 312C, 312D, 312E, 313B, 313D, 314C, 314D, 314E, 316E, 320, 320B, 320C, 320D, 320E, 320N, 322, 322B, 324D, 324E, 325, 325B, 325C, 329E, 330B, 330C, 330D, IT12, IT12B, IT14B, IT14G, IT14G2, IT18, IT24F, IT28F, IT38F, IT38G, 914G, 914G2, G916, G936, 916, 918F, 924F, 924G, 924GZ, 924H, 924HZ, 924K, 926E, 928F, 928G, 928HZ, 930G, 930H, 930K, 936, 936E, 936F, 938F, 938G, 938H, 938K, 930, 930M, M314F, M317F, 325BL, 325L OE numeriai: 1U3252\" \/>\n<meta name=\"robots\" content=\"index, follow, max-snippet:-1, max-image-preview:large, max-video-preview:-1\" \/>\n<link rel=\"canonical\" href=\"https:\/\/eskadalys.lt\/fi\/tuote-fi\/kauhan-hammas-j250-kivitaltta-cva-3-1-kg\/\" \/>\n<meta property=\"og:locale\" content=\"fi_FI\" \/>\n<meta property=\"og:type\" content=\"article\" \/>\n<meta property=\"og:title\" content=\"Kau\u0161o dantis J250 ROCK CHISEL CVA (3.1 KG !!!) - 1U3252RC | Gera kaina | Greitas pristatymas | Eska dalys\" \/>\n<meta property=\"og:description\" content=\"Kau\u0161o dantis J250 ROCK CHISEL (3.1 KG !!!) - 1U3252RC Tinka: CAT, E240C, EL240B, M312, M313D, M315, 205B, 206, 206B, 311B, 311C, 311D, 312B, 312C, 312D, 312E, 313B, 313D, 314C, 314D, 314E, 316E, 320, 320B, 320C, 320D, 320E, 320N, 322, 322B, 324D, 324E, 325, 325B, 325C, 329E, 330B, 330C, 330D, IT12, IT12B, IT14B, IT14G, IT14G2, IT18, IT24F, IT28F, IT38F, IT38G, 914G, 914G2, G916, G936, 916, 918F, 924F, 924G, 924GZ, 924H, 924HZ, 924K, 926E, 928F, 928G, 928HZ, 930G, 930H, 930K, 936, 936E, 936F, 938F, 938G, 938H, 938K, 930, 930M, M314F, M317F, 325BL, 325L OE numeriai: 1U3252\" \/>\n<meta property=\"og:url\" content=\"https:\/\/eskadalys.lt\/fi\/tuote-fi\/kauhan-hammas-j250-kivitaltta-cva-3-1-kg\/\" \/>\n<meta property=\"og:site_name\" content=\"Eska dalys\" \/>\n<meta property=\"article:publisher\" content=\"https:\/\/www.facebook.com\/profile.php?id=61556005720456\" \/>\n<meta property=\"article:modified_time\" content=\"2026-04-22T13:40:23+00:00\" \/>\n<meta property=\"og:image\" content=\"https:\/\/eskadalys.lt\/wp-content\/uploads\/2024\/02\/tooth-j250-rock-chisel-cva-32-kg-20240121-222157-scaled-1.jpg?v=1714897085\" \/>\n\t<meta property=\"og:image:width\" content=\"1600\" \/>\n\t<meta property=\"og:image:height\" content=\"1368\" \/>\n\t<meta property=\"og:image:type\" content=\"image\/jpeg\" \/>\n<script type=\"application\/ld+json\" class=\"yoast-schema-graph\">{\"@context\":\"https:\\\/\\\/schema.org\",\"@graph\":[{\"@type\":\"WebPage\",\"@id\":\"https:\\\/\\\/eskadalys.lt\\\/product\\\/kauso-dantis-j250-rock-chisel-cva-3-1-kg\\\/\",\"url\":\"https:\\\/\\\/eskadalys.lt\\\/product\\\/kauso-dantis-j250-rock-chisel-cva-3-1-kg\\\/\",\"name\":\"Kau\u0161o dantis J250 ROCK CHISEL CVA (3.1 KG !!!) - 1U3252RC | Gera kaina | Greitas pristatymas | Eska dalys\",\"isPartOf\":{\"@id\":\"https:\\\/\\\/eskadalys.lt\\\/#website\"},\"primaryImageOfPage\":{\"@id\":\"https:\\\/\\\/eskadalys.lt\\\/product\\\/kauso-dantis-j250-rock-chisel-cva-3-1-kg\\\/#primaryimage\"},\"image\":{\"@id\":\"https:\\\/\\\/eskadalys.lt\\\/product\\\/kauso-dantis-j250-rock-chisel-cva-3-1-kg\\\/#primaryimage\"},\"thumbnailUrl\":\"https:\\\/\\\/eskadalys.lt\\\/wp-content\\\/uploads\\\/2024\\\/02\\\/tooth-j250-rock-chisel-cva-32-kg-20240121-222157-scaled-1.jpg?v=1714897085\",\"datePublished\":\"2024-02-11T09:17:49+00:00\",\"dateModified\":\"2026-04-22T13:40:23+00:00\",\"description\":\"Kau\u0161o dantis J250 ROCK CHISEL (3.1 KG !!!) - 1U3252RC Tinka: CAT, E240C, EL240B, M312, M313D, M315, 205B, 206, 206B, 311B, 311C, 311D, 312B, 312C, 312D, 312E, 313B, 313D, 314C, 314D, 314E, 316E, 320, 320B, 320C, 320D, 320E, 320N, 322, 322B, 324D, 324E, 325, 325B, 325C, 329E, 330B, 330C, 330D, IT12, IT12B, IT14B, IT14G, IT14G2, IT18, IT24F, IT28F, IT38F, IT38G, 914G, 914G2, G916, G936, 916, 918F, 924F, 924G, 924GZ, 924H, 924HZ, 924K, 926E, 928F, 928G, 928HZ, 930G, 930H, 930K, 936, 936E, 936F, 938F, 938G, 938H, 938K, 930, 930M, M314F, M317F, 325BL, 325L OE numeriai: 1U3252\",\"breadcrumb\":{\"@id\":\"https:\\\/\\\/eskadalys.lt\\\/product\\\/kauso-dantis-j250-rock-chisel-cva-3-1-kg\\\/#breadcrumb\"},\"inLanguage\":\"fi\",\"potentialAction\":[{\"@type\":\"ReadAction\",\"target\":[\"https:\\\/\\\/eskadalys.lt\\\/product\\\/kauso-dantis-j250-rock-chisel-cva-3-1-kg\\\/\"]}]},{\"@type\":\"ImageObject\",\"inLanguage\":\"fi\",\"@id\":\"https:\\\/\\\/eskadalys.lt\\\/product\\\/kauso-dantis-j250-rock-chisel-cva-3-1-kg\\\/#primaryimage\",\"url\":\"https:\\\/\\\/eskadalys.lt\\\/wp-content\\\/uploads\\\/2024\\\/02\\\/tooth-j250-rock-chisel-cva-32-kg-20240121-222157-scaled-1.jpg?v=1714897085\",\"contentUrl\":\"https:\\\/\\\/eskadalys.lt\\\/wp-content\\\/uploads\\\/2024\\\/02\\\/tooth-j250-rock-chisel-cva-32-kg-20240121-222157-scaled-1.jpg?v=1714897085\",\"width\":1600,\"height\":1368},{\"@type\":\"BreadcrumbList\",\"@id\":\"https:\\\/\\\/eskadalys.lt\\\/product\\\/kauso-dantis-j250-rock-chisel-cva-3-1-kg\\\/#breadcrumb\",\"itemListElement\":[{\"@type\":\"ListItem\",\"position\":1,\"name\":\"Strona g\u0142\u00f3wna\",\"item\":\"https:\\\/\\\/eskadalys.lt\\\/\"},{\"@type\":\"ListItem\",\"position\":2,\"name\":\"E-parduotuv\u0117\",\"item\":\"https:\\\/\\\/eskadalys.lt\\\/e-parduotuve\\\/\"},{\"@type\":\"ListItem\",\"position\":3,\"name\":\"Kau\u0161o dantis J250 ROCK CHISEL CVA (3.1 KG !!!) &#8211; 1U3252RC\"}]},{\"@type\":\"WebSite\",\"@id\":\"https:\\\/\\\/eskadalys.lt\\\/#website\",\"url\":\"https:\\\/\\\/eskadalys.lt\\\/\",\"name\":\"Eska dalys\",\"description\":\"Ekskavatori\u0173 \\\/ mini ekskavatori\u0173 \\\/ buldozeri\u0173 dalys\",\"publisher\":{\"@id\":\"https:\\\/\\\/eskadalys.lt\\\/#organization\"},\"potentialAction\":[{\"@type\":\"SearchAction\",\"target\":{\"@type\":\"EntryPoint\",\"urlTemplate\":\"https:\\\/\\\/eskadalys.lt\\\/?s={search_term_string}\"},\"query-input\":{\"@type\":\"PropertyValueSpecification\",\"valueRequired\":true,\"valueName\":\"search_term_string\"}}],\"inLanguage\":\"fi\"},{\"@type\":\"Organization\",\"@id\":\"https:\\\/\\\/eskadalys.lt\\\/#organization\",\"name\":\"Eska dalys\",\"url\":\"https:\\\/\\\/eskadalys.lt\\\/\",\"logo\":{\"@type\":\"ImageObject\",\"inLanguage\":\"fi\",\"@id\":\"https:\\\/\\\/eskadalys.lt\\\/#\\\/schema\\\/logo\\\/image\\\/\",\"url\":\"https:\\\/\\\/eskadalys.lt\\\/wp-content\\\/uploads\\\/2024\\\/01\\\/LOGO-ESKA-FINAL.svg\",\"contentUrl\":\"https:\\\/\\\/eskadalys.lt\\\/wp-content\\\/uploads\\\/2024\\\/01\\\/LOGO-ESKA-FINAL.svg\",\"width\":259,\"height\":201,\"caption\":\"Eska dalys\"},\"image\":{\"@id\":\"https:\\\/\\\/eskadalys.lt\\\/#\\\/schema\\\/logo\\\/image\\\/\"},\"sameAs\":[\"https:\\\/\\\/www.facebook.com\\\/profile.php?id=61556005720456\"]}]}<\/script>\n<!-- \/ Yoast SEO plugin. -->","yoast_head_json":{"title":"Kauhan hammas J250 ROCK CHISEL CVA (3,1 KG !!!) - 1U3252RC | Hyv\u00e4 hinta | Nopea toimitus | Eska osat","description":"Kauhahampainen J250 KALLIOTALTTTA (3,1 KG !!!) - 1U3252RC Sopii: CAT, E240C, EL240B, M312, M313D, M315, 205B, 206, 206B, 311B, 311C, 311D, 312B, 312C, 312D, 312E, 313B, 313D, 314C, 314D, 314E, 316E, 320, 320B, 320C, 320D, 320E, 320N, 322, 322B, 324D, 324E, 325, 325B, 325C, 329E, 330B, 330C, 330D, IT12, IT12B, IT14B, IT14G, IT14G2, IT18, IT24F, IT28F, IT38F, IT38G, 914G, 914G2, G916, G936, 916, 916, G936, 916, 9248F, 94GZ, 94G 924H, 924HZ, 924K, 926E, 928F, 928G, 928HZ, 930G, 930H, 930K, 936, 936E, 936F, 938F, 938G, 938K, 938 K, 938 M, 93 M314F, M317F, 325BL, 325L OE-numerot: 1U3252","robots":{"index":"index","follow":"follow","max-snippet":"max-snippet:-1","max-image-preview":"max-image-preview:large","max-video-preview":"max-video-preview:-1"},"canonical":"https:\/\/eskadalys.lt\/fi\/tuote-fi\/kauhan-hammas-j250-kivitaltta-cva-3-1-kg\/","og_locale":"fi_FI","og_type":"article","og_title":"Kau\u0161o dantis J250 ROCK CHISEL CVA (3.1 KG !!!) - 1U3252RC | Gera kaina | Greitas pristatymas | Eska dalys","og_description":"Kau\u0161o dantis J250 ROCK CHISEL (3.1 KG !!!) - 1U3252RC Tinka: CAT, E240C, EL240B, M312, M313D, M315, 205B, 206, 206B, 311B, 311C, 311D, 312B, 312C, 312D, 312E, 313B, 313D, 314C, 314D, 314E, 316E, 320, 320B, 320C, 320D, 320E, 320N, 322, 322B, 324D, 324E, 325, 325B, 325C, 329E, 330B, 330C, 330D, IT12, IT12B, IT14B, IT14G, IT14G2, IT18, IT24F, IT28F, IT38F, IT38G, 914G, 914G2, G916, G936, 916, 918F, 924F, 924G, 924GZ, 924H, 924HZ, 924K, 926E, 928F, 928G, 928HZ, 930G, 930H, 930K, 936, 936E, 936F, 938F, 938G, 938H, 938K, 930, 930M, M314F, M317F, 325BL, 325L OE numeriai: 1U3252","og_url":"https:\/\/eskadalys.lt\/fi\/tuote-fi\/kauhan-hammas-j250-kivitaltta-cva-3-1-kg\/","og_site_name":"Eska dalys","article_publisher":"https:\/\/www.facebook.com\/profile.php?id=61556005720456","article_modified_time":"2026-04-22T13:40:23+00:00","og_image":[{"width":1600,"height":1368,"url":"https:\/\/eskadalys.lt\/wp-content\/uploads\/2024\/02\/tooth-j250-rock-chisel-cva-32-kg-20240121-222157-scaled-1.jpg?v=1714897085","type":"image\/jpeg"}],"schema":{"@context":"https:\/\/schema.org","@graph":[{"@type":"WebPage","@id":"https:\/\/eskadalys.lt\/product\/kauso-dantis-j250-rock-chisel-cva-3-1-kg\/","url":"https:\/\/eskadalys.lt\/product\/kauso-dantis-j250-rock-chisel-cva-3-1-kg\/","name":"Kauhan hammas J250 ROCK CHISEL CVA (3,1 KG !!!) - 1U3252RC | Hyv\u00e4 hinta | Nopea toimitus | Eska osat","isPartOf":{"@id":"https:\/\/eskadalys.lt\/#website"},"primaryImageOfPage":{"@id":"https:\/\/eskadalys.lt\/product\/kauso-dantis-j250-rock-chisel-cva-3-1-kg\/#primaryimage"},"image":{"@id":"https:\/\/eskadalys.lt\/product\/kauso-dantis-j250-rock-chisel-cva-3-1-kg\/#primaryimage"},"thumbnailUrl":"https:\/\/eskadalys.lt\/wp-content\/uploads\/2024\/02\/tooth-j250-rock-chisel-cva-32-kg-20240121-222157-scaled-1.jpg?v=1714897085","datePublished":"2024-02-11T09:17:49+00:00","dateModified":"2026-04-22T13:40:23+00:00","description":"Kauhahampainen J250 KALLIOTALTTTA (3,1 KG !!!) - 1U3252RC Sopii: CAT, E240C, EL240B, M312, M313D, M315, 205B, 206, 206B, 311B, 311C, 311D, 312B, 312C, 312D, 312E, 313B, 313D, 314C, 314D, 314E, 316E, 320, 320B, 320C, 320D, 320E, 320N, 322, 322B, 324D, 324E, 325, 325B, 325C, 329E, 330B, 330C, 330D, IT12, IT12B, IT14B, IT14G, IT14G2, IT18, IT24F, IT28F, IT38F, IT38G, 914G, 914G2, G916, G936, 916, 916, G936, 916, 9248F, 94GZ, 94G 924H, 924HZ, 924K, 926E, 928F, 928G, 928HZ, 930G, 930H, 930K, 936, 936E, 936F, 938F, 938G, 938K, 938 K, 938 M, 93 M314F, M317F, 325BL, 325L OE-numerot: 1U3252","breadcrumb":{"@id":"https:\/\/eskadalys.lt\/product\/kauso-dantis-j250-rock-chisel-cva-3-1-kg\/#breadcrumb"},"inLanguage":"fi","potentialAction":[{"@type":"ReadAction","target":["https:\/\/eskadalys.lt\/product\/kauso-dantis-j250-rock-chisel-cva-3-1-kg\/"]}]},{"@type":"ImageObject","inLanguage":"fi","@id":"https:\/\/eskadalys.lt\/product\/kauso-dantis-j250-rock-chisel-cva-3-1-kg\/#primaryimage","url":"https:\/\/eskadalys.lt\/wp-content\/uploads\/2024\/02\/tooth-j250-rock-chisel-cva-32-kg-20240121-222157-scaled-1.jpg?v=1714897085","contentUrl":"https:\/\/eskadalys.lt\/wp-content\/uploads\/2024\/02\/tooth-j250-rock-chisel-cva-32-kg-20240121-222157-scaled-1.jpg?v=1714897085","width":1600,"height":1368},{"@type":"BreadcrumbList","@id":"https:\/\/eskadalys.lt\/product\/kauso-dantis-j250-rock-chisel-cva-3-1-kg\/#breadcrumb","itemListElement":[{"@type":"ListItem","position":1,"name":"Strona g\u0142\u00f3wna","item":"https:\/\/eskadalys.lt\/"},{"@type":"ListItem","position":2,"name":"E-parduotuv\u0117","item":"https:\/\/eskadalys.lt\/e-parduotuve\/"},{"@type":"ListItem","position":3,"name":"Kau\u0161o dantis J250 ROCK CHISEL CVA (3.1 KG !!!) &#8211; 1U3252RC"}]},{"@type":"WebSite","@id":"https:\/\/eskadalys.lt\/#website","url":"https:\/\/eskadalys.lt\/","name":"Eska parts","description":"Kaivinkoneen\/minikaivinkoneen\/puskutraktorin osat","publisher":{"@id":"https:\/\/eskadalys.lt\/#organization"},"potentialAction":[{"@type":"SearchAction","target":{"@type":"EntryPoint","urlTemplate":"https:\/\/eskadalys.lt\/?s={search_term_string}"},"query-input":{"@type":"PropertyValueSpecification","valueRequired":true,"valueName":"search_term_string"}}],"inLanguage":"fi"},{"@type":"Organization","@id":"https:\/\/eskadalys.lt\/#organization","name":"Eska parts","url":"https:\/\/eskadalys.lt\/","logo":{"@type":"ImageObject","inLanguage":"fi","@id":"https:\/\/eskadalys.lt\/#\/schema\/logo\/image\/","url":"https:\/\/eskadalys.lt\/wp-content\/uploads\/2024\/01\/LOGO-ESKA-FINAL.svg","contentUrl":"https:\/\/eskadalys.lt\/wp-content\/uploads\/2024\/01\/LOGO-ESKA-FINAL.svg","width":259,"height":201,"caption":"Eska dalys"},"image":{"@id":"https:\/\/eskadalys.lt\/#\/schema\/logo\/image\/"},"sameAs":["https:\/\/www.facebook.com\/profile.php?id=61556005720456"]}]}},"_links":{"self":[{"href":"https:\/\/eskadalys.lt\/fi\/wp-json\/wp\/v2\/product\/9336","targetHints":{"allow":["GET"]}}],"collection":[{"href":"https:\/\/eskadalys.lt\/fi\/wp-json\/wp\/v2\/product"}],"about":[{"href":"https:\/\/eskadalys.lt\/fi\/wp-json\/wp\/v2\/types\/product"}],"wp:featuredmedia":[{"embeddable":true,"href":"https:\/\/eskadalys.lt\/fi\/wp-json\/wp\/v2\/media\/111969"}],"wp:attachment":[{"href":"https:\/\/eskadalys.lt\/fi\/wp-json\/wp\/v2\/media?parent=9336"}],"wp:term":[{"taxonomy":"product_brand","embeddable":true,"href":"https:\/\/eskadalys.lt\/fi\/wp-json\/wp\/v2\/product_brand?post=9336"},{"taxonomy":"product_cat","embeddable":true,"href":"https:\/\/eskadalys.lt\/fi\/wp-json\/wp\/v2\/product_cat?post=9336"},{"taxonomy":"product_tag","embeddable":true,"href":"https:\/\/eskadalys.lt\/fi\/wp-json\/wp\/v2\/product_tag?post=9336"}],"curies":[{"name":"wp","href":"https:\/\/api.w.org\/{rel}","templated":true}]}}