{"id":9318,"date":"2024-02-11T11:16:21","date_gmt":"2024-02-11T09:16:21","guid":{"rendered":"https:\/\/eskadalys.lt\/?post_type=product&#038;p=9318"},"modified":"2026-05-10T06:54:48","modified_gmt":"2026-05-10T03:54:48","slug":"kauhan-hammas-j200-1u3202-cva-1-3-kg","status":"publish","type":"product","link":"https:\/\/eskadalys.lt\/fi\/product\/kauso-dantis-j200-1u3202-cva-1-3-kg\/","title":{"rendered":"Kauhan hammas J200 1U3202 CVA 1,3 KG \u2013 1U3202"},"content":{"rendered":"<p><strong>Kauhan hammas J200 1U3202 CVA 1,3 KG \u2013 1U3202<\/strong><br \/>\n<strong>Sopii:<\/strong> KISSA, 420D, 424D, 426, 426B, 426C, 428, 428B, 428C, 428D, 428E, 432D, 432E, 436B, 436C, 438, 438B, 438C, 442D, 442E, 444E, 910, 910E, 914G, 428D1<br \/>\n<strong>OE-numerot::<\/strong> 1U3202<br \/>\n1U-3202<\/p>\n<h3>\ud83d\udd0d Etsitk\u00f6 toista tuotetta samasta kategoriasta? <a href=\"https:\/\/eskadalys.lt\/fi\/tuotekategoria-fi\/kauhan-hampaat\/kauhan-hampaat2\/\">Kauhan hampaat<\/a> ?<\/h3>\n<h3>\ud83d\udee0\ufe0f Rakennuskoneiden osat - l\u00f6yd\u00e4t niit\u00e4 lis\u00e4\u00e4 <a href=\"https:\/\/eskadalys.lt\/fi\/tuotekategoria-fi\/kauhan-hampaat\/\">Kauhan hampaat, adapterit<\/a> kategoriassa.<\/h3>\n<p>Jos et ole varma, sopiiko t\u00e4m\u00e4 osa koneeseesi, <strong>L\u00e4het\u00e4 meille ajoneuvon sarjanumero (VIN) ennen ostamista.<\/strong>. Tarkistamme yhteensopivuuden luetteloiden avulla ja <strong>tarjoamme oikean osan<\/strong>. Jos et l\u00f6yd\u00e4 tarvitsemaasi osaa, kirjoita meille \u2013 autamme sinua l\u00f6yt\u00e4m\u00e4\u00e4n sen!<\/p>\n<p><strong>\ud83d\udce6 Varasto Liettuassa<\/strong> \u2013 Ennen klo 14.00 tehdyt tilaukset l\u00e4hetet\u00e4\u00e4n samana p\u00e4iv\u00e4n\u00e4.<\/p>\n<p><strong>\ud83d\ude80 Nopea toimitus<\/strong> \u2013 Tilatut tuotteet, joita meill\u00e4 ei t\u00e4ll\u00e4 hetkell\u00e4 ole varastossa, toimitetaan 3\u20134 arkip\u00e4iv\u00e4n kuluessa.<\/p>\n<p><strong>\ud83d\udcc8 Laaja valikoima<\/strong> \u2013 laajennamme tuotevalikoimaamme jatkuvasti.<\/p>","protected":false},"excerpt":{"rendered":"<p>1U3202 CVA<\/p>","protected":false},"featured_media":111904,"template":"","meta":{"site-sidebar-layout":"default","site-content-layout":"","ast-site-content-layout":"default","site-content-style":"default","site-sidebar-style":"default","ast-global-header-display":"","ast-banner-title-visibility":"","ast-main-header-display":"","ast-hfb-above-header-display":"","ast-hfb-below-header-display":"","ast-hfb-mobile-header-display":"","site-post-title":"","ast-breadcrumbs-content":"","ast-featured-img":"","footer-sml-layout":"","ast-disable-related-posts":"","theme-transparent-header-meta":"default","adv-header-id-meta":"","stick-header-meta":"","header-above-stick-meta":"","header-main-stick-meta":"","header-below-stick-meta":"","astra-migrate-meta-layouts":"set","ast-page-background-enabled":"default","ast-page-background-meta":{"desktop":{"background-color":"","background-image":"","background-repeat":"repeat","background-position":"center center","background-size":"auto","background-attachment":"scroll","background-type":"","background-media":"","overlay-type":"","overlay-color":"","overlay-opacity":"","overlay-gradient":""},"tablet":{"background-color":"","background-image":"","background-repeat":"repeat","background-position":"center center","background-size":"auto","background-attachment":"scroll","background-type":"","background-media":"","overlay-type":"","overlay-color":"","overlay-opacity":"","overlay-gradient":""},"mobile":{"background-color":"","background-image":"","background-repeat":"repeat","background-position":"center center","background-size":"auto","background-attachment":"scroll","background-type":"","background-media":"","overlay-type":"","overlay-color":"","overlay-opacity":"","overlay-gradient":""}},"ast-content-background-meta":{"desktop":{"background-color":"var(--ast-global-color-5)","background-image":"","background-repeat":"repeat","background-position":"center center","background-size":"auto","background-attachment":"scroll","background-type":"","background-media":"","overlay-type":"","overlay-color":"","overlay-opacity":"","overlay-gradient":""},"tablet":{"background-color":"var(--ast-global-color-5)","background-image":"","background-repeat":"repeat","background-position":"center center","background-size":"auto","background-attachment":"scroll","background-type":"","background-media":"","overlay-type":"","overlay-color":"","overlay-opacity":"","overlay-gradient":""},"mobile":{"background-color":"var(--ast-global-color-5)","background-image":"","background-repeat":"repeat","background-position":"center center","background-size":"auto","background-attachment":"scroll","background-type":"","background-media":"","overlay-type":"","overlay-color":"","overlay-opacity":"","overlay-gradient":""}}},"product_brand":[],"product_cat":[917],"product_tag":[50453,49563,49528,49692,49529,49530,49465,49531,49470,49461,50452,49462,49463,49464,49694,49534,49695,49535,49536,49538,49539,49540,50450,50451,49512,43030],"class_list":{"0":"post-9318","1":"product","2":"type-product","3":"status-publish","4":"has-post-thumbnail","6":"product_cat-kauso-dantys2","7":"product_tag-1u3202","8":"product_tag-420d","9":"product_tag-424d","10":"product_tag-49692","11":"product_tag-426b","12":"product_tag-426c","13":"product_tag-49465","14":"product_tag-428b","15":"product_tag-428c","16":"product_tag-428d","17":"product_tag-428d1","18":"product_tag-428e","19":"product_tag-432d","20":"product_tag-432e","21":"product_tag-436b","22":"product_tag-436c","23":"product_tag-49695","24":"product_tag-438b","25":"product_tag-438c","26":"product_tag-442d","27":"product_tag-442e","28":"product_tag-444e","29":"product_tag-50450","30":"product_tag-910e","31":"product_tag-914g","32":"product_tag-cat","33":"desktop-align-left","34":"tablet-align-left","35":"mobile-align-left","37":"first","38":"onbackorder","39":"taxable","40":"shipping-taxable","41":"purchasable","42":"product-type-simple"},"yoast_head":"<!-- This site is optimized with the Yoast SEO plugin v27.6 - https:\/\/yoast.com\/product\/yoast-seo-wordpress\/ -->\n<title>Kau\u0161o dantis J200 1U3202 CVA 1.3 KG - 1U3202 | Gera kaina | Greitas pristatymas | Eska dalys<\/title>\n<meta name=\"description\" content=\"Kau\u0161o dantis J200 1U3202 1.3 KG - 1U3202 Tinka: CAT, 420D, 424D, 426, 426B, 426C, 428, 428B, 428C, 428D, 428E, 432D, 432E, 436B, 436C, 438, 438B, 438C, 442D, 442E, 444E, 910, 910E, 914G, 428D1 OE numeriai: 1U3202\" \/>\n<meta name=\"robots\" content=\"index, follow, max-snippet:-1, max-image-preview:large, max-video-preview:-1\" \/>\n<link rel=\"canonical\" href=\"https:\/\/eskadalys.lt\/fi\/tuote-fi\/kauhan-hammas-j200-1u3202-cva-1-3-kg\/\" \/>\n<meta property=\"og:locale\" content=\"fi_FI\" \/>\n<meta property=\"og:type\" content=\"article\" \/>\n<meta property=\"og:title\" content=\"Kau\u0161o dantis J200 1U3202 CVA 1.3 KG - 1U3202 | Gera kaina | Greitas pristatymas | Eska dalys\" \/>\n<meta property=\"og:description\" content=\"Kau\u0161o dantis J200 1U3202 1.3 KG - 1U3202 Tinka: CAT, 420D, 424D, 426, 426B, 426C, 428, 428B, 428C, 428D, 428E, 432D, 432E, 436B, 436C, 438, 438B, 438C, 442D, 442E, 444E, 910, 910E, 914G, 428D1 OE numeriai: 1U3202\" \/>\n<meta property=\"og:url\" content=\"https:\/\/eskadalys.lt\/fi\/tuote-fi\/kauhan-hammas-j200-1u3202-cva-1-3-kg\/\" \/>\n<meta property=\"og:site_name\" content=\"Eska dalys\" \/>\n<meta property=\"article:publisher\" content=\"https:\/\/www.facebook.com\/profile.php?id=61556005720456\" \/>\n<meta property=\"article:modified_time\" content=\"2026-05-10T03:54:48+00:00\" \/>\n<meta property=\"og:image\" content=\"https:\/\/eskadalys.lt\/wp-content\/uploads\/2024\/02\/tooth-bucket-j200-1u3202-cva-20240121-221935-scaled-1.jpg?v=1714897576\" \/>\n\t<meta property=\"og:image:width\" content=\"1600\" \/>\n\t<meta property=\"og:image:height\" content=\"1462\" \/>\n\t<meta property=\"og:image:type\" content=\"image\/jpeg\" \/>\n<script type=\"application\/ld+json\" class=\"yoast-schema-graph\">{\"@context\":\"https:\\\/\\\/schema.org\",\"@graph\":[{\"@type\":\"WebPage\",\"@id\":\"https:\\\/\\\/eskadalys.lt\\\/product\\\/kauso-dantis-j200-1u3202-cva-1-3-kg\\\/\",\"url\":\"https:\\\/\\\/eskadalys.lt\\\/product\\\/kauso-dantis-j200-1u3202-cva-1-3-kg\\\/\",\"name\":\"Kau\u0161o dantis J200 1U3202 CVA 1.3 KG - 1U3202 | Gera kaina | Greitas pristatymas | Eska dalys\",\"isPartOf\":{\"@id\":\"https:\\\/\\\/eskadalys.lt\\\/#website\"},\"primaryImageOfPage\":{\"@id\":\"https:\\\/\\\/eskadalys.lt\\\/product\\\/kauso-dantis-j200-1u3202-cva-1-3-kg\\\/#primaryimage\"},\"image\":{\"@id\":\"https:\\\/\\\/eskadalys.lt\\\/product\\\/kauso-dantis-j200-1u3202-cva-1-3-kg\\\/#primaryimage\"},\"thumbnailUrl\":\"https:\\\/\\\/eskadalys.lt\\\/wp-content\\\/uploads\\\/2024\\\/02\\\/tooth-bucket-j200-1u3202-cva-20240121-221935-scaled-1.jpg?v=1714897576\",\"datePublished\":\"2024-02-11T09:16:21+00:00\",\"dateModified\":\"2026-05-10T03:54:48+00:00\",\"description\":\"Kau\u0161o dantis J200 1U3202 1.3 KG - 1U3202 Tinka: CAT, 420D, 424D, 426, 426B, 426C, 428, 428B, 428C, 428D, 428E, 432D, 432E, 436B, 436C, 438, 438B, 438C, 442D, 442E, 444E, 910, 910E, 914G, 428D1 OE numeriai: 1U3202\",\"breadcrumb\":{\"@id\":\"https:\\\/\\\/eskadalys.lt\\\/product\\\/kauso-dantis-j200-1u3202-cva-1-3-kg\\\/#breadcrumb\"},\"inLanguage\":\"fi\",\"potentialAction\":[{\"@type\":\"ReadAction\",\"target\":[\"https:\\\/\\\/eskadalys.lt\\\/product\\\/kauso-dantis-j200-1u3202-cva-1-3-kg\\\/\"]}]},{\"@type\":\"ImageObject\",\"inLanguage\":\"fi\",\"@id\":\"https:\\\/\\\/eskadalys.lt\\\/product\\\/kauso-dantis-j200-1u3202-cva-1-3-kg\\\/#primaryimage\",\"url\":\"https:\\\/\\\/eskadalys.lt\\\/wp-content\\\/uploads\\\/2024\\\/02\\\/tooth-bucket-j200-1u3202-cva-20240121-221935-scaled-1.jpg?v=1714897576\",\"contentUrl\":\"https:\\\/\\\/eskadalys.lt\\\/wp-content\\\/uploads\\\/2024\\\/02\\\/tooth-bucket-j200-1u3202-cva-20240121-221935-scaled-1.jpg?v=1714897576\",\"width\":1600,\"height\":1462},{\"@type\":\"BreadcrumbList\",\"@id\":\"https:\\\/\\\/eskadalys.lt\\\/product\\\/kauso-dantis-j200-1u3202-cva-1-3-kg\\\/#breadcrumb\",\"itemListElement\":[{\"@type\":\"ListItem\",\"position\":1,\"name\":\"Strona g\u0142\u00f3wna\",\"item\":\"https:\\\/\\\/eskadalys.lt\\\/\"},{\"@type\":\"ListItem\",\"position\":2,\"name\":\"E-parduotuv\u0117\",\"item\":\"https:\\\/\\\/eskadalys.lt\\\/e-parduotuve\\\/\"},{\"@type\":\"ListItem\",\"position\":3,\"name\":\"Kau\u0161o dantis J200 1U3202 CVA 1.3 KG &#8211; 1U3202\"}]},{\"@type\":\"WebSite\",\"@id\":\"https:\\\/\\\/eskadalys.lt\\\/#website\",\"url\":\"https:\\\/\\\/eskadalys.lt\\\/\",\"name\":\"Eska dalys\",\"description\":\"Ekskavatori\u0173 \\\/ mini ekskavatori\u0173 \\\/ buldozeri\u0173 dalys\",\"publisher\":{\"@id\":\"https:\\\/\\\/eskadalys.lt\\\/#organization\"},\"potentialAction\":[{\"@type\":\"SearchAction\",\"target\":{\"@type\":\"EntryPoint\",\"urlTemplate\":\"https:\\\/\\\/eskadalys.lt\\\/?s={search_term_string}\"},\"query-input\":{\"@type\":\"PropertyValueSpecification\",\"valueRequired\":true,\"valueName\":\"search_term_string\"}}],\"inLanguage\":\"fi\"},{\"@type\":\"Organization\",\"@id\":\"https:\\\/\\\/eskadalys.lt\\\/#organization\",\"name\":\"Eska dalys\",\"url\":\"https:\\\/\\\/eskadalys.lt\\\/\",\"logo\":{\"@type\":\"ImageObject\",\"inLanguage\":\"fi\",\"@id\":\"https:\\\/\\\/eskadalys.lt\\\/#\\\/schema\\\/logo\\\/image\\\/\",\"url\":\"https:\\\/\\\/eskadalys.lt\\\/wp-content\\\/uploads\\\/2024\\\/01\\\/LOGO-ESKA-FINAL.svg\",\"contentUrl\":\"https:\\\/\\\/eskadalys.lt\\\/wp-content\\\/uploads\\\/2024\\\/01\\\/LOGO-ESKA-FINAL.svg\",\"width\":259,\"height\":201,\"caption\":\"Eska dalys\"},\"image\":{\"@id\":\"https:\\\/\\\/eskadalys.lt\\\/#\\\/schema\\\/logo\\\/image\\\/\"},\"sameAs\":[\"https:\\\/\\\/www.facebook.com\\\/profile.php?id=61556005720456\"]}]}<\/script>\n<!-- \/ Yoast SEO plugin. -->","yoast_head_json":{"title":"Kauhan hammas J200 1U3202 CVA 1,3 KG - 1U3202 | Hyv\u00e4 hinta | Nopea toimitus | Eska-osat","description":"Kauhan hammas J200 1U3202 1,3 KG - 1U3202 Sopii: CAT, 420D, 424D, 426, 426B, 426C, 428, 428B, 428C, 428D, 428E, 432D, 432E, 436B, 436C, 438, 438B, 438C, 442D, 442E, 444E, 910, 910E, 914G, 428D1 OE-numerot: 1U3202","robots":{"index":"index","follow":"follow","max-snippet":"max-snippet:-1","max-image-preview":"max-image-preview:large","max-video-preview":"max-video-preview:-1"},"canonical":"https:\/\/eskadalys.lt\/fi\/tuote-fi\/kauhan-hammas-j200-1u3202-cva-1-3-kg\/","og_locale":"fi_FI","og_type":"article","og_title":"Kau\u0161o dantis J200 1U3202 CVA 1.3 KG - 1U3202 | Gera kaina | Greitas pristatymas | Eska dalys","og_description":"Kau\u0161o dantis J200 1U3202 1.3 KG - 1U3202 Tinka: CAT, 420D, 424D, 426, 426B, 426C, 428, 428B, 428C, 428D, 428E, 432D, 432E, 436B, 436C, 438, 438B, 438C, 442D, 442E, 444E, 910, 910E, 914G, 428D1 OE numeriai: 1U3202","og_url":"https:\/\/eskadalys.lt\/fi\/tuote-fi\/kauhan-hammas-j200-1u3202-cva-1-3-kg\/","og_site_name":"Eska dalys","article_publisher":"https:\/\/www.facebook.com\/profile.php?id=61556005720456","article_modified_time":"2026-05-10T03:54:48+00:00","og_image":[{"width":1600,"height":1462,"url":"https:\/\/eskadalys.lt\/wp-content\/uploads\/2024\/02\/tooth-bucket-j200-1u3202-cva-20240121-221935-scaled-1.jpg?v=1714897576","type":"image\/jpeg"}],"schema":{"@context":"https:\/\/schema.org","@graph":[{"@type":"WebPage","@id":"https:\/\/eskadalys.lt\/product\/kauso-dantis-j200-1u3202-cva-1-3-kg\/","url":"https:\/\/eskadalys.lt\/product\/kauso-dantis-j200-1u3202-cva-1-3-kg\/","name":"Kauhan hammas J200 1U3202 CVA 1,3 KG - 1U3202 | Hyv\u00e4 hinta | Nopea toimitus | Eska-osat","isPartOf":{"@id":"https:\/\/eskadalys.lt\/#website"},"primaryImageOfPage":{"@id":"https:\/\/eskadalys.lt\/product\/kauso-dantis-j200-1u3202-cva-1-3-kg\/#primaryimage"},"image":{"@id":"https:\/\/eskadalys.lt\/product\/kauso-dantis-j200-1u3202-cva-1-3-kg\/#primaryimage"},"thumbnailUrl":"https:\/\/eskadalys.lt\/wp-content\/uploads\/2024\/02\/tooth-bucket-j200-1u3202-cva-20240121-221935-scaled-1.jpg?v=1714897576","datePublished":"2024-02-11T09:16:21+00:00","dateModified":"2026-05-10T03:54:48+00:00","description":"Kauhan hammas J200 1U3202 1,3 KG - 1U3202 Sopii: CAT, 420D, 424D, 426, 426B, 426C, 428, 428B, 428C, 428D, 428E, 432D, 432E, 436B, 436C, 438, 438B, 438C, 442D, 442E, 444E, 910, 910E, 914G, 428D1 OE-numerot: 1U3202","breadcrumb":{"@id":"https:\/\/eskadalys.lt\/product\/kauso-dantis-j200-1u3202-cva-1-3-kg\/#breadcrumb"},"inLanguage":"fi","potentialAction":[{"@type":"ReadAction","target":["https:\/\/eskadalys.lt\/product\/kauso-dantis-j200-1u3202-cva-1-3-kg\/"]}]},{"@type":"ImageObject","inLanguage":"fi","@id":"https:\/\/eskadalys.lt\/product\/kauso-dantis-j200-1u3202-cva-1-3-kg\/#primaryimage","url":"https:\/\/eskadalys.lt\/wp-content\/uploads\/2024\/02\/tooth-bucket-j200-1u3202-cva-20240121-221935-scaled-1.jpg?v=1714897576","contentUrl":"https:\/\/eskadalys.lt\/wp-content\/uploads\/2024\/02\/tooth-bucket-j200-1u3202-cva-20240121-221935-scaled-1.jpg?v=1714897576","width":1600,"height":1462},{"@type":"BreadcrumbList","@id":"https:\/\/eskadalys.lt\/product\/kauso-dantis-j200-1u3202-cva-1-3-kg\/#breadcrumb","itemListElement":[{"@type":"ListItem","position":1,"name":"Strona g\u0142\u00f3wna","item":"https:\/\/eskadalys.lt\/"},{"@type":"ListItem","position":2,"name":"E-parduotuv\u0117","item":"https:\/\/eskadalys.lt\/e-parduotuve\/"},{"@type":"ListItem","position":3,"name":"Kau\u0161o dantis J200 1U3202 CVA 1.3 KG &#8211; 1U3202"}]},{"@type":"WebSite","@id":"https:\/\/eskadalys.lt\/#website","url":"https:\/\/eskadalys.lt\/","name":"Eska parts","description":"Kaivinkoneen\/minikaivinkoneen\/puskutraktorin osat","publisher":{"@id":"https:\/\/eskadalys.lt\/#organization"},"potentialAction":[{"@type":"SearchAction","target":{"@type":"EntryPoint","urlTemplate":"https:\/\/eskadalys.lt\/?s={search_term_string}"},"query-input":{"@type":"PropertyValueSpecification","valueRequired":true,"valueName":"search_term_string"}}],"inLanguage":"fi"},{"@type":"Organization","@id":"https:\/\/eskadalys.lt\/#organization","name":"Eska parts","url":"https:\/\/eskadalys.lt\/","logo":{"@type":"ImageObject","inLanguage":"fi","@id":"https:\/\/eskadalys.lt\/#\/schema\/logo\/image\/","url":"https:\/\/eskadalys.lt\/wp-content\/uploads\/2024\/01\/LOGO-ESKA-FINAL.svg","contentUrl":"https:\/\/eskadalys.lt\/wp-content\/uploads\/2024\/01\/LOGO-ESKA-FINAL.svg","width":259,"height":201,"caption":"Eska dalys"},"image":{"@id":"https:\/\/eskadalys.lt\/#\/schema\/logo\/image\/"},"sameAs":["https:\/\/www.facebook.com\/profile.php?id=61556005720456"]}]}},"_links":{"self":[{"href":"https:\/\/eskadalys.lt\/fi\/wp-json\/wp\/v2\/product\/9318","targetHints":{"allow":["GET"]}}],"collection":[{"href":"https:\/\/eskadalys.lt\/fi\/wp-json\/wp\/v2\/product"}],"about":[{"href":"https:\/\/eskadalys.lt\/fi\/wp-json\/wp\/v2\/types\/product"}],"wp:featuredmedia":[{"embeddable":true,"href":"https:\/\/eskadalys.lt\/fi\/wp-json\/wp\/v2\/media\/111904"}],"wp:attachment":[{"href":"https:\/\/eskadalys.lt\/fi\/wp-json\/wp\/v2\/media?parent=9318"}],"wp:term":[{"taxonomy":"product_brand","embeddable":true,"href":"https:\/\/eskadalys.lt\/fi\/wp-json\/wp\/v2\/product_brand?post=9318"},{"taxonomy":"product_cat","embeddable":true,"href":"https:\/\/eskadalys.lt\/fi\/wp-json\/wp\/v2\/product_cat?post=9318"},{"taxonomy":"product_tag","embeddable":true,"href":"https:\/\/eskadalys.lt\/fi\/wp-json\/wp\/v2\/product_tag?post=9318"}],"curies":[{"name":"wp","href":"https:\/\/api.w.org\/{rel}","templated":true}]}}