{"id":905,"date":"2024-02-11T00:17:41","date_gmt":"2024-02-10T22:17:41","guid":{"rendered":"https:\/\/eskadalys.lt\/?post_type=product&#038;p=905"},"modified":"2026-04-22T16:28:08","modified_gmt":"2026-04-22T13:28:08","slug":"vandens-pompa-7","status":"publish","type":"product","link":"https:\/\/eskadalys.lt\/fi\/product\/vandens-pompa-7\/","title":{"rendered":"Vesipumppu \u2013 2258016"},"content":{"rendered":"<p><strong>Vesipumppu \u2013 2258016<\/strong><br \/>\n<strong>Sopii:<\/strong> CAT, Ekskavatorius krautuvas, 414E, 416D, 416E, 416F, 420D, 420E, 422E, 422F, 424D, 428D, 428E, 428F, 430D, 430E, 432D, 432E, 434E, 442D, 442E, 444E, 450E, Vik\u0161rinis ekskavatorius, M313C, M313D, M315C, M315D, M316D, M318D, M322D, 315C, Frontalinis krautuvas, Vik\u0161rinis krautuvas, Teleskopiniai krautuvai, TH210, TH215, TH220B, TH330B, TH340B, TH350B, TH355B, TH460B, TH560B, TH580B, 953D, 963D, Buldozeris, D3K, D4K, D5K, D6K, D6N, 914G, 924H, 928HZ, 938H, Ratinis ekskavatorius, 434F<br \/>\nOE-numerot: 3541672, 3229662, 3079843, 3544754, 4854895, 2307355<br \/>\n225-8016<\/p>\n<h3>\ud83d\udd0d Etsitk\u00f6 toista tuotetta samasta kategoriasta? <a href=\"https:\/\/eskadalys.lt\/fi\/tuotekategoria-fi\/jaahdytys\/vesipumput\/\">Vesipumput<\/a> ?<\/h3>\n<h3>\ud83d\udee0\ufe0f CAT-osia \u2013 l\u00f6yd\u00e4t niit\u00e4 lis\u00e4\u00e4 <a href=\"https:\/\/eskadalys.lt\/fi\/tuotekategoria-fi\/jaahdytys\/\">J\u00e4\u00e4hdytys<\/a> kategoriassa.<\/h3>\n<p>Jos et ole varma, sopiiko t\u00e4m\u00e4 osa koneeseesi, <strong>L\u00e4het\u00e4 meille ajoneuvon sarjanumero (VIN) ennen ostamista.<\/strong>. Tarkistamme yhteensopivuuden luetteloiden avulla ja <strong>tarjoamme oikean osan<\/strong>. Jos et l\u00f6yd\u00e4 tarvitsemaasi osaa, kirjoita meille \u2013 autamme sinua l\u00f6yt\u00e4m\u00e4\u00e4n sen!<\/p>\n<p><strong>\ud83d\udce6 Varasto Liettuassa<\/strong> \u2013 Ennen klo 14.00 tehdyt tilaukset l\u00e4hetet\u00e4\u00e4n samana p\u00e4iv\u00e4n\u00e4.<\/p>\n<p><strong>\ud83d\ude80 Nopea toimitus<\/strong> \u2013 Tilatut tuotteet, joita meill\u00e4 ei t\u00e4ll\u00e4 hetkell\u00e4 ole varastossa, toimitetaan 3\u20134 arkip\u00e4iv\u00e4n kuluessa.<\/p>\n<p><strong>\ud83d\udcc8 Laaja valikoima<\/strong> \u2013 laajennamme tuotevalikoimaamme jatkuvasti.<\/p>","protected":false},"excerpt":{"rendered":"<p>2258016<\/p>","protected":false},"featured_media":93499,"template":"","meta":{"site-sidebar-layout":"default","site-content-layout":"","ast-site-content-layout":"default","site-content-style":"default","site-sidebar-style":"default","ast-global-header-display":"","ast-banner-title-visibility":"","ast-main-header-display":"","ast-hfb-above-header-display":"","ast-hfb-below-header-display":"","ast-hfb-mobile-header-display":"","site-post-title":"","ast-breadcrumbs-content":"","ast-featured-img":"","footer-sml-layout":"","ast-disable-related-posts":"","theme-transparent-header-meta":"","adv-header-id-meta":"","stick-header-meta":"","header-above-stick-meta":"","header-main-stick-meta":"","header-below-stick-meta":"","astra-migrate-meta-layouts":"default","ast-page-background-enabled":"default","ast-page-background-meta":{"desktop":{"background-color":"","background-image":"","background-repeat":"repeat","background-position":"center center","background-size":"auto","background-attachment":"scroll","background-type":"","background-media":"","overlay-type":"","overlay-color":"","overlay-opacity":"","overlay-gradient":""},"tablet":{"background-color":"","background-image":"","background-repeat":"repeat","background-position":"center center","background-size":"auto","background-attachment":"scroll","background-type":"","background-media":"","overlay-type":"","overlay-color":"","overlay-opacity":"","overlay-gradient":""},"mobile":{"background-color":"","background-image":"","background-repeat":"repeat","background-position":"center center","background-size":"auto","background-attachment":"scroll","background-type":"","background-media":"","overlay-type":"","overlay-color":"","overlay-opacity":"","overlay-gradient":""}},"ast-content-background-meta":{"desktop":{"background-color":"var(--ast-global-color-5)","background-image":"","background-repeat":"repeat","background-position":"center center","background-size":"auto","background-attachment":"scroll","background-type":"","background-media":"","overlay-type":"","overlay-color":"","overlay-opacity":"","overlay-gradient":""},"tablet":{"background-color":"var(--ast-global-color-5)","background-image":"","background-repeat":"repeat","background-position":"center center","background-size":"auto","background-attachment":"scroll","background-type":"","background-media":"","overlay-type":"","overlay-color":"","overlay-opacity":"","overlay-gradient":""},"mobile":{"background-color":"var(--ast-global-color-5)","background-image":"","background-repeat":"repeat","background-position":"center center","background-size":"auto","background-attachment":"scroll","background-type":"","background-media":"","overlay-type":"","overlay-color":"","overlay-opacity":"","overlay-gradient":""}}},"product_brand":[],"product_cat":[879],"product_tag":[],"class_list":{"0":"post-905","1":"product","2":"type-product","3":"status-publish","4":"has-post-thumbnail","6":"product_cat-vandens-pompos","7":"desktop-align-left","8":"tablet-align-left","9":"mobile-align-left","11":"first","12":"onbackorder","13":"taxable","14":"shipping-taxable","15":"purchasable","16":"product-type-simple"},"yoast_head":"<!-- This site is optimized with the Yoast SEO plugin v27.4 - https:\/\/yoast.com\/product\/yoast-seo-wordpress\/ -->\n<title>Vandens pompa - 2258016 | Gera kaina | Greitas pristatymas | Eska dalys<\/title>\n<meta name=\"description\" content=\"Vandens pompa - 2258016 Tinka: CAT, Ekskavatorius krautuvas, 414E, 416D, 416E, 416F, 420D, 420E, 422E, 422F, 424D, 428D, 428E, 428F, 430D, 430E, 432D, 432E, 434E, 442D, 442E, 444E, 450E, Vik\u0161rinis ekskavatorius, M313C, M313D, M315C, M315D, M316D, M318D, M322D, 315C, Frontalinis krautuvas, Vik\u0161rinis krautuvas, Teleskopiniai krautuvai, TH210, TH215, TH220B, TH330B, TH340B, TH350B, TH355B, TH460B, TH560B, TH580B, 953D, 963D, Buldozeris, D3K, D4K, D5K, D6K, D6N, 914G, 924H, 928HZ, 938H, Ratinis ekskavatorius, 434F OE numeriai: 3541672, 3229662, 3079843, 3544754, 4854895, 2307355\" \/>\n<meta name=\"robots\" content=\"index, follow, max-snippet:-1, max-image-preview:large, max-video-preview:-1\" \/>\n<link rel=\"canonical\" href=\"https:\/\/eskadalys.lt\/fi\/tuote-fi\/vandens-pompa-7\/\" \/>\n<meta property=\"og:locale\" content=\"fi_FI\" \/>\n<meta property=\"og:type\" content=\"article\" \/>\n<meta property=\"og:title\" content=\"Vandens pompa - 2258016 | Gera kaina | Greitas pristatymas | Eska dalys\" \/>\n<meta property=\"og:description\" content=\"Vandens pompa - 2258016 Tinka: CAT, Ekskavatorius krautuvas, 414E, 416D, 416E, 416F, 420D, 420E, 422E, 422F, 424D, 428D, 428E, 428F, 430D, 430E, 432D, 432E, 434E, 442D, 442E, 444E, 450E, Vik\u0161rinis ekskavatorius, M313C, M313D, M315C, M315D, M316D, M318D, M322D, 315C, Frontalinis krautuvas, Vik\u0161rinis krautuvas, Teleskopiniai krautuvai, TH210, TH215, TH220B, TH330B, TH340B, TH350B, TH355B, TH460B, TH560B, TH580B, 953D, 963D, Buldozeris, D3K, D4K, D5K, D6K, D6N, 914G, 924H, 928HZ, 938H, Ratinis ekskavatorius, 434F OE numeriai: 3541672, 3229662, 3079843, 3544754, 4854895, 2307355\" \/>\n<meta property=\"og:url\" content=\"https:\/\/eskadalys.lt\/fi\/tuote-fi\/vandens-pompa-7\/\" \/>\n<meta property=\"og:site_name\" content=\"Eska dalys\" \/>\n<meta property=\"article:publisher\" content=\"https:\/\/www.facebook.com\/profile.php?id=61556005720456\" \/>\n<meta property=\"article:modified_time\" content=\"2026-04-22T13:28:08+00:00\" \/>\n<meta property=\"og:image\" content=\"https:\/\/eskadalys.lt\/wp-content\/uploads\/2024\/02\/pump-6-20240121-115426-scaled-1.jpg?v=1714951314\" \/>\n\t<meta property=\"og:image:width\" content=\"1600\" \/>\n\t<meta property=\"og:image:height\" content=\"1893\" \/>\n\t<meta property=\"og:image:type\" content=\"image\/jpeg\" \/>\n<script type=\"application\/ld+json\" class=\"yoast-schema-graph\">{\"@context\":\"https:\\\/\\\/schema.org\",\"@graph\":[{\"@type\":\"WebPage\",\"@id\":\"https:\\\/\\\/eskadalys.lt\\\/product\\\/vandens-pompa-7\\\/\",\"url\":\"https:\\\/\\\/eskadalys.lt\\\/product\\\/vandens-pompa-7\\\/\",\"name\":\"Vandens pompa - 2258016 | Gera kaina | Greitas pristatymas | Eska dalys\",\"isPartOf\":{\"@id\":\"https:\\\/\\\/eskadalys.lt\\\/#website\"},\"primaryImageOfPage\":{\"@id\":\"https:\\\/\\\/eskadalys.lt\\\/product\\\/vandens-pompa-7\\\/#primaryimage\"},\"image\":{\"@id\":\"https:\\\/\\\/eskadalys.lt\\\/product\\\/vandens-pompa-7\\\/#primaryimage\"},\"thumbnailUrl\":\"https:\\\/\\\/eskadalys.lt\\\/wp-content\\\/uploads\\\/2024\\\/02\\\/pump-6-20240121-115426-scaled-1.jpg?v=1714951314\",\"datePublished\":\"2024-02-10T22:17:41+00:00\",\"dateModified\":\"2026-04-22T13:28:08+00:00\",\"description\":\"Vandens pompa - 2258016 Tinka: CAT, Ekskavatorius krautuvas, 414E, 416D, 416E, 416F, 420D, 420E, 422E, 422F, 424D, 428D, 428E, 428F, 430D, 430E, 432D, 432E, 434E, 442D, 442E, 444E, 450E, Vik\u0161rinis ekskavatorius, M313C, M313D, M315C, M315D, M316D, M318D, M322D, 315C, Frontalinis krautuvas, Vik\u0161rinis krautuvas, Teleskopiniai krautuvai, TH210, TH215, TH220B, TH330B, TH340B, TH350B, TH355B, TH460B, TH560B, TH580B, 953D, 963D, Buldozeris, D3K, D4K, D5K, D6K, D6N, 914G, 924H, 928HZ, 938H, Ratinis ekskavatorius, 434F OE numeriai: 3541672, 3229662, 3079843, 3544754, 4854895, 2307355\",\"breadcrumb\":{\"@id\":\"https:\\\/\\\/eskadalys.lt\\\/product\\\/vandens-pompa-7\\\/#breadcrumb\"},\"inLanguage\":\"fi\",\"potentialAction\":[{\"@type\":\"ReadAction\",\"target\":[\"https:\\\/\\\/eskadalys.lt\\\/product\\\/vandens-pompa-7\\\/\"]}]},{\"@type\":\"ImageObject\",\"inLanguage\":\"fi\",\"@id\":\"https:\\\/\\\/eskadalys.lt\\\/product\\\/vandens-pompa-7\\\/#primaryimage\",\"url\":\"https:\\\/\\\/eskadalys.lt\\\/wp-content\\\/uploads\\\/2024\\\/02\\\/pump-6-20240121-115426-scaled-1.jpg?v=1714951314\",\"contentUrl\":\"https:\\\/\\\/eskadalys.lt\\\/wp-content\\\/uploads\\\/2024\\\/02\\\/pump-6-20240121-115426-scaled-1.jpg?v=1714951314\",\"width\":1600,\"height\":1893},{\"@type\":\"BreadcrumbList\",\"@id\":\"https:\\\/\\\/eskadalys.lt\\\/product\\\/vandens-pompa-7\\\/#breadcrumb\",\"itemListElement\":[{\"@type\":\"ListItem\",\"position\":1,\"name\":\"Strona g\u0142\u00f3wna\",\"item\":\"https:\\\/\\\/eskadalys.lt\\\/\"},{\"@type\":\"ListItem\",\"position\":2,\"name\":\"E-parduotuv\u0117\",\"item\":\"https:\\\/\\\/eskadalys.lt\\\/e-parduotuve\\\/\"},{\"@type\":\"ListItem\",\"position\":3,\"name\":\"Vandens pompa &#8211; 2258016\"}]},{\"@type\":\"WebSite\",\"@id\":\"https:\\\/\\\/eskadalys.lt\\\/#website\",\"url\":\"https:\\\/\\\/eskadalys.lt\\\/\",\"name\":\"Eska dalys\",\"description\":\"Ekskavatori\u0173 \\\/ mini ekskavatori\u0173 \\\/ buldozeri\u0173 dalys\",\"publisher\":{\"@id\":\"https:\\\/\\\/eskadalys.lt\\\/#organization\"},\"potentialAction\":[{\"@type\":\"SearchAction\",\"target\":{\"@type\":\"EntryPoint\",\"urlTemplate\":\"https:\\\/\\\/eskadalys.lt\\\/?s={search_term_string}\"},\"query-input\":{\"@type\":\"PropertyValueSpecification\",\"valueRequired\":true,\"valueName\":\"search_term_string\"}}],\"inLanguage\":\"fi\"},{\"@type\":\"Organization\",\"@id\":\"https:\\\/\\\/eskadalys.lt\\\/#organization\",\"name\":\"Eska dalys\",\"url\":\"https:\\\/\\\/eskadalys.lt\\\/\",\"logo\":{\"@type\":\"ImageObject\",\"inLanguage\":\"fi\",\"@id\":\"https:\\\/\\\/eskadalys.lt\\\/#\\\/schema\\\/logo\\\/image\\\/\",\"url\":\"https:\\\/\\\/eskadalys.lt\\\/wp-content\\\/uploads\\\/2024\\\/01\\\/LOGO-ESKA-FINAL.svg\",\"contentUrl\":\"https:\\\/\\\/eskadalys.lt\\\/wp-content\\\/uploads\\\/2024\\\/01\\\/LOGO-ESKA-FINAL.svg\",\"width\":259,\"height\":201,\"caption\":\"Eska dalys\"},\"image\":{\"@id\":\"https:\\\/\\\/eskadalys.lt\\\/#\\\/schema\\\/logo\\\/image\\\/\"},\"sameAs\":[\"https:\\\/\\\/www.facebook.com\\\/profile.php?id=61556005720456\"]}]}<\/script>\n<!-- \/ Yoast SEO plugin. -->","yoast_head_json":{"title":"Vandens pompa - 2258016 | Gera kaina | Greitas pristatymas | Eska dalys","description":"Vandens pompa - 2258016 Tinka: CAT, Ekskavatorius krautuvas, 414E, 416D, 416E, 416F, 420D, 420E, 422E, 422F, 424D, 428D, 428E, 428F, 430D, 430E, 432D, 432E, 434E, 442D, 442E, 444E, 450E, Vik\u0161rinis ekskavatorius, M313C, M313D, M315C, M315D, M316D, M318D, M322D, 315C, Frontalinis krautuvas, Vik\u0161rinis krautuvas, Teleskopiniai krautuvai, TH210, TH215, TH220B, TH330B, TH340B, TH350B, TH355B, TH460B, TH560B, TH580B, 953D, 963D, Buldozeris, D3K, D4K, D5K, D6K, D6N, 914G, 924H, 928HZ, 938H, Ratinis ekskavatorius, 434F OE numeriai: 3541672, 3229662, 3079843, 3544754, 4854895, 2307355","robots":{"index":"index","follow":"follow","max-snippet":"max-snippet:-1","max-image-preview":"max-image-preview:large","max-video-preview":"max-video-preview:-1"},"canonical":"https:\/\/eskadalys.lt\/fi\/tuote-fi\/vandens-pompa-7\/","og_locale":"fi_FI","og_type":"article","og_title":"Vandens pompa - 2258016 | Gera kaina | Greitas pristatymas | Eska dalys","og_description":"Vandens pompa - 2258016 Tinka: CAT, Ekskavatorius krautuvas, 414E, 416D, 416E, 416F, 420D, 420E, 422E, 422F, 424D, 428D, 428E, 428F, 430D, 430E, 432D, 432E, 434E, 442D, 442E, 444E, 450E, Vik\u0161rinis ekskavatorius, M313C, M313D, M315C, M315D, M316D, M318D, M322D, 315C, Frontalinis krautuvas, Vik\u0161rinis krautuvas, Teleskopiniai krautuvai, TH210, TH215, TH220B, TH330B, TH340B, TH350B, TH355B, TH460B, TH560B, TH580B, 953D, 963D, Buldozeris, D3K, D4K, D5K, D6K, D6N, 914G, 924H, 928HZ, 938H, Ratinis ekskavatorius, 434F OE numeriai: 3541672, 3229662, 3079843, 3544754, 4854895, 2307355","og_url":"https:\/\/eskadalys.lt\/fi\/tuote-fi\/vandens-pompa-7\/","og_site_name":"Eska dalys","article_publisher":"https:\/\/www.facebook.com\/profile.php?id=61556005720456","article_modified_time":"2026-04-22T13:28:08+00:00","og_image":[{"width":1600,"height":1893,"url":"https:\/\/eskadalys.lt\/wp-content\/uploads\/2024\/02\/pump-6-20240121-115426-scaled-1.jpg?v=1714951314","type":"image\/jpeg"}],"schema":{"@context":"https:\/\/schema.org","@graph":[{"@type":"WebPage","@id":"https:\/\/eskadalys.lt\/product\/vandens-pompa-7\/","url":"https:\/\/eskadalys.lt\/product\/vandens-pompa-7\/","name":"Vandens pompa - 2258016 | Gera kaina | Greitas pristatymas | Eska dalys","isPartOf":{"@id":"https:\/\/eskadalys.lt\/#website"},"primaryImageOfPage":{"@id":"https:\/\/eskadalys.lt\/product\/vandens-pompa-7\/#primaryimage"},"image":{"@id":"https:\/\/eskadalys.lt\/product\/vandens-pompa-7\/#primaryimage"},"thumbnailUrl":"https:\/\/eskadalys.lt\/wp-content\/uploads\/2024\/02\/pump-6-20240121-115426-scaled-1.jpg?v=1714951314","datePublished":"2024-02-10T22:17:41+00:00","dateModified":"2026-04-22T13:28:08+00:00","description":"Vandens pompa - 2258016 Tinka: CAT, Ekskavatorius krautuvas, 414E, 416D, 416E, 416F, 420D, 420E, 422E, 422F, 424D, 428D, 428E, 428F, 430D, 430E, 432D, 432E, 434E, 442D, 442E, 444E, 450E, Vik\u0161rinis ekskavatorius, M313C, M313D, M315C, M315D, M316D, M318D, M322D, 315C, Frontalinis krautuvas, Vik\u0161rinis krautuvas, Teleskopiniai krautuvai, TH210, TH215, TH220B, TH330B, TH340B, TH350B, TH355B, TH460B, TH560B, TH580B, 953D, 963D, Buldozeris, D3K, D4K, D5K, D6K, D6N, 914G, 924H, 928HZ, 938H, Ratinis ekskavatorius, 434F OE numeriai: 3541672, 3229662, 3079843, 3544754, 4854895, 2307355","breadcrumb":{"@id":"https:\/\/eskadalys.lt\/product\/vandens-pompa-7\/#breadcrumb"},"inLanguage":"fi","potentialAction":[{"@type":"ReadAction","target":["https:\/\/eskadalys.lt\/product\/vandens-pompa-7\/"]}]},{"@type":"ImageObject","inLanguage":"fi","@id":"https:\/\/eskadalys.lt\/product\/vandens-pompa-7\/#primaryimage","url":"https:\/\/eskadalys.lt\/wp-content\/uploads\/2024\/02\/pump-6-20240121-115426-scaled-1.jpg?v=1714951314","contentUrl":"https:\/\/eskadalys.lt\/wp-content\/uploads\/2024\/02\/pump-6-20240121-115426-scaled-1.jpg?v=1714951314","width":1600,"height":1893},{"@type":"BreadcrumbList","@id":"https:\/\/eskadalys.lt\/product\/vandens-pompa-7\/#breadcrumb","itemListElement":[{"@type":"ListItem","position":1,"name":"Strona g\u0142\u00f3wna","item":"https:\/\/eskadalys.lt\/"},{"@type":"ListItem","position":2,"name":"E-parduotuv\u0117","item":"https:\/\/eskadalys.lt\/e-parduotuve\/"},{"@type":"ListItem","position":3,"name":"Vandens pompa &#8211; 2258016"}]},{"@type":"WebSite","@id":"https:\/\/eskadalys.lt\/#website","url":"https:\/\/eskadalys.lt\/","name":"Eska parts","description":"Kaivinkoneen\/minikaivinkoneen\/puskutraktorin osat","publisher":{"@id":"https:\/\/eskadalys.lt\/#organization"},"potentialAction":[{"@type":"SearchAction","target":{"@type":"EntryPoint","urlTemplate":"https:\/\/eskadalys.lt\/?s={search_term_string}"},"query-input":{"@type":"PropertyValueSpecification","valueRequired":true,"valueName":"search_term_string"}}],"inLanguage":"fi"},{"@type":"Organization","@id":"https:\/\/eskadalys.lt\/#organization","name":"Eska parts","url":"https:\/\/eskadalys.lt\/","logo":{"@type":"ImageObject","inLanguage":"fi","@id":"https:\/\/eskadalys.lt\/#\/schema\/logo\/image\/","url":"https:\/\/eskadalys.lt\/wp-content\/uploads\/2024\/01\/LOGO-ESKA-FINAL.svg","contentUrl":"https:\/\/eskadalys.lt\/wp-content\/uploads\/2024\/01\/LOGO-ESKA-FINAL.svg","width":259,"height":201,"caption":"Eska dalys"},"image":{"@id":"https:\/\/eskadalys.lt\/#\/schema\/logo\/image\/"},"sameAs":["https:\/\/www.facebook.com\/profile.php?id=61556005720456"]}]}},"_links":{"self":[{"href":"https:\/\/eskadalys.lt\/fi\/wp-json\/wp\/v2\/product\/905","targetHints":{"allow":["GET"]}}],"collection":[{"href":"https:\/\/eskadalys.lt\/fi\/wp-json\/wp\/v2\/product"}],"about":[{"href":"https:\/\/eskadalys.lt\/fi\/wp-json\/wp\/v2\/types\/product"}],"wp:featuredmedia":[{"embeddable":true,"href":"https:\/\/eskadalys.lt\/fi\/wp-json\/wp\/v2\/media\/93499"}],"wp:attachment":[{"href":"https:\/\/eskadalys.lt\/fi\/wp-json\/wp\/v2\/media?parent=905"}],"wp:term":[{"taxonomy":"product_brand","embeddable":true,"href":"https:\/\/eskadalys.lt\/fi\/wp-json\/wp\/v2\/product_brand?post=905"},{"taxonomy":"product_cat","embeddable":true,"href":"https:\/\/eskadalys.lt\/fi\/wp-json\/wp\/v2\/product_cat?post=905"},{"taxonomy":"product_tag","embeddable":true,"href":"https:\/\/eskadalys.lt\/fi\/wp-json\/wp\/v2\/product_tag?post=905"}],"curies":[{"name":"wp","href":"https:\/\/api.w.org\/{rel}","templated":true}]}}