{"id":9046,"date":"2024-02-11T10:55:47","date_gmt":"2024-02-11T08:55:47","guid":{"rendered":"https:\/\/eskadalys.lt\/?post_type=product&#038;p=9046"},"modified":"2026-05-10T06:54:31","modified_gmt":"2026-05-10T03:54:31","slug":"tachometras-4","status":"publish","type":"product","link":"https:\/\/eskadalys.lt\/fi\/product\/tachometras-4\/","title":{"rendered":"Kierroslukumittari \u2013 9W1494"},"content":{"rendered":"<p><strong>Kierroslukumittari \u2013 9W1494<\/strong><br \/>\nMitat;<br \/>\nKorkeus: 75 mm,<br \/>\nLeveys: 60 mm,<br \/>\n<strong>Sopii:<\/strong> CAT, Savivartis, D250E, D300E, D350E, D400E, Ekskavatorius krautuvas, 416B, 428B, 446B, Variklis, C-12, 3408B, 3412, 3512, 3516, Vik\u0161rinis ekskavatorius, M316C, M318C, M322C, 307, 318B, 320B, 320C, 322C, 325C, 330C, 345B, 365B, Mini ekskavatorius, 303, 304, 305, 305.5, 306, 307B, 307C, 308C, Vik\u0161rinis krautuvas, 933, 933C, 939, 939C, 963B, 973, 924F, 936F, 950F, 966F, 970F, 980F, 988F, 990, 992D, 994D, Ratinis ekskavatorius<br \/>\nOE numeriai: 6T7337, 2U4705, 8C0773, 9W1494<br \/>\n9W-1494<\/p>\n<h3>\ud83d\udd0d Etsitk\u00f6 toista tuotetta samasta kategoriasta? <a href=\"https:\/\/eskadalys.lt\/fi\/tuotekategoria-fi\/sahkokomponentit\/mittarien-indikaattorit\/\">Mittarit, osoittimet<\/a> ?<\/h3>\n<h3>\ud83d\udee0\ufe0f CAT-osia \u2013 l\u00f6yd\u00e4t niit\u00e4 lis\u00e4\u00e4 <a href=\"https:\/\/eskadalys.lt\/fi\/tuotekategoria-fi\/sahkokomponentit\/\">S\u00e4hk\u00f6komponentit<\/a> kategoriassa.<\/h3>\n<p>Jos et ole varma, sopiiko t\u00e4m\u00e4 osa koneeseesi, <strong>L\u00e4het\u00e4 meille ajoneuvon sarjanumero (VIN) ennen ostamista.<\/strong>. Tarkistamme yhteensopivuuden luetteloiden avulla ja <strong>tarjoamme oikean osan<\/strong>. Jos et l\u00f6yd\u00e4 tarvitsemaasi osaa, kirjoita meille \u2013 autamme sinua l\u00f6yt\u00e4m\u00e4\u00e4n sen!<\/p>\n<p><strong>\ud83d\udce6 Varasto Liettuassa<\/strong> \u2013 Ennen klo 14.00 tehdyt tilaukset l\u00e4hetet\u00e4\u00e4n samana p\u00e4iv\u00e4n\u00e4.<\/p>\n<p><strong>\ud83d\ude80 Nopea toimitus<\/strong> \u2013 Tilatut tuotteet, joita meill\u00e4 ei t\u00e4ll\u00e4 hetkell\u00e4 ole varastossa, toimitetaan 3\u20134 arkip\u00e4iv\u00e4n kuluessa.<\/p>\n<p><strong>\ud83d\udcc8 Laaja valikoima<\/strong> \u2013 laajennamme tuotevalikoimaamme jatkuvasti.<\/p>","protected":false},"excerpt":{"rendered":"<p>9W1494<\/p>","protected":false},"featured_media":111203,"template":"","meta":{"site-sidebar-layout":"default","site-content-layout":"","ast-site-content-layout":"default","site-content-style":"default","site-sidebar-style":"default","ast-global-header-display":"","ast-banner-title-visibility":"","ast-main-header-display":"","ast-hfb-above-header-display":"","ast-hfb-below-header-display":"","ast-hfb-mobile-header-display":"","site-post-title":"","ast-breadcrumbs-content":"","ast-featured-img":"","footer-sml-layout":"","ast-disable-related-posts":"","theme-transparent-header-meta":"","adv-header-id-meta":"","stick-header-meta":"","header-above-stick-meta":"","header-main-stick-meta":"","header-below-stick-meta":"","astra-migrate-meta-layouts":"default","ast-page-background-enabled":"default","ast-page-background-meta":{"desktop":{"background-color":"","background-image":"","background-repeat":"repeat","background-position":"center center","background-size":"auto","background-attachment":"scroll","background-type":"","background-media":"","overlay-type":"","overlay-color":"","overlay-opacity":"","overlay-gradient":""},"tablet":{"background-color":"","background-image":"","background-repeat":"repeat","background-position":"center center","background-size":"auto","background-attachment":"scroll","background-type":"","background-media":"","overlay-type":"","overlay-color":"","overlay-opacity":"","overlay-gradient":""},"mobile":{"background-color":"","background-image":"","background-repeat":"repeat","background-position":"center center","background-size":"auto","background-attachment":"scroll","background-type":"","background-media":"","overlay-type":"","overlay-color":"","overlay-opacity":"","overlay-gradient":""}},"ast-content-background-meta":{"desktop":{"background-color":"var(--ast-global-color-5)","background-image":"","background-repeat":"repeat","background-position":"center center","background-size":"auto","background-attachment":"scroll","background-type":"","background-media":"","overlay-type":"","overlay-color":"","overlay-opacity":"","overlay-gradient":""},"tablet":{"background-color":"var(--ast-global-color-5)","background-image":"","background-repeat":"repeat","background-position":"center center","background-size":"auto","background-attachment":"scroll","background-type":"","background-media":"","overlay-type":"","overlay-color":"","overlay-opacity":"","overlay-gradient":""},"mobile":{"background-color":"var(--ast-global-color-5)","background-image":"","background-repeat":"repeat","background-position":"center center","background-size":"auto","background-attachment":"scroll","background-type":"","background-media":"","overlay-type":"","overlay-color":"","overlay-opacity":"","overlay-gradient":""}}},"product_brand":[],"product_cat":[738],"product_tag":[],"class_list":{"0":"post-9046","1":"product","2":"type-product","3":"status-publish","4":"has-post-thumbnail","6":"product_cat-matuokliai-rodikliai","7":"desktop-align-left","8":"tablet-align-left","9":"mobile-align-left","11":"first","12":"outofstock","13":"taxable","14":"shipping-taxable","15":"purchasable","16":"product-type-simple"},"yoast_head":"<!-- This site is optimized with the Yoast SEO plugin v27.6 - https:\/\/yoast.com\/product\/yoast-seo-wordpress\/ -->\n<title>Tachometras - 9W1494 | Gera kaina | Greitas pristatymas | Eska dalys<\/title>\n<meta name=\"description\" content=\"Tachometras - 9W1494 Matmenys; Auk\u0161tis: 75 mm, Plotis:\u00a060 mm, Tinka: CAT, Savivartis, D250E, D300E, D350E, D400E, Ekskavatorius krautuvas, 416B, 428B, 446B, Variklis, C-12, 3408B, 3412, 3512, 3516, Vik\u0161rinis ekskavatorius, M316C, M318C, M322C, 307, 318B, 320B, 320C, 322C, 325C, 330C, 345B, 365B, Mini ekskavatorius, 303, 304, 305, 305.5, 306, 307B, 307C, 308C, Vik\u0161rinis krautuvas, 933, 933C, 939, 939C, 963B, 973, 924F, 936F, 950F, 966F, 970F, 980F, 988F, 990, 992D, 994D, Ratinis ekskavatorius OE numeriai: 6T7337, 2U4705, 8C0773, 9W1494\" \/>\n<meta name=\"robots\" content=\"index, follow, max-snippet:-1, max-image-preview:large, max-video-preview:-1\" \/>\n<link rel=\"canonical\" href=\"https:\/\/eskadalys.lt\/fi\/tuote-fi\/tachometras-4\/\" \/>\n<meta property=\"og:locale\" content=\"fi_FI\" \/>\n<meta property=\"og:type\" content=\"article\" \/>\n<meta property=\"og:title\" content=\"Tachometras - 9W1494 | Gera kaina | Greitas pristatymas | Eska dalys\" \/>\n<meta property=\"og:description\" content=\"Tachometras - 9W1494 Matmenys; Auk\u0161tis: 75 mm, Plotis:\u00a060 mm, Tinka: CAT, Savivartis, D250E, D300E, D350E, D400E, Ekskavatorius krautuvas, 416B, 428B, 446B, Variklis, C-12, 3408B, 3412, 3512, 3516, Vik\u0161rinis ekskavatorius, M316C, M318C, M322C, 307, 318B, 320B, 320C, 322C, 325C, 330C, 345B, 365B, Mini ekskavatorius, 303, 304, 305, 305.5, 306, 307B, 307C, 308C, Vik\u0161rinis krautuvas, 933, 933C, 939, 939C, 963B, 973, 924F, 936F, 950F, 966F, 970F, 980F, 988F, 990, 992D, 994D, Ratinis ekskavatorius OE numeriai: 6T7337, 2U4705, 8C0773, 9W1494\" \/>\n<meta property=\"og:url\" content=\"https:\/\/eskadalys.lt\/fi\/tuote-fi\/tachometras-4\/\" \/>\n<meta property=\"og:site_name\" content=\"Eska dalys\" \/>\n<meta property=\"article:publisher\" content=\"https:\/\/www.facebook.com\/profile.php?id=61556005720456\" \/>\n<meta property=\"article:modified_time\" content=\"2026-05-10T03:54:31+00:00\" \/>\n<meta property=\"og:image\" content=\"https:\/\/eskadalys.lt\/wp-content\/uploads\/2024\/02\/licznik-motogodzin-elektromechaniczny-1-20240121-215359.png?v=1714899948\" \/>\n\t<meta property=\"og:image:width\" content=\"526\" \/>\n\t<meta property=\"og:image:height\" content=\"513\" \/>\n\t<meta property=\"og:image:type\" content=\"image\/png\" \/>\n<script type=\"application\/ld+json\" class=\"yoast-schema-graph\">{\"@context\":\"https:\\\/\\\/schema.org\",\"@graph\":[{\"@type\":\"WebPage\",\"@id\":\"https:\\\/\\\/eskadalys.lt\\\/product\\\/tachometras-4\\\/\",\"url\":\"https:\\\/\\\/eskadalys.lt\\\/product\\\/tachometras-4\\\/\",\"name\":\"Tachometras - 9W1494 | Gera kaina | Greitas pristatymas | Eska dalys\",\"isPartOf\":{\"@id\":\"https:\\\/\\\/eskadalys.lt\\\/#website\"},\"primaryImageOfPage\":{\"@id\":\"https:\\\/\\\/eskadalys.lt\\\/product\\\/tachometras-4\\\/#primaryimage\"},\"image\":{\"@id\":\"https:\\\/\\\/eskadalys.lt\\\/product\\\/tachometras-4\\\/#primaryimage\"},\"thumbnailUrl\":\"https:\\\/\\\/eskadalys.lt\\\/wp-content\\\/uploads\\\/2024\\\/02\\\/licznik-motogodzin-elektromechaniczny-1-20240121-215359.png?v=1714899948\",\"datePublished\":\"2024-02-11T08:55:47+00:00\",\"dateModified\":\"2026-05-10T03:54:31+00:00\",\"description\":\"Tachometras - 9W1494 Matmenys; Auk\u0161tis: 75 mm, Plotis:\u00a060 mm, Tinka: CAT, Savivartis, D250E, D300E, D350E, D400E, Ekskavatorius krautuvas, 416B, 428B, 446B, Variklis, C-12, 3408B, 3412, 3512, 3516, Vik\u0161rinis ekskavatorius, M316C, M318C, M322C, 307, 318B, 320B, 320C, 322C, 325C, 330C, 345B, 365B, Mini ekskavatorius, 303, 304, 305, 305.5, 306, 307B, 307C, 308C, Vik\u0161rinis krautuvas, 933, 933C, 939, 939C, 963B, 973, 924F, 936F, 950F, 966F, 970F, 980F, 988F, 990, 992D, 994D, Ratinis ekskavatorius OE numeriai: 6T7337, 2U4705, 8C0773, 9W1494\",\"breadcrumb\":{\"@id\":\"https:\\\/\\\/eskadalys.lt\\\/product\\\/tachometras-4\\\/#breadcrumb\"},\"inLanguage\":\"fi\",\"potentialAction\":[{\"@type\":\"ReadAction\",\"target\":[\"https:\\\/\\\/eskadalys.lt\\\/product\\\/tachometras-4\\\/\"]}]},{\"@type\":\"ImageObject\",\"inLanguage\":\"fi\",\"@id\":\"https:\\\/\\\/eskadalys.lt\\\/product\\\/tachometras-4\\\/#primaryimage\",\"url\":\"https:\\\/\\\/eskadalys.lt\\\/wp-content\\\/uploads\\\/2024\\\/02\\\/licznik-motogodzin-elektromechaniczny-1-20240121-215359.png?v=1714899948\",\"contentUrl\":\"https:\\\/\\\/eskadalys.lt\\\/wp-content\\\/uploads\\\/2024\\\/02\\\/licznik-motogodzin-elektromechaniczny-1-20240121-215359.png?v=1714899948\",\"width\":526,\"height\":513},{\"@type\":\"BreadcrumbList\",\"@id\":\"https:\\\/\\\/eskadalys.lt\\\/product\\\/tachometras-4\\\/#breadcrumb\",\"itemListElement\":[{\"@type\":\"ListItem\",\"position\":1,\"name\":\"Strona g\u0142\u00f3wna\",\"item\":\"https:\\\/\\\/eskadalys.lt\\\/\"},{\"@type\":\"ListItem\",\"position\":2,\"name\":\"E-parduotuv\u0117\",\"item\":\"https:\\\/\\\/eskadalys.lt\\\/e-parduotuve\\\/\"},{\"@type\":\"ListItem\",\"position\":3,\"name\":\"Tachometras &#8211; 9W1494\"}]},{\"@type\":\"WebSite\",\"@id\":\"https:\\\/\\\/eskadalys.lt\\\/#website\",\"url\":\"https:\\\/\\\/eskadalys.lt\\\/\",\"name\":\"Eska dalys\",\"description\":\"Ekskavatori\u0173 \\\/ mini ekskavatori\u0173 \\\/ buldozeri\u0173 dalys\",\"publisher\":{\"@id\":\"https:\\\/\\\/eskadalys.lt\\\/#organization\"},\"potentialAction\":[{\"@type\":\"SearchAction\",\"target\":{\"@type\":\"EntryPoint\",\"urlTemplate\":\"https:\\\/\\\/eskadalys.lt\\\/?s={search_term_string}\"},\"query-input\":{\"@type\":\"PropertyValueSpecification\",\"valueRequired\":true,\"valueName\":\"search_term_string\"}}],\"inLanguage\":\"fi\"},{\"@type\":\"Organization\",\"@id\":\"https:\\\/\\\/eskadalys.lt\\\/#organization\",\"name\":\"Eska dalys\",\"url\":\"https:\\\/\\\/eskadalys.lt\\\/\",\"logo\":{\"@type\":\"ImageObject\",\"inLanguage\":\"fi\",\"@id\":\"https:\\\/\\\/eskadalys.lt\\\/#\\\/schema\\\/logo\\\/image\\\/\",\"url\":\"https:\\\/\\\/eskadalys.lt\\\/wp-content\\\/uploads\\\/2024\\\/01\\\/LOGO-ESKA-FINAL.svg\",\"contentUrl\":\"https:\\\/\\\/eskadalys.lt\\\/wp-content\\\/uploads\\\/2024\\\/01\\\/LOGO-ESKA-FINAL.svg\",\"width\":259,\"height\":201,\"caption\":\"Eska dalys\"},\"image\":{\"@id\":\"https:\\\/\\\/eskadalys.lt\\\/#\\\/schema\\\/logo\\\/image\\\/\"},\"sameAs\":[\"https:\\\/\\\/www.facebook.com\\\/profile.php?id=61556005720456\"]}]}<\/script>\n<!-- \/ Yoast SEO plugin. -->","yoast_head_json":{"title":"Kierroslukumittari - 9W1494 | Hyv\u00e4 hinta | Nopea toimitus | Eska-osat","description":"Tachometras - 9W1494 Matmenys; Auk\u0161tis: 75 mm, Plotis:\u00a060 mm, Tinka: CAT, Savivartis, D250E, D300E, D350E, D400E, Ekskavatorius krautuvas, 416B, 428B, 446B, Variklis, C-12, 3408B, 3412, 3512, 3516, Vik\u0161rinis ekskavatorius, M316C, M318C, M322C, 307, 318B, 320B, 320C, 322C, 325C, 330C, 345B, 365B, Mini ekskavatorius, 303, 304, 305, 305.5, 306, 307B, 307C, 308C, Vik\u0161rinis krautuvas, 933, 933C, 939, 939C, 963B, 973, 924F, 936F, 950F, 966F, 970F, 980F, 988F, 990, 992D, 994D, Ratinis ekskavatorius OE numeriai: 6T7337, 2U4705, 8C0773, 9W1494","robots":{"index":"index","follow":"follow","max-snippet":"max-snippet:-1","max-image-preview":"max-image-preview:large","max-video-preview":"max-video-preview:-1"},"canonical":"https:\/\/eskadalys.lt\/fi\/tuote-fi\/tachometras-4\/","og_locale":"fi_FI","og_type":"article","og_title":"Tachometras - 9W1494 | Gera kaina | Greitas pristatymas | Eska dalys","og_description":"Tachometras - 9W1494 Matmenys; Auk\u0161tis: 75 mm, Plotis:\u00a060 mm, Tinka: CAT, Savivartis, D250E, D300E, D350E, D400E, Ekskavatorius krautuvas, 416B, 428B, 446B, Variklis, C-12, 3408B, 3412, 3512, 3516, Vik\u0161rinis ekskavatorius, M316C, M318C, M322C, 307, 318B, 320B, 320C, 322C, 325C, 330C, 345B, 365B, Mini ekskavatorius, 303, 304, 305, 305.5, 306, 307B, 307C, 308C, Vik\u0161rinis krautuvas, 933, 933C, 939, 939C, 963B, 973, 924F, 936F, 950F, 966F, 970F, 980F, 988F, 990, 992D, 994D, Ratinis ekskavatorius OE numeriai: 6T7337, 2U4705, 8C0773, 9W1494","og_url":"https:\/\/eskadalys.lt\/fi\/tuote-fi\/tachometras-4\/","og_site_name":"Eska dalys","article_publisher":"https:\/\/www.facebook.com\/profile.php?id=61556005720456","article_modified_time":"2026-05-10T03:54:31+00:00","og_image":[{"width":526,"height":513,"url":"https:\/\/eskadalys.lt\/wp-content\/uploads\/2024\/02\/licznik-motogodzin-elektromechaniczny-1-20240121-215359.png?v=1714899948","type":"image\/png"}],"schema":{"@context":"https:\/\/schema.org","@graph":[{"@type":"WebPage","@id":"https:\/\/eskadalys.lt\/product\/tachometras-4\/","url":"https:\/\/eskadalys.lt\/product\/tachometras-4\/","name":"Kierroslukumittari - 9W1494 | Hyv\u00e4 hinta | Nopea toimitus | Eska-osat","isPartOf":{"@id":"https:\/\/eskadalys.lt\/#website"},"primaryImageOfPage":{"@id":"https:\/\/eskadalys.lt\/product\/tachometras-4\/#primaryimage"},"image":{"@id":"https:\/\/eskadalys.lt\/product\/tachometras-4\/#primaryimage"},"thumbnailUrl":"https:\/\/eskadalys.lt\/wp-content\/uploads\/2024\/02\/licznik-motogodzin-elektromechaniczny-1-20240121-215359.png?v=1714899948","datePublished":"2024-02-11T08:55:47+00:00","dateModified":"2026-05-10T03:54:31+00:00","description":"Tachometras - 9W1494 Matmenys; Auk\u0161tis: 75 mm, Plotis:\u00a060 mm, Tinka: CAT, Savivartis, D250E, D300E, D350E, D400E, Ekskavatorius krautuvas, 416B, 428B, 446B, Variklis, C-12, 3408B, 3412, 3512, 3516, Vik\u0161rinis ekskavatorius, M316C, M318C, M322C, 307, 318B, 320B, 320C, 322C, 325C, 330C, 345B, 365B, Mini ekskavatorius, 303, 304, 305, 305.5, 306, 307B, 307C, 308C, Vik\u0161rinis krautuvas, 933, 933C, 939, 939C, 963B, 973, 924F, 936F, 950F, 966F, 970F, 980F, 988F, 990, 992D, 994D, Ratinis ekskavatorius OE numeriai: 6T7337, 2U4705, 8C0773, 9W1494","breadcrumb":{"@id":"https:\/\/eskadalys.lt\/product\/tachometras-4\/#breadcrumb"},"inLanguage":"fi","potentialAction":[{"@type":"ReadAction","target":["https:\/\/eskadalys.lt\/product\/tachometras-4\/"]}]},{"@type":"ImageObject","inLanguage":"fi","@id":"https:\/\/eskadalys.lt\/product\/tachometras-4\/#primaryimage","url":"https:\/\/eskadalys.lt\/wp-content\/uploads\/2024\/02\/licznik-motogodzin-elektromechaniczny-1-20240121-215359.png?v=1714899948","contentUrl":"https:\/\/eskadalys.lt\/wp-content\/uploads\/2024\/02\/licznik-motogodzin-elektromechaniczny-1-20240121-215359.png?v=1714899948","width":526,"height":513},{"@type":"BreadcrumbList","@id":"https:\/\/eskadalys.lt\/product\/tachometras-4\/#breadcrumb","itemListElement":[{"@type":"ListItem","position":1,"name":"Strona g\u0142\u00f3wna","item":"https:\/\/eskadalys.lt\/"},{"@type":"ListItem","position":2,"name":"E-parduotuv\u0117","item":"https:\/\/eskadalys.lt\/e-parduotuve\/"},{"@type":"ListItem","position":3,"name":"Tachometras &#8211; 9W1494"}]},{"@type":"WebSite","@id":"https:\/\/eskadalys.lt\/#website","url":"https:\/\/eskadalys.lt\/","name":"Eska parts","description":"Kaivinkoneen\/minikaivinkoneen\/puskutraktorin osat","publisher":{"@id":"https:\/\/eskadalys.lt\/#organization"},"potentialAction":[{"@type":"SearchAction","target":{"@type":"EntryPoint","urlTemplate":"https:\/\/eskadalys.lt\/?s={search_term_string}"},"query-input":{"@type":"PropertyValueSpecification","valueRequired":true,"valueName":"search_term_string"}}],"inLanguage":"fi"},{"@type":"Organization","@id":"https:\/\/eskadalys.lt\/#organization","name":"Eska parts","url":"https:\/\/eskadalys.lt\/","logo":{"@type":"ImageObject","inLanguage":"fi","@id":"https:\/\/eskadalys.lt\/#\/schema\/logo\/image\/","url":"https:\/\/eskadalys.lt\/wp-content\/uploads\/2024\/01\/LOGO-ESKA-FINAL.svg","contentUrl":"https:\/\/eskadalys.lt\/wp-content\/uploads\/2024\/01\/LOGO-ESKA-FINAL.svg","width":259,"height":201,"caption":"Eska dalys"},"image":{"@id":"https:\/\/eskadalys.lt\/#\/schema\/logo\/image\/"},"sameAs":["https:\/\/www.facebook.com\/profile.php?id=61556005720456"]}]}},"_links":{"self":[{"href":"https:\/\/eskadalys.lt\/fi\/wp-json\/wp\/v2\/product\/9046","targetHints":{"allow":["GET"]}}],"collection":[{"href":"https:\/\/eskadalys.lt\/fi\/wp-json\/wp\/v2\/product"}],"about":[{"href":"https:\/\/eskadalys.lt\/fi\/wp-json\/wp\/v2\/types\/product"}],"wp:featuredmedia":[{"embeddable":true,"href":"https:\/\/eskadalys.lt\/fi\/wp-json\/wp\/v2\/media\/111203"}],"wp:attachment":[{"href":"https:\/\/eskadalys.lt\/fi\/wp-json\/wp\/v2\/media?parent=9046"}],"wp:term":[{"taxonomy":"product_brand","embeddable":true,"href":"https:\/\/eskadalys.lt\/fi\/wp-json\/wp\/v2\/product_brand?post=9046"},{"taxonomy":"product_cat","embeddable":true,"href":"https:\/\/eskadalys.lt\/fi\/wp-json\/wp\/v2\/product_cat?post=9046"},{"taxonomy":"product_tag","embeddable":true,"href":"https:\/\/eskadalys.lt\/fi\/wp-json\/wp\/v2\/product_tag?post=9046"}],"curies":[{"name":"wp","href":"https:\/\/api.w.org\/{rel}","templated":true}]}}