{"id":8766,"date":"2024-02-11T10:34:44","date_gmt":"2024-02-11T08:34:44","guid":{"rendered":"https:\/\/eskadalys.lt\/?post_type=product&#038;p=8766"},"modified":"2026-04-22T16:39:25","modified_gmt":"2026-04-22T13:39:25","slug":"kaynnistin-12v-cva-7","status":"publish","type":"product","link":"https:\/\/eskadalys.lt\/fi\/product\/starteris-12v-cva-7\/","title":{"rendered":"K\u00e4ynnistin 12 V CVA \u2013 1430539"},"content":{"rendered":"<p><strong>K\u00e4ynnistin 12 V CVA \u2013 1430539<\/strong><br \/>\n<strong>Sopii:<\/strong> CAT, Kaivurikuormaaja, 414E, 416C, 416D, 416E, 416F, 420D, 420E, 420F, 422E, 422F, 424D, 426C, 428C, 428D, 428E, 428F, 430D, 430E, 430F, 432E, 434E, Py\u00f6r\u00e4kuormaaja, Teleskooppikuormaajat, TH62, TH63, TH82, TH83, TH103, 906, 906H, 907H, 908, 908H<br \/>\n<strong>OE-numerot::<\/strong> 1430538, 3E7905, 6T7001, 028000-0960, 128000-1060, 128000-1061, 25-2327<br \/>\n143-0539<\/p>\n<h3>\ud83d\udd0d Etsitk\u00f6 toista tuotetta samasta kategoriasta? <a href=\"https:\/\/eskadalys.lt\/fi\/tuotekategoria-fi\/moottorin-osat\/alkupalat\/\">Alkuruuat<\/a> ?<\/h3>\n<h3>\ud83d\udee0\ufe0f Caterpillarin osia - l\u00f6yd\u00e4t niit\u00e4 lis\u00e4\u00e4 <a href=\"https:\/\/eskadalys.lt\/fi\/tuotekategoria-fi\/moottorin-osat\/\">Moottorin osat<\/a> kategoriassa.<\/h3>\n<p>Jos et ole varma, sopiiko t\u00e4m\u00e4 osa koneeseesi, <strong>L\u00e4het\u00e4 meille ajoneuvon sarjanumero (VIN) ennen ostamista.<\/strong>. Tarkistamme yhteensopivuuden luetteloiden avulla ja <strong>tarjoamme oikean osan<\/strong>. Jos et l\u00f6yd\u00e4 tarvitsemaasi osaa, kirjoita meille \u2013 autamme sinua l\u00f6yt\u00e4m\u00e4\u00e4n sen!<\/p>\n<p><strong>\ud83d\udce6 Varasto Liettuassa<\/strong> \u2013 Ennen klo 14.00 tehdyt tilaukset l\u00e4hetet\u00e4\u00e4n samana p\u00e4iv\u00e4n\u00e4.<\/p>\n<p><strong>\ud83d\ude80 Nopea toimitus<\/strong> \u2013 Tilatut tuotteet, joita meill\u00e4 ei t\u00e4ll\u00e4 hetkell\u00e4 ole varastossa, toimitetaan 3\u20134 arkip\u00e4iv\u00e4n kuluessa.<\/p>\n<p><strong>\ud83d\udcc8 Laaja valikoima<\/strong> \u2013 laajennamme tuotevalikoimaamme jatkuvasti.<\/p>","protected":false},"excerpt":{"rendered":"<p>1430539 CVA<\/p>","protected":false},"featured_media":110480,"template":"","meta":{"site-sidebar-layout":"default","site-content-layout":"","ast-site-content-layout":"default","site-content-style":"default","site-sidebar-style":"default","ast-global-header-display":"","ast-banner-title-visibility":"","ast-main-header-display":"","ast-hfb-above-header-display":"","ast-hfb-below-header-display":"","ast-hfb-mobile-header-display":"","site-post-title":"","ast-breadcrumbs-content":"","ast-featured-img":"","footer-sml-layout":"","ast-disable-related-posts":"","theme-transparent-header-meta":"","adv-header-id-meta":"","stick-header-meta":"","header-above-stick-meta":"","header-main-stick-meta":"","header-below-stick-meta":"","astra-migrate-meta-layouts":"default","ast-page-background-enabled":"default","ast-page-background-meta":{"desktop":{"background-color":"","background-image":"","background-repeat":"repeat","background-position":"center center","background-size":"auto","background-attachment":"scroll","background-type":"","background-media":"","overlay-type":"","overlay-color":"","overlay-opacity":"","overlay-gradient":""},"tablet":{"background-color":"","background-image":"","background-repeat":"repeat","background-position":"center center","background-size":"auto","background-attachment":"scroll","background-type":"","background-media":"","overlay-type":"","overlay-color":"","overlay-opacity":"","overlay-gradient":""},"mobile":{"background-color":"","background-image":"","background-repeat":"repeat","background-position":"center center","background-size":"auto","background-attachment":"scroll","background-type":"","background-media":"","overlay-type":"","overlay-color":"","overlay-opacity":"","overlay-gradient":""}},"ast-content-background-meta":{"desktop":{"background-color":"var(--ast-global-color-5)","background-image":"","background-repeat":"repeat","background-position":"center center","background-size":"auto","background-attachment":"scroll","background-type":"","background-media":"","overlay-type":"","overlay-color":"","overlay-opacity":"","overlay-gradient":""},"tablet":{"background-color":"var(--ast-global-color-5)","background-image":"","background-repeat":"repeat","background-position":"center center","background-size":"auto","background-attachment":"scroll","background-type":"","background-media":"","overlay-type":"","overlay-color":"","overlay-opacity":"","overlay-gradient":""},"mobile":{"background-color":"var(--ast-global-color-5)","background-image":"","background-repeat":"repeat","background-position":"center center","background-size":"auto","background-attachment":"scroll","background-type":"","background-media":"","overlay-type":"","overlay-color":"","overlay-opacity":"","overlay-gradient":""}}},"product_brand":[],"product_cat":[930],"product_tag":[],"class_list":{"0":"post-8766","1":"product","2":"type-product","3":"status-publish","4":"has-post-thumbnail","6":"product_cat-starteriai","7":"desktop-align-left","8":"tablet-align-left","9":"mobile-align-left","11":"first","12":"outofstock","13":"taxable","14":"shipping-taxable","15":"purchasable","16":"product-type-simple"},"yoast_head":"<!-- This site is optimized with the Yoast SEO plugin v27.5 - https:\/\/yoast.com\/product\/yoast-seo-wordpress\/ -->\n<title>Starteris 12V CVA - 1430539 | Gera kaina | Greitas pristatymas | Eska dalys<\/title>\n<meta name=\"description\" content=\"Starteris 12V - 1430539 Tinka: CAT, Ekskavatorius krautuvas, 414E, 416C, 416D, 416E, 416F, 420D, 420E, 420F, 422E, 422F, 424D, 426C, 428C, 428D, 428E, 428F, 430D, 430E, 430F, 432E, 434E, Frontalinis krautuvas, Teleskopiniai krautuvai, TH62, TH63, TH82, TH83, TH103, 906, 906H, 907H, 908, 908H OE numeriai: 1430538, 3E7905, 6T7001, 028000-0960, 128000-1060, 128000-1061, 25-2327\" \/>\n<meta name=\"robots\" content=\"index, follow, max-snippet:-1, max-image-preview:large, max-video-preview:-1\" \/>\n<link rel=\"canonical\" href=\"https:\/\/eskadalys.lt\/fi\/tuote-fi\/kaynnistin-12v-cva-7\/\" \/>\n<meta property=\"og:locale\" content=\"fi_FI\" \/>\n<meta property=\"og:type\" content=\"article\" \/>\n<meta property=\"og:title\" content=\"Starteris 12V CVA - 1430539 | Gera kaina | Greitas pristatymas | Eska dalys\" \/>\n<meta property=\"og:description\" content=\"Starteris 12V - 1430539 Tinka: CAT, Ekskavatorius krautuvas, 414E, 416C, 416D, 416E, 416F, 420D, 420E, 420F, 422E, 422F, 424D, 426C, 428C, 428D, 428E, 428F, 430D, 430E, 430F, 432E, 434E, Frontalinis krautuvas, Teleskopiniai krautuvai, TH62, TH63, TH82, TH83, TH103, 906, 906H, 907H, 908, 908H OE numeriai: 1430538, 3E7905, 6T7001, 028000-0960, 128000-1060, 128000-1061, 25-2327\" \/>\n<meta property=\"og:url\" content=\"https:\/\/eskadalys.lt\/fi\/tuote-fi\/kaynnistin-12v-cva-7\/\" \/>\n<meta property=\"og:site_name\" content=\"Eska dalys\" \/>\n<meta property=\"article:publisher\" content=\"https:\/\/www.facebook.com\/profile.php?id=61556005720456\" \/>\n<meta property=\"article:modified_time\" content=\"2026-04-22T13:39:25+00:00\" \/>\n<meta property=\"og:image\" content=\"https:\/\/eskadalys.lt\/wp-content\/uploads\/2024\/02\/starter-12v-cva-tested-with-diagram-20240121-212749.jpg?v=1714902081\" \/>\n\t<meta property=\"og:image:width\" content=\"690\" \/>\n\t<meta property=\"og:image:height\" content=\"1024\" \/>\n\t<meta property=\"og:image:type\" content=\"image\/jpeg\" \/>\n<script type=\"application\/ld+json\" class=\"yoast-schema-graph\">{\"@context\":\"https:\\\/\\\/schema.org\",\"@graph\":[{\"@type\":\"WebPage\",\"@id\":\"https:\\\/\\\/eskadalys.lt\\\/product\\\/starteris-12v-cva-7\\\/\",\"url\":\"https:\\\/\\\/eskadalys.lt\\\/product\\\/starteris-12v-cva-7\\\/\",\"name\":\"Starteris 12V CVA - 1430539 | Gera kaina | Greitas pristatymas | Eska dalys\",\"isPartOf\":{\"@id\":\"https:\\\/\\\/eskadalys.lt\\\/#website\"},\"primaryImageOfPage\":{\"@id\":\"https:\\\/\\\/eskadalys.lt\\\/product\\\/starteris-12v-cva-7\\\/#primaryimage\"},\"image\":{\"@id\":\"https:\\\/\\\/eskadalys.lt\\\/product\\\/starteris-12v-cva-7\\\/#primaryimage\"},\"thumbnailUrl\":\"https:\\\/\\\/eskadalys.lt\\\/wp-content\\\/uploads\\\/2024\\\/02\\\/starter-12v-cva-tested-with-diagram-20240121-212749.jpg?v=1714902081\",\"datePublished\":\"2024-02-11T08:34:44+00:00\",\"dateModified\":\"2026-04-22T13:39:25+00:00\",\"description\":\"Starteris 12V - 1430539 Tinka: CAT, Ekskavatorius krautuvas, 414E, 416C, 416D, 416E, 416F, 420D, 420E, 420F, 422E, 422F, 424D, 426C, 428C, 428D, 428E, 428F, 430D, 430E, 430F, 432E, 434E, Frontalinis krautuvas, Teleskopiniai krautuvai, TH62, TH63, TH82, TH83, TH103, 906, 906H, 907H, 908, 908H OE numeriai: 1430538, 3E7905, 6T7001, 028000-0960, 128000-1060, 128000-1061, 25-2327\",\"breadcrumb\":{\"@id\":\"https:\\\/\\\/eskadalys.lt\\\/product\\\/starteris-12v-cva-7\\\/#breadcrumb\"},\"inLanguage\":\"fi\",\"potentialAction\":[{\"@type\":\"ReadAction\",\"target\":[\"https:\\\/\\\/eskadalys.lt\\\/product\\\/starteris-12v-cva-7\\\/\"]}]},{\"@type\":\"ImageObject\",\"inLanguage\":\"fi\",\"@id\":\"https:\\\/\\\/eskadalys.lt\\\/product\\\/starteris-12v-cva-7\\\/#primaryimage\",\"url\":\"https:\\\/\\\/eskadalys.lt\\\/wp-content\\\/uploads\\\/2024\\\/02\\\/starter-12v-cva-tested-with-diagram-20240121-212749.jpg?v=1714902081\",\"contentUrl\":\"https:\\\/\\\/eskadalys.lt\\\/wp-content\\\/uploads\\\/2024\\\/02\\\/starter-12v-cva-tested-with-diagram-20240121-212749.jpg?v=1714902081\",\"width\":690,\"height\":1024},{\"@type\":\"BreadcrumbList\",\"@id\":\"https:\\\/\\\/eskadalys.lt\\\/product\\\/starteris-12v-cva-7\\\/#breadcrumb\",\"itemListElement\":[{\"@type\":\"ListItem\",\"position\":1,\"name\":\"Strona g\u0142\u00f3wna\",\"item\":\"https:\\\/\\\/eskadalys.lt\\\/\"},{\"@type\":\"ListItem\",\"position\":2,\"name\":\"E-parduotuv\u0117\",\"item\":\"https:\\\/\\\/eskadalys.lt\\\/e-parduotuve\\\/\"},{\"@type\":\"ListItem\",\"position\":3,\"name\":\"Starteris 12V CVA &#8211; 1430539\"}]},{\"@type\":\"WebSite\",\"@id\":\"https:\\\/\\\/eskadalys.lt\\\/#website\",\"url\":\"https:\\\/\\\/eskadalys.lt\\\/\",\"name\":\"Eska dalys\",\"description\":\"Ekskavatori\u0173 \\\/ mini ekskavatori\u0173 \\\/ buldozeri\u0173 dalys\",\"publisher\":{\"@id\":\"https:\\\/\\\/eskadalys.lt\\\/#organization\"},\"potentialAction\":[{\"@type\":\"SearchAction\",\"target\":{\"@type\":\"EntryPoint\",\"urlTemplate\":\"https:\\\/\\\/eskadalys.lt\\\/?s={search_term_string}\"},\"query-input\":{\"@type\":\"PropertyValueSpecification\",\"valueRequired\":true,\"valueName\":\"search_term_string\"}}],\"inLanguage\":\"fi\"},{\"@type\":\"Organization\",\"@id\":\"https:\\\/\\\/eskadalys.lt\\\/#organization\",\"name\":\"Eska dalys\",\"url\":\"https:\\\/\\\/eskadalys.lt\\\/\",\"logo\":{\"@type\":\"ImageObject\",\"inLanguage\":\"fi\",\"@id\":\"https:\\\/\\\/eskadalys.lt\\\/#\\\/schema\\\/logo\\\/image\\\/\",\"url\":\"https:\\\/\\\/eskadalys.lt\\\/wp-content\\\/uploads\\\/2024\\\/01\\\/LOGO-ESKA-FINAL.svg\",\"contentUrl\":\"https:\\\/\\\/eskadalys.lt\\\/wp-content\\\/uploads\\\/2024\\\/01\\\/LOGO-ESKA-FINAL.svg\",\"width\":259,\"height\":201,\"caption\":\"Eska dalys\"},\"image\":{\"@id\":\"https:\\\/\\\/eskadalys.lt\\\/#\\\/schema\\\/logo\\\/image\\\/\"},\"sameAs\":[\"https:\\\/\\\/www.facebook.com\\\/profile.php?id=61556005720456\"]}]}<\/script>\n<!-- \/ Yoast SEO plugin. -->","yoast_head_json":{"title":"K\u00e4ynnistin 12V CVA - 1430539 | Hyv\u00e4 hinta | Nopea toimitus | Eska osat","description":"K\u00e4ynnistin 12V - 1430539 Sopii: CAT, Kaivurikuormaaja, 414E, 416C, 416D, 416E, 416F, 420D, 420E, 420F, 422E, 422F, 424D, 426C, 428C, 428D, 428E, 428F, 430D, 430E, 430F, 432E, 434E, Py\u00f6r\u00e4kuormaaja, Teleskooppikuormaajat, TH62, TH63, TH82, TH83, TH103, 906, 906H, 907H, 908, 908H OE-numerot: 1430538, 3E7905, 6T7001, 028000-0960, 128000-1060, 128000-1061, 25-2327","robots":{"index":"index","follow":"follow","max-snippet":"max-snippet:-1","max-image-preview":"max-image-preview:large","max-video-preview":"max-video-preview:-1"},"canonical":"https:\/\/eskadalys.lt\/fi\/tuote-fi\/kaynnistin-12v-cva-7\/","og_locale":"fi_FI","og_type":"article","og_title":"Starteris 12V CVA - 1430539 | Gera kaina | Greitas pristatymas | Eska dalys","og_description":"Starteris 12V - 1430539 Tinka: CAT, Ekskavatorius krautuvas, 414E, 416C, 416D, 416E, 416F, 420D, 420E, 420F, 422E, 422F, 424D, 426C, 428C, 428D, 428E, 428F, 430D, 430E, 430F, 432E, 434E, Frontalinis krautuvas, Teleskopiniai krautuvai, TH62, TH63, TH82, TH83, TH103, 906, 906H, 907H, 908, 908H OE numeriai: 1430538, 3E7905, 6T7001, 028000-0960, 128000-1060, 128000-1061, 25-2327","og_url":"https:\/\/eskadalys.lt\/fi\/tuote-fi\/kaynnistin-12v-cva-7\/","og_site_name":"Eska dalys","article_publisher":"https:\/\/www.facebook.com\/profile.php?id=61556005720456","article_modified_time":"2026-04-22T13:39:25+00:00","og_image":[{"width":690,"height":1024,"url":"https:\/\/eskadalys.lt\/wp-content\/uploads\/2024\/02\/starter-12v-cva-tested-with-diagram-20240121-212749.jpg?v=1714902081","type":"image\/jpeg"}],"schema":{"@context":"https:\/\/schema.org","@graph":[{"@type":"WebPage","@id":"https:\/\/eskadalys.lt\/product\/starteris-12v-cva-7\/","url":"https:\/\/eskadalys.lt\/product\/starteris-12v-cva-7\/","name":"K\u00e4ynnistin 12V CVA - 1430539 | Hyv\u00e4 hinta | Nopea toimitus | Eska osat","isPartOf":{"@id":"https:\/\/eskadalys.lt\/#website"},"primaryImageOfPage":{"@id":"https:\/\/eskadalys.lt\/product\/starteris-12v-cva-7\/#primaryimage"},"image":{"@id":"https:\/\/eskadalys.lt\/product\/starteris-12v-cva-7\/#primaryimage"},"thumbnailUrl":"https:\/\/eskadalys.lt\/wp-content\/uploads\/2024\/02\/starter-12v-cva-tested-with-diagram-20240121-212749.jpg?v=1714902081","datePublished":"2024-02-11T08:34:44+00:00","dateModified":"2026-04-22T13:39:25+00:00","description":"K\u00e4ynnistin 12V - 1430539 Sopii: CAT, Kaivurikuormaaja, 414E, 416C, 416D, 416E, 416F, 420D, 420E, 420F, 422E, 422F, 424D, 426C, 428C, 428D, 428E, 428F, 430D, 430E, 430F, 432E, 434E, Py\u00f6r\u00e4kuormaaja, Teleskooppikuormaajat, TH62, TH63, TH82, TH83, TH103, 906, 906H, 907H, 908, 908H OE-numerot: 1430538, 3E7905, 6T7001, 028000-0960, 128000-1060, 128000-1061, 25-2327","breadcrumb":{"@id":"https:\/\/eskadalys.lt\/product\/starteris-12v-cva-7\/#breadcrumb"},"inLanguage":"fi","potentialAction":[{"@type":"ReadAction","target":["https:\/\/eskadalys.lt\/product\/starteris-12v-cva-7\/"]}]},{"@type":"ImageObject","inLanguage":"fi","@id":"https:\/\/eskadalys.lt\/product\/starteris-12v-cva-7\/#primaryimage","url":"https:\/\/eskadalys.lt\/wp-content\/uploads\/2024\/02\/starter-12v-cva-tested-with-diagram-20240121-212749.jpg?v=1714902081","contentUrl":"https:\/\/eskadalys.lt\/wp-content\/uploads\/2024\/02\/starter-12v-cva-tested-with-diagram-20240121-212749.jpg?v=1714902081","width":690,"height":1024},{"@type":"BreadcrumbList","@id":"https:\/\/eskadalys.lt\/product\/starteris-12v-cva-7\/#breadcrumb","itemListElement":[{"@type":"ListItem","position":1,"name":"Strona g\u0142\u00f3wna","item":"https:\/\/eskadalys.lt\/"},{"@type":"ListItem","position":2,"name":"E-parduotuv\u0117","item":"https:\/\/eskadalys.lt\/e-parduotuve\/"},{"@type":"ListItem","position":3,"name":"Starteris 12V CVA &#8211; 1430539"}]},{"@type":"WebSite","@id":"https:\/\/eskadalys.lt\/#website","url":"https:\/\/eskadalys.lt\/","name":"Eska parts","description":"Kaivinkoneen\/minikaivinkoneen\/puskutraktorin osat","publisher":{"@id":"https:\/\/eskadalys.lt\/#organization"},"potentialAction":[{"@type":"SearchAction","target":{"@type":"EntryPoint","urlTemplate":"https:\/\/eskadalys.lt\/?s={search_term_string}"},"query-input":{"@type":"PropertyValueSpecification","valueRequired":true,"valueName":"search_term_string"}}],"inLanguage":"fi"},{"@type":"Organization","@id":"https:\/\/eskadalys.lt\/#organization","name":"Eska parts","url":"https:\/\/eskadalys.lt\/","logo":{"@type":"ImageObject","inLanguage":"fi","@id":"https:\/\/eskadalys.lt\/#\/schema\/logo\/image\/","url":"https:\/\/eskadalys.lt\/wp-content\/uploads\/2024\/01\/LOGO-ESKA-FINAL.svg","contentUrl":"https:\/\/eskadalys.lt\/wp-content\/uploads\/2024\/01\/LOGO-ESKA-FINAL.svg","width":259,"height":201,"caption":"Eska dalys"},"image":{"@id":"https:\/\/eskadalys.lt\/#\/schema\/logo\/image\/"},"sameAs":["https:\/\/www.facebook.com\/profile.php?id=61556005720456"]}]}},"_links":{"self":[{"href":"https:\/\/eskadalys.lt\/fi\/wp-json\/wp\/v2\/product\/8766","targetHints":{"allow":["GET"]}}],"collection":[{"href":"https:\/\/eskadalys.lt\/fi\/wp-json\/wp\/v2\/product"}],"about":[{"href":"https:\/\/eskadalys.lt\/fi\/wp-json\/wp\/v2\/types\/product"}],"wp:featuredmedia":[{"embeddable":true,"href":"https:\/\/eskadalys.lt\/fi\/wp-json\/wp\/v2\/media\/110480"}],"wp:attachment":[{"href":"https:\/\/eskadalys.lt\/fi\/wp-json\/wp\/v2\/media?parent=8766"}],"wp:term":[{"taxonomy":"product_brand","embeddable":true,"href":"https:\/\/eskadalys.lt\/fi\/wp-json\/wp\/v2\/product_brand?post=8766"},{"taxonomy":"product_cat","embeddable":true,"href":"https:\/\/eskadalys.lt\/fi\/wp-json\/wp\/v2\/product_cat?post=8766"},{"taxonomy":"product_tag","embeddable":true,"href":"https:\/\/eskadalys.lt\/fi\/wp-json\/wp\/v2\/product_tag?post=8766"}],"curies":[{"name":"wp","href":"https:\/\/api.w.org\/{rel}","templated":true}]}}