{"id":8373,"date":"2024-02-11T10:09:49","date_gmt":"2024-02-11T08:09:49","guid":{"rendered":"https:\/\/eskadalys.lt\/?post_type=product&#038;p=8373"},"modified":"2026-04-22T16:38:49","modified_gmt":"2026-04-22T13:38:49","slug":"daviklis-oem-4","status":"publish","type":"product","link":"https:\/\/eskadalys.lt\/fi\/product\/daviklis-oem-4\/","title":{"rendered":"Daviklis OEM &#8211; 1695326"},"content":{"rendered":"<p><strong>Daviklis OEM &#8211; 1695326<\/strong><br \/>\nMitat:<br \/>\nAuk\u0161tis:\u00a0 25 mm,<br \/>\nIlgis: 50, 8 mm,<br \/>\n<strong>Sopii:<\/strong> CAT, Ekskavatorius krautuvas, 416E, 416F, 420F, 422E, 426C, 428E, 428F, 430F, 432E, 432F, 434E, 436C, 438C, 442E, 444E, Vik\u0161rinis ekskavatorius, 312B, 313D, 320D, 444F, 434F, 428F2, 444F2, 432F2, 420F2, 430F2<br \/>\nOE-numerot: 1494910, 2351790, 1695326<br \/>\n169-5326<\/p>\n<h3>\ud83d\udd0d Etsitk\u00f6 toista tuotetta samasta kategoriasta? <a href=\"https:\/\/eskadalys.lt\/fi\/tuotekategoria-fi\/sahkokomponentit\/lampotila-anturit\/\">L\u00e4mp\u00f6tila-anturit<\/a> ?<\/h3>\n<h3>\ud83d\udee0\ufe0f CAT-osia \u2013 l\u00f6yd\u00e4t niit\u00e4 lis\u00e4\u00e4 <a href=\"https:\/\/eskadalys.lt\/fi\/tuotekategoria-fi\/sahkokomponentit\/\">S\u00e4hk\u00f6komponentit<\/a> kategoriassa.<\/h3>\n<p>Jos et ole varma, sopiiko t\u00e4m\u00e4 osa koneeseesi, <strong>L\u00e4het\u00e4 meille ajoneuvon sarjanumero (VIN) ennen ostamista.<\/strong>. Tarkistamme yhteensopivuuden luetteloiden avulla ja <strong>tarjoamme oikean osan<\/strong>. Jos et l\u00f6yd\u00e4 tarvitsemaasi osaa, kirjoita meille \u2013 autamme sinua l\u00f6yt\u00e4m\u00e4\u00e4n sen!<\/p>\n<p><strong>\ud83d\udce6 Varasto Liettuassa<\/strong> \u2013 Ennen klo 14.00 tehdyt tilaukset l\u00e4hetet\u00e4\u00e4n samana p\u00e4iv\u00e4n\u00e4.<\/p>\n<p><strong>\ud83d\ude80 Nopea toimitus<\/strong> \u2013 Tilatut tuotteet, joita meill\u00e4 ei t\u00e4ll\u00e4 hetkell\u00e4 ole varastossa, toimitetaan 3\u20134 arkip\u00e4iv\u00e4n kuluessa.<\/p>\n<p><strong>\ud83d\udcc8 Laaja valikoima<\/strong> \u2013 laajennamme tuotevalikoimaamme jatkuvasti.<\/p>","protected":false},"excerpt":{"rendered":"<p>1695326 OEM<\/p>","protected":false},"featured_media":109655,"template":"","meta":{"site-sidebar-layout":"default","site-content-layout":"","ast-site-content-layout":"default","site-content-style":"default","site-sidebar-style":"default","ast-global-header-display":"","ast-banner-title-visibility":"","ast-main-header-display":"","ast-hfb-above-header-display":"","ast-hfb-below-header-display":"","ast-hfb-mobile-header-display":"","site-post-title":"","ast-breadcrumbs-content":"","ast-featured-img":"","footer-sml-layout":"","ast-disable-related-posts":"","theme-transparent-header-meta":"","adv-header-id-meta":"","stick-header-meta":"","header-above-stick-meta":"","header-main-stick-meta":"","header-below-stick-meta":"","astra-migrate-meta-layouts":"default","ast-page-background-enabled":"default","ast-page-background-meta":{"desktop":{"background-color":"","background-image":"","background-repeat":"repeat","background-position":"center center","background-size":"auto","background-attachment":"scroll","background-type":"","background-media":"","overlay-type":"","overlay-color":"","overlay-opacity":"","overlay-gradient":""},"tablet":{"background-color":"","background-image":"","background-repeat":"repeat","background-position":"center center","background-size":"auto","background-attachment":"scroll","background-type":"","background-media":"","overlay-type":"","overlay-color":"","overlay-opacity":"","overlay-gradient":""},"mobile":{"background-color":"","background-image":"","background-repeat":"repeat","background-position":"center center","background-size":"auto","background-attachment":"scroll","background-type":"","background-media":"","overlay-type":"","overlay-color":"","overlay-opacity":"","overlay-gradient":""}},"ast-content-background-meta":{"desktop":{"background-color":"var(--ast-global-color-5)","background-image":"","background-repeat":"repeat","background-position":"center center","background-size":"auto","background-attachment":"scroll","background-type":"","background-media":"","overlay-type":"","overlay-color":"","overlay-opacity":"","overlay-gradient":""},"tablet":{"background-color":"var(--ast-global-color-5)","background-image":"","background-repeat":"repeat","background-position":"center center","background-size":"auto","background-attachment":"scroll","background-type":"","background-media":"","overlay-type":"","overlay-color":"","overlay-opacity":"","overlay-gradient":""},"mobile":{"background-color":"var(--ast-global-color-5)","background-image":"","background-repeat":"repeat","background-position":"center center","background-size":"auto","background-attachment":"scroll","background-type":"","background-media":"","overlay-type":"","overlay-color":"","overlay-opacity":"","overlay-gradient":""}}},"product_brand":[],"product_cat":[864],"product_tag":[],"class_list":{"0":"post-8373","1":"product","2":"type-product","3":"status-publish","4":"has-post-thumbnail","6":"product_cat-temperaturos-davikliai","7":"desktop-align-left","8":"tablet-align-left","9":"mobile-align-left","11":"first","12":"outofstock","13":"taxable","14":"shipping-taxable","15":"purchasable","16":"product-type-simple"},"yoast_head":"<!-- This site is optimized with the Yoast SEO plugin v27.5 - https:\/\/yoast.com\/product\/yoast-seo-wordpress\/ -->\n<title>Daviklis OEM - 1695326 | Gera kaina | Greitas pristatymas | Eska dalys<\/title>\n<meta name=\"description\" content=\"Daviklis OEM - 1695326 Matmenys: Auk\u0161tis:\u00a0 25 mm, Ilgis: 50, 8 mm, Tinka: CAT, Ekskavatorius krautuvas, 416E, 416F, 420F, 422E, 426C, 428E, 428F, 430F, 432E, 432F, 434E, 436C, 438C, 442E, 444E, Vik\u0161rinis ekskavatorius, 312B, 313D, 320D, 444F, 434F, 428F2, 444F2, 432F2, 420F2, 430F2 OE numeriai: 1494910, 2351790, 1695326\" \/>\n<meta name=\"robots\" content=\"index, follow, max-snippet:-1, max-image-preview:large, max-video-preview:-1\" \/>\n<link rel=\"canonical\" href=\"https:\/\/eskadalys.lt\/fi\/tuote-fi\/daviklis-oem-4\/\" \/>\n<meta property=\"og:locale\" content=\"fi_FI\" \/>\n<meta property=\"og:type\" content=\"article\" \/>\n<meta property=\"og:title\" content=\"Daviklis OEM - 1695326 | Gera kaina | Greitas pristatymas | Eska dalys\" \/>\n<meta property=\"og:description\" content=\"Daviklis OEM - 1695326 Matmenys: Auk\u0161tis:\u00a0 25 mm, Ilgis: 50, 8 mm, Tinka: CAT, Ekskavatorius krautuvas, 416E, 416F, 420F, 422E, 426C, 428E, 428F, 430F, 432E, 432F, 434E, 436C, 438C, 442E, 444E, Vik\u0161rinis ekskavatorius, 312B, 313D, 320D, 444F, 434F, 428F2, 444F2, 432F2, 420F2, 430F2 OE numeriai: 1494910, 2351790, 1695326\" \/>\n<meta property=\"og:url\" content=\"https:\/\/eskadalys.lt\/fi\/tuote-fi\/daviklis-oem-4\/\" \/>\n<meta property=\"og:site_name\" content=\"Eska dalys\" \/>\n<meta property=\"article:publisher\" content=\"https:\/\/www.facebook.com\/profile.php?id=61556005720456\" \/>\n<meta property=\"article:modified_time\" content=\"2026-04-22T13:38:49+00:00\" \/>\n<meta property=\"og:image\" content=\"https:\/\/eskadalys.lt\/wp-content\/uploads\/2024\/02\/sensor-20240121-205722.png?v=1714904175\" \/>\n\t<meta property=\"og:image:width\" content=\"1500\" \/>\n\t<meta property=\"og:image:height\" content=\"1008\" \/>\n\t<meta property=\"og:image:type\" content=\"image\/png\" \/>\n<script type=\"application\/ld+json\" class=\"yoast-schema-graph\">{\"@context\":\"https:\\\/\\\/schema.org\",\"@graph\":[{\"@type\":\"WebPage\",\"@id\":\"https:\\\/\\\/eskadalys.lt\\\/product\\\/daviklis-oem-4\\\/\",\"url\":\"https:\\\/\\\/eskadalys.lt\\\/product\\\/daviklis-oem-4\\\/\",\"name\":\"Daviklis OEM - 1695326 | Gera kaina | Greitas pristatymas | Eska dalys\",\"isPartOf\":{\"@id\":\"https:\\\/\\\/eskadalys.lt\\\/#website\"},\"primaryImageOfPage\":{\"@id\":\"https:\\\/\\\/eskadalys.lt\\\/product\\\/daviklis-oem-4\\\/#primaryimage\"},\"image\":{\"@id\":\"https:\\\/\\\/eskadalys.lt\\\/product\\\/daviklis-oem-4\\\/#primaryimage\"},\"thumbnailUrl\":\"https:\\\/\\\/eskadalys.lt\\\/wp-content\\\/uploads\\\/2024\\\/02\\\/sensor-20240121-205722.png?v=1714904175\",\"datePublished\":\"2024-02-11T08:09:49+00:00\",\"dateModified\":\"2026-04-22T13:38:49+00:00\",\"description\":\"Daviklis OEM - 1695326 Matmenys: Auk\u0161tis:\u00a0 25 mm, Ilgis: 50, 8 mm, Tinka: CAT, Ekskavatorius krautuvas, 416E, 416F, 420F, 422E, 426C, 428E, 428F, 430F, 432E, 432F, 434E, 436C, 438C, 442E, 444E, Vik\u0161rinis ekskavatorius, 312B, 313D, 320D, 444F, 434F, 428F2, 444F2, 432F2, 420F2, 430F2 OE numeriai: 1494910, 2351790, 1695326\",\"breadcrumb\":{\"@id\":\"https:\\\/\\\/eskadalys.lt\\\/product\\\/daviklis-oem-4\\\/#breadcrumb\"},\"inLanguage\":\"fi\",\"potentialAction\":[{\"@type\":\"ReadAction\",\"target\":[\"https:\\\/\\\/eskadalys.lt\\\/product\\\/daviklis-oem-4\\\/\"]}]},{\"@type\":\"ImageObject\",\"inLanguage\":\"fi\",\"@id\":\"https:\\\/\\\/eskadalys.lt\\\/product\\\/daviklis-oem-4\\\/#primaryimage\",\"url\":\"https:\\\/\\\/eskadalys.lt\\\/wp-content\\\/uploads\\\/2024\\\/02\\\/sensor-20240121-205722.png?v=1714904175\",\"contentUrl\":\"https:\\\/\\\/eskadalys.lt\\\/wp-content\\\/uploads\\\/2024\\\/02\\\/sensor-20240121-205722.png?v=1714904175\",\"width\":1500,\"height\":1008},{\"@type\":\"BreadcrumbList\",\"@id\":\"https:\\\/\\\/eskadalys.lt\\\/product\\\/daviklis-oem-4\\\/#breadcrumb\",\"itemListElement\":[{\"@type\":\"ListItem\",\"position\":1,\"name\":\"Strona g\u0142\u00f3wna\",\"item\":\"https:\\\/\\\/eskadalys.lt\\\/\"},{\"@type\":\"ListItem\",\"position\":2,\"name\":\"E-parduotuv\u0117\",\"item\":\"https:\\\/\\\/eskadalys.lt\\\/e-parduotuve\\\/\"},{\"@type\":\"ListItem\",\"position\":3,\"name\":\"Daviklis OEM &#8211; 1695326\"}]},{\"@type\":\"WebSite\",\"@id\":\"https:\\\/\\\/eskadalys.lt\\\/#website\",\"url\":\"https:\\\/\\\/eskadalys.lt\\\/\",\"name\":\"Eska dalys\",\"description\":\"Ekskavatori\u0173 \\\/ mini ekskavatori\u0173 \\\/ buldozeri\u0173 dalys\",\"publisher\":{\"@id\":\"https:\\\/\\\/eskadalys.lt\\\/#organization\"},\"potentialAction\":[{\"@type\":\"SearchAction\",\"target\":{\"@type\":\"EntryPoint\",\"urlTemplate\":\"https:\\\/\\\/eskadalys.lt\\\/?s={search_term_string}\"},\"query-input\":{\"@type\":\"PropertyValueSpecification\",\"valueRequired\":true,\"valueName\":\"search_term_string\"}}],\"inLanguage\":\"fi\"},{\"@type\":\"Organization\",\"@id\":\"https:\\\/\\\/eskadalys.lt\\\/#organization\",\"name\":\"Eska dalys\",\"url\":\"https:\\\/\\\/eskadalys.lt\\\/\",\"logo\":{\"@type\":\"ImageObject\",\"inLanguage\":\"fi\",\"@id\":\"https:\\\/\\\/eskadalys.lt\\\/#\\\/schema\\\/logo\\\/image\\\/\",\"url\":\"https:\\\/\\\/eskadalys.lt\\\/wp-content\\\/uploads\\\/2024\\\/01\\\/LOGO-ESKA-FINAL.svg\",\"contentUrl\":\"https:\\\/\\\/eskadalys.lt\\\/wp-content\\\/uploads\\\/2024\\\/01\\\/LOGO-ESKA-FINAL.svg\",\"width\":259,\"height\":201,\"caption\":\"Eska dalys\"},\"image\":{\"@id\":\"https:\\\/\\\/eskadalys.lt\\\/#\\\/schema\\\/logo\\\/image\\\/\"},\"sameAs\":[\"https:\\\/\\\/www.facebook.com\\\/profile.php?id=61556005720456\"]}]}<\/script>\n<!-- \/ Yoast SEO plugin. -->","yoast_head_json":{"title":"Daviklis OEM - 1695326 | Gera kaina | Greitas pristatymas | Eska dalys","description":"Daviklis OEM - 1695326 Matmenys: Auk\u0161tis:\u00a0 25 mm, Ilgis: 50, 8 mm, Tinka: CAT, Ekskavatorius krautuvas, 416E, 416F, 420F, 422E, 426C, 428E, 428F, 430F, 432E, 432F, 434E, 436C, 438C, 442E, 444E, Vik\u0161rinis ekskavatorius, 312B, 313D, 320D, 444F, 434F, 428F2, 444F2, 432F2, 420F2, 430F2 OE numeriai: 1494910, 2351790, 1695326","robots":{"index":"index","follow":"follow","max-snippet":"max-snippet:-1","max-image-preview":"max-image-preview:large","max-video-preview":"max-video-preview:-1"},"canonical":"https:\/\/eskadalys.lt\/fi\/tuote-fi\/daviklis-oem-4\/","og_locale":"fi_FI","og_type":"article","og_title":"Daviklis OEM - 1695326 | Gera kaina | Greitas pristatymas | Eska dalys","og_description":"Daviklis OEM - 1695326 Matmenys: Auk\u0161tis:\u00a0 25 mm, Ilgis: 50, 8 mm, Tinka: CAT, Ekskavatorius krautuvas, 416E, 416F, 420F, 422E, 426C, 428E, 428F, 430F, 432E, 432F, 434E, 436C, 438C, 442E, 444E, Vik\u0161rinis ekskavatorius, 312B, 313D, 320D, 444F, 434F, 428F2, 444F2, 432F2, 420F2, 430F2 OE numeriai: 1494910, 2351790, 1695326","og_url":"https:\/\/eskadalys.lt\/fi\/tuote-fi\/daviklis-oem-4\/","og_site_name":"Eska dalys","article_publisher":"https:\/\/www.facebook.com\/profile.php?id=61556005720456","article_modified_time":"2026-04-22T13:38:49+00:00","og_image":[{"width":1500,"height":1008,"url":"https:\/\/eskadalys.lt\/wp-content\/uploads\/2024\/02\/sensor-20240121-205722.png?v=1714904175","type":"image\/png"}],"schema":{"@context":"https:\/\/schema.org","@graph":[{"@type":"WebPage","@id":"https:\/\/eskadalys.lt\/product\/daviklis-oem-4\/","url":"https:\/\/eskadalys.lt\/product\/daviklis-oem-4\/","name":"Daviklis OEM - 1695326 | Gera kaina | Greitas pristatymas | Eska dalys","isPartOf":{"@id":"https:\/\/eskadalys.lt\/#website"},"primaryImageOfPage":{"@id":"https:\/\/eskadalys.lt\/product\/daviklis-oem-4\/#primaryimage"},"image":{"@id":"https:\/\/eskadalys.lt\/product\/daviklis-oem-4\/#primaryimage"},"thumbnailUrl":"https:\/\/eskadalys.lt\/wp-content\/uploads\/2024\/02\/sensor-20240121-205722.png?v=1714904175","datePublished":"2024-02-11T08:09:49+00:00","dateModified":"2026-04-22T13:38:49+00:00","description":"Daviklis OEM - 1695326 Matmenys: Auk\u0161tis:\u00a0 25 mm, Ilgis: 50, 8 mm, Tinka: CAT, Ekskavatorius krautuvas, 416E, 416F, 420F, 422E, 426C, 428E, 428F, 430F, 432E, 432F, 434E, 436C, 438C, 442E, 444E, Vik\u0161rinis ekskavatorius, 312B, 313D, 320D, 444F, 434F, 428F2, 444F2, 432F2, 420F2, 430F2 OE numeriai: 1494910, 2351790, 1695326","breadcrumb":{"@id":"https:\/\/eskadalys.lt\/product\/daviklis-oem-4\/#breadcrumb"},"inLanguage":"fi","potentialAction":[{"@type":"ReadAction","target":["https:\/\/eskadalys.lt\/product\/daviklis-oem-4\/"]}]},{"@type":"ImageObject","inLanguage":"fi","@id":"https:\/\/eskadalys.lt\/product\/daviklis-oem-4\/#primaryimage","url":"https:\/\/eskadalys.lt\/wp-content\/uploads\/2024\/02\/sensor-20240121-205722.png?v=1714904175","contentUrl":"https:\/\/eskadalys.lt\/wp-content\/uploads\/2024\/02\/sensor-20240121-205722.png?v=1714904175","width":1500,"height":1008},{"@type":"BreadcrumbList","@id":"https:\/\/eskadalys.lt\/product\/daviklis-oem-4\/#breadcrumb","itemListElement":[{"@type":"ListItem","position":1,"name":"Strona g\u0142\u00f3wna","item":"https:\/\/eskadalys.lt\/"},{"@type":"ListItem","position":2,"name":"E-parduotuv\u0117","item":"https:\/\/eskadalys.lt\/e-parduotuve\/"},{"@type":"ListItem","position":3,"name":"Daviklis OEM &#8211; 1695326"}]},{"@type":"WebSite","@id":"https:\/\/eskadalys.lt\/#website","url":"https:\/\/eskadalys.lt\/","name":"Eska parts","description":"Kaivinkoneen\/minikaivinkoneen\/puskutraktorin osat","publisher":{"@id":"https:\/\/eskadalys.lt\/#organization"},"potentialAction":[{"@type":"SearchAction","target":{"@type":"EntryPoint","urlTemplate":"https:\/\/eskadalys.lt\/?s={search_term_string}"},"query-input":{"@type":"PropertyValueSpecification","valueRequired":true,"valueName":"search_term_string"}}],"inLanguage":"fi"},{"@type":"Organization","@id":"https:\/\/eskadalys.lt\/#organization","name":"Eska parts","url":"https:\/\/eskadalys.lt\/","logo":{"@type":"ImageObject","inLanguage":"fi","@id":"https:\/\/eskadalys.lt\/#\/schema\/logo\/image\/","url":"https:\/\/eskadalys.lt\/wp-content\/uploads\/2024\/01\/LOGO-ESKA-FINAL.svg","contentUrl":"https:\/\/eskadalys.lt\/wp-content\/uploads\/2024\/01\/LOGO-ESKA-FINAL.svg","width":259,"height":201,"caption":"Eska dalys"},"image":{"@id":"https:\/\/eskadalys.lt\/#\/schema\/logo\/image\/"},"sameAs":["https:\/\/www.facebook.com\/profile.php?id=61556005720456"]}]}},"_links":{"self":[{"href":"https:\/\/eskadalys.lt\/fi\/wp-json\/wp\/v2\/product\/8373","targetHints":{"allow":["GET"]}}],"collection":[{"href":"https:\/\/eskadalys.lt\/fi\/wp-json\/wp\/v2\/product"}],"about":[{"href":"https:\/\/eskadalys.lt\/fi\/wp-json\/wp\/v2\/types\/product"}],"wp:featuredmedia":[{"embeddable":true,"href":"https:\/\/eskadalys.lt\/fi\/wp-json\/wp\/v2\/media\/109655"}],"wp:attachment":[{"href":"https:\/\/eskadalys.lt\/fi\/wp-json\/wp\/v2\/media?parent=8373"}],"wp:term":[{"taxonomy":"product_brand","embeddable":true,"href":"https:\/\/eskadalys.lt\/fi\/wp-json\/wp\/v2\/product_brand?post=8373"},{"taxonomy":"product_cat","embeddable":true,"href":"https:\/\/eskadalys.lt\/fi\/wp-json\/wp\/v2\/product_cat?post=8373"},{"taxonomy":"product_tag","embeddable":true,"href":"https:\/\/eskadalys.lt\/fi\/wp-json\/wp\/v2\/product_tag?post=8373"}],"curies":[{"name":"wp","href":"https:\/\/api.w.org\/{rel}","templated":true}]}}