{"id":7553,"date":"2024-02-11T09:19:44","date_gmt":"2024-02-11T07:19:44","guid":{"rendered":"https:\/\/eskadalys.lt\/?post_type=product&#038;p=7553"},"modified":"2026-04-22T16:37:28","modified_gmt":"2026-04-22T13:37:28","slug":"ja-rengas-194","status":"publish","type":"product","link":"https:\/\/eskadalys.lt\/fi\/product\/o-ziedas-194\/","title":{"rendered":"O-rengas \u2013 0951625"},"content":{"rendered":"<p><strong>O-rengas \u2013 0951625<\/strong><br \/>\nSopii: CAT, Telakaivukone, M320, M322C, M322D, 307, 311, 311B, 311C, 311D, 312, 312B, 312C, 312D, 312E, 313B, 313D, 314C, 314D, 314E, 315, 315B, 315C, 315D, 316E, 317, 317B, 318B, 318C, 318D, 319D, 320D, 320E, 320N, 321C, 322B, 322C, 323D, 324D, 324E, 325, 325D, 330B, 330C, 330D, 336D, 336E, 340D, 345B, 345C, 345D, 349D, 349E, Minikaivinkone, 305.5D, 305.5E, 305C, 307B, 307C, 308C, 308D, Py\u00f6r\u00e4kaivinkone<\/p>\n<p>095-1625<\/p>\n<p>Jos olet ep\u00e4varma tai et pysty varmistamaan, sopiiko jokin osa ajoneuvoosi, ota meihin yhteytt\u00e4 ennen ostamista. <strong>l\u00e4het\u00e4 meille ajoneuvon sarjanumero (VIN)<\/strong> ja tarkistamme luetteloiden avulla, sopiiko valitsemasi osa ajoneuvoosi\/<strong>tarjoamme oikean osan<\/strong>. Jos et l\u00f6yd\u00e4 etsim\u00e4\u00e4si osaa, kirjoita meille, niin tarjoamme sinulle tarvitsemasi osan.<\/p>\n<p><strong>Varasto Liettuassa<\/strong> \u2013 Kaikki ennen klo 14.00 tilatut varastossa olevat tuotteet l\u00e4hetet\u00e4\u00e4n samana p\u00e4iv\u00e4n\u00e4.<br \/>\n<strong>Nopea toimitus<\/strong>\u2013 Ennakkotilatut tuotteet, joita meill\u00e4 ei t\u00e4ll\u00e4 hetkell\u00e4 ole varastossa, toimitetaan 3\u20134 arkip\u00e4iv\u00e4n kuluessa.<br \/>\n<strong>Laaja valikoima<\/strong>\u2013 Laajennamme jatkuvasti varastomme tuotevalikoimaa.<\/p>","protected":false},"excerpt":{"rendered":"<p>0951625<\/p>","protected":false},"featured_media":107989,"template":"","meta":{"site-sidebar-layout":"default","site-content-layout":"","ast-site-content-layout":"default","site-content-style":"default","site-sidebar-style":"default","ast-global-header-display":"","ast-banner-title-visibility":"","ast-main-header-display":"","ast-hfb-above-header-display":"","ast-hfb-below-header-display":"","ast-hfb-mobile-header-display":"","site-post-title":"","ast-breadcrumbs-content":"","ast-featured-img":"","footer-sml-layout":"","ast-disable-related-posts":"","theme-transparent-header-meta":"","adv-header-id-meta":"","stick-header-meta":"","header-above-stick-meta":"","header-main-stick-meta":"","header-below-stick-meta":"","astra-migrate-meta-layouts":"default","ast-page-background-enabled":"default","ast-page-background-meta":{"desktop":{"background-color":"","background-image":"","background-repeat":"repeat","background-position":"center center","background-size":"auto","background-attachment":"scroll","background-type":"","background-media":"","overlay-type":"","overlay-color":"","overlay-opacity":"","overlay-gradient":""},"tablet":{"background-color":"","background-image":"","background-repeat":"repeat","background-position":"center center","background-size":"auto","background-attachment":"scroll","background-type":"","background-media":"","overlay-type":"","overlay-color":"","overlay-opacity":"","overlay-gradient":""},"mobile":{"background-color":"","background-image":"","background-repeat":"repeat","background-position":"center center","background-size":"auto","background-attachment":"scroll","background-type":"","background-media":"","overlay-type":"","overlay-color":"","overlay-opacity":"","overlay-gradient":""}},"ast-content-background-meta":{"desktop":{"background-color":"var(--ast-global-color-5)","background-image":"","background-repeat":"repeat","background-position":"center center","background-size":"auto","background-attachment":"scroll","background-type":"","background-media":"","overlay-type":"","overlay-color":"","overlay-opacity":"","overlay-gradient":""},"tablet":{"background-color":"var(--ast-global-color-5)","background-image":"","background-repeat":"repeat","background-position":"center center","background-size":"auto","background-attachment":"scroll","background-type":"","background-media":"","overlay-type":"","overlay-color":"","overlay-opacity":"","overlay-gradient":""},"mobile":{"background-color":"var(--ast-global-color-5)","background-image":"","background-repeat":"repeat","background-position":"center center","background-size":"auto","background-attachment":"scroll","background-type":"","background-media":"","overlay-type":"","overlay-color":"","overlay-opacity":"","overlay-gradient":""}}},"product_brand":[],"product_cat":[19485],"product_tag":[],"class_list":{"0":"post-7553","1":"product","2":"type-product","3":"status-publish","4":"has-post-thumbnail","6":"product_cat-kita","7":"desktop-align-left","8":"tablet-align-left","9":"mobile-align-left","11":"first","12":"onbackorder","13":"taxable","14":"shipping-taxable","15":"purchasable","16":"product-type-simple"},"yoast_head":"<!-- This site is optimized with the Yoast SEO plugin v27.5 - https:\/\/yoast.com\/product\/yoast-seo-wordpress\/ -->\n<title>O-\u017eiedas - 0951625 | Gera kaina | Greitas pristatymas | Eska dalys<\/title>\n<meta name=\"description\" content=\"O-\u017eiedas - 0951625 Tinka: CAT, Vik\u0161rinis ekskavatorius, M320, M322C, M322D, 307, 311, 311B, 311C, 311D, 312, 312B, 312C, 312D, 312E, 313B, 313D, 314C, 314D, 314E, 315, 315B, 315C, 315D, 316E, 317, 317B, 318B, 318C, 318D, 319D, 320D, 320E, 320N, 321C, 322B, 322C, 323D, 324D, 324E, 325, 325D, 330B, 330C, 330D, 336D, 336E, 340D, 345B, 345C, 345D, 349D, 349E, Mini ekskavatorius, 305.5D, 305.5E, 305C, 307B, 307C, 308C, 308D, Ratinis ekskavatorius\" \/>\n<meta name=\"robots\" content=\"index, follow, max-snippet:-1, max-image-preview:large, max-video-preview:-1\" \/>\n<link rel=\"canonical\" href=\"https:\/\/eskadalys.lt\/fi\/tuote-fi\/ja-rengas-194\/\" \/>\n<meta property=\"og:locale\" content=\"fi_FI\" \/>\n<meta property=\"og:type\" content=\"article\" \/>\n<meta property=\"og:title\" content=\"O-\u017eiedas - 0951625 | Gera kaina | Greitas pristatymas | Eska dalys\" \/>\n<meta property=\"og:description\" content=\"O-\u017eiedas - 0951625 Tinka: CAT, Vik\u0161rinis ekskavatorius, M320, M322C, M322D, 307, 311, 311B, 311C, 311D, 312, 312B, 312C, 312D, 312E, 313B, 313D, 314C, 314D, 314E, 315, 315B, 315C, 315D, 316E, 317, 317B, 318B, 318C, 318D, 319D, 320D, 320E, 320N, 321C, 322B, 322C, 323D, 324D, 324E, 325, 325D, 330B, 330C, 330D, 336D, 336E, 340D, 345B, 345C, 345D, 349D, 349E, Mini ekskavatorius, 305.5D, 305.5E, 305C, 307B, 307C, 308C, 308D, Ratinis ekskavatorius\" \/>\n<meta property=\"og:url\" content=\"https:\/\/eskadalys.lt\/fi\/tuote-fi\/ja-rengas-194\/\" \/>\n<meta property=\"og:site_name\" content=\"Eska dalys\" \/>\n<meta property=\"article:publisher\" content=\"https:\/\/www.facebook.com\/profile.php?id=61556005720456\" \/>\n<meta property=\"article:modified_time\" content=\"2026-04-22T13:37:28+00:00\" \/>\n<meta property=\"og:image\" content=\"https:\/\/eskadalys.lt\/wp-content\/uploads\/2024\/02\/seal-3-20240121-195416-scaled-1.jpg?v=1714908609\" \/>\n\t<meta property=\"og:image:width\" content=\"1600\" \/>\n\t<meta property=\"og:image:height\" content=\"2068\" \/>\n\t<meta property=\"og:image:type\" content=\"image\/jpeg\" \/>\n<script type=\"application\/ld+json\" class=\"yoast-schema-graph\">{\"@context\":\"https:\\\/\\\/schema.org\",\"@graph\":[{\"@type\":\"WebPage\",\"@id\":\"https:\\\/\\\/eskadalys.lt\\\/product\\\/o-ziedas-194\\\/\",\"url\":\"https:\\\/\\\/eskadalys.lt\\\/product\\\/o-ziedas-194\\\/\",\"name\":\"O-\u017eiedas - 0951625 | Gera kaina | Greitas pristatymas | Eska dalys\",\"isPartOf\":{\"@id\":\"https:\\\/\\\/eskadalys.lt\\\/#website\"},\"primaryImageOfPage\":{\"@id\":\"https:\\\/\\\/eskadalys.lt\\\/product\\\/o-ziedas-194\\\/#primaryimage\"},\"image\":{\"@id\":\"https:\\\/\\\/eskadalys.lt\\\/product\\\/o-ziedas-194\\\/#primaryimage\"},\"thumbnailUrl\":\"https:\\\/\\\/eskadalys.lt\\\/wp-content\\\/uploads\\\/2024\\\/02\\\/seal-3-20240121-195416-scaled-1.jpg?v=1714908609\",\"datePublished\":\"2024-02-11T07:19:44+00:00\",\"dateModified\":\"2026-04-22T13:37:28+00:00\",\"description\":\"O-\u017eiedas - 0951625 Tinka: CAT, Vik\u0161rinis ekskavatorius, M320, M322C, M322D, 307, 311, 311B, 311C, 311D, 312, 312B, 312C, 312D, 312E, 313B, 313D, 314C, 314D, 314E, 315, 315B, 315C, 315D, 316E, 317, 317B, 318B, 318C, 318D, 319D, 320D, 320E, 320N, 321C, 322B, 322C, 323D, 324D, 324E, 325, 325D, 330B, 330C, 330D, 336D, 336E, 340D, 345B, 345C, 345D, 349D, 349E, Mini ekskavatorius, 305.5D, 305.5E, 305C, 307B, 307C, 308C, 308D, Ratinis ekskavatorius\",\"breadcrumb\":{\"@id\":\"https:\\\/\\\/eskadalys.lt\\\/product\\\/o-ziedas-194\\\/#breadcrumb\"},\"inLanguage\":\"fi\",\"potentialAction\":[{\"@type\":\"ReadAction\",\"target\":[\"https:\\\/\\\/eskadalys.lt\\\/product\\\/o-ziedas-194\\\/\"]}]},{\"@type\":\"ImageObject\",\"inLanguage\":\"fi\",\"@id\":\"https:\\\/\\\/eskadalys.lt\\\/product\\\/o-ziedas-194\\\/#primaryimage\",\"url\":\"https:\\\/\\\/eskadalys.lt\\\/wp-content\\\/uploads\\\/2024\\\/02\\\/seal-3-20240121-195416-scaled-1.jpg?v=1714908609\",\"contentUrl\":\"https:\\\/\\\/eskadalys.lt\\\/wp-content\\\/uploads\\\/2024\\\/02\\\/seal-3-20240121-195416-scaled-1.jpg?v=1714908609\",\"width\":1600,\"height\":2068},{\"@type\":\"BreadcrumbList\",\"@id\":\"https:\\\/\\\/eskadalys.lt\\\/product\\\/o-ziedas-194\\\/#breadcrumb\",\"itemListElement\":[{\"@type\":\"ListItem\",\"position\":1,\"name\":\"Strona g\u0142\u00f3wna\",\"item\":\"https:\\\/\\\/eskadalys.lt\\\/\"},{\"@type\":\"ListItem\",\"position\":2,\"name\":\"E-parduotuv\u0117\",\"item\":\"https:\\\/\\\/eskadalys.lt\\\/e-parduotuve\\\/\"},{\"@type\":\"ListItem\",\"position\":3,\"name\":\"O-\u017eiedas &#8211; 0951625\"}]},{\"@type\":\"WebSite\",\"@id\":\"https:\\\/\\\/eskadalys.lt\\\/#website\",\"url\":\"https:\\\/\\\/eskadalys.lt\\\/\",\"name\":\"Eska dalys\",\"description\":\"Ekskavatori\u0173 \\\/ mini ekskavatori\u0173 \\\/ buldozeri\u0173 dalys\",\"publisher\":{\"@id\":\"https:\\\/\\\/eskadalys.lt\\\/#organization\"},\"potentialAction\":[{\"@type\":\"SearchAction\",\"target\":{\"@type\":\"EntryPoint\",\"urlTemplate\":\"https:\\\/\\\/eskadalys.lt\\\/?s={search_term_string}\"},\"query-input\":{\"@type\":\"PropertyValueSpecification\",\"valueRequired\":true,\"valueName\":\"search_term_string\"}}],\"inLanguage\":\"fi\"},{\"@type\":\"Organization\",\"@id\":\"https:\\\/\\\/eskadalys.lt\\\/#organization\",\"name\":\"Eska dalys\",\"url\":\"https:\\\/\\\/eskadalys.lt\\\/\",\"logo\":{\"@type\":\"ImageObject\",\"inLanguage\":\"fi\",\"@id\":\"https:\\\/\\\/eskadalys.lt\\\/#\\\/schema\\\/logo\\\/image\\\/\",\"url\":\"https:\\\/\\\/eskadalys.lt\\\/wp-content\\\/uploads\\\/2024\\\/01\\\/LOGO-ESKA-FINAL.svg\",\"contentUrl\":\"https:\\\/\\\/eskadalys.lt\\\/wp-content\\\/uploads\\\/2024\\\/01\\\/LOGO-ESKA-FINAL.svg\",\"width\":259,\"height\":201,\"caption\":\"Eska dalys\"},\"image\":{\"@id\":\"https:\\\/\\\/eskadalys.lt\\\/#\\\/schema\\\/logo\\\/image\\\/\"},\"sameAs\":[\"https:\\\/\\\/www.facebook.com\\\/profile.php?id=61556005720456\"]}]}<\/script>\n<!-- \/ Yoast SEO plugin. -->","yoast_head_json":{"title":"O-rengas - 0951625 | Hyv\u00e4 hinta | Nopea toimitus | Eska-osat","description":"O-rengas - 0951625 Sopii: CAT, Telakaivukone, M320, M322C, M322D, 307, 311, 311B, 311C, 311D, 312, 312B, 312C, 312D, 312E, 313B, 313D, 314C, 314D, 314E, 315, 315B, 315C, 315D, 316E, 317, 317B, 318B, 318C, 318D, 319D, 320D, 320E, 320N, 321C, 322B, 322C, 323D, 324D, 324E, 325, 325D, 330B, 330C, 330D, 336D, 336E, 340D, 345B, 345C, 345D, 349D, 349E, Minikaivuri, 305.5D, 305.5E, 305C, 307B, 307C, 308C, 308D, Py\u00f6r\u00e4kaivuri","robots":{"index":"index","follow":"follow","max-snippet":"max-snippet:-1","max-image-preview":"max-image-preview:large","max-video-preview":"max-video-preview:-1"},"canonical":"https:\/\/eskadalys.lt\/fi\/tuote-fi\/ja-rengas-194\/","og_locale":"fi_FI","og_type":"article","og_title":"O-\u017eiedas - 0951625 | Gera kaina | Greitas pristatymas | Eska dalys","og_description":"O-\u017eiedas - 0951625 Tinka: CAT, Vik\u0161rinis ekskavatorius, M320, M322C, M322D, 307, 311, 311B, 311C, 311D, 312, 312B, 312C, 312D, 312E, 313B, 313D, 314C, 314D, 314E, 315, 315B, 315C, 315D, 316E, 317, 317B, 318B, 318C, 318D, 319D, 320D, 320E, 320N, 321C, 322B, 322C, 323D, 324D, 324E, 325, 325D, 330B, 330C, 330D, 336D, 336E, 340D, 345B, 345C, 345D, 349D, 349E, Mini ekskavatorius, 305.5D, 305.5E, 305C, 307B, 307C, 308C, 308D, Ratinis ekskavatorius","og_url":"https:\/\/eskadalys.lt\/fi\/tuote-fi\/ja-rengas-194\/","og_site_name":"Eska dalys","article_publisher":"https:\/\/www.facebook.com\/profile.php?id=61556005720456","article_modified_time":"2026-04-22T13:37:28+00:00","og_image":[{"width":1600,"height":2068,"url":"https:\/\/eskadalys.lt\/wp-content\/uploads\/2024\/02\/seal-3-20240121-195416-scaled-1.jpg?v=1714908609","type":"image\/jpeg"}],"schema":{"@context":"https:\/\/schema.org","@graph":[{"@type":"WebPage","@id":"https:\/\/eskadalys.lt\/product\/o-ziedas-194\/","url":"https:\/\/eskadalys.lt\/product\/o-ziedas-194\/","name":"O-rengas - 0951625 | Hyv\u00e4 hinta | Nopea toimitus | Eska-osat","isPartOf":{"@id":"https:\/\/eskadalys.lt\/#website"},"primaryImageOfPage":{"@id":"https:\/\/eskadalys.lt\/product\/o-ziedas-194\/#primaryimage"},"image":{"@id":"https:\/\/eskadalys.lt\/product\/o-ziedas-194\/#primaryimage"},"thumbnailUrl":"https:\/\/eskadalys.lt\/wp-content\/uploads\/2024\/02\/seal-3-20240121-195416-scaled-1.jpg?v=1714908609","datePublished":"2024-02-11T07:19:44+00:00","dateModified":"2026-04-22T13:37:28+00:00","description":"O-rengas - 0951625 Sopii: CAT, Telakaivukone, M320, M322C, M322D, 307, 311, 311B, 311C, 311D, 312, 312B, 312C, 312D, 312E, 313B, 313D, 314C, 314D, 314E, 315, 315B, 315C, 315D, 316E, 317, 317B, 318B, 318C, 318D, 319D, 320D, 320E, 320N, 321C, 322B, 322C, 323D, 324D, 324E, 325, 325D, 330B, 330C, 330D, 336D, 336E, 340D, 345B, 345C, 345D, 349D, 349E, Minikaivuri, 305.5D, 305.5E, 305C, 307B, 307C, 308C, 308D, Py\u00f6r\u00e4kaivuri","breadcrumb":{"@id":"https:\/\/eskadalys.lt\/product\/o-ziedas-194\/#breadcrumb"},"inLanguage":"fi","potentialAction":[{"@type":"ReadAction","target":["https:\/\/eskadalys.lt\/product\/o-ziedas-194\/"]}]},{"@type":"ImageObject","inLanguage":"fi","@id":"https:\/\/eskadalys.lt\/product\/o-ziedas-194\/#primaryimage","url":"https:\/\/eskadalys.lt\/wp-content\/uploads\/2024\/02\/seal-3-20240121-195416-scaled-1.jpg?v=1714908609","contentUrl":"https:\/\/eskadalys.lt\/wp-content\/uploads\/2024\/02\/seal-3-20240121-195416-scaled-1.jpg?v=1714908609","width":1600,"height":2068},{"@type":"BreadcrumbList","@id":"https:\/\/eskadalys.lt\/product\/o-ziedas-194\/#breadcrumb","itemListElement":[{"@type":"ListItem","position":1,"name":"Strona g\u0142\u00f3wna","item":"https:\/\/eskadalys.lt\/"},{"@type":"ListItem","position":2,"name":"E-parduotuv\u0117","item":"https:\/\/eskadalys.lt\/e-parduotuve\/"},{"@type":"ListItem","position":3,"name":"O-\u017eiedas &#8211; 0951625"}]},{"@type":"WebSite","@id":"https:\/\/eskadalys.lt\/#website","url":"https:\/\/eskadalys.lt\/","name":"Eska parts","description":"Kaivinkoneen\/minikaivinkoneen\/puskutraktorin osat","publisher":{"@id":"https:\/\/eskadalys.lt\/#organization"},"potentialAction":[{"@type":"SearchAction","target":{"@type":"EntryPoint","urlTemplate":"https:\/\/eskadalys.lt\/?s={search_term_string}"},"query-input":{"@type":"PropertyValueSpecification","valueRequired":true,"valueName":"search_term_string"}}],"inLanguage":"fi"},{"@type":"Organization","@id":"https:\/\/eskadalys.lt\/#organization","name":"Eska parts","url":"https:\/\/eskadalys.lt\/","logo":{"@type":"ImageObject","inLanguage":"fi","@id":"https:\/\/eskadalys.lt\/#\/schema\/logo\/image\/","url":"https:\/\/eskadalys.lt\/wp-content\/uploads\/2024\/01\/LOGO-ESKA-FINAL.svg","contentUrl":"https:\/\/eskadalys.lt\/wp-content\/uploads\/2024\/01\/LOGO-ESKA-FINAL.svg","width":259,"height":201,"caption":"Eska dalys"},"image":{"@id":"https:\/\/eskadalys.lt\/#\/schema\/logo\/image\/"},"sameAs":["https:\/\/www.facebook.com\/profile.php?id=61556005720456"]}]}},"_links":{"self":[{"href":"https:\/\/eskadalys.lt\/fi\/wp-json\/wp\/v2\/product\/7553","targetHints":{"allow":["GET"]}}],"collection":[{"href":"https:\/\/eskadalys.lt\/fi\/wp-json\/wp\/v2\/product"}],"about":[{"href":"https:\/\/eskadalys.lt\/fi\/wp-json\/wp\/v2\/types\/product"}],"wp:featuredmedia":[{"embeddable":true,"href":"https:\/\/eskadalys.lt\/fi\/wp-json\/wp\/v2\/media\/107989"}],"wp:attachment":[{"href":"https:\/\/eskadalys.lt\/fi\/wp-json\/wp\/v2\/media?parent=7553"}],"wp:term":[{"taxonomy":"product_brand","embeddable":true,"href":"https:\/\/eskadalys.lt\/fi\/wp-json\/wp\/v2\/product_brand?post=7553"},{"taxonomy":"product_cat","embeddable":true,"href":"https:\/\/eskadalys.lt\/fi\/wp-json\/wp\/v2\/product_cat?post=7553"},{"taxonomy":"product_tag","embeddable":true,"href":"https:\/\/eskadalys.lt\/fi\/wp-json\/wp\/v2\/product_tag?post=7553"}],"curies":[{"name":"wp","href":"https:\/\/api.w.org\/{rel}","templated":true}]}}