{"id":7420,"date":"2024-02-11T09:12:14","date_gmt":"2024-02-11T07:12:14","guid":{"rendered":"https:\/\/eskadalys.lt\/?post_type=product&#038;p=7420"},"modified":"2026-04-22T16:37:18","modified_gmt":"2026-04-22T13:37:18","slug":"ritininis-guolis-5","status":"publish","type":"product","link":"https:\/\/eskadalys.lt\/fi\/product\/ritininis-guolis-5\/","title":{"rendered":"Ritininis guolis &#8211; 184637"},"content":{"rendered":"<p><strong>Ritininis guolis &#8211; 184637<\/strong><br \/>\nMitat:\u00a0<br \/>\nPlotis 42, 4 mm,  Vidinis skersmuo: 101, 6 mm,  I\u0161orinis skersmuo:\u00a0 168, 3 mm,<br \/>\n<strong>Sopii:<\/strong> VOLVO, Savivartis, 5350a, 5350B, A20C, A25, A25B, A25C, A25D, A25E, A25F, A30, A30C, A30D, A30E, A30F, A35, A35C, A35D, A35E, A35F, A40, A40D, A40E, A40F, Frontalinis krautuvas, L70E, L70F, L70G, L90E, L90F, L120E, L150C, L150D, L150F, L150G, L160, L180, L180C, L180D, L180E, L180F, L180G, L220E, L220F, L220G, L250G, L150E, L220D, L60H, L70H, L110H, L120H, L150H, L180H, L220H, L250H, L260H, L350H, L20H, L150E<\/p>\n<p>VOE184637<\/p>\n<h3>\ud83d\udd0d Etsitk\u00f6 toista tuotetta samasta kategoriasta? <a href=\"https:\/\/eskadalys.lt\/fi\/tuotekategoria-fi\/jousituksen-osat\/laakerit\/\">Laakerit<\/a> ?<\/h3>\n<h3>\ud83d\udee0\ufe0f VOLVO-osat \u2013 l\u00f6yd\u00e4t niit\u00e4 lis\u00e4\u00e4 <a href=\"https:\/\/eskadalys.lt\/fi\/tuotekategoria-fi\/jousituksen-osat\/\">Jousituksen osat<\/a> kategoriassa.<\/h3>\n<p>Jos et ole varma, sopiiko t\u00e4m\u00e4 osa koneeseesi, <strong>L\u00e4het\u00e4 meille ajoneuvon sarjanumero (VIN) ennen ostamista.<\/strong>. Tarkistamme yhteensopivuuden luetteloiden avulla ja <strong>tarjoamme oikean osan<\/strong>. Jos et l\u00f6yd\u00e4 tarvitsemaasi osaa, kirjoita meille \u2013 autamme sinua l\u00f6yt\u00e4m\u00e4\u00e4n sen!<\/p>\n<p><strong>\ud83d\udce6 Varasto Liettuassa<\/strong> \u2013 Ennen klo 14.00 tehdyt tilaukset l\u00e4hetet\u00e4\u00e4n samana p\u00e4iv\u00e4n\u00e4.<\/p>\n<p><strong>\ud83d\ude80 Nopea toimitus<\/strong> \u2013 Tilatut tuotteet, joita meill\u00e4 ei t\u00e4ll\u00e4 hetkell\u00e4 ole varastossa, toimitetaan 3\u20134 arkip\u00e4iv\u00e4n kuluessa.<\/p>\n<p><strong>\ud83d\udcc8 Laaja valikoima<\/strong> \u2013 laajennamme tuotevalikoimaamme jatkuvasti.<\/p>","protected":false},"excerpt":{"rendered":"<p>184637<\/p>","protected":false},"featured_media":107760,"template":"","meta":{"site-sidebar-layout":"default","site-content-layout":"","ast-site-content-layout":"default","site-content-style":"default","site-sidebar-style":"default","ast-global-header-display":"","ast-banner-title-visibility":"","ast-main-header-display":"","ast-hfb-above-header-display":"","ast-hfb-below-header-display":"","ast-hfb-mobile-header-display":"","site-post-title":"","ast-breadcrumbs-content":"","ast-featured-img":"","footer-sml-layout":"","ast-disable-related-posts":"","theme-transparent-header-meta":"","adv-header-id-meta":"","stick-header-meta":"","header-above-stick-meta":"","header-main-stick-meta":"","header-below-stick-meta":"","astra-migrate-meta-layouts":"default","ast-page-background-enabled":"default","ast-page-background-meta":{"desktop":{"background-color":"","background-image":"","background-repeat":"repeat","background-position":"center center","background-size":"auto","background-attachment":"scroll","background-type":"","background-media":"","overlay-type":"","overlay-color":"","overlay-opacity":"","overlay-gradient":""},"tablet":{"background-color":"","background-image":"","background-repeat":"repeat","background-position":"center center","background-size":"auto","background-attachment":"scroll","background-type":"","background-media":"","overlay-type":"","overlay-color":"","overlay-opacity":"","overlay-gradient":""},"mobile":{"background-color":"","background-image":"","background-repeat":"repeat","background-position":"center center","background-size":"auto","background-attachment":"scroll","background-type":"","background-media":"","overlay-type":"","overlay-color":"","overlay-opacity":"","overlay-gradient":""}},"ast-content-background-meta":{"desktop":{"background-color":"var(--ast-global-color-5)","background-image":"","background-repeat":"repeat","background-position":"center center","background-size":"auto","background-attachment":"scroll","background-type":"","background-media":"","overlay-type":"","overlay-color":"","overlay-opacity":"","overlay-gradient":""},"tablet":{"background-color":"var(--ast-global-color-5)","background-image":"","background-repeat":"repeat","background-position":"center center","background-size":"auto","background-attachment":"scroll","background-type":"","background-media":"","overlay-type":"","overlay-color":"","overlay-opacity":"","overlay-gradient":""},"mobile":{"background-color":"var(--ast-global-color-5)","background-image":"","background-repeat":"repeat","background-position":"center center","background-size":"auto","background-attachment":"scroll","background-type":"","background-media":"","overlay-type":"","overlay-color":"","overlay-opacity":"","overlay-gradient":""}}},"product_brand":[],"product_cat":[746],"product_tag":[],"class_list":{"0":"post-7420","1":"product","2":"type-product","3":"status-publish","4":"has-post-thumbnail","6":"product_cat-guoliai","7":"desktop-align-left","8":"tablet-align-left","9":"mobile-align-left","11":"first","12":"outofstock","13":"taxable","14":"shipping-taxable","15":"purchasable","16":"product-type-simple"},"yoast_head":"<!-- This site is optimized with the Yoast SEO plugin v27.5 - https:\/\/yoast.com\/product\/yoast-seo-wordpress\/ -->\n<title>Ritininis guolis - 184637 | Gera kaina | Greitas pristatymas | Eska dalys<\/title>\n<meta name=\"description\" content=\"Ritininis guolis - 184637 Matmenys:\u00a0 Plotis 42, 4 mm, Vidinis skersmuo: 101, 6 mm, I\u0161orinis skersmuo:\u00a0 168, 3 mm, Tinka: VOLVO, Savivartis, 5350a, 5350B, A20C, A25, A25B, A25C, A25D, A25E, A25F, A30, A30C, A30D, A30E, A30F, A35, A35C, A35D, A35E, A35F, A40, A40D, A40E, A40F, Frontalinis krautuvas, L70E, L70F, L70G, L90E, L90F, L120E, L150C, L150D, L150F, L150G, L160, L180, L180C, L180D, L180E, L180F, L180G, L220E, L220F, L220G, L250G, L150E, L220D, L60H, L70H, L110H, L120H, L150H, L180H, L220H, L250H, L260H, L350H, L20H, L150E\" \/>\n<meta name=\"robots\" content=\"index, follow, max-snippet:-1, max-image-preview:large, max-video-preview:-1\" \/>\n<link rel=\"canonical\" href=\"https:\/\/eskadalys.lt\/fi\/tuote-fi\/ritininis-guolis-5\/\" \/>\n<meta property=\"og:locale\" content=\"fi_FI\" \/>\n<meta property=\"og:type\" content=\"article\" \/>\n<meta property=\"og:title\" content=\"Ritininis guolis - 184637 | Gera kaina | Greitas pristatymas | Eska dalys\" \/>\n<meta property=\"og:description\" content=\"Ritininis guolis - 184637 Matmenys:\u00a0 Plotis 42, 4 mm, Vidinis skersmuo: 101, 6 mm, I\u0161orinis skersmuo:\u00a0 168, 3 mm, Tinka: VOLVO, Savivartis, 5350a, 5350B, A20C, A25, A25B, A25C, A25D, A25E, A25F, A30, A30C, A30D, A30E, A30F, A35, A35C, A35D, A35E, A35F, A40, A40D, A40E, A40F, Frontalinis krautuvas, L70E, L70F, L70G, L90E, L90F, L120E, L150C, L150D, L150F, L150G, L160, L180, L180C, L180D, L180E, L180F, L180G, L220E, L220F, L220G, L250G, L150E, L220D, L60H, L70H, L110H, L120H, L150H, L180H, L220H, L250H, L260H, L350H, L20H, L150E\" \/>\n<meta property=\"og:url\" content=\"https:\/\/eskadalys.lt\/fi\/tuote-fi\/ritininis-guolis-5\/\" \/>\n<meta property=\"og:site_name\" content=\"Eska dalys\" \/>\n<meta property=\"article:publisher\" content=\"https:\/\/www.facebook.com\/profile.php?id=61556005720456\" \/>\n<meta property=\"article:modified_time\" content=\"2026-04-22T13:37:18+00:00\" \/>\n<meta property=\"og:image\" content=\"https:\/\/eskadalys.lt\/wp-content\/uploads\/2024\/02\/lozysko-20240121-194541-scaled-1.jpg?v=1714909298\" \/>\n\t<meta property=\"og:image:width\" content=\"1600\" \/>\n\t<meta property=\"og:image:height\" content=\"1276\" \/>\n\t<meta property=\"og:image:type\" content=\"image\/jpeg\" \/>\n<script type=\"application\/ld+json\" class=\"yoast-schema-graph\">{\"@context\":\"https:\\\/\\\/schema.org\",\"@graph\":[{\"@type\":\"WebPage\",\"@id\":\"https:\\\/\\\/eskadalys.lt\\\/product\\\/ritininis-guolis-5\\\/\",\"url\":\"https:\\\/\\\/eskadalys.lt\\\/product\\\/ritininis-guolis-5\\\/\",\"name\":\"Ritininis guolis - 184637 | Gera kaina | Greitas pristatymas | Eska dalys\",\"isPartOf\":{\"@id\":\"https:\\\/\\\/eskadalys.lt\\\/#website\"},\"primaryImageOfPage\":{\"@id\":\"https:\\\/\\\/eskadalys.lt\\\/product\\\/ritininis-guolis-5\\\/#primaryimage\"},\"image\":{\"@id\":\"https:\\\/\\\/eskadalys.lt\\\/product\\\/ritininis-guolis-5\\\/#primaryimage\"},\"thumbnailUrl\":\"https:\\\/\\\/eskadalys.lt\\\/wp-content\\\/uploads\\\/2024\\\/02\\\/lozysko-20240121-194541-scaled-1.jpg?v=1714909298\",\"datePublished\":\"2024-02-11T07:12:14+00:00\",\"dateModified\":\"2026-04-22T13:37:18+00:00\",\"description\":\"Ritininis guolis - 184637 Matmenys:\u00a0 Plotis 42, 4 mm, Vidinis skersmuo: 101, 6 mm, I\u0161orinis skersmuo:\u00a0 168, 3 mm, Tinka: VOLVO, Savivartis, 5350a, 5350B, A20C, A25, A25B, A25C, A25D, A25E, A25F, A30, A30C, A30D, A30E, A30F, A35, A35C, A35D, A35E, A35F, A40, A40D, A40E, A40F, Frontalinis krautuvas, L70E, L70F, L70G, L90E, L90F, L120E, L150C, L150D, L150F, L150G, L160, L180, L180C, L180D, L180E, L180F, L180G, L220E, L220F, L220G, L250G, L150E, L220D, L60H, L70H, L110H, L120H, L150H, L180H, L220H, L250H, L260H, L350H, L20H, L150E\",\"breadcrumb\":{\"@id\":\"https:\\\/\\\/eskadalys.lt\\\/product\\\/ritininis-guolis-5\\\/#breadcrumb\"},\"inLanguage\":\"fi\",\"potentialAction\":[{\"@type\":\"ReadAction\",\"target\":[\"https:\\\/\\\/eskadalys.lt\\\/product\\\/ritininis-guolis-5\\\/\"]}]},{\"@type\":\"ImageObject\",\"inLanguage\":\"fi\",\"@id\":\"https:\\\/\\\/eskadalys.lt\\\/product\\\/ritininis-guolis-5\\\/#primaryimage\",\"url\":\"https:\\\/\\\/eskadalys.lt\\\/wp-content\\\/uploads\\\/2024\\\/02\\\/lozysko-20240121-194541-scaled-1.jpg?v=1714909298\",\"contentUrl\":\"https:\\\/\\\/eskadalys.lt\\\/wp-content\\\/uploads\\\/2024\\\/02\\\/lozysko-20240121-194541-scaled-1.jpg?v=1714909298\",\"width\":1600,\"height\":1276},{\"@type\":\"BreadcrumbList\",\"@id\":\"https:\\\/\\\/eskadalys.lt\\\/product\\\/ritininis-guolis-5\\\/#breadcrumb\",\"itemListElement\":[{\"@type\":\"ListItem\",\"position\":1,\"name\":\"Strona g\u0142\u00f3wna\",\"item\":\"https:\\\/\\\/eskadalys.lt\\\/\"},{\"@type\":\"ListItem\",\"position\":2,\"name\":\"E-parduotuv\u0117\",\"item\":\"https:\\\/\\\/eskadalys.lt\\\/e-parduotuve\\\/\"},{\"@type\":\"ListItem\",\"position\":3,\"name\":\"Ritininis guolis &#8211; 184637\"}]},{\"@type\":\"WebSite\",\"@id\":\"https:\\\/\\\/eskadalys.lt\\\/#website\",\"url\":\"https:\\\/\\\/eskadalys.lt\\\/\",\"name\":\"Eska dalys\",\"description\":\"Ekskavatori\u0173 \\\/ mini ekskavatori\u0173 \\\/ buldozeri\u0173 dalys\",\"publisher\":{\"@id\":\"https:\\\/\\\/eskadalys.lt\\\/#organization\"},\"potentialAction\":[{\"@type\":\"SearchAction\",\"target\":{\"@type\":\"EntryPoint\",\"urlTemplate\":\"https:\\\/\\\/eskadalys.lt\\\/?s={search_term_string}\"},\"query-input\":{\"@type\":\"PropertyValueSpecification\",\"valueRequired\":true,\"valueName\":\"search_term_string\"}}],\"inLanguage\":\"fi\"},{\"@type\":\"Organization\",\"@id\":\"https:\\\/\\\/eskadalys.lt\\\/#organization\",\"name\":\"Eska dalys\",\"url\":\"https:\\\/\\\/eskadalys.lt\\\/\",\"logo\":{\"@type\":\"ImageObject\",\"inLanguage\":\"fi\",\"@id\":\"https:\\\/\\\/eskadalys.lt\\\/#\\\/schema\\\/logo\\\/image\\\/\",\"url\":\"https:\\\/\\\/eskadalys.lt\\\/wp-content\\\/uploads\\\/2024\\\/01\\\/LOGO-ESKA-FINAL.svg\",\"contentUrl\":\"https:\\\/\\\/eskadalys.lt\\\/wp-content\\\/uploads\\\/2024\\\/01\\\/LOGO-ESKA-FINAL.svg\",\"width\":259,\"height\":201,\"caption\":\"Eska dalys\"},\"image\":{\"@id\":\"https:\\\/\\\/eskadalys.lt\\\/#\\\/schema\\\/logo\\\/image\\\/\"},\"sameAs\":[\"https:\\\/\\\/www.facebook.com\\\/profile.php?id=61556005720456\"]}]}<\/script>\n<!-- \/ Yoast SEO plugin. -->","yoast_head_json":{"title":"Ritininis guolis - 184637 | Gera kaina | Greitas pristatymas | Eska dalys","description":"Ritininis guolis - 184637 Matmenys:\u00a0 Plotis 42, 4 mm, Vidinis skersmuo: 101, 6 mm, I\u0161orinis skersmuo:\u00a0 168, 3 mm, Tinka: VOLVO, Savivartis, 5350a, 5350B, A20C, A25, A25B, A25C, A25D, A25E, A25F, A30, A30C, A30D, A30E, A30F, A35, A35C, A35D, A35E, A35F, A40, A40D, A40E, A40F, Frontalinis krautuvas, L70E, L70F, L70G, L90E, L90F, L120E, L150C, L150D, L150F, L150G, L160, L180, L180C, L180D, L180E, L180F, L180G, L220E, L220F, L220G, L250G, L150E, L220D, L60H, L70H, L110H, L120H, L150H, L180H, L220H, L250H, L260H, L350H, L20H, L150E","robots":{"index":"index","follow":"follow","max-snippet":"max-snippet:-1","max-image-preview":"max-image-preview:large","max-video-preview":"max-video-preview:-1"},"canonical":"https:\/\/eskadalys.lt\/fi\/tuote-fi\/ritininis-guolis-5\/","og_locale":"fi_FI","og_type":"article","og_title":"Ritininis guolis - 184637 | Gera kaina | Greitas pristatymas | Eska dalys","og_description":"Ritininis guolis - 184637 Matmenys:\u00a0 Plotis 42, 4 mm, Vidinis skersmuo: 101, 6 mm, I\u0161orinis skersmuo:\u00a0 168, 3 mm, Tinka: VOLVO, Savivartis, 5350a, 5350B, A20C, A25, A25B, A25C, A25D, A25E, A25F, A30, A30C, A30D, A30E, A30F, A35, A35C, A35D, A35E, A35F, A40, A40D, A40E, A40F, Frontalinis krautuvas, L70E, L70F, L70G, L90E, L90F, L120E, L150C, L150D, L150F, L150G, L160, L180, L180C, L180D, L180E, L180F, L180G, L220E, L220F, L220G, L250G, L150E, L220D, L60H, L70H, L110H, L120H, L150H, L180H, L220H, L250H, L260H, L350H, L20H, L150E","og_url":"https:\/\/eskadalys.lt\/fi\/tuote-fi\/ritininis-guolis-5\/","og_site_name":"Eska dalys","article_publisher":"https:\/\/www.facebook.com\/profile.php?id=61556005720456","article_modified_time":"2026-04-22T13:37:18+00:00","og_image":[{"width":1600,"height":1276,"url":"https:\/\/eskadalys.lt\/wp-content\/uploads\/2024\/02\/lozysko-20240121-194541-scaled-1.jpg?v=1714909298","type":"image\/jpeg"}],"schema":{"@context":"https:\/\/schema.org","@graph":[{"@type":"WebPage","@id":"https:\/\/eskadalys.lt\/product\/ritininis-guolis-5\/","url":"https:\/\/eskadalys.lt\/product\/ritininis-guolis-5\/","name":"Ritininis guolis - 184637 | Gera kaina | Greitas pristatymas | Eska dalys","isPartOf":{"@id":"https:\/\/eskadalys.lt\/#website"},"primaryImageOfPage":{"@id":"https:\/\/eskadalys.lt\/product\/ritininis-guolis-5\/#primaryimage"},"image":{"@id":"https:\/\/eskadalys.lt\/product\/ritininis-guolis-5\/#primaryimage"},"thumbnailUrl":"https:\/\/eskadalys.lt\/wp-content\/uploads\/2024\/02\/lozysko-20240121-194541-scaled-1.jpg?v=1714909298","datePublished":"2024-02-11T07:12:14+00:00","dateModified":"2026-04-22T13:37:18+00:00","description":"Ritininis guolis - 184637 Matmenys:\u00a0 Plotis 42, 4 mm, Vidinis skersmuo: 101, 6 mm, I\u0161orinis skersmuo:\u00a0 168, 3 mm, Tinka: VOLVO, Savivartis, 5350a, 5350B, A20C, A25, A25B, A25C, A25D, A25E, A25F, A30, A30C, A30D, A30E, A30F, A35, A35C, A35D, A35E, A35F, A40, A40D, A40E, A40F, Frontalinis krautuvas, L70E, L70F, L70G, L90E, L90F, L120E, L150C, L150D, L150F, L150G, L160, L180, L180C, L180D, L180E, L180F, L180G, L220E, L220F, L220G, L250G, L150E, L220D, L60H, L70H, L110H, L120H, L150H, L180H, L220H, L250H, L260H, L350H, L20H, L150E","breadcrumb":{"@id":"https:\/\/eskadalys.lt\/product\/ritininis-guolis-5\/#breadcrumb"},"inLanguage":"fi","potentialAction":[{"@type":"ReadAction","target":["https:\/\/eskadalys.lt\/product\/ritininis-guolis-5\/"]}]},{"@type":"ImageObject","inLanguage":"fi","@id":"https:\/\/eskadalys.lt\/product\/ritininis-guolis-5\/#primaryimage","url":"https:\/\/eskadalys.lt\/wp-content\/uploads\/2024\/02\/lozysko-20240121-194541-scaled-1.jpg?v=1714909298","contentUrl":"https:\/\/eskadalys.lt\/wp-content\/uploads\/2024\/02\/lozysko-20240121-194541-scaled-1.jpg?v=1714909298","width":1600,"height":1276},{"@type":"BreadcrumbList","@id":"https:\/\/eskadalys.lt\/product\/ritininis-guolis-5\/#breadcrumb","itemListElement":[{"@type":"ListItem","position":1,"name":"Strona g\u0142\u00f3wna","item":"https:\/\/eskadalys.lt\/"},{"@type":"ListItem","position":2,"name":"E-parduotuv\u0117","item":"https:\/\/eskadalys.lt\/e-parduotuve\/"},{"@type":"ListItem","position":3,"name":"Ritininis guolis &#8211; 184637"}]},{"@type":"WebSite","@id":"https:\/\/eskadalys.lt\/#website","url":"https:\/\/eskadalys.lt\/","name":"Eska parts","description":"Kaivinkoneen\/minikaivinkoneen\/puskutraktorin osat","publisher":{"@id":"https:\/\/eskadalys.lt\/#organization"},"potentialAction":[{"@type":"SearchAction","target":{"@type":"EntryPoint","urlTemplate":"https:\/\/eskadalys.lt\/?s={search_term_string}"},"query-input":{"@type":"PropertyValueSpecification","valueRequired":true,"valueName":"search_term_string"}}],"inLanguage":"fi"},{"@type":"Organization","@id":"https:\/\/eskadalys.lt\/#organization","name":"Eska parts","url":"https:\/\/eskadalys.lt\/","logo":{"@type":"ImageObject","inLanguage":"fi","@id":"https:\/\/eskadalys.lt\/#\/schema\/logo\/image\/","url":"https:\/\/eskadalys.lt\/wp-content\/uploads\/2024\/01\/LOGO-ESKA-FINAL.svg","contentUrl":"https:\/\/eskadalys.lt\/wp-content\/uploads\/2024\/01\/LOGO-ESKA-FINAL.svg","width":259,"height":201,"caption":"Eska dalys"},"image":{"@id":"https:\/\/eskadalys.lt\/#\/schema\/logo\/image\/"},"sameAs":["https:\/\/www.facebook.com\/profile.php?id=61556005720456"]}]}},"_links":{"self":[{"href":"https:\/\/eskadalys.lt\/fi\/wp-json\/wp\/v2\/product\/7420","targetHints":{"allow":["GET"]}}],"collection":[{"href":"https:\/\/eskadalys.lt\/fi\/wp-json\/wp\/v2\/product"}],"about":[{"href":"https:\/\/eskadalys.lt\/fi\/wp-json\/wp\/v2\/types\/product"}],"wp:featuredmedia":[{"embeddable":true,"href":"https:\/\/eskadalys.lt\/fi\/wp-json\/wp\/v2\/media\/107760"}],"wp:attachment":[{"href":"https:\/\/eskadalys.lt\/fi\/wp-json\/wp\/v2\/media?parent=7420"}],"wp:term":[{"taxonomy":"product_brand","embeddable":true,"href":"https:\/\/eskadalys.lt\/fi\/wp-json\/wp\/v2\/product_brand?post=7420"},{"taxonomy":"product_cat","embeddable":true,"href":"https:\/\/eskadalys.lt\/fi\/wp-json\/wp\/v2\/product_cat?post=7420"},{"taxonomy":"product_tag","embeddable":true,"href":"https:\/\/eskadalys.lt\/fi\/wp-json\/wp\/v2\/product_tag?post=7420"}],"curies":[{"name":"wp","href":"https:\/\/api.w.org\/{rel}","templated":true}]}}