{"id":5893,"date":"2024-02-11T06:22:35","date_gmt":"2024-02-11T04:22:35","guid":{"rendered":"https:\/\/eskadalys.lt\/?post_type=product&#038;p=5893"},"modified":"2026-04-12T08:19:49","modified_gmt":"2026-04-12T05:19:49","slug":"jcb-liukueste-223-mm","status":"publish","type":"product","link":"https:\/\/eskadalys.lt\/fi\/product\/slydimo-plokstele-jcb-223-mm\/","title":{"rendered":"Pohjapanssari JCB 22.3 MM \u2013 160\/00992"},"content":{"rendered":"<p><strong>Pohjapanssari JCB 22.3 MM \u2013 160\/00992<\/strong><br \/>\nMitat:<br \/>\nPituus: 150 mm,<br \/>\nLeveys: 60 mm,<br \/>\nPaksuus: 22,3 mm,<br \/>\nRuuvien v\u00e4linen et\u00e4isyys: 80 mm,<br \/>\nRuuvi: M12<br \/>\n<strong>Sopii:<\/strong> JCB, 531-70, 535-125, 535-140, 535-60, 540, 550-140<br \/>\n<strong>OE-numerot::<\/strong> 60 \u00d7 150<\/p>\n<h3>\ud83d\udd0d Etsitk\u00f6 toista tuotetta samasta kategoriasta? <a href=\"https:\/\/eskadalys.lt\/fi\/tuotekategoria-fi\/pohjapanssarit\/alustan-pohjapanssarit\/\">Aluslevyt<\/a> ?<\/h3>\n<h3>\ud83d\udee0\ufe0f Rakennuskoneiden osat - l\u00f6yd\u00e4t niit\u00e4 lis\u00e4\u00e4 <a href=\"https:\/\/eskadalys.lt\/fi\/tuotekategoria-fi\/pohjapanssarit\/\">Liukulevyt<\/a> kategoriassa.<\/h3>\n<p>Jos et ole varma, sopiiko t\u00e4m\u00e4 osa koneeseesi, <strong>L\u00e4het\u00e4 meille ajoneuvon sarjanumero (VIN) ennen ostamista.<\/strong>. Tarkistamme yhteensopivuuden luetteloiden avulla ja <strong>tarjoamme oikean osan<\/strong>. Jos et l\u00f6yd\u00e4 tarvitsemaasi osaa, kirjoita meille \u2013 autamme sinua l\u00f6yt\u00e4m\u00e4\u00e4n sen!<\/p>\n<p><strong>\ud83d\udce6 Varasto Liettuassa<\/strong> \u2013 Ennen klo 14.00 tehdyt tilaukset l\u00e4hetet\u00e4\u00e4n samana p\u00e4iv\u00e4n\u00e4.<\/p>\n<p><strong>\ud83d\ude80 Nopea toimitus<\/strong> \u2013 Tilatut tuotteet, joita meill\u00e4 ei t\u00e4ll\u00e4 hetkell\u00e4 ole varastossa, toimitetaan 3\u20134 arkip\u00e4iv\u00e4n kuluessa.<\/p>\n<p><strong>\ud83d\udcc8 Laaja valikoima<\/strong> \u2013 laajennamme tuotevalikoimaamme jatkuvasti.<\/p>","protected":false},"excerpt":{"rendered":"<p>160\/00992 CVA<\/p>","protected":false},"featured_media":116863,"template":"","meta":{"site-sidebar-layout":"default","site-content-layout":"","ast-site-content-layout":"default","site-content-style":"default","site-sidebar-style":"default","ast-global-header-display":"","ast-banner-title-visibility":"","ast-main-header-display":"","ast-hfb-above-header-display":"","ast-hfb-below-header-display":"","ast-hfb-mobile-header-display":"","site-post-title":"","ast-breadcrumbs-content":"","ast-featured-img":"","footer-sml-layout":"","ast-disable-related-posts":"","theme-transparent-header-meta":"default","adv-header-id-meta":"","stick-header-meta":"","header-above-stick-meta":"","header-main-stick-meta":"","header-below-stick-meta":"","astra-migrate-meta-layouts":"set","ast-page-background-enabled":"default","ast-page-background-meta":{"desktop":{"background-color":"","background-image":"","background-repeat":"repeat","background-position":"center center","background-size":"auto","background-attachment":"scroll","background-type":"","background-media":"","overlay-type":"","overlay-color":"","overlay-opacity":"","overlay-gradient":""},"tablet":{"background-color":"","background-image":"","background-repeat":"repeat","background-position":"center center","background-size":"auto","background-attachment":"scroll","background-type":"","background-media":"","overlay-type":"","overlay-color":"","overlay-opacity":"","overlay-gradient":""},"mobile":{"background-color":"","background-image":"","background-repeat":"repeat","background-position":"center center","background-size":"auto","background-attachment":"scroll","background-type":"","background-media":"","overlay-type":"","overlay-color":"","overlay-opacity":"","overlay-gradient":""}},"ast-content-background-meta":{"desktop":{"background-color":"var(--ast-global-color-5)","background-image":"","background-repeat":"repeat","background-position":"center center","background-size":"auto","background-attachment":"scroll","background-type":"","background-media":"","overlay-type":"","overlay-color":"","overlay-opacity":"","overlay-gradient":""},"tablet":{"background-color":"var(--ast-global-color-5)","background-image":"","background-repeat":"repeat","background-position":"center center","background-size":"auto","background-attachment":"scroll","background-type":"","background-media":"","overlay-type":"","overlay-color":"","overlay-opacity":"","overlay-gradient":""},"mobile":{"background-color":"var(--ast-global-color-5)","background-image":"","background-repeat":"repeat","background-position":"center center","background-size":"auto","background-attachment":"scroll","background-type":"","background-media":"","overlay-type":"","overlay-color":"","overlay-opacity":"","overlay-gradient":""}}},"product_brand":[],"product_cat":[906],"product_tag":[49509,49579,49843,50347,49499,49737,50348,42907],"class_list":{"0":"post-5893","1":"product","2":"type-product","3":"status-publish","4":"has-post-thumbnail","6":"product_cat-poverzles-slydimo-ploksteles","7":"product_tag-531-70","8":"product_tag-535-125","9":"product_tag-535-140","10":"product_tag-535-60","11":"product_tag-49499","12":"product_tag-550-140","13":"product_tag-60x150","14":"product_tag-jcb","15":"desktop-align-left","16":"tablet-align-left","17":"mobile-align-left","19":"first","20":"outofstock","21":"taxable","22":"shipping-taxable","23":"purchasable","24":"product-type-simple"},"yoast_head":"<!-- This site is optimized with the Yoast SEO plugin v27.4 - https:\/\/yoast.com\/product\/yoast-seo-wordpress\/ -->\n<title>Slydimo plok\u0161tel\u0117 JCB 22,3 MM - 160\/00992 | Gera kaina | Greitas pristatymas | Eska dalys<\/title>\n<meta name=\"description\" content=\"Slydimo plok\u0161tel\u0117 JCB 22, 3 MM - 160\/00992 Matmenys: Ilgis: 150mm, Plotis:60mm, Storis: 22, 3 mm, Tarpai tarp var\u017et\u0173: 80mm, Var\u017etas: M12 Tinka: JCB, 531-70, 535-125, 535-140, 535-60 , 540, 550-140 OE numeriai: 60x150\" \/>\n<meta name=\"robots\" content=\"index, follow, max-snippet:-1, max-image-preview:large, max-video-preview:-1\" \/>\n<link rel=\"canonical\" href=\"https:\/\/eskadalys.lt\/fi\/tuote-fi\/jcb-liukueste-223-mm\/\" \/>\n<meta property=\"og:locale\" content=\"fi_FI\" \/>\n<meta property=\"og:type\" content=\"article\" \/>\n<meta property=\"og:title\" content=\"Slydimo plok\u0161tel\u0117 JCB 22,3 MM - 160\/00992 | Gera kaina | Greitas pristatymas | Eska dalys\" \/>\n<meta property=\"og:description\" content=\"Slydimo plok\u0161tel\u0117 JCB 22, 3 MM - 160\/00992 Matmenys: Ilgis: 150mm, Plotis:60mm, Storis: 22, 3 mm, Tarpai tarp var\u017et\u0173: 80mm, Var\u017etas: M12 Tinka: JCB, 531-70, 535-125, 535-140, 535-60 , 540, 550-140 OE numeriai: 60x150\" \/>\n<meta property=\"og:url\" content=\"https:\/\/eskadalys.lt\/fi\/tuote-fi\/jcb-liukueste-223-mm\/\" \/>\n<meta property=\"og:site_name\" content=\"Eska dalys\" \/>\n<meta property=\"article:publisher\" content=\"https:\/\/www.facebook.com\/profile.php?id=61556005720456\" \/>\n<meta property=\"article:modified_time\" content=\"2026-04-12T05:19:49+00:00\" \/>\n<meta property=\"og:image\" content=\"https:\/\/eskadalys.lt\/wp-content\/uploads\/2024\/02\/pad-moulded.jpg?v=1737463514\" \/>\n\t<meta property=\"og:image:width\" content=\"800\" \/>\n\t<meta property=\"og:image:height\" content=\"800\" \/>\n\t<meta property=\"og:image:type\" content=\"image\/jpeg\" \/>\n<script type=\"application\/ld+json\" class=\"yoast-schema-graph\">{\"@context\":\"https:\\\/\\\/schema.org\",\"@graph\":[{\"@type\":\"WebPage\",\"@id\":\"https:\\\/\\\/eskadalys.lt\\\/product\\\/slydimo-plokstele-jcb-223-mm\\\/\",\"url\":\"https:\\\/\\\/eskadalys.lt\\\/product\\\/slydimo-plokstele-jcb-223-mm\\\/\",\"name\":\"Slydimo plok\u0161tel\u0117 JCB 22,3 MM - 160\\\/00992 | Gera kaina | Greitas pristatymas | Eska dalys\",\"isPartOf\":{\"@id\":\"https:\\\/\\\/eskadalys.lt\\\/#website\"},\"primaryImageOfPage\":{\"@id\":\"https:\\\/\\\/eskadalys.lt\\\/product\\\/slydimo-plokstele-jcb-223-mm\\\/#primaryimage\"},\"image\":{\"@id\":\"https:\\\/\\\/eskadalys.lt\\\/product\\\/slydimo-plokstele-jcb-223-mm\\\/#primaryimage\"},\"thumbnailUrl\":\"https:\\\/\\\/eskadalys.lt\\\/wp-content\\\/uploads\\\/2024\\\/02\\\/pad-moulded.jpg?v=1737463514\",\"datePublished\":\"2024-02-11T04:22:35+00:00\",\"dateModified\":\"2026-04-12T05:19:49+00:00\",\"description\":\"Slydimo plok\u0161tel\u0117 JCB 22, 3 MM - 160\\\/00992 Matmenys: Ilgis: 150mm, Plotis:60mm, Storis: 22, 3 mm, Tarpai tarp var\u017et\u0173: 80mm, Var\u017etas: M12 Tinka: JCB, 531-70, 535-125, 535-140, 535-60 , 540, 550-140 OE numeriai: 60x150\",\"breadcrumb\":{\"@id\":\"https:\\\/\\\/eskadalys.lt\\\/product\\\/slydimo-plokstele-jcb-223-mm\\\/#breadcrumb\"},\"inLanguage\":\"fi\",\"potentialAction\":[{\"@type\":\"ReadAction\",\"target\":[\"https:\\\/\\\/eskadalys.lt\\\/product\\\/slydimo-plokstele-jcb-223-mm\\\/\"]}]},{\"@type\":\"ImageObject\",\"inLanguage\":\"fi\",\"@id\":\"https:\\\/\\\/eskadalys.lt\\\/product\\\/slydimo-plokstele-jcb-223-mm\\\/#primaryimage\",\"url\":\"https:\\\/\\\/eskadalys.lt\\\/wp-content\\\/uploads\\\/2024\\\/02\\\/pad-moulded.jpg?v=1737463514\",\"contentUrl\":\"https:\\\/\\\/eskadalys.lt\\\/wp-content\\\/uploads\\\/2024\\\/02\\\/pad-moulded.jpg?v=1737463514\",\"width\":800,\"height\":800},{\"@type\":\"BreadcrumbList\",\"@id\":\"https:\\\/\\\/eskadalys.lt\\\/product\\\/slydimo-plokstele-jcb-223-mm\\\/#breadcrumb\",\"itemListElement\":[{\"@type\":\"ListItem\",\"position\":1,\"name\":\"Strona g\u0142\u00f3wna\",\"item\":\"https:\\\/\\\/eskadalys.lt\\\/\"},{\"@type\":\"ListItem\",\"position\":2,\"name\":\"E-parduotuv\u0117\",\"item\":\"https:\\\/\\\/eskadalys.lt\\\/e-parduotuve\\\/\"},{\"@type\":\"ListItem\",\"position\":3,\"name\":\"Slydimo plok\u0161tel\u0117 JCB 22,3 MM &#8211; 160\\\/00992\"}]},{\"@type\":\"WebSite\",\"@id\":\"https:\\\/\\\/eskadalys.lt\\\/#website\",\"url\":\"https:\\\/\\\/eskadalys.lt\\\/\",\"name\":\"Eska dalys\",\"description\":\"Ekskavatori\u0173 \\\/ mini ekskavatori\u0173 \\\/ buldozeri\u0173 dalys\",\"publisher\":{\"@id\":\"https:\\\/\\\/eskadalys.lt\\\/#organization\"},\"potentialAction\":[{\"@type\":\"SearchAction\",\"target\":{\"@type\":\"EntryPoint\",\"urlTemplate\":\"https:\\\/\\\/eskadalys.lt\\\/?s={search_term_string}\"},\"query-input\":{\"@type\":\"PropertyValueSpecification\",\"valueRequired\":true,\"valueName\":\"search_term_string\"}}],\"inLanguage\":\"fi\"},{\"@type\":\"Organization\",\"@id\":\"https:\\\/\\\/eskadalys.lt\\\/#organization\",\"name\":\"Eska dalys\",\"url\":\"https:\\\/\\\/eskadalys.lt\\\/\",\"logo\":{\"@type\":\"ImageObject\",\"inLanguage\":\"fi\",\"@id\":\"https:\\\/\\\/eskadalys.lt\\\/#\\\/schema\\\/logo\\\/image\\\/\",\"url\":\"https:\\\/\\\/eskadalys.lt\\\/wp-content\\\/uploads\\\/2024\\\/01\\\/LOGO-ESKA-FINAL.svg\",\"contentUrl\":\"https:\\\/\\\/eskadalys.lt\\\/wp-content\\\/uploads\\\/2024\\\/01\\\/LOGO-ESKA-FINAL.svg\",\"width\":259,\"height\":201,\"caption\":\"Eska dalys\"},\"image\":{\"@id\":\"https:\\\/\\\/eskadalys.lt\\\/#\\\/schema\\\/logo\\\/image\\\/\"},\"sameAs\":[\"https:\\\/\\\/www.facebook.com\\\/profile.php?id=61556005720456\"]}]}<\/script>\n<!-- \/ Yoast SEO plugin. -->","yoast_head_json":{"title":"Pohjapanssari JCB 22.3 MM - 160\/00992 | Hyv\u00e4 hinta | Nopea toimitus | Eska osat","description":"Pohjapanssari JCB 22, 3 MM - 160\/00992 Mitat: Pituus: 150 mm, Leveys: 60 mm, Paksuus: 22, 3 mm, Pulttien v\u00e4li: 80 mm, Pultti: M12 Sopii: JCB, 531-70, 535-125, 535-140, 535-60, 540, 550-140 OE-numerot: 60x150","robots":{"index":"index","follow":"follow","max-snippet":"max-snippet:-1","max-image-preview":"max-image-preview:large","max-video-preview":"max-video-preview:-1"},"canonical":"https:\/\/eskadalys.lt\/fi\/tuote-fi\/jcb-liukueste-223-mm\/","og_locale":"fi_FI","og_type":"article","og_title":"Slydimo plok\u0161tel\u0117 JCB 22,3 MM - 160\/00992 | Gera kaina | Greitas pristatymas | Eska dalys","og_description":"Slydimo plok\u0161tel\u0117 JCB 22, 3 MM - 160\/00992 Matmenys: Ilgis: 150mm, Plotis:60mm, Storis: 22, 3 mm, Tarpai tarp var\u017et\u0173: 80mm, Var\u017etas: M12 Tinka: JCB, 531-70, 535-125, 535-140, 535-60 , 540, 550-140 OE numeriai: 60x150","og_url":"https:\/\/eskadalys.lt\/fi\/tuote-fi\/jcb-liukueste-223-mm\/","og_site_name":"Eska dalys","article_publisher":"https:\/\/www.facebook.com\/profile.php?id=61556005720456","article_modified_time":"2026-04-12T05:19:49+00:00","og_image":[{"width":800,"height":800,"url":"https:\/\/eskadalys.lt\/wp-content\/uploads\/2024\/02\/pad-moulded.jpg?v=1737463514","type":"image\/jpeg"}],"schema":{"@context":"https:\/\/schema.org","@graph":[{"@type":"WebPage","@id":"https:\/\/eskadalys.lt\/product\/slydimo-plokstele-jcb-223-mm\/","url":"https:\/\/eskadalys.lt\/product\/slydimo-plokstele-jcb-223-mm\/","name":"Pohjapanssari JCB 22.3 MM - 160\/00992 | Hyv\u00e4 hinta | Nopea toimitus | Eska osat","isPartOf":{"@id":"https:\/\/eskadalys.lt\/#website"},"primaryImageOfPage":{"@id":"https:\/\/eskadalys.lt\/product\/slydimo-plokstele-jcb-223-mm\/#primaryimage"},"image":{"@id":"https:\/\/eskadalys.lt\/product\/slydimo-plokstele-jcb-223-mm\/#primaryimage"},"thumbnailUrl":"https:\/\/eskadalys.lt\/wp-content\/uploads\/2024\/02\/pad-moulded.jpg?v=1737463514","datePublished":"2024-02-11T04:22:35+00:00","dateModified":"2026-04-12T05:19:49+00:00","description":"Pohjapanssari JCB 22, 3 MM - 160\/00992 Mitat: Pituus: 150 mm, Leveys: 60 mm, Paksuus: 22, 3 mm, Pulttien v\u00e4li: 80 mm, Pultti: M12 Sopii: JCB, 531-70, 535-125, 535-140, 535-60, 540, 550-140 OE-numerot: 60x150","breadcrumb":{"@id":"https:\/\/eskadalys.lt\/product\/slydimo-plokstele-jcb-223-mm\/#breadcrumb"},"inLanguage":"fi","potentialAction":[{"@type":"ReadAction","target":["https:\/\/eskadalys.lt\/product\/slydimo-plokstele-jcb-223-mm\/"]}]},{"@type":"ImageObject","inLanguage":"fi","@id":"https:\/\/eskadalys.lt\/product\/slydimo-plokstele-jcb-223-mm\/#primaryimage","url":"https:\/\/eskadalys.lt\/wp-content\/uploads\/2024\/02\/pad-moulded.jpg?v=1737463514","contentUrl":"https:\/\/eskadalys.lt\/wp-content\/uploads\/2024\/02\/pad-moulded.jpg?v=1737463514","width":800,"height":800},{"@type":"BreadcrumbList","@id":"https:\/\/eskadalys.lt\/product\/slydimo-plokstele-jcb-223-mm\/#breadcrumb","itemListElement":[{"@type":"ListItem","position":1,"name":"Strona g\u0142\u00f3wna","item":"https:\/\/eskadalys.lt\/"},{"@type":"ListItem","position":2,"name":"E-parduotuv\u0117","item":"https:\/\/eskadalys.lt\/e-parduotuve\/"},{"@type":"ListItem","position":3,"name":"Slydimo plok\u0161tel\u0117 JCB 22,3 MM &#8211; 160\/00992"}]},{"@type":"WebSite","@id":"https:\/\/eskadalys.lt\/#website","url":"https:\/\/eskadalys.lt\/","name":"Eska parts","description":"Kaivinkoneen\/minikaivinkoneen\/puskutraktorin osat","publisher":{"@id":"https:\/\/eskadalys.lt\/#organization"},"potentialAction":[{"@type":"SearchAction","target":{"@type":"EntryPoint","urlTemplate":"https:\/\/eskadalys.lt\/?s={search_term_string}"},"query-input":{"@type":"PropertyValueSpecification","valueRequired":true,"valueName":"search_term_string"}}],"inLanguage":"fi"},{"@type":"Organization","@id":"https:\/\/eskadalys.lt\/#organization","name":"Eska parts","url":"https:\/\/eskadalys.lt\/","logo":{"@type":"ImageObject","inLanguage":"fi","@id":"https:\/\/eskadalys.lt\/#\/schema\/logo\/image\/","url":"https:\/\/eskadalys.lt\/wp-content\/uploads\/2024\/01\/LOGO-ESKA-FINAL.svg","contentUrl":"https:\/\/eskadalys.lt\/wp-content\/uploads\/2024\/01\/LOGO-ESKA-FINAL.svg","width":259,"height":201,"caption":"Eska dalys"},"image":{"@id":"https:\/\/eskadalys.lt\/#\/schema\/logo\/image\/"},"sameAs":["https:\/\/www.facebook.com\/profile.php?id=61556005720456"]}]}},"_links":{"self":[{"href":"https:\/\/eskadalys.lt\/fi\/wp-json\/wp\/v2\/product\/5893","targetHints":{"allow":["GET"]}}],"collection":[{"href":"https:\/\/eskadalys.lt\/fi\/wp-json\/wp\/v2\/product"}],"about":[{"href":"https:\/\/eskadalys.lt\/fi\/wp-json\/wp\/v2\/types\/product"}],"wp:featuredmedia":[{"embeddable":true,"href":"https:\/\/eskadalys.lt\/fi\/wp-json\/wp\/v2\/media\/116863"}],"wp:attachment":[{"href":"https:\/\/eskadalys.lt\/fi\/wp-json\/wp\/v2\/media?parent=5893"}],"wp:term":[{"taxonomy":"product_brand","embeddable":true,"href":"https:\/\/eskadalys.lt\/fi\/wp-json\/wp\/v2\/product_brand?post=5893"},{"taxonomy":"product_cat","embeddable":true,"href":"https:\/\/eskadalys.lt\/fi\/wp-json\/wp\/v2\/product_cat?post=5893"},{"taxonomy":"product_tag","embeddable":true,"href":"https:\/\/eskadalys.lt\/fi\/wp-json\/wp\/v2\/product_tag?post=5893"}],"curies":[{"name":"wp","href":"https:\/\/api.w.org\/{rel}","templated":true}]}}