{"id":5835,"date":"2024-02-11T06:17:42","date_gmt":"2024-02-11T04:17:42","guid":{"rendered":"https:\/\/eskadalys.lt\/?post_type=product&#038;p=5835"},"modified":"2026-04-22T16:35:08","modified_gmt":"2026-04-22T13:35:08","slug":"ulkoinen-ilmansuodatin-cva-13","status":"publish","type":"product","link":"https:\/\/eskadalys.lt\/fi\/product\/isorinis-oro-filtras-cva-13\/","title":{"rendered":"Ulkoinen ilmansuodatin CVA \u2013 11110283"},"content":{"rendered":"<p><strong>Ulkoinen ilmansuodatin CVA \u2013 11110283<\/strong><br \/>\nMitat:<br \/>\nKorkeus: 400 mm,<br \/>\n Ulkohalkaisija: 180 mm,<br \/>\n Sis\u00e4halkaisija: 108 mm,<br \/>\n<strong>Sopii:<\/strong> VOLVO, Kaivurikuormaaja, BL60, BL61, BL70, BL71<br \/>\n<strong>OE-numerot::<\/strong> ALCO-SUODATIN MD-7530, PUHDASSUODATTIMET MA3415, DONALDSON P780522, FLEETGUARD AF25957, HENGST-SUODATIN E735L, HIFI-SUODATIN SA 16229, KNECHT LX 3596, MAHLE LX 3596, MECAFILTER FA3489, SAMPIYON-SUODATIN CR 0121, SOFIMA S 7A19 A, STELLOX 81-21097-SX, UFI 27.A19.00, WILMINK GROUP WG1426398, WIX-SUODATTIMET 42330, CASE IH 303912A1, CASE IH 82028148, CASE IH 82028976, CASE IH 82034614, CASE IH 87704244, CLAAS 00 0317 433 0, CLAAS 00 1300 754 0, CLAAS 72 0005 083 6, CLAAS 77 0005 083 6, CLAAS CT 77 000 6,50 0.900.0380.0, JOHN DEERE RE171235, KRAMER 1000150949, LAMBORGHINI 0.900.0380.0, MASSEY FERGUSON 4270035M1, MERLO 049504, MERLO 49504, MERLO M049504, .040500 STEYR 82034615, VOLVO 11110283<br \/>\nVOE11110283<\/p>\n<h3>\ud83d\udd0d Etsitk\u00f6 toista tuotetta samasta kategoriasta? <a href=\"https:\/\/eskadalys.lt\/fi\/tuotekategoria-fi\/suodattimet-oljyt-voiteluaineet\/ilmansuodattimet\/\">Ilmansuodattimet<\/a> ?<\/h3>\n<h3>\ud83d\udee0\ufe0f VOLVO-osat \u2013 l\u00f6yd\u00e4t niit\u00e4 lis\u00e4\u00e4 <a href=\"https:\/\/eskadalys.lt\/fi\/tuotekategoria-fi\/suodattimet-oljyt-voiteluaineet\/\"\">Suodattimet\/\u00f6ljyt\/voiteluaineet<\/a> kategoriassa.<\/h3>\n<p>Jos et ole varma, sopiiko t\u00e4m\u00e4 osa koneeseesi, <strong>L\u00e4het\u00e4 meille ajoneuvon sarjanumero (VIN) ennen ostamista.<\/strong>. Tarkistamme yhteensopivuuden luetteloiden avulla ja <strong>tarjoamme oikean osan<\/strong>. Jos et l\u00f6yd\u00e4 tarvitsemaasi osaa, kirjoita meille \u2013 autamme sinua l\u00f6yt\u00e4m\u00e4\u00e4n sen!<\/p>\n<p><strong>\ud83d\udce6 Varasto Liettuassa<\/strong> \u2013 Ennen klo 14.00 tehdyt tilaukset l\u00e4hetet\u00e4\u00e4n samana p\u00e4iv\u00e4n\u00e4.<\/p>\n<p><strong>\ud83d\ude80 Nopea toimitus<\/strong> \u2013 Tilatut tuotteet, joita meill\u00e4 ei t\u00e4ll\u00e4 hetkell\u00e4 ole varastossa, toimitetaan 3\u20134 arkip\u00e4iv\u00e4n kuluessa.<\/p>\n<p><strong>\ud83d\udcc8 Laaja valikoima<\/strong> \u2013 laajennamme tuotevalikoimaamme jatkuvasti.<\/p>","protected":false},"excerpt":{"rendered":"<p>11110283 CVA<\/p>","protected":false},"featured_media":104064,"template":"","meta":{"site-sidebar-layout":"default","site-content-layout":"","ast-site-content-layout":"default","site-content-style":"default","site-sidebar-style":"default","ast-global-header-display":"","ast-banner-title-visibility":"","ast-main-header-display":"","ast-hfb-above-header-display":"","ast-hfb-below-header-display":"","ast-hfb-mobile-header-display":"","site-post-title":"","ast-breadcrumbs-content":"","ast-featured-img":"","footer-sml-layout":"","ast-disable-related-posts":"","theme-transparent-header-meta":"","adv-header-id-meta":"","stick-header-meta":"","header-above-stick-meta":"","header-main-stick-meta":"","header-below-stick-meta":"","astra-migrate-meta-layouts":"default","ast-page-background-enabled":"default","ast-page-background-meta":{"desktop":{"background-color":"","background-image":"","background-repeat":"repeat","background-position":"center center","background-size":"auto","background-attachment":"scroll","background-type":"","background-media":"","overlay-type":"","overlay-color":"","overlay-opacity":"","overlay-gradient":""},"tablet":{"background-color":"","background-image":"","background-repeat":"repeat","background-position":"center center","background-size":"auto","background-attachment":"scroll","background-type":"","background-media":"","overlay-type":"","overlay-color":"","overlay-opacity":"","overlay-gradient":""},"mobile":{"background-color":"","background-image":"","background-repeat":"repeat","background-position":"center center","background-size":"auto","background-attachment":"scroll","background-type":"","background-media":"","overlay-type":"","overlay-color":"","overlay-opacity":"","overlay-gradient":""}},"ast-content-background-meta":{"desktop":{"background-color":"var(--ast-global-color-5)","background-image":"","background-repeat":"repeat","background-position":"center center","background-size":"auto","background-attachment":"scroll","background-type":"","background-media":"","overlay-type":"","overlay-color":"","overlay-opacity":"","overlay-gradient":""},"tablet":{"background-color":"var(--ast-global-color-5)","background-image":"","background-repeat":"repeat","background-position":"center center","background-size":"auto","background-attachment":"scroll","background-type":"","background-media":"","overlay-type":"","overlay-color":"","overlay-opacity":"","overlay-gradient":""},"mobile":{"background-color":"var(--ast-global-color-5)","background-image":"","background-repeat":"repeat","background-position":"center center","background-size":"auto","background-attachment":"scroll","background-type":"","background-media":"","overlay-type":"","overlay-color":"","overlay-opacity":"","overlay-gradient":""}}},"product_brand":[],"product_cat":[729],"product_tag":[],"class_list":{"0":"post-5835","1":"product","2":"type-product","3":"status-publish","4":"has-post-thumbnail","6":"product_cat-oro-filtrai","7":"desktop-align-left","8":"tablet-align-left","9":"mobile-align-left","11":"first","12":"outofstock","13":"taxable","14":"shipping-taxable","15":"purchasable","16":"product-type-simple"},"yoast_head":"<!-- This site is optimized with the Yoast SEO plugin v27.5 - https:\/\/yoast.com\/product\/yoast-seo-wordpress\/ -->\n<title>I\u0161orinis oro filtras CVA - 11110283 | Gera kaina | Greitas pristatymas | Eska dalys<\/title>\n<meta name=\"description\" content=\"I\u0161orinis oro filtras - 11110283 Matmenys: Auk\u0161tis: 400 mm, I\u0161orinis skersmuo: 180 mm, Vidinis skersmuo: 108 mm, Tinka: VOLVO, Ekskavatorius krautuvas, BL60, BL61, BL70, BL71 OE numeriai: ALCO FILTER MD-7530, CLEAN FILTERS MA3415, DONALDSON P780522, FLEETGUARD AF25957, HENGST FILTER E735L, HIFI FILTER SA 16229, KNECHT LX 3596, MAHLE LX 3596, MECAFILTER FA3489, SAMPIYON FILTER CR 0121, SOFIMA S 7A19 A, STELLOX 81-21097-SX, UFI 27.A19.00, WILMINK GROUP WG1426398, WIX FILTERS 42330, CASE IH 303912A1, CASE IH 82028148, CASE IH 82028976, CASE IH 82034614, CASE IH 87704244, CLAAS 00 0317 433 0, CLAAS 00 1300 754 0, CLAAS 72 0005 083 6, CLAAS 77 0005 083 6, CLAAS CT 77 00 050 836, H\u00dcRLIMANN 0.900.0380.0, JOHN DEERE RE171235, KRAMER 1000150949, LAMBORGHINI 0.900.0380.0, MASSEY FERGUSON 4270035M1, MERLO 049504, MERLO M049504, SAME 0.900.0380.0, STEYR 82034615, VOLVO 11110283\" \/>\n<meta name=\"robots\" content=\"index, follow, max-snippet:-1, max-image-preview:large, max-video-preview:-1\" \/>\n<link rel=\"canonical\" href=\"https:\/\/eskadalys.lt\/fi\/tuote-fi\/ulkoinen-ilmansuodatin-cva-13\/\" \/>\n<meta property=\"og:locale\" content=\"fi_FI\" \/>\n<meta property=\"og:type\" content=\"article\" \/>\n<meta property=\"og:title\" content=\"I\u0161orinis oro filtras CVA - 11110283 | Gera kaina | Greitas pristatymas | Eska dalys\" \/>\n<meta property=\"og:description\" content=\"I\u0161orinis oro filtras - 11110283 Matmenys: Auk\u0161tis: 400 mm, I\u0161orinis skersmuo: 180 mm, Vidinis skersmuo: 108 mm, Tinka: VOLVO, Ekskavatorius krautuvas, BL60, BL61, BL70, BL71 OE numeriai: ALCO FILTER MD-7530, CLEAN FILTERS MA3415, DONALDSON P780522, FLEETGUARD AF25957, HENGST FILTER E735L, HIFI FILTER SA 16229, KNECHT LX 3596, MAHLE LX 3596, MECAFILTER FA3489, SAMPIYON FILTER CR 0121, SOFIMA S 7A19 A, STELLOX 81-21097-SX, UFI 27.A19.00, WILMINK GROUP WG1426398, WIX FILTERS 42330, CASE IH 303912A1, CASE IH 82028148, CASE IH 82028976, CASE IH 82034614, CASE IH 87704244, CLAAS 00 0317 433 0, CLAAS 00 1300 754 0, CLAAS 72 0005 083 6, CLAAS 77 0005 083 6, CLAAS CT 77 00 050 836, H\u00dcRLIMANN 0.900.0380.0, JOHN DEERE RE171235, KRAMER 1000150949, LAMBORGHINI 0.900.0380.0, MASSEY FERGUSON 4270035M1, MERLO 049504, MERLO M049504, SAME 0.900.0380.0, STEYR 82034615, VOLVO 11110283\" \/>\n<meta property=\"og:url\" content=\"https:\/\/eskadalys.lt\/fi\/tuote-fi\/ulkoinen-ilmansuodatin-cva-13\/\" \/>\n<meta property=\"og:site_name\" content=\"Eska dalys\" \/>\n<meta property=\"article:publisher\" content=\"https:\/\/www.facebook.com\/profile.php?id=61556005720456\" \/>\n<meta property=\"article:modified_time\" content=\"2026-04-22T13:35:08+00:00\" \/>\n<meta property=\"og:image\" content=\"https:\/\/eskadalys.lt\/wp-content\/uploads\/2024\/02\/filter-22-20240121-173735-scaled-1.jpg?v=1714919404\" \/>\n\t<meta property=\"og:image:width\" content=\"1600\" \/>\n\t<meta property=\"og:image:height\" content=\"1683\" \/>\n\t<meta property=\"og:image:type\" content=\"image\/jpeg\" \/>\n<script type=\"application\/ld+json\" class=\"yoast-schema-graph\">{\"@context\":\"https:\\\/\\\/schema.org\",\"@graph\":[{\"@type\":\"WebPage\",\"@id\":\"https:\\\/\\\/eskadalys.lt\\\/product\\\/isorinis-oro-filtras-cva-13\\\/\",\"url\":\"https:\\\/\\\/eskadalys.lt\\\/product\\\/isorinis-oro-filtras-cva-13\\\/\",\"name\":\"I\u0161orinis oro filtras CVA - 11110283 | Gera kaina | Greitas pristatymas | Eska dalys\",\"isPartOf\":{\"@id\":\"https:\\\/\\\/eskadalys.lt\\\/#website\"},\"primaryImageOfPage\":{\"@id\":\"https:\\\/\\\/eskadalys.lt\\\/product\\\/isorinis-oro-filtras-cva-13\\\/#primaryimage\"},\"image\":{\"@id\":\"https:\\\/\\\/eskadalys.lt\\\/product\\\/isorinis-oro-filtras-cva-13\\\/#primaryimage\"},\"thumbnailUrl\":\"https:\\\/\\\/eskadalys.lt\\\/wp-content\\\/uploads\\\/2024\\\/02\\\/filter-22-20240121-173735-scaled-1.jpg?v=1714919404\",\"datePublished\":\"2024-02-11T04:17:42+00:00\",\"dateModified\":\"2026-04-22T13:35:08+00:00\",\"description\":\"I\u0161orinis oro filtras - 11110283 Matmenys: Auk\u0161tis: 400 mm, I\u0161orinis skersmuo: 180 mm, Vidinis skersmuo: 108 mm, Tinka: VOLVO, Ekskavatorius krautuvas, BL60, BL61, BL70, BL71 OE numeriai: ALCO FILTER MD-7530, CLEAN FILTERS MA3415, DONALDSON P780522, FLEETGUARD AF25957, HENGST FILTER E735L, HIFI FILTER SA 16229, KNECHT LX 3596, MAHLE LX 3596, MECAFILTER FA3489, SAMPIYON FILTER CR 0121, SOFIMA S 7A19 A, STELLOX 81-21097-SX, UFI 27.A19.00, WILMINK GROUP WG1426398, WIX FILTERS 42330, CASE IH 303912A1, CASE IH 82028148, CASE IH 82028976, CASE IH 82034614, CASE IH 87704244, CLAAS 00 0317 433 0, CLAAS 00 1300 754 0, CLAAS 72 0005 083 6, CLAAS 77 0005 083 6, CLAAS CT 77 00 050 836, H\u00dcRLIMANN 0.900.0380.0, JOHN DEERE RE171235, KRAMER 1000150949, LAMBORGHINI 0.900.0380.0, MASSEY FERGUSON 4270035M1, MERLO 049504, MERLO M049504, SAME 0.900.0380.0, STEYR 82034615, VOLVO 11110283\",\"breadcrumb\":{\"@id\":\"https:\\\/\\\/eskadalys.lt\\\/product\\\/isorinis-oro-filtras-cva-13\\\/#breadcrumb\"},\"inLanguage\":\"fi\",\"potentialAction\":[{\"@type\":\"ReadAction\",\"target\":[\"https:\\\/\\\/eskadalys.lt\\\/product\\\/isorinis-oro-filtras-cva-13\\\/\"]}]},{\"@type\":\"ImageObject\",\"inLanguage\":\"fi\",\"@id\":\"https:\\\/\\\/eskadalys.lt\\\/product\\\/isorinis-oro-filtras-cva-13\\\/#primaryimage\",\"url\":\"https:\\\/\\\/eskadalys.lt\\\/wp-content\\\/uploads\\\/2024\\\/02\\\/filter-22-20240121-173735-scaled-1.jpg?v=1714919404\",\"contentUrl\":\"https:\\\/\\\/eskadalys.lt\\\/wp-content\\\/uploads\\\/2024\\\/02\\\/filter-22-20240121-173735-scaled-1.jpg?v=1714919404\",\"width\":1600,\"height\":1683},{\"@type\":\"BreadcrumbList\",\"@id\":\"https:\\\/\\\/eskadalys.lt\\\/product\\\/isorinis-oro-filtras-cva-13\\\/#breadcrumb\",\"itemListElement\":[{\"@type\":\"ListItem\",\"position\":1,\"name\":\"Strona g\u0142\u00f3wna\",\"item\":\"https:\\\/\\\/eskadalys.lt\\\/\"},{\"@type\":\"ListItem\",\"position\":2,\"name\":\"E-parduotuv\u0117\",\"item\":\"https:\\\/\\\/eskadalys.lt\\\/e-parduotuve\\\/\"},{\"@type\":\"ListItem\",\"position\":3,\"name\":\"I\u0161orinis oro filtras CVA &#8211; 11110283\"}]},{\"@type\":\"WebSite\",\"@id\":\"https:\\\/\\\/eskadalys.lt\\\/#website\",\"url\":\"https:\\\/\\\/eskadalys.lt\\\/\",\"name\":\"Eska dalys\",\"description\":\"Ekskavatori\u0173 \\\/ mini ekskavatori\u0173 \\\/ buldozeri\u0173 dalys\",\"publisher\":{\"@id\":\"https:\\\/\\\/eskadalys.lt\\\/#organization\"},\"potentialAction\":[{\"@type\":\"SearchAction\",\"target\":{\"@type\":\"EntryPoint\",\"urlTemplate\":\"https:\\\/\\\/eskadalys.lt\\\/?s={search_term_string}\"},\"query-input\":{\"@type\":\"PropertyValueSpecification\",\"valueRequired\":true,\"valueName\":\"search_term_string\"}}],\"inLanguage\":\"fi\"},{\"@type\":\"Organization\",\"@id\":\"https:\\\/\\\/eskadalys.lt\\\/#organization\",\"name\":\"Eska dalys\",\"url\":\"https:\\\/\\\/eskadalys.lt\\\/\",\"logo\":{\"@type\":\"ImageObject\",\"inLanguage\":\"fi\",\"@id\":\"https:\\\/\\\/eskadalys.lt\\\/#\\\/schema\\\/logo\\\/image\\\/\",\"url\":\"https:\\\/\\\/eskadalys.lt\\\/wp-content\\\/uploads\\\/2024\\\/01\\\/LOGO-ESKA-FINAL.svg\",\"contentUrl\":\"https:\\\/\\\/eskadalys.lt\\\/wp-content\\\/uploads\\\/2024\\\/01\\\/LOGO-ESKA-FINAL.svg\",\"width\":259,\"height\":201,\"caption\":\"Eska dalys\"},\"image\":{\"@id\":\"https:\\\/\\\/eskadalys.lt\\\/#\\\/schema\\\/logo\\\/image\\\/\"},\"sameAs\":[\"https:\\\/\\\/www.facebook.com\\\/profile.php?id=61556005720456\"]}]}<\/script>\n<!-- \/ Yoast SEO plugin. -->","yoast_head_json":{"title":"Ulkoilmansuodatin CVA - 11110283 | Hyv\u00e4 hinta | Nopea toimitus | Eska osat","description":"Ulkoilmansuodatin - 11110283 Mitat: Korkeus: 400 mm, Ulkohalkaisija: 180 mm, Sis\u00e4halkaisija: 108 mm, Sopii: VOLVO, Kaivurikuormaaja, BL60, BL61, BL70, BL71 OE-numerot: ALCO FILTER MD-7530, CLEAN FILTERS MA3415, DONALDSON P780522, FLEETGUARD AF25957, HENGST FILTER E735L, HIFI FILTER SA 16229, KNECHT LX 3596, MAHLE LX 3596, MECAFILTER FA3489, SAMPIYON FILTER CR 0121, SOFIMA S 7A19 A, STELLOX 81-21097-SX, UFI 27.A19.00, WILMINK GROUP WG1426398, WIX SUODATTIMET 42330, CASE IH 303912A1, CASE IH 82028148, CASE IH 82028976, CASE IH 82034614, CASE IH 87704244, CLAAS 00 0317 430300 43000 CLAAS 72 0005 083 6, CLAAS 77 0005 083 6, CLAAS CT 77 00 050 836, H\u00dcRLIMANN 0.900.0380.0, JOHN DEERE RE171235, KRAMER 1009, KRAMER 1009 0.900.0380.0, MASSEY FERGUSON 4270035M1, MERLO 049504, MERLO M049504, SAMA 0.900.0380.0, STEYR 82034615, VOLVO 11110283","robots":{"index":"index","follow":"follow","max-snippet":"max-snippet:-1","max-image-preview":"max-image-preview:large","max-video-preview":"max-video-preview:-1"},"canonical":"https:\/\/eskadalys.lt\/fi\/tuote-fi\/ulkoinen-ilmansuodatin-cva-13\/","og_locale":"fi_FI","og_type":"article","og_title":"I\u0161orinis oro filtras CVA - 11110283 | Gera kaina | Greitas pristatymas | Eska dalys","og_description":"I\u0161orinis oro filtras - 11110283 Matmenys: Auk\u0161tis: 400 mm, I\u0161orinis skersmuo: 180 mm, Vidinis skersmuo: 108 mm, Tinka: VOLVO, Ekskavatorius krautuvas, BL60, BL61, BL70, BL71 OE numeriai: ALCO FILTER MD-7530, CLEAN FILTERS MA3415, DONALDSON P780522, FLEETGUARD AF25957, HENGST FILTER E735L, HIFI FILTER SA 16229, KNECHT LX 3596, MAHLE LX 3596, MECAFILTER FA3489, SAMPIYON FILTER CR 0121, SOFIMA S 7A19 A, STELLOX 81-21097-SX, UFI 27.A19.00, WILMINK GROUP WG1426398, WIX FILTERS 42330, CASE IH 303912A1, CASE IH 82028148, CASE IH 82028976, CASE IH 82034614, CASE IH 87704244, CLAAS 00 0317 433 0, CLAAS 00 1300 754 0, CLAAS 72 0005 083 6, CLAAS 77 0005 083 6, CLAAS CT 77 00 050 836, H\u00dcRLIMANN 0.900.0380.0, JOHN DEERE RE171235, KRAMER 1000150949, LAMBORGHINI 0.900.0380.0, MASSEY FERGUSON 4270035M1, MERLO 049504, MERLO M049504, SAME 0.900.0380.0, STEYR 82034615, VOLVO 11110283","og_url":"https:\/\/eskadalys.lt\/fi\/tuote-fi\/ulkoinen-ilmansuodatin-cva-13\/","og_site_name":"Eska dalys","article_publisher":"https:\/\/www.facebook.com\/profile.php?id=61556005720456","article_modified_time":"2026-04-22T13:35:08+00:00","og_image":[{"width":1600,"height":1683,"url":"https:\/\/eskadalys.lt\/wp-content\/uploads\/2024\/02\/filter-22-20240121-173735-scaled-1.jpg?v=1714919404","type":"image\/jpeg"}],"schema":{"@context":"https:\/\/schema.org","@graph":[{"@type":"WebPage","@id":"https:\/\/eskadalys.lt\/product\/isorinis-oro-filtras-cva-13\/","url":"https:\/\/eskadalys.lt\/product\/isorinis-oro-filtras-cva-13\/","name":"Ulkoilmansuodatin CVA - 11110283 | Hyv\u00e4 hinta | Nopea toimitus | Eska osat","isPartOf":{"@id":"https:\/\/eskadalys.lt\/#website"},"primaryImageOfPage":{"@id":"https:\/\/eskadalys.lt\/product\/isorinis-oro-filtras-cva-13\/#primaryimage"},"image":{"@id":"https:\/\/eskadalys.lt\/product\/isorinis-oro-filtras-cva-13\/#primaryimage"},"thumbnailUrl":"https:\/\/eskadalys.lt\/wp-content\/uploads\/2024\/02\/filter-22-20240121-173735-scaled-1.jpg?v=1714919404","datePublished":"2024-02-11T04:17:42+00:00","dateModified":"2026-04-22T13:35:08+00:00","description":"Ulkoilmansuodatin - 11110283 Mitat: Korkeus: 400 mm, Ulkohalkaisija: 180 mm, Sis\u00e4halkaisija: 108 mm, Sopii: VOLVO, Kaivurikuormaaja, BL60, BL61, BL70, BL71 OE-numerot: ALCO FILTER MD-7530, CLEAN FILTERS MA3415, DONALDSON P780522, FLEETGUARD AF25957, HENGST FILTER E735L, HIFI FILTER SA 16229, KNECHT LX 3596, MAHLE LX 3596, MECAFILTER FA3489, SAMPIYON FILTER CR 0121, SOFIMA S 7A19 A, STELLOX 81-21097-SX, UFI 27.A19.00, WILMINK GROUP WG1426398, WIX SUODATTIMET 42330, CASE IH 303912A1, CASE IH 82028148, CASE IH 82028976, CASE IH 82034614, CASE IH 87704244, CLAAS 00 0317 430300 43000 CLAAS 72 0005 083 6, CLAAS 77 0005 083 6, CLAAS CT 77 00 050 836, H\u00dcRLIMANN 0.900.0380.0, JOHN DEERE RE171235, KRAMER 1009, KRAMER 1009 0.900.0380.0, MASSEY FERGUSON 4270035M1, MERLO 049504, MERLO M049504, SAMA 0.900.0380.0, STEYR 82034615, VOLVO 11110283","breadcrumb":{"@id":"https:\/\/eskadalys.lt\/product\/isorinis-oro-filtras-cva-13\/#breadcrumb"},"inLanguage":"fi","potentialAction":[{"@type":"ReadAction","target":["https:\/\/eskadalys.lt\/product\/isorinis-oro-filtras-cva-13\/"]}]},{"@type":"ImageObject","inLanguage":"fi","@id":"https:\/\/eskadalys.lt\/product\/isorinis-oro-filtras-cva-13\/#primaryimage","url":"https:\/\/eskadalys.lt\/wp-content\/uploads\/2024\/02\/filter-22-20240121-173735-scaled-1.jpg?v=1714919404","contentUrl":"https:\/\/eskadalys.lt\/wp-content\/uploads\/2024\/02\/filter-22-20240121-173735-scaled-1.jpg?v=1714919404","width":1600,"height":1683},{"@type":"BreadcrumbList","@id":"https:\/\/eskadalys.lt\/product\/isorinis-oro-filtras-cva-13\/#breadcrumb","itemListElement":[{"@type":"ListItem","position":1,"name":"Strona g\u0142\u00f3wna","item":"https:\/\/eskadalys.lt\/"},{"@type":"ListItem","position":2,"name":"E-parduotuv\u0117","item":"https:\/\/eskadalys.lt\/e-parduotuve\/"},{"@type":"ListItem","position":3,"name":"I\u0161orinis oro filtras CVA &#8211; 11110283"}]},{"@type":"WebSite","@id":"https:\/\/eskadalys.lt\/#website","url":"https:\/\/eskadalys.lt\/","name":"Eska parts","description":"Kaivinkoneen\/minikaivinkoneen\/puskutraktorin osat","publisher":{"@id":"https:\/\/eskadalys.lt\/#organization"},"potentialAction":[{"@type":"SearchAction","target":{"@type":"EntryPoint","urlTemplate":"https:\/\/eskadalys.lt\/?s={search_term_string}"},"query-input":{"@type":"PropertyValueSpecification","valueRequired":true,"valueName":"search_term_string"}}],"inLanguage":"fi"},{"@type":"Organization","@id":"https:\/\/eskadalys.lt\/#organization","name":"Eska parts","url":"https:\/\/eskadalys.lt\/","logo":{"@type":"ImageObject","inLanguage":"fi","@id":"https:\/\/eskadalys.lt\/#\/schema\/logo\/image\/","url":"https:\/\/eskadalys.lt\/wp-content\/uploads\/2024\/01\/LOGO-ESKA-FINAL.svg","contentUrl":"https:\/\/eskadalys.lt\/wp-content\/uploads\/2024\/01\/LOGO-ESKA-FINAL.svg","width":259,"height":201,"caption":"Eska dalys"},"image":{"@id":"https:\/\/eskadalys.lt\/#\/schema\/logo\/image\/"},"sameAs":["https:\/\/www.facebook.com\/profile.php?id=61556005720456"]}]}},"_links":{"self":[{"href":"https:\/\/eskadalys.lt\/fi\/wp-json\/wp\/v2\/product\/5835","targetHints":{"allow":["GET"]}}],"collection":[{"href":"https:\/\/eskadalys.lt\/fi\/wp-json\/wp\/v2\/product"}],"about":[{"href":"https:\/\/eskadalys.lt\/fi\/wp-json\/wp\/v2\/types\/product"}],"wp:featuredmedia":[{"embeddable":true,"href":"https:\/\/eskadalys.lt\/fi\/wp-json\/wp\/v2\/media\/104064"}],"wp:attachment":[{"href":"https:\/\/eskadalys.lt\/fi\/wp-json\/wp\/v2\/media?parent=5835"}],"wp:term":[{"taxonomy":"product_brand","embeddable":true,"href":"https:\/\/eskadalys.lt\/fi\/wp-json\/wp\/v2\/product_brand?post=5835"},{"taxonomy":"product_cat","embeddable":true,"href":"https:\/\/eskadalys.lt\/fi\/wp-json\/wp\/v2\/product_cat?post=5835"},{"taxonomy":"product_tag","embeddable":true,"href":"https:\/\/eskadalys.lt\/fi\/wp-json\/wp\/v2\/product_tag?post=5835"}],"curies":[{"name":"wp","href":"https:\/\/api.w.org\/{rel}","templated":true}]}}