{"id":5755,"date":"2024-02-11T06:12:34","date_gmt":"2024-02-11T04:12:34","guid":{"rendered":"https:\/\/eskadalys.lt\/?post_type=product&#038;p=5755"},"modified":"2026-04-12T08:19:40","modified_gmt":"2026-04-12T05:19:40","slug":"tilto-alyva-hp-plus-originalas-20l","status":"publish","type":"product","link":"https:\/\/eskadalys.lt\/fi\/product\/tilto-alyva-hp-plus-originalas-20l\/","title":{"rendered":"Akseli\u00f6ljy HP PLUS Original 20L \u2013 4000\/2205"},"content":{"rendered":"<p><strong>Akseli\u00f6ljy HP PLUS Original 20L \u2013 4000\/2205<\/strong><br \/>\n<strong>Sopii:<\/strong> JCB, Mini ekskavatorius, Ratinis ekskavatorius, Ekskavatorius krautuvas, 2CX, 3CX, 4CX, Frontalinis krautuvas, Teleskopinis krautuvas, Mini Teleskopinis krautuvas, Mini Tracked Teleskopinis krautuvas, Offroad Forklift, Mini Telescopic Forklift, Mini ekskavatorius, 5CX, Savivartis, FASTRAC, WALEC<br \/>\n<strong>OE-numerot::<\/strong> 4000\/2205<\/p>\n<h3>\ud83d\udd0d Etsitk\u00f6 toista tuotetta samasta kategoriasta? <a href=\"https:\/\/eskadalys.lt\/fi\/tuotekategoria-fi\/suodattimet-oljyt-voiteluaineet\/oljy\/\">Oliivi<\/a> ?<\/h3>\n<h3>\ud83d\udee0\ufe0f Kaivinkoneen osia \u2013 l\u00f6yd\u00e4t niit\u00e4 lis\u00e4\u00e4 <a href=\"https:\/\/eskadalys.lt\/fi\/tuotekategoria-fi\/suodattimet-oljyt-voiteluaineet\/\"\">Suodattimet\/\u00f6ljyt\/voiteluaineet<\/a> kategoriassa.<\/h3>\n<p>Jos et ole varma, sopiiko t\u00e4m\u00e4 osa koneeseesi, <strong>L\u00e4het\u00e4 meille ajoneuvon sarjanumero (VIN) ennen ostamista.<\/strong>. Tarkistamme yhteensopivuuden luetteloiden avulla ja <strong>tarjoamme oikean osan<\/strong>. Jos et l\u00f6yd\u00e4 tarvitsemaasi osaa, kirjoita meille \u2013 autamme sinua l\u00f6yt\u00e4m\u00e4\u00e4n sen!<\/p>\n<p><strong>\ud83d\udce6 Varasto Liettuassa<\/strong> \u2013 Ennen klo 14.00 tehdyt tilaukset l\u00e4hetet\u00e4\u00e4n samana p\u00e4iv\u00e4n\u00e4.<\/p>\n<p><strong>\ud83d\ude80 Nopea toimitus<\/strong> \u2013 Tilatut tuotteet, joita meill\u00e4 ei t\u00e4ll\u00e4 hetkell\u00e4 ole varastossa, toimitetaan 3\u20134 arkip\u00e4iv\u00e4n kuluessa.<\/p>\n<p><strong>\ud83d\udcc8 Laaja valikoima<\/strong> \u2013 laajennamme tuotevalikoimaamme jatkuvasti.<\/p>","protected":false},"excerpt":{"rendered":"<p>4000\/2205 G<\/p>","protected":false},"featured_media":103927,"template":"","meta":{"site-sidebar-layout":"default","site-content-layout":"","ast-site-content-layout":"default","site-content-style":"default","site-sidebar-style":"default","ast-global-header-display":"","ast-banner-title-visibility":"","ast-main-header-display":"","ast-hfb-above-header-display":"","ast-hfb-below-header-display":"","ast-hfb-mobile-header-display":"","site-post-title":"","ast-breadcrumbs-content":"","ast-featured-img":"","footer-sml-layout":"","ast-disable-related-posts":"","theme-transparent-header-meta":"","adv-header-id-meta":"","stick-header-meta":"","header-above-stick-meta":"","header-main-stick-meta":"","header-below-stick-meta":"","astra-migrate-meta-layouts":"default","ast-page-background-enabled":"default","ast-page-background-meta":{"desktop":{"background-color":"","background-image":"","background-repeat":"repeat","background-position":"center center","background-size":"auto","background-attachment":"scroll","background-type":"","background-media":"","overlay-type":"","overlay-color":"","overlay-opacity":"","overlay-gradient":""},"tablet":{"background-color":"","background-image":"","background-repeat":"repeat","background-position":"center center","background-size":"auto","background-attachment":"scroll","background-type":"","background-media":"","overlay-type":"","overlay-color":"","overlay-opacity":"","overlay-gradient":""},"mobile":{"background-color":"","background-image":"","background-repeat":"repeat","background-position":"center center","background-size":"auto","background-attachment":"scroll","background-type":"","background-media":"","overlay-type":"","overlay-color":"","overlay-opacity":"","overlay-gradient":""}},"ast-content-background-meta":{"desktop":{"background-color":"var(--ast-global-color-5)","background-image":"","background-repeat":"repeat","background-position":"center center","background-size":"auto","background-attachment":"scroll","background-type":"","background-media":"","overlay-type":"","overlay-color":"","overlay-opacity":"","overlay-gradient":""},"tablet":{"background-color":"var(--ast-global-color-5)","background-image":"","background-repeat":"repeat","background-position":"center center","background-size":"auto","background-attachment":"scroll","background-type":"","background-media":"","overlay-type":"","overlay-color":"","overlay-opacity":"","overlay-gradient":""},"mobile":{"background-color":"var(--ast-global-color-5)","background-image":"","background-repeat":"repeat","background-position":"center center","background-size":"auto","background-attachment":"scroll","background-type":"","background-media":"","overlay-type":"","overlay-color":"","overlay-opacity":"","overlay-gradient":""}}},"product_brand":[],"product_cat":[959],"product_tag":[],"class_list":{"0":"post-5755","1":"product","2":"type-product","3":"status-publish","4":"has-post-thumbnail","6":"product_cat-alyva","7":"desktop-align-left","8":"tablet-align-left","9":"mobile-align-left","11":"first","12":"outofstock","13":"taxable","14":"shipping-taxable","15":"purchasable","16":"product-type-simple"},"yoast_head":"<!-- This site is optimized with the Yoast SEO plugin v27.4 - https:\/\/yoast.com\/product\/yoast-seo-wordpress\/ -->\n<title>Tilto alyva HP PLUS Originalas 20L - 4000\/2205 | Gera kaina | Greitas pristatymas | Eska dalys<\/title>\n<meta name=\"description\" content=\"Tilto alyva HP PLUS Originalas 20L - 4000\/2205 G Tinka: JCB, Mini ekskavatorius, Ratinis ekskavatorius, Ekskavatorius krautuvas, 2CX, 3CX, 4CX, Frontalinis krautuvas, Teleskopinis krautuvas, Mini Teleskopinis krautuvas, Mini Tracked Teleskopinis krautuvas, Offroad Forklift, Mini Telescopic Forklift, Mini ekskavatorius, 5CX, Savivartis, FASTRAC, WALEC OE numeriai: 4000\/2205\" \/>\n<meta name=\"robots\" content=\"index, follow, max-snippet:-1, max-image-preview:large, max-video-preview:-1\" \/>\n<link rel=\"canonical\" href=\"https:\/\/eskadalys.lt\/fi\/tuote-fi\/tilto-alyva-hp-plus-originalas-20l\/\" \/>\n<meta property=\"og:locale\" content=\"fi_FI\" \/>\n<meta property=\"og:type\" content=\"article\" \/>\n<meta property=\"og:title\" content=\"Tilto alyva HP PLUS Originalas 20L - 4000\/2205 | Gera kaina | Greitas pristatymas | Eska dalys\" \/>\n<meta property=\"og:description\" content=\"Tilto alyva HP PLUS Originalas 20L - 4000\/2205 G Tinka: JCB, Mini ekskavatorius, Ratinis ekskavatorius, Ekskavatorius krautuvas, 2CX, 3CX, 4CX, Frontalinis krautuvas, Teleskopinis krautuvas, Mini Teleskopinis krautuvas, Mini Tracked Teleskopinis krautuvas, Offroad Forklift, Mini Telescopic Forklift, Mini ekskavatorius, 5CX, Savivartis, FASTRAC, WALEC OE numeriai: 4000\/2205\" \/>\n<meta property=\"og:url\" content=\"https:\/\/eskadalys.lt\/fi\/tuote-fi\/tilto-alyva-hp-plus-originalas-20l\/\" \/>\n<meta property=\"og:site_name\" content=\"Eska dalys\" \/>\n<meta property=\"article:publisher\" content=\"https:\/\/www.facebook.com\/profile.php?id=61556005720456\" \/>\n<meta property=\"article:modified_time\" content=\"2026-04-12T05:19:40+00:00\" \/>\n<meta property=\"og:image\" content=\"https:\/\/eskadalys.lt\/wp-content\/uploads\/2024\/02\/dipstick-20240121-173227-scaled-1.jpg?v=1714919675\" \/>\n\t<meta property=\"og:image:width\" content=\"1600\" \/>\n\t<meta property=\"og:image:height\" content=\"2209\" \/>\n\t<meta property=\"og:image:type\" content=\"image\/jpeg\" \/>\n<script type=\"application\/ld+json\" class=\"yoast-schema-graph\">{\"@context\":\"https:\\\/\\\/schema.org\",\"@graph\":[{\"@type\":\"WebPage\",\"@id\":\"https:\\\/\\\/eskadalys.lt\\\/product\\\/tilto-alyva-hp-plus-originalas-20l\\\/\",\"url\":\"https:\\\/\\\/eskadalys.lt\\\/product\\\/tilto-alyva-hp-plus-originalas-20l\\\/\",\"name\":\"Tilto alyva HP PLUS Originalas 20L - 4000\\\/2205 | Gera kaina | Greitas pristatymas | Eska dalys\",\"isPartOf\":{\"@id\":\"https:\\\/\\\/eskadalys.lt\\\/#website\"},\"primaryImageOfPage\":{\"@id\":\"https:\\\/\\\/eskadalys.lt\\\/product\\\/tilto-alyva-hp-plus-originalas-20l\\\/#primaryimage\"},\"image\":{\"@id\":\"https:\\\/\\\/eskadalys.lt\\\/product\\\/tilto-alyva-hp-plus-originalas-20l\\\/#primaryimage\"},\"thumbnailUrl\":\"https:\\\/\\\/eskadalys.lt\\\/wp-content\\\/uploads\\\/2024\\\/02\\\/dipstick-20240121-173227-scaled-1.jpg?v=1714919675\",\"datePublished\":\"2024-02-11T04:12:34+00:00\",\"dateModified\":\"2026-04-12T05:19:40+00:00\",\"description\":\"Tilto alyva HP PLUS Originalas 20L - 4000\\\/2205 G Tinka: JCB, Mini ekskavatorius, Ratinis ekskavatorius, Ekskavatorius krautuvas, 2CX, 3CX, 4CX, Frontalinis krautuvas, Teleskopinis krautuvas, Mini Teleskopinis krautuvas, Mini Tracked Teleskopinis krautuvas, Offroad Forklift, Mini Telescopic Forklift, Mini ekskavatorius, 5CX, Savivartis, FASTRAC, WALEC OE numeriai: 4000\\\/2205\",\"breadcrumb\":{\"@id\":\"https:\\\/\\\/eskadalys.lt\\\/product\\\/tilto-alyva-hp-plus-originalas-20l\\\/#breadcrumb\"},\"inLanguage\":\"fi\",\"potentialAction\":[{\"@type\":\"ReadAction\",\"target\":[\"https:\\\/\\\/eskadalys.lt\\\/product\\\/tilto-alyva-hp-plus-originalas-20l\\\/\"]}]},{\"@type\":\"ImageObject\",\"inLanguage\":\"fi\",\"@id\":\"https:\\\/\\\/eskadalys.lt\\\/product\\\/tilto-alyva-hp-plus-originalas-20l\\\/#primaryimage\",\"url\":\"https:\\\/\\\/eskadalys.lt\\\/wp-content\\\/uploads\\\/2024\\\/02\\\/dipstick-20240121-173227-scaled-1.jpg?v=1714919675\",\"contentUrl\":\"https:\\\/\\\/eskadalys.lt\\\/wp-content\\\/uploads\\\/2024\\\/02\\\/dipstick-20240121-173227-scaled-1.jpg?v=1714919675\",\"width\":1600,\"height\":2209},{\"@type\":\"BreadcrumbList\",\"@id\":\"https:\\\/\\\/eskadalys.lt\\\/product\\\/tilto-alyva-hp-plus-originalas-20l\\\/#breadcrumb\",\"itemListElement\":[{\"@type\":\"ListItem\",\"position\":1,\"name\":\"Strona g\u0142\u00f3wna\",\"item\":\"https:\\\/\\\/eskadalys.lt\\\/\"},{\"@type\":\"ListItem\",\"position\":2,\"name\":\"E-parduotuv\u0117\",\"item\":\"https:\\\/\\\/eskadalys.lt\\\/e-parduotuve\\\/\"},{\"@type\":\"ListItem\",\"position\":3,\"name\":\"Tilto alyva HP PLUS Originalas 20L &#8211; 4000\\\/2205\"}]},{\"@type\":\"WebSite\",\"@id\":\"https:\\\/\\\/eskadalys.lt\\\/#website\",\"url\":\"https:\\\/\\\/eskadalys.lt\\\/\",\"name\":\"Eska dalys\",\"description\":\"Ekskavatori\u0173 \\\/ mini ekskavatori\u0173 \\\/ buldozeri\u0173 dalys\",\"publisher\":{\"@id\":\"https:\\\/\\\/eskadalys.lt\\\/#organization\"},\"potentialAction\":[{\"@type\":\"SearchAction\",\"target\":{\"@type\":\"EntryPoint\",\"urlTemplate\":\"https:\\\/\\\/eskadalys.lt\\\/?s={search_term_string}\"},\"query-input\":{\"@type\":\"PropertyValueSpecification\",\"valueRequired\":true,\"valueName\":\"search_term_string\"}}],\"inLanguage\":\"fi\"},{\"@type\":\"Organization\",\"@id\":\"https:\\\/\\\/eskadalys.lt\\\/#organization\",\"name\":\"Eska dalys\",\"url\":\"https:\\\/\\\/eskadalys.lt\\\/\",\"logo\":{\"@type\":\"ImageObject\",\"inLanguage\":\"fi\",\"@id\":\"https:\\\/\\\/eskadalys.lt\\\/#\\\/schema\\\/logo\\\/image\\\/\",\"url\":\"https:\\\/\\\/eskadalys.lt\\\/wp-content\\\/uploads\\\/2024\\\/01\\\/LOGO-ESKA-FINAL.svg\",\"contentUrl\":\"https:\\\/\\\/eskadalys.lt\\\/wp-content\\\/uploads\\\/2024\\\/01\\\/LOGO-ESKA-FINAL.svg\",\"width\":259,\"height\":201,\"caption\":\"Eska dalys\"},\"image\":{\"@id\":\"https:\\\/\\\/eskadalys.lt\\\/#\\\/schema\\\/logo\\\/image\\\/\"},\"sameAs\":[\"https:\\\/\\\/www.facebook.com\\\/profile.php?id=61556005720456\"]}]}<\/script>\n<!-- \/ Yoast SEO plugin. -->","yoast_head_json":{"title":"Tilto alyva HP PLUS Originalas 20L - 4000\/2205 | Gera kaina | Greitas pristatymas | Eska dalys","description":"Tilto alyva HP PLUS Originalas 20L - 4000\/2205 G Tinka: JCB, Mini ekskavatorius, Ratinis ekskavatorius, Ekskavatorius krautuvas, 2CX, 3CX, 4CX, Frontalinis krautuvas, Teleskopinis krautuvas, Mini Teleskopinis krautuvas, Mini Tracked Teleskopinis krautuvas, Offroad Forklift, Mini Telescopic Forklift, Mini ekskavatorius, 5CX, Savivartis, FASTRAC, WALEC OE numeriai: 4000\/2205","robots":{"index":"index","follow":"follow","max-snippet":"max-snippet:-1","max-image-preview":"max-image-preview:large","max-video-preview":"max-video-preview:-1"},"canonical":"https:\/\/eskadalys.lt\/fi\/tuote-fi\/tilto-alyva-hp-plus-originalas-20l\/","og_locale":"fi_FI","og_type":"article","og_title":"Tilto alyva HP PLUS Originalas 20L - 4000\/2205 | Gera kaina | Greitas pristatymas | Eska dalys","og_description":"Tilto alyva HP PLUS Originalas 20L - 4000\/2205 G Tinka: JCB, Mini ekskavatorius, Ratinis ekskavatorius, Ekskavatorius krautuvas, 2CX, 3CX, 4CX, Frontalinis krautuvas, Teleskopinis krautuvas, Mini Teleskopinis krautuvas, Mini Tracked Teleskopinis krautuvas, Offroad Forklift, Mini Telescopic Forklift, Mini ekskavatorius, 5CX, Savivartis, FASTRAC, WALEC OE numeriai: 4000\/2205","og_url":"https:\/\/eskadalys.lt\/fi\/tuote-fi\/tilto-alyva-hp-plus-originalas-20l\/","og_site_name":"Eska dalys","article_publisher":"https:\/\/www.facebook.com\/profile.php?id=61556005720456","article_modified_time":"2026-04-12T05:19:40+00:00","og_image":[{"width":1600,"height":2209,"url":"https:\/\/eskadalys.lt\/wp-content\/uploads\/2024\/02\/dipstick-20240121-173227-scaled-1.jpg?v=1714919675","type":"image\/jpeg"}],"schema":{"@context":"https:\/\/schema.org","@graph":[{"@type":"WebPage","@id":"https:\/\/eskadalys.lt\/product\/tilto-alyva-hp-plus-originalas-20l\/","url":"https:\/\/eskadalys.lt\/product\/tilto-alyva-hp-plus-originalas-20l\/","name":"Tilto alyva HP PLUS Originalas 20L - 4000\/2205 | Gera kaina | Greitas pristatymas | Eska dalys","isPartOf":{"@id":"https:\/\/eskadalys.lt\/#website"},"primaryImageOfPage":{"@id":"https:\/\/eskadalys.lt\/product\/tilto-alyva-hp-plus-originalas-20l\/#primaryimage"},"image":{"@id":"https:\/\/eskadalys.lt\/product\/tilto-alyva-hp-plus-originalas-20l\/#primaryimage"},"thumbnailUrl":"https:\/\/eskadalys.lt\/wp-content\/uploads\/2024\/02\/dipstick-20240121-173227-scaled-1.jpg?v=1714919675","datePublished":"2024-02-11T04:12:34+00:00","dateModified":"2026-04-12T05:19:40+00:00","description":"Tilto alyva HP PLUS Originalas 20L - 4000\/2205 G Tinka: JCB, Mini ekskavatorius, Ratinis ekskavatorius, Ekskavatorius krautuvas, 2CX, 3CX, 4CX, Frontalinis krautuvas, Teleskopinis krautuvas, Mini Teleskopinis krautuvas, Mini Tracked Teleskopinis krautuvas, Offroad Forklift, Mini Telescopic Forklift, Mini ekskavatorius, 5CX, Savivartis, FASTRAC, WALEC OE numeriai: 4000\/2205","breadcrumb":{"@id":"https:\/\/eskadalys.lt\/product\/tilto-alyva-hp-plus-originalas-20l\/#breadcrumb"},"inLanguage":"fi","potentialAction":[{"@type":"ReadAction","target":["https:\/\/eskadalys.lt\/product\/tilto-alyva-hp-plus-originalas-20l\/"]}]},{"@type":"ImageObject","inLanguage":"fi","@id":"https:\/\/eskadalys.lt\/product\/tilto-alyva-hp-plus-originalas-20l\/#primaryimage","url":"https:\/\/eskadalys.lt\/wp-content\/uploads\/2024\/02\/dipstick-20240121-173227-scaled-1.jpg?v=1714919675","contentUrl":"https:\/\/eskadalys.lt\/wp-content\/uploads\/2024\/02\/dipstick-20240121-173227-scaled-1.jpg?v=1714919675","width":1600,"height":2209},{"@type":"BreadcrumbList","@id":"https:\/\/eskadalys.lt\/product\/tilto-alyva-hp-plus-originalas-20l\/#breadcrumb","itemListElement":[{"@type":"ListItem","position":1,"name":"Strona g\u0142\u00f3wna","item":"https:\/\/eskadalys.lt\/"},{"@type":"ListItem","position":2,"name":"E-parduotuv\u0117","item":"https:\/\/eskadalys.lt\/e-parduotuve\/"},{"@type":"ListItem","position":3,"name":"Tilto alyva HP PLUS Originalas 20L &#8211; 4000\/2205"}]},{"@type":"WebSite","@id":"https:\/\/eskadalys.lt\/#website","url":"https:\/\/eskadalys.lt\/","name":"Eska parts","description":"Kaivinkoneen\/minikaivinkoneen\/puskutraktorin osat","publisher":{"@id":"https:\/\/eskadalys.lt\/#organization"},"potentialAction":[{"@type":"SearchAction","target":{"@type":"EntryPoint","urlTemplate":"https:\/\/eskadalys.lt\/?s={search_term_string}"},"query-input":{"@type":"PropertyValueSpecification","valueRequired":true,"valueName":"search_term_string"}}],"inLanguage":"fi"},{"@type":"Organization","@id":"https:\/\/eskadalys.lt\/#organization","name":"Eska parts","url":"https:\/\/eskadalys.lt\/","logo":{"@type":"ImageObject","inLanguage":"fi","@id":"https:\/\/eskadalys.lt\/#\/schema\/logo\/image\/","url":"https:\/\/eskadalys.lt\/wp-content\/uploads\/2024\/01\/LOGO-ESKA-FINAL.svg","contentUrl":"https:\/\/eskadalys.lt\/wp-content\/uploads\/2024\/01\/LOGO-ESKA-FINAL.svg","width":259,"height":201,"caption":"Eska dalys"},"image":{"@id":"https:\/\/eskadalys.lt\/#\/schema\/logo\/image\/"},"sameAs":["https:\/\/www.facebook.com\/profile.php?id=61556005720456"]}]}},"_links":{"self":[{"href":"https:\/\/eskadalys.lt\/fi\/wp-json\/wp\/v2\/product\/5755","targetHints":{"allow":["GET"]}}],"collection":[{"href":"https:\/\/eskadalys.lt\/fi\/wp-json\/wp\/v2\/product"}],"about":[{"href":"https:\/\/eskadalys.lt\/fi\/wp-json\/wp\/v2\/types\/product"}],"wp:featuredmedia":[{"embeddable":true,"href":"https:\/\/eskadalys.lt\/fi\/wp-json\/wp\/v2\/media\/103927"}],"wp:attachment":[{"href":"https:\/\/eskadalys.lt\/fi\/wp-json\/wp\/v2\/media?parent=5755"}],"wp:term":[{"taxonomy":"product_brand","embeddable":true,"href":"https:\/\/eskadalys.lt\/fi\/wp-json\/wp\/v2\/product_brand?post=5755"},{"taxonomy":"product_cat","embeddable":true,"href":"https:\/\/eskadalys.lt\/fi\/wp-json\/wp\/v2\/product_cat?post=5755"},{"taxonomy":"product_tag","embeddable":true,"href":"https:\/\/eskadalys.lt\/fi\/wp-json\/wp\/v2\/product_tag?post=5755"}],"curies":[{"name":"wp","href":"https:\/\/api.w.org\/{rel}","templated":true}]}}