{"id":4743,"date":"2024-02-11T05:02:04","date_gmt":"2024-02-11T03:02:04","guid":{"rendered":"https:\/\/eskadalys.lt\/?post_type=product&#038;p=4743"},"modified":"2026-04-12T08:18:30","modified_gmt":"2026-04-12T05:18:30","slug":"hydrauliikkaoljy-alkuperainen-20l","status":"publish","type":"product","link":"https:\/\/eskadalys.lt\/fi\/product\/hidrauline-alyva-originalas-20l\/","title":{"rendered":"Hydrauli\u00f6ljy Original 20L \u2013 3096942"},"content":{"rendered":"<p><strong>Hydrauli\u00f6ljy Original 20L \u2013 3096942<\/strong><br \/>\n<strong>Sopii:<\/strong> Kissa, Kippiauto, Asfaltinlevitin, Kaivurikuormaaja, 428, 428B, 428C, 428D, 428E, 428F, 432D, 432E, 432F, 442D, 442E, 444E, 446, Traktori, Asfalttijyr\u00e4, Tiivistyskone, Moottori, Telakaivinkone, Py\u00f6r\u00e4alustainen puskutraktori, Laaksoalustaiset puskulevyt, Generaattori, Py\u00f6r\u00e4kuormaaja, Minikaivinkone, Py\u00f6r\u00e4alustainen tieh\u00f6yl\u00e4, Maantiivistysjyr\u00e4\/tiivistyskoneet, Putkenlaskija, Telakuormaaja, Mini-telakuormaaja, Teleskooppikurottajat, Puskutraktori, Maanalainen nivelkuorma-auto, Juontotraktori, Vasara, Py\u00f6r\u00e4kaavinkoneet, Py\u00f6r\u00e4kaivinkone<br \/>\n<strong>OE-numerot::<\/strong> OLEJ, 3096942, hydrauliikka\u00f6ljy<br \/>\n309-6942<\/p>\n<h3>\ud83d\udd0d Etsitk\u00f6 toista tuotetta samasta kategoriasta? <a href=\"https:\/\/eskadalys.lt\/fi\/tuotekategoria-fi\/suodattimet-oljyt-voiteluaineet\/oljy\/\">Oliivi<\/a> ?<\/h3>\n<h3>\ud83d\udee0\ufe0f Kaivinkoneen osia \u2013 l\u00f6yd\u00e4t niit\u00e4 lis\u00e4\u00e4 <a href=\"https:\/\/eskadalys.lt\/fi\/tuotekategoria-fi\/suodattimet-oljyt-voiteluaineet\/\"\">Suodattimet\/\u00f6ljyt\/voiteluaineet<\/a> kategoriassa.<\/h3>\n<p>Jos et ole varma, sopiiko t\u00e4m\u00e4 osa koneeseesi, <strong>L\u00e4het\u00e4 meille ajoneuvon sarjanumero (VIN) ennen ostamista.<\/strong>. Tarkistamme yhteensopivuuden luetteloiden avulla ja <strong>tarjoamme oikean osan<\/strong>. Jos et l\u00f6yd\u00e4 tarvitsemaasi osaa, kirjoita meille \u2013 autamme sinua l\u00f6yt\u00e4m\u00e4\u00e4n sen!<\/p>\n<p><strong>\ud83d\udce6 Varasto Liettuassa<\/strong> \u2013 Ennen klo 14.00 tehdyt tilaukset l\u00e4hetet\u00e4\u00e4n samana p\u00e4iv\u00e4n\u00e4.<\/p>\n<p><strong>\ud83d\ude80 Nopea toimitus<\/strong> \u2013 Tilatut tuotteet, joita meill\u00e4 ei t\u00e4ll\u00e4 hetkell\u00e4 ole varastossa, toimitetaan 3\u20134 arkip\u00e4iv\u00e4n kuluessa.<\/p>\n<p><strong>\ud83d\udcc8 Laaja valikoima<\/strong> \u2013 laajennamme tuotevalikoimaamme jatkuvasti.<\/p>","protected":false},"excerpt":{"rendered":"<p>3096942 G<\/p>","protected":false},"featured_media":101925,"template":"","meta":{"site-sidebar-layout":"default","site-content-layout":"","ast-site-content-layout":"default","site-content-style":"default","site-sidebar-style":"default","ast-global-header-display":"","ast-banner-title-visibility":"","ast-main-header-display":"","ast-hfb-above-header-display":"","ast-hfb-below-header-display":"","ast-hfb-mobile-header-display":"","site-post-title":"","ast-breadcrumbs-content":"","ast-featured-img":"","footer-sml-layout":"","ast-disable-related-posts":"","theme-transparent-header-meta":"","adv-header-id-meta":"","stick-header-meta":"","header-above-stick-meta":"","header-main-stick-meta":"","header-below-stick-meta":"","astra-migrate-meta-layouts":"default","ast-page-background-enabled":"default","ast-page-background-meta":{"desktop":{"background-color":"","background-image":"","background-repeat":"repeat","background-position":"center center","background-size":"auto","background-attachment":"scroll","background-type":"","background-media":"","overlay-type":"","overlay-color":"","overlay-opacity":"","overlay-gradient":""},"tablet":{"background-color":"","background-image":"","background-repeat":"repeat","background-position":"center center","background-size":"auto","background-attachment":"scroll","background-type":"","background-media":"","overlay-type":"","overlay-color":"","overlay-opacity":"","overlay-gradient":""},"mobile":{"background-color":"","background-image":"","background-repeat":"repeat","background-position":"center center","background-size":"auto","background-attachment":"scroll","background-type":"","background-media":"","overlay-type":"","overlay-color":"","overlay-opacity":"","overlay-gradient":""}},"ast-content-background-meta":{"desktop":{"background-color":"var(--ast-global-color-5)","background-image":"","background-repeat":"repeat","background-position":"center center","background-size":"auto","background-attachment":"scroll","background-type":"","background-media":"","overlay-type":"","overlay-color":"","overlay-opacity":"","overlay-gradient":""},"tablet":{"background-color":"var(--ast-global-color-5)","background-image":"","background-repeat":"repeat","background-position":"center center","background-size":"auto","background-attachment":"scroll","background-type":"","background-media":"","overlay-type":"","overlay-color":"","overlay-opacity":"","overlay-gradient":""},"mobile":{"background-color":"var(--ast-global-color-5)","background-image":"","background-repeat":"repeat","background-position":"center center","background-size":"auto","background-attachment":"scroll","background-type":"","background-media":"","overlay-type":"","overlay-color":"","overlay-opacity":"","overlay-gradient":""}}},"product_brand":[],"product_cat":[959],"product_tag":[],"class_list":{"0":"post-4743","1":"product","2":"type-product","3":"status-publish","4":"has-post-thumbnail","6":"product_cat-alyva","7":"desktop-align-left","8":"tablet-align-left","9":"mobile-align-left","11":"first","12":"outofstock","13":"taxable","14":"shipping-taxable","15":"purchasable","16":"product-type-simple"},"yoast_head":"<!-- This site is optimized with the Yoast SEO plugin v27.4 - https:\/\/yoast.com\/product\/yoast-seo-wordpress\/ -->\n<title>Hidraulin\u0117 alyva Originalas 20L - 3096942 | Gera kaina | Greitas pristatymas | Eska dalys<\/title>\n<meta name=\"description\" content=\"Hidraulin\u0117 alyva Originalas 20L - 3096942 G Tinka: CAT, Savivartis, Asphalt Paver, Ekskavatorius krautuvas, 428, 428B, 428C, 428D, 428E, 428F, 432D, 432E, 432F, 442D, 442E, 444E, 446, Tractor, Cold Planer, Compactor, Variklis, Vik\u0161rinis ekskavatorius, Wheeled Buldozeris, Valley Blades, Generator, Frontalinis krautuvas, Mini ekskavatorius, Wheeled Motor Grader, Grunto volas\/tankintuvai , Pipelayer, Vik\u0161rinis krautuvas, Mini Vik\u0161rinis krautuvas, Teleskopiniai krautuvai, Buldozeris, Underground Articulated Truck, Skidder, Hammer, Ratiniai skreperiai, Ratinis ekskavatorius OE numeriai: OLEJ, 3096942, olej hydrauliczny\" \/>\n<meta name=\"robots\" content=\"index, follow, max-snippet:-1, max-image-preview:large, max-video-preview:-1\" \/>\n<link rel=\"canonical\" href=\"https:\/\/eskadalys.lt\/fi\/tuote-fi\/hydrauliikkaoljy-alkuperainen-20l\/\" \/>\n<meta property=\"og:locale\" content=\"fi_FI\" \/>\n<meta property=\"og:type\" content=\"article\" \/>\n<meta property=\"og:title\" content=\"Hidraulin\u0117 alyva Originalas 20L - 3096942 | Gera kaina | Greitas pristatymas | Eska dalys\" \/>\n<meta property=\"og:description\" content=\"Hidraulin\u0117 alyva Originalas 20L - 3096942 G Tinka: CAT, Savivartis, Asphalt Paver, Ekskavatorius krautuvas, 428, 428B, 428C, 428D, 428E, 428F, 432D, 432E, 432F, 442D, 442E, 444E, 446, Tractor, Cold Planer, Compactor, Variklis, Vik\u0161rinis ekskavatorius, Wheeled Buldozeris, Valley Blades, Generator, Frontalinis krautuvas, Mini ekskavatorius, Wheeled Motor Grader, Grunto volas\/tankintuvai , Pipelayer, Vik\u0161rinis krautuvas, Mini Vik\u0161rinis krautuvas, Teleskopiniai krautuvai, Buldozeris, Underground Articulated Truck, Skidder, Hammer, Ratiniai skreperiai, Ratinis ekskavatorius OE numeriai: OLEJ, 3096942, olej hydrauliczny\" \/>\n<meta property=\"og:url\" content=\"https:\/\/eskadalys.lt\/fi\/tuote-fi\/hydrauliikkaoljy-alkuperainen-20l\/\" \/>\n<meta property=\"og:site_name\" content=\"Eska dalys\" \/>\n<meta property=\"article:publisher\" content=\"https:\/\/www.facebook.com\/profile.php?id=61556005720456\" \/>\n<meta property=\"article:modified_time\" content=\"2026-04-12T05:18:30+00:00\" \/>\n<meta property=\"og:image\" content=\"https:\/\/eskadalys.lt\/wp-content\/uploads\/2024\/02\/olej-silnikowy-1-20240121-162313-scaled-1.jpg?v=1714926804\" \/>\n\t<meta property=\"og:image:width\" content=\"1600\" \/>\n\t<meta property=\"og:image:height\" content=\"2011\" \/>\n\t<meta property=\"og:image:type\" content=\"image\/jpeg\" \/>\n<script type=\"application\/ld+json\" class=\"yoast-schema-graph\">{\"@context\":\"https:\\\/\\\/schema.org\",\"@graph\":[{\"@type\":\"WebPage\",\"@id\":\"https:\\\/\\\/eskadalys.lt\\\/product\\\/hidrauline-alyva-originalas-20l\\\/\",\"url\":\"https:\\\/\\\/eskadalys.lt\\\/product\\\/hidrauline-alyva-originalas-20l\\\/\",\"name\":\"Hidraulin\u0117 alyva Originalas 20L - 3096942 | Gera kaina | Greitas pristatymas | Eska dalys\",\"isPartOf\":{\"@id\":\"https:\\\/\\\/eskadalys.lt\\\/#website\"},\"primaryImageOfPage\":{\"@id\":\"https:\\\/\\\/eskadalys.lt\\\/product\\\/hidrauline-alyva-originalas-20l\\\/#primaryimage\"},\"image\":{\"@id\":\"https:\\\/\\\/eskadalys.lt\\\/product\\\/hidrauline-alyva-originalas-20l\\\/#primaryimage\"},\"thumbnailUrl\":\"https:\\\/\\\/eskadalys.lt\\\/wp-content\\\/uploads\\\/2024\\\/02\\\/olej-silnikowy-1-20240121-162313-scaled-1.jpg?v=1714926804\",\"datePublished\":\"2024-02-11T03:02:04+00:00\",\"dateModified\":\"2026-04-12T05:18:30+00:00\",\"description\":\"Hidraulin\u0117 alyva Originalas 20L - 3096942 G Tinka: CAT, Savivartis, Asphalt Paver, Ekskavatorius krautuvas, 428, 428B, 428C, 428D, 428E, 428F, 432D, 432E, 432F, 442D, 442E, 444E, 446, Tractor, Cold Planer, Compactor, Variklis, Vik\u0161rinis ekskavatorius, Wheeled Buldozeris, Valley Blades, Generator, Frontalinis krautuvas, Mini ekskavatorius, Wheeled Motor Grader, Grunto volas\\\/tankintuvai , Pipelayer, Vik\u0161rinis krautuvas, Mini Vik\u0161rinis krautuvas, Teleskopiniai krautuvai, Buldozeris, Underground Articulated Truck, Skidder, Hammer, Ratiniai skreperiai, Ratinis ekskavatorius OE numeriai: OLEJ, 3096942, olej hydrauliczny\",\"breadcrumb\":{\"@id\":\"https:\\\/\\\/eskadalys.lt\\\/product\\\/hidrauline-alyva-originalas-20l\\\/#breadcrumb\"},\"inLanguage\":\"fi\",\"potentialAction\":[{\"@type\":\"ReadAction\",\"target\":[\"https:\\\/\\\/eskadalys.lt\\\/product\\\/hidrauline-alyva-originalas-20l\\\/\"]}]},{\"@type\":\"ImageObject\",\"inLanguage\":\"fi\",\"@id\":\"https:\\\/\\\/eskadalys.lt\\\/product\\\/hidrauline-alyva-originalas-20l\\\/#primaryimage\",\"url\":\"https:\\\/\\\/eskadalys.lt\\\/wp-content\\\/uploads\\\/2024\\\/02\\\/olej-silnikowy-1-20240121-162313-scaled-1.jpg?v=1714926804\",\"contentUrl\":\"https:\\\/\\\/eskadalys.lt\\\/wp-content\\\/uploads\\\/2024\\\/02\\\/olej-silnikowy-1-20240121-162313-scaled-1.jpg?v=1714926804\",\"width\":1600,\"height\":2011},{\"@type\":\"BreadcrumbList\",\"@id\":\"https:\\\/\\\/eskadalys.lt\\\/product\\\/hidrauline-alyva-originalas-20l\\\/#breadcrumb\",\"itemListElement\":[{\"@type\":\"ListItem\",\"position\":1,\"name\":\"Strona g\u0142\u00f3wna\",\"item\":\"https:\\\/\\\/eskadalys.lt\\\/\"},{\"@type\":\"ListItem\",\"position\":2,\"name\":\"E-parduotuv\u0117\",\"item\":\"https:\\\/\\\/eskadalys.lt\\\/e-parduotuve\\\/\"},{\"@type\":\"ListItem\",\"position\":3,\"name\":\"Hidraulin\u0117 alyva Originalas 20L &#8211; 3096942\"}]},{\"@type\":\"WebSite\",\"@id\":\"https:\\\/\\\/eskadalys.lt\\\/#website\",\"url\":\"https:\\\/\\\/eskadalys.lt\\\/\",\"name\":\"Eska dalys\",\"description\":\"Ekskavatori\u0173 \\\/ mini ekskavatori\u0173 \\\/ buldozeri\u0173 dalys\",\"publisher\":{\"@id\":\"https:\\\/\\\/eskadalys.lt\\\/#organization\"},\"potentialAction\":[{\"@type\":\"SearchAction\",\"target\":{\"@type\":\"EntryPoint\",\"urlTemplate\":\"https:\\\/\\\/eskadalys.lt\\\/?s={search_term_string}\"},\"query-input\":{\"@type\":\"PropertyValueSpecification\",\"valueRequired\":true,\"valueName\":\"search_term_string\"}}],\"inLanguage\":\"fi\"},{\"@type\":\"Organization\",\"@id\":\"https:\\\/\\\/eskadalys.lt\\\/#organization\",\"name\":\"Eska dalys\",\"url\":\"https:\\\/\\\/eskadalys.lt\\\/\",\"logo\":{\"@type\":\"ImageObject\",\"inLanguage\":\"fi\",\"@id\":\"https:\\\/\\\/eskadalys.lt\\\/#\\\/schema\\\/logo\\\/image\\\/\",\"url\":\"https:\\\/\\\/eskadalys.lt\\\/wp-content\\\/uploads\\\/2024\\\/01\\\/LOGO-ESKA-FINAL.svg\",\"contentUrl\":\"https:\\\/\\\/eskadalys.lt\\\/wp-content\\\/uploads\\\/2024\\\/01\\\/LOGO-ESKA-FINAL.svg\",\"width\":259,\"height\":201,\"caption\":\"Eska dalys\"},\"image\":{\"@id\":\"https:\\\/\\\/eskadalys.lt\\\/#\\\/schema\\\/logo\\\/image\\\/\"},\"sameAs\":[\"https:\\\/\\\/www.facebook.com\\\/profile.php?id=61556005720456\"]}]}<\/script>\n<!-- \/ Yoast SEO plugin. -->","yoast_head_json":{"title":"Hydrauliikka\u00f6ljy Original 20L - 3096942 | Hyv\u00e4 hinta | Nopea toimitus | Eska osat","description":"Hydrauli\u00f6ljy Original 20L - 3096942 G Sopii: CAT, Dumpperi, Asfalttikone, Kaivurikuormaaja, 428, 428B, 428C, 428D, 428E, 428F, 432D, 432E, 432F, 442D, 442E, 444E, 446, Traktori, Asfalttijyr\u00e4, Tiivistyskone, Moottori, Telakaivinkone, Py\u00f6r\u00e4alustainen puskutraktori, Laaksoalustaiset puskukoneet, Generaattori, Etukuormaaja, Minikaivinkone, Py\u00f6r\u00e4alustainen tieh\u00f6yl\u00e4, Maantiivistyskone\/jyr\u00e4, Putkenlaskija, Telakuormaaja, Mini-telakuormaaja, Teleskooppikurottajat, Puskutraktori, Maanalainen nivelkuorma-auto, Juontokone, Vasara, Py\u00f6r\u00e4kaavinkoneet, Py\u00f6r\u00e4kaivinkone OE-numerot: OLEJ, 3096942, olej hydrauliczny","robots":{"index":"index","follow":"follow","max-snippet":"max-snippet:-1","max-image-preview":"max-image-preview:large","max-video-preview":"max-video-preview:-1"},"canonical":"https:\/\/eskadalys.lt\/fi\/tuote-fi\/hydrauliikkaoljy-alkuperainen-20l\/","og_locale":"fi_FI","og_type":"article","og_title":"Hidraulin\u0117 alyva Originalas 20L - 3096942 | Gera kaina | Greitas pristatymas | Eska dalys","og_description":"Hidraulin\u0117 alyva Originalas 20L - 3096942 G Tinka: CAT, Savivartis, Asphalt Paver, Ekskavatorius krautuvas, 428, 428B, 428C, 428D, 428E, 428F, 432D, 432E, 432F, 442D, 442E, 444E, 446, Tractor, Cold Planer, Compactor, Variklis, Vik\u0161rinis ekskavatorius, Wheeled Buldozeris, Valley Blades, Generator, Frontalinis krautuvas, Mini ekskavatorius, Wheeled Motor Grader, Grunto volas\/tankintuvai , Pipelayer, Vik\u0161rinis krautuvas, Mini Vik\u0161rinis krautuvas, Teleskopiniai krautuvai, Buldozeris, Underground Articulated Truck, Skidder, Hammer, Ratiniai skreperiai, Ratinis ekskavatorius OE numeriai: OLEJ, 3096942, olej hydrauliczny","og_url":"https:\/\/eskadalys.lt\/fi\/tuote-fi\/hydrauliikkaoljy-alkuperainen-20l\/","og_site_name":"Eska dalys","article_publisher":"https:\/\/www.facebook.com\/profile.php?id=61556005720456","article_modified_time":"2026-04-12T05:18:30+00:00","og_image":[{"width":1600,"height":2011,"url":"https:\/\/eskadalys.lt\/wp-content\/uploads\/2024\/02\/olej-silnikowy-1-20240121-162313-scaled-1.jpg?v=1714926804","type":"image\/jpeg"}],"schema":{"@context":"https:\/\/schema.org","@graph":[{"@type":"WebPage","@id":"https:\/\/eskadalys.lt\/product\/hidrauline-alyva-originalas-20l\/","url":"https:\/\/eskadalys.lt\/product\/hidrauline-alyva-originalas-20l\/","name":"Hydrauliikka\u00f6ljy Original 20L - 3096942 | Hyv\u00e4 hinta | Nopea toimitus | Eska osat","isPartOf":{"@id":"https:\/\/eskadalys.lt\/#website"},"primaryImageOfPage":{"@id":"https:\/\/eskadalys.lt\/product\/hidrauline-alyva-originalas-20l\/#primaryimage"},"image":{"@id":"https:\/\/eskadalys.lt\/product\/hidrauline-alyva-originalas-20l\/#primaryimage"},"thumbnailUrl":"https:\/\/eskadalys.lt\/wp-content\/uploads\/2024\/02\/olej-silnikowy-1-20240121-162313-scaled-1.jpg?v=1714926804","datePublished":"2024-02-11T03:02:04+00:00","dateModified":"2026-04-12T05:18:30+00:00","description":"Hydrauli\u00f6ljy Original 20L - 3096942 G Sopii: CAT, Dumpperi, Asfalttikone, Kaivurikuormaaja, 428, 428B, 428C, 428D, 428E, 428F, 432D, 432E, 432F, 442D, 442E, 444E, 446, Traktori, Asfalttijyr\u00e4, Tiivistyskone, Moottori, Telakaivinkone, Py\u00f6r\u00e4alustainen puskutraktori, Laaksoalustaiset puskukoneet, Generaattori, Etukuormaaja, Minikaivinkone, Py\u00f6r\u00e4alustainen tieh\u00f6yl\u00e4, Maantiivistyskone\/jyr\u00e4, Putkenlaskija, Telakuormaaja, Mini-telakuormaaja, Teleskooppikurottajat, Puskutraktori, Maanalainen nivelkuorma-auto, Juontokone, Vasara, Py\u00f6r\u00e4kaavinkoneet, Py\u00f6r\u00e4kaivinkone OE-numerot: OLEJ, 3096942, olej hydrauliczny","breadcrumb":{"@id":"https:\/\/eskadalys.lt\/product\/hidrauline-alyva-originalas-20l\/#breadcrumb"},"inLanguage":"fi","potentialAction":[{"@type":"ReadAction","target":["https:\/\/eskadalys.lt\/product\/hidrauline-alyva-originalas-20l\/"]}]},{"@type":"ImageObject","inLanguage":"fi","@id":"https:\/\/eskadalys.lt\/product\/hidrauline-alyva-originalas-20l\/#primaryimage","url":"https:\/\/eskadalys.lt\/wp-content\/uploads\/2024\/02\/olej-silnikowy-1-20240121-162313-scaled-1.jpg?v=1714926804","contentUrl":"https:\/\/eskadalys.lt\/wp-content\/uploads\/2024\/02\/olej-silnikowy-1-20240121-162313-scaled-1.jpg?v=1714926804","width":1600,"height":2011},{"@type":"BreadcrumbList","@id":"https:\/\/eskadalys.lt\/product\/hidrauline-alyva-originalas-20l\/#breadcrumb","itemListElement":[{"@type":"ListItem","position":1,"name":"Strona g\u0142\u00f3wna","item":"https:\/\/eskadalys.lt\/"},{"@type":"ListItem","position":2,"name":"E-parduotuv\u0117","item":"https:\/\/eskadalys.lt\/e-parduotuve\/"},{"@type":"ListItem","position":3,"name":"Hidraulin\u0117 alyva Originalas 20L &#8211; 3096942"}]},{"@type":"WebSite","@id":"https:\/\/eskadalys.lt\/#website","url":"https:\/\/eskadalys.lt\/","name":"Eska parts","description":"Kaivinkoneen\/minikaivinkoneen\/puskutraktorin osat","publisher":{"@id":"https:\/\/eskadalys.lt\/#organization"},"potentialAction":[{"@type":"SearchAction","target":{"@type":"EntryPoint","urlTemplate":"https:\/\/eskadalys.lt\/?s={search_term_string}"},"query-input":{"@type":"PropertyValueSpecification","valueRequired":true,"valueName":"search_term_string"}}],"inLanguage":"fi"},{"@type":"Organization","@id":"https:\/\/eskadalys.lt\/#organization","name":"Eska parts","url":"https:\/\/eskadalys.lt\/","logo":{"@type":"ImageObject","inLanguage":"fi","@id":"https:\/\/eskadalys.lt\/#\/schema\/logo\/image\/","url":"https:\/\/eskadalys.lt\/wp-content\/uploads\/2024\/01\/LOGO-ESKA-FINAL.svg","contentUrl":"https:\/\/eskadalys.lt\/wp-content\/uploads\/2024\/01\/LOGO-ESKA-FINAL.svg","width":259,"height":201,"caption":"Eska dalys"},"image":{"@id":"https:\/\/eskadalys.lt\/#\/schema\/logo\/image\/"},"sameAs":["https:\/\/www.facebook.com\/profile.php?id=61556005720456"]}]}},"_links":{"self":[{"href":"https:\/\/eskadalys.lt\/fi\/wp-json\/wp\/v2\/product\/4743","targetHints":{"allow":["GET"]}}],"collection":[{"href":"https:\/\/eskadalys.lt\/fi\/wp-json\/wp\/v2\/product"}],"about":[{"href":"https:\/\/eskadalys.lt\/fi\/wp-json\/wp\/v2\/types\/product"}],"wp:featuredmedia":[{"embeddable":true,"href":"https:\/\/eskadalys.lt\/fi\/wp-json\/wp\/v2\/media\/101925"}],"wp:attachment":[{"href":"https:\/\/eskadalys.lt\/fi\/wp-json\/wp\/v2\/media?parent=4743"}],"wp:term":[{"taxonomy":"product_brand","embeddable":true,"href":"https:\/\/eskadalys.lt\/fi\/wp-json\/wp\/v2\/product_brand?post=4743"},{"taxonomy":"product_cat","embeddable":true,"href":"https:\/\/eskadalys.lt\/fi\/wp-json\/wp\/v2\/product_cat?post=4743"},{"taxonomy":"product_tag","embeddable":true,"href":"https:\/\/eskadalys.lt\/fi\/wp-json\/wp\/v2\/product_tag?post=4743"}],"curies":[{"name":"wp","href":"https:\/\/api.w.org\/{rel}","templated":true}]}}