{"id":4336,"date":"2024-02-11T04:32:20","date_gmt":"2024-02-11T02:32:20","guid":{"rendered":"https:\/\/eskadalys.lt\/?post_type=product&#038;p=4336"},"modified":"2026-03-26T09:54:51","modified_gmt":"2026-03-26T07:54:51","slug":"satelliittilaitteet-14","status":"publish","type":"product","link":"https:\/\/eskadalys.lt\/fi\/product\/satelitinis-krumpliaratis-14\/","title":{"rendered":"Satelliittilaitteet - 2094157"},"content":{"rendered":"<p><strong>Satelliittilaitteet - 2094157<\/strong><br \/>\n<strong>Sopii:<\/strong> VOLVO, Kaivurikuormaaja, BL60, BL60B, BL61, BL61B, BL70, BL70B, BL71, BL71B, CAT, Kaivurikuormaaja, 414E, 416D, 416E, 416F, 420D, 420E, 420F, 422E, 422F, 424D, 428, 428B, 428D, 428E, 428F, 430D, 430E, 430F, 432D, 432E, 432F, 442D, 442E, 450E, Py\u00f6r\u00e4kuormaaja, Teleskooppikuormaajat, TH220B, TH330B, TH340B, TH350B, TH355B, TH560B, TH580B, 902, 906, 906H, 907H, 907H2, 908, 908H, 908H2, 450F, TH407, TL943, TL1055, TH336, TL1255C, TH337C, TH407C, TH414C, TH417C, TH406C, TH336C, TH514C<br \/>\n<strong>OE-numerot::<\/strong> 3207339, 2105934, 2094157, 135947, 11709499<br \/>\n209-4157<\/p>\n<h3>\ud83d\udd0d Etsitk\u00f6 toista tuotetta samasta kategoriasta? <a href=\"https:\/\/eskadalys.lt\/fi\/tuotekategoria-fi\/jousituksen-osat\/ohjausakselit-sivupyorat\/\"> Olka-akselit, sivuvaihteet<\/a> ?<\/h3>\n<h3>\ud83d\udee0\ufe0f Rakennuskoneiden osat - l\u00f6yd\u00e4t niit\u00e4 lis\u00e4\u00e4 <a href=\"https:\/\/eskadalys.lt\/fi\/tuotekategoria-fi\/jousituksen-osat\/\">Jousituksen osat<\/a> kategoriassa.<\/h3>\n<p>Jos et ole varma, sopiiko t\u00e4m\u00e4 osa koneeseesi, <strong>L\u00e4het\u00e4 meille ajoneuvon sarjanumero (VIN) ennen ostamista.<\/strong>. Tarkistamme yhteensopivuuden luetteloiden avulla ja <strong>tarjoamme oikean osan<\/strong>. Jos et l\u00f6yd\u00e4 tarvitsemaasi osaa, kirjoita meille \u2013 autamme sinua l\u00f6yt\u00e4m\u00e4\u00e4n sen!<\/p>\n<p><strong>\ud83d\udce6 Varasto Liettuassa<\/strong> \u2013 Ennen klo 14.00 tehdyt tilaukset l\u00e4hetet\u00e4\u00e4n samana p\u00e4iv\u00e4n\u00e4.<\/p>\n<p><strong>\ud83d\ude80 Nopea toimitus<\/strong> \u2013 Tilatut tuotteet, joita meill\u00e4 ei t\u00e4ll\u00e4 hetkell\u00e4 ole varastossa, toimitetaan 3\u20134 arkip\u00e4iv\u00e4n kuluessa.<\/p>\n<p><strong>\ud83d\udcc8 Laaja valikoima<\/strong> \u2013 laajennamme tuotevalikoimaamme jatkuvasti.<\/p>","protected":false},"excerpt":{"rendered":"<p>2094157<\/p>","protected":false},"featured_media":101068,"template":"","meta":{"site-sidebar-layout":"default","site-content-layout":"","ast-site-content-layout":"default","site-content-style":"default","site-sidebar-style":"default","ast-global-header-display":"","ast-banner-title-visibility":"","ast-main-header-display":"","ast-hfb-above-header-display":"","ast-hfb-below-header-display":"","ast-hfb-mobile-header-display":"","site-post-title":"","ast-breadcrumbs-content":"","ast-featured-img":"","footer-sml-layout":"","ast-disable-related-posts":"","theme-transparent-header-meta":"","adv-header-id-meta":"","stick-header-meta":"","header-above-stick-meta":"","header-main-stick-meta":"","header-below-stick-meta":"","astra-migrate-meta-layouts":"default","ast-page-background-enabled":"default","ast-page-background-meta":{"desktop":{"background-color":"","background-image":"","background-repeat":"repeat","background-position":"center center","background-size":"auto","background-attachment":"scroll","background-type":"","background-media":"","overlay-type":"","overlay-color":"","overlay-opacity":"","overlay-gradient":""},"tablet":{"background-color":"","background-image":"","background-repeat":"repeat","background-position":"center center","background-size":"auto","background-attachment":"scroll","background-type":"","background-media":"","overlay-type":"","overlay-color":"","overlay-opacity":"","overlay-gradient":""},"mobile":{"background-color":"","background-image":"","background-repeat":"repeat","background-position":"center center","background-size":"auto","background-attachment":"scroll","background-type":"","background-media":"","overlay-type":"","overlay-color":"","overlay-opacity":"","overlay-gradient":""}},"ast-content-background-meta":{"desktop":{"background-color":"var(--ast-global-color-5)","background-image":"","background-repeat":"repeat","background-position":"center center","background-size":"auto","background-attachment":"scroll","background-type":"","background-media":"","overlay-type":"","overlay-color":"","overlay-opacity":"","overlay-gradient":""},"tablet":{"background-color":"var(--ast-global-color-5)","background-image":"","background-repeat":"repeat","background-position":"center center","background-size":"auto","background-attachment":"scroll","background-type":"","background-media":"","overlay-type":"","overlay-color":"","overlay-opacity":"","overlay-gradient":""},"mobile":{"background-color":"var(--ast-global-color-5)","background-image":"","background-repeat":"repeat","background-position":"center center","background-size":"auto","background-attachment":"scroll","background-type":"","background-media":"","overlay-type":"","overlay-color":"","overlay-opacity":"","overlay-gradient":""}}},"product_brand":[],"product_cat":[816],"product_tag":[],"class_list":{"0":"post-4336","1":"product","2":"type-product","3":"status-publish","4":"has-post-thumbnail","6":"product_cat-vairo-serdesai-bortines-pavaros","7":"desktop-align-left","8":"tablet-align-left","9":"mobile-align-left","11":"first","12":"onbackorder","13":"taxable","14":"shipping-taxable","15":"purchasable","16":"product-type-simple"},"yoast_head":"<!-- This site is optimized with the Yoast SEO plugin v27.3 - https:\/\/yoast.com\/product\/yoast-seo-wordpress\/ -->\n<title>Satelitinis krumpliaratis - 2094157 | Gera kaina | Greitas pristatymas | Eska dalys<\/title>\n<meta name=\"description\" content=\"Satelitinis krumpliaratis - 2094157 Tinka: VOLVO, Ekskavatorius krautuvas, BL60, BL60B, BL61, BL61B, BL70, BL70B, BL71, BL71B, CAT, Ekskavatorius krautuvas, 414E, 416D, 416E, 416F, 420D, 420E, 420F, 422E, 422F, 424D, 428, 428B, 428D, 428E, 428F, 430D, 430E, 430F, 432D, 432E, 432F, 442D, 442E, 450E, Frontalinis krautuvas, Teleskopiniai krautuvai, TH220B, TH330B, TH340B, TH350B, TH355B, TH560B, TH580B, 902, 906, 906H, 907H, 907H2, 908, 908H, 908H2, 450F, TH407, TL943, TL1055, TH336, TL1255C, TH337C, TH407C, TH414C, TH417C, TH406C, TH336C, TH514C OE numeriai: 3207339, 2105934, 2094157, 135947, 11709499\" \/>\n<meta name=\"robots\" content=\"index, follow, max-snippet:-1, max-image-preview:large, max-video-preview:-1\" \/>\n<link rel=\"canonical\" href=\"https:\/\/eskadalys.lt\/fi\/tuote-fi\/satelliittilaitteet-14\/\" \/>\n<meta property=\"og:locale\" content=\"fi_FI\" \/>\n<meta property=\"og:type\" content=\"article\" \/>\n<meta property=\"og:title\" content=\"Satelitinis krumpliaratis - 2094157 | Gera kaina | Greitas pristatymas | Eska dalys\" \/>\n<meta property=\"og:description\" content=\"Satelitinis krumpliaratis - 2094157 Tinka: VOLVO, Ekskavatorius krautuvas, BL60, BL60B, BL61, BL61B, BL70, BL70B, BL71, BL71B, CAT, Ekskavatorius krautuvas, 414E, 416D, 416E, 416F, 420D, 420E, 420F, 422E, 422F, 424D, 428, 428B, 428D, 428E, 428F, 430D, 430E, 430F, 432D, 432E, 432F, 442D, 442E, 450E, Frontalinis krautuvas, Teleskopiniai krautuvai, TH220B, TH330B, TH340B, TH350B, TH355B, TH560B, TH580B, 902, 906, 906H, 907H, 907H2, 908, 908H, 908H2, 450F, TH407, TL943, TL1055, TH336, TL1255C, TH337C, TH407C, TH414C, TH417C, TH406C, TH336C, TH514C OE numeriai: 3207339, 2105934, 2094157, 135947, 11709499\" \/>\n<meta property=\"og:url\" content=\"https:\/\/eskadalys.lt\/fi\/tuote-fi\/satelliittilaitteet-14\/\" \/>\n<meta property=\"og:site_name\" content=\"Eska dalys\" \/>\n<meta property=\"article:publisher\" content=\"https:\/\/www.facebook.com\/profile.php?id=61556005720456\" \/>\n<meta property=\"article:modified_time\" content=\"2026-03-26T07:54:51+00:00\" \/>\n<meta property=\"og:image\" content=\"https:\/\/eskadalys.lt\/wp-content\/uploads\/2024\/02\/gear-20240121-155351.png?v=1714929538\" \/>\n\t<meta property=\"og:image:width\" content=\"1600\" \/>\n\t<meta property=\"og:image:height\" content=\"1516\" \/>\n\t<meta property=\"og:image:type\" content=\"image\/png\" \/>\n<script type=\"application\/ld+json\" class=\"yoast-schema-graph\">{\"@context\":\"https:\\\/\\\/schema.org\",\"@graph\":[{\"@type\":\"WebPage\",\"@id\":\"https:\\\/\\\/eskadalys.lt\\\/product\\\/satelitinis-krumpliaratis-14\\\/\",\"url\":\"https:\\\/\\\/eskadalys.lt\\\/product\\\/satelitinis-krumpliaratis-14\\\/\",\"name\":\"Satelitinis krumpliaratis - 2094157 | Gera kaina | Greitas pristatymas | Eska dalys\",\"isPartOf\":{\"@id\":\"https:\\\/\\\/eskadalys.lt\\\/#website\"},\"primaryImageOfPage\":{\"@id\":\"https:\\\/\\\/eskadalys.lt\\\/product\\\/satelitinis-krumpliaratis-14\\\/#primaryimage\"},\"image\":{\"@id\":\"https:\\\/\\\/eskadalys.lt\\\/product\\\/satelitinis-krumpliaratis-14\\\/#primaryimage\"},\"thumbnailUrl\":\"https:\\\/\\\/eskadalys.lt\\\/wp-content\\\/uploads\\\/2024\\\/02\\\/gear-20240121-155351.png?v=1714929538\",\"datePublished\":\"2024-02-11T02:32:20+00:00\",\"dateModified\":\"2026-03-26T07:54:51+00:00\",\"description\":\"Satelitinis krumpliaratis - 2094157 Tinka: VOLVO, Ekskavatorius krautuvas, BL60, BL60B, BL61, BL61B, BL70, BL70B, BL71, BL71B, CAT, Ekskavatorius krautuvas, 414E, 416D, 416E, 416F, 420D, 420E, 420F, 422E, 422F, 424D, 428, 428B, 428D, 428E, 428F, 430D, 430E, 430F, 432D, 432E, 432F, 442D, 442E, 450E, Frontalinis krautuvas, Teleskopiniai krautuvai, TH220B, TH330B, TH340B, TH350B, TH355B, TH560B, TH580B, 902, 906, 906H, 907H, 907H2, 908, 908H, 908H2, 450F, TH407, TL943, TL1055, TH336, TL1255C, TH337C, TH407C, TH414C, TH417C, TH406C, TH336C, TH514C OE numeriai: 3207339, 2105934, 2094157, 135947, 11709499\",\"breadcrumb\":{\"@id\":\"https:\\\/\\\/eskadalys.lt\\\/product\\\/satelitinis-krumpliaratis-14\\\/#breadcrumb\"},\"inLanguage\":\"fi\",\"potentialAction\":[{\"@type\":\"ReadAction\",\"target\":[\"https:\\\/\\\/eskadalys.lt\\\/product\\\/satelitinis-krumpliaratis-14\\\/\"]}]},{\"@type\":\"ImageObject\",\"inLanguage\":\"fi\",\"@id\":\"https:\\\/\\\/eskadalys.lt\\\/product\\\/satelitinis-krumpliaratis-14\\\/#primaryimage\",\"url\":\"https:\\\/\\\/eskadalys.lt\\\/wp-content\\\/uploads\\\/2024\\\/02\\\/gear-20240121-155351.png?v=1714929538\",\"contentUrl\":\"https:\\\/\\\/eskadalys.lt\\\/wp-content\\\/uploads\\\/2024\\\/02\\\/gear-20240121-155351.png?v=1714929538\",\"width\":1600,\"height\":1516},{\"@type\":\"BreadcrumbList\",\"@id\":\"https:\\\/\\\/eskadalys.lt\\\/product\\\/satelitinis-krumpliaratis-14\\\/#breadcrumb\",\"itemListElement\":[{\"@type\":\"ListItem\",\"position\":1,\"name\":\"Strona g\u0142\u00f3wna\",\"item\":\"https:\\\/\\\/eskadalys.lt\\\/\"},{\"@type\":\"ListItem\",\"position\":2,\"name\":\"E-parduotuv\u0117\",\"item\":\"https:\\\/\\\/eskadalys.lt\\\/e-parduotuve\\\/\"},{\"@type\":\"ListItem\",\"position\":3,\"name\":\"Satelitinis krumpliaratis &#8211; 2094157\"}]},{\"@type\":\"WebSite\",\"@id\":\"https:\\\/\\\/eskadalys.lt\\\/#website\",\"url\":\"https:\\\/\\\/eskadalys.lt\\\/\",\"name\":\"Eska dalys\",\"description\":\"Ekskavatori\u0173 \\\/ mini ekskavatori\u0173 \\\/ buldozeri\u0173 dalys\",\"publisher\":{\"@id\":\"https:\\\/\\\/eskadalys.lt\\\/#organization\"},\"potentialAction\":[{\"@type\":\"SearchAction\",\"target\":{\"@type\":\"EntryPoint\",\"urlTemplate\":\"https:\\\/\\\/eskadalys.lt\\\/?s={search_term_string}\"},\"query-input\":{\"@type\":\"PropertyValueSpecification\",\"valueRequired\":true,\"valueName\":\"search_term_string\"}}],\"inLanguage\":\"fi\"},{\"@type\":\"Organization\",\"@id\":\"https:\\\/\\\/eskadalys.lt\\\/#organization\",\"name\":\"Eska dalys\",\"url\":\"https:\\\/\\\/eskadalys.lt\\\/\",\"logo\":{\"@type\":\"ImageObject\",\"inLanguage\":\"fi\",\"@id\":\"https:\\\/\\\/eskadalys.lt\\\/#\\\/schema\\\/logo\\\/image\\\/\",\"url\":\"https:\\\/\\\/eskadalys.lt\\\/wp-content\\\/uploads\\\/2024\\\/01\\\/LOGO-ESKA-FINAL.svg\",\"contentUrl\":\"https:\\\/\\\/eskadalys.lt\\\/wp-content\\\/uploads\\\/2024\\\/01\\\/LOGO-ESKA-FINAL.svg\",\"width\":259,\"height\":201,\"caption\":\"Eska dalys\"},\"image\":{\"@id\":\"https:\\\/\\\/eskadalys.lt\\\/#\\\/schema\\\/logo\\\/image\\\/\"},\"sameAs\":[\"https:\\\/\\\/www.facebook.com\\\/profile.php?id=61556005720456\"]}]}<\/script>\n<!-- \/ Yoast SEO plugin. -->","yoast_head_json":{"title":"Satelliittivaihteisto - 2094157 | Hyv\u00e4 hinta | Nopea toimitus | Eska-osat","description":"Planeettapy\u00f6r\u00e4st\u00f6 - 2094157 Sopii: VOLVO, Kaivurikuormaaja, BL60, BL60B, BL61, BL61B, BL70, BL70B, BL71, BL71B, CAT, Kaivurikuormaaja, 414E, 416D, 416E, 416F, 420D, 420E, 420F, 422E, 422F, 424D, 428, 428B, 428D, 428E, 428F, 430D, 430E, 430F, 432D, 432E, 432F, 442D, 442E, 450E, Py\u00f6r\u00e4kuormaaja, Teleskooppikuormaajat, TH220B, TH330B, TH340B, TH350B, TH355B, TH560B, TH580B, 902, 906, 906H, 907H, 907H2, 908, 908H, 908H2, 450F, TH407, TL943, TL1055, TH336, TL1255C, TH337C, TH407C, TH414C, TH417C, TH406C, TH336C, TH514C OE-numerot: 3207339, 2105934, 2094157, 135947, 11709499","robots":{"index":"index","follow":"follow","max-snippet":"max-snippet:-1","max-image-preview":"max-image-preview:large","max-video-preview":"max-video-preview:-1"},"canonical":"https:\/\/eskadalys.lt\/fi\/tuote-fi\/satelliittilaitteet-14\/","og_locale":"fi_FI","og_type":"article","og_title":"Satelitinis krumpliaratis - 2094157 | Gera kaina | Greitas pristatymas | Eska dalys","og_description":"Satelitinis krumpliaratis - 2094157 Tinka: VOLVO, Ekskavatorius krautuvas, BL60, BL60B, BL61, BL61B, BL70, BL70B, BL71, BL71B, CAT, Ekskavatorius krautuvas, 414E, 416D, 416E, 416F, 420D, 420E, 420F, 422E, 422F, 424D, 428, 428B, 428D, 428E, 428F, 430D, 430E, 430F, 432D, 432E, 432F, 442D, 442E, 450E, Frontalinis krautuvas, Teleskopiniai krautuvai, TH220B, TH330B, TH340B, TH350B, TH355B, TH560B, TH580B, 902, 906, 906H, 907H, 907H2, 908, 908H, 908H2, 450F, TH407, TL943, TL1055, TH336, TL1255C, TH337C, TH407C, TH414C, TH417C, TH406C, TH336C, TH514C OE numeriai: 3207339, 2105934, 2094157, 135947, 11709499","og_url":"https:\/\/eskadalys.lt\/fi\/tuote-fi\/satelliittilaitteet-14\/","og_site_name":"Eska dalys","article_publisher":"https:\/\/www.facebook.com\/profile.php?id=61556005720456","article_modified_time":"2026-03-26T07:54:51+00:00","og_image":[{"width":1600,"height":1516,"url":"https:\/\/eskadalys.lt\/wp-content\/uploads\/2024\/02\/gear-20240121-155351.png?v=1714929538","type":"image\/png"}],"schema":{"@context":"https:\/\/schema.org","@graph":[{"@type":"WebPage","@id":"https:\/\/eskadalys.lt\/product\/satelitinis-krumpliaratis-14\/","url":"https:\/\/eskadalys.lt\/product\/satelitinis-krumpliaratis-14\/","name":"Satelliittivaihteisto - 2094157 | Hyv\u00e4 hinta | Nopea toimitus | Eska-osat","isPartOf":{"@id":"https:\/\/eskadalys.lt\/#website"},"primaryImageOfPage":{"@id":"https:\/\/eskadalys.lt\/product\/satelitinis-krumpliaratis-14\/#primaryimage"},"image":{"@id":"https:\/\/eskadalys.lt\/product\/satelitinis-krumpliaratis-14\/#primaryimage"},"thumbnailUrl":"https:\/\/eskadalys.lt\/wp-content\/uploads\/2024\/02\/gear-20240121-155351.png?v=1714929538","datePublished":"2024-02-11T02:32:20+00:00","dateModified":"2026-03-26T07:54:51+00:00","description":"Planeettapy\u00f6r\u00e4st\u00f6 - 2094157 Sopii: VOLVO, Kaivurikuormaaja, BL60, BL60B, BL61, BL61B, BL70, BL70B, BL71, BL71B, CAT, Kaivurikuormaaja, 414E, 416D, 416E, 416F, 420D, 420E, 420F, 422E, 422F, 424D, 428, 428B, 428D, 428E, 428F, 430D, 430E, 430F, 432D, 432E, 432F, 442D, 442E, 450E, Py\u00f6r\u00e4kuormaaja, Teleskooppikuormaajat, TH220B, TH330B, TH340B, TH350B, TH355B, TH560B, TH580B, 902, 906, 906H, 907H, 907H2, 908, 908H, 908H2, 450F, TH407, TL943, TL1055, TH336, TL1255C, TH337C, TH407C, TH414C, TH417C, TH406C, TH336C, TH514C OE-numerot: 3207339, 2105934, 2094157, 135947, 11709499","breadcrumb":{"@id":"https:\/\/eskadalys.lt\/product\/satelitinis-krumpliaratis-14\/#breadcrumb"},"inLanguage":"fi","potentialAction":[{"@type":"ReadAction","target":["https:\/\/eskadalys.lt\/product\/satelitinis-krumpliaratis-14\/"]}]},{"@type":"ImageObject","inLanguage":"fi","@id":"https:\/\/eskadalys.lt\/product\/satelitinis-krumpliaratis-14\/#primaryimage","url":"https:\/\/eskadalys.lt\/wp-content\/uploads\/2024\/02\/gear-20240121-155351.png?v=1714929538","contentUrl":"https:\/\/eskadalys.lt\/wp-content\/uploads\/2024\/02\/gear-20240121-155351.png?v=1714929538","width":1600,"height":1516},{"@type":"BreadcrumbList","@id":"https:\/\/eskadalys.lt\/product\/satelitinis-krumpliaratis-14\/#breadcrumb","itemListElement":[{"@type":"ListItem","position":1,"name":"Strona g\u0142\u00f3wna","item":"https:\/\/eskadalys.lt\/"},{"@type":"ListItem","position":2,"name":"E-parduotuv\u0117","item":"https:\/\/eskadalys.lt\/e-parduotuve\/"},{"@type":"ListItem","position":3,"name":"Satelitinis krumpliaratis &#8211; 2094157"}]},{"@type":"WebSite","@id":"https:\/\/eskadalys.lt\/#website","url":"https:\/\/eskadalys.lt\/","name":"Eska parts","description":"Kaivinkoneen\/minikaivinkoneen\/puskutraktorin osat","publisher":{"@id":"https:\/\/eskadalys.lt\/#organization"},"potentialAction":[{"@type":"SearchAction","target":{"@type":"EntryPoint","urlTemplate":"https:\/\/eskadalys.lt\/?s={search_term_string}"},"query-input":{"@type":"PropertyValueSpecification","valueRequired":true,"valueName":"search_term_string"}}],"inLanguage":"fi"},{"@type":"Organization","@id":"https:\/\/eskadalys.lt\/#organization","name":"Eska parts","url":"https:\/\/eskadalys.lt\/","logo":{"@type":"ImageObject","inLanguage":"fi","@id":"https:\/\/eskadalys.lt\/#\/schema\/logo\/image\/","url":"https:\/\/eskadalys.lt\/wp-content\/uploads\/2024\/01\/LOGO-ESKA-FINAL.svg","contentUrl":"https:\/\/eskadalys.lt\/wp-content\/uploads\/2024\/01\/LOGO-ESKA-FINAL.svg","width":259,"height":201,"caption":"Eska dalys"},"image":{"@id":"https:\/\/eskadalys.lt\/#\/schema\/logo\/image\/"},"sameAs":["https:\/\/www.facebook.com\/profile.php?id=61556005720456"]}]}},"_links":{"self":[{"href":"https:\/\/eskadalys.lt\/fi\/wp-json\/wp\/v2\/product\/4336","targetHints":{"allow":["GET"]}}],"collection":[{"href":"https:\/\/eskadalys.lt\/fi\/wp-json\/wp\/v2\/product"}],"about":[{"href":"https:\/\/eskadalys.lt\/fi\/wp-json\/wp\/v2\/types\/product"}],"wp:featuredmedia":[{"embeddable":true,"href":"https:\/\/eskadalys.lt\/fi\/wp-json\/wp\/v2\/media\/101068"}],"wp:attachment":[{"href":"https:\/\/eskadalys.lt\/fi\/wp-json\/wp\/v2\/media?parent=4336"}],"wp:term":[{"taxonomy":"product_brand","embeddable":true,"href":"https:\/\/eskadalys.lt\/fi\/wp-json\/wp\/v2\/product_brand?post=4336"},{"taxonomy":"product_cat","embeddable":true,"href":"https:\/\/eskadalys.lt\/fi\/wp-json\/wp\/v2\/product_cat?post=4336"},{"taxonomy":"product_tag","embeddable":true,"href":"https:\/\/eskadalys.lt\/fi\/wp-json\/wp\/v2\/product_tag?post=4336"}],"curies":[{"name":"wp","href":"https:\/\/api.w.org\/{rel}","templated":true}]}}