{"id":3676,"date":"2024-02-11T03:44:58","date_gmt":"2024-02-11T01:44:58","guid":{"rendered":"https:\/\/eskadalys.lt\/?post_type=product&#038;p=3676"},"modified":"2026-04-12T08:17:05","modified_gmt":"2026-04-12T05:17:05","slug":"hydraulinen-suodatin-cva-2","status":"publish","type":"product","link":"https:\/\/eskadalys.lt\/fi\/product\/hidraulinis-filtras-cva-2\/","title":{"rendered":"Hydraulisuodatin CVA \u2013 5I8670"},"content":{"rendered":"<p><strong>Hydraulisuodatin CVA \u2013 5I8670<\/strong><br \/>\nMitat:<br \/>\n Ulkohalkaisija: 88,30 mm,<br \/>\n Sis\u00e4halkaisija: 43,20 mm,<br \/>\nKorkeus: 153,60 mm,  <\/p>\n<p><strong>Sopii:<\/strong> CAT, Telakaivukone, 312B, 312C, 312D, 313B, 313C, 313D, 315B, 315C, 315D, 318B, 318C, 318D, 320B, 320C, 320D, 322B, 322C, 323D, 325B, 325C, 325D, 330B, 330C, 330D, 308C, 308E<br \/>\n<strong>OE-numerot::<\/strong> 5I8670, P573481, HF35519, BS05-10, HY382W, SH66050, BT9464, SPH 94010<br \/>\n5I-8670<\/p>\n<h3>\ud83d\udd0d Etsitk\u00f6 toista tuotetta samasta kategoriasta? <a href=\"https:\/\/eskadalys.lt\/fi\/tuotekategoria-fi\/suodattimet-oljyt-voiteluaineet\/hydrauliset-suodattimet\/\">Hydraulisuodattimet<\/a> ?<\/h3>\n<h3>\ud83d\udee0\ufe0f CAT-osia \u2013 l\u00f6yd\u00e4t niit\u00e4 lis\u00e4\u00e4 <a href=\"https:\/\/eskadalys.lt\/fi\/tuotekategoria-fi\/suodattimet-oljyt-voiteluaineet\/\"\">Suodattimet\/\u00f6ljyt\/voiteluaineet<\/a> kategoriassa.<\/h3>\n<p>Jos et ole varma, sopiiko t\u00e4m\u00e4 osa koneeseesi, <strong>L\u00e4het\u00e4 meille ajoneuvon sarjanumero (VIN) ennen ostamista.<\/strong>. Tarkistamme yhteensopivuuden luetteloiden avulla ja <strong>tarjoamme oikean osan<\/strong>. Jos et l\u00f6yd\u00e4 tarvitsemaasi osaa, kirjoita meille \u2013 autamme sinua l\u00f6yt\u00e4m\u00e4\u00e4n sen!<\/p>\n<p><strong>\ud83d\udce6 Varasto Liettuassa<\/strong> \u2013 Ennen klo 14.00 tehdyt tilaukset l\u00e4hetet\u00e4\u00e4n samana p\u00e4iv\u00e4n\u00e4.<\/p>\n<p><strong>\ud83d\ude80 Nopea toimitus<\/strong> \u2013 Tilatut tuotteet, joita meill\u00e4 ei t\u00e4ll\u00e4 hetkell\u00e4 ole varastossa, toimitetaan 3\u20134 arkip\u00e4iv\u00e4n kuluessa.<\/p>\n<p><strong>\ud83d\udcc8 Laaja valikoima<\/strong> \u2013 laajennamme tuotevalikoimaamme jatkuvasti.<\/p>","protected":false},"excerpt":{"rendered":"<p>5I8670 CVA<\/p>","protected":false},"featured_media":99582,"template":"","meta":{"site-sidebar-layout":"default","site-content-layout":"","ast-site-content-layout":"default","site-content-style":"default","site-sidebar-style":"default","ast-global-header-display":"","ast-banner-title-visibility":"","ast-main-header-display":"","ast-hfb-above-header-display":"","ast-hfb-below-header-display":"","ast-hfb-mobile-header-display":"","site-post-title":"","ast-breadcrumbs-content":"","ast-featured-img":"","footer-sml-layout":"","ast-disable-related-posts":"","theme-transparent-header-meta":"","adv-header-id-meta":"","stick-header-meta":"","header-above-stick-meta":"","header-main-stick-meta":"","header-below-stick-meta":"","astra-migrate-meta-layouts":"default","ast-page-background-enabled":"default","ast-page-background-meta":{"desktop":{"background-color":"","background-image":"","background-repeat":"repeat","background-position":"center center","background-size":"auto","background-attachment":"scroll","background-type":"","background-media":"","overlay-type":"","overlay-color":"","overlay-opacity":"","overlay-gradient":""},"tablet":{"background-color":"","background-image":"","background-repeat":"repeat","background-position":"center center","background-size":"auto","background-attachment":"scroll","background-type":"","background-media":"","overlay-type":"","overlay-color":"","overlay-opacity":"","overlay-gradient":""},"mobile":{"background-color":"","background-image":"","background-repeat":"repeat","background-position":"center center","background-size":"auto","background-attachment":"scroll","background-type":"","background-media":"","overlay-type":"","overlay-color":"","overlay-opacity":"","overlay-gradient":""}},"ast-content-background-meta":{"desktop":{"background-color":"var(--ast-global-color-5)","background-image":"","background-repeat":"repeat","background-position":"center center","background-size":"auto","background-attachment":"scroll","background-type":"","background-media":"","overlay-type":"","overlay-color":"","overlay-opacity":"","overlay-gradient":""},"tablet":{"background-color":"var(--ast-global-color-5)","background-image":"","background-repeat":"repeat","background-position":"center center","background-size":"auto","background-attachment":"scroll","background-type":"","background-media":"","overlay-type":"","overlay-color":"","overlay-opacity":"","overlay-gradient":""},"mobile":{"background-color":"var(--ast-global-color-5)","background-image":"","background-repeat":"repeat","background-position":"center center","background-size":"auto","background-attachment":"scroll","background-type":"","background-media":"","overlay-type":"","overlay-color":"","overlay-opacity":"","overlay-gradient":""}}},"product_brand":[],"product_cat":[793],"product_tag":[],"class_list":{"0":"post-3676","1":"product","2":"type-product","3":"status-publish","4":"has-post-thumbnail","6":"product_cat-hidrauliniai-filtrai","7":"desktop-align-left","8":"tablet-align-left","9":"mobile-align-left","11":"first","12":"onbackorder","13":"taxable","14":"shipping-taxable","15":"purchasable","16":"product-type-simple"},"yoast_head":"<!-- This site is optimized with the Yoast SEO plugin v27.4 - https:\/\/yoast.com\/product\/yoast-seo-wordpress\/ -->\n<title>Hidraulinis filtras CVA - 5I8670 | Gera kaina | Greitas pristatymas | Eska dalys<\/title>\n<meta name=\"description\" content=\"Hidraulinis filtras - 5I8670 Matmenys: I\u0161orinis skersmuo; 88, 30 mm, Vidinis skersmuo: 43, 20 mm, Auk\u0161tis: 153, 60 mm, Tinka: CAT, Vik\u0161rinis ekskavatorius, 312B, 312C, 312D, 313B, 313C, 313D, 315B, 315C, 315D, 318B, 318C, 318D, 320B, 320C, 320D, 322B, 322C, 323D, 325B, 325C, 325D, 330B, 330C, 330D, 308C, 308E OE numeriai: 5I8670, P573481, HF35519, BS05-10, HY382W, SH66050, BT9464, SPH 94010\" \/>\n<meta name=\"robots\" content=\"index, follow, max-snippet:-1, max-image-preview:large, max-video-preview:-1\" \/>\n<link rel=\"canonical\" href=\"https:\/\/eskadalys.lt\/fi\/tuote-fi\/hydraulinen-suodatin-cva-2\/\" \/>\n<meta property=\"og:locale\" content=\"fi_FI\" \/>\n<meta property=\"og:type\" content=\"article\" \/>\n<meta property=\"og:title\" content=\"Hidraulinis filtras CVA - 5I8670 | Gera kaina | Greitas pristatymas | Eska dalys\" \/>\n<meta property=\"og:description\" content=\"Hidraulinis filtras - 5I8670 Matmenys: I\u0161orinis skersmuo; 88, 30 mm, Vidinis skersmuo: 43, 20 mm, Auk\u0161tis: 153, 60 mm, Tinka: CAT, Vik\u0161rinis ekskavatorius, 312B, 312C, 312D, 313B, 313C, 313D, 315B, 315C, 315D, 318B, 318C, 318D, 320B, 320C, 320D, 322B, 322C, 323D, 325B, 325C, 325D, 330B, 330C, 330D, 308C, 308E OE numeriai: 5I8670, P573481, HF35519, BS05-10, HY382W, SH66050, BT9464, SPH 94010\" \/>\n<meta property=\"og:url\" content=\"https:\/\/eskadalys.lt\/fi\/tuote-fi\/hydraulinen-suodatin-cva-2\/\" \/>\n<meta property=\"og:site_name\" content=\"Eska dalys\" \/>\n<meta property=\"article:publisher\" content=\"https:\/\/www.facebook.com\/profile.php?id=61556005720456\" \/>\n<meta property=\"article:modified_time\" content=\"2026-04-12T05:17:05+00:00\" \/>\n<meta property=\"og:image\" content=\"https:\/\/eskadalys.lt\/wp-content\/uploads\/2024\/02\/filter-22-20240121-150550-scaled-1.jpg?v=1714933526\" \/>\n\t<meta property=\"og:image:width\" content=\"1600\" \/>\n\t<meta property=\"og:image:height\" content=\"1122\" \/>\n\t<meta property=\"og:image:type\" content=\"image\/jpeg\" \/>\n<script type=\"application\/ld+json\" class=\"yoast-schema-graph\">{\"@context\":\"https:\\\/\\\/schema.org\",\"@graph\":[{\"@type\":\"WebPage\",\"@id\":\"https:\\\/\\\/eskadalys.lt\\\/product\\\/hidraulinis-filtras-cva-2\\\/\",\"url\":\"https:\\\/\\\/eskadalys.lt\\\/product\\\/hidraulinis-filtras-cva-2\\\/\",\"name\":\"Hidraulinis filtras CVA - 5I8670 | Gera kaina | Greitas pristatymas | Eska dalys\",\"isPartOf\":{\"@id\":\"https:\\\/\\\/eskadalys.lt\\\/#website\"},\"primaryImageOfPage\":{\"@id\":\"https:\\\/\\\/eskadalys.lt\\\/product\\\/hidraulinis-filtras-cva-2\\\/#primaryimage\"},\"image\":{\"@id\":\"https:\\\/\\\/eskadalys.lt\\\/product\\\/hidraulinis-filtras-cva-2\\\/#primaryimage\"},\"thumbnailUrl\":\"https:\\\/\\\/eskadalys.lt\\\/wp-content\\\/uploads\\\/2024\\\/02\\\/filter-22-20240121-150550-scaled-1.jpg?v=1714933526\",\"datePublished\":\"2024-02-11T01:44:58+00:00\",\"dateModified\":\"2026-04-12T05:17:05+00:00\",\"description\":\"Hidraulinis filtras - 5I8670 Matmenys: I\u0161orinis skersmuo; 88, 30 mm, Vidinis skersmuo: 43, 20 mm, Auk\u0161tis: 153, 60 mm, Tinka: CAT, Vik\u0161rinis ekskavatorius, 312B, 312C, 312D, 313B, 313C, 313D, 315B, 315C, 315D, 318B, 318C, 318D, 320B, 320C, 320D, 322B, 322C, 323D, 325B, 325C, 325D, 330B, 330C, 330D, 308C, 308E OE numeriai: 5I8670, P573481, HF35519, BS05-10, HY382W, SH66050, BT9464, SPH 94010\",\"breadcrumb\":{\"@id\":\"https:\\\/\\\/eskadalys.lt\\\/product\\\/hidraulinis-filtras-cva-2\\\/#breadcrumb\"},\"inLanguage\":\"fi\",\"potentialAction\":[{\"@type\":\"ReadAction\",\"target\":[\"https:\\\/\\\/eskadalys.lt\\\/product\\\/hidraulinis-filtras-cva-2\\\/\"]}]},{\"@type\":\"ImageObject\",\"inLanguage\":\"fi\",\"@id\":\"https:\\\/\\\/eskadalys.lt\\\/product\\\/hidraulinis-filtras-cva-2\\\/#primaryimage\",\"url\":\"https:\\\/\\\/eskadalys.lt\\\/wp-content\\\/uploads\\\/2024\\\/02\\\/filter-22-20240121-150550-scaled-1.jpg?v=1714933526\",\"contentUrl\":\"https:\\\/\\\/eskadalys.lt\\\/wp-content\\\/uploads\\\/2024\\\/02\\\/filter-22-20240121-150550-scaled-1.jpg?v=1714933526\",\"width\":1600,\"height\":1122},{\"@type\":\"BreadcrumbList\",\"@id\":\"https:\\\/\\\/eskadalys.lt\\\/product\\\/hidraulinis-filtras-cva-2\\\/#breadcrumb\",\"itemListElement\":[{\"@type\":\"ListItem\",\"position\":1,\"name\":\"Strona g\u0142\u00f3wna\",\"item\":\"https:\\\/\\\/eskadalys.lt\\\/\"},{\"@type\":\"ListItem\",\"position\":2,\"name\":\"E-parduotuv\u0117\",\"item\":\"https:\\\/\\\/eskadalys.lt\\\/e-parduotuve\\\/\"},{\"@type\":\"ListItem\",\"position\":3,\"name\":\"Hidraulinis filtras CVA &#8211; 5I8670\"}]},{\"@type\":\"WebSite\",\"@id\":\"https:\\\/\\\/eskadalys.lt\\\/#website\",\"url\":\"https:\\\/\\\/eskadalys.lt\\\/\",\"name\":\"Eska dalys\",\"description\":\"Ekskavatori\u0173 \\\/ mini ekskavatori\u0173 \\\/ buldozeri\u0173 dalys\",\"publisher\":{\"@id\":\"https:\\\/\\\/eskadalys.lt\\\/#organization\"},\"potentialAction\":[{\"@type\":\"SearchAction\",\"target\":{\"@type\":\"EntryPoint\",\"urlTemplate\":\"https:\\\/\\\/eskadalys.lt\\\/?s={search_term_string}\"},\"query-input\":{\"@type\":\"PropertyValueSpecification\",\"valueRequired\":true,\"valueName\":\"search_term_string\"}}],\"inLanguage\":\"fi\"},{\"@type\":\"Organization\",\"@id\":\"https:\\\/\\\/eskadalys.lt\\\/#organization\",\"name\":\"Eska dalys\",\"url\":\"https:\\\/\\\/eskadalys.lt\\\/\",\"logo\":{\"@type\":\"ImageObject\",\"inLanguage\":\"fi\",\"@id\":\"https:\\\/\\\/eskadalys.lt\\\/#\\\/schema\\\/logo\\\/image\\\/\",\"url\":\"https:\\\/\\\/eskadalys.lt\\\/wp-content\\\/uploads\\\/2024\\\/01\\\/LOGO-ESKA-FINAL.svg\",\"contentUrl\":\"https:\\\/\\\/eskadalys.lt\\\/wp-content\\\/uploads\\\/2024\\\/01\\\/LOGO-ESKA-FINAL.svg\",\"width\":259,\"height\":201,\"caption\":\"Eska dalys\"},\"image\":{\"@id\":\"https:\\\/\\\/eskadalys.lt\\\/#\\\/schema\\\/logo\\\/image\\\/\"},\"sameAs\":[\"https:\\\/\\\/www.facebook.com\\\/profile.php?id=61556005720456\"]}]}<\/script>\n<!-- \/ Yoast SEO plugin. -->","yoast_head_json":{"title":"Hydraulisuodatin CVA - 5I8670 | Hyv\u00e4 hinta | Nopea toimitus | Eska osat","description":"Hydraulisuodatin - 5I8670 Mitat: Ulkohalkaisija; 88, 30 mm, Sis\u00e4halkaisija: 43, 20 mm, Korkeus: 153, 60 mm, Sopii: CAT, Telakaivukone, 312B, 312C, 312D, 313B, 313C, 313D, 315B, 315C, 315D, 318B, 318C, 318D, 320B, 320C, 320D, 322B, 322C, 323D, 325B, 325C, 325D, 330B, 330C, 330D, 308C, 308E OE-numerot: 5I8670, P573481, HF35519, BS05-10, HY382W, SH66050, BT9464, SPH 94010","robots":{"index":"index","follow":"follow","max-snippet":"max-snippet:-1","max-image-preview":"max-image-preview:large","max-video-preview":"max-video-preview:-1"},"canonical":"https:\/\/eskadalys.lt\/fi\/tuote-fi\/hydraulinen-suodatin-cva-2\/","og_locale":"fi_FI","og_type":"article","og_title":"Hidraulinis filtras CVA - 5I8670 | Gera kaina | Greitas pristatymas | Eska dalys","og_description":"Hidraulinis filtras - 5I8670 Matmenys: I\u0161orinis skersmuo; 88, 30 mm, Vidinis skersmuo: 43, 20 mm, Auk\u0161tis: 153, 60 mm, Tinka: CAT, Vik\u0161rinis ekskavatorius, 312B, 312C, 312D, 313B, 313C, 313D, 315B, 315C, 315D, 318B, 318C, 318D, 320B, 320C, 320D, 322B, 322C, 323D, 325B, 325C, 325D, 330B, 330C, 330D, 308C, 308E OE numeriai: 5I8670, P573481, HF35519, BS05-10, HY382W, SH66050, BT9464, SPH 94010","og_url":"https:\/\/eskadalys.lt\/fi\/tuote-fi\/hydraulinen-suodatin-cva-2\/","og_site_name":"Eska dalys","article_publisher":"https:\/\/www.facebook.com\/profile.php?id=61556005720456","article_modified_time":"2026-04-12T05:17:05+00:00","og_image":[{"width":1600,"height":1122,"url":"https:\/\/eskadalys.lt\/wp-content\/uploads\/2024\/02\/filter-22-20240121-150550-scaled-1.jpg?v=1714933526","type":"image\/jpeg"}],"schema":{"@context":"https:\/\/schema.org","@graph":[{"@type":"WebPage","@id":"https:\/\/eskadalys.lt\/product\/hidraulinis-filtras-cva-2\/","url":"https:\/\/eskadalys.lt\/product\/hidraulinis-filtras-cva-2\/","name":"Hydraulisuodatin CVA - 5I8670 | Hyv\u00e4 hinta | Nopea toimitus | Eska osat","isPartOf":{"@id":"https:\/\/eskadalys.lt\/#website"},"primaryImageOfPage":{"@id":"https:\/\/eskadalys.lt\/product\/hidraulinis-filtras-cva-2\/#primaryimage"},"image":{"@id":"https:\/\/eskadalys.lt\/product\/hidraulinis-filtras-cva-2\/#primaryimage"},"thumbnailUrl":"https:\/\/eskadalys.lt\/wp-content\/uploads\/2024\/02\/filter-22-20240121-150550-scaled-1.jpg?v=1714933526","datePublished":"2024-02-11T01:44:58+00:00","dateModified":"2026-04-12T05:17:05+00:00","description":"Hydraulisuodatin - 5I8670 Mitat: Ulkohalkaisija; 88, 30 mm, Sis\u00e4halkaisija: 43, 20 mm, Korkeus: 153, 60 mm, Sopii: CAT, Telakaivukone, 312B, 312C, 312D, 313B, 313C, 313D, 315B, 315C, 315D, 318B, 318C, 318D, 320B, 320C, 320D, 322B, 322C, 323D, 325B, 325C, 325D, 330B, 330C, 330D, 308C, 308E OE-numerot: 5I8670, P573481, HF35519, BS05-10, HY382W, SH66050, BT9464, SPH 94010","breadcrumb":{"@id":"https:\/\/eskadalys.lt\/product\/hidraulinis-filtras-cva-2\/#breadcrumb"},"inLanguage":"fi","potentialAction":[{"@type":"ReadAction","target":["https:\/\/eskadalys.lt\/product\/hidraulinis-filtras-cva-2\/"]}]},{"@type":"ImageObject","inLanguage":"fi","@id":"https:\/\/eskadalys.lt\/product\/hidraulinis-filtras-cva-2\/#primaryimage","url":"https:\/\/eskadalys.lt\/wp-content\/uploads\/2024\/02\/filter-22-20240121-150550-scaled-1.jpg?v=1714933526","contentUrl":"https:\/\/eskadalys.lt\/wp-content\/uploads\/2024\/02\/filter-22-20240121-150550-scaled-1.jpg?v=1714933526","width":1600,"height":1122},{"@type":"BreadcrumbList","@id":"https:\/\/eskadalys.lt\/product\/hidraulinis-filtras-cva-2\/#breadcrumb","itemListElement":[{"@type":"ListItem","position":1,"name":"Strona g\u0142\u00f3wna","item":"https:\/\/eskadalys.lt\/"},{"@type":"ListItem","position":2,"name":"E-parduotuv\u0117","item":"https:\/\/eskadalys.lt\/e-parduotuve\/"},{"@type":"ListItem","position":3,"name":"Hidraulinis filtras CVA &#8211; 5I8670"}]},{"@type":"WebSite","@id":"https:\/\/eskadalys.lt\/#website","url":"https:\/\/eskadalys.lt\/","name":"Eska parts","description":"Kaivinkoneen\/minikaivinkoneen\/puskutraktorin osat","publisher":{"@id":"https:\/\/eskadalys.lt\/#organization"},"potentialAction":[{"@type":"SearchAction","target":{"@type":"EntryPoint","urlTemplate":"https:\/\/eskadalys.lt\/?s={search_term_string}"},"query-input":{"@type":"PropertyValueSpecification","valueRequired":true,"valueName":"search_term_string"}}],"inLanguage":"fi"},{"@type":"Organization","@id":"https:\/\/eskadalys.lt\/#organization","name":"Eska parts","url":"https:\/\/eskadalys.lt\/","logo":{"@type":"ImageObject","inLanguage":"fi","@id":"https:\/\/eskadalys.lt\/#\/schema\/logo\/image\/","url":"https:\/\/eskadalys.lt\/wp-content\/uploads\/2024\/01\/LOGO-ESKA-FINAL.svg","contentUrl":"https:\/\/eskadalys.lt\/wp-content\/uploads\/2024\/01\/LOGO-ESKA-FINAL.svg","width":259,"height":201,"caption":"Eska dalys"},"image":{"@id":"https:\/\/eskadalys.lt\/#\/schema\/logo\/image\/"},"sameAs":["https:\/\/www.facebook.com\/profile.php?id=61556005720456"]}]}},"_links":{"self":[{"href":"https:\/\/eskadalys.lt\/fi\/wp-json\/wp\/v2\/product\/3676","targetHints":{"allow":["GET"]}}],"collection":[{"href":"https:\/\/eskadalys.lt\/fi\/wp-json\/wp\/v2\/product"}],"about":[{"href":"https:\/\/eskadalys.lt\/fi\/wp-json\/wp\/v2\/types\/product"}],"wp:featuredmedia":[{"embeddable":true,"href":"https:\/\/eskadalys.lt\/fi\/wp-json\/wp\/v2\/media\/99582"}],"wp:attachment":[{"href":"https:\/\/eskadalys.lt\/fi\/wp-json\/wp\/v2\/media?parent=3676"}],"wp:term":[{"taxonomy":"product_brand","embeddable":true,"href":"https:\/\/eskadalys.lt\/fi\/wp-json\/wp\/v2\/product_brand?post=3676"},{"taxonomy":"product_cat","embeddable":true,"href":"https:\/\/eskadalys.lt\/fi\/wp-json\/wp\/v2\/product_cat?post=3676"},{"taxonomy":"product_tag","embeddable":true,"href":"https:\/\/eskadalys.lt\/fi\/wp-json\/wp\/v2\/product_tag?post=3676"}],"curies":[{"name":"wp","href":"https:\/\/api.w.org\/{rel}","templated":true}]}}