{"id":2306,"date":"2024-02-11T02:00:00","date_gmt":"2024-02-11T00:00:00","guid":{"rendered":"https:\/\/eskadalys.lt\/?post_type=product&#038;p=2306"},"modified":"2026-04-22T16:29:47","modified_gmt":"2026-04-22T13:29:47","slug":"norsunluu-164","status":"publish","type":"product","link":"https:\/\/eskadalys.lt\/fi\/product\/ivore-164\/","title":{"rendered":"Holkki \u2013 7W5324"},"content":{"rendered":"<p><strong>Holkki \u2013<\/strong><br \/>\nMitat:<br \/>\n Ulkohalkaisija \u2013 8,85 mm,<br \/>\n Sis\u00e4halkaisija \u2013 6,25 mm,<br \/>\nKorkeus \u2013 13 mm,  <\/p>\n<p><strong>Sopii:<\/strong> CAT, Py\u00f6r\u00e4kuormaaja, 928G, 938F, 938G, 950F, 950G, 960F, 962G<br \/>\n<strong>OE-numerot::<\/strong> 7W5324, 8,85 \u00d7 6,25 \u00d7 13<br \/>\n7W-5324 6,25 \u00d7 8,85 \u00d7 13<\/p>\n<h3>\ud83d\udd0d Etsitk\u00f6 toista tuotetta samasta kategoriasta? <a href=\"https:\/\/eskadalys.lt\/fi\/tuotekategoria-fi\/norsunluun-laakerit\/norsunluu\/\">Holkit<\/a> ?<\/h3>\n<h3>\ud83d\udee0\ufe0f CAT-osia \u2013 l\u00f6yd\u00e4t niit\u00e4 lis\u00e4\u00e4 <a href=\"https:\/\/eskadalys.lt\/fi\/tuotekategoria-fi\/norsunluun-laakerit\/\">Tapit \/ Holkit \/ Laakerit<\/a> kategoriassa.<\/h3>\n<p>Jos et ole varma, sopiiko t\u00e4m\u00e4 osa koneeseesi, <strong>L\u00e4het\u00e4 meille ajoneuvon sarjanumero (VIN) ennen ostamista.<\/strong>. Tarkistamme yhteensopivuuden luetteloiden avulla ja <strong>tarjoamme oikean osan<\/strong>. Jos et l\u00f6yd\u00e4 tarvitsemaasi osaa, kirjoita meille \u2013 autamme sinua l\u00f6yt\u00e4m\u00e4\u00e4n sen!<\/p>\n<p><strong>\ud83d\udce6 Varasto Liettuassa<\/strong> \u2013 Ennen klo 14.00 tehdyt tilaukset l\u00e4hetet\u00e4\u00e4n samana p\u00e4iv\u00e4n\u00e4.<\/p>\n<p><strong>\ud83d\ude80 Nopea toimitus<\/strong> \u2013 Tilatut tuotteet, joita meill\u00e4 ei t\u00e4ll\u00e4 hetkell\u00e4 ole varastossa, toimitetaan 3\u20134 arkip\u00e4iv\u00e4n kuluessa.<\/p>\n<p><strong>\ud83d\udcc8 Laaja valikoima<\/strong> \u2013 laajennamme tuotevalikoimaamme jatkuvasti.<\/p>","protected":false},"excerpt":{"rendered":"<p>\u012evor\u0117 &#8211; Matmenys: I\u0161orinis skersmuo &#8211;\u00a0 8, 85\u00a0 mm, Vidinis skersmuo &#8211; 6, 25 \u00a0 mm, Auk\u0161tis &#8211; 13\u00a0 mm, Tinka: CAT, Frontalinis krautuvas, 928G, 938F, 938G, 950F, 950G, 960F, 962G OE numeriai:: 7W5324, 8.85&#215;6.25&#215;13 7W-5324 6.25&#215;8.85&#215;13 \ud83d\udd0d Ie\u0161kote kitos prek\u0117s i\u0161 kategorijos \u012evor\u0117s ? \ud83d\udee0\ufe0f CAT dalys &#8211; daugiau j\u0173 galite rasti Kai\u0161\u010diai \/ [&hellip;]<\/p>\n","protected":false},"featured_media":96655,"template":"","meta":{"site-sidebar-layout":"default","site-content-layout":"","ast-site-content-layout":"default","site-content-style":"default","site-sidebar-style":"default","ast-global-header-display":"","ast-banner-title-visibility":"","ast-main-header-display":"","ast-hfb-above-header-display":"","ast-hfb-below-header-display":"","ast-hfb-mobile-header-display":"","site-post-title":"","ast-breadcrumbs-content":"","ast-featured-img":"","footer-sml-layout":"","ast-disable-related-posts":"","theme-transparent-header-meta":"default","adv-header-id-meta":"","stick-header-meta":"","header-above-stick-meta":"","header-main-stick-meta":"","header-below-stick-meta":"","astra-migrate-meta-layouts":"set","ast-page-background-enabled":"default","ast-page-background-meta":{"desktop":{"background-color":"","background-image":"","background-repeat":"repeat","background-position":"center center","background-size":"auto","background-attachment":"scroll","background-type":"","background-media":"","overlay-type":"","overlay-color":"","overlay-opacity":"","overlay-gradient":""},"tablet":{"background-color":"","background-image":"","background-repeat":"repeat","background-position":"center center","background-size":"auto","background-attachment":"scroll","background-type":"","background-media":"","overlay-type":"","overlay-color":"","overlay-opacity":"","overlay-gradient":""},"mobile":{"background-color":"","background-image":"","background-repeat":"repeat","background-position":"center center","background-size":"auto","background-attachment":"scroll","background-type":"","background-media":"","overlay-type":"","overlay-color":"","overlay-opacity":"","overlay-gradient":""}},"ast-content-background-meta":{"desktop":{"background-color":"var(--ast-global-color-5)","background-image":"","background-repeat":"repeat","background-position":"center center","background-size":"auto","background-attachment":"scroll","background-type":"","background-media":"","overlay-type":"","overlay-color":"","overlay-opacity":"","overlay-gradient":""},"tablet":{"background-color":"var(--ast-global-color-5)","background-image":"","background-repeat":"repeat","background-position":"center center","background-size":"auto","background-attachment":"scroll","background-type":"","background-media":"","overlay-type":"","overlay-color":"","overlay-opacity":"","overlay-gradient":""},"mobile":{"background-color":"var(--ast-global-color-5)","background-image":"","background-repeat":"repeat","background-position":"center center","background-size":"auto","background-attachment":"scroll","background-type":"","background-media":"","overlay-type":"","overlay-color":"","overlay-opacity":"","overlay-gradient":""}}},"product_brand":[],"product_cat":[768,50684],"product_tag":[50226,50227,50030,50031,49524,50032,49799,50033,49802,43030,48776],"class_list":{"0":"post-2306","1":"product","2":"type-product","3":"status-publish","4":"has-post-thumbnail","6":"product_cat-ivores","7":"product_cat-ivores-pagal-ismatavimus","8":"product_tag-7w5324","9":"product_tag-8-85x6-25x13","10":"product_tag-928g","11":"product_tag-938f","12":"product_tag-938g","13":"product_tag-950f","14":"product_tag-950g","15":"product_tag-960f","16":"product_tag-962g","17":"product_tag-cat","18":"product_tag-frontalinis-krautuvas","19":"desktop-align-left","20":"tablet-align-left","21":"mobile-align-left","23":"first","24":"outofstock","25":"taxable","26":"shipping-taxable","27":"purchasable","28":"product-type-simple"},"yoast_head":"<!-- This site is optimized with the Yoast SEO plugin v27.5 - https:\/\/yoast.com\/product\/yoast-seo-wordpress\/ -->\n<title>\u012evor\u0117 - 7W5324 | Gera kaina | Greitas pristatymas | Eska dalys<\/title>\n<meta name=\"description\" content=\"\u012evor\u0117 - Matmenys: I\u0161orinis skersmuo -\u00a0 8, 85\u00a0 mm, Vidinis skersmuo - 6, 25 \u00a0 mm, Auk\u0161tis - 13\u00a0 mm, Tinka: CAT, Frontalinis krautuvas, 928G, 938F, 938G, 950F, 950G, 960F, 962G OE numeriai: 7W5324, 8.85x6.25x13\" \/>\n<meta name=\"robots\" content=\"index, follow, max-snippet:-1, max-image-preview:large, max-video-preview:-1\" \/>\n<link rel=\"canonical\" href=\"https:\/\/eskadalys.lt\/fi\/tuote-fi\/norsunluu-164\/\" \/>\n<meta property=\"og:locale\" content=\"fi_FI\" \/>\n<meta property=\"og:type\" content=\"article\" \/>\n<meta property=\"og:title\" content=\"\u012evor\u0117 - 7W5324 | Gera kaina | Greitas pristatymas | Eska dalys\" \/>\n<meta property=\"og:description\" content=\"\u012evor\u0117 - Matmenys: I\u0161orinis skersmuo -\u00a0 8, 85\u00a0 mm, Vidinis skersmuo - 6, 25 \u00a0 mm, Auk\u0161tis - 13\u00a0 mm, Tinka: CAT, Frontalinis krautuvas, 928G, 938F, 938G, 950F, 950G, 960F, 962G OE numeriai: 7W5324, 8.85x6.25x13\" \/>\n<meta property=\"og:url\" content=\"https:\/\/eskadalys.lt\/fi\/tuote-fi\/norsunluu-164\/\" \/>\n<meta property=\"og:site_name\" content=\"Eska dalys\" \/>\n<meta property=\"article:publisher\" content=\"https:\/\/www.facebook.com\/profile.php?id=61556005720456\" \/>\n<meta property=\"article:modified_time\" content=\"2026-04-22T13:29:47+00:00\" \/>\n<meta property=\"og:image\" content=\"https:\/\/eskadalys.lt\/wp-content\/uploads\/2024\/02\/bushing-6-20240121-132926.png?v=1714941694\" \/>\n\t<meta property=\"og:image:width\" content=\"295\" \/>\n\t<meta property=\"og:image:height\" content=\"295\" \/>\n\t<meta property=\"og:image:type\" content=\"image\/png\" \/>\n<script type=\"application\/ld+json\" class=\"yoast-schema-graph\">{\"@context\":\"https:\\\/\\\/schema.org\",\"@graph\":[{\"@type\":\"WebPage\",\"@id\":\"https:\\\/\\\/eskadalys.lt\\\/product\\\/ivore-164\\\/\",\"url\":\"https:\\\/\\\/eskadalys.lt\\\/product\\\/ivore-164\\\/\",\"name\":\"\u012evor\u0117 - 7W5324 | Gera kaina | Greitas pristatymas | Eska dalys\",\"isPartOf\":{\"@id\":\"https:\\\/\\\/eskadalys.lt\\\/#website\"},\"primaryImageOfPage\":{\"@id\":\"https:\\\/\\\/eskadalys.lt\\\/product\\\/ivore-164\\\/#primaryimage\"},\"image\":{\"@id\":\"https:\\\/\\\/eskadalys.lt\\\/product\\\/ivore-164\\\/#primaryimage\"},\"thumbnailUrl\":\"https:\\\/\\\/eskadalys.lt\\\/wp-content\\\/uploads\\\/2024\\\/02\\\/bushing-6-20240121-132926.png?v=1714941694\",\"datePublished\":\"2024-02-11T00:00:00+00:00\",\"dateModified\":\"2026-04-22T13:29:47+00:00\",\"description\":\"\u012evor\u0117 - Matmenys: I\u0161orinis skersmuo -\u00a0 8, 85\u00a0 mm, Vidinis skersmuo - 6, 25 \u00a0 mm, Auk\u0161tis - 13\u00a0 mm, Tinka: CAT, Frontalinis krautuvas, 928G, 938F, 938G, 950F, 950G, 960F, 962G OE numeriai: 7W5324, 8.85x6.25x13\",\"breadcrumb\":{\"@id\":\"https:\\\/\\\/eskadalys.lt\\\/product\\\/ivore-164\\\/#breadcrumb\"},\"inLanguage\":\"fi\",\"potentialAction\":[{\"@type\":\"ReadAction\",\"target\":[\"https:\\\/\\\/eskadalys.lt\\\/product\\\/ivore-164\\\/\"]}]},{\"@type\":\"ImageObject\",\"inLanguage\":\"fi\",\"@id\":\"https:\\\/\\\/eskadalys.lt\\\/product\\\/ivore-164\\\/#primaryimage\",\"url\":\"https:\\\/\\\/eskadalys.lt\\\/wp-content\\\/uploads\\\/2024\\\/02\\\/bushing-6-20240121-132926.png?v=1714941694\",\"contentUrl\":\"https:\\\/\\\/eskadalys.lt\\\/wp-content\\\/uploads\\\/2024\\\/02\\\/bushing-6-20240121-132926.png?v=1714941694\",\"width\":295,\"height\":295},{\"@type\":\"BreadcrumbList\",\"@id\":\"https:\\\/\\\/eskadalys.lt\\\/product\\\/ivore-164\\\/#breadcrumb\",\"itemListElement\":[{\"@type\":\"ListItem\",\"position\":1,\"name\":\"Strona g\u0142\u00f3wna\",\"item\":\"https:\\\/\\\/eskadalys.lt\\\/\"},{\"@type\":\"ListItem\",\"position\":2,\"name\":\"E-parduotuv\u0117\",\"item\":\"https:\\\/\\\/eskadalys.lt\\\/e-parduotuve\\\/\"},{\"@type\":\"ListItem\",\"position\":3,\"name\":\"\u012evor\u0117 &#8211; 7W5324\"}]},{\"@type\":\"WebSite\",\"@id\":\"https:\\\/\\\/eskadalys.lt\\\/#website\",\"url\":\"https:\\\/\\\/eskadalys.lt\\\/\",\"name\":\"Eska dalys\",\"description\":\"Ekskavatori\u0173 \\\/ mini ekskavatori\u0173 \\\/ buldozeri\u0173 dalys\",\"publisher\":{\"@id\":\"https:\\\/\\\/eskadalys.lt\\\/#organization\"},\"potentialAction\":[{\"@type\":\"SearchAction\",\"target\":{\"@type\":\"EntryPoint\",\"urlTemplate\":\"https:\\\/\\\/eskadalys.lt\\\/?s={search_term_string}\"},\"query-input\":{\"@type\":\"PropertyValueSpecification\",\"valueRequired\":true,\"valueName\":\"search_term_string\"}}],\"inLanguage\":\"fi\"},{\"@type\":\"Organization\",\"@id\":\"https:\\\/\\\/eskadalys.lt\\\/#organization\",\"name\":\"Eska dalys\",\"url\":\"https:\\\/\\\/eskadalys.lt\\\/\",\"logo\":{\"@type\":\"ImageObject\",\"inLanguage\":\"fi\",\"@id\":\"https:\\\/\\\/eskadalys.lt\\\/#\\\/schema\\\/logo\\\/image\\\/\",\"url\":\"https:\\\/\\\/eskadalys.lt\\\/wp-content\\\/uploads\\\/2024\\\/01\\\/LOGO-ESKA-FINAL.svg\",\"contentUrl\":\"https:\\\/\\\/eskadalys.lt\\\/wp-content\\\/uploads\\\/2024\\\/01\\\/LOGO-ESKA-FINAL.svg\",\"width\":259,\"height\":201,\"caption\":\"Eska dalys\"},\"image\":{\"@id\":\"https:\\\/\\\/eskadalys.lt\\\/#\\\/schema\\\/logo\\\/image\\\/\"},\"sameAs\":[\"https:\\\/\\\/www.facebook.com\\\/profile.php?id=61556005720456\"]}]}<\/script>\n<!-- \/ Yoast SEO plugin. -->","yoast_head_json":{"title":"Holkki - 7W5324 | Hyv\u00e4 hinta | Nopea toimitus | Eska-osat","description":"Holkki - Mitat: Ulkohalkaisija - 8,85 mm, Sis\u00e4halkaisija - 6,25 mm, Korkeus - 13 mm, Sopii: CAT, Py\u00f6r\u00e4kuormaaja, 928G, 938F, 938G, 950F, 950G, 960F, 962G OE-numerot: 7W5324, 8,85x6,25x13","robots":{"index":"index","follow":"follow","max-snippet":"max-snippet:-1","max-image-preview":"max-image-preview:large","max-video-preview":"max-video-preview:-1"},"canonical":"https:\/\/eskadalys.lt\/fi\/tuote-fi\/norsunluu-164\/","og_locale":"fi_FI","og_type":"article","og_title":"\u012evor\u0117 - 7W5324 | Gera kaina | Greitas pristatymas | Eska dalys","og_description":"\u012evor\u0117 - Matmenys: I\u0161orinis skersmuo -\u00a0 8, 85\u00a0 mm, Vidinis skersmuo - 6, 25 \u00a0 mm, Auk\u0161tis - 13\u00a0 mm, Tinka: CAT, Frontalinis krautuvas, 928G, 938F, 938G, 950F, 950G, 960F, 962G OE numeriai: 7W5324, 8.85x6.25x13","og_url":"https:\/\/eskadalys.lt\/fi\/tuote-fi\/norsunluu-164\/","og_site_name":"Eska dalys","article_publisher":"https:\/\/www.facebook.com\/profile.php?id=61556005720456","article_modified_time":"2026-04-22T13:29:47+00:00","og_image":[{"width":295,"height":295,"url":"https:\/\/eskadalys.lt\/wp-content\/uploads\/2024\/02\/bushing-6-20240121-132926.png?v=1714941694","type":"image\/png"}],"schema":{"@context":"https:\/\/schema.org","@graph":[{"@type":"WebPage","@id":"https:\/\/eskadalys.lt\/product\/ivore-164\/","url":"https:\/\/eskadalys.lt\/product\/ivore-164\/","name":"Holkki - 7W5324 | Hyv\u00e4 hinta | Nopea toimitus | Eska-osat","isPartOf":{"@id":"https:\/\/eskadalys.lt\/#website"},"primaryImageOfPage":{"@id":"https:\/\/eskadalys.lt\/product\/ivore-164\/#primaryimage"},"image":{"@id":"https:\/\/eskadalys.lt\/product\/ivore-164\/#primaryimage"},"thumbnailUrl":"https:\/\/eskadalys.lt\/wp-content\/uploads\/2024\/02\/bushing-6-20240121-132926.png?v=1714941694","datePublished":"2024-02-11T00:00:00+00:00","dateModified":"2026-04-22T13:29:47+00:00","description":"Holkki - Mitat: Ulkohalkaisija - 8,85 mm, Sis\u00e4halkaisija - 6,25 mm, Korkeus - 13 mm, Sopii: CAT, Py\u00f6r\u00e4kuormaaja, 928G, 938F, 938G, 950F, 950G, 960F, 962G OE-numerot: 7W5324, 8,85x6,25x13","breadcrumb":{"@id":"https:\/\/eskadalys.lt\/product\/ivore-164\/#breadcrumb"},"inLanguage":"fi","potentialAction":[{"@type":"ReadAction","target":["https:\/\/eskadalys.lt\/product\/ivore-164\/"]}]},{"@type":"ImageObject","inLanguage":"fi","@id":"https:\/\/eskadalys.lt\/product\/ivore-164\/#primaryimage","url":"https:\/\/eskadalys.lt\/wp-content\/uploads\/2024\/02\/bushing-6-20240121-132926.png?v=1714941694","contentUrl":"https:\/\/eskadalys.lt\/wp-content\/uploads\/2024\/02\/bushing-6-20240121-132926.png?v=1714941694","width":295,"height":295},{"@type":"BreadcrumbList","@id":"https:\/\/eskadalys.lt\/product\/ivore-164\/#breadcrumb","itemListElement":[{"@type":"ListItem","position":1,"name":"Strona g\u0142\u00f3wna","item":"https:\/\/eskadalys.lt\/"},{"@type":"ListItem","position":2,"name":"E-parduotuv\u0117","item":"https:\/\/eskadalys.lt\/e-parduotuve\/"},{"@type":"ListItem","position":3,"name":"\u012evor\u0117 &#8211; 7W5324"}]},{"@type":"WebSite","@id":"https:\/\/eskadalys.lt\/#website","url":"https:\/\/eskadalys.lt\/","name":"Eska parts","description":"Kaivinkoneen\/minikaivinkoneen\/puskutraktorin osat","publisher":{"@id":"https:\/\/eskadalys.lt\/#organization"},"potentialAction":[{"@type":"SearchAction","target":{"@type":"EntryPoint","urlTemplate":"https:\/\/eskadalys.lt\/?s={search_term_string}"},"query-input":{"@type":"PropertyValueSpecification","valueRequired":true,"valueName":"search_term_string"}}],"inLanguage":"fi"},{"@type":"Organization","@id":"https:\/\/eskadalys.lt\/#organization","name":"Eska parts","url":"https:\/\/eskadalys.lt\/","logo":{"@type":"ImageObject","inLanguage":"fi","@id":"https:\/\/eskadalys.lt\/#\/schema\/logo\/image\/","url":"https:\/\/eskadalys.lt\/wp-content\/uploads\/2024\/01\/LOGO-ESKA-FINAL.svg","contentUrl":"https:\/\/eskadalys.lt\/wp-content\/uploads\/2024\/01\/LOGO-ESKA-FINAL.svg","width":259,"height":201,"caption":"Eska dalys"},"image":{"@id":"https:\/\/eskadalys.lt\/#\/schema\/logo\/image\/"},"sameAs":["https:\/\/www.facebook.com\/profile.php?id=61556005720456"]}]}},"_links":{"self":[{"href":"https:\/\/eskadalys.lt\/fi\/wp-json\/wp\/v2\/product\/2306","targetHints":{"allow":["GET"]}}],"collection":[{"href":"https:\/\/eskadalys.lt\/fi\/wp-json\/wp\/v2\/product"}],"about":[{"href":"https:\/\/eskadalys.lt\/fi\/wp-json\/wp\/v2\/types\/product"}],"wp:featuredmedia":[{"embeddable":true,"href":"https:\/\/eskadalys.lt\/fi\/wp-json\/wp\/v2\/media\/96655"}],"wp:attachment":[{"href":"https:\/\/eskadalys.lt\/fi\/wp-json\/wp\/v2\/media?parent=2306"}],"wp:term":[{"taxonomy":"product_brand","embeddable":true,"href":"https:\/\/eskadalys.lt\/fi\/wp-json\/wp\/v2\/product_brand?post=2306"},{"taxonomy":"product_cat","embeddable":true,"href":"https:\/\/eskadalys.lt\/fi\/wp-json\/wp\/v2\/product_cat?post=2306"},{"taxonomy":"product_tag","embeddable":true,"href":"https:\/\/eskadalys.lt\/fi\/wp-json\/wp\/v2\/product_tag?post=2306"}],"curies":[{"name":"wp","href":"https:\/\/api.w.org\/{rel}","templated":true}]}}