{"id":2229,"date":"2024-02-11T01:54:25","date_gmt":"2024-02-10T23:54:25","guid":{"rendered":"https:\/\/eskadalys.lt\/?post_type=product&#038;p=2229"},"modified":"2026-03-26T09:52:29","modified_gmt":"2026-03-26T07:52:29","slug":"alkuperainen-suodatin-9","status":"publish","type":"product","link":"https:\/\/eskadalys.lt\/fi\/product\/filtras-originalas-9\/","title":{"rendered":"Alkuper\u00e4inen suodatin \u2013 2735711"},"content":{"rendered":"<p><strong>Alkuper\u00e4inen suodatin \u2013 2735711<\/strong><br \/>\n<strong>Sopii:<\/strong> CAT, Moottori, C4.4, C6.6, C7.1, Tela-alustainen kaivinkone, M313D, M315D, M316D, M318D, M320, Py\u00f6r\u00e4kuormaaja, IT14G, IT14G2, IT38H, Py\u00f6rill\u00e4 varustettu tieh\u00f6yl\u00e4, 12, 120M, Tela-alustainen kuormaaja, 953D, 963D, Puskutraktori, D6K, D6N, 914G, 924H, 924HZ, 924K, 928F, 928H, 928HZ, 930H, 930K, 938H, 938K, 950, 962G, Py\u00f6r\u00e4kaivinkone, M317<br \/>\n<strong>OE-numerot::<\/strong> SBL88016, 2654A104, 2735711<br \/>\n273-5711<\/p>\n<h3>\ud83d\udd0d Etsitk\u00f6 toista tuotetta samasta kategoriasta? <a href=\"https:\/\/eskadalys.lt\/fi\/tuotekategoria-fi\/suodattimet-oljyt-voiteluaineet\/hydrauliset-suodattimet\/\">Hydraulisuodattimet<\/a> ?<\/h3>\n<h3>\ud83d\udee0\ufe0f CAT-osia \u2013 l\u00f6yd\u00e4t niit\u00e4 lis\u00e4\u00e4 <a href=\"https:\/\/eskadalys.lt\/fi\/tuotekategoria-fi\/suodattimet-oljyt-voiteluaineet\/\"\">Suodattimet\/\u00f6ljyt\/voiteluaineet<\/a> kategoriassa.<\/h3>\n<p>Jos et ole varma, sopiiko t\u00e4m\u00e4 osa koneeseesi, <strong>L\u00e4het\u00e4 meille ajoneuvon sarjanumero (VIN) ennen ostamista.<\/strong>. Tarkistamme yhteensopivuuden luetteloiden avulla ja <strong>tarjoamme oikean osan<\/strong>. Jos et l\u00f6yd\u00e4 tarvitsemaasi osaa, kirjoita meille \u2013 autamme sinua l\u00f6yt\u00e4m\u00e4\u00e4n sen!<\/p>\n<p><strong>\ud83d\udce6 Varasto Liettuassa<\/strong> \u2013 Ennen klo 14.00 tehdyt tilaukset l\u00e4hetet\u00e4\u00e4n samana p\u00e4iv\u00e4n\u00e4.<\/p>\n<p><strong>\ud83d\ude80 Nopea toimitus<\/strong> \u2013 Tilatut tuotteet, joita meill\u00e4 ei t\u00e4ll\u00e4 hetkell\u00e4 ole varastossa, toimitetaan 3\u20134 arkip\u00e4iv\u00e4n kuluessa.<\/p>\n<p><strong>\ud83d\udcc8 Laaja valikoima<\/strong> \u2013 laajennamme tuotevalikoimaamme jatkuvasti.<\/p>","protected":false},"excerpt":{"rendered":"<p>2735711 G<\/p>","protected":false},"featured_media":96495,"template":"","meta":{"site-sidebar-layout":"default","site-content-layout":"","ast-site-content-layout":"default","site-content-style":"default","site-sidebar-style":"default","ast-global-header-display":"","ast-banner-title-visibility":"","ast-main-header-display":"","ast-hfb-above-header-display":"","ast-hfb-below-header-display":"","ast-hfb-mobile-header-display":"","site-post-title":"","ast-breadcrumbs-content":"","ast-featured-img":"","footer-sml-layout":"","ast-disable-related-posts":"","theme-transparent-header-meta":"","adv-header-id-meta":"","stick-header-meta":"","header-above-stick-meta":"","header-main-stick-meta":"","header-below-stick-meta":"","astra-migrate-meta-layouts":"default","ast-page-background-enabled":"default","ast-page-background-meta":{"desktop":{"background-color":"","background-image":"","background-repeat":"repeat","background-position":"center center","background-size":"auto","background-attachment":"scroll","background-type":"","background-media":"","overlay-type":"","overlay-color":"","overlay-opacity":"","overlay-gradient":""},"tablet":{"background-color":"","background-image":"","background-repeat":"repeat","background-position":"center center","background-size":"auto","background-attachment":"scroll","background-type":"","background-media":"","overlay-type":"","overlay-color":"","overlay-opacity":"","overlay-gradient":""},"mobile":{"background-color":"","background-image":"","background-repeat":"repeat","background-position":"center center","background-size":"auto","background-attachment":"scroll","background-type":"","background-media":"","overlay-type":"","overlay-color":"","overlay-opacity":"","overlay-gradient":""}},"ast-content-background-meta":{"desktop":{"background-color":"var(--ast-global-color-5)","background-image":"","background-repeat":"repeat","background-position":"center center","background-size":"auto","background-attachment":"scroll","background-type":"","background-media":"","overlay-type":"","overlay-color":"","overlay-opacity":"","overlay-gradient":""},"tablet":{"background-color":"var(--ast-global-color-5)","background-image":"","background-repeat":"repeat","background-position":"center center","background-size":"auto","background-attachment":"scroll","background-type":"","background-media":"","overlay-type":"","overlay-color":"","overlay-opacity":"","overlay-gradient":""},"mobile":{"background-color":"var(--ast-global-color-5)","background-image":"","background-repeat":"repeat","background-position":"center center","background-size":"auto","background-attachment":"scroll","background-type":"","background-media":"","overlay-type":"","overlay-color":"","overlay-opacity":"","overlay-gradient":""}}},"product_brand":[],"product_cat":[793],"product_tag":[],"class_list":{"0":"post-2229","1":"product","2":"type-product","3":"status-publish","4":"has-post-thumbnail","6":"product_cat-hidrauliniai-filtrai","7":"desktop-align-left","8":"tablet-align-left","9":"mobile-align-left","11":"first","12":"onbackorder","13":"taxable","14":"shipping-taxable","15":"purchasable","16":"product-type-simple"},"yoast_head":"<!-- This site is optimized with the Yoast SEO plugin v27.3 - https:\/\/yoast.com\/product\/yoast-seo-wordpress\/ -->\n<title>Filtras Originalas - 2735711 | Gera kaina | Greitas pristatymas | Eska dalys<\/title>\n<meta name=\"description\" content=\"Filtras Originalas - 2735711 G Tinka: CAT, Variklis, C4.4, C6.6, C7.1, Vik\u0161rinis ekskavatorius, M313D, M315D, M316D, M318D, M320, Frontalinis krautuvas, IT14G, IT14G2, IT38H, Wheeled Motor Grader, 12, 120M, Vik\u0161rinis krautuvas, 953D, 963D, Buldozeris, D6K, D6N, 914G, 924H, 924HZ, 924K, 928F, 928H, 928HZ, 930H, 930K, 938H, 938K, 950, 962G, Ratinis ekskavatorius, M317 OE numeriai: SBL88016, 2654A104, 2735711\" \/>\n<meta name=\"robots\" content=\"index, follow, max-snippet:-1, max-image-preview:large, max-video-preview:-1\" \/>\n<link rel=\"canonical\" href=\"https:\/\/eskadalys.lt\/fi\/tuote-fi\/alkuperainen-suodatin-9\/\" \/>\n<meta property=\"og:locale\" content=\"fi_FI\" \/>\n<meta property=\"og:type\" content=\"article\" \/>\n<meta property=\"og:title\" content=\"Filtras Originalas - 2735711 | Gera kaina | Greitas pristatymas | Eska dalys\" \/>\n<meta property=\"og:description\" content=\"Filtras Originalas - 2735711 G Tinka: CAT, Variklis, C4.4, C6.6, C7.1, Vik\u0161rinis ekskavatorius, M313D, M315D, M316D, M318D, M320, Frontalinis krautuvas, IT14G, IT14G2, IT38H, Wheeled Motor Grader, 12, 120M, Vik\u0161rinis krautuvas, 953D, 963D, Buldozeris, D6K, D6N, 914G, 924H, 924HZ, 924K, 928F, 928H, 928HZ, 930H, 930K, 938H, 938K, 950, 962G, Ratinis ekskavatorius, M317 OE numeriai: SBL88016, 2654A104, 2735711\" \/>\n<meta property=\"og:url\" content=\"https:\/\/eskadalys.lt\/fi\/tuote-fi\/alkuperainen-suodatin-9\/\" \/>\n<meta property=\"og:site_name\" content=\"Eska dalys\" \/>\n<meta property=\"article:publisher\" content=\"https:\/\/www.facebook.com\/profile.php?id=61556005720456\" \/>\n<meta property=\"article:modified_time\" content=\"2026-03-26T07:52:29+00:00\" \/>\n<meta property=\"og:image\" content=\"https:\/\/eskadalys.lt\/wp-content\/uploads\/2024\/02\/breather-20240121-132413.png?v=1714942388\" \/>\n\t<meta property=\"og:image:width\" content=\"799\" \/>\n\t<meta property=\"og:image:height\" content=\"530\" \/>\n\t<meta property=\"og:image:type\" content=\"image\/png\" \/>\n<script type=\"application\/ld+json\" class=\"yoast-schema-graph\">{\"@context\":\"https:\\\/\\\/schema.org\",\"@graph\":[{\"@type\":\"WebPage\",\"@id\":\"https:\\\/\\\/eskadalys.lt\\\/product\\\/filtras-originalas-9\\\/\",\"url\":\"https:\\\/\\\/eskadalys.lt\\\/product\\\/filtras-originalas-9\\\/\",\"name\":\"Filtras Originalas - 2735711 | Gera kaina | Greitas pristatymas | Eska dalys\",\"isPartOf\":{\"@id\":\"https:\\\/\\\/eskadalys.lt\\\/#website\"},\"primaryImageOfPage\":{\"@id\":\"https:\\\/\\\/eskadalys.lt\\\/product\\\/filtras-originalas-9\\\/#primaryimage\"},\"image\":{\"@id\":\"https:\\\/\\\/eskadalys.lt\\\/product\\\/filtras-originalas-9\\\/#primaryimage\"},\"thumbnailUrl\":\"https:\\\/\\\/eskadalys.lt\\\/wp-content\\\/uploads\\\/2024\\\/02\\\/breather-20240121-132413.png?v=1714942388\",\"datePublished\":\"2024-02-10T23:54:25+00:00\",\"dateModified\":\"2026-03-26T07:52:29+00:00\",\"description\":\"Filtras Originalas - 2735711 G Tinka: CAT, Variklis, C4.4, C6.6, C7.1, Vik\u0161rinis ekskavatorius, M313D, M315D, M316D, M318D, M320, Frontalinis krautuvas, IT14G, IT14G2, IT38H, Wheeled Motor Grader, 12, 120M, Vik\u0161rinis krautuvas, 953D, 963D, Buldozeris, D6K, D6N, 914G, 924H, 924HZ, 924K, 928F, 928H, 928HZ, 930H, 930K, 938H, 938K, 950, 962G, Ratinis ekskavatorius, M317 OE numeriai: SBL88016, 2654A104, 2735711\",\"breadcrumb\":{\"@id\":\"https:\\\/\\\/eskadalys.lt\\\/product\\\/filtras-originalas-9\\\/#breadcrumb\"},\"inLanguage\":\"fi\",\"potentialAction\":[{\"@type\":\"ReadAction\",\"target\":[\"https:\\\/\\\/eskadalys.lt\\\/product\\\/filtras-originalas-9\\\/\"]}]},{\"@type\":\"ImageObject\",\"inLanguage\":\"fi\",\"@id\":\"https:\\\/\\\/eskadalys.lt\\\/product\\\/filtras-originalas-9\\\/#primaryimage\",\"url\":\"https:\\\/\\\/eskadalys.lt\\\/wp-content\\\/uploads\\\/2024\\\/02\\\/breather-20240121-132413.png?v=1714942388\",\"contentUrl\":\"https:\\\/\\\/eskadalys.lt\\\/wp-content\\\/uploads\\\/2024\\\/02\\\/breather-20240121-132413.png?v=1714942388\",\"width\":799,\"height\":530},{\"@type\":\"BreadcrumbList\",\"@id\":\"https:\\\/\\\/eskadalys.lt\\\/product\\\/filtras-originalas-9\\\/#breadcrumb\",\"itemListElement\":[{\"@type\":\"ListItem\",\"position\":1,\"name\":\"Strona g\u0142\u00f3wna\",\"item\":\"https:\\\/\\\/eskadalys.lt\\\/\"},{\"@type\":\"ListItem\",\"position\":2,\"name\":\"E-parduotuv\u0117\",\"item\":\"https:\\\/\\\/eskadalys.lt\\\/e-parduotuve\\\/\"},{\"@type\":\"ListItem\",\"position\":3,\"name\":\"Filtras Originalas &#8211; 2735711\"}]},{\"@type\":\"WebSite\",\"@id\":\"https:\\\/\\\/eskadalys.lt\\\/#website\",\"url\":\"https:\\\/\\\/eskadalys.lt\\\/\",\"name\":\"Eska dalys\",\"description\":\"Ekskavatori\u0173 \\\/ mini ekskavatori\u0173 \\\/ buldozeri\u0173 dalys\",\"publisher\":{\"@id\":\"https:\\\/\\\/eskadalys.lt\\\/#organization\"},\"potentialAction\":[{\"@type\":\"SearchAction\",\"target\":{\"@type\":\"EntryPoint\",\"urlTemplate\":\"https:\\\/\\\/eskadalys.lt\\\/?s={search_term_string}\"},\"query-input\":{\"@type\":\"PropertyValueSpecification\",\"valueRequired\":true,\"valueName\":\"search_term_string\"}}],\"inLanguage\":\"fi\"},{\"@type\":\"Organization\",\"@id\":\"https:\\\/\\\/eskadalys.lt\\\/#organization\",\"name\":\"Eska dalys\",\"url\":\"https:\\\/\\\/eskadalys.lt\\\/\",\"logo\":{\"@type\":\"ImageObject\",\"inLanguage\":\"fi\",\"@id\":\"https:\\\/\\\/eskadalys.lt\\\/#\\\/schema\\\/logo\\\/image\\\/\",\"url\":\"https:\\\/\\\/eskadalys.lt\\\/wp-content\\\/uploads\\\/2024\\\/01\\\/LOGO-ESKA-FINAL.svg\",\"contentUrl\":\"https:\\\/\\\/eskadalys.lt\\\/wp-content\\\/uploads\\\/2024\\\/01\\\/LOGO-ESKA-FINAL.svg\",\"width\":259,\"height\":201,\"caption\":\"Eska dalys\"},\"image\":{\"@id\":\"https:\\\/\\\/eskadalys.lt\\\/#\\\/schema\\\/logo\\\/image\\\/\"},\"sameAs\":[\"https:\\\/\\\/www.facebook.com\\\/profile.php?id=61556005720456\"]}]}<\/script>\n<!-- \/ Yoast SEO plugin. -->","yoast_head_json":{"title":"Alkuper\u00e4inen suodatin - 2735711 | Hyv\u00e4 hinta | Nopea toimitus | Eska-osat","description":"Alkuper\u00e4inen suodatin - 2735711 G Sopii: CAT, Moottori, C4.4, C6.6, C7.1, Tela-alustainen kaivinkone, M313D, M315D, M316D, M318D, M320, Py\u00f6r\u00e4kuormaaja, IT14G, IT14G2, IT38H, Py\u00f6r\u00e4alustainen tieh\u00f6yl\u00e4, 12, 120M, Tela-alustainen kuormaaja, 953D, 963D, Puskutraktori, D6K, D6N, 914G, 924H, 924HZ, 924K, 928F, 928H, 928HZ, 930H, 930K, 938H, 938K, 950, 962G, Py\u00f6r\u00e4kaivinkone, M317 OE-numerot: SBL88016, 2654A104, 2735711","robots":{"index":"index","follow":"follow","max-snippet":"max-snippet:-1","max-image-preview":"max-image-preview:large","max-video-preview":"max-video-preview:-1"},"canonical":"https:\/\/eskadalys.lt\/fi\/tuote-fi\/alkuperainen-suodatin-9\/","og_locale":"fi_FI","og_type":"article","og_title":"Filtras Originalas - 2735711 | Gera kaina | Greitas pristatymas | Eska dalys","og_description":"Filtras Originalas - 2735711 G Tinka: CAT, Variklis, C4.4, C6.6, C7.1, Vik\u0161rinis ekskavatorius, M313D, M315D, M316D, M318D, M320, Frontalinis krautuvas, IT14G, IT14G2, IT38H, Wheeled Motor Grader, 12, 120M, Vik\u0161rinis krautuvas, 953D, 963D, Buldozeris, D6K, D6N, 914G, 924H, 924HZ, 924K, 928F, 928H, 928HZ, 930H, 930K, 938H, 938K, 950, 962G, Ratinis ekskavatorius, M317 OE numeriai: SBL88016, 2654A104, 2735711","og_url":"https:\/\/eskadalys.lt\/fi\/tuote-fi\/alkuperainen-suodatin-9\/","og_site_name":"Eska dalys","article_publisher":"https:\/\/www.facebook.com\/profile.php?id=61556005720456","article_modified_time":"2026-03-26T07:52:29+00:00","og_image":[{"width":799,"height":530,"url":"https:\/\/eskadalys.lt\/wp-content\/uploads\/2024\/02\/breather-20240121-132413.png?v=1714942388","type":"image\/png"}],"schema":{"@context":"https:\/\/schema.org","@graph":[{"@type":"WebPage","@id":"https:\/\/eskadalys.lt\/product\/filtras-originalas-9\/","url":"https:\/\/eskadalys.lt\/product\/filtras-originalas-9\/","name":"Alkuper\u00e4inen suodatin - 2735711 | Hyv\u00e4 hinta | Nopea toimitus | Eska-osat","isPartOf":{"@id":"https:\/\/eskadalys.lt\/#website"},"primaryImageOfPage":{"@id":"https:\/\/eskadalys.lt\/product\/filtras-originalas-9\/#primaryimage"},"image":{"@id":"https:\/\/eskadalys.lt\/product\/filtras-originalas-9\/#primaryimage"},"thumbnailUrl":"https:\/\/eskadalys.lt\/wp-content\/uploads\/2024\/02\/breather-20240121-132413.png?v=1714942388","datePublished":"2024-02-10T23:54:25+00:00","dateModified":"2026-03-26T07:52:29+00:00","description":"Alkuper\u00e4inen suodatin - 2735711 G Sopii: CAT, Moottori, C4.4, C6.6, C7.1, Tela-alustainen kaivinkone, M313D, M315D, M316D, M318D, M320, Py\u00f6r\u00e4kuormaaja, IT14G, IT14G2, IT38H, Py\u00f6r\u00e4alustainen tieh\u00f6yl\u00e4, 12, 120M, Tela-alustainen kuormaaja, 953D, 963D, Puskutraktori, D6K, D6N, 914G, 924H, 924HZ, 924K, 928F, 928H, 928HZ, 930H, 930K, 938H, 938K, 950, 962G, Py\u00f6r\u00e4kaivinkone, M317 OE-numerot: SBL88016, 2654A104, 2735711","breadcrumb":{"@id":"https:\/\/eskadalys.lt\/product\/filtras-originalas-9\/#breadcrumb"},"inLanguage":"fi","potentialAction":[{"@type":"ReadAction","target":["https:\/\/eskadalys.lt\/product\/filtras-originalas-9\/"]}]},{"@type":"ImageObject","inLanguage":"fi","@id":"https:\/\/eskadalys.lt\/product\/filtras-originalas-9\/#primaryimage","url":"https:\/\/eskadalys.lt\/wp-content\/uploads\/2024\/02\/breather-20240121-132413.png?v=1714942388","contentUrl":"https:\/\/eskadalys.lt\/wp-content\/uploads\/2024\/02\/breather-20240121-132413.png?v=1714942388","width":799,"height":530},{"@type":"BreadcrumbList","@id":"https:\/\/eskadalys.lt\/product\/filtras-originalas-9\/#breadcrumb","itemListElement":[{"@type":"ListItem","position":1,"name":"Strona g\u0142\u00f3wna","item":"https:\/\/eskadalys.lt\/"},{"@type":"ListItem","position":2,"name":"E-parduotuv\u0117","item":"https:\/\/eskadalys.lt\/e-parduotuve\/"},{"@type":"ListItem","position":3,"name":"Filtras Originalas &#8211; 2735711"}]},{"@type":"WebSite","@id":"https:\/\/eskadalys.lt\/#website","url":"https:\/\/eskadalys.lt\/","name":"Eska parts","description":"Kaivinkoneen\/minikaivinkoneen\/puskutraktorin osat","publisher":{"@id":"https:\/\/eskadalys.lt\/#organization"},"potentialAction":[{"@type":"SearchAction","target":{"@type":"EntryPoint","urlTemplate":"https:\/\/eskadalys.lt\/?s={search_term_string}"},"query-input":{"@type":"PropertyValueSpecification","valueRequired":true,"valueName":"search_term_string"}}],"inLanguage":"fi"},{"@type":"Organization","@id":"https:\/\/eskadalys.lt\/#organization","name":"Eska parts","url":"https:\/\/eskadalys.lt\/","logo":{"@type":"ImageObject","inLanguage":"fi","@id":"https:\/\/eskadalys.lt\/#\/schema\/logo\/image\/","url":"https:\/\/eskadalys.lt\/wp-content\/uploads\/2024\/01\/LOGO-ESKA-FINAL.svg","contentUrl":"https:\/\/eskadalys.lt\/wp-content\/uploads\/2024\/01\/LOGO-ESKA-FINAL.svg","width":259,"height":201,"caption":"Eska dalys"},"image":{"@id":"https:\/\/eskadalys.lt\/#\/schema\/logo\/image\/"},"sameAs":["https:\/\/www.facebook.com\/profile.php?id=61556005720456"]}]}},"_links":{"self":[{"href":"https:\/\/eskadalys.lt\/fi\/wp-json\/wp\/v2\/product\/2229","targetHints":{"allow":["GET"]}}],"collection":[{"href":"https:\/\/eskadalys.lt\/fi\/wp-json\/wp\/v2\/product"}],"about":[{"href":"https:\/\/eskadalys.lt\/fi\/wp-json\/wp\/v2\/types\/product"}],"wp:featuredmedia":[{"embeddable":true,"href":"https:\/\/eskadalys.lt\/fi\/wp-json\/wp\/v2\/media\/96495"}],"wp:attachment":[{"href":"https:\/\/eskadalys.lt\/fi\/wp-json\/wp\/v2\/media?parent=2229"}],"wp:term":[{"taxonomy":"product_brand","embeddable":true,"href":"https:\/\/eskadalys.lt\/fi\/wp-json\/wp\/v2\/product_brand?post=2229"},{"taxonomy":"product_cat","embeddable":true,"href":"https:\/\/eskadalys.lt\/fi\/wp-json\/wp\/v2\/product_cat?post=2229"},{"taxonomy":"product_tag","embeddable":true,"href":"https:\/\/eskadalys.lt\/fi\/wp-json\/wp\/v2\/product_tag?post=2229"}],"curies":[{"name":"wp","href":"https:\/\/api.w.org\/{rel}","templated":true}]}}