{"id":1990,"date":"2024-02-11T01:39:32","date_gmt":"2024-02-10T23:39:32","guid":{"rendered":"https:\/\/eskadalys.lt\/?post_type=product&#038;p=1990"},"modified":"2026-04-22T16:29:27","modified_gmt":"2026-04-22T13:29:27","slug":"varztas-34","status":"publish","type":"product","link":"https:\/\/eskadalys.lt\/fi\/product\/varztas-34\/","title":{"rendered":"Var\u017etas &#8211; 8T4139"},"content":{"rendered":"<p><strong>Var\u017etas &#8211; 8T4139<\/strong><br \/>\nTinka: CAT, Ekskavatorius krautuvas, 414E, 416B, 416C, 416D, 416E, 416F, 420D, 420E, 420F, 422E, 422F, 424D, 426, 426B, 426C, 428, 428B, 428C, 428D, 428E, 428F, 430D, 430E, 430F, 432D, 432E, 432F, 434E, 436, 436B, 436C, 438, 438B, 438C, 438D, 442D, 442E, 444E, 446, 446B, 446D, 450E, Tractor, 35, 55, 65C, 65E, 75C, 75D, 75E, 85C, 85D, 85E, 95E, Variklis, C-12, G3516B, 3054, 3116, 3126B, 3408C, 3456, 3508, 3508B, 3512, 3512B, 3516, 3516B, C1.5, C2.2, C3.3, C4.4, C6.6, C9, C15, C18, C27, C32, C175-16, 3512C, 3516C, G3606, G3608, C7, C9.3, C11, C13, C-9, C-10, 3126, Vik\u0161rinis ekskavatorius, M312, M313C, M313D, M315, M315C, M315D, M316C, M316D, M318C, M318D, 311, 311B, 311C, 311D, 312, 312B, 312C, 312D, 314C, 314D, 314E, 315, 315B, 315C, 315D, 316E, 317, 317B, 318B, 318C, 318D, 318D2, 318E, 319C, 319D, 320, 320B, 322, 325, 325B, 330B, 375, Generator, PM3516, PMG3516, Mini ekskavatorius, 301.5, 301.6C, 302.5, 302.5C, 303, 303.5, 303.5C, 303.5D, 303.5E, 303C, 304, 304.5, 304C, 304D, 304E, 305, 305.5, 305.5D, 305.5E, 305C, 305D, 305E, 306, 307B, 307C, 307D, 308C, 308D, 308E, Vik\u0161rinis krautuvas, 259B3, 279C, 279C2, 289C, 289C2, 299C, 299D, Mini Vik\u0161rinis krautuvas, 247, 247B, 247B3, 257B, 257B3, 277C, 277C2, 287C, 287C2, 297C, 216, 216B, 216B3, 226B, 226B3, 228, 232B, 236, 236B, 236B3, 242B, 242B3, 246C, 248, 252B, 252B3, 256C, 262C, 262C2, 268B, 272C, 272D, Teleskopiniai krautuvai, RT50, RT100, TH62, TH63, TH82, TH83, TH103, TH210, TH215, TH355B, TH460B, TH560B, TH580B, 933, 939, 953C, 953D, 963B, 973, 973C, Buldozeris, D3C, D4C, D4H, D5C, D5H, D6M, D6R, D8N, 450F, Ratinis ekskavatorius, 424B, 416, 444F, 434F, M318, M317, 236D, 242D, 246D, 259D, 262D, 257D, 277D, 279D, 287D, 289D, 267, 267B, 287<br \/>\nOE numeriai: 8T4139<br \/>\n8T-4139<\/p>\n<p>Jos olet ep\u00e4varma tai et pysty varmistamaan, sopiiko jokin osa ajoneuvoosi, ota meihin yhteytt\u00e4 ennen ostamista. <strong>l\u00e4het\u00e4 meille ajoneuvon sarjanumero (VIN)<\/strong> ja tarkistamme luetteloiden avulla, sopiiko valitsemasi osa ajoneuvoosi\/<strong>tarjoamme oikean osan<\/strong>. Jos et l\u00f6yd\u00e4 etsim\u00e4\u00e4si osaa, kirjoita meille, niin tarjoamme sinulle tarvitsemasi osan.<\/p>\n<p><strong>Varasto Liettuassa<\/strong> \u2013 Kaikki ennen klo 14.00 tilatut varastossa olevat tuotteet l\u00e4hetet\u00e4\u00e4n samana p\u00e4iv\u00e4n\u00e4.<br \/>\n<strong>Nopea toimitus<\/strong>\u2013 Ennakkotilatut tuotteet, joita meill\u00e4 ei t\u00e4ll\u00e4 hetkell\u00e4 ole varastossa, toimitetaan 3\u20134 arkip\u00e4iv\u00e4n kuluessa.<br \/>\n<strong>Laaja valikoima<\/strong>\u2013 Laajennamme jatkuvasti varastomme tuotevalikoimaa.<\/p>","protected":false},"excerpt":{"rendered":"<p>8T4139<\/p>","protected":false},"featured_media":96081,"template":"","meta":{"site-sidebar-layout":"default","site-content-layout":"","ast-site-content-layout":"default","site-content-style":"default","site-sidebar-style":"default","ast-global-header-display":"","ast-banner-title-visibility":"","ast-main-header-display":"","ast-hfb-above-header-display":"","ast-hfb-below-header-display":"","ast-hfb-mobile-header-display":"","site-post-title":"","ast-breadcrumbs-content":"","ast-featured-img":"","footer-sml-layout":"","ast-disable-related-posts":"","theme-transparent-header-meta":"","adv-header-id-meta":"","stick-header-meta":"","header-above-stick-meta":"","header-main-stick-meta":"","header-below-stick-meta":"","astra-migrate-meta-layouts":"default","ast-page-background-enabled":"default","ast-page-background-meta":{"desktop":{"background-color":"","background-image":"","background-repeat":"repeat","background-position":"center center","background-size":"auto","background-attachment":"scroll","background-type":"","background-media":"","overlay-type":"","overlay-color":"","overlay-opacity":"","overlay-gradient":""},"tablet":{"background-color":"","background-image":"","background-repeat":"repeat","background-position":"center center","background-size":"auto","background-attachment":"scroll","background-type":"","background-media":"","overlay-type":"","overlay-color":"","overlay-opacity":"","overlay-gradient":""},"mobile":{"background-color":"","background-image":"","background-repeat":"repeat","background-position":"center center","background-size":"auto","background-attachment":"scroll","background-type":"","background-media":"","overlay-type":"","overlay-color":"","overlay-opacity":"","overlay-gradient":""}},"ast-content-background-meta":{"desktop":{"background-color":"var(--ast-global-color-5)","background-image":"","background-repeat":"repeat","background-position":"center center","background-size":"auto","background-attachment":"scroll","background-type":"","background-media":"","overlay-type":"","overlay-color":"","overlay-opacity":"","overlay-gradient":""},"tablet":{"background-color":"var(--ast-global-color-5)","background-image":"","background-repeat":"repeat","background-position":"center center","background-size":"auto","background-attachment":"scroll","background-type":"","background-media":"","overlay-type":"","overlay-color":"","overlay-opacity":"","overlay-gradient":""},"mobile":{"background-color":"var(--ast-global-color-5)","background-image":"","background-repeat":"repeat","background-position":"center center","background-size":"auto","background-attachment":"scroll","background-type":"","background-media":"","overlay-type":"","overlay-color":"","overlay-opacity":"","overlay-gradient":""}}},"product_brand":[],"product_cat":[19485],"product_tag":[],"class_list":{"0":"post-1990","1":"product","2":"type-product","3":"status-publish","4":"has-post-thumbnail","6":"product_cat-kita","7":"desktop-align-left","8":"tablet-align-left","9":"mobile-align-left","11":"first","12":"onbackorder","13":"taxable","14":"shipping-taxable","15":"purchasable","16":"product-type-simple"},"yoast_head":"<!-- This site is optimized with the Yoast SEO plugin v27.5 - https:\/\/yoast.com\/product\/yoast-seo-wordpress\/ -->\n<title>Var\u017etas - 8T4139 | Gera kaina | Greitas pristatymas | Eska dalys<\/title>\n<meta name=\"description\" content=\"Var\u017etas - 8T4139 Tinka: CAT, Ekskavatorius krautuvas, 414E, 416B, 416C, 416D, 416E, 416F, 420D, 420E, 420F, 422E, 422F, 424D, 426, 426B, 426C, 428, 428B, 428C, 428D, 428E, 428F, 430D, 430E, 430F, 432D, 432E, 432F, 434E, 436, 436B, 436C, 438, 438B, 438C, 438D, 442D, 442E, 444E, 446, 446B, 446D, 450E, Tractor, 35, 55, 65C, 65E, 75C, 75D, 75E, 85C, 85D, 85E, 95E, Variklis, C-12, G3516B, 3054, 3116, 3126B, 3408C, 3456, 3508, 3508B, 3512, 3512B, 3516, 3516B, C1.5, C2.2, C3.3, C4.4, C6.6, C9, C15, C18, C27, C32, C175-16, 3512C, 3516C, G3606, G3608, C7, C9.3, C11, C13, C-9, C-10, 3126, Vik\u0161rinis ekskavatorius, M312, M313C, M313D, M315, M315C, M315D, M316C, M316D, M318C, M318D, 311, 311B, 311C, 311D, 312, 312B, 312C, 312D, 314C, 314D, 314E, 315, 315B, 315C, 315D, 316E, 317, 317B, 318B, 318C, 318D, 318D2, 318E, 319C, 319D, 320, 320B, 322, 325, 325B, 330B, 375, Generator, PM3516, PMG3516, Mini ekskavatorius, 301.5, 301.6C, 302.5, 302.5C, 303, 303.5, 303.5C, 303.5D, 303.5E, 303C, 304, 304.5, 304C, 304D, 304E, 305, 305.5, 305.5D, 305.5E, 305C, 305D, 305E, 306, 307B, 307C, 307D, 308C, 308D, 308E, Vik\u0161rinis krautuvas, 259B3, 279C, 279C2, 289C, 289C2, 299C, 299D, Mini Vik\u0161rinis krautuvas, 247, 247B, 247B3, 257B, 257B3, 277C, 277C2, 287C, 287C2, 297C, 216, 216B, 216B3, 226B, 226B3, 228, 232B, 236, 236B, 236B3, 242B, 242B3, 246C, 248, 252B, 252B3, 256C, 262C, 262C2, 268B, 272C, 272D, Teleskopiniai krautuvai, RT50, RT100, TH62, TH63, TH82, TH83, TH103, TH210, TH215, TH355B, TH460B, TH560B, TH580B, 933, 939, 953C, 953D, 963B, 973, 973C, Buldozeris, D3C, D4C, D4H, D5C, D5H, D6M, D6R, D8N, 450F, Ratinis ekskavatorius, 424B, 416, 444F, 434F, M318, M317, 236D, 242D, 246D, 259D, 262D, 257D, 277D, 279D, 287D, 289D, 267, 267B, 287 OE numeriai: 8T4139\" \/>\n<meta name=\"robots\" content=\"index, follow, max-snippet:-1, max-image-preview:large, max-video-preview:-1\" \/>\n<link rel=\"canonical\" href=\"https:\/\/eskadalys.lt\/fi\/tuote-fi\/varztas-34\/\" \/>\n<meta property=\"og:locale\" content=\"fi_FI\" \/>\n<meta property=\"og:type\" content=\"article\" \/>\n<meta property=\"og:title\" content=\"Var\u017etas - 8T4139 | Gera kaina | Greitas pristatymas | Eska dalys\" \/>\n<meta property=\"og:description\" content=\"Var\u017etas - 8T4139 Tinka: CAT, Ekskavatorius krautuvas, 414E, 416B, 416C, 416D, 416E, 416F, 420D, 420E, 420F, 422E, 422F, 424D, 426, 426B, 426C, 428, 428B, 428C, 428D, 428E, 428F, 430D, 430E, 430F, 432D, 432E, 432F, 434E, 436, 436B, 436C, 438, 438B, 438C, 438D, 442D, 442E, 444E, 446, 446B, 446D, 450E, Tractor, 35, 55, 65C, 65E, 75C, 75D, 75E, 85C, 85D, 85E, 95E, Variklis, C-12, G3516B, 3054, 3116, 3126B, 3408C, 3456, 3508, 3508B, 3512, 3512B, 3516, 3516B, C1.5, C2.2, C3.3, C4.4, C6.6, C9, C15, C18, C27, C32, C175-16, 3512C, 3516C, G3606, G3608, C7, C9.3, C11, C13, C-9, C-10, 3126, Vik\u0161rinis ekskavatorius, M312, M313C, M313D, M315, M315C, M315D, M316C, M316D, M318C, M318D, 311, 311B, 311C, 311D, 312, 312B, 312C, 312D, 314C, 314D, 314E, 315, 315B, 315C, 315D, 316E, 317, 317B, 318B, 318C, 318D, 318D2, 318E, 319C, 319D, 320, 320B, 322, 325, 325B, 330B, 375, Generator, PM3516, PMG3516, Mini ekskavatorius, 301.5, 301.6C, 302.5, 302.5C, 303, 303.5, 303.5C, 303.5D, 303.5E, 303C, 304, 304.5, 304C, 304D, 304E, 305, 305.5, 305.5D, 305.5E, 305C, 305D, 305E, 306, 307B, 307C, 307D, 308C, 308D, 308E, Vik\u0161rinis krautuvas, 259B3, 279C, 279C2, 289C, 289C2, 299C, 299D, Mini Vik\u0161rinis krautuvas, 247, 247B, 247B3, 257B, 257B3, 277C, 277C2, 287C, 287C2, 297C, 216, 216B, 216B3, 226B, 226B3, 228, 232B, 236, 236B, 236B3, 242B, 242B3, 246C, 248, 252B, 252B3, 256C, 262C, 262C2, 268B, 272C, 272D, Teleskopiniai krautuvai, RT50, RT100, TH62, TH63, TH82, TH83, TH103, TH210, TH215, TH355B, TH460B, TH560B, TH580B, 933, 939, 953C, 953D, 963B, 973, 973C, Buldozeris, D3C, D4C, D4H, D5C, D5H, D6M, D6R, D8N, 450F, Ratinis ekskavatorius, 424B, 416, 444F, 434F, M318, M317, 236D, 242D, 246D, 259D, 262D, 257D, 277D, 279D, 287D, 289D, 267, 267B, 287 OE numeriai: 8T4139\" \/>\n<meta property=\"og:url\" content=\"https:\/\/eskadalys.lt\/fi\/tuote-fi\/varztas-34\/\" \/>\n<meta property=\"og:site_name\" content=\"Eska dalys\" \/>\n<meta property=\"article:publisher\" content=\"https:\/\/www.facebook.com\/profile.php?id=61556005720456\" \/>\n<meta property=\"article:modified_time\" content=\"2026-04-22T13:29:27+00:00\" \/>\n<meta property=\"og:image\" content=\"https:\/\/eskadalys.lt\/wp-content\/uploads\/2024\/02\/bolt-20240121-131024.png?v=1714943456\" \/>\n\t<meta property=\"og:image:width\" content=\"1600\" \/>\n\t<meta property=\"og:image:height\" content=\"917\" \/>\n\t<meta property=\"og:image:type\" content=\"image\/png\" \/>\n<script type=\"application\/ld+json\" class=\"yoast-schema-graph\">{\"@context\":\"https:\\\/\\\/schema.org\",\"@graph\":[{\"@type\":\"WebPage\",\"@id\":\"https:\\\/\\\/eskadalys.lt\\\/product\\\/varztas-34\\\/\",\"url\":\"https:\\\/\\\/eskadalys.lt\\\/product\\\/varztas-34\\\/\",\"name\":\"Var\u017etas - 8T4139 | Gera kaina | Greitas pristatymas | Eska dalys\",\"isPartOf\":{\"@id\":\"https:\\\/\\\/eskadalys.lt\\\/#website\"},\"primaryImageOfPage\":{\"@id\":\"https:\\\/\\\/eskadalys.lt\\\/product\\\/varztas-34\\\/#primaryimage\"},\"image\":{\"@id\":\"https:\\\/\\\/eskadalys.lt\\\/product\\\/varztas-34\\\/#primaryimage\"},\"thumbnailUrl\":\"https:\\\/\\\/eskadalys.lt\\\/wp-content\\\/uploads\\\/2024\\\/02\\\/bolt-20240121-131024.png?v=1714943456\",\"datePublished\":\"2024-02-10T23:39:32+00:00\",\"dateModified\":\"2026-04-22T13:29:27+00:00\",\"description\":\"Var\u017etas - 8T4139 Tinka: CAT, Ekskavatorius krautuvas, 414E, 416B, 416C, 416D, 416E, 416F, 420D, 420E, 420F, 422E, 422F, 424D, 426, 426B, 426C, 428, 428B, 428C, 428D, 428E, 428F, 430D, 430E, 430F, 432D, 432E, 432F, 434E, 436, 436B, 436C, 438, 438B, 438C, 438D, 442D, 442E, 444E, 446, 446B, 446D, 450E, Tractor, 35, 55, 65C, 65E, 75C, 75D, 75E, 85C, 85D, 85E, 95E, Variklis, C-12, G3516B, 3054, 3116, 3126B, 3408C, 3456, 3508, 3508B, 3512, 3512B, 3516, 3516B, C1.5, C2.2, C3.3, C4.4, C6.6, C9, C15, C18, C27, C32, C175-16, 3512C, 3516C, G3606, G3608, C7, C9.3, C11, C13, C-9, C-10, 3126, Vik\u0161rinis ekskavatorius, M312, M313C, M313D, M315, M315C, M315D, M316C, M316D, M318C, M318D, 311, 311B, 311C, 311D, 312, 312B, 312C, 312D, 314C, 314D, 314E, 315, 315B, 315C, 315D, 316E, 317, 317B, 318B, 318C, 318D, 318D2, 318E, 319C, 319D, 320, 320B, 322, 325, 325B, 330B, 375, Generator, PM3516, PMG3516, Mini ekskavatorius, 301.5, 301.6C, 302.5, 302.5C, 303, 303.5, 303.5C, 303.5D, 303.5E, 303C, 304, 304.5, 304C, 304D, 304E, 305, 305.5, 305.5D, 305.5E, 305C, 305D, 305E, 306, 307B, 307C, 307D, 308C, 308D, 308E, Vik\u0161rinis krautuvas, 259B3, 279C, 279C2, 289C, 289C2, 299C, 299D, Mini Vik\u0161rinis krautuvas, 247, 247B, 247B3, 257B, 257B3, 277C, 277C2, 287C, 287C2, 297C, 216, 216B, 216B3, 226B, 226B3, 228, 232B, 236, 236B, 236B3, 242B, 242B3, 246C, 248, 252B, 252B3, 256C, 262C, 262C2, 268B, 272C, 272D, Teleskopiniai krautuvai, RT50, RT100, TH62, TH63, TH82, TH83, TH103, TH210, TH215, TH355B, TH460B, TH560B, TH580B, 933, 939, 953C, 953D, 963B, 973, 973C, Buldozeris, D3C, D4C, D4H, D5C, D5H, D6M, D6R, D8N, 450F, Ratinis ekskavatorius, 424B, 416, 444F, 434F, M318, M317, 236D, 242D, 246D, 259D, 262D, 257D, 277D, 279D, 287D, 289D, 267, 267B, 287 OE numeriai: 8T4139\",\"breadcrumb\":{\"@id\":\"https:\\\/\\\/eskadalys.lt\\\/product\\\/varztas-34\\\/#breadcrumb\"},\"inLanguage\":\"fi\",\"potentialAction\":[{\"@type\":\"ReadAction\",\"target\":[\"https:\\\/\\\/eskadalys.lt\\\/product\\\/varztas-34\\\/\"]}]},{\"@type\":\"ImageObject\",\"inLanguage\":\"fi\",\"@id\":\"https:\\\/\\\/eskadalys.lt\\\/product\\\/varztas-34\\\/#primaryimage\",\"url\":\"https:\\\/\\\/eskadalys.lt\\\/wp-content\\\/uploads\\\/2024\\\/02\\\/bolt-20240121-131024.png?v=1714943456\",\"contentUrl\":\"https:\\\/\\\/eskadalys.lt\\\/wp-content\\\/uploads\\\/2024\\\/02\\\/bolt-20240121-131024.png?v=1714943456\",\"width\":1600,\"height\":917},{\"@type\":\"BreadcrumbList\",\"@id\":\"https:\\\/\\\/eskadalys.lt\\\/product\\\/varztas-34\\\/#breadcrumb\",\"itemListElement\":[{\"@type\":\"ListItem\",\"position\":1,\"name\":\"Strona g\u0142\u00f3wna\",\"item\":\"https:\\\/\\\/eskadalys.lt\\\/\"},{\"@type\":\"ListItem\",\"position\":2,\"name\":\"E-parduotuv\u0117\",\"item\":\"https:\\\/\\\/eskadalys.lt\\\/e-parduotuve\\\/\"},{\"@type\":\"ListItem\",\"position\":3,\"name\":\"Var\u017etas &#8211; 8T4139\"}]},{\"@type\":\"WebSite\",\"@id\":\"https:\\\/\\\/eskadalys.lt\\\/#website\",\"url\":\"https:\\\/\\\/eskadalys.lt\\\/\",\"name\":\"Eska dalys\",\"description\":\"Ekskavatori\u0173 \\\/ mini ekskavatori\u0173 \\\/ buldozeri\u0173 dalys\",\"publisher\":{\"@id\":\"https:\\\/\\\/eskadalys.lt\\\/#organization\"},\"potentialAction\":[{\"@type\":\"SearchAction\",\"target\":{\"@type\":\"EntryPoint\",\"urlTemplate\":\"https:\\\/\\\/eskadalys.lt\\\/?s={search_term_string}\"},\"query-input\":{\"@type\":\"PropertyValueSpecification\",\"valueRequired\":true,\"valueName\":\"search_term_string\"}}],\"inLanguage\":\"fi\"},{\"@type\":\"Organization\",\"@id\":\"https:\\\/\\\/eskadalys.lt\\\/#organization\",\"name\":\"Eska dalys\",\"url\":\"https:\\\/\\\/eskadalys.lt\\\/\",\"logo\":{\"@type\":\"ImageObject\",\"inLanguage\":\"fi\",\"@id\":\"https:\\\/\\\/eskadalys.lt\\\/#\\\/schema\\\/logo\\\/image\\\/\",\"url\":\"https:\\\/\\\/eskadalys.lt\\\/wp-content\\\/uploads\\\/2024\\\/01\\\/LOGO-ESKA-FINAL.svg\",\"contentUrl\":\"https:\\\/\\\/eskadalys.lt\\\/wp-content\\\/uploads\\\/2024\\\/01\\\/LOGO-ESKA-FINAL.svg\",\"width\":259,\"height\":201,\"caption\":\"Eska dalys\"},\"image\":{\"@id\":\"https:\\\/\\\/eskadalys.lt\\\/#\\\/schema\\\/logo\\\/image\\\/\"},\"sameAs\":[\"https:\\\/\\\/www.facebook.com\\\/profile.php?id=61556005720456\"]}]}<\/script>\n<!-- \/ Yoast SEO plugin. -->","yoast_head_json":{"title":"Var\u017etas - 8T4139 | Gera kaina | Greitas pristatymas | Eska dalys","description":"Var\u017etas - 8T4139 Tinka: CAT, Ekskavatorius krautuvas, 414E, 416B, 416C, 416D, 416E, 416F, 420D, 420E, 420F, 422E, 422F, 424D, 426, 426B, 426C, 428, 428B, 428C, 428D, 428E, 428F, 430D, 430E, 430F, 432D, 432E, 432F, 434E, 436, 436B, 436C, 438, 438B, 438C, 438D, 442D, 442E, 444E, 446, 446B, 446D, 450E, Tractor, 35, 55, 65C, 65E, 75C, 75D, 75E, 85C, 85D, 85E, 95E, Variklis, C-12, G3516B, 3054, 3116, 3126B, 3408C, 3456, 3508, 3508B, 3512, 3512B, 3516, 3516B, C1.5, C2.2, C3.3, C4.4, C6.6, C9, C15, C18, C27, C32, C175-16, 3512C, 3516C, G3606, G3608, C7, C9.3, C11, C13, C-9, C-10, 3126, Vik\u0161rinis ekskavatorius, M312, M313C, M313D, M315, M315C, M315D, M316C, M316D, M318C, M318D, 311, 311B, 311C, 311D, 312, 312B, 312C, 312D, 314C, 314D, 314E, 315, 315B, 315C, 315D, 316E, 317, 317B, 318B, 318C, 318D, 318D2, 318E, 319C, 319D, 320, 320B, 322, 325, 325B, 330B, 375, Generator, PM3516, PMG3516, Mini ekskavatorius, 301.5, 301.6C, 302.5, 302.5C, 303, 303.5, 303.5C, 303.5D, 303.5E, 303C, 304, 304.5, 304C, 304D, 304E, 305, 305.5, 305.5D, 305.5E, 305C, 305D, 305E, 306, 307B, 307C, 307D, 308C, 308D, 308E, Vik\u0161rinis krautuvas, 259B3, 279C, 279C2, 289C, 289C2, 299C, 299D, Mini Vik\u0161rinis krautuvas, 247, 247B, 247B3, 257B, 257B3, 277C, 277C2, 287C, 287C2, 297C, 216, 216B, 216B3, 226B, 226B3, 228, 232B, 236, 236B, 236B3, 242B, 242B3, 246C, 248, 252B, 252B3, 256C, 262C, 262C2, 268B, 272C, 272D, Teleskopiniai krautuvai, RT50, RT100, TH62, TH63, TH82, TH83, TH103, TH210, TH215, TH355B, TH460B, TH560B, TH580B, 933, 939, 953C, 953D, 963B, 973, 973C, Buldozeris, D3C, D4C, D4H, D5C, D5H, D6M, D6R, D8N, 450F, Ratinis ekskavatorius, 424B, 416, 444F, 434F, M318, M317, 236D, 242D, 246D, 259D, 262D, 257D, 277D, 279D, 287D, 289D, 267, 267B, 287 OE numeriai: 8T4139","robots":{"index":"index","follow":"follow","max-snippet":"max-snippet:-1","max-image-preview":"max-image-preview:large","max-video-preview":"max-video-preview:-1"},"canonical":"https:\/\/eskadalys.lt\/fi\/tuote-fi\/varztas-34\/","og_locale":"fi_FI","og_type":"article","og_title":"Var\u017etas - 8T4139 | Gera kaina | Greitas pristatymas | Eska dalys","og_description":"Var\u017etas - 8T4139 Tinka: CAT, Ekskavatorius krautuvas, 414E, 416B, 416C, 416D, 416E, 416F, 420D, 420E, 420F, 422E, 422F, 424D, 426, 426B, 426C, 428, 428B, 428C, 428D, 428E, 428F, 430D, 430E, 430F, 432D, 432E, 432F, 434E, 436, 436B, 436C, 438, 438B, 438C, 438D, 442D, 442E, 444E, 446, 446B, 446D, 450E, Tractor, 35, 55, 65C, 65E, 75C, 75D, 75E, 85C, 85D, 85E, 95E, Variklis, C-12, G3516B, 3054, 3116, 3126B, 3408C, 3456, 3508, 3508B, 3512, 3512B, 3516, 3516B, C1.5, C2.2, C3.3, C4.4, C6.6, C9, C15, C18, C27, C32, C175-16, 3512C, 3516C, G3606, G3608, C7, C9.3, C11, C13, C-9, C-10, 3126, Vik\u0161rinis ekskavatorius, M312, M313C, M313D, M315, M315C, M315D, M316C, M316D, M318C, M318D, 311, 311B, 311C, 311D, 312, 312B, 312C, 312D, 314C, 314D, 314E, 315, 315B, 315C, 315D, 316E, 317, 317B, 318B, 318C, 318D, 318D2, 318E, 319C, 319D, 320, 320B, 322, 325, 325B, 330B, 375, Generator, PM3516, PMG3516, Mini ekskavatorius, 301.5, 301.6C, 302.5, 302.5C, 303, 303.5, 303.5C, 303.5D, 303.5E, 303C, 304, 304.5, 304C, 304D, 304E, 305, 305.5, 305.5D, 305.5E, 305C, 305D, 305E, 306, 307B, 307C, 307D, 308C, 308D, 308E, Vik\u0161rinis krautuvas, 259B3, 279C, 279C2, 289C, 289C2, 299C, 299D, Mini Vik\u0161rinis krautuvas, 247, 247B, 247B3, 257B, 257B3, 277C, 277C2, 287C, 287C2, 297C, 216, 216B, 216B3, 226B, 226B3, 228, 232B, 236, 236B, 236B3, 242B, 242B3, 246C, 248, 252B, 252B3, 256C, 262C, 262C2, 268B, 272C, 272D, Teleskopiniai krautuvai, RT50, RT100, TH62, TH63, TH82, TH83, TH103, TH210, TH215, TH355B, TH460B, TH560B, TH580B, 933, 939, 953C, 953D, 963B, 973, 973C, Buldozeris, D3C, D4C, D4H, D5C, D5H, D6M, D6R, D8N, 450F, Ratinis ekskavatorius, 424B, 416, 444F, 434F, M318, M317, 236D, 242D, 246D, 259D, 262D, 257D, 277D, 279D, 287D, 289D, 267, 267B, 287 OE numeriai: 8T4139","og_url":"https:\/\/eskadalys.lt\/fi\/tuote-fi\/varztas-34\/","og_site_name":"Eska dalys","article_publisher":"https:\/\/www.facebook.com\/profile.php?id=61556005720456","article_modified_time":"2026-04-22T13:29:27+00:00","og_image":[{"width":1600,"height":917,"url":"https:\/\/eskadalys.lt\/wp-content\/uploads\/2024\/02\/bolt-20240121-131024.png?v=1714943456","type":"image\/png"}],"schema":{"@context":"https:\/\/schema.org","@graph":[{"@type":"WebPage","@id":"https:\/\/eskadalys.lt\/product\/varztas-34\/","url":"https:\/\/eskadalys.lt\/product\/varztas-34\/","name":"Var\u017etas - 8T4139 | Gera kaina | Greitas pristatymas | Eska dalys","isPartOf":{"@id":"https:\/\/eskadalys.lt\/#website"},"primaryImageOfPage":{"@id":"https:\/\/eskadalys.lt\/product\/varztas-34\/#primaryimage"},"image":{"@id":"https:\/\/eskadalys.lt\/product\/varztas-34\/#primaryimage"},"thumbnailUrl":"https:\/\/eskadalys.lt\/wp-content\/uploads\/2024\/02\/bolt-20240121-131024.png?v=1714943456","datePublished":"2024-02-10T23:39:32+00:00","dateModified":"2026-04-22T13:29:27+00:00","description":"Var\u017etas - 8T4139 Tinka: CAT, Ekskavatorius krautuvas, 414E, 416B, 416C, 416D, 416E, 416F, 420D, 420E, 420F, 422E, 422F, 424D, 426, 426B, 426C, 428, 428B, 428C, 428D, 428E, 428F, 430D, 430E, 430F, 432D, 432E, 432F, 434E, 436, 436B, 436C, 438, 438B, 438C, 438D, 442D, 442E, 444E, 446, 446B, 446D, 450E, Tractor, 35, 55, 65C, 65E, 75C, 75D, 75E, 85C, 85D, 85E, 95E, Variklis, C-12, G3516B, 3054, 3116, 3126B, 3408C, 3456, 3508, 3508B, 3512, 3512B, 3516, 3516B, C1.5, C2.2, C3.3, C4.4, C6.6, C9, C15, C18, C27, C32, C175-16, 3512C, 3516C, G3606, G3608, C7, C9.3, C11, C13, C-9, C-10, 3126, Vik\u0161rinis ekskavatorius, M312, M313C, M313D, M315, M315C, M315D, M316C, M316D, M318C, M318D, 311, 311B, 311C, 311D, 312, 312B, 312C, 312D, 314C, 314D, 314E, 315, 315B, 315C, 315D, 316E, 317, 317B, 318B, 318C, 318D, 318D2, 318E, 319C, 319D, 320, 320B, 322, 325, 325B, 330B, 375, Generator, PM3516, PMG3516, Mini ekskavatorius, 301.5, 301.6C, 302.5, 302.5C, 303, 303.5, 303.5C, 303.5D, 303.5E, 303C, 304, 304.5, 304C, 304D, 304E, 305, 305.5, 305.5D, 305.5E, 305C, 305D, 305E, 306, 307B, 307C, 307D, 308C, 308D, 308E, Vik\u0161rinis krautuvas, 259B3, 279C, 279C2, 289C, 289C2, 299C, 299D, Mini Vik\u0161rinis krautuvas, 247, 247B, 247B3, 257B, 257B3, 277C, 277C2, 287C, 287C2, 297C, 216, 216B, 216B3, 226B, 226B3, 228, 232B, 236, 236B, 236B3, 242B, 242B3, 246C, 248, 252B, 252B3, 256C, 262C, 262C2, 268B, 272C, 272D, Teleskopiniai krautuvai, RT50, RT100, TH62, TH63, TH82, TH83, TH103, TH210, TH215, TH355B, TH460B, TH560B, TH580B, 933, 939, 953C, 953D, 963B, 973, 973C, Buldozeris, D3C, D4C, D4H, D5C, D5H, D6M, D6R, D8N, 450F, Ratinis ekskavatorius, 424B, 416, 444F, 434F, M318, M317, 236D, 242D, 246D, 259D, 262D, 257D, 277D, 279D, 287D, 289D, 267, 267B, 287 OE numeriai: 8T4139","breadcrumb":{"@id":"https:\/\/eskadalys.lt\/product\/varztas-34\/#breadcrumb"},"inLanguage":"fi","potentialAction":[{"@type":"ReadAction","target":["https:\/\/eskadalys.lt\/product\/varztas-34\/"]}]},{"@type":"ImageObject","inLanguage":"fi","@id":"https:\/\/eskadalys.lt\/product\/varztas-34\/#primaryimage","url":"https:\/\/eskadalys.lt\/wp-content\/uploads\/2024\/02\/bolt-20240121-131024.png?v=1714943456","contentUrl":"https:\/\/eskadalys.lt\/wp-content\/uploads\/2024\/02\/bolt-20240121-131024.png?v=1714943456","width":1600,"height":917},{"@type":"BreadcrumbList","@id":"https:\/\/eskadalys.lt\/product\/varztas-34\/#breadcrumb","itemListElement":[{"@type":"ListItem","position":1,"name":"Strona g\u0142\u00f3wna","item":"https:\/\/eskadalys.lt\/"},{"@type":"ListItem","position":2,"name":"E-parduotuv\u0117","item":"https:\/\/eskadalys.lt\/e-parduotuve\/"},{"@type":"ListItem","position":3,"name":"Var\u017etas &#8211; 8T4139"}]},{"@type":"WebSite","@id":"https:\/\/eskadalys.lt\/#website","url":"https:\/\/eskadalys.lt\/","name":"Eska parts","description":"Kaivinkoneen\/minikaivinkoneen\/puskutraktorin osat","publisher":{"@id":"https:\/\/eskadalys.lt\/#organization"},"potentialAction":[{"@type":"SearchAction","target":{"@type":"EntryPoint","urlTemplate":"https:\/\/eskadalys.lt\/?s={search_term_string}"},"query-input":{"@type":"PropertyValueSpecification","valueRequired":true,"valueName":"search_term_string"}}],"inLanguage":"fi"},{"@type":"Organization","@id":"https:\/\/eskadalys.lt\/#organization","name":"Eska parts","url":"https:\/\/eskadalys.lt\/","logo":{"@type":"ImageObject","inLanguage":"fi","@id":"https:\/\/eskadalys.lt\/#\/schema\/logo\/image\/","url":"https:\/\/eskadalys.lt\/wp-content\/uploads\/2024\/01\/LOGO-ESKA-FINAL.svg","contentUrl":"https:\/\/eskadalys.lt\/wp-content\/uploads\/2024\/01\/LOGO-ESKA-FINAL.svg","width":259,"height":201,"caption":"Eska dalys"},"image":{"@id":"https:\/\/eskadalys.lt\/#\/schema\/logo\/image\/"},"sameAs":["https:\/\/www.facebook.com\/profile.php?id=61556005720456"]}]}},"_links":{"self":[{"href":"https:\/\/eskadalys.lt\/fi\/wp-json\/wp\/v2\/product\/1990","targetHints":{"allow":["GET"]}}],"collection":[{"href":"https:\/\/eskadalys.lt\/fi\/wp-json\/wp\/v2\/product"}],"about":[{"href":"https:\/\/eskadalys.lt\/fi\/wp-json\/wp\/v2\/types\/product"}],"wp:featuredmedia":[{"embeddable":true,"href":"https:\/\/eskadalys.lt\/fi\/wp-json\/wp\/v2\/media\/96081"}],"wp:attachment":[{"href":"https:\/\/eskadalys.lt\/fi\/wp-json\/wp\/v2\/media?parent=1990"}],"wp:term":[{"taxonomy":"product_brand","embeddable":true,"href":"https:\/\/eskadalys.lt\/fi\/wp-json\/wp\/v2\/product_brand?post=1990"},{"taxonomy":"product_cat","embeddable":true,"href":"https:\/\/eskadalys.lt\/fi\/wp-json\/wp\/v2\/product_cat?post=1990"},{"taxonomy":"product_tag","embeddable":true,"href":"https:\/\/eskadalys.lt\/fi\/wp-json\/wp\/v2\/product_tag?post=1990"}],"curies":[{"name":"wp","href":"https:\/\/api.w.org\/{rel}","templated":true}]}}