{"id":1921,"date":"2024-02-11T01:35:22","date_gmt":"2024-02-10T23:35:22","guid":{"rendered":"https:\/\/eskadalys.lt\/?post_type=product&#038;p=1921"},"modified":"2026-04-12T08:14:52","modified_gmt":"2026-04-12T05:14:52","slug":"dirzo-itempejas-cva","status":"publish","type":"product","link":"https:\/\/eskadalys.lt\/fi\/product\/dirzo-itempejas-cva\/","title":{"rendered":"Hihnankiristin CVA \u2013 3779082"},"content":{"rendered":"<p><strong>Hihnankiristin CVA \u2013 3779082<\/strong><\/p>\n<p>Mitat:<br \/>\nIlgis (mm, ):\u00a0116, 84Auk\u0161tis (mm, ):\u00a0185, 42Plotis (mm, ):\u00a096, 52 <\/p>\n<p><strong>Sopii:<\/strong> CAT, Ekskavatorius krautuvas, 416E, 416F, 420E, 420F, 422E, 422F, 428E, 428F, 430E, 430F, 432E, 432F, 434E, 442E, 444E, 450E, M313D, M315D, M316D, M318D, M322D, 312, 312D, 313B, 315, 450F, 424E, M325D, 444F, 434F, 415F, M320D, M324D<\/p>\n<p>377-9082<\/p>\n<h3>\ud83d\udd0d Etsitk\u00f6 toista tuotetta samasta kategoriasta? <a href=\"https:\/\/eskadalys.lt\/fi\/tuotekategoria-fi\/moottorin-osat\/lampotila\/\">Kiristimet<\/a> ?<\/h3>\n<h3>\ud83d\udee0\ufe0f CAT-osia \u2013 l\u00f6yd\u00e4t niit\u00e4 lis\u00e4\u00e4 <a href=\"https:\/\/eskadalys.lt\/fi\/tuotekategoria-fi\/moottorin-osat\/\">Moottorin osat<\/a> kategoriassa.<\/h3>\n<p>Jos et ole varma, sopiiko t\u00e4m\u00e4 osa koneeseesi, <strong>L\u00e4het\u00e4 meille ajoneuvon sarjanumero (VIN) ennen ostamista.<\/strong>. Tarkistamme yhteensopivuuden luetteloiden avulla ja <strong>tarjoamme oikean osan<\/strong>. Jos et l\u00f6yd\u00e4 tarvitsemaasi osaa, kirjoita meille \u2013 autamme sinua l\u00f6yt\u00e4m\u00e4\u00e4n sen!<\/p>\n<p><strong>\ud83d\udce6 Varasto Liettuassa<\/strong> \u2013 Ennen klo 14.00 tehdyt tilaukset l\u00e4hetet\u00e4\u00e4n samana p\u00e4iv\u00e4n\u00e4.<\/p>\n<p><strong>\ud83d\ude80 Nopea toimitus<\/strong> \u2013 Tilatut tuotteet, joita meill\u00e4 ei t\u00e4ll\u00e4 hetkell\u00e4 ole varastossa, toimitetaan 3\u20134 arkip\u00e4iv\u00e4n kuluessa.<\/p>\n<p><strong>\ud83d\udcc8 Laaja valikoima<\/strong> \u2013 laajennamme tuotevalikoimaamme jatkuvasti.<\/p>","protected":false},"excerpt":{"rendered":"<p>3779082 CVA<\/p>","protected":false},"featured_media":95962,"template":"","meta":{"site-sidebar-layout":"default","site-content-layout":"","ast-site-content-layout":"default","site-content-style":"default","site-sidebar-style":"default","ast-global-header-display":"","ast-banner-title-visibility":"","ast-main-header-display":"","ast-hfb-above-header-display":"","ast-hfb-below-header-display":"","ast-hfb-mobile-header-display":"","site-post-title":"","ast-breadcrumbs-content":"","ast-featured-img":"","footer-sml-layout":"","ast-disable-related-posts":"","theme-transparent-header-meta":"","adv-header-id-meta":"","stick-header-meta":"","header-above-stick-meta":"","header-main-stick-meta":"","header-below-stick-meta":"","astra-migrate-meta-layouts":"default","ast-page-background-enabled":"default","ast-page-background-meta":{"desktop":{"background-color":"","background-image":"","background-repeat":"repeat","background-position":"center center","background-size":"auto","background-attachment":"scroll","background-type":"","background-media":"","overlay-type":"","overlay-color":"","overlay-opacity":"","overlay-gradient":""},"tablet":{"background-color":"","background-image":"","background-repeat":"repeat","background-position":"center center","background-size":"auto","background-attachment":"scroll","background-type":"","background-media":"","overlay-type":"","overlay-color":"","overlay-opacity":"","overlay-gradient":""},"mobile":{"background-color":"","background-image":"","background-repeat":"repeat","background-position":"center center","background-size":"auto","background-attachment":"scroll","background-type":"","background-media":"","overlay-type":"","overlay-color":"","overlay-opacity":"","overlay-gradient":""}},"ast-content-background-meta":{"desktop":{"background-color":"var(--ast-global-color-5)","background-image":"","background-repeat":"repeat","background-position":"center center","background-size":"auto","background-attachment":"scroll","background-type":"","background-media":"","overlay-type":"","overlay-color":"","overlay-opacity":"","overlay-gradient":""},"tablet":{"background-color":"var(--ast-global-color-5)","background-image":"","background-repeat":"repeat","background-position":"center center","background-size":"auto","background-attachment":"scroll","background-type":"","background-media":"","overlay-type":"","overlay-color":"","overlay-opacity":"","overlay-gradient":""},"mobile":{"background-color":"var(--ast-global-color-5)","background-image":"","background-repeat":"repeat","background-position":"center center","background-size":"auto","background-attachment":"scroll","background-type":"","background-media":"","overlay-type":"","overlay-color":"","overlay-opacity":"","overlay-gradient":""}}},"product_brand":[],"product_cat":[754],"product_tag":[],"class_list":{"0":"post-1921","1":"product","2":"type-product","3":"status-publish","4":"has-post-thumbnail","6":"product_cat-itempejai","7":"desktop-align-left","8":"tablet-align-left","9":"mobile-align-left","11":"first","12":"outofstock","13":"taxable","14":"shipping-taxable","15":"purchasable","16":"product-type-simple"},"yoast_head":"<!-- This site is optimized with the Yoast SEO plugin v27.4 - https:\/\/yoast.com\/product\/yoast-seo-wordpress\/ -->\n<title>Dir\u017eo \u012ftemp\u0117jas CVA - 3779082 | Gera kaina | Greitas pristatymas | Eska dalys<\/title>\n<meta name=\"description\" content=\"Dir\u017eo \u012ftemp\u0117jas - 3779082 Matmenys : Ilgis (mm, ):\u00a0116, 84Auk\u0161tis (mm, ):\u00a0185, 42Plotis (mm, ):\u00a096, 52 Tinka: CAT, Ekskavatorius krautuvas, 416E, 416F, 420E, 420F, 422E, 422F, 428E, 428F, 430E, 430F, 432E, 432F, 434E, 442E, 444E, 450E, M313D, M315D, M316D, M318D, M322D, 312, 312D, 313B, 315, 450F, 424E, M325D, 444F, 434F, 415F, M320D, M324D\" \/>\n<meta name=\"robots\" content=\"index, follow, max-snippet:-1, max-image-preview:large, max-video-preview:-1\" \/>\n<link rel=\"canonical\" href=\"https:\/\/eskadalys.lt\/fi\/tuote-fi\/dirzo-itempejas-cva\/\" \/>\n<meta property=\"og:locale\" content=\"fi_FI\" \/>\n<meta property=\"og:type\" content=\"article\" \/>\n<meta property=\"og:title\" content=\"Dir\u017eo \u012ftemp\u0117jas CVA - 3779082 | Gera kaina | Greitas pristatymas | Eska dalys\" \/>\n<meta property=\"og:description\" content=\"Dir\u017eo \u012ftemp\u0117jas - 3779082 Matmenys : Ilgis (mm, ):\u00a0116, 84Auk\u0161tis (mm, ):\u00a0185, 42Plotis (mm, ):\u00a096, 52 Tinka: CAT, Ekskavatorius krautuvas, 416E, 416F, 420E, 420F, 422E, 422F, 428E, 428F, 430E, 430F, 432E, 432F, 434E, 442E, 444E, 450E, M313D, M315D, M316D, M318D, M322D, 312, 312D, 313B, 315, 450F, 424E, M325D, 444F, 434F, 415F, M320D, M324D\" \/>\n<meta property=\"og:url\" content=\"https:\/\/eskadalys.lt\/fi\/tuote-fi\/dirzo-itempejas-cva\/\" \/>\n<meta property=\"og:site_name\" content=\"Eska dalys\" \/>\n<meta property=\"article:publisher\" content=\"https:\/\/www.facebook.com\/profile.php?id=61556005720456\" \/>\n<meta property=\"article:modified_time\" content=\"2026-04-12T05:14:52+00:00\" \/>\n<meta property=\"og:image\" content=\"https:\/\/eskadalys.lt\/wp-content\/uploads\/2024\/02\/tensioner-20240121-130619-scaled-1.jpg?v=1714943661\" \/>\n\t<meta property=\"og:image:width\" content=\"1600\" \/>\n\t<meta property=\"og:image:height\" content=\"964\" \/>\n\t<meta property=\"og:image:type\" content=\"image\/jpeg\" \/>\n<script type=\"application\/ld+json\" class=\"yoast-schema-graph\">{\"@context\":\"https:\\\/\\\/schema.org\",\"@graph\":[{\"@type\":\"WebPage\",\"@id\":\"https:\\\/\\\/eskadalys.lt\\\/product\\\/dirzo-itempejas-cva\\\/\",\"url\":\"https:\\\/\\\/eskadalys.lt\\\/product\\\/dirzo-itempejas-cva\\\/\",\"name\":\"Dir\u017eo \u012ftemp\u0117jas CVA - 3779082 | Gera kaina | Greitas pristatymas | Eska dalys\",\"isPartOf\":{\"@id\":\"https:\\\/\\\/eskadalys.lt\\\/#website\"},\"primaryImageOfPage\":{\"@id\":\"https:\\\/\\\/eskadalys.lt\\\/product\\\/dirzo-itempejas-cva\\\/#primaryimage\"},\"image\":{\"@id\":\"https:\\\/\\\/eskadalys.lt\\\/product\\\/dirzo-itempejas-cva\\\/#primaryimage\"},\"thumbnailUrl\":\"https:\\\/\\\/eskadalys.lt\\\/wp-content\\\/uploads\\\/2024\\\/02\\\/tensioner-20240121-130619-scaled-1.jpg?v=1714943661\",\"datePublished\":\"2024-02-10T23:35:22+00:00\",\"dateModified\":\"2026-04-12T05:14:52+00:00\",\"description\":\"Dir\u017eo \u012ftemp\u0117jas - 3779082 Matmenys : Ilgis (mm, ):\u00a0116, 84Auk\u0161tis (mm, ):\u00a0185, 42Plotis (mm, ):\u00a096, 52 Tinka: CAT, Ekskavatorius krautuvas, 416E, 416F, 420E, 420F, 422E, 422F, 428E, 428F, 430E, 430F, 432E, 432F, 434E, 442E, 444E, 450E, M313D, M315D, M316D, M318D, M322D, 312, 312D, 313B, 315, 450F, 424E, M325D, 444F, 434F, 415F, M320D, M324D\",\"breadcrumb\":{\"@id\":\"https:\\\/\\\/eskadalys.lt\\\/product\\\/dirzo-itempejas-cva\\\/#breadcrumb\"},\"inLanguage\":\"fi\",\"potentialAction\":[{\"@type\":\"ReadAction\",\"target\":[\"https:\\\/\\\/eskadalys.lt\\\/product\\\/dirzo-itempejas-cva\\\/\"]}]},{\"@type\":\"ImageObject\",\"inLanguage\":\"fi\",\"@id\":\"https:\\\/\\\/eskadalys.lt\\\/product\\\/dirzo-itempejas-cva\\\/#primaryimage\",\"url\":\"https:\\\/\\\/eskadalys.lt\\\/wp-content\\\/uploads\\\/2024\\\/02\\\/tensioner-20240121-130619-scaled-1.jpg?v=1714943661\",\"contentUrl\":\"https:\\\/\\\/eskadalys.lt\\\/wp-content\\\/uploads\\\/2024\\\/02\\\/tensioner-20240121-130619-scaled-1.jpg?v=1714943661\",\"width\":1600,\"height\":964},{\"@type\":\"BreadcrumbList\",\"@id\":\"https:\\\/\\\/eskadalys.lt\\\/product\\\/dirzo-itempejas-cva\\\/#breadcrumb\",\"itemListElement\":[{\"@type\":\"ListItem\",\"position\":1,\"name\":\"Strona g\u0142\u00f3wna\",\"item\":\"https:\\\/\\\/eskadalys.lt\\\/\"},{\"@type\":\"ListItem\",\"position\":2,\"name\":\"E-parduotuv\u0117\",\"item\":\"https:\\\/\\\/eskadalys.lt\\\/e-parduotuve\\\/\"},{\"@type\":\"ListItem\",\"position\":3,\"name\":\"Dir\u017eo \u012ftemp\u0117jas CVA &#8211; 3779082\"}]},{\"@type\":\"WebSite\",\"@id\":\"https:\\\/\\\/eskadalys.lt\\\/#website\",\"url\":\"https:\\\/\\\/eskadalys.lt\\\/\",\"name\":\"Eska dalys\",\"description\":\"Ekskavatori\u0173 \\\/ mini ekskavatori\u0173 \\\/ buldozeri\u0173 dalys\",\"publisher\":{\"@id\":\"https:\\\/\\\/eskadalys.lt\\\/#organization\"},\"potentialAction\":[{\"@type\":\"SearchAction\",\"target\":{\"@type\":\"EntryPoint\",\"urlTemplate\":\"https:\\\/\\\/eskadalys.lt\\\/?s={search_term_string}\"},\"query-input\":{\"@type\":\"PropertyValueSpecification\",\"valueRequired\":true,\"valueName\":\"search_term_string\"}}],\"inLanguage\":\"fi\"},{\"@type\":\"Organization\",\"@id\":\"https:\\\/\\\/eskadalys.lt\\\/#organization\",\"name\":\"Eska dalys\",\"url\":\"https:\\\/\\\/eskadalys.lt\\\/\",\"logo\":{\"@type\":\"ImageObject\",\"inLanguage\":\"fi\",\"@id\":\"https:\\\/\\\/eskadalys.lt\\\/#\\\/schema\\\/logo\\\/image\\\/\",\"url\":\"https:\\\/\\\/eskadalys.lt\\\/wp-content\\\/uploads\\\/2024\\\/01\\\/LOGO-ESKA-FINAL.svg\",\"contentUrl\":\"https:\\\/\\\/eskadalys.lt\\\/wp-content\\\/uploads\\\/2024\\\/01\\\/LOGO-ESKA-FINAL.svg\",\"width\":259,\"height\":201,\"caption\":\"Eska dalys\"},\"image\":{\"@id\":\"https:\\\/\\\/eskadalys.lt\\\/#\\\/schema\\\/logo\\\/image\\\/\"},\"sameAs\":[\"https:\\\/\\\/www.facebook.com\\\/profile.php?id=61556005720456\"]}]}<\/script>\n<!-- \/ Yoast SEO plugin. -->","yoast_head_json":{"title":"Dir\u017eo \u012ftemp\u0117jas CVA - 3779082 | Gera kaina | Greitas pristatymas | Eska dalys","description":"Dir\u017eo \u012ftemp\u0117jas - 3779082 Matmenys : Ilgis (mm, ):\u00a0116, 84Auk\u0161tis (mm, ):\u00a0185, 42Plotis (mm, ):\u00a096, 52 Tinka: CAT, Ekskavatorius krautuvas, 416E, 416F, 420E, 420F, 422E, 422F, 428E, 428F, 430E, 430F, 432E, 432F, 434E, 442E, 444E, 450E, M313D, M315D, M316D, M318D, M322D, 312, 312D, 313B, 315, 450F, 424E, M325D, 444F, 434F, 415F, M320D, M324D","robots":{"index":"index","follow":"follow","max-snippet":"max-snippet:-1","max-image-preview":"max-image-preview:large","max-video-preview":"max-video-preview:-1"},"canonical":"https:\/\/eskadalys.lt\/fi\/tuote-fi\/dirzo-itempejas-cva\/","og_locale":"fi_FI","og_type":"article","og_title":"Dir\u017eo \u012ftemp\u0117jas CVA - 3779082 | Gera kaina | Greitas pristatymas | Eska dalys","og_description":"Dir\u017eo \u012ftemp\u0117jas - 3779082 Matmenys : Ilgis (mm, ):\u00a0116, 84Auk\u0161tis (mm, ):\u00a0185, 42Plotis (mm, ):\u00a096, 52 Tinka: CAT, Ekskavatorius krautuvas, 416E, 416F, 420E, 420F, 422E, 422F, 428E, 428F, 430E, 430F, 432E, 432F, 434E, 442E, 444E, 450E, M313D, M315D, M316D, M318D, M322D, 312, 312D, 313B, 315, 450F, 424E, M325D, 444F, 434F, 415F, M320D, M324D","og_url":"https:\/\/eskadalys.lt\/fi\/tuote-fi\/dirzo-itempejas-cva\/","og_site_name":"Eska dalys","article_publisher":"https:\/\/www.facebook.com\/profile.php?id=61556005720456","article_modified_time":"2026-04-12T05:14:52+00:00","og_image":[{"width":1600,"height":964,"url":"https:\/\/eskadalys.lt\/wp-content\/uploads\/2024\/02\/tensioner-20240121-130619-scaled-1.jpg?v=1714943661","type":"image\/jpeg"}],"schema":{"@context":"https:\/\/schema.org","@graph":[{"@type":"WebPage","@id":"https:\/\/eskadalys.lt\/product\/dirzo-itempejas-cva\/","url":"https:\/\/eskadalys.lt\/product\/dirzo-itempejas-cva\/","name":"Dir\u017eo \u012ftemp\u0117jas CVA - 3779082 | Gera kaina | Greitas pristatymas | Eska dalys","isPartOf":{"@id":"https:\/\/eskadalys.lt\/#website"},"primaryImageOfPage":{"@id":"https:\/\/eskadalys.lt\/product\/dirzo-itempejas-cva\/#primaryimage"},"image":{"@id":"https:\/\/eskadalys.lt\/product\/dirzo-itempejas-cva\/#primaryimage"},"thumbnailUrl":"https:\/\/eskadalys.lt\/wp-content\/uploads\/2024\/02\/tensioner-20240121-130619-scaled-1.jpg?v=1714943661","datePublished":"2024-02-10T23:35:22+00:00","dateModified":"2026-04-12T05:14:52+00:00","description":"Dir\u017eo \u012ftemp\u0117jas - 3779082 Matmenys : Ilgis (mm, ):\u00a0116, 84Auk\u0161tis (mm, ):\u00a0185, 42Plotis (mm, ):\u00a096, 52 Tinka: CAT, Ekskavatorius krautuvas, 416E, 416F, 420E, 420F, 422E, 422F, 428E, 428F, 430E, 430F, 432E, 432F, 434E, 442E, 444E, 450E, M313D, M315D, M316D, M318D, M322D, 312, 312D, 313B, 315, 450F, 424E, M325D, 444F, 434F, 415F, M320D, M324D","breadcrumb":{"@id":"https:\/\/eskadalys.lt\/product\/dirzo-itempejas-cva\/#breadcrumb"},"inLanguage":"fi","potentialAction":[{"@type":"ReadAction","target":["https:\/\/eskadalys.lt\/product\/dirzo-itempejas-cva\/"]}]},{"@type":"ImageObject","inLanguage":"fi","@id":"https:\/\/eskadalys.lt\/product\/dirzo-itempejas-cva\/#primaryimage","url":"https:\/\/eskadalys.lt\/wp-content\/uploads\/2024\/02\/tensioner-20240121-130619-scaled-1.jpg?v=1714943661","contentUrl":"https:\/\/eskadalys.lt\/wp-content\/uploads\/2024\/02\/tensioner-20240121-130619-scaled-1.jpg?v=1714943661","width":1600,"height":964},{"@type":"BreadcrumbList","@id":"https:\/\/eskadalys.lt\/product\/dirzo-itempejas-cva\/#breadcrumb","itemListElement":[{"@type":"ListItem","position":1,"name":"Strona g\u0142\u00f3wna","item":"https:\/\/eskadalys.lt\/"},{"@type":"ListItem","position":2,"name":"E-parduotuv\u0117","item":"https:\/\/eskadalys.lt\/e-parduotuve\/"},{"@type":"ListItem","position":3,"name":"Dir\u017eo \u012ftemp\u0117jas CVA &#8211; 3779082"}]},{"@type":"WebSite","@id":"https:\/\/eskadalys.lt\/#website","url":"https:\/\/eskadalys.lt\/","name":"Eska parts","description":"Kaivinkoneen\/minikaivinkoneen\/puskutraktorin osat","publisher":{"@id":"https:\/\/eskadalys.lt\/#organization"},"potentialAction":[{"@type":"SearchAction","target":{"@type":"EntryPoint","urlTemplate":"https:\/\/eskadalys.lt\/?s={search_term_string}"},"query-input":{"@type":"PropertyValueSpecification","valueRequired":true,"valueName":"search_term_string"}}],"inLanguage":"fi"},{"@type":"Organization","@id":"https:\/\/eskadalys.lt\/#organization","name":"Eska parts","url":"https:\/\/eskadalys.lt\/","logo":{"@type":"ImageObject","inLanguage":"fi","@id":"https:\/\/eskadalys.lt\/#\/schema\/logo\/image\/","url":"https:\/\/eskadalys.lt\/wp-content\/uploads\/2024\/01\/LOGO-ESKA-FINAL.svg","contentUrl":"https:\/\/eskadalys.lt\/wp-content\/uploads\/2024\/01\/LOGO-ESKA-FINAL.svg","width":259,"height":201,"caption":"Eska dalys"},"image":{"@id":"https:\/\/eskadalys.lt\/#\/schema\/logo\/image\/"},"sameAs":["https:\/\/www.facebook.com\/profile.php?id=61556005720456"]}]}},"_links":{"self":[{"href":"https:\/\/eskadalys.lt\/fi\/wp-json\/wp\/v2\/product\/1921","targetHints":{"allow":["GET"]}}],"collection":[{"href":"https:\/\/eskadalys.lt\/fi\/wp-json\/wp\/v2\/product"}],"about":[{"href":"https:\/\/eskadalys.lt\/fi\/wp-json\/wp\/v2\/types\/product"}],"wp:featuredmedia":[{"embeddable":true,"href":"https:\/\/eskadalys.lt\/fi\/wp-json\/wp\/v2\/media\/95962"}],"wp:attachment":[{"href":"https:\/\/eskadalys.lt\/fi\/wp-json\/wp\/v2\/media?parent=1921"}],"wp:term":[{"taxonomy":"product_brand","embeddable":true,"href":"https:\/\/eskadalys.lt\/fi\/wp-json\/wp\/v2\/product_brand?post=1921"},{"taxonomy":"product_cat","embeddable":true,"href":"https:\/\/eskadalys.lt\/fi\/wp-json\/wp\/v2\/product_cat?post=1921"},{"taxonomy":"product_tag","embeddable":true,"href":"https:\/\/eskadalys.lt\/fi\/wp-json\/wp\/v2\/product_tag?post=1921"}],"curies":[{"name":"wp","href":"https:\/\/api.w.org\/{rel}","templated":true}]}}