{"id":1210,"date":"2024-02-11T00:41:21","date_gmt":"2024-02-10T22:41:21","guid":{"rendered":"https:\/\/eskadalys.lt\/?post_type=product&#038;p=1210"},"modified":"2026-04-22T16:28:31","modified_gmt":"2026-04-22T13:28:31","slug":"liukusaadin-5-2-mm-pitkaikainen-polyamidi","status":"publish","type":"product","link":"https:\/\/eskadalys.lt\/fi\/product\/sliauziklis-5-2mm-long-life-poliamidas\/","title":{"rendered":"Liukus\u00e4\u00e4din 5,2 mm pitk\u00e4ik\u00e4inen polyamidi !!! \u2013 1931681"},"content":{"rendered":"<p><strong>Liukus\u00e4\u00e4din 5,2 mm pitk\u00e4ik\u00e4inen polyamidi !!! \u2013 1931681<\/strong><br \/>\nMitat:<br \/>\nHalkaisija: 101 mm, \/40,2 mm,<br \/>\nPaksuus: 5,3 mm, \/12,8 mm,<\/p>\n<p><strong>Sopii:<\/strong> CAT, Kaivurikuormaaja, 422E, 422F, 424D, 426C, 428C, 428D, 432D, 432E, 432F, 434E, 442D, 442E, 444E<br \/>\n<strong>OE-numerot::<\/strong> 8Y8082, 5.2<br \/>\n193-1681<\/p>\n<h3>\ud83d\udd0d Etsitk\u00f6 toista tuotetta samasta kategoriasta? <a href=\"https:\/\/eskadalys.lt\/fi\/tuotekategoria-fi\/pohjapanssarit\/vakautusliukusaatimet\/\">Vakauttavat jalakset<\/a> ?<\/h3>\n<h3>\ud83d\udee0\ufe0f Rakennuskoneiden osat - l\u00f6yd\u00e4t niit\u00e4 lis\u00e4\u00e4 <a href=\"https:\/\/eskadalys.lt\/fi\/tuotekategoria-fi\/pohjapanssarit\/\">Liukulevyt<\/a> kategoriassa.<\/h3>\n<p>Jos et ole varma, sopiiko t\u00e4m\u00e4 osa koneeseesi, <strong>L\u00e4het\u00e4 meille ajoneuvon sarjanumero (VIN) ennen ostamista.<\/strong>. Tarkistamme yhteensopivuuden luetteloiden avulla ja <strong>tarjoamme oikean osan<\/strong>. Jos et l\u00f6yd\u00e4 tarvitsemaasi osaa, kirjoita meille \u2013 autamme sinua l\u00f6yt\u00e4m\u00e4\u00e4n sen!<\/p>\n<p><strong>\ud83d\udce6 Varasto Liettuassa<\/strong> \u2013 Ennen klo 14.00 tehdyt tilaukset l\u00e4hetet\u00e4\u00e4n samana p\u00e4iv\u00e4n\u00e4.<\/p>\n<p><strong>\ud83d\ude80 Nopea toimitus<\/strong> \u2013 Tilatut tuotteet, joita meill\u00e4 ei t\u00e4ll\u00e4 hetkell\u00e4 ole varastossa, toimitetaan 3\u20134 arkip\u00e4iv\u00e4n kuluessa.<\/p>\n<p><strong>\ud83d\udcc8 Laaja valikoima<\/strong> \u2013 laajennamme tuotevalikoimaamme jatkuvasti.<\/p>","protected":false},"excerpt":{"rendered":"<p>1931681 CVA<\/p>","protected":false},"featured_media":94240,"template":"","meta":{"site-sidebar-layout":"default","site-content-layout":"","ast-site-content-layout":"default","site-content-style":"default","site-sidebar-style":"default","ast-global-header-display":"","ast-banner-title-visibility":"","ast-main-header-display":"","ast-hfb-above-header-display":"","ast-hfb-below-header-display":"","ast-hfb-mobile-header-display":"","site-post-title":"","ast-breadcrumbs-content":"","ast-featured-img":"","footer-sml-layout":"","ast-disable-related-posts":"","theme-transparent-header-meta":"default","adv-header-id-meta":"","stick-header-meta":"","header-above-stick-meta":"","header-main-stick-meta":"","header-below-stick-meta":"","astra-migrate-meta-layouts":"set","ast-page-background-enabled":"default","ast-page-background-meta":{"desktop":{"background-color":"","background-image":"","background-repeat":"repeat","background-position":"center center","background-size":"auto","background-attachment":"scroll","background-type":"","background-media":"","overlay-type":"","overlay-color":"","overlay-opacity":"","overlay-gradient":""},"tablet":{"background-color":"","background-image":"","background-repeat":"repeat","background-position":"center center","background-size":"auto","background-attachment":"scroll","background-type":"","background-media":"","overlay-type":"","overlay-color":"","overlay-opacity":"","overlay-gradient":""},"mobile":{"background-color":"","background-image":"","background-repeat":"repeat","background-position":"center center","background-size":"auto","background-attachment":"scroll","background-type":"","background-media":"","overlay-type":"","overlay-color":"","overlay-opacity":"","overlay-gradient":""}},"ast-content-background-meta":{"desktop":{"background-color":"var(--ast-global-color-5)","background-image":"","background-repeat":"repeat","background-position":"center center","background-size":"auto","background-attachment":"scroll","background-type":"","background-media":"","overlay-type":"","overlay-color":"","overlay-opacity":"","overlay-gradient":""},"tablet":{"background-color":"var(--ast-global-color-5)","background-image":"","background-repeat":"repeat","background-position":"center center","background-size":"auto","background-attachment":"scroll","background-type":"","background-media":"","overlay-type":"","overlay-color":"","overlay-opacity":"","overlay-gradient":""},"mobile":{"background-color":"var(--ast-global-color-5)","background-image":"","background-repeat":"repeat","background-position":"center center","background-size":"auto","background-attachment":"scroll","background-type":"","background-media":"","overlay-type":"","overlay-color":"","overlay-opacity":"","overlay-gradient":""}}},"product_brand":[],"product_cat":[840],"product_tag":[49527,49572,49528,49530,49470,49461,49463,49464,49636,49471,49538,49539,49540,50346,49710,43030,47753],"class_list":{"0":"post-1210","1":"product","2":"type-product","3":"status-publish","4":"has-post-thumbnail","6":"product_cat-stabilizavimo-sliauzikliai","7":"product_tag-422e","8":"product_tag-422f","9":"product_tag-424d","10":"product_tag-426c","11":"product_tag-428c","12":"product_tag-428d","13":"product_tag-432d","14":"product_tag-432e","15":"product_tag-432f","16":"product_tag-434e","17":"product_tag-442d","18":"product_tag-442e","19":"product_tag-444e","20":"product_tag-5-2","21":"product_tag-8y8082","22":"product_tag-cat","23":"product_tag-ekskavatorius-krautuvas","24":"desktop-align-left","25":"tablet-align-left","26":"mobile-align-left","28":"first","29":"instock","30":"taxable","31":"shipping-taxable","32":"purchasable","33":"product-type-simple"},"yoast_head":"<!-- This site is optimized with the Yoast SEO plugin v27.5 - https:\/\/yoast.com\/product\/yoast-seo-wordpress\/ -->\n<title>\u0160liau\u017eiklis 5.2MM LONG LIFE Poliamidas !!! - 1931681 | Gera kaina | Greitas pristatymas | Eska dalys<\/title>\n<meta name=\"description\" content=\"\u0160liau\u017eiklis 5.2MM LONG LIFE Poliamidas !!! - 1931681 Matmenys: Skersmuo: 101mm, \/40.2mm, Storis: 5.3mm, \/12.8mm, Tinka: CAT, Ekskavatorius krautuvas, 422E, 422F, 424D, 426C, 428C, 428D, 432D, 432E, 432F, 434E, 442D, 442E, 444E OE numeriai: 8Y8082, 5.2\" \/>\n<meta name=\"robots\" content=\"index, follow, max-snippet:-1, max-image-preview:large, max-video-preview:-1\" \/>\n<link rel=\"canonical\" href=\"https:\/\/eskadalys.lt\/fi\/tuote-fi\/liukusaadin-5-2-mm-pitkaikainen-polyamidi\/\" \/>\n<meta property=\"og:locale\" content=\"fi_FI\" \/>\n<meta property=\"og:type\" content=\"article\" \/>\n<meta property=\"og:title\" content=\"\u0160liau\u017eiklis 5.2MM LONG LIFE Poliamidas !!! - 1931681 | Gera kaina | Greitas pristatymas | Eska dalys\" \/>\n<meta property=\"og:description\" content=\"\u0160liau\u017eiklis 5.2MM LONG LIFE Poliamidas !!! - 1931681 Matmenys: Skersmuo: 101mm, \/40.2mm, Storis: 5.3mm, \/12.8mm, Tinka: CAT, Ekskavatorius krautuvas, 422E, 422F, 424D, 426C, 428C, 428D, 432D, 432E, 432F, 434E, 442D, 442E, 444E OE numeriai: 8Y8082, 5.2\" \/>\n<meta property=\"og:url\" content=\"https:\/\/eskadalys.lt\/fi\/tuote-fi\/liukusaadin-5-2-mm-pitkaikainen-polyamidi\/\" \/>\n<meta property=\"og:site_name\" content=\"Eska dalys\" \/>\n<meta property=\"article:publisher\" content=\"https:\/\/www.facebook.com\/profile.php?id=61556005720456\" \/>\n<meta property=\"article:modified_time\" content=\"2026-04-22T13:28:31+00:00\" \/>\n<meta property=\"og:image\" content=\"https:\/\/eskadalys.lt\/wp-content\/uploads\/2024\/02\/pad-9-20240121-121436-scaled-1.jpg?v=1714949657\" \/>\n\t<meta property=\"og:image:width\" content=\"1600\" \/>\n\t<meta property=\"og:image:height\" content=\"1543\" \/>\n\t<meta property=\"og:image:type\" content=\"image\/jpeg\" \/>\n<script type=\"application\/ld+json\" class=\"yoast-schema-graph\">{\"@context\":\"https:\\\/\\\/schema.org\",\"@graph\":[{\"@type\":\"WebPage\",\"@id\":\"https:\\\/\\\/eskadalys.lt\\\/product\\\/sliauziklis-5-2mm-long-life-poliamidas\\\/\",\"url\":\"https:\\\/\\\/eskadalys.lt\\\/product\\\/sliauziklis-5-2mm-long-life-poliamidas\\\/\",\"name\":\"\u0160liau\u017eiklis 5.2MM LONG LIFE Poliamidas !!! - 1931681 | Gera kaina | Greitas pristatymas | Eska dalys\",\"isPartOf\":{\"@id\":\"https:\\\/\\\/eskadalys.lt\\\/#website\"},\"primaryImageOfPage\":{\"@id\":\"https:\\\/\\\/eskadalys.lt\\\/product\\\/sliauziklis-5-2mm-long-life-poliamidas\\\/#primaryimage\"},\"image\":{\"@id\":\"https:\\\/\\\/eskadalys.lt\\\/product\\\/sliauziklis-5-2mm-long-life-poliamidas\\\/#primaryimage\"},\"thumbnailUrl\":\"https:\\\/\\\/eskadalys.lt\\\/wp-content\\\/uploads\\\/2024\\\/02\\\/pad-9-20240121-121436-scaled-1.jpg?v=1714949657\",\"datePublished\":\"2024-02-10T22:41:21+00:00\",\"dateModified\":\"2026-04-22T13:28:31+00:00\",\"description\":\"\u0160liau\u017eiklis 5.2MM LONG LIFE Poliamidas !!! - 1931681 Matmenys: Skersmuo: 101mm, \\\/40.2mm, Storis: 5.3mm, \\\/12.8mm, Tinka: CAT, Ekskavatorius krautuvas, 422E, 422F, 424D, 426C, 428C, 428D, 432D, 432E, 432F, 434E, 442D, 442E, 444E OE numeriai: 8Y8082, 5.2\",\"breadcrumb\":{\"@id\":\"https:\\\/\\\/eskadalys.lt\\\/product\\\/sliauziklis-5-2mm-long-life-poliamidas\\\/#breadcrumb\"},\"inLanguage\":\"fi\",\"potentialAction\":[{\"@type\":\"ReadAction\",\"target\":[\"https:\\\/\\\/eskadalys.lt\\\/product\\\/sliauziklis-5-2mm-long-life-poliamidas\\\/\"]}]},{\"@type\":\"ImageObject\",\"inLanguage\":\"fi\",\"@id\":\"https:\\\/\\\/eskadalys.lt\\\/product\\\/sliauziklis-5-2mm-long-life-poliamidas\\\/#primaryimage\",\"url\":\"https:\\\/\\\/eskadalys.lt\\\/wp-content\\\/uploads\\\/2024\\\/02\\\/pad-9-20240121-121436-scaled-1.jpg?v=1714949657\",\"contentUrl\":\"https:\\\/\\\/eskadalys.lt\\\/wp-content\\\/uploads\\\/2024\\\/02\\\/pad-9-20240121-121436-scaled-1.jpg?v=1714949657\",\"width\":1600,\"height\":1543},{\"@type\":\"BreadcrumbList\",\"@id\":\"https:\\\/\\\/eskadalys.lt\\\/product\\\/sliauziklis-5-2mm-long-life-poliamidas\\\/#breadcrumb\",\"itemListElement\":[{\"@type\":\"ListItem\",\"position\":1,\"name\":\"Strona g\u0142\u00f3wna\",\"item\":\"https:\\\/\\\/eskadalys.lt\\\/\"},{\"@type\":\"ListItem\",\"position\":2,\"name\":\"E-parduotuv\u0117\",\"item\":\"https:\\\/\\\/eskadalys.lt\\\/e-parduotuve\\\/\"},{\"@type\":\"ListItem\",\"position\":3,\"name\":\"\u0160liau\u017eiklis 5.2MM LONG LIFE Poliamidas !!! &#8211; 1931681\"}]},{\"@type\":\"WebSite\",\"@id\":\"https:\\\/\\\/eskadalys.lt\\\/#website\",\"url\":\"https:\\\/\\\/eskadalys.lt\\\/\",\"name\":\"Eska dalys\",\"description\":\"Ekskavatori\u0173 \\\/ mini ekskavatori\u0173 \\\/ buldozeri\u0173 dalys\",\"publisher\":{\"@id\":\"https:\\\/\\\/eskadalys.lt\\\/#organization\"},\"potentialAction\":[{\"@type\":\"SearchAction\",\"target\":{\"@type\":\"EntryPoint\",\"urlTemplate\":\"https:\\\/\\\/eskadalys.lt\\\/?s={search_term_string}\"},\"query-input\":{\"@type\":\"PropertyValueSpecification\",\"valueRequired\":true,\"valueName\":\"search_term_string\"}}],\"inLanguage\":\"fi\"},{\"@type\":\"Organization\",\"@id\":\"https:\\\/\\\/eskadalys.lt\\\/#organization\",\"name\":\"Eska dalys\",\"url\":\"https:\\\/\\\/eskadalys.lt\\\/\",\"logo\":{\"@type\":\"ImageObject\",\"inLanguage\":\"fi\",\"@id\":\"https:\\\/\\\/eskadalys.lt\\\/#\\\/schema\\\/logo\\\/image\\\/\",\"url\":\"https:\\\/\\\/eskadalys.lt\\\/wp-content\\\/uploads\\\/2024\\\/01\\\/LOGO-ESKA-FINAL.svg\",\"contentUrl\":\"https:\\\/\\\/eskadalys.lt\\\/wp-content\\\/uploads\\\/2024\\\/01\\\/LOGO-ESKA-FINAL.svg\",\"width\":259,\"height\":201,\"caption\":\"Eska dalys\"},\"image\":{\"@id\":\"https:\\\/\\\/eskadalys.lt\\\/#\\\/schema\\\/logo\\\/image\\\/\"},\"sameAs\":[\"https:\\\/\\\/www.facebook.com\\\/profile.php?id=61556005720456\"]}]}<\/script>\n<!-- \/ Yoast SEO plugin. -->","yoast_head_json":{"title":"Liukukappale 5,2 MM PITK\u00c4IK\u00c4INEN Polyamidi !!! - 1931681 | Hyv\u00e4 hinta | Nopea toimitus | Eska-osat","description":"Liukukappale 5.2MM PITK\u00c4KESTOINEN Polyamidi !!! - 1931681 Mitat: Halkaisija: 101mm, \/40.2mm, Paksuus: 5.3mm, \/12.8mm, Sopii: CAT, Kaivurikuormaaja, 422E, 422F, 424D, 426C, 428C, 428D, 432D, 432E, 432F, 434E, 442D, 442E, 444E OE-numerot: 8Y8082, 5.2","robots":{"index":"index","follow":"follow","max-snippet":"max-snippet:-1","max-image-preview":"max-image-preview:large","max-video-preview":"max-video-preview:-1"},"canonical":"https:\/\/eskadalys.lt\/fi\/tuote-fi\/liukusaadin-5-2-mm-pitkaikainen-polyamidi\/","og_locale":"fi_FI","og_type":"article","og_title":"\u0160liau\u017eiklis 5.2MM LONG LIFE Poliamidas !!! - 1931681 | Gera kaina | Greitas pristatymas | Eska dalys","og_description":"\u0160liau\u017eiklis 5.2MM LONG LIFE Poliamidas !!! - 1931681 Matmenys: Skersmuo: 101mm, \/40.2mm, Storis: 5.3mm, \/12.8mm, Tinka: CAT, Ekskavatorius krautuvas, 422E, 422F, 424D, 426C, 428C, 428D, 432D, 432E, 432F, 434E, 442D, 442E, 444E OE numeriai: 8Y8082, 5.2","og_url":"https:\/\/eskadalys.lt\/fi\/tuote-fi\/liukusaadin-5-2-mm-pitkaikainen-polyamidi\/","og_site_name":"Eska dalys","article_publisher":"https:\/\/www.facebook.com\/profile.php?id=61556005720456","article_modified_time":"2026-04-22T13:28:31+00:00","og_image":[{"width":1600,"height":1543,"url":"https:\/\/eskadalys.lt\/wp-content\/uploads\/2024\/02\/pad-9-20240121-121436-scaled-1.jpg?v=1714949657","type":"image\/jpeg"}],"schema":{"@context":"https:\/\/schema.org","@graph":[{"@type":"WebPage","@id":"https:\/\/eskadalys.lt\/product\/sliauziklis-5-2mm-long-life-poliamidas\/","url":"https:\/\/eskadalys.lt\/product\/sliauziklis-5-2mm-long-life-poliamidas\/","name":"Liukukappale 5,2 MM PITK\u00c4IK\u00c4INEN Polyamidi !!! - 1931681 | Hyv\u00e4 hinta | Nopea toimitus | Eska-osat","isPartOf":{"@id":"https:\/\/eskadalys.lt\/#website"},"primaryImageOfPage":{"@id":"https:\/\/eskadalys.lt\/product\/sliauziklis-5-2mm-long-life-poliamidas\/#primaryimage"},"image":{"@id":"https:\/\/eskadalys.lt\/product\/sliauziklis-5-2mm-long-life-poliamidas\/#primaryimage"},"thumbnailUrl":"https:\/\/eskadalys.lt\/wp-content\/uploads\/2024\/02\/pad-9-20240121-121436-scaled-1.jpg?v=1714949657","datePublished":"2024-02-10T22:41:21+00:00","dateModified":"2026-04-22T13:28:31+00:00","description":"Liukukappale 5.2MM PITK\u00c4KESTOINEN Polyamidi !!! - 1931681 Mitat: Halkaisija: 101mm, \/40.2mm, Paksuus: 5.3mm, \/12.8mm, Sopii: CAT, Kaivurikuormaaja, 422E, 422F, 424D, 426C, 428C, 428D, 432D, 432E, 432F, 434E, 442D, 442E, 444E OE-numerot: 8Y8082, 5.2","breadcrumb":{"@id":"https:\/\/eskadalys.lt\/product\/sliauziklis-5-2mm-long-life-poliamidas\/#breadcrumb"},"inLanguage":"fi","potentialAction":[{"@type":"ReadAction","target":["https:\/\/eskadalys.lt\/product\/sliauziklis-5-2mm-long-life-poliamidas\/"]}]},{"@type":"ImageObject","inLanguage":"fi","@id":"https:\/\/eskadalys.lt\/product\/sliauziklis-5-2mm-long-life-poliamidas\/#primaryimage","url":"https:\/\/eskadalys.lt\/wp-content\/uploads\/2024\/02\/pad-9-20240121-121436-scaled-1.jpg?v=1714949657","contentUrl":"https:\/\/eskadalys.lt\/wp-content\/uploads\/2024\/02\/pad-9-20240121-121436-scaled-1.jpg?v=1714949657","width":1600,"height":1543},{"@type":"BreadcrumbList","@id":"https:\/\/eskadalys.lt\/product\/sliauziklis-5-2mm-long-life-poliamidas\/#breadcrumb","itemListElement":[{"@type":"ListItem","position":1,"name":"Strona g\u0142\u00f3wna","item":"https:\/\/eskadalys.lt\/"},{"@type":"ListItem","position":2,"name":"E-parduotuv\u0117","item":"https:\/\/eskadalys.lt\/e-parduotuve\/"},{"@type":"ListItem","position":3,"name":"\u0160liau\u017eiklis 5.2MM LONG LIFE Poliamidas !!! &#8211; 1931681"}]},{"@type":"WebSite","@id":"https:\/\/eskadalys.lt\/#website","url":"https:\/\/eskadalys.lt\/","name":"Eska parts","description":"Kaivinkoneen\/minikaivinkoneen\/puskutraktorin osat","publisher":{"@id":"https:\/\/eskadalys.lt\/#organization"},"potentialAction":[{"@type":"SearchAction","target":{"@type":"EntryPoint","urlTemplate":"https:\/\/eskadalys.lt\/?s={search_term_string}"},"query-input":{"@type":"PropertyValueSpecification","valueRequired":true,"valueName":"search_term_string"}}],"inLanguage":"fi"},{"@type":"Organization","@id":"https:\/\/eskadalys.lt\/#organization","name":"Eska parts","url":"https:\/\/eskadalys.lt\/","logo":{"@type":"ImageObject","inLanguage":"fi","@id":"https:\/\/eskadalys.lt\/#\/schema\/logo\/image\/","url":"https:\/\/eskadalys.lt\/wp-content\/uploads\/2024\/01\/LOGO-ESKA-FINAL.svg","contentUrl":"https:\/\/eskadalys.lt\/wp-content\/uploads\/2024\/01\/LOGO-ESKA-FINAL.svg","width":259,"height":201,"caption":"Eska dalys"},"image":{"@id":"https:\/\/eskadalys.lt\/#\/schema\/logo\/image\/"},"sameAs":["https:\/\/www.facebook.com\/profile.php?id=61556005720456"]}]}},"_links":{"self":[{"href":"https:\/\/eskadalys.lt\/fi\/wp-json\/wp\/v2\/product\/1210","targetHints":{"allow":["GET"]}}],"collection":[{"href":"https:\/\/eskadalys.lt\/fi\/wp-json\/wp\/v2\/product"}],"about":[{"href":"https:\/\/eskadalys.lt\/fi\/wp-json\/wp\/v2\/types\/product"}],"wp:featuredmedia":[{"embeddable":true,"href":"https:\/\/eskadalys.lt\/fi\/wp-json\/wp\/v2\/media\/94240"}],"wp:attachment":[{"href":"https:\/\/eskadalys.lt\/fi\/wp-json\/wp\/v2\/media?parent=1210"}],"wp:term":[{"taxonomy":"product_brand","embeddable":true,"href":"https:\/\/eskadalys.lt\/fi\/wp-json\/wp\/v2\/product_brand?post=1210"},{"taxonomy":"product_cat","embeddable":true,"href":"https:\/\/eskadalys.lt\/fi\/wp-json\/wp\/v2\/product_cat?post=1210"},{"taxonomy":"product_tag","embeddable":true,"href":"https:\/\/eskadalys.lt\/fi\/wp-json\/wp\/v2\/product_tag?post=1210"}],"curies":[{"name":"wp","href":"https:\/\/api.w.org\/{rel}","templated":true}]}}