{"id":1045,"date":"2024-02-11T00:28:34","date_gmt":"2024-02-10T22:28:34","guid":{"rendered":"https:\/\/eskadalys.lt\/?post_type=product&#038;p=1045"},"modified":"2026-04-12T08:13:58","modified_gmt":"2026-04-12T05:13:58","slug":"lokasuojan-rasvanipan-tappi-8","status":"publish","type":"product","link":"https:\/\/eskadalys.lt\/fi\/product\/kaiscio-riebokslis-purvasaugis-8\/","title":{"rendered":"Lokasuojan tulppaholkki \u2013 4782479"},"content":{"rendered":"<p><strong>Lokasuojan tulppaholkki \u2013 4782479<\/strong><br \/>\n<strong>Sopii:<\/strong> VOLVO, Py\u00f6r\u00e4kuormaaja, 4200, 4300, 4300B, 4400, 4600, EL70, EL70C, L50, L70, L150, L150C, L160, L180, L180C, L220D, L30<\/p>\n<p>VOE4782479<\/p>\n<h3>\ud83d\udd0d Etsitk\u00f6 toista tuotetta samasta kategoriasta? <a href=\"https:\/\/eskadalys.lt\/fi\/tuotekategoria-fi\/norsunluun-laakerit\/tappirasva\/\">Tulppatiivisteet<\/a> ?<\/h3>\n<h3>\ud83d\udee0\ufe0f VOLVO-osat \u2013 l\u00f6yd\u00e4t niit\u00e4 lis\u00e4\u00e4 <a href=\"https:\/\/eskadalys.lt\/fi\/tuotekategoria-fi\/norsunluun-laakerit\/\">Tapit \/ Holkit \/ Laakerit<\/a> kategoriassa.<\/h3>\n<p>Jos et ole varma, sopiiko t\u00e4m\u00e4 osa koneeseesi, <strong>L\u00e4het\u00e4 meille ajoneuvon sarjanumero (VIN) ennen ostamista.<\/strong>. Tarkistamme yhteensopivuuden luetteloiden avulla ja <strong>tarjoamme oikean osan<\/strong>. Jos et l\u00f6yd\u00e4 tarvitsemaasi osaa, kirjoita meille \u2013 autamme sinua l\u00f6yt\u00e4m\u00e4\u00e4n sen!<\/p>\n<p><strong>\ud83d\udce6 Varasto Liettuassa<\/strong> \u2013 Ennen klo 14.00 tehdyt tilaukset l\u00e4hetet\u00e4\u00e4n samana p\u00e4iv\u00e4n\u00e4.<\/p>\n<p><strong>\ud83d\ude80 Nopea toimitus<\/strong> \u2013 Tilatut tuotteet, joita meill\u00e4 ei t\u00e4ll\u00e4 hetkell\u00e4 ole varastossa, toimitetaan 3\u20134 arkip\u00e4iv\u00e4n kuluessa.<\/p>\n<p><strong>\ud83d\udcc8 Laaja valikoima<\/strong> \u2013 laajennamme tuotevalikoimaamme jatkuvasti.<\/p>","protected":false},"excerpt":{"rendered":"<p>4782479<\/p>","protected":false},"featured_media":93834,"template":"","meta":{"site-sidebar-layout":"default","site-content-layout":"","ast-site-content-layout":"default","site-content-style":"default","site-sidebar-style":"default","ast-global-header-display":"","ast-banner-title-visibility":"","ast-main-header-display":"","ast-hfb-above-header-display":"","ast-hfb-below-header-display":"","ast-hfb-mobile-header-display":"","site-post-title":"","ast-breadcrumbs-content":"","ast-featured-img":"","footer-sml-layout":"","ast-disable-related-posts":"","theme-transparent-header-meta":"default","adv-header-id-meta":"","stick-header-meta":"","header-above-stick-meta":"","header-main-stick-meta":"","header-below-stick-meta":"","astra-migrate-meta-layouts":"set","ast-page-background-enabled":"default","ast-page-background-meta":{"desktop":{"background-color":"","background-image":"","background-repeat":"repeat","background-position":"center center","background-size":"auto","background-attachment":"scroll","background-type":"","background-media":"","overlay-type":"","overlay-color":"","overlay-opacity":"","overlay-gradient":""},"tablet":{"background-color":"","background-image":"","background-repeat":"repeat","background-position":"center center","background-size":"auto","background-attachment":"scroll","background-type":"","background-media":"","overlay-type":"","overlay-color":"","overlay-opacity":"","overlay-gradient":""},"mobile":{"background-color":"","background-image":"","background-repeat":"repeat","background-position":"center center","background-size":"auto","background-attachment":"scroll","background-type":"","background-media":"","overlay-type":"","overlay-color":"","overlay-opacity":"","overlay-gradient":""}},"ast-content-background-meta":{"desktop":{"background-color":"var(--ast-global-color-5)","background-image":"","background-repeat":"repeat","background-position":"center center","background-size":"auto","background-attachment":"scroll","background-type":"","background-media":"","overlay-type":"","overlay-color":"","overlay-opacity":"","overlay-gradient":""},"tablet":{"background-color":"var(--ast-global-color-5)","background-image":"","background-repeat":"repeat","background-position":"center center","background-size":"auto","background-attachment":"scroll","background-type":"","background-media":"","overlay-type":"","overlay-color":"","overlay-opacity":"","overlay-gradient":""},"mobile":{"background-color":"var(--ast-global-color-5)","background-image":"","background-repeat":"repeat","background-position":"center center","background-size":"auto","background-attachment":"scroll","background-type":"","background-media":"","overlay-type":"","overlay-color":"","overlay-opacity":"","overlay-gradient":""}}},"product_brand":[],"product_cat":[889],"product_tag":[50204,50205,50206,50207,50208,50209,50210,48776,49639,49640,50212,49642,49643,49691,50213,50211,49765,43253],"class_list":{"0":"post-1045","1":"product","2":"type-product","3":"status-publish","4":"has-post-thumbnail","6":"product_cat-kaiscio-rieboksliai","7":"product_tag-50204","8":"product_tag-50205","9":"product_tag-4300b","10":"product_tag-50207","11":"product_tag-50208","12":"product_tag-el70","13":"product_tag-el70c","14":"product_tag-frontalinis-krautuvas","15":"product_tag-l150","16":"product_tag-l150c","17":"product_tag-l160","18":"product_tag-l180","19":"product_tag-l180c","20":"product_tag-l220d","21":"product_tag-l30","22":"product_tag-l50","23":"product_tag-l70","24":"product_tag-volvo","25":"desktop-align-left","26":"tablet-align-left","27":"mobile-align-left","29":"first","30":"instock","31":"taxable","32":"shipping-taxable","33":"purchasable","34":"product-type-simple"},"yoast_head":"<!-- This site is optimized with the Yoast SEO plugin v27.4 - https:\/\/yoast.com\/product\/yoast-seo-wordpress\/ -->\n<title>Kai\u0161\u010dio riebok\u0161lis \u2013 purvasaugis - 4782479 | Gera kaina | Greitas pristatymas | Eska dalys<\/title>\n<meta name=\"description\" content=\"Kai\u0161\u010dio riebok\u0161lis \u2013 purvasaugis - 4782479 Tinka: VOLVO, Frontalinis krautuvas, 4200, 4300, 4300B, 4400, 4600, EL70, EL70C, L50, L70, L150, L150C, L160, L180, L180C, L220D, L30\" \/>\n<meta name=\"robots\" content=\"index, follow, max-snippet:-1, max-image-preview:large, max-video-preview:-1\" \/>\n<link rel=\"canonical\" href=\"https:\/\/eskadalys.lt\/fi\/tuote-fi\/lokasuojan-rasvanipan-tappi-8\/\" \/>\n<meta property=\"og:locale\" content=\"fi_FI\" \/>\n<meta property=\"og:type\" content=\"article\" \/>\n<meta property=\"og:title\" content=\"Kai\u0161\u010dio riebok\u0161lis \u2013 purvasaugis - 4782479 | Gera kaina | Greitas pristatymas | Eska dalys\" \/>\n<meta property=\"og:description\" content=\"Kai\u0161\u010dio riebok\u0161lis \u2013 purvasaugis - 4782479 Tinka: VOLVO, Frontalinis krautuvas, 4200, 4300, 4300B, 4400, 4600, EL70, EL70C, L50, L70, L150, L150C, L160, L180, L180C, L220D, L30\" \/>\n<meta property=\"og:url\" content=\"https:\/\/eskadalys.lt\/fi\/tuote-fi\/lokasuojan-rasvanipan-tappi-8\/\" \/>\n<meta property=\"og:site_name\" content=\"Eska dalys\" \/>\n<meta property=\"article:publisher\" content=\"https:\/\/www.facebook.com\/profile.php?id=61556005720456\" \/>\n<meta property=\"article:modified_time\" content=\"2026-04-12T05:13:58+00:00\" \/>\n<meta property=\"og:image\" content=\"https:\/\/eskadalys.lt\/wp-content\/uploads\/2024\/02\/seal-3-20240121-120344-scaled-1.jpg?v=1714950359\" \/>\n\t<meta property=\"og:image:width\" content=\"1600\" \/>\n\t<meta property=\"og:image:height\" content=\"1388\" \/>\n\t<meta property=\"og:image:type\" content=\"image\/jpeg\" \/>\n<script type=\"application\/ld+json\" class=\"yoast-schema-graph\">{\"@context\":\"https:\\\/\\\/schema.org\",\"@graph\":[{\"@type\":\"WebPage\",\"@id\":\"https:\\\/\\\/eskadalys.lt\\\/product\\\/kaiscio-riebokslis-purvasaugis-8\\\/\",\"url\":\"https:\\\/\\\/eskadalys.lt\\\/product\\\/kaiscio-riebokslis-purvasaugis-8\\\/\",\"name\":\"Kai\u0161\u010dio riebok\u0161lis \u2013 purvasaugis - 4782479 | Gera kaina | Greitas pristatymas | Eska dalys\",\"isPartOf\":{\"@id\":\"https:\\\/\\\/eskadalys.lt\\\/#website\"},\"primaryImageOfPage\":{\"@id\":\"https:\\\/\\\/eskadalys.lt\\\/product\\\/kaiscio-riebokslis-purvasaugis-8\\\/#primaryimage\"},\"image\":{\"@id\":\"https:\\\/\\\/eskadalys.lt\\\/product\\\/kaiscio-riebokslis-purvasaugis-8\\\/#primaryimage\"},\"thumbnailUrl\":\"https:\\\/\\\/eskadalys.lt\\\/wp-content\\\/uploads\\\/2024\\\/02\\\/seal-3-20240121-120344-scaled-1.jpg?v=1714950359\",\"datePublished\":\"2024-02-10T22:28:34+00:00\",\"dateModified\":\"2026-04-12T05:13:58+00:00\",\"description\":\"Kai\u0161\u010dio riebok\u0161lis \u2013 purvasaugis - 4782479 Tinka: VOLVO, Frontalinis krautuvas, 4200, 4300, 4300B, 4400, 4600, EL70, EL70C, L50, L70, L150, L150C, L160, L180, L180C, L220D, L30\",\"breadcrumb\":{\"@id\":\"https:\\\/\\\/eskadalys.lt\\\/product\\\/kaiscio-riebokslis-purvasaugis-8\\\/#breadcrumb\"},\"inLanguage\":\"fi\",\"potentialAction\":[{\"@type\":\"ReadAction\",\"target\":[\"https:\\\/\\\/eskadalys.lt\\\/product\\\/kaiscio-riebokslis-purvasaugis-8\\\/\"]}]},{\"@type\":\"ImageObject\",\"inLanguage\":\"fi\",\"@id\":\"https:\\\/\\\/eskadalys.lt\\\/product\\\/kaiscio-riebokslis-purvasaugis-8\\\/#primaryimage\",\"url\":\"https:\\\/\\\/eskadalys.lt\\\/wp-content\\\/uploads\\\/2024\\\/02\\\/seal-3-20240121-120344-scaled-1.jpg?v=1714950359\",\"contentUrl\":\"https:\\\/\\\/eskadalys.lt\\\/wp-content\\\/uploads\\\/2024\\\/02\\\/seal-3-20240121-120344-scaled-1.jpg?v=1714950359\",\"width\":1600,\"height\":1388},{\"@type\":\"BreadcrumbList\",\"@id\":\"https:\\\/\\\/eskadalys.lt\\\/product\\\/kaiscio-riebokslis-purvasaugis-8\\\/#breadcrumb\",\"itemListElement\":[{\"@type\":\"ListItem\",\"position\":1,\"name\":\"Strona g\u0142\u00f3wna\",\"item\":\"https:\\\/\\\/eskadalys.lt\\\/\"},{\"@type\":\"ListItem\",\"position\":2,\"name\":\"E-parduotuv\u0117\",\"item\":\"https:\\\/\\\/eskadalys.lt\\\/e-parduotuve\\\/\"},{\"@type\":\"ListItem\",\"position\":3,\"name\":\"Kai\u0161\u010dio riebok\u0161lis \u2013 purvasaugis &#8211; 4782479\"}]},{\"@type\":\"WebSite\",\"@id\":\"https:\\\/\\\/eskadalys.lt\\\/#website\",\"url\":\"https:\\\/\\\/eskadalys.lt\\\/\",\"name\":\"Eska dalys\",\"description\":\"Ekskavatori\u0173 \\\/ mini ekskavatori\u0173 \\\/ buldozeri\u0173 dalys\",\"publisher\":{\"@id\":\"https:\\\/\\\/eskadalys.lt\\\/#organization\"},\"potentialAction\":[{\"@type\":\"SearchAction\",\"target\":{\"@type\":\"EntryPoint\",\"urlTemplate\":\"https:\\\/\\\/eskadalys.lt\\\/?s={search_term_string}\"},\"query-input\":{\"@type\":\"PropertyValueSpecification\",\"valueRequired\":true,\"valueName\":\"search_term_string\"}}],\"inLanguage\":\"fi\"},{\"@type\":\"Organization\",\"@id\":\"https:\\\/\\\/eskadalys.lt\\\/#organization\",\"name\":\"Eska dalys\",\"url\":\"https:\\\/\\\/eskadalys.lt\\\/\",\"logo\":{\"@type\":\"ImageObject\",\"inLanguage\":\"fi\",\"@id\":\"https:\\\/\\\/eskadalys.lt\\\/#\\\/schema\\\/logo\\\/image\\\/\",\"url\":\"https:\\\/\\\/eskadalys.lt\\\/wp-content\\\/uploads\\\/2024\\\/01\\\/LOGO-ESKA-FINAL.svg\",\"contentUrl\":\"https:\\\/\\\/eskadalys.lt\\\/wp-content\\\/uploads\\\/2024\\\/01\\\/LOGO-ESKA-FINAL.svg\",\"width\":259,\"height\":201,\"caption\":\"Eska dalys\"},\"image\":{\"@id\":\"https:\\\/\\\/eskadalys.lt\\\/#\\\/schema\\\/logo\\\/image\\\/\"},\"sameAs\":[\"https:\\\/\\\/www.facebook.com\\\/profile.php?id=61556005720456\"]}]}<\/script>\n<!-- \/ Yoast SEO plugin. -->","yoast_head_json":{"title":"Lokasuojan tulppaholkki - 4782479 | Hyv\u00e4 hinta | Nopea toimitus | Eska-osat","description":"Lokasuojan tulppa - 4782479 Sopii: VOLVO, Py\u00f6r\u00e4kuormaaja, 4200, 4300, 4300B, 4400, 4600, EL70, EL70C, L50, L70, L150, L150C, L160, L180, L180C, L220D, L30","robots":{"index":"index","follow":"follow","max-snippet":"max-snippet:-1","max-image-preview":"max-image-preview:large","max-video-preview":"max-video-preview:-1"},"canonical":"https:\/\/eskadalys.lt\/fi\/tuote-fi\/lokasuojan-rasvanipan-tappi-8\/","og_locale":"fi_FI","og_type":"article","og_title":"Kai\u0161\u010dio riebok\u0161lis \u2013 purvasaugis - 4782479 | Gera kaina | Greitas pristatymas | Eska dalys","og_description":"Kai\u0161\u010dio riebok\u0161lis \u2013 purvasaugis - 4782479 Tinka: VOLVO, Frontalinis krautuvas, 4200, 4300, 4300B, 4400, 4600, EL70, EL70C, L50, L70, L150, L150C, L160, L180, L180C, L220D, L30","og_url":"https:\/\/eskadalys.lt\/fi\/tuote-fi\/lokasuojan-rasvanipan-tappi-8\/","og_site_name":"Eska dalys","article_publisher":"https:\/\/www.facebook.com\/profile.php?id=61556005720456","article_modified_time":"2026-04-12T05:13:58+00:00","og_image":[{"width":1600,"height":1388,"url":"https:\/\/eskadalys.lt\/wp-content\/uploads\/2024\/02\/seal-3-20240121-120344-scaled-1.jpg?v=1714950359","type":"image\/jpeg"}],"schema":{"@context":"https:\/\/schema.org","@graph":[{"@type":"WebPage","@id":"https:\/\/eskadalys.lt\/product\/kaiscio-riebokslis-purvasaugis-8\/","url":"https:\/\/eskadalys.lt\/product\/kaiscio-riebokslis-purvasaugis-8\/","name":"Lokasuojan tulppaholkki - 4782479 | Hyv\u00e4 hinta | Nopea toimitus | Eska-osat","isPartOf":{"@id":"https:\/\/eskadalys.lt\/#website"},"primaryImageOfPage":{"@id":"https:\/\/eskadalys.lt\/product\/kaiscio-riebokslis-purvasaugis-8\/#primaryimage"},"image":{"@id":"https:\/\/eskadalys.lt\/product\/kaiscio-riebokslis-purvasaugis-8\/#primaryimage"},"thumbnailUrl":"https:\/\/eskadalys.lt\/wp-content\/uploads\/2024\/02\/seal-3-20240121-120344-scaled-1.jpg?v=1714950359","datePublished":"2024-02-10T22:28:34+00:00","dateModified":"2026-04-12T05:13:58+00:00","description":"Lokasuojan tulppa - 4782479 Sopii: VOLVO, Py\u00f6r\u00e4kuormaaja, 4200, 4300, 4300B, 4400, 4600, EL70, EL70C, L50, L70, L150, L150C, L160, L180, L180C, L220D, L30","breadcrumb":{"@id":"https:\/\/eskadalys.lt\/product\/kaiscio-riebokslis-purvasaugis-8\/#breadcrumb"},"inLanguage":"fi","potentialAction":[{"@type":"ReadAction","target":["https:\/\/eskadalys.lt\/product\/kaiscio-riebokslis-purvasaugis-8\/"]}]},{"@type":"ImageObject","inLanguage":"fi","@id":"https:\/\/eskadalys.lt\/product\/kaiscio-riebokslis-purvasaugis-8\/#primaryimage","url":"https:\/\/eskadalys.lt\/wp-content\/uploads\/2024\/02\/seal-3-20240121-120344-scaled-1.jpg?v=1714950359","contentUrl":"https:\/\/eskadalys.lt\/wp-content\/uploads\/2024\/02\/seal-3-20240121-120344-scaled-1.jpg?v=1714950359","width":1600,"height":1388},{"@type":"BreadcrumbList","@id":"https:\/\/eskadalys.lt\/product\/kaiscio-riebokslis-purvasaugis-8\/#breadcrumb","itemListElement":[{"@type":"ListItem","position":1,"name":"Strona g\u0142\u00f3wna","item":"https:\/\/eskadalys.lt\/"},{"@type":"ListItem","position":2,"name":"E-parduotuv\u0117","item":"https:\/\/eskadalys.lt\/e-parduotuve\/"},{"@type":"ListItem","position":3,"name":"Kai\u0161\u010dio riebok\u0161lis \u2013 purvasaugis &#8211; 4782479"}]},{"@type":"WebSite","@id":"https:\/\/eskadalys.lt\/#website","url":"https:\/\/eskadalys.lt\/","name":"Eska parts","description":"Kaivinkoneen\/minikaivinkoneen\/puskutraktorin osat","publisher":{"@id":"https:\/\/eskadalys.lt\/#organization"},"potentialAction":[{"@type":"SearchAction","target":{"@type":"EntryPoint","urlTemplate":"https:\/\/eskadalys.lt\/?s={search_term_string}"},"query-input":{"@type":"PropertyValueSpecification","valueRequired":true,"valueName":"search_term_string"}}],"inLanguage":"fi"},{"@type":"Organization","@id":"https:\/\/eskadalys.lt\/#organization","name":"Eska parts","url":"https:\/\/eskadalys.lt\/","logo":{"@type":"ImageObject","inLanguage":"fi","@id":"https:\/\/eskadalys.lt\/#\/schema\/logo\/image\/","url":"https:\/\/eskadalys.lt\/wp-content\/uploads\/2024\/01\/LOGO-ESKA-FINAL.svg","contentUrl":"https:\/\/eskadalys.lt\/wp-content\/uploads\/2024\/01\/LOGO-ESKA-FINAL.svg","width":259,"height":201,"caption":"Eska dalys"},"image":{"@id":"https:\/\/eskadalys.lt\/#\/schema\/logo\/image\/"},"sameAs":["https:\/\/www.facebook.com\/profile.php?id=61556005720456"]}]}},"_links":{"self":[{"href":"https:\/\/eskadalys.lt\/fi\/wp-json\/wp\/v2\/product\/1045","targetHints":{"allow":["GET"]}}],"collection":[{"href":"https:\/\/eskadalys.lt\/fi\/wp-json\/wp\/v2\/product"}],"about":[{"href":"https:\/\/eskadalys.lt\/fi\/wp-json\/wp\/v2\/types\/product"}],"wp:featuredmedia":[{"embeddable":true,"href":"https:\/\/eskadalys.lt\/fi\/wp-json\/wp\/v2\/media\/93834"}],"wp:attachment":[{"href":"https:\/\/eskadalys.lt\/fi\/wp-json\/wp\/v2\/media?parent=1045"}],"wp:term":[{"taxonomy":"product_brand","embeddable":true,"href":"https:\/\/eskadalys.lt\/fi\/wp-json\/wp\/v2\/product_brand?post=1045"},{"taxonomy":"product_cat","embeddable":true,"href":"https:\/\/eskadalys.lt\/fi\/wp-json\/wp\/v2\/product_cat?post=1045"},{"taxonomy":"product_tag","embeddable":true,"href":"https:\/\/eskadalys.lt\/fi\/wp-json\/wp\/v2\/product_tag?post=1045"}],"curies":[{"name":"wp","href":"https:\/\/api.w.org\/{rel}","templated":true}]}}