{"id":9425,"date":"2024-02-11T11:23:56","date_gmt":"2024-02-11T09:23:56","guid":{"rendered":"https:\/\/eskadalys.lt\/?post_type=product&#038;p=9425"},"modified":"2026-04-12T08:23:39","modified_gmt":"2026-04-12T05:23:39","slug":"injector-ivore-cat","status":"publish","type":"product","link":"https:\/\/eskadalys.lt\/en\/product\/inzektoriaus-ivore-cat\/","title":{"rendered":"Injector bushing CAT \u2013 2274239"},"content":{"rendered":"<p><strong>Injector bushing CAT \u2013 2274239<\/strong><br \/>\nDimensions:<br \/>\nOuter diameter: 28.6mm, \/38.5mm,<br \/>\nInner diameter: 19.5mm, \/30.53mm,<br \/>\nHeight: 51mm, m<br \/>\n<strong>Tinka:<\/strong> CAT, Crawler Excavator, Wheel Loader, Bulldozer, D8R, D8T, D9T, D10T, 966H, 980G, 980H, 990H Parts<br \/>\n227-4239<\/p>\n<h3>\ud83d\udd0d Looking for another product from category <a href=\"https:\/\/eskadalys.lt\/en\/product-category-en\/engine-parts\/other-parts-engine\/\">Other parts<\/a> ?<\/h3>\n<h3>\ud83d\udee0\ufe0f Caterpillar parts - you can find more of them <a href=\"https:\/\/eskadalys.lt\/en\/product-category-en\/engine-parts\/\">Engine parts<\/a> category.<\/h3>\n<p>If you are not sure if this part is suitable for your machine, <strong>please send us the serial number (VIN) of the machine before purchase<\/strong>. We will check compatibility using the catalogues and <strong>we will offer the right share<\/strong>. If you can't find the part you need, contact us - we'll help you find it!<\/p>\n<p><strong>\ud83d\udce6 Warehouse in Lithuania<\/strong> - Orders placed before 14:00 are dispatched the same day.<\/p>\n<p><strong>\ud83d\ude80 Fast delivery<\/strong> - We can deliver ordered items that are currently out of stock within 3-4 working days.<\/p>\n<p><strong>\ud83d\udcc8 Wide range<\/strong> - We are constantly expanding our product range.<\/p>","protected":false},"excerpt":{"rendered":"<p>2274239<\/p>","protected":false},"featured_media":112184,"template":"","meta":{"site-sidebar-layout":"default","site-content-layout":"","ast-site-content-layout":"default","site-content-style":"default","site-sidebar-style":"default","ast-global-header-display":"","ast-banner-title-visibility":"","ast-main-header-display":"","ast-hfb-above-header-display":"","ast-hfb-below-header-display":"","ast-hfb-mobile-header-display":"","site-post-title":"","ast-breadcrumbs-content":"","ast-featured-img":"","footer-sml-layout":"","ast-disable-related-posts":"","theme-transparent-header-meta":"default","adv-header-id-meta":"","stick-header-meta":"","header-above-stick-meta":"","header-main-stick-meta":"","header-below-stick-meta":"","astra-migrate-meta-layouts":"set","ast-page-background-enabled":"default","ast-page-background-meta":{"desktop":{"background-color":"","background-image":"","background-repeat":"repeat","background-position":"center center","background-size":"auto","background-attachment":"scroll","background-type":"","background-media":"","overlay-type":"","overlay-color":"","overlay-opacity":"","overlay-gradient":""},"tablet":{"background-color":"","background-image":"","background-repeat":"repeat","background-position":"center center","background-size":"auto","background-attachment":"scroll","background-type":"","background-media":"","overlay-type":"","overlay-color":"","overlay-opacity":"","overlay-gradient":""},"mobile":{"background-color":"","background-image":"","background-repeat":"repeat","background-position":"center center","background-size":"auto","background-attachment":"scroll","background-type":"","background-media":"","overlay-type":"","overlay-color":"","overlay-opacity":"","overlay-gradient":""}},"ast-content-background-meta":{"desktop":{"background-color":"var(--ast-global-color-5)","background-image":"","background-repeat":"repeat","background-position":"center center","background-size":"auto","background-attachment":"scroll","background-type":"","background-media":"","overlay-type":"","overlay-color":"","overlay-opacity":"","overlay-gradient":""},"tablet":{"background-color":"var(--ast-global-color-5)","background-image":"","background-repeat":"repeat","background-position":"center center","background-size":"auto","background-attachment":"scroll","background-type":"","background-media":"","overlay-type":"","overlay-color":"","overlay-opacity":"","overlay-gradient":""},"mobile":{"background-color":"var(--ast-global-color-5)","background-image":"","background-repeat":"repeat","background-position":"center center","background-size":"auto","background-attachment":"scroll","background-type":"","background-media":"","overlay-type":"","overlay-color":"","overlay-opacity":"","overlay-gradient":""}}},"product_brand":[],"product_cat":[933],"product_tag":[49924,49925,49926,49927,49475,43030,49923,49920,49921,49922,48776,49446],"class_list":{"0":"post-9425","1":"product","2":"type-product","3":"status-publish","4":"has-post-thumbnail","6":"product_cat-kitos-dalys-variklis","7":"product_tag-966h","8":"product_tag-980g","9":"product_tag-980h","10":"product_tag-990h-parts","11":"product_tag-buldozeris","12":"product_tag-cat","13":"product_tag-d10t","14":"product_tag-d8r","15":"product_tag-d8t","16":"product_tag-d9t","17":"product_tag-frontalinis-krautuvas","18":"product_tag-viksrinis-ekskavatorius","19":"desktop-align-left","20":"tablet-align-left","21":"mobile-align-left","23":"first","24":"onbackorder","25":"taxable","26":"shipping-taxable","27":"purchasable","28":"product-type-simple"},"yoast_head":"<!-- This site is optimized with the Yoast SEO plugin v27.4 - https:\/\/yoast.com\/product\/yoast-seo-wordpress\/ -->\n<title>In\u017eektoriaus \u012fvor\u0117 CAT - 2274239 | Gera kaina | Greitas pristatymas | Eska dalys<\/title>\n<meta name=\"description\" content=\"In\u017eektoriaus \u012fvor\u0117 CAT - 2274239 Matmenys: I\u0161orinis skersmuo: 28, 6mm, \/38, 5mm, Vidinis skersmuo: 19, 5mm, \/30, 53 mm, Auk\u0161tis: 51mm, m Tinka: CAT, Vik\u0161rinis ekskavatorius, Frontalinis krautuvas, Buldozeris, D8R, D8T, D9T, D10T, 966H, 980G, 980H, 990H Parts\" \/>\n<meta name=\"robots\" content=\"index, follow, max-snippet:-1, max-image-preview:large, max-video-preview:-1\" \/>\n<link rel=\"canonical\" href=\"https:\/\/eskadalys.lt\/en\/product-en\/injector-ivore-cat\/\" \/>\n<meta property=\"og:locale\" content=\"en_GB\" \/>\n<meta property=\"og:type\" content=\"article\" \/>\n<meta property=\"og:title\" content=\"In\u017eektoriaus \u012fvor\u0117 CAT - 2274239 | Gera kaina | Greitas pristatymas | Eska dalys\" \/>\n<meta property=\"og:description\" content=\"In\u017eektoriaus \u012fvor\u0117 CAT - 2274239 Matmenys: I\u0161orinis skersmuo: 28, 6mm, \/38, 5mm, Vidinis skersmuo: 19, 5mm, \/30, 53 mm, Auk\u0161tis: 51mm, m Tinka: CAT, Vik\u0161rinis ekskavatorius, Frontalinis krautuvas, Buldozeris, D8R, D8T, D9T, D10T, 966H, 980G, 980H, 990H Parts\" \/>\n<meta property=\"og:url\" content=\"https:\/\/eskadalys.lt\/en\/product-en\/injector-ivore-cat\/\" \/>\n<meta property=\"og:site_name\" content=\"Eska dalys\" \/>\n<meta property=\"article:publisher\" content=\"https:\/\/www.facebook.com\/profile.php?id=61556005720456\" \/>\n<meta property=\"article:modified_time\" content=\"2026-04-12T05:23:39+00:00\" \/>\n<meta property=\"og:image\" content=\"https:\/\/eskadalys.lt\/wp-content\/uploads\/2024\/02\/tuleja-wtryskiwacza-20240121-223003.jpg?v=1714896672\" \/>\n\t<meta property=\"og:image:width\" content=\"1442\" \/>\n\t<meta property=\"og:image:height\" content=\"1770\" \/>\n\t<meta property=\"og:image:type\" content=\"image\/jpeg\" \/>\n<script type=\"application\/ld+json\" class=\"yoast-schema-graph\">{\"@context\":\"https:\\\/\\\/schema.org\",\"@graph\":[{\"@type\":\"WebPage\",\"@id\":\"https:\\\/\\\/eskadalys.lt\\\/product\\\/inzektoriaus-ivore-cat\\\/\",\"url\":\"https:\\\/\\\/eskadalys.lt\\\/product\\\/inzektoriaus-ivore-cat\\\/\",\"name\":\"In\u017eektoriaus \u012fvor\u0117 CAT - 2274239 | Gera kaina | Greitas pristatymas | Eska dalys\",\"isPartOf\":{\"@id\":\"https:\\\/\\\/eskadalys.lt\\\/#website\"},\"primaryImageOfPage\":{\"@id\":\"https:\\\/\\\/eskadalys.lt\\\/product\\\/inzektoriaus-ivore-cat\\\/#primaryimage\"},\"image\":{\"@id\":\"https:\\\/\\\/eskadalys.lt\\\/product\\\/inzektoriaus-ivore-cat\\\/#primaryimage\"},\"thumbnailUrl\":\"https:\\\/\\\/eskadalys.lt\\\/wp-content\\\/uploads\\\/2024\\\/02\\\/tuleja-wtryskiwacza-20240121-223003.jpg?v=1714896672\",\"datePublished\":\"2024-02-11T09:23:56+00:00\",\"dateModified\":\"2026-04-12T05:23:39+00:00\",\"description\":\"In\u017eektoriaus \u012fvor\u0117 CAT - 2274239 Matmenys: I\u0161orinis skersmuo: 28, 6mm, \\\/38, 5mm, Vidinis skersmuo: 19, 5mm, \\\/30, 53 mm, Auk\u0161tis: 51mm, m Tinka: CAT, Vik\u0161rinis ekskavatorius, Frontalinis krautuvas, Buldozeris, D8R, D8T, D9T, D10T, 966H, 980G, 980H, 990H Parts\",\"breadcrumb\":{\"@id\":\"https:\\\/\\\/eskadalys.lt\\\/product\\\/inzektoriaus-ivore-cat\\\/#breadcrumb\"},\"inLanguage\":\"en-GB\",\"potentialAction\":[{\"@type\":\"ReadAction\",\"target\":[\"https:\\\/\\\/eskadalys.lt\\\/product\\\/inzektoriaus-ivore-cat\\\/\"]}]},{\"@type\":\"ImageObject\",\"inLanguage\":\"en-GB\",\"@id\":\"https:\\\/\\\/eskadalys.lt\\\/product\\\/inzektoriaus-ivore-cat\\\/#primaryimage\",\"url\":\"https:\\\/\\\/eskadalys.lt\\\/wp-content\\\/uploads\\\/2024\\\/02\\\/tuleja-wtryskiwacza-20240121-223003.jpg?v=1714896672\",\"contentUrl\":\"https:\\\/\\\/eskadalys.lt\\\/wp-content\\\/uploads\\\/2024\\\/02\\\/tuleja-wtryskiwacza-20240121-223003.jpg?v=1714896672\",\"width\":1442,\"height\":1770},{\"@type\":\"BreadcrumbList\",\"@id\":\"https:\\\/\\\/eskadalys.lt\\\/product\\\/inzektoriaus-ivore-cat\\\/#breadcrumb\",\"itemListElement\":[{\"@type\":\"ListItem\",\"position\":1,\"name\":\"Strona g\u0142\u00f3wna\",\"item\":\"https:\\\/\\\/eskadalys.lt\\\/\"},{\"@type\":\"ListItem\",\"position\":2,\"name\":\"E-parduotuv\u0117\",\"item\":\"https:\\\/\\\/eskadalys.lt\\\/e-parduotuve\\\/\"},{\"@type\":\"ListItem\",\"position\":3,\"name\":\"In\u017eektoriaus \u012fvor\u0117 CAT &#8211; 2274239\"}]},{\"@type\":\"WebSite\",\"@id\":\"https:\\\/\\\/eskadalys.lt\\\/#website\",\"url\":\"https:\\\/\\\/eskadalys.lt\\\/\",\"name\":\"Eska dalys\",\"description\":\"Ekskavatori\u0173 \\\/ mini ekskavatori\u0173 \\\/ buldozeri\u0173 dalys\",\"publisher\":{\"@id\":\"https:\\\/\\\/eskadalys.lt\\\/#organization\"},\"potentialAction\":[{\"@type\":\"SearchAction\",\"target\":{\"@type\":\"EntryPoint\",\"urlTemplate\":\"https:\\\/\\\/eskadalys.lt\\\/?s={search_term_string}\"},\"query-input\":{\"@type\":\"PropertyValueSpecification\",\"valueRequired\":true,\"valueName\":\"search_term_string\"}}],\"inLanguage\":\"en-GB\"},{\"@type\":\"Organization\",\"@id\":\"https:\\\/\\\/eskadalys.lt\\\/#organization\",\"name\":\"Eska dalys\",\"url\":\"https:\\\/\\\/eskadalys.lt\\\/\",\"logo\":{\"@type\":\"ImageObject\",\"inLanguage\":\"en-GB\",\"@id\":\"https:\\\/\\\/eskadalys.lt\\\/#\\\/schema\\\/logo\\\/image\\\/\",\"url\":\"https:\\\/\\\/eskadalys.lt\\\/wp-content\\\/uploads\\\/2024\\\/01\\\/LOGO-ESKA-FINAL.svg\",\"contentUrl\":\"https:\\\/\\\/eskadalys.lt\\\/wp-content\\\/uploads\\\/2024\\\/01\\\/LOGO-ESKA-FINAL.svg\",\"width\":259,\"height\":201,\"caption\":\"Eska dalys\"},\"image\":{\"@id\":\"https:\\\/\\\/eskadalys.lt\\\/#\\\/schema\\\/logo\\\/image\\\/\"},\"sameAs\":[\"https:\\\/\\\/www.facebook.com\\\/profile.php?id=61556005720456\"]}]}<\/script>\n<!-- \/ Yoast SEO plugin. -->","yoast_head_json":{"title":"Injector bushing CAT - 2274239 | Good price | Fast delivery | Eska parts","description":"Injector bushing CAT - 2274239 Dimensions: Outer diameter: 28, 6mm, \/38, 5mm, Inner diameter: 19, 5mm, \/30, 53 mm, Height: 51mm, m Fits: CAT, Crawler excavator, Wheel loader, Bulldozer, D8R, D8T, D9T, D10T, 966H, 980G, 980H, 990H Parts","robots":{"index":"index","follow":"follow","max-snippet":"max-snippet:-1","max-image-preview":"max-image-preview:large","max-video-preview":"max-video-preview:-1"},"canonical":"https:\/\/eskadalys.lt\/en\/product-en\/injector-ivore-cat\/","og_locale":"en_GB","og_type":"article","og_title":"In\u017eektoriaus \u012fvor\u0117 CAT - 2274239 | Gera kaina | Greitas pristatymas | Eska dalys","og_description":"In\u017eektoriaus \u012fvor\u0117 CAT - 2274239 Matmenys: I\u0161orinis skersmuo: 28, 6mm, \/38, 5mm, Vidinis skersmuo: 19, 5mm, \/30, 53 mm, Auk\u0161tis: 51mm, m Tinka: CAT, Vik\u0161rinis ekskavatorius, Frontalinis krautuvas, Buldozeris, D8R, D8T, D9T, D10T, 966H, 980G, 980H, 990H Parts","og_url":"https:\/\/eskadalys.lt\/en\/product-en\/injector-ivore-cat\/","og_site_name":"Eska dalys","article_publisher":"https:\/\/www.facebook.com\/profile.php?id=61556005720456","article_modified_time":"2026-04-12T05:23:39+00:00","og_image":[{"width":1442,"height":1770,"url":"https:\/\/eskadalys.lt\/wp-content\/uploads\/2024\/02\/tuleja-wtryskiwacza-20240121-223003.jpg?v=1714896672","type":"image\/jpeg"}],"schema":{"@context":"https:\/\/schema.org","@graph":[{"@type":"WebPage","@id":"https:\/\/eskadalys.lt\/product\/inzektoriaus-ivore-cat\/","url":"https:\/\/eskadalys.lt\/product\/inzektoriaus-ivore-cat\/","name":"Injector bushing CAT - 2274239 | Good price | Fast delivery | Eska parts","isPartOf":{"@id":"https:\/\/eskadalys.lt\/#website"},"primaryImageOfPage":{"@id":"https:\/\/eskadalys.lt\/product\/inzektoriaus-ivore-cat\/#primaryimage"},"image":{"@id":"https:\/\/eskadalys.lt\/product\/inzektoriaus-ivore-cat\/#primaryimage"},"thumbnailUrl":"https:\/\/eskadalys.lt\/wp-content\/uploads\/2024\/02\/tuleja-wtryskiwacza-20240121-223003.jpg?v=1714896672","datePublished":"2024-02-11T09:23:56+00:00","dateModified":"2026-04-12T05:23:39+00:00","description":"Injector bushing CAT - 2274239 Dimensions: Outer diameter: 28, 6mm, \/38, 5mm, Inner diameter: 19, 5mm, \/30, 53 mm, Height: 51mm, m Fits: CAT, Crawler excavator, Wheel loader, Bulldozer, D8R, D8T, D9T, D10T, 966H, 980G, 980H, 990H Parts","breadcrumb":{"@id":"https:\/\/eskadalys.lt\/product\/inzektoriaus-ivore-cat\/#breadcrumb"},"inLanguage":"en-GB","potentialAction":[{"@type":"ReadAction","target":["https:\/\/eskadalys.lt\/product\/inzektoriaus-ivore-cat\/"]}]},{"@type":"ImageObject","inLanguage":"en-GB","@id":"https:\/\/eskadalys.lt\/product\/inzektoriaus-ivore-cat\/#primaryimage","url":"https:\/\/eskadalys.lt\/wp-content\/uploads\/2024\/02\/tuleja-wtryskiwacza-20240121-223003.jpg?v=1714896672","contentUrl":"https:\/\/eskadalys.lt\/wp-content\/uploads\/2024\/02\/tuleja-wtryskiwacza-20240121-223003.jpg?v=1714896672","width":1442,"height":1770},{"@type":"BreadcrumbList","@id":"https:\/\/eskadalys.lt\/product\/inzektoriaus-ivore-cat\/#breadcrumb","itemListElement":[{"@type":"ListItem","position":1,"name":"Strona g\u0142\u00f3wna","item":"https:\/\/eskadalys.lt\/"},{"@type":"ListItem","position":2,"name":"E-parduotuv\u0117","item":"https:\/\/eskadalys.lt\/e-parduotuve\/"},{"@type":"ListItem","position":3,"name":"In\u017eektoriaus \u012fvor\u0117 CAT &#8211; 2274239"}]},{"@type":"WebSite","@id":"https:\/\/eskadalys.lt\/#website","url":"https:\/\/eskadalys.lt\/","name":"Eska parts","description":"Parts for excavators \/ mini excavators \/ bulldozers","publisher":{"@id":"https:\/\/eskadalys.lt\/#organization"},"potentialAction":[{"@type":"SearchAction","target":{"@type":"EntryPoint","urlTemplate":"https:\/\/eskadalys.lt\/?s={search_term_string}"},"query-input":{"@type":"PropertyValueSpecification","valueRequired":true,"valueName":"search_term_string"}}],"inLanguage":"en-GB"},{"@type":"Organization","@id":"https:\/\/eskadalys.lt\/#organization","name":"Eska parts","url":"https:\/\/eskadalys.lt\/","logo":{"@type":"ImageObject","inLanguage":"en-GB","@id":"https:\/\/eskadalys.lt\/#\/schema\/logo\/image\/","url":"https:\/\/eskadalys.lt\/wp-content\/uploads\/2024\/01\/LOGO-ESKA-FINAL.svg","contentUrl":"https:\/\/eskadalys.lt\/wp-content\/uploads\/2024\/01\/LOGO-ESKA-FINAL.svg","width":259,"height":201,"caption":"Eska dalys"},"image":{"@id":"https:\/\/eskadalys.lt\/#\/schema\/logo\/image\/"},"sameAs":["https:\/\/www.facebook.com\/profile.php?id=61556005720456"]}]}},"_links":{"self":[{"href":"https:\/\/eskadalys.lt\/en\/wp-json\/wp\/v2\/product\/9425","targetHints":{"allow":["GET"]}}],"collection":[{"href":"https:\/\/eskadalys.lt\/en\/wp-json\/wp\/v2\/product"}],"about":[{"href":"https:\/\/eskadalys.lt\/en\/wp-json\/wp\/v2\/types\/product"}],"wp:featuredmedia":[{"embeddable":true,"href":"https:\/\/eskadalys.lt\/en\/wp-json\/wp\/v2\/media\/112184"}],"wp:attachment":[{"href":"https:\/\/eskadalys.lt\/en\/wp-json\/wp\/v2\/media?parent=9425"}],"wp:term":[{"taxonomy":"product_brand","embeddable":true,"href":"https:\/\/eskadalys.lt\/en\/wp-json\/wp\/v2\/product_brand?post=9425"},{"taxonomy":"product_cat","embeddable":true,"href":"https:\/\/eskadalys.lt\/en\/wp-json\/wp\/v2\/product_cat?post=9425"},{"taxonomy":"product_tag","embeddable":true,"href":"https:\/\/eskadalys.lt\/en\/wp-json\/wp\/v2\/product_tag?post=9425"}],"curies":[{"name":"wp","href":"https:\/\/api.w.org\/{rel}","templated":true}]}}