{"id":5891,"date":"2024-02-11T06:22:21","date_gmt":"2024-02-11T04:22:21","guid":{"rendered":"https:\/\/eskadalys.lt\/?post_type=product&#038;p=5891"},"modified":"2026-03-26T09:56:49","modified_gmt":"2026-03-26T07:56:49","slug":"sliding-plate-long-life-polyamide-7","status":"publish","type":"product","link":"https:\/\/eskadalys.lt\/en\/product\/slydimo-plokstele-long-life-poliamidas-7\/","title":{"rendered":"Sliding plate LONG LIFE Polyamide !!! \u2013 1873826"},"content":{"rendered":"<p><strong>Sliding plate LONG LIFE Polyamide !!! \u2013 1873826<\/strong><br \/>\nDimensions:<br \/>\nLength: 111mm,<br \/>\nWidth: 111mm,<br \/>\nThickness: 17mm,<br \/>\nBolt spacing: 55mm,<br \/>\n<strong>Tinka:<\/strong> CAT, Backhoe loader, 416C, 416D, 420D, 424D, 426C, 428C, 428D, 430D, 432D, 436, 436C, 438C, 438D, 442D, 446B, 446D<\/p>\n<p>187-3826<\/p>\n<h3>\ud83d\udd0d Looking for another product from category <a href=\"https:\/\/eskadalys.lt\/en\/product-category-en\/sliding-pads\/boom-sliding-pads\/\">Sliding pads<\/a> ?<\/h3>\n<h3>\ud83d\udee0\ufe0f Construction equipment parts - you can find more of them <a href=\"https:\/\/eskadalys.lt\/en\/product-category-en\/sliding-pads\/\">Sliding pads<\/a> category.<\/h3>\n<p>If you are not sure if this part is suitable for your machine, <strong>please send us the serial number (VIN) of the machine before purchase<\/strong>. We will check compatibility using the catalogues and <strong>we will offer the right share<\/strong>. If you can't find the part you need, contact us - we'll help you find it!<\/p>\n<p><strong>\ud83d\udce6 Warehouse in Lithuania<\/strong> - Orders placed before 14:00 are dispatched the same day.<\/p>\n<p><strong>\ud83d\ude80 Fast delivery<\/strong> - We can deliver ordered items that are currently out of stock within 3-4 working days.<\/p>\n<p><strong>\ud83d\udcc8 Wide range<\/strong> - We are constantly expanding our product range.<\/p>","protected":false},"excerpt":{"rendered":"<p>1873826 CVA<\/p>","protected":false},"featured_media":104200,"template":"","meta":{"site-sidebar-layout":"default","site-content-layout":"","ast-site-content-layout":"default","site-content-style":"default","site-sidebar-style":"default","ast-global-header-display":"","ast-banner-title-visibility":"","ast-main-header-display":"","ast-hfb-above-header-display":"","ast-hfb-below-header-display":"","ast-hfb-mobile-header-display":"","site-post-title":"","ast-breadcrumbs-content":"","ast-featured-img":"","footer-sml-layout":"","ast-disable-related-posts":"","theme-transparent-header-meta":"default","adv-header-id-meta":"","stick-header-meta":"","header-above-stick-meta":"","header-main-stick-meta":"","header-below-stick-meta":"","astra-migrate-meta-layouts":"set","ast-page-background-enabled":"default","ast-page-background-meta":{"desktop":{"background-color":"","background-image":"","background-repeat":"repeat","background-position":"center center","background-size":"auto","background-attachment":"scroll","background-type":"","background-media":"","overlay-type":"","overlay-color":"","overlay-opacity":"","overlay-gradient":""},"tablet":{"background-color":"","background-image":"","background-repeat":"repeat","background-position":"center center","background-size":"auto","background-attachment":"scroll","background-type":"","background-media":"","overlay-type":"","overlay-color":"","overlay-opacity":"","overlay-gradient":""},"mobile":{"background-color":"","background-image":"","background-repeat":"repeat","background-position":"center center","background-size":"auto","background-attachment":"scroll","background-type":"","background-media":"","overlay-type":"","overlay-color":"","overlay-opacity":"","overlay-gradient":""}},"ast-content-background-meta":{"desktop":{"background-color":"var(--ast-global-color-5)","background-image":"","background-repeat":"repeat","background-position":"center center","background-size":"auto","background-attachment":"scroll","background-type":"","background-media":"","overlay-type":"","overlay-color":"","overlay-opacity":"","overlay-gradient":""},"tablet":{"background-color":"var(--ast-global-color-5)","background-image":"","background-repeat":"repeat","background-position":"center center","background-size":"auto","background-attachment":"scroll","background-type":"","background-media":"","overlay-type":"","overlay-color":"","overlay-opacity":"","overlay-gradient":""},"mobile":{"background-color":"var(--ast-global-color-5)","background-image":"","background-repeat":"repeat","background-position":"center center","background-size":"auto","background-attachment":"scroll","background-type":"","background-media":"","overlay-type":"","overlay-color":"","overlay-opacity":"","overlay-gradient":""}}},"product_brand":[],"product_cat":[842],"product_tag":[49560,49561,49563,49528,49530,49470,49461,49532,49463,49693,49534,49536,49537,49538,49542,49543,43030,47753],"class_list":{"0":"post-5891","1":"product","2":"type-product","3":"status-publish","4":"has-post-thumbnail","6":"product_cat-streles-slydimo-ploksteles","7":"product_tag-416c","8":"product_tag-416d","9":"product_tag-420d","10":"product_tag-424d","11":"product_tag-426c","12":"product_tag-428c","13":"product_tag-428d","14":"product_tag-430d","15":"product_tag-432d","16":"product_tag-49693","17":"product_tag-436c","18":"product_tag-438c","19":"product_tag-438d","20":"product_tag-442d","21":"product_tag-446b","22":"product_tag-446d","23":"product_tag-cat","24":"product_tag-ekskavatorius-krautuvas","25":"desktop-align-left","26":"tablet-align-left","27":"mobile-align-left","29":"first","30":"instock","31":"taxable","32":"shipping-taxable","33":"purchasable","34":"product-type-simple"},"yoast_head":"<!-- This site is optimized with the Yoast SEO plugin v27.3 - https:\/\/yoast.com\/product\/yoast-seo-wordpress\/ -->\n<title>Slydimo plok\u0161tel\u0117 LONG LIFE Poliamidas !!! - 1873826 | Gera kaina | Greitas pristatymas | Eska dalys<\/title>\n<meta name=\"description\" content=\"Slydimo plok\u0161tel\u0117 LONG LIFE Poliamidas !!! - 1873826 Matmenys: Ilgis: 111mm, Plotis: 111mm, Storis: 17mm, Tarpai tarp var\u017et\u0173: 55mm, Tinka: CAT, Ekskavatorius krautuvas, 416C, 416D, 420D, 424D, 426C, 428C, 428D, 430D, 432D, 436, 436C, 438C, 438D, 442D, 446B, 446D\" \/>\n<meta name=\"robots\" content=\"index, follow, max-snippet:-1, max-image-preview:large, max-video-preview:-1\" \/>\n<link rel=\"canonical\" href=\"https:\/\/eskadalys.lt\/en\/product-en\/sliding-plate-long-life-polyamide-7\/\" \/>\n<meta property=\"og:locale\" content=\"en_GB\" \/>\n<meta property=\"og:type\" content=\"article\" \/>\n<meta property=\"og:title\" content=\"Slydimo plok\u0161tel\u0117 LONG LIFE Poliamidas !!! - 1873826 | Gera kaina | Greitas pristatymas | Eska dalys\" \/>\n<meta property=\"og:description\" content=\"Slydimo plok\u0161tel\u0117 LONG LIFE Poliamidas !!! - 1873826 Matmenys: Ilgis: 111mm, Plotis: 111mm, Storis: 17mm, Tarpai tarp var\u017et\u0173: 55mm, Tinka: CAT, Ekskavatorius krautuvas, 416C, 416D, 420D, 424D, 426C, 428C, 428D, 430D, 432D, 436, 436C, 438C, 438D, 442D, 446B, 446D\" \/>\n<meta property=\"og:url\" content=\"https:\/\/eskadalys.lt\/en\/product-en\/sliding-plate-long-life-polyamide-7\/\" \/>\n<meta property=\"og:site_name\" content=\"Eska dalys\" \/>\n<meta property=\"article:publisher\" content=\"https:\/\/www.facebook.com\/profile.php?id=61556005720456\" \/>\n<meta property=\"article:modified_time\" content=\"2026-03-26T07:56:49+00:00\" \/>\n<meta property=\"og:image\" content=\"https:\/\/eskadalys.lt\/wp-content\/uploads\/2024\/02\/pad-turning-long-life-5-20240121-174231-scaled-1.jpg?v=1714918716\" \/>\n\t<meta property=\"og:image:width\" content=\"1600\" \/>\n\t<meta property=\"og:image:height\" content=\"1629\" \/>\n\t<meta property=\"og:image:type\" content=\"image\/jpeg\" \/>\n<script type=\"application\/ld+json\" class=\"yoast-schema-graph\">{\"@context\":\"https:\\\/\\\/schema.org\",\"@graph\":[{\"@type\":\"WebPage\",\"@id\":\"https:\\\/\\\/eskadalys.lt\\\/product\\\/slydimo-plokstele-long-life-poliamidas-7\\\/\",\"url\":\"https:\\\/\\\/eskadalys.lt\\\/product\\\/slydimo-plokstele-long-life-poliamidas-7\\\/\",\"name\":\"Slydimo plok\u0161tel\u0117 LONG LIFE Poliamidas !!! - 1873826 | Gera kaina | Greitas pristatymas | Eska dalys\",\"isPartOf\":{\"@id\":\"https:\\\/\\\/eskadalys.lt\\\/#website\"},\"primaryImageOfPage\":{\"@id\":\"https:\\\/\\\/eskadalys.lt\\\/product\\\/slydimo-plokstele-long-life-poliamidas-7\\\/#primaryimage\"},\"image\":{\"@id\":\"https:\\\/\\\/eskadalys.lt\\\/product\\\/slydimo-plokstele-long-life-poliamidas-7\\\/#primaryimage\"},\"thumbnailUrl\":\"https:\\\/\\\/eskadalys.lt\\\/wp-content\\\/uploads\\\/2024\\\/02\\\/pad-turning-long-life-5-20240121-174231-scaled-1.jpg?v=1714918716\",\"datePublished\":\"2024-02-11T04:22:21+00:00\",\"dateModified\":\"2026-03-26T07:56:49+00:00\",\"description\":\"Slydimo plok\u0161tel\u0117 LONG LIFE Poliamidas !!! - 1873826 Matmenys: Ilgis: 111mm, Plotis: 111mm, Storis: 17mm, Tarpai tarp var\u017et\u0173: 55mm, Tinka: CAT, Ekskavatorius krautuvas, 416C, 416D, 420D, 424D, 426C, 428C, 428D, 430D, 432D, 436, 436C, 438C, 438D, 442D, 446B, 446D\",\"breadcrumb\":{\"@id\":\"https:\\\/\\\/eskadalys.lt\\\/product\\\/slydimo-plokstele-long-life-poliamidas-7\\\/#breadcrumb\"},\"inLanguage\":\"en-GB\",\"potentialAction\":[{\"@type\":\"ReadAction\",\"target\":[\"https:\\\/\\\/eskadalys.lt\\\/product\\\/slydimo-plokstele-long-life-poliamidas-7\\\/\"]}]},{\"@type\":\"ImageObject\",\"inLanguage\":\"en-GB\",\"@id\":\"https:\\\/\\\/eskadalys.lt\\\/product\\\/slydimo-plokstele-long-life-poliamidas-7\\\/#primaryimage\",\"url\":\"https:\\\/\\\/eskadalys.lt\\\/wp-content\\\/uploads\\\/2024\\\/02\\\/pad-turning-long-life-5-20240121-174231-scaled-1.jpg?v=1714918716\",\"contentUrl\":\"https:\\\/\\\/eskadalys.lt\\\/wp-content\\\/uploads\\\/2024\\\/02\\\/pad-turning-long-life-5-20240121-174231-scaled-1.jpg?v=1714918716\",\"width\":1600,\"height\":1629},{\"@type\":\"BreadcrumbList\",\"@id\":\"https:\\\/\\\/eskadalys.lt\\\/product\\\/slydimo-plokstele-long-life-poliamidas-7\\\/#breadcrumb\",\"itemListElement\":[{\"@type\":\"ListItem\",\"position\":1,\"name\":\"Strona g\u0142\u00f3wna\",\"item\":\"https:\\\/\\\/eskadalys.lt\\\/\"},{\"@type\":\"ListItem\",\"position\":2,\"name\":\"E-parduotuv\u0117\",\"item\":\"https:\\\/\\\/eskadalys.lt\\\/e-parduotuve\\\/\"},{\"@type\":\"ListItem\",\"position\":3,\"name\":\"Slydimo plok\u0161tel\u0117 LONG LIFE Poliamidas !!! &#8211; 1873826\"}]},{\"@type\":\"WebSite\",\"@id\":\"https:\\\/\\\/eskadalys.lt\\\/#website\",\"url\":\"https:\\\/\\\/eskadalys.lt\\\/\",\"name\":\"Eska dalys\",\"description\":\"Ekskavatori\u0173 \\\/ mini ekskavatori\u0173 \\\/ buldozeri\u0173 dalys\",\"publisher\":{\"@id\":\"https:\\\/\\\/eskadalys.lt\\\/#organization\"},\"potentialAction\":[{\"@type\":\"SearchAction\",\"target\":{\"@type\":\"EntryPoint\",\"urlTemplate\":\"https:\\\/\\\/eskadalys.lt\\\/?s={search_term_string}\"},\"query-input\":{\"@type\":\"PropertyValueSpecification\",\"valueRequired\":true,\"valueName\":\"search_term_string\"}}],\"inLanguage\":\"en-GB\"},{\"@type\":\"Organization\",\"@id\":\"https:\\\/\\\/eskadalys.lt\\\/#organization\",\"name\":\"Eska dalys\",\"url\":\"https:\\\/\\\/eskadalys.lt\\\/\",\"logo\":{\"@type\":\"ImageObject\",\"inLanguage\":\"en-GB\",\"@id\":\"https:\\\/\\\/eskadalys.lt\\\/#\\\/schema\\\/logo\\\/image\\\/\",\"url\":\"https:\\\/\\\/eskadalys.lt\\\/wp-content\\\/uploads\\\/2024\\\/01\\\/LOGO-ESKA-FINAL.svg\",\"contentUrl\":\"https:\\\/\\\/eskadalys.lt\\\/wp-content\\\/uploads\\\/2024\\\/01\\\/LOGO-ESKA-FINAL.svg\",\"width\":259,\"height\":201,\"caption\":\"Eska dalys\"},\"image\":{\"@id\":\"https:\\\/\\\/eskadalys.lt\\\/#\\\/schema\\\/logo\\\/image\\\/\"},\"sameAs\":[\"https:\\\/\\\/www.facebook.com\\\/profile.php?id=61556005720456\"]}]}<\/script>\n<!-- \/ Yoast SEO plugin. -->","yoast_head_json":{"title":"Sliding plate LONG LIFE Polyamide !!! - 1873826 | Good price | Fast delivery | Eska parts","description":"Sliding plate LONG LIFE Polyamide !!! - 1873826 Dimensions: Length: 111mm, Width: 111mm, Thickness: 17mm, Bolt spacing: 55mm, Fits: CAT, Backhoe loader, 416C, 416D, 420D, 424D, 426C, 428C, 428D, 430D, 432D, 436, 436C, 438C, 438D, 442D, 446B, 446D","robots":{"index":"index","follow":"follow","max-snippet":"max-snippet:-1","max-image-preview":"max-image-preview:large","max-video-preview":"max-video-preview:-1"},"canonical":"https:\/\/eskadalys.lt\/en\/product-en\/sliding-plate-long-life-polyamide-7\/","og_locale":"en_GB","og_type":"article","og_title":"Slydimo plok\u0161tel\u0117 LONG LIFE Poliamidas !!! - 1873826 | Gera kaina | Greitas pristatymas | Eska dalys","og_description":"Slydimo plok\u0161tel\u0117 LONG LIFE Poliamidas !!! - 1873826 Matmenys: Ilgis: 111mm, Plotis: 111mm, Storis: 17mm, Tarpai tarp var\u017et\u0173: 55mm, Tinka: CAT, Ekskavatorius krautuvas, 416C, 416D, 420D, 424D, 426C, 428C, 428D, 430D, 432D, 436, 436C, 438C, 438D, 442D, 446B, 446D","og_url":"https:\/\/eskadalys.lt\/en\/product-en\/sliding-plate-long-life-polyamide-7\/","og_site_name":"Eska dalys","article_publisher":"https:\/\/www.facebook.com\/profile.php?id=61556005720456","article_modified_time":"2026-03-26T07:56:49+00:00","og_image":[{"width":1600,"height":1629,"url":"https:\/\/eskadalys.lt\/wp-content\/uploads\/2024\/02\/pad-turning-long-life-5-20240121-174231-scaled-1.jpg?v=1714918716","type":"image\/jpeg"}],"schema":{"@context":"https:\/\/schema.org","@graph":[{"@type":"WebPage","@id":"https:\/\/eskadalys.lt\/product\/slydimo-plokstele-long-life-poliamidas-7\/","url":"https:\/\/eskadalys.lt\/product\/slydimo-plokstele-long-life-poliamidas-7\/","name":"Sliding plate LONG LIFE Polyamide !!! - 1873826 | Good price | Fast delivery | Eska parts","isPartOf":{"@id":"https:\/\/eskadalys.lt\/#website"},"primaryImageOfPage":{"@id":"https:\/\/eskadalys.lt\/product\/slydimo-plokstele-long-life-poliamidas-7\/#primaryimage"},"image":{"@id":"https:\/\/eskadalys.lt\/product\/slydimo-plokstele-long-life-poliamidas-7\/#primaryimage"},"thumbnailUrl":"https:\/\/eskadalys.lt\/wp-content\/uploads\/2024\/02\/pad-turning-long-life-5-20240121-174231-scaled-1.jpg?v=1714918716","datePublished":"2024-02-11T04:22:21+00:00","dateModified":"2026-03-26T07:56:49+00:00","description":"Sliding plate LONG LIFE Polyamide !!! - 1873826 Dimensions: Length: 111mm, Width: 111mm, Thickness: 17mm, Bolt spacing: 55mm, Fits: CAT, Backhoe loader, 416C, 416D, 420D, 424D, 426C, 428C, 428D, 430D, 432D, 436, 436C, 438C, 438D, 442D, 446B, 446D","breadcrumb":{"@id":"https:\/\/eskadalys.lt\/product\/slydimo-plokstele-long-life-poliamidas-7\/#breadcrumb"},"inLanguage":"en-GB","potentialAction":[{"@type":"ReadAction","target":["https:\/\/eskadalys.lt\/product\/slydimo-plokstele-long-life-poliamidas-7\/"]}]},{"@type":"ImageObject","inLanguage":"en-GB","@id":"https:\/\/eskadalys.lt\/product\/slydimo-plokstele-long-life-poliamidas-7\/#primaryimage","url":"https:\/\/eskadalys.lt\/wp-content\/uploads\/2024\/02\/pad-turning-long-life-5-20240121-174231-scaled-1.jpg?v=1714918716","contentUrl":"https:\/\/eskadalys.lt\/wp-content\/uploads\/2024\/02\/pad-turning-long-life-5-20240121-174231-scaled-1.jpg?v=1714918716","width":1600,"height":1629},{"@type":"BreadcrumbList","@id":"https:\/\/eskadalys.lt\/product\/slydimo-plokstele-long-life-poliamidas-7\/#breadcrumb","itemListElement":[{"@type":"ListItem","position":1,"name":"Strona g\u0142\u00f3wna","item":"https:\/\/eskadalys.lt\/"},{"@type":"ListItem","position":2,"name":"E-parduotuv\u0117","item":"https:\/\/eskadalys.lt\/e-parduotuve\/"},{"@type":"ListItem","position":3,"name":"Slydimo plok\u0161tel\u0117 LONG LIFE Poliamidas !!! &#8211; 1873826"}]},{"@type":"WebSite","@id":"https:\/\/eskadalys.lt\/#website","url":"https:\/\/eskadalys.lt\/","name":"Eska parts","description":"Parts for excavators \/ mini excavators \/ bulldozers","publisher":{"@id":"https:\/\/eskadalys.lt\/#organization"},"potentialAction":[{"@type":"SearchAction","target":{"@type":"EntryPoint","urlTemplate":"https:\/\/eskadalys.lt\/?s={search_term_string}"},"query-input":{"@type":"PropertyValueSpecification","valueRequired":true,"valueName":"search_term_string"}}],"inLanguage":"en-GB"},{"@type":"Organization","@id":"https:\/\/eskadalys.lt\/#organization","name":"Eska parts","url":"https:\/\/eskadalys.lt\/","logo":{"@type":"ImageObject","inLanguage":"en-GB","@id":"https:\/\/eskadalys.lt\/#\/schema\/logo\/image\/","url":"https:\/\/eskadalys.lt\/wp-content\/uploads\/2024\/01\/LOGO-ESKA-FINAL.svg","contentUrl":"https:\/\/eskadalys.lt\/wp-content\/uploads\/2024\/01\/LOGO-ESKA-FINAL.svg","width":259,"height":201,"caption":"Eska dalys"},"image":{"@id":"https:\/\/eskadalys.lt\/#\/schema\/logo\/image\/"},"sameAs":["https:\/\/www.facebook.com\/profile.php?id=61556005720456"]}]}},"_links":{"self":[{"href":"https:\/\/eskadalys.lt\/en\/wp-json\/wp\/v2\/product\/5891","targetHints":{"allow":["GET"]}}],"collection":[{"href":"https:\/\/eskadalys.lt\/en\/wp-json\/wp\/v2\/product"}],"about":[{"href":"https:\/\/eskadalys.lt\/en\/wp-json\/wp\/v2\/types\/product"}],"wp:featuredmedia":[{"embeddable":true,"href":"https:\/\/eskadalys.lt\/en\/wp-json\/wp\/v2\/media\/104200"}],"wp:attachment":[{"href":"https:\/\/eskadalys.lt\/en\/wp-json\/wp\/v2\/media?parent=5891"}],"wp:term":[{"taxonomy":"product_brand","embeddable":true,"href":"https:\/\/eskadalys.lt\/en\/wp-json\/wp\/v2\/product_brand?post=5891"},{"taxonomy":"product_cat","embeddable":true,"href":"https:\/\/eskadalys.lt\/en\/wp-json\/wp\/v2\/product_cat?post=5891"},{"taxonomy":"product_tag","embeddable":true,"href":"https:\/\/eskadalys.lt\/en\/wp-json\/wp\/v2\/product_tag?post=5891"}],"curies":[{"name":"wp","href":"https:\/\/api.w.org\/{rel}","templated":true}]}}