{"id":428,"date":"2024-02-10T23:38:36","date_gmt":"2024-02-10T21:38:36","guid":{"rendered":"https:\/\/eskadalys.lt\/?post_type=product&#038;p=428"},"modified":"2026-04-22T16:27:35","modified_gmt":"2026-04-22T13:27:35","slug":"ignition-switch-with-lock","status":"publish","type":"product","link":"https:\/\/eskadalys.lt\/en\/product\/uzvedimo-spynele-su-uzraktu\/","title":{"rendered":"Ignition switch with lock \u2013 15082295"},"content":{"rendered":"<p><strong>Ignition switch with lock \u2013 15082295<\/strong><br \/>\n<strong>Tinka:<\/strong> VOLVO, Dump Truck, A20, A20C, A25C, A25D, A30C, A30D, A35C, A35D, A40, A40D, A40E, Motor Grader, G780B, G930B, Wheel Loader, EL70, L50, L50B, L50D, L70, L90, L150, L150C, L180, L60D<br \/>\nOE numbers: 92193, 11039220, 11006988, 15082289<br \/>\nVOE15082295<\/p>\n<h3>\ud83d\udd0d Looking for another product from category <a href=\"https:\/\/eskadalys.lt\/en\/product-category-en\/electrical-components\/ignition-locks\/\">Ignition switches<\/a> ?<\/h3>\n<h3>\ud83d\udee0\ufe0f VOLVO parts \u2013 you can find more of them <a href=\"https:\/\/eskadalys.lt\/en\/product-category-en\/electrical-components\/\">Electrical components<\/a> category.<\/h3>\n<p>If you are not sure if this part is suitable for your machine, <strong>please send us the serial number (VIN) of the machine before purchase<\/strong>. We will check compatibility using the catalogues and <strong>we will offer the right share<\/strong>. If you can't find the part you need, contact us - we'll help you find it!<\/p>\n<p><strong>\ud83d\udce6 Warehouse in Lithuania<\/strong> - Orders placed before 14:00 are dispatched the same day.<\/p>\n<p><strong>\ud83d\ude80 Fast delivery<\/strong> - We can deliver ordered items that are currently out of stock within 3-4 working days.<\/p>\n<p><strong>\ud83d\udcc8 Wide range<\/strong> - We are constantly expanding our product range.<\/p>","protected":false},"excerpt":{"rendered":"<p>15082295<\/p>","protected":false},"featured_media":92298,"template":"","meta":{"site-sidebar-layout":"default","site-content-layout":"","ast-site-content-layout":"default","site-content-style":"default","site-sidebar-style":"default","ast-global-header-display":"","ast-banner-title-visibility":"","ast-main-header-display":"","ast-hfb-above-header-display":"","ast-hfb-below-header-display":"","ast-hfb-mobile-header-display":"","site-post-title":"","ast-breadcrumbs-content":"","ast-featured-img":"","footer-sml-layout":"","ast-disable-related-posts":"","theme-transparent-header-meta":"","adv-header-id-meta":"","stick-header-meta":"","header-above-stick-meta":"","header-main-stick-meta":"","header-below-stick-meta":"","astra-migrate-meta-layouts":"default","ast-page-background-enabled":"default","ast-page-background-meta":{"desktop":{"background-color":"","background-image":"","background-repeat":"repeat","background-position":"center center","background-size":"auto","background-attachment":"scroll","background-type":"","background-media":"","overlay-type":"","overlay-color":"","overlay-opacity":"","overlay-gradient":""},"tablet":{"background-color":"","background-image":"","background-repeat":"repeat","background-position":"center center","background-size":"auto","background-attachment":"scroll","background-type":"","background-media":"","overlay-type":"","overlay-color":"","overlay-opacity":"","overlay-gradient":""},"mobile":{"background-color":"","background-image":"","background-repeat":"repeat","background-position":"center center","background-size":"auto","background-attachment":"scroll","background-type":"","background-media":"","overlay-type":"","overlay-color":"","overlay-opacity":"","overlay-gradient":""}},"ast-content-background-meta":{"desktop":{"background-color":"var(--ast-global-color-5)","background-image":"","background-repeat":"repeat","background-position":"center center","background-size":"auto","background-attachment":"scroll","background-type":"","background-media":"","overlay-type":"","overlay-color":"","overlay-opacity":"","overlay-gradient":""},"tablet":{"background-color":"var(--ast-global-color-5)","background-image":"","background-repeat":"repeat","background-position":"center center","background-size":"auto","background-attachment":"scroll","background-type":"","background-media":"","overlay-type":"","overlay-color":"","overlay-opacity":"","overlay-gradient":""},"mobile":{"background-color":"var(--ast-global-color-5)","background-image":"","background-repeat":"repeat","background-position":"center center","background-size":"auto","background-attachment":"scroll","background-type":"","background-media":"","overlay-type":"","overlay-color":"","overlay-opacity":"","overlay-gradient":""}}},"product_brand":[],"product_cat":[871],"product_tag":[],"class_list":{"0":"post-428","1":"product","2":"type-product","3":"status-publish","4":"has-post-thumbnail","6":"product_cat-uzvedimo-spyneles","7":"desktop-align-left","8":"tablet-align-left","9":"mobile-align-left","11":"first","12":"onbackorder","13":"taxable","14":"shipping-taxable","15":"purchasable","16":"product-type-simple"},"yoast_head":"<!-- This site is optimized with the Yoast SEO plugin v27.4 - https:\/\/yoast.com\/product\/yoast-seo-wordpress\/ -->\n<title>U\u017evedimo spynel\u0117 su u\u017eraktu - 15082295 | Gera kaina | Greitas pristatymas | Eska dalys<\/title>\n<meta name=\"description\" content=\"U\u017evedimo spynel\u0117 su u\u017eraktu - 15082295 Tinka: VOLVO, Savivartis, A20, A20C, A25C, A25D, A30C, A30D, A35C, A35D, A40, A40D, A40E, Motor Grader, G780B, G930B, Frontalinis krautuvas, EL70, L50, L50B, L50D, L70, L90, L150, L150C, L180, L60D OE numeriai: 92193, 11039220, 11006988, 15082289\" \/>\n<meta name=\"robots\" content=\"index, follow, max-snippet:-1, max-image-preview:large, max-video-preview:-1\" \/>\n<link rel=\"canonical\" href=\"https:\/\/eskadalys.lt\/en\/product-en\/ignition-switch-with-lock\/\" \/>\n<meta property=\"og:locale\" content=\"en_GB\" \/>\n<meta property=\"og:type\" content=\"article\" \/>\n<meta property=\"og:title\" content=\"U\u017evedimo spynel\u0117 su u\u017eraktu - 15082295 | Gera kaina | Greitas pristatymas | Eska dalys\" \/>\n<meta property=\"og:description\" content=\"U\u017evedimo spynel\u0117 su u\u017eraktu - 15082295 Tinka: VOLVO, Savivartis, A20, A20C, A25C, A25D, A30C, A30D, A35C, A35D, A40, A40D, A40E, Motor Grader, G780B, G930B, Frontalinis krautuvas, EL70, L50, L50B, L50D, L70, L90, L150, L150C, L180, L60D OE numeriai: 92193, 11039220, 11006988, 15082289\" \/>\n<meta property=\"og:url\" content=\"https:\/\/eskadalys.lt\/en\/product-en\/ignition-switch-with-lock\/\" \/>\n<meta property=\"og:site_name\" content=\"Eska dalys\" \/>\n<meta property=\"article:publisher\" content=\"https:\/\/www.facebook.com\/profile.php?id=61556005720456\" \/>\n<meta property=\"article:modified_time\" content=\"2026-04-22T13:27:35+00:00\" \/>\n<meta property=\"og:image\" content=\"https:\/\/eskadalys.lt\/wp-content\/uploads\/2024\/02\/starter-switch-20240121-111942-scaled-1.jpg?v=1714954125\" \/>\n\t<meta property=\"og:image:width\" content=\"1600\" \/>\n\t<meta property=\"og:image:height\" content=\"1070\" \/>\n\t<meta property=\"og:image:type\" content=\"image\/jpeg\" \/>\n<script type=\"application\/ld+json\" class=\"yoast-schema-graph\">{\"@context\":\"https:\\\/\\\/schema.org\",\"@graph\":[{\"@type\":\"WebPage\",\"@id\":\"https:\\\/\\\/eskadalys.lt\\\/product\\\/uzvedimo-spynele-su-uzraktu\\\/\",\"url\":\"https:\\\/\\\/eskadalys.lt\\\/product\\\/uzvedimo-spynele-su-uzraktu\\\/\",\"name\":\"U\u017evedimo spynel\u0117 su u\u017eraktu - 15082295 | Gera kaina | Greitas pristatymas | Eska dalys\",\"isPartOf\":{\"@id\":\"https:\\\/\\\/eskadalys.lt\\\/#website\"},\"primaryImageOfPage\":{\"@id\":\"https:\\\/\\\/eskadalys.lt\\\/product\\\/uzvedimo-spynele-su-uzraktu\\\/#primaryimage\"},\"image\":{\"@id\":\"https:\\\/\\\/eskadalys.lt\\\/product\\\/uzvedimo-spynele-su-uzraktu\\\/#primaryimage\"},\"thumbnailUrl\":\"https:\\\/\\\/eskadalys.lt\\\/wp-content\\\/uploads\\\/2024\\\/02\\\/starter-switch-20240121-111942-scaled-1.jpg?v=1714954125\",\"datePublished\":\"2024-02-10T21:38:36+00:00\",\"dateModified\":\"2026-04-22T13:27:35+00:00\",\"description\":\"U\u017evedimo spynel\u0117 su u\u017eraktu - 15082295 Tinka: VOLVO, Savivartis, A20, A20C, A25C, A25D, A30C, A30D, A35C, A35D, A40, A40D, A40E, Motor Grader, G780B, G930B, Frontalinis krautuvas, EL70, L50, L50B, L50D, L70, L90, L150, L150C, L180, L60D OE numeriai: 92193, 11039220, 11006988, 15082289\",\"breadcrumb\":{\"@id\":\"https:\\\/\\\/eskadalys.lt\\\/product\\\/uzvedimo-spynele-su-uzraktu\\\/#breadcrumb\"},\"inLanguage\":\"en-GB\",\"potentialAction\":[{\"@type\":\"ReadAction\",\"target\":[\"https:\\\/\\\/eskadalys.lt\\\/product\\\/uzvedimo-spynele-su-uzraktu\\\/\"]}]},{\"@type\":\"ImageObject\",\"inLanguage\":\"en-GB\",\"@id\":\"https:\\\/\\\/eskadalys.lt\\\/product\\\/uzvedimo-spynele-su-uzraktu\\\/#primaryimage\",\"url\":\"https:\\\/\\\/eskadalys.lt\\\/wp-content\\\/uploads\\\/2024\\\/02\\\/starter-switch-20240121-111942-scaled-1.jpg?v=1714954125\",\"contentUrl\":\"https:\\\/\\\/eskadalys.lt\\\/wp-content\\\/uploads\\\/2024\\\/02\\\/starter-switch-20240121-111942-scaled-1.jpg?v=1714954125\",\"width\":1600,\"height\":1070},{\"@type\":\"BreadcrumbList\",\"@id\":\"https:\\\/\\\/eskadalys.lt\\\/product\\\/uzvedimo-spynele-su-uzraktu\\\/#breadcrumb\",\"itemListElement\":[{\"@type\":\"ListItem\",\"position\":1,\"name\":\"Strona g\u0142\u00f3wna\",\"item\":\"https:\\\/\\\/eskadalys.lt\\\/\"},{\"@type\":\"ListItem\",\"position\":2,\"name\":\"E-parduotuv\u0117\",\"item\":\"https:\\\/\\\/eskadalys.lt\\\/e-parduotuve\\\/\"},{\"@type\":\"ListItem\",\"position\":3,\"name\":\"U\u017evedimo spynel\u0117 su u\u017eraktu &#8211; 15082295\"}]},{\"@type\":\"WebSite\",\"@id\":\"https:\\\/\\\/eskadalys.lt\\\/#website\",\"url\":\"https:\\\/\\\/eskadalys.lt\\\/\",\"name\":\"Eska dalys\",\"description\":\"Ekskavatori\u0173 \\\/ mini ekskavatori\u0173 \\\/ buldozeri\u0173 dalys\",\"publisher\":{\"@id\":\"https:\\\/\\\/eskadalys.lt\\\/#organization\"},\"potentialAction\":[{\"@type\":\"SearchAction\",\"target\":{\"@type\":\"EntryPoint\",\"urlTemplate\":\"https:\\\/\\\/eskadalys.lt\\\/?s={search_term_string}\"},\"query-input\":{\"@type\":\"PropertyValueSpecification\",\"valueRequired\":true,\"valueName\":\"search_term_string\"}}],\"inLanguage\":\"en-GB\"},{\"@type\":\"Organization\",\"@id\":\"https:\\\/\\\/eskadalys.lt\\\/#organization\",\"name\":\"Eska dalys\",\"url\":\"https:\\\/\\\/eskadalys.lt\\\/\",\"logo\":{\"@type\":\"ImageObject\",\"inLanguage\":\"en-GB\",\"@id\":\"https:\\\/\\\/eskadalys.lt\\\/#\\\/schema\\\/logo\\\/image\\\/\",\"url\":\"https:\\\/\\\/eskadalys.lt\\\/wp-content\\\/uploads\\\/2024\\\/01\\\/LOGO-ESKA-FINAL.svg\",\"contentUrl\":\"https:\\\/\\\/eskadalys.lt\\\/wp-content\\\/uploads\\\/2024\\\/01\\\/LOGO-ESKA-FINAL.svg\",\"width\":259,\"height\":201,\"caption\":\"Eska dalys\"},\"image\":{\"@id\":\"https:\\\/\\\/eskadalys.lt\\\/#\\\/schema\\\/logo\\\/image\\\/\"},\"sameAs\":[\"https:\\\/\\\/www.facebook.com\\\/profile.php?id=61556005720456\"]}]}<\/script>\n<!-- \/ Yoast SEO plugin. -->","yoast_head_json":{"title":"Ignition switch with lock - 15082295 | Good price | Fast delivery | Eska parts","description":"Ignition switch with lock - 15082295 Fits: VOLVO, Dump truck, A20, A20C, A25C, A25D, A30C, A30D, A35C, A35D, A40, A40D, A40E, Motor Grader, G780B, G930B, Wheel loader, EL70, L50, L50B, L50D, L70, L90, L150, L150C, L180, L60D OE numbers: 92193, 11039220, 11006988, 15082289","robots":{"index":"index","follow":"follow","max-snippet":"max-snippet:-1","max-image-preview":"max-image-preview:large","max-video-preview":"max-video-preview:-1"},"canonical":"https:\/\/eskadalys.lt\/en\/product-en\/ignition-switch-with-lock\/","og_locale":"en_GB","og_type":"article","og_title":"U\u017evedimo spynel\u0117 su u\u017eraktu - 15082295 | Gera kaina | Greitas pristatymas | Eska dalys","og_description":"U\u017evedimo spynel\u0117 su u\u017eraktu - 15082295 Tinka: VOLVO, Savivartis, A20, A20C, A25C, A25D, A30C, A30D, A35C, A35D, A40, A40D, A40E, Motor Grader, G780B, G930B, Frontalinis krautuvas, EL70, L50, L50B, L50D, L70, L90, L150, L150C, L180, L60D OE numeriai: 92193, 11039220, 11006988, 15082289","og_url":"https:\/\/eskadalys.lt\/en\/product-en\/ignition-switch-with-lock\/","og_site_name":"Eska dalys","article_publisher":"https:\/\/www.facebook.com\/profile.php?id=61556005720456","article_modified_time":"2026-04-22T13:27:35+00:00","og_image":[{"width":1600,"height":1070,"url":"https:\/\/eskadalys.lt\/wp-content\/uploads\/2024\/02\/starter-switch-20240121-111942-scaled-1.jpg?v=1714954125","type":"image\/jpeg"}],"schema":{"@context":"https:\/\/schema.org","@graph":[{"@type":"WebPage","@id":"https:\/\/eskadalys.lt\/product\/uzvedimo-spynele-su-uzraktu\/","url":"https:\/\/eskadalys.lt\/product\/uzvedimo-spynele-su-uzraktu\/","name":"Ignition switch with lock - 15082295 | Good price | Fast delivery | Eska parts","isPartOf":{"@id":"https:\/\/eskadalys.lt\/#website"},"primaryImageOfPage":{"@id":"https:\/\/eskadalys.lt\/product\/uzvedimo-spynele-su-uzraktu\/#primaryimage"},"image":{"@id":"https:\/\/eskadalys.lt\/product\/uzvedimo-spynele-su-uzraktu\/#primaryimage"},"thumbnailUrl":"https:\/\/eskadalys.lt\/wp-content\/uploads\/2024\/02\/starter-switch-20240121-111942-scaled-1.jpg?v=1714954125","datePublished":"2024-02-10T21:38:36+00:00","dateModified":"2026-04-22T13:27:35+00:00","description":"Ignition switch with lock - 15082295 Fits: VOLVO, Dump truck, A20, A20C, A25C, A25D, A30C, A30D, A35C, A35D, A40, A40D, A40E, Motor Grader, G780B, G930B, Wheel loader, EL70, L50, L50B, L50D, L70, L90, L150, L150C, L180, L60D OE numbers: 92193, 11039220, 11006988, 15082289","breadcrumb":{"@id":"https:\/\/eskadalys.lt\/product\/uzvedimo-spynele-su-uzraktu\/#breadcrumb"},"inLanguage":"en-GB","potentialAction":[{"@type":"ReadAction","target":["https:\/\/eskadalys.lt\/product\/uzvedimo-spynele-su-uzraktu\/"]}]},{"@type":"ImageObject","inLanguage":"en-GB","@id":"https:\/\/eskadalys.lt\/product\/uzvedimo-spynele-su-uzraktu\/#primaryimage","url":"https:\/\/eskadalys.lt\/wp-content\/uploads\/2024\/02\/starter-switch-20240121-111942-scaled-1.jpg?v=1714954125","contentUrl":"https:\/\/eskadalys.lt\/wp-content\/uploads\/2024\/02\/starter-switch-20240121-111942-scaled-1.jpg?v=1714954125","width":1600,"height":1070},{"@type":"BreadcrumbList","@id":"https:\/\/eskadalys.lt\/product\/uzvedimo-spynele-su-uzraktu\/#breadcrumb","itemListElement":[{"@type":"ListItem","position":1,"name":"Strona g\u0142\u00f3wna","item":"https:\/\/eskadalys.lt\/"},{"@type":"ListItem","position":2,"name":"E-parduotuv\u0117","item":"https:\/\/eskadalys.lt\/e-parduotuve\/"},{"@type":"ListItem","position":3,"name":"U\u017evedimo spynel\u0117 su u\u017eraktu &#8211; 15082295"}]},{"@type":"WebSite","@id":"https:\/\/eskadalys.lt\/#website","url":"https:\/\/eskadalys.lt\/","name":"Eska parts","description":"Parts for excavators \/ mini excavators \/ bulldozers","publisher":{"@id":"https:\/\/eskadalys.lt\/#organization"},"potentialAction":[{"@type":"SearchAction","target":{"@type":"EntryPoint","urlTemplate":"https:\/\/eskadalys.lt\/?s={search_term_string}"},"query-input":{"@type":"PropertyValueSpecification","valueRequired":true,"valueName":"search_term_string"}}],"inLanguage":"en-GB"},{"@type":"Organization","@id":"https:\/\/eskadalys.lt\/#organization","name":"Eska parts","url":"https:\/\/eskadalys.lt\/","logo":{"@type":"ImageObject","inLanguage":"en-GB","@id":"https:\/\/eskadalys.lt\/#\/schema\/logo\/image\/","url":"https:\/\/eskadalys.lt\/wp-content\/uploads\/2024\/01\/LOGO-ESKA-FINAL.svg","contentUrl":"https:\/\/eskadalys.lt\/wp-content\/uploads\/2024\/01\/LOGO-ESKA-FINAL.svg","width":259,"height":201,"caption":"Eska dalys"},"image":{"@id":"https:\/\/eskadalys.lt\/#\/schema\/logo\/image\/"},"sameAs":["https:\/\/www.facebook.com\/profile.php?id=61556005720456"]}]}},"_links":{"self":[{"href":"https:\/\/eskadalys.lt\/en\/wp-json\/wp\/v2\/product\/428","targetHints":{"allow":["GET"]}}],"collection":[{"href":"https:\/\/eskadalys.lt\/en\/wp-json\/wp\/v2\/product"}],"about":[{"href":"https:\/\/eskadalys.lt\/en\/wp-json\/wp\/v2\/types\/product"}],"wp:featuredmedia":[{"embeddable":true,"href":"https:\/\/eskadalys.lt\/en\/wp-json\/wp\/v2\/media\/92298"}],"wp:attachment":[{"href":"https:\/\/eskadalys.lt\/en\/wp-json\/wp\/v2\/media?parent=428"}],"wp:term":[{"taxonomy":"product_brand","embeddable":true,"href":"https:\/\/eskadalys.lt\/en\/wp-json\/wp\/v2\/product_brand?post=428"},{"taxonomy":"product_cat","embeddable":true,"href":"https:\/\/eskadalys.lt\/en\/wp-json\/wp\/v2\/product_cat?post=428"},{"taxonomy":"product_tag","embeddable":true,"href":"https:\/\/eskadalys.lt\/en\/wp-json\/wp\/v2\/product_tag?post=428"}],"curies":[{"name":"wp","href":"https:\/\/api.w.org\/{rel}","templated":true}]}}