{"id":3882,"date":"2024-02-11T03:59:49","date_gmt":"2024-02-11T01:59:49","guid":{"rendered":"https:\/\/eskadalys.lt\/?post_type=product&#038;p=3882"},"modified":"2026-05-10T06:47:42","modified_gmt":"2026-05-10T03:47:42","slug":"flash-relay-2","status":"publish","type":"product","link":"https:\/\/eskadalys.lt\/en\/product\/blykstes-rele-2\/","title":{"rendered":"Flash relay \u2013 7T4848"},"content":{"rendered":"<p><strong>Flash relay \u2013 7T4848<\/strong><br \/>\n<strong>Tinka:<\/strong> CAT, Backhoe loader, 414E, 416B, 416C, 416D, 416E, 420D, 420E, 422E, 424D, 426B, 426C, 428, 428B, 428C, 428D, 428E, 430D, 430E, 432D, 432E, 434E, 436, 436C, 438C, 438D, 442D, 442E, 444E, 446<\/p>\n<p>7T-4848<\/p>\n<h3>\ud83d\udd0d Looking for another product from category <a href=\"https:\/\/eskadalys.lt\/en\/product-category-en\/electrical-components\/relays\/\">Relays<\/a> ?<\/h3>\n<h3>\ud83d\udee0\ufe0f Caterpillar parts - you can find more of them <a href=\"https:\/\/eskadalys.lt\/en\/product-category-en\/electrical-components\/\">Electrical components<\/a> category.<\/h3>\n<p>If you are not sure if this part is suitable for your machine, <strong>please send us the serial number (VIN) of the machine before purchase<\/strong>. We will check compatibility using the catalogues and <strong>we will offer the right share<\/strong>. If you can't find the part you need, contact us - we'll help you find it!<\/p>\n<p><strong>\ud83d\udce6 Warehouse in Lithuania<\/strong> - Orders placed before 14:00 are dispatched the same day.<\/p>\n<p><strong>\ud83d\ude80 Fast delivery<\/strong> - We can deliver ordered items that are currently out of stock within 3-4 working days.<\/p>\n<p><strong>\ud83d\udcc8 Wide range<\/strong> - We are constantly expanding our product range.<\/p>","protected":false},"excerpt":{"rendered":"<p>7T4848 G<\/p>","protected":false},"featured_media":100025,"template":"","meta":{"site-sidebar-layout":"default","site-content-layout":"","ast-site-content-layout":"default","site-content-style":"default","site-sidebar-style":"default","ast-global-header-display":"","ast-banner-title-visibility":"","ast-main-header-display":"","ast-hfb-above-header-display":"","ast-hfb-below-header-display":"","ast-hfb-mobile-header-display":"","site-post-title":"","ast-breadcrumbs-content":"","ast-featured-img":"","footer-sml-layout":"","ast-disable-related-posts":"","theme-transparent-header-meta":"","adv-header-id-meta":"","stick-header-meta":"","header-above-stick-meta":"","header-main-stick-meta":"","header-below-stick-meta":"","astra-migrate-meta-layouts":"default","ast-page-background-enabled":"default","ast-page-background-meta":{"desktop":{"background-color":"","background-image":"","background-repeat":"repeat","background-position":"center center","background-size":"auto","background-attachment":"scroll","background-type":"","background-media":"","overlay-type":"","overlay-color":"","overlay-opacity":"","overlay-gradient":""},"tablet":{"background-color":"","background-image":"","background-repeat":"repeat","background-position":"center center","background-size":"auto","background-attachment":"scroll","background-type":"","background-media":"","overlay-type":"","overlay-color":"","overlay-opacity":"","overlay-gradient":""},"mobile":{"background-color":"","background-image":"","background-repeat":"repeat","background-position":"center center","background-size":"auto","background-attachment":"scroll","background-type":"","background-media":"","overlay-type":"","overlay-color":"","overlay-opacity":"","overlay-gradient":""}},"ast-content-background-meta":{"desktop":{"background-color":"var(--ast-global-color-5)","background-image":"","background-repeat":"repeat","background-position":"center center","background-size":"auto","background-attachment":"scroll","background-type":"","background-media":"","overlay-type":"","overlay-color":"","overlay-opacity":"","overlay-gradient":""},"tablet":{"background-color":"var(--ast-global-color-5)","background-image":"","background-repeat":"repeat","background-position":"center center","background-size":"auto","background-attachment":"scroll","background-type":"","background-media":"","overlay-type":"","overlay-color":"","overlay-opacity":"","overlay-gradient":""},"mobile":{"background-color":"var(--ast-global-color-5)","background-image":"","background-repeat":"repeat","background-position":"center center","background-size":"auto","background-attachment":"scroll","background-type":"","background-media":"","overlay-type":"","overlay-color":"","overlay-opacity":"","overlay-gradient":""}}},"product_brand":[],"product_cat":[855],"product_tag":[45576],"class_list":{"0":"post-3882","1":"product","2":"type-product","3":"status-publish","4":"has-post-thumbnail","6":"product_cat-reles","7":"product_tag-cat-ekskavatorius-krautuvas-414e-416b-416c-416d-416e-420d-420e-422e-424d-426b-426c-428-428b-428c-428d-428e-430d-430e-432d-432e-434e-436-436c-438c-438d-442d-442e-444e-446","8":"desktop-align-left","9":"tablet-align-left","10":"mobile-align-left","12":"first","13":"outofstock","14":"taxable","15":"shipping-taxable","16":"purchasable","17":"product-type-simple"},"yoast_head":"<!-- This site is optimized with the Yoast SEO plugin v27.6 - https:\/\/yoast.com\/product\/yoast-seo-wordpress\/ -->\n<title>Blykst\u0117s rel\u0117 - 7T4848 | Gera kaina | Greitas pristatymas | Eska dalys<\/title>\n<meta name=\"description\" content=\"Blykst\u0117s rel\u0117 - 7T4848 G Tinka: CAT, Ekskavatorius krautuvas, 414E, 416B, 416C, 416D, 416E, 420D, 420E, 422E, 424D, 426B, 426C, 428, 428B, 428C, 428D, 428E, 430D, 430E, 432D, 432E, 434E, 436, 436C, 438C, 438D, 442D, 442E, 444E, 446\" \/>\n<meta name=\"robots\" content=\"index, follow, max-snippet:-1, max-image-preview:large, max-video-preview:-1\" \/>\n<link rel=\"canonical\" href=\"https:\/\/eskadalys.lt\/en\/product-en\/flash-relay-2\/\" \/>\n<meta property=\"og:locale\" content=\"en_GB\" \/>\n<meta property=\"og:type\" content=\"article\" \/>\n<meta property=\"og:title\" content=\"Blykst\u0117s rel\u0117 - 7T4848 | Gera kaina | Greitas pristatymas | Eska dalys\" \/>\n<meta property=\"og:description\" content=\"Blykst\u0117s rel\u0117 - 7T4848 G Tinka: CAT, Ekskavatorius krautuvas, 414E, 416B, 416C, 416D, 416E, 420D, 420E, 422E, 424D, 426B, 426C, 428, 428B, 428C, 428D, 428E, 430D, 430E, 432D, 432E, 434E, 436, 436C, 438C, 438D, 442D, 442E, 444E, 446\" \/>\n<meta property=\"og:url\" content=\"https:\/\/eskadalys.lt\/en\/product-en\/flash-relay-2\/\" \/>\n<meta property=\"og:site_name\" content=\"Eska dalys\" \/>\n<meta property=\"article:publisher\" content=\"https:\/\/www.facebook.com\/profile.php?id=61556005720456\" \/>\n<meta property=\"article:modified_time\" content=\"2026-05-10T03:47:42+00:00\" \/>\n<meta property=\"og:image\" content=\"https:\/\/eskadalys.lt\/wp-content\/uploads\/2024\/02\/flasher-20240121-152157-scaled-1.jpg?v=1714931597\" \/>\n\t<meta property=\"og:image:width\" content=\"1600\" \/>\n\t<meta property=\"og:image:height\" content=\"1431\" \/>\n\t<meta property=\"og:image:type\" content=\"image\/jpeg\" \/>\n<script type=\"application\/ld+json\" class=\"yoast-schema-graph\">{\"@context\":\"https:\\\/\\\/schema.org\",\"@graph\":[{\"@type\":\"WebPage\",\"@id\":\"https:\\\/\\\/eskadalys.lt\\\/product\\\/blykstes-rele-2\\\/\",\"url\":\"https:\\\/\\\/eskadalys.lt\\\/product\\\/blykstes-rele-2\\\/\",\"name\":\"Blykst\u0117s rel\u0117 - 7T4848 | Gera kaina | Greitas pristatymas | Eska dalys\",\"isPartOf\":{\"@id\":\"https:\\\/\\\/eskadalys.lt\\\/#website\"},\"primaryImageOfPage\":{\"@id\":\"https:\\\/\\\/eskadalys.lt\\\/product\\\/blykstes-rele-2\\\/#primaryimage\"},\"image\":{\"@id\":\"https:\\\/\\\/eskadalys.lt\\\/product\\\/blykstes-rele-2\\\/#primaryimage\"},\"thumbnailUrl\":\"https:\\\/\\\/eskadalys.lt\\\/wp-content\\\/uploads\\\/2024\\\/02\\\/flasher-20240121-152157-scaled-1.jpg?v=1714931597\",\"datePublished\":\"2024-02-11T01:59:49+00:00\",\"dateModified\":\"2026-05-10T03:47:42+00:00\",\"description\":\"Blykst\u0117s rel\u0117 - 7T4848 G Tinka: CAT, Ekskavatorius krautuvas, 414E, 416B, 416C, 416D, 416E, 420D, 420E, 422E, 424D, 426B, 426C, 428, 428B, 428C, 428D, 428E, 430D, 430E, 432D, 432E, 434E, 436, 436C, 438C, 438D, 442D, 442E, 444E, 446\",\"breadcrumb\":{\"@id\":\"https:\\\/\\\/eskadalys.lt\\\/product\\\/blykstes-rele-2\\\/#breadcrumb\"},\"inLanguage\":\"en-GB\",\"potentialAction\":[{\"@type\":\"ReadAction\",\"target\":[\"https:\\\/\\\/eskadalys.lt\\\/product\\\/blykstes-rele-2\\\/\"]}]},{\"@type\":\"ImageObject\",\"inLanguage\":\"en-GB\",\"@id\":\"https:\\\/\\\/eskadalys.lt\\\/product\\\/blykstes-rele-2\\\/#primaryimage\",\"url\":\"https:\\\/\\\/eskadalys.lt\\\/wp-content\\\/uploads\\\/2024\\\/02\\\/flasher-20240121-152157-scaled-1.jpg?v=1714931597\",\"contentUrl\":\"https:\\\/\\\/eskadalys.lt\\\/wp-content\\\/uploads\\\/2024\\\/02\\\/flasher-20240121-152157-scaled-1.jpg?v=1714931597\",\"width\":1600,\"height\":1431},{\"@type\":\"BreadcrumbList\",\"@id\":\"https:\\\/\\\/eskadalys.lt\\\/product\\\/blykstes-rele-2\\\/#breadcrumb\",\"itemListElement\":[{\"@type\":\"ListItem\",\"position\":1,\"name\":\"Strona g\u0142\u00f3wna\",\"item\":\"https:\\\/\\\/eskadalys.lt\\\/\"},{\"@type\":\"ListItem\",\"position\":2,\"name\":\"E-parduotuv\u0117\",\"item\":\"https:\\\/\\\/eskadalys.lt\\\/e-parduotuve\\\/\"},{\"@type\":\"ListItem\",\"position\":3,\"name\":\"Blykst\u0117s rel\u0117 &#8211; 7T4848\"}]},{\"@type\":\"WebSite\",\"@id\":\"https:\\\/\\\/eskadalys.lt\\\/#website\",\"url\":\"https:\\\/\\\/eskadalys.lt\\\/\",\"name\":\"Eska dalys\",\"description\":\"Ekskavatori\u0173 \\\/ mini ekskavatori\u0173 \\\/ buldozeri\u0173 dalys\",\"publisher\":{\"@id\":\"https:\\\/\\\/eskadalys.lt\\\/#organization\"},\"potentialAction\":[{\"@type\":\"SearchAction\",\"target\":{\"@type\":\"EntryPoint\",\"urlTemplate\":\"https:\\\/\\\/eskadalys.lt\\\/?s={search_term_string}\"},\"query-input\":{\"@type\":\"PropertyValueSpecification\",\"valueRequired\":true,\"valueName\":\"search_term_string\"}}],\"inLanguage\":\"en-GB\"},{\"@type\":\"Organization\",\"@id\":\"https:\\\/\\\/eskadalys.lt\\\/#organization\",\"name\":\"Eska dalys\",\"url\":\"https:\\\/\\\/eskadalys.lt\\\/\",\"logo\":{\"@type\":\"ImageObject\",\"inLanguage\":\"en-GB\",\"@id\":\"https:\\\/\\\/eskadalys.lt\\\/#\\\/schema\\\/logo\\\/image\\\/\",\"url\":\"https:\\\/\\\/eskadalys.lt\\\/wp-content\\\/uploads\\\/2024\\\/01\\\/LOGO-ESKA-FINAL.svg\",\"contentUrl\":\"https:\\\/\\\/eskadalys.lt\\\/wp-content\\\/uploads\\\/2024\\\/01\\\/LOGO-ESKA-FINAL.svg\",\"width\":259,\"height\":201,\"caption\":\"Eska dalys\"},\"image\":{\"@id\":\"https:\\\/\\\/eskadalys.lt\\\/#\\\/schema\\\/logo\\\/image\\\/\"},\"sameAs\":[\"https:\\\/\\\/www.facebook.com\\\/profile.php?id=61556005720456\"]}]}<\/script>\n<!-- \/ Yoast SEO plugin. -->","yoast_head_json":{"title":"Flash Relay - 7T4848 | Good Price | Fast Delivery | Eska Parts","description":"Flasher Relay - 7T4848 G Fits: CAT, Backhoe Loader, 414E, 416B, 416C, 416D, 416E, 420D, 420E, 422E, 424D, 426B, 426C, 428, 428B, 428C, 428D, 428E, 430D, 430E, 432D, 432E, 434E, 436, 436C, 438C, 438D, 442D, 442E, 444E, 446","robots":{"index":"index","follow":"follow","max-snippet":"max-snippet:-1","max-image-preview":"max-image-preview:large","max-video-preview":"max-video-preview:-1"},"canonical":"https:\/\/eskadalys.lt\/en\/product-en\/flash-relay-2\/","og_locale":"en_GB","og_type":"article","og_title":"Blykst\u0117s rel\u0117 - 7T4848 | Gera kaina | Greitas pristatymas | Eska dalys","og_description":"Blykst\u0117s rel\u0117 - 7T4848 G Tinka: CAT, Ekskavatorius krautuvas, 414E, 416B, 416C, 416D, 416E, 420D, 420E, 422E, 424D, 426B, 426C, 428, 428B, 428C, 428D, 428E, 430D, 430E, 432D, 432E, 434E, 436, 436C, 438C, 438D, 442D, 442E, 444E, 446","og_url":"https:\/\/eskadalys.lt\/en\/product-en\/flash-relay-2\/","og_site_name":"Eska dalys","article_publisher":"https:\/\/www.facebook.com\/profile.php?id=61556005720456","article_modified_time":"2026-05-10T03:47:42+00:00","og_image":[{"width":1600,"height":1431,"url":"https:\/\/eskadalys.lt\/wp-content\/uploads\/2024\/02\/flasher-20240121-152157-scaled-1.jpg?v=1714931597","type":"image\/jpeg"}],"schema":{"@context":"https:\/\/schema.org","@graph":[{"@type":"WebPage","@id":"https:\/\/eskadalys.lt\/product\/blykstes-rele-2\/","url":"https:\/\/eskadalys.lt\/product\/blykstes-rele-2\/","name":"Flash Relay - 7T4848 | Good Price | Fast Delivery | Eska Parts","isPartOf":{"@id":"https:\/\/eskadalys.lt\/#website"},"primaryImageOfPage":{"@id":"https:\/\/eskadalys.lt\/product\/blykstes-rele-2\/#primaryimage"},"image":{"@id":"https:\/\/eskadalys.lt\/product\/blykstes-rele-2\/#primaryimage"},"thumbnailUrl":"https:\/\/eskadalys.lt\/wp-content\/uploads\/2024\/02\/flasher-20240121-152157-scaled-1.jpg?v=1714931597","datePublished":"2024-02-11T01:59:49+00:00","dateModified":"2026-05-10T03:47:42+00:00","description":"Flasher Relay - 7T4848 G Fits: CAT, Backhoe Loader, 414E, 416B, 416C, 416D, 416E, 420D, 420E, 422E, 424D, 426B, 426C, 428, 428B, 428C, 428D, 428E, 430D, 430E, 432D, 432E, 434E, 436, 436C, 438C, 438D, 442D, 442E, 444E, 446","breadcrumb":{"@id":"https:\/\/eskadalys.lt\/product\/blykstes-rele-2\/#breadcrumb"},"inLanguage":"en-GB","potentialAction":[{"@type":"ReadAction","target":["https:\/\/eskadalys.lt\/product\/blykstes-rele-2\/"]}]},{"@type":"ImageObject","inLanguage":"en-GB","@id":"https:\/\/eskadalys.lt\/product\/blykstes-rele-2\/#primaryimage","url":"https:\/\/eskadalys.lt\/wp-content\/uploads\/2024\/02\/flasher-20240121-152157-scaled-1.jpg?v=1714931597","contentUrl":"https:\/\/eskadalys.lt\/wp-content\/uploads\/2024\/02\/flasher-20240121-152157-scaled-1.jpg?v=1714931597","width":1600,"height":1431},{"@type":"BreadcrumbList","@id":"https:\/\/eskadalys.lt\/product\/blykstes-rele-2\/#breadcrumb","itemListElement":[{"@type":"ListItem","position":1,"name":"Strona g\u0142\u00f3wna","item":"https:\/\/eskadalys.lt\/"},{"@type":"ListItem","position":2,"name":"E-parduotuv\u0117","item":"https:\/\/eskadalys.lt\/e-parduotuve\/"},{"@type":"ListItem","position":3,"name":"Blykst\u0117s rel\u0117 &#8211; 7T4848"}]},{"@type":"WebSite","@id":"https:\/\/eskadalys.lt\/#website","url":"https:\/\/eskadalys.lt\/","name":"Eska parts","description":"Parts for excavators \/ mini excavators \/ bulldozers","publisher":{"@id":"https:\/\/eskadalys.lt\/#organization"},"potentialAction":[{"@type":"SearchAction","target":{"@type":"EntryPoint","urlTemplate":"https:\/\/eskadalys.lt\/?s={search_term_string}"},"query-input":{"@type":"PropertyValueSpecification","valueRequired":true,"valueName":"search_term_string"}}],"inLanguage":"en-GB"},{"@type":"Organization","@id":"https:\/\/eskadalys.lt\/#organization","name":"Eska parts","url":"https:\/\/eskadalys.lt\/","logo":{"@type":"ImageObject","inLanguage":"en-GB","@id":"https:\/\/eskadalys.lt\/#\/schema\/logo\/image\/","url":"https:\/\/eskadalys.lt\/wp-content\/uploads\/2024\/01\/LOGO-ESKA-FINAL.svg","contentUrl":"https:\/\/eskadalys.lt\/wp-content\/uploads\/2024\/01\/LOGO-ESKA-FINAL.svg","width":259,"height":201,"caption":"Eska dalys"},"image":{"@id":"https:\/\/eskadalys.lt\/#\/schema\/logo\/image\/"},"sameAs":["https:\/\/www.facebook.com\/profile.php?id=61556005720456"]}]}},"_links":{"self":[{"href":"https:\/\/eskadalys.lt\/en\/wp-json\/wp\/v2\/product\/3882","targetHints":{"allow":["GET"]}}],"collection":[{"href":"https:\/\/eskadalys.lt\/en\/wp-json\/wp\/v2\/product"}],"about":[{"href":"https:\/\/eskadalys.lt\/en\/wp-json\/wp\/v2\/types\/product"}],"wp:featuredmedia":[{"embeddable":true,"href":"https:\/\/eskadalys.lt\/en\/wp-json\/wp\/v2\/media\/100025"}],"wp:attachment":[{"href":"https:\/\/eskadalys.lt\/en\/wp-json\/wp\/v2\/media?parent=3882"}],"wp:term":[{"taxonomy":"product_brand","embeddable":true,"href":"https:\/\/eskadalys.lt\/en\/wp-json\/wp\/v2\/product_brand?post=3882"},{"taxonomy":"product_cat","embeddable":true,"href":"https:\/\/eskadalys.lt\/en\/wp-json\/wp\/v2\/product_cat?post=3882"},{"taxonomy":"product_tag","embeddable":true,"href":"https:\/\/eskadalys.lt\/en\/wp-json\/wp\/v2\/product_tag?post=3882"}],"curies":[{"name":"wp","href":"https:\/\/api.w.org\/{rel}","templated":true}]}}